{"id":5591,"date":"2022-02-22T02:21:39","date_gmt":"2022-02-22T02:21:39","guid":{"rendered":"https:\/\/medicinasinc.com\/pt\/?post_type=product&#038;p=5591"},"modified":"2022-07-05T23:04:17","modified_gmt":"2022-07-05T23:04:17","slug":"comprar-mexedrona-cristal","status":"publish","type":"product","link":"https:\/\/medicinasinc.com\/pt\/product\/comprar-mexedrona-cristal\/","title":{"rendered":"Compre Cristal de Mexedrona"},"content":{"rendered":"<p>Compre Mexedrone MXE Crystal na Internet.<\/p>\n<p>Existe um produto qu\u00edmico chamado Mexedrone que \u00e9 considerado um estimulante e um poss\u00edvel euforizante. \u00c9 chamado 3-metoxi-2-(metilamino)-1-(p-tolil)propan-1-ona. Mexedrone \u00e9 um novo tipo de mmc.<\/p>\n<p>Cas No: A f\u00f3rmula \u00e9 C12H17NO2. IUPAC \u00e9: 3-metoxi-2-(metilamino)-1-(p-tolil) propan-1-ona<\/p>\n<div class=\"ProductDescriptionContainer\">\n<p>&nbsp;<\/p>\n<\/p><\/div>\n","protected":false},"excerpt":{"rendered":"<p>Voc\u00ea pode comprar o Mexedrone Crystal online no Reino Unido e na Europa. Mexedrone MXE Power, \u00e0s vezes conhecido como MEX ou 4-MMC-Ome, \u00e9 um acr\u00f4nimo para Mexedrone MXE. Fa\u00e7a seu pedido na Best Global Meds imediatamente!<\/p>\n<p>Compre o Mexedrone Crystal online com Bitcoin &#8211; \u00e9 seguro e protegido.<\/p>\n<p>Voc\u00ea pode comprar produtos farmac\u00eauticos legais on-line, bem como compostos de pesquisa, cristais farmac\u00eauticos brutos e muito mais.<\/p>\n<p>Onde comprar o Mexedrone MXE Crystal? Cristal MXE para o Mexedrone. Tamb\u00e9m conhecido como MEX, 4-MMC-Ome e Mexedrone.<\/p>\n","protected":false},"featured_media":5602,"comment_status":"open","ping_status":"closed","template":"","meta":[],"product_brand":[],"product_cat":[2014],"product_tag":[3249,3250,3251,3254,3256,3259,3252,3257,3258,3260,3262,3255,3253,3261],"class_list":{"0":"post-5591","1":"product","2":"type-product","3":"status-publish","4":"has-post-thumbnail","6":"product_cat-compre-produtos-quimicos-de-pesquisa","7":"product_tag-buy-mexedrone-crystal","8":"product_tag-comprar-mxe-cristal","9":"product_tag-comprar-cristal-de-mexedrona","10":"product_tag-mexedrona-cristal-on-line","11":"product_tag-mexedrona-cristal-reddit","12":"product_tag-mxe-cristal","13":"product_tag-mexedrone-crystal-effect","14":"product_tag-mexedrone-crystal-retails","15":"product_tag-mexedrone-crystal-wholesale","16":"product_tag-mxe-crystal-buy","17":"product_tag-mxe-crystal-order","18":"product_tag-ordem-de-cristal-de-mexedrona","19":"product_tag-cristal-de-mexedrona-para-venda","20":"product_tag-mxe-cristal-para-venda","22":"first","23":"instock","24":"shipping-taxable","25":"purchasable","26":"product-type-variable","27":"has-default-attributes"},"yoast_head":"<!-- This site is optimized with the Yoast SEO plugin v27.3 - https:\/\/yoast.com\/product\/yoast-seo-wordpress\/ -->\n<title>Compre Mexedrone MXE Crystal - Melhores Medicamentos Globais<\/title>\n<meta name=\"description\" content=\"Compre Mexedrone Crystal para venda no Reino Unido, Europa Online. Mexedrone MXE Power, Mexedrone, tamb\u00e9m conhecido como MEX ou 4-MMC-Ome. Encomende agora na Best Global Meds\" \/>\n<meta name=\"robots\" content=\"index, follow, max-snippet:-1, max-image-preview:large, max-video-preview:-1\" \/>\n<link rel=\"canonical\" href=\"https:\/\/medicinasinc.com\/pt\/product\/comprar-mexedrona-cristal\/\" \/>\n<meta property=\"og:locale\" content=\"pt_PT\" \/>\n<meta property=\"og:type\" content=\"article\" \/>\n<meta property=\"og:title\" content=\"Compre Mexedrone MXE Crystal - Melhores Medicamentos Globais\" \/>\n<meta property=\"og:description\" content=\"Compre Mexedrone Crystal para venda no Reino Unido, Europa Online. Mexedrone MXE Power, Mexedrone, tamb\u00e9m conhecido como MEX ou 4-MMC-Ome. Encomende agora na Best Global Meds\" \/>\n<meta property=\"og:url\" content=\"https:\/\/medicinasinc.com\/pt\/product\/comprar-mexedrona-cristal\/\" \/>\n<meta property=\"og:site_name\" content=\"Medicinas Inc\" \/>\n<meta property=\"article:modified_time\" content=\"2022-07-05T23:04:17+00:00\" \/>\n<meta property=\"og:image\" content=\"https:\/\/medicinasinc.com\/pt\/wp-content\/uploads\/sites\/20\/2022\/02\/Buy-Mexedrone-Crystal.jpg\" \/>\n\t<meta property=\"og:image:width\" content=\"600\" \/>\n\t<meta property=\"og:image:height\" content=\"600\" \/>\n\t<meta property=\"og:image:type\" content=\"image\/jpeg\" \/>\n<meta name=\"twitter:card\" content=\"summary_large_image\" \/>\n<meta name=\"twitter:label1\" content=\"Tempo estimado de leitura\" \/>\n\t<meta name=\"twitter:data1\" content=\"1 minuto\" \/>\n<script type=\"application\/ld+json\" class=\"yoast-schema-graph\">{\"@context\":\"https:\\\/\\\/schema.org\",\"@graph\":[{\"@type\":\"WebPage\",\"@id\":\"https:\\\/\\\/medicinasinc.com\\\/pt\\\/product\\\/comprar-mexedrona-cristal\\\/\",\"url\":\"https:\\\/\\\/medicinasinc.com\\\/pt\\\/product\\\/comprar-mexedrona-cristal\\\/\",\"name\":\"Compre Mexedrone MXE Crystal - Melhores Medicamentos Globais\",\"isPartOf\":{\"@id\":\"https:\\\/\\\/medicinasinc.com\\\/pt\\\/#website\"},\"primaryImageOfPage\":{\"@id\":\"https:\\\/\\\/medicinasinc.com\\\/pt\\\/product\\\/comprar-mexedrona-cristal\\\/#primaryimage\"},\"image\":{\"@id\":\"https:\\\/\\\/medicinasinc.com\\\/pt\\\/product\\\/comprar-mexedrona-cristal\\\/#primaryimage\"},\"thumbnailUrl\":\"https:\\\/\\\/medicinasinc.com\\\/pt\\\/wp-content\\\/uploads\\\/sites\\\/20\\\/2022\\\/02\\\/Buy-Mexedrone-Crystal.jpg\",\"datePublished\":\"2022-02-22T02:21:39+00:00\",\"dateModified\":\"2022-07-05T23:04:17+00:00\",\"description\":\"Compre Mexedrone Crystal para venda no Reino Unido, Europa Online. Mexedrone MXE Power, Mexedrone, tamb\u00e9m conhecido como MEX ou 4-MMC-Ome. Encomende agora na Best Global Meds\",\"breadcrumb\":{\"@id\":\"https:\\\/\\\/medicinasinc.com\\\/pt\\\/product\\\/comprar-mexedrona-cristal\\\/#breadcrumb\"},\"inLanguage\":\"pt-PT\",\"potentialAction\":[{\"@type\":\"ReadAction\",\"target\":[\"https:\\\/\\\/medicinasinc.com\\\/pt\\\/product\\\/comprar-mexedrona-cristal\\\/\"]}]},{\"@type\":\"ImageObject\",\"inLanguage\":\"pt-PT\",\"@id\":\"https:\\\/\\\/medicinasinc.com\\\/pt\\\/product\\\/comprar-mexedrona-cristal\\\/#primaryimage\",\"url\":\"https:\\\/\\\/medicinasinc.com\\\/pt\\\/wp-content\\\/uploads\\\/sites\\\/20\\\/2022\\\/02\\\/Buy-Mexedrone-Crystal.jpg\",\"contentUrl\":\"https:\\\/\\\/medicinasinc.com\\\/pt\\\/wp-content\\\/uploads\\\/sites\\\/20\\\/2022\\\/02\\\/Buy-Mexedrone-Crystal.jpg\",\"width\":600,\"height\":600},{\"@type\":\"BreadcrumbList\",\"@id\":\"https:\\\/\\\/medicinasinc.com\\\/pt\\\/product\\\/comprar-mexedrona-cristal\\\/#breadcrumb\",\"itemListElement\":[{\"@type\":\"ListItem\",\"position\":1,\"name\":\"Comprar\",\"item\":\"https:\\\/\\\/medicinasinc.com\\\/pt\\\/comprar\\\/\"},{\"@type\":\"ListItem\",\"position\":2,\"name\":\"Compre Cristal de Mexedrona\"}]},{\"@type\":\"WebSite\",\"@id\":\"https:\\\/\\\/medicinasinc.com\\\/pt\\\/#website\",\"url\":\"https:\\\/\\\/medicinasinc.com\\\/pt\\\/\",\"name\":\"Medicinas Inc\",\"description\":\"Health Medical Clinic\",\"potentialAction\":[{\"@type\":\"SearchAction\",\"target\":{\"@type\":\"EntryPoint\",\"urlTemplate\":\"https:\\\/\\\/medicinasinc.com\\\/pt\\\/?s={search_term_string}\"},\"query-input\":{\"@type\":\"PropertyValueSpecification\",\"valueRequired\":true,\"valueName\":\"search_term_string\"}}],\"inLanguage\":\"pt-PT\"}]}<\/script>\n<!-- \/ Yoast SEO plugin. -->","yoast_head_json":{"title":"Compre Mexedrone MXE Crystal - Melhores Medicamentos Globais","description":"Compre Mexedrone Crystal para venda no Reino Unido, Europa Online. Mexedrone MXE Power, Mexedrone, tamb\u00e9m conhecido como MEX ou 4-MMC-Ome. Encomende agora na Best Global Meds","robots":{"index":"index","follow":"follow","max-snippet":"max-snippet:-1","max-image-preview":"max-image-preview:large","max-video-preview":"max-video-preview:-1"},"canonical":"https:\/\/medicinasinc.com\/pt\/product\/comprar-mexedrona-cristal\/","og_locale":"pt_PT","og_type":"article","og_title":"Compre Mexedrone MXE Crystal - Melhores Medicamentos Globais","og_description":"Compre Mexedrone Crystal para venda no Reino Unido, Europa Online. Mexedrone MXE Power, Mexedrone, tamb\u00e9m conhecido como MEX ou 4-MMC-Ome. Encomende agora na Best Global Meds","og_url":"https:\/\/medicinasinc.com\/pt\/product\/comprar-mexedrona-cristal\/","og_site_name":"Medicinas Inc","article_modified_time":"2022-07-05T23:04:17+00:00","og_image":[{"width":600,"height":600,"url":"https:\/\/medicinasinc.com\/pt\/wp-content\/uploads\/sites\/20\/2022\/02\/Buy-Mexedrone-Crystal.jpg","type":"image\/jpeg"}],"twitter_card":"summary_large_image","twitter_misc":{"Tempo estimado de leitura":"1 minuto"},"schema":{"@context":"https:\/\/schema.org","@graph":[{"@type":"WebPage","@id":"https:\/\/medicinasinc.com\/pt\/product\/comprar-mexedrona-cristal\/","url":"https:\/\/medicinasinc.com\/pt\/product\/comprar-mexedrona-cristal\/","name":"Compre Mexedrone MXE Crystal - Melhores Medicamentos Globais","isPartOf":{"@id":"https:\/\/medicinasinc.com\/pt\/#website"},"primaryImageOfPage":{"@id":"https:\/\/medicinasinc.com\/pt\/product\/comprar-mexedrona-cristal\/#primaryimage"},"image":{"@id":"https:\/\/medicinasinc.com\/pt\/product\/comprar-mexedrona-cristal\/#primaryimage"},"thumbnailUrl":"https:\/\/medicinasinc.com\/pt\/wp-content\/uploads\/sites\/20\/2022\/02\/Buy-Mexedrone-Crystal.jpg","datePublished":"2022-02-22T02:21:39+00:00","dateModified":"2022-07-05T23:04:17+00:00","description":"Compre Mexedrone Crystal para venda no Reino Unido, Europa Online. Mexedrone MXE Power, Mexedrone, tamb\u00e9m conhecido como MEX ou 4-MMC-Ome. Encomende agora na Best Global Meds","breadcrumb":{"@id":"https:\/\/medicinasinc.com\/pt\/product\/comprar-mexedrona-cristal\/#breadcrumb"},"inLanguage":"pt-PT","potentialAction":[{"@type":"ReadAction","target":["https:\/\/medicinasinc.com\/pt\/product\/comprar-mexedrona-cristal\/"]}]},{"@type":"ImageObject","inLanguage":"pt-PT","@id":"https:\/\/medicinasinc.com\/pt\/product\/comprar-mexedrona-cristal\/#primaryimage","url":"https:\/\/medicinasinc.com\/pt\/wp-content\/uploads\/sites\/20\/2022\/02\/Buy-Mexedrone-Crystal.jpg","contentUrl":"https:\/\/medicinasinc.com\/pt\/wp-content\/uploads\/sites\/20\/2022\/02\/Buy-Mexedrone-Crystal.jpg","width":600,"height":600},{"@type":"BreadcrumbList","@id":"https:\/\/medicinasinc.com\/pt\/product\/comprar-mexedrona-cristal\/#breadcrumb","itemListElement":[{"@type":"ListItem","position":1,"name":"Comprar","item":"https:\/\/medicinasinc.com\/pt\/comprar\/"},{"@type":"ListItem","position":2,"name":"Compre Cristal de Mexedrona"}]},{"@type":"WebSite","@id":"https:\/\/medicinasinc.com\/pt\/#website","url":"https:\/\/medicinasinc.com\/pt\/","name":"Medicinas Inc","description":"Health Medical Clinic","potentialAction":[{"@type":"SearchAction","target":{"@type":"EntryPoint","urlTemplate":"https:\/\/medicinasinc.com\/pt\/?s={search_term_string}"},"query-input":{"@type":"PropertyValueSpecification","valueRequired":true,"valueName":"search_term_string"}}],"inLanguage":"pt-PT"}]}},"_links":{"self":[{"href":"https:\/\/medicinasinc.com\/pt\/wp-json\/wp\/v2\/product\/5591","targetHints":{"allow":["GET"]}}],"collection":[{"href":"https:\/\/medicinasinc.com\/pt\/wp-json\/wp\/v2\/product"}],"about":[{"href":"https:\/\/medicinasinc.com\/pt\/wp-json\/wp\/v2\/types\/product"}],"replies":[{"embeddable":true,"href":"https:\/\/medicinasinc.com\/pt\/wp-json\/wp\/v2\/comments?post=5591"}],"wp:featuredmedia":[{"embeddable":true,"href":"https:\/\/medicinasinc.com\/pt\/wp-json\/wp\/v2\/media\/5602"}],"wp:attachment":[{"href":"https:\/\/medicinasinc.com\/pt\/wp-json\/wp\/v2\/media?parent=5591"}],"wp:term":[{"taxonomy":"product_brand","embeddable":true,"href":"https:\/\/medicinasinc.com\/pt\/wp-json\/wp\/v2\/product_brand?post=5591"},{"taxonomy":"product_cat","embeddable":true,"href":"https:\/\/medicinasinc.com\/pt\/wp-json\/wp\/v2\/product_cat?post=5591"},{"taxonomy":"product_tag","embeddable":true,"href":"https:\/\/medicinasinc.com\/pt\/wp-json\/wp\/v2\/product_tag?post=5591"}],"curies":[{"name":"wp","href":"https:\/\/api.w.org\/{rel}","templated":true}]}}