{"id":5590,"date":"2022-02-22T02:20:06","date_gmt":"2022-02-22T02:20:06","guid":{"rendered":"https:\/\/medicinasinc.com\/pt\/?post_type=product&#038;p=5590"},"modified":"2022-07-05T23:04:34","modified_gmt":"2022-07-05T23:04:34","slug":"comprar-metiopropamina-po","status":"publish","type":"product","link":"https:\/\/medicinasinc.com\/pt\/product\/comprar-metiopropamina-po\/","title":{"rendered":"Compre Metiopropamina em P\u00f3"},"content":{"rendered":"<p><strong>Compre MPA Methiopropamine Powder na Internet.<\/strong><\/p>\n<p>Methiopropamine, tamb\u00e9m conhecido como MPA, Methedrene e Syndrax, \u00e9 um an\u00e1logo estrutural da metanfetamina. Tem um anel de tiofeno como metanfetamina. Diz-se que a metiopropamina causa euforia leve e aumento da consci\u00eancia, entre outras coisas. \u00c9 cerca de um ter\u00e7o t\u00e3o forte quanto a dextroanfetamina.<\/p>\n<p>N\u00famero do Cas: 801156-47-8<br \/> \u00c9 assim que a f\u00f3rmula funciona: C8H13NS<br \/> IUPAC: 1-(Tiofen-2- yl) 2-metilaminopropano \u00e9 o nome.<br \/> Apar\u00eancia:<br \/> Pureza:<\/p>\n<div class=\"product-next-previous\">\n<div class=\"product-prev\"><\/div><\/div>\n","protected":false},"excerpt":{"rendered":"<p>Na nossa loja online medicinasinc.com\/pt, pode comprar MPA Metiopropamina em p\u00f3 para venda no Reino Unido, Europa e em todo o mundo! Temos o melhor MPA Methiopropamine \u00e0 venda, e voc\u00ea pode compr\u00e1-lo conosco!<\/p>\n<p>Compre MPA Methiopropamine Powder na web. Metiopropamina \u00e9 o nome da droga. O mesmo que metanfetamina<br \/> 100 a 200mg \u00e9 a dose recomendada.<\/p>\n<p>Compre o p\u00f3 de metiopropamina puro e de alta qualidade online com Bitcoin \u2013 voc\u00ea pode fazer isso.<\/p>\n<p>Compre por produtos legais drogas on-line, compre produtos qu\u00edmicos de pesquisa, p\u00f3s farmac\u00eauticos brutos e muito mais em uma loja.<\/p>\n<p>Metiopropamina (MPA) \u00e9 uma droga sint\u00e9tica que se parece muito com a anfetamina e costumava ser vendida como &#8220;legal&#8221; alternativa&#8221; \u00e0 coca\u00edna. O Conselho Consultivo sobre o Uso Indevido de Drogas recomendou que o MPA seja classificado como um medicamento de Classe B (ACMD).<\/p>\n","protected":false},"featured_media":5600,"comment_status":"open","ping_status":"closed","template":"","meta":[],"product_brand":[],"product_cat":[2014],"product_tag":[3233,3245,3232,3235,3244,3246,3236,3237,3242,3243,3234,3239,3247,3248,3238,3241,3240],"class_list":{"0":"post-5590","1":"product","2":"type-product","3":"status-publish","4":"has-post-thumbnail","6":"product_cat-compre-produtos-quimicos-de-pesquisa","7":"product_tag-como-comprar-metiopropamina-online","8":"product_tag-compra-metiopropamina-online","9":"product_tag-comprar-metiopropamina-online","10":"product_tag-efeito-metiopropamina","11":"product_tag-encomendar-metiopropamina-online","12":"product_tag-fornecedor-de-metiopropamina","13":"product_tag-methiopropamine-europe-wholesale","14":"product_tag-methiopropamine-for-sale","15":"product_tag-methiopropamine-supplier","16":"product_tag-methiopropamine-wholesale","17":"product_tag-metiopropamina-comprar","18":"product_tag-renderizaes-de-metiopropamina","19":"product_tag-o-melhor-lugar-para-comprar-metiopropamina-on-line","20":"product_tag-onde-comprar-metiopropamina-online","21":"product_tag-ordem-da-metiopropamina","22":"product_tag-metiopropamina-revises","23":"product_tag-metiopropamina-varejo","25":"first","26":"instock","27":"shipping-taxable","28":"purchasable","29":"product-type-variable","30":"has-default-attributes"},"yoast_head":"<!-- This site is optimized with the Yoast SEO plugin v27.3 - https:\/\/yoast.com\/product\/yoast-seo-wordpress\/ -->\n<title>Compre Methiopropamine Powder - Compre MPA - Best Global Meds<\/title>\n<meta name=\"description\" content=\"Compre MPA Metiopropamina em p\u00f3 Reino Unido, Europa na nossa loja online medicinasinc.com\/pt com entrega r\u00e1pida em todo o mundo! A melhor MPA Metiopropamina \u00e0 venda voc\u00ea encontra aqui!\" \/>\n<meta name=\"robots\" content=\"index, follow, max-snippet:-1, max-image-preview:large, max-video-preview:-1\" \/>\n<link rel=\"canonical\" href=\"https:\/\/medicinasinc.com\/pt\/product\/comprar-metiopropamina-po\/\" \/>\n<meta property=\"og:locale\" content=\"pt_PT\" \/>\n<meta property=\"og:type\" content=\"article\" \/>\n<meta property=\"og:title\" content=\"Compre Methiopropamine Powder - Compre MPA - Best Global Meds\" \/>\n<meta property=\"og:description\" content=\"Compre MPA Metiopropamina em p\u00f3 Reino Unido, Europa na nossa loja online medicinasinc.com\/pt com entrega r\u00e1pida em todo o mundo! A melhor MPA Metiopropamina \u00e0 venda voc\u00ea encontra aqui!\" \/>\n<meta property=\"og:url\" content=\"https:\/\/medicinasinc.com\/pt\/product\/comprar-metiopropamina-po\/\" \/>\n<meta property=\"og:site_name\" content=\"Medicinas Inc\" \/>\n<meta property=\"article:modified_time\" content=\"2022-07-05T23:04:34+00:00\" \/>\n<meta property=\"og:image\" content=\"https:\/\/medicinasinc.com\/pt\/wp-content\/uploads\/sites\/20\/2022\/02\/Buy-Methiopropamine-powder.png\" \/>\n\t<meta property=\"og:image:width\" content=\"457\" \/>\n\t<meta property=\"og:image:height\" content=\"323\" \/>\n\t<meta property=\"og:image:type\" content=\"image\/png\" \/>\n<meta name=\"twitter:card\" content=\"summary_large_image\" \/>\n<meta name=\"twitter:label1\" content=\"Tempo estimado de leitura\" \/>\n\t<meta name=\"twitter:data1\" content=\"1 minuto\" \/>\n<script type=\"application\/ld+json\" class=\"yoast-schema-graph\">{\"@context\":\"https:\\\/\\\/schema.org\",\"@graph\":[{\"@type\":\"WebPage\",\"@id\":\"https:\\\/\\\/medicinasinc.com\\\/pt\\\/product\\\/comprar-metiopropamina-po\\\/\",\"url\":\"https:\\\/\\\/medicinasinc.com\\\/pt\\\/product\\\/comprar-metiopropamina-po\\\/\",\"name\":\"Compre Methiopropamine Powder - Compre MPA - Best Global Meds\",\"isPartOf\":{\"@id\":\"https:\\\/\\\/medicinasinc.com\\\/pt\\\/#website\"},\"primaryImageOfPage\":{\"@id\":\"https:\\\/\\\/medicinasinc.com\\\/pt\\\/product\\\/comprar-metiopropamina-po\\\/#primaryimage\"},\"image\":{\"@id\":\"https:\\\/\\\/medicinasinc.com\\\/pt\\\/product\\\/comprar-metiopropamina-po\\\/#primaryimage\"},\"thumbnailUrl\":\"https:\\\/\\\/medicinasinc.com\\\/pt\\\/wp-content\\\/uploads\\\/sites\\\/20\\\/2022\\\/02\\\/Buy-Methiopropamine-powder.png\",\"datePublished\":\"2022-02-22T02:20:06+00:00\",\"dateModified\":\"2022-07-05T23:04:34+00:00\",\"description\":\"Compre MPA Metiopropamina em p\u00f3 Reino Unido, Europa na nossa loja online medicinasinc.com\\\/pt com entrega r\u00e1pida em todo o mundo! A melhor MPA Metiopropamina \u00e0 venda voc\u00ea encontra aqui!\",\"breadcrumb\":{\"@id\":\"https:\\\/\\\/medicinasinc.com\\\/pt\\\/product\\\/comprar-metiopropamina-po\\\/#breadcrumb\"},\"inLanguage\":\"pt-PT\",\"potentialAction\":[{\"@type\":\"ReadAction\",\"target\":[\"https:\\\/\\\/medicinasinc.com\\\/pt\\\/product\\\/comprar-metiopropamina-po\\\/\"]}]},{\"@type\":\"ImageObject\",\"inLanguage\":\"pt-PT\",\"@id\":\"https:\\\/\\\/medicinasinc.com\\\/pt\\\/product\\\/comprar-metiopropamina-po\\\/#primaryimage\",\"url\":\"https:\\\/\\\/medicinasinc.com\\\/pt\\\/wp-content\\\/uploads\\\/sites\\\/20\\\/2022\\\/02\\\/Buy-Methiopropamine-powder.png\",\"contentUrl\":\"https:\\\/\\\/medicinasinc.com\\\/pt\\\/wp-content\\\/uploads\\\/sites\\\/20\\\/2022\\\/02\\\/Buy-Methiopropamine-powder.png\",\"width\":457,\"height\":323},{\"@type\":\"BreadcrumbList\",\"@id\":\"https:\\\/\\\/medicinasinc.com\\\/pt\\\/product\\\/comprar-metiopropamina-po\\\/#breadcrumb\",\"itemListElement\":[{\"@type\":\"ListItem\",\"position\":1,\"name\":\"Comprar\",\"item\":\"https:\\\/\\\/medicinasinc.com\\\/pt\\\/comprar\\\/\"},{\"@type\":\"ListItem\",\"position\":2,\"name\":\"Compre Metiopropamina em P\u00f3\"}]},{\"@type\":\"WebSite\",\"@id\":\"https:\\\/\\\/medicinasinc.com\\\/pt\\\/#website\",\"url\":\"https:\\\/\\\/medicinasinc.com\\\/pt\\\/\",\"name\":\"Medicinas Inc\",\"description\":\"Health Medical Clinic\",\"potentialAction\":[{\"@type\":\"SearchAction\",\"target\":{\"@type\":\"EntryPoint\",\"urlTemplate\":\"https:\\\/\\\/medicinasinc.com\\\/pt\\\/?s={search_term_string}\"},\"query-input\":{\"@type\":\"PropertyValueSpecification\",\"valueRequired\":true,\"valueName\":\"search_term_string\"}}],\"inLanguage\":\"pt-PT\"}]}<\/script>\n<!-- \/ Yoast SEO plugin. -->","yoast_head_json":{"title":"Compre Methiopropamine Powder - Compre MPA - Best Global Meds","description":"Compre MPA Metiopropamina em p\u00f3 Reino Unido, Europa na nossa loja online medicinasinc.com\/pt com entrega r\u00e1pida em todo o mundo! A melhor MPA Metiopropamina \u00e0 venda voc\u00ea encontra aqui!","robots":{"index":"index","follow":"follow","max-snippet":"max-snippet:-1","max-image-preview":"max-image-preview:large","max-video-preview":"max-video-preview:-1"},"canonical":"https:\/\/medicinasinc.com\/pt\/product\/comprar-metiopropamina-po\/","og_locale":"pt_PT","og_type":"article","og_title":"Compre Methiopropamine Powder - Compre MPA - Best Global Meds","og_description":"Compre MPA Metiopropamina em p\u00f3 Reino Unido, Europa na nossa loja online medicinasinc.com\/pt com entrega r\u00e1pida em todo o mundo! A melhor MPA Metiopropamina \u00e0 venda voc\u00ea encontra aqui!","og_url":"https:\/\/medicinasinc.com\/pt\/product\/comprar-metiopropamina-po\/","og_site_name":"Medicinas Inc","article_modified_time":"2022-07-05T23:04:34+00:00","og_image":[{"width":457,"height":323,"url":"https:\/\/medicinasinc.com\/pt\/wp-content\/uploads\/sites\/20\/2022\/02\/Buy-Methiopropamine-powder.png","type":"image\/png"}],"twitter_card":"summary_large_image","twitter_misc":{"Tempo estimado de leitura":"1 minuto"},"schema":{"@context":"https:\/\/schema.org","@graph":[{"@type":"WebPage","@id":"https:\/\/medicinasinc.com\/pt\/product\/comprar-metiopropamina-po\/","url":"https:\/\/medicinasinc.com\/pt\/product\/comprar-metiopropamina-po\/","name":"Compre Methiopropamine Powder - Compre MPA - Best Global Meds","isPartOf":{"@id":"https:\/\/medicinasinc.com\/pt\/#website"},"primaryImageOfPage":{"@id":"https:\/\/medicinasinc.com\/pt\/product\/comprar-metiopropamina-po\/#primaryimage"},"image":{"@id":"https:\/\/medicinasinc.com\/pt\/product\/comprar-metiopropamina-po\/#primaryimage"},"thumbnailUrl":"https:\/\/medicinasinc.com\/pt\/wp-content\/uploads\/sites\/20\/2022\/02\/Buy-Methiopropamine-powder.png","datePublished":"2022-02-22T02:20:06+00:00","dateModified":"2022-07-05T23:04:34+00:00","description":"Compre MPA Metiopropamina em p\u00f3 Reino Unido, Europa na nossa loja online medicinasinc.com\/pt com entrega r\u00e1pida em todo o mundo! A melhor MPA Metiopropamina \u00e0 venda voc\u00ea encontra aqui!","breadcrumb":{"@id":"https:\/\/medicinasinc.com\/pt\/product\/comprar-metiopropamina-po\/#breadcrumb"},"inLanguage":"pt-PT","potentialAction":[{"@type":"ReadAction","target":["https:\/\/medicinasinc.com\/pt\/product\/comprar-metiopropamina-po\/"]}]},{"@type":"ImageObject","inLanguage":"pt-PT","@id":"https:\/\/medicinasinc.com\/pt\/product\/comprar-metiopropamina-po\/#primaryimage","url":"https:\/\/medicinasinc.com\/pt\/wp-content\/uploads\/sites\/20\/2022\/02\/Buy-Methiopropamine-powder.png","contentUrl":"https:\/\/medicinasinc.com\/pt\/wp-content\/uploads\/sites\/20\/2022\/02\/Buy-Methiopropamine-powder.png","width":457,"height":323},{"@type":"BreadcrumbList","@id":"https:\/\/medicinasinc.com\/pt\/product\/comprar-metiopropamina-po\/#breadcrumb","itemListElement":[{"@type":"ListItem","position":1,"name":"Comprar","item":"https:\/\/medicinasinc.com\/pt\/comprar\/"},{"@type":"ListItem","position":2,"name":"Compre Metiopropamina em P\u00f3"}]},{"@type":"WebSite","@id":"https:\/\/medicinasinc.com\/pt\/#website","url":"https:\/\/medicinasinc.com\/pt\/","name":"Medicinas Inc","description":"Health Medical Clinic","potentialAction":[{"@type":"SearchAction","target":{"@type":"EntryPoint","urlTemplate":"https:\/\/medicinasinc.com\/pt\/?s={search_term_string}"},"query-input":{"@type":"PropertyValueSpecification","valueRequired":true,"valueName":"search_term_string"}}],"inLanguage":"pt-PT"}]}},"_links":{"self":[{"href":"https:\/\/medicinasinc.com\/pt\/wp-json\/wp\/v2\/product\/5590","targetHints":{"allow":["GET"]}}],"collection":[{"href":"https:\/\/medicinasinc.com\/pt\/wp-json\/wp\/v2\/product"}],"about":[{"href":"https:\/\/medicinasinc.com\/pt\/wp-json\/wp\/v2\/types\/product"}],"replies":[{"embeddable":true,"href":"https:\/\/medicinasinc.com\/pt\/wp-json\/wp\/v2\/comments?post=5590"}],"wp:featuredmedia":[{"embeddable":true,"href":"https:\/\/medicinasinc.com\/pt\/wp-json\/wp\/v2\/media\/5600"}],"wp:attachment":[{"href":"https:\/\/medicinasinc.com\/pt\/wp-json\/wp\/v2\/media?parent=5590"}],"wp:term":[{"taxonomy":"product_brand","embeddable":true,"href":"https:\/\/medicinasinc.com\/pt\/wp-json\/wp\/v2\/product_brand?post=5590"},{"taxonomy":"product_cat","embeddable":true,"href":"https:\/\/medicinasinc.com\/pt\/wp-json\/wp\/v2\/product_cat?post=5590"},{"taxonomy":"product_tag","embeddable":true,"href":"https:\/\/medicinasinc.com\/pt\/wp-json\/wp\/v2\/product_tag?post=5590"}],"curies":[{"name":"wp","href":"https:\/\/api.w.org\/{rel}","templated":true}]}}