{"id":5589,"date":"2022-02-22T02:18:17","date_gmt":"2022-02-22T02:18:17","guid":{"rendered":"https:\/\/medicinasinc.com\/pt\/?post_type=product&#038;p=5589"},"modified":"2022-07-05T23:04:51","modified_gmt":"2022-07-05T23:04:51","slug":"comprar-metizolam-2mg-pellets-online","status":"publish","type":"product","link":"https:\/\/medicinasinc.com\/pt\/product\/comprar-metizolam-2mg-pellets-online\/","title":{"rendered":"Compre Metizolam 2mg Pellets online"},"content":{"rendered":"<p>O melhor lugar para comprar Metizolam 2mg Pellets \u00e9 online.<\/p>\n<p>Compre 2 mg de Metizolam. Abrevia\u00e7\u00e3o de 4-(2-clorofenil)-2-etil-6H-tieno. [3,2-f] [1,2,4] triazolo[4,3-a][1,4] Uma diazepina, que tamb\u00e9m \u00e9 chamada de etizolam, \u00e9 a vers\u00e3o N-desmetil dela. para isso Compre 2 mg de metizolam. Metizolam \u00e9 um modulador alost\u00e9rico para receptores Gaba no laborat\u00f3rio. O p\u00f3 de metizolam est\u00e1 \u00e0 venda na web.<\/p>\n<p>Tamb\u00e9m temos produtos qu\u00edmicos que n\u00e3o s\u00e3o aprovados para pesquisa in vivo Compre Metizolam 2mg Pellets, portanto, se algu\u00e9m os ingerir acidentalmente, deve ir ao m\u00e9dico imediatamente e obter ajuda. Siga as regras padr\u00e3o de seguran\u00e7a do laborat\u00f3rio, como usar a prote\u00e7\u00e3o correta para a pele, os olhos e as roupas.<\/p>\n<p>Compre 2 mg de Metizolam. As pastilhas de metizolam podem ser compradas em uma loja.<br \/> Compre\u00a0Metizolam\u00a02mg As pastilhas de clonazolam est\u00e3o \u00e0 venda online.<br \/> p\u00f3 de pirazolam pode ser comprado online.<br \/> online, voc\u00ea pode comprar diclazepam para pesquisa. <br \/> loja de etizolam online<br \/> Fluclotizolam pode ser comprado.<br \/> p\u00f3 de metizolam est\u00e1 \u00e0 venda na web.<br \/> O p\u00f3 de metizolam est\u00e1 \u00e0 venda na web. O Metizolam, que tamb\u00e9m \u00e9 chamado de Desmetiletizolam, \u00e9 um tienodiazep\u00ednico muito semelhante ao Etizolam. Apenas 2mg pellets de Metizolam est\u00e3o dispon\u00edveis. Para pesquisadores mais avan\u00e7ados que desejam fazer seu pr\u00f3prio p\u00f3, tamb\u00e9m o temos em forma de p\u00f3 puro. O Metizolam, como todos os nossos outros produtos, deve ser usado de forma segura pelos pesquisadores. Este produto \u00e9 vendido apenas para centros de pesquisa j\u00e1 instalados. O p\u00f3 de metizolam est\u00e1 \u00e0 venda na web.<\/p>\n<p>Etizolam \u00e9 o pai do Metizolam, que tamb\u00e9m \u00e9 chamado de Desmetiletizolam.<\/p>\n<p>Eles s\u00e3o vendidos na forma de pellets. Apenas para pesquisa! A Bestglobalmeds n\u00e3o quer que as pessoas usem produtos qu\u00edmicos de pesquisa para outra coisa que n\u00e3o seja pesquisa. Eles s\u00f3 vendem Metizolam para uso em pesquisa.<\/p>\n","protected":false},"excerpt":{"rendered":"<p>O melhor lugar para comprar Metizolam 2mg Pellets \u00e0 venda no Reino Unido e na Europa \u00e9 medicinasinc.com\/pt. Temos entrega r\u00e1pida em todo o mundo. Aqui, voc\u00ea pode comprar os melhores Pellets de 2mg de Metizolam para venda.<\/p>\n<p>Pellets de 2mg de p\u00f3 de metizolam para venda online. Os pellets de clonazolam est\u00e3o em estoque e podem ser enviados para qualquer lugar do mundo. Hoje, voc\u00ea pode comprar pastilhas de Clonazolam 0,5mg na loja.<\/p>\n<p>Compre pastilhas de 2mg de Metizolam online agora. \u00c9 muito barato com frete gr\u00e1tis em pedidos em grandes quantidades. Qualidade superior \u00e9 um dado.<\/p>\n<p>Metizolam, tamb\u00e9m conhecido como Desmetiletizolam, \u00e9 um depressor sint\u00e9tico da classe qu\u00edmica tienodiazepina. Quando tomado, diz-se que tem efeitos semelhantes ao etizolam, como supress\u00e3o da ansiedade, desinibi\u00e7\u00e3o, seda\u00e7\u00e3o, relaxamento muscular e supress\u00e3o da mem\u00f3ria.<\/p>\n","protected":false},"featured_media":5598,"comment_status":"open","ping_status":"closed","template":"","meta":[],"product_brand":[],"product_cat":[2014],"product_tag":[3211,3212,3217,3219,3210,3218,3214,3215,3213,3216,3222,3220,3221,3223,3226,3227,3228,3229,3225,3230,3231,3224],"class_list":{"0":"post-5589","1":"product","2":"type-product","3":"status-publish","4":"has-post-thumbnail","6":"product_cat-compre-produtos-quimicos-de-pesquisa","7":"product_tag-buy-fluclotizolam","8":"product_tag-buy-metizolam-2mg-pellets","9":"product_tag-buy-metizolam-powder-online-usa","10":"product_tag-clonazolam-para-venda-online","11":"product_tag-comprar-diclazepam-online","12":"product_tag-comprar-pirazolam-p-online","13":"product_tag-comprar-metizolam-p-online-australia","14":"product_tag-buy-metizolam-powder-online-canad","15":"product_tag-comprar-metizolam-p-online","16":"product_tag-buy-metizolam-powder-online-uk","17":"product_tag-metizolam-2mg-pellets-efeito","18":"product_tag-etizolam-shop-online","19":"product_tag-metizolam-2mg-pellets-comprar","20":"product_tag-metizolam-2mg-pellets-europe","21":"product_tag-metizolam-2mg-pellets-reddit","22":"product_tag-metizolam-2mg-pellets-retail","23":"product_tag-metizolam-2mg-pellets-wholesale","24":"product_tag-metizolam-comprar","25":"product_tag-metizolam-2mg-pellets-order","26":"product_tag-metizolam-p-venda-online","27":"product_tag-pesquisa-qumicos-para-venda","28":"product_tag-metizolam-2mg-pellets-para-venda","30":"first","31":"instock","32":"shipping-taxable","33":"purchasable","34":"product-type-variable"},"yoast_head":"<!-- This site is optimized with the Yoast SEO plugin v27.3 - https:\/\/yoast.com\/product\/yoast-seo-wordpress\/ -->\n<title>Compre Metizolam 2mg Pellets online - Best Global Meds<\/title>\n<meta name=\"description\" content=\"olhando para comprar Metizolam 2mg Pellets para venda no Reino Unido, Europa em nossa loja medicinasinc.com\/pt com envio r\u00e1pido para todo o mundo! Os melhores Pellets de Metizolam 2mg para encomendar voc\u00ea encontra aqui!\" \/>\n<meta name=\"robots\" content=\"index, follow, max-snippet:-1, max-image-preview:large, max-video-preview:-1\" \/>\n<link rel=\"canonical\" href=\"https:\/\/medicinasinc.com\/pt\/product\/comprar-metizolam-2mg-pellets-online\/\" \/>\n<meta property=\"og:locale\" content=\"pt_PT\" \/>\n<meta property=\"og:type\" content=\"article\" \/>\n<meta property=\"og:title\" content=\"Compre Metizolam 2mg Pellets online - Best Global Meds\" \/>\n<meta property=\"og:description\" content=\"olhando para comprar Metizolam 2mg Pellets para venda no Reino Unido, Europa em nossa loja medicinasinc.com\/pt com envio r\u00e1pido para todo o mundo! Os melhores Pellets de Metizolam 2mg para encomendar voc\u00ea encontra aqui!\" \/>\n<meta property=\"og:url\" content=\"https:\/\/medicinasinc.com\/pt\/product\/comprar-metizolam-2mg-pellets-online\/\" \/>\n<meta property=\"og:site_name\" content=\"Medicinas Inc\" \/>\n<meta property=\"article:modified_time\" content=\"2022-07-05T23:04:51+00:00\" \/>\n<meta property=\"og:image\" content=\"https:\/\/medicinasinc.com\/pt\/wp-content\/uploads\/sites\/20\/2022\/02\/Buy-Metizolam-2mg-Pellets.jpg\" \/>\n\t<meta property=\"og:image:width\" content=\"600\" \/>\n\t<meta property=\"og:image:height\" content=\"600\" \/>\n\t<meta property=\"og:image:type\" content=\"image\/jpeg\" \/>\n<meta name=\"twitter:card\" content=\"summary_large_image\" \/>\n<meta name=\"twitter:label1\" content=\"Tempo estimado de leitura\" \/>\n\t<meta name=\"twitter:data1\" content=\"2 minutos\" \/>\n<script type=\"application\/ld+json\" class=\"yoast-schema-graph\">{\"@context\":\"https:\\\/\\\/schema.org\",\"@graph\":[{\"@type\":\"WebPage\",\"@id\":\"https:\\\/\\\/medicinasinc.com\\\/pt\\\/product\\\/comprar-metizolam-2mg-pellets-online\\\/\",\"url\":\"https:\\\/\\\/medicinasinc.com\\\/pt\\\/product\\\/comprar-metizolam-2mg-pellets-online\\\/\",\"name\":\"Compre Metizolam 2mg Pellets online - Best Global Meds\",\"isPartOf\":{\"@id\":\"https:\\\/\\\/medicinasinc.com\\\/pt\\\/#website\"},\"primaryImageOfPage\":{\"@id\":\"https:\\\/\\\/medicinasinc.com\\\/pt\\\/product\\\/comprar-metizolam-2mg-pellets-online\\\/#primaryimage\"},\"image\":{\"@id\":\"https:\\\/\\\/medicinasinc.com\\\/pt\\\/product\\\/comprar-metizolam-2mg-pellets-online\\\/#primaryimage\"},\"thumbnailUrl\":\"https:\\\/\\\/medicinasinc.com\\\/pt\\\/wp-content\\\/uploads\\\/sites\\\/20\\\/2022\\\/02\\\/Buy-Metizolam-2mg-Pellets.jpg\",\"datePublished\":\"2022-02-22T02:18:17+00:00\",\"dateModified\":\"2022-07-05T23:04:51+00:00\",\"description\":\"olhando para comprar Metizolam 2mg Pellets para venda no Reino Unido, Europa em nossa loja medicinasinc.com\\\/pt com envio r\u00e1pido para todo o mundo! Os melhores Pellets de Metizolam 2mg para encomendar voc\u00ea encontra aqui!\",\"breadcrumb\":{\"@id\":\"https:\\\/\\\/medicinasinc.com\\\/pt\\\/product\\\/comprar-metizolam-2mg-pellets-online\\\/#breadcrumb\"},\"inLanguage\":\"pt-PT\",\"potentialAction\":[{\"@type\":\"ReadAction\",\"target\":[\"https:\\\/\\\/medicinasinc.com\\\/pt\\\/product\\\/comprar-metizolam-2mg-pellets-online\\\/\"]}]},{\"@type\":\"ImageObject\",\"inLanguage\":\"pt-PT\",\"@id\":\"https:\\\/\\\/medicinasinc.com\\\/pt\\\/product\\\/comprar-metizolam-2mg-pellets-online\\\/#primaryimage\",\"url\":\"https:\\\/\\\/medicinasinc.com\\\/pt\\\/wp-content\\\/uploads\\\/sites\\\/20\\\/2022\\\/02\\\/Buy-Metizolam-2mg-Pellets.jpg\",\"contentUrl\":\"https:\\\/\\\/medicinasinc.com\\\/pt\\\/wp-content\\\/uploads\\\/sites\\\/20\\\/2022\\\/02\\\/Buy-Metizolam-2mg-Pellets.jpg\",\"width\":600,\"height\":600},{\"@type\":\"BreadcrumbList\",\"@id\":\"https:\\\/\\\/medicinasinc.com\\\/pt\\\/product\\\/comprar-metizolam-2mg-pellets-online\\\/#breadcrumb\",\"itemListElement\":[{\"@type\":\"ListItem\",\"position\":1,\"name\":\"Comprar\",\"item\":\"https:\\\/\\\/medicinasinc.com\\\/pt\\\/comprar\\\/\"},{\"@type\":\"ListItem\",\"position\":2,\"name\":\"Compre Metizolam 2mg Pellets online\"}]},{\"@type\":\"WebSite\",\"@id\":\"https:\\\/\\\/medicinasinc.com\\\/pt\\\/#website\",\"url\":\"https:\\\/\\\/medicinasinc.com\\\/pt\\\/\",\"name\":\"Medicinas Inc\",\"description\":\"Health Medical Clinic\",\"potentialAction\":[{\"@type\":\"SearchAction\",\"target\":{\"@type\":\"EntryPoint\",\"urlTemplate\":\"https:\\\/\\\/medicinasinc.com\\\/pt\\\/?s={search_term_string}\"},\"query-input\":{\"@type\":\"PropertyValueSpecification\",\"valueRequired\":true,\"valueName\":\"search_term_string\"}}],\"inLanguage\":\"pt-PT\"}]}<\/script>\n<!-- \/ Yoast SEO plugin. -->","yoast_head_json":{"title":"Compre Metizolam 2mg Pellets online - Best Global Meds","description":"olhando para comprar Metizolam 2mg Pellets para venda no Reino Unido, Europa em nossa loja medicinasinc.com\/pt com envio r\u00e1pido para todo o mundo! Os melhores Pellets de Metizolam 2mg para encomendar voc\u00ea encontra aqui!","robots":{"index":"index","follow":"follow","max-snippet":"max-snippet:-1","max-image-preview":"max-image-preview:large","max-video-preview":"max-video-preview:-1"},"canonical":"https:\/\/medicinasinc.com\/pt\/product\/comprar-metizolam-2mg-pellets-online\/","og_locale":"pt_PT","og_type":"article","og_title":"Compre Metizolam 2mg Pellets online - Best Global Meds","og_description":"olhando para comprar Metizolam 2mg Pellets para venda no Reino Unido, Europa em nossa loja medicinasinc.com\/pt com envio r\u00e1pido para todo o mundo! Os melhores Pellets de Metizolam 2mg para encomendar voc\u00ea encontra aqui!","og_url":"https:\/\/medicinasinc.com\/pt\/product\/comprar-metizolam-2mg-pellets-online\/","og_site_name":"Medicinas Inc","article_modified_time":"2022-07-05T23:04:51+00:00","og_image":[{"width":600,"height":600,"url":"https:\/\/medicinasinc.com\/pt\/wp-content\/uploads\/sites\/20\/2022\/02\/Buy-Metizolam-2mg-Pellets.jpg","type":"image\/jpeg"}],"twitter_card":"summary_large_image","twitter_misc":{"Tempo estimado de leitura":"2 minutos"},"schema":{"@context":"https:\/\/schema.org","@graph":[{"@type":"WebPage","@id":"https:\/\/medicinasinc.com\/pt\/product\/comprar-metizolam-2mg-pellets-online\/","url":"https:\/\/medicinasinc.com\/pt\/product\/comprar-metizolam-2mg-pellets-online\/","name":"Compre Metizolam 2mg Pellets online - Best Global Meds","isPartOf":{"@id":"https:\/\/medicinasinc.com\/pt\/#website"},"primaryImageOfPage":{"@id":"https:\/\/medicinasinc.com\/pt\/product\/comprar-metizolam-2mg-pellets-online\/#primaryimage"},"image":{"@id":"https:\/\/medicinasinc.com\/pt\/product\/comprar-metizolam-2mg-pellets-online\/#primaryimage"},"thumbnailUrl":"https:\/\/medicinasinc.com\/pt\/wp-content\/uploads\/sites\/20\/2022\/02\/Buy-Metizolam-2mg-Pellets.jpg","datePublished":"2022-02-22T02:18:17+00:00","dateModified":"2022-07-05T23:04:51+00:00","description":"olhando para comprar Metizolam 2mg Pellets para venda no Reino Unido, Europa em nossa loja medicinasinc.com\/pt com envio r\u00e1pido para todo o mundo! Os melhores Pellets de Metizolam 2mg para encomendar voc\u00ea encontra aqui!","breadcrumb":{"@id":"https:\/\/medicinasinc.com\/pt\/product\/comprar-metizolam-2mg-pellets-online\/#breadcrumb"},"inLanguage":"pt-PT","potentialAction":[{"@type":"ReadAction","target":["https:\/\/medicinasinc.com\/pt\/product\/comprar-metizolam-2mg-pellets-online\/"]}]},{"@type":"ImageObject","inLanguage":"pt-PT","@id":"https:\/\/medicinasinc.com\/pt\/product\/comprar-metizolam-2mg-pellets-online\/#primaryimage","url":"https:\/\/medicinasinc.com\/pt\/wp-content\/uploads\/sites\/20\/2022\/02\/Buy-Metizolam-2mg-Pellets.jpg","contentUrl":"https:\/\/medicinasinc.com\/pt\/wp-content\/uploads\/sites\/20\/2022\/02\/Buy-Metizolam-2mg-Pellets.jpg","width":600,"height":600},{"@type":"BreadcrumbList","@id":"https:\/\/medicinasinc.com\/pt\/product\/comprar-metizolam-2mg-pellets-online\/#breadcrumb","itemListElement":[{"@type":"ListItem","position":1,"name":"Comprar","item":"https:\/\/medicinasinc.com\/pt\/comprar\/"},{"@type":"ListItem","position":2,"name":"Compre Metizolam 2mg Pellets online"}]},{"@type":"WebSite","@id":"https:\/\/medicinasinc.com\/pt\/#website","url":"https:\/\/medicinasinc.com\/pt\/","name":"Medicinas Inc","description":"Health Medical Clinic","potentialAction":[{"@type":"SearchAction","target":{"@type":"EntryPoint","urlTemplate":"https:\/\/medicinasinc.com\/pt\/?s={search_term_string}"},"query-input":{"@type":"PropertyValueSpecification","valueRequired":true,"valueName":"search_term_string"}}],"inLanguage":"pt-PT"}]}},"_links":{"self":[{"href":"https:\/\/medicinasinc.com\/pt\/wp-json\/wp\/v2\/product\/5589","targetHints":{"allow":["GET"]}}],"collection":[{"href":"https:\/\/medicinasinc.com\/pt\/wp-json\/wp\/v2\/product"}],"about":[{"href":"https:\/\/medicinasinc.com\/pt\/wp-json\/wp\/v2\/types\/product"}],"replies":[{"embeddable":true,"href":"https:\/\/medicinasinc.com\/pt\/wp-json\/wp\/v2\/comments?post=5589"}],"wp:featuredmedia":[{"embeddable":true,"href":"https:\/\/medicinasinc.com\/pt\/wp-json\/wp\/v2\/media\/5598"}],"wp:attachment":[{"href":"https:\/\/medicinasinc.com\/pt\/wp-json\/wp\/v2\/media?parent=5589"}],"wp:term":[{"taxonomy":"product_brand","embeddable":true,"href":"https:\/\/medicinasinc.com\/pt\/wp-json\/wp\/v2\/product_brand?post=5589"},{"taxonomy":"product_cat","embeddable":true,"href":"https:\/\/medicinasinc.com\/pt\/wp-json\/wp\/v2\/product_cat?post=5589"},{"taxonomy":"product_tag","embeddable":true,"href":"https:\/\/medicinasinc.com\/pt\/wp-json\/wp\/v2\/product_tag?post=5589"}],"curies":[{"name":"wp","href":"https:\/\/api.w.org\/{rel}","templated":true}]}}