{"id":5565,"date":"2022-02-22T01:51:04","date_gmt":"2022-02-22T01:51:04","guid":{"rendered":"https:\/\/medicinasinc.com\/pt\/?post_type=product&#038;p=5565"},"modified":"2022-07-05T23:05:23","modified_gmt":"2022-07-05T23:05:23","slug":"comprar-mdpv-metilenodioxipirovalerona-po","status":"publish","type":"product","link":"https:\/\/medicinasinc.com\/pt\/product\/comprar-mdpv-metilenodioxipirovalerona-po\/","title":{"rendered":"Compre MDPV (Metilenodioxipirovalerona) em p\u00f3"},"content":{"rendered":"<p>MDPV est\u00e1 dispon\u00edvel para compra aqui.<\/p>\n<p>compre MDPV online para uso pr\u00f3prio ou para revenda. Podemos garantir que nosso p\u00f3 MDPV \u00e0 venda \u00e9 da mais alta qualidade atualmente dispon\u00edvel no mercado. Western Union, MoneyGram e bitcoins est\u00e3o entre os m\u00e9todos de pagamento que aceitamos. Tamb\u00e9m temos uma grande variedade de produtos qu\u00edmicos de pesquisa \u00e0 venda, incluindo JWH-018. Lembre-se de que n\u00e3o somos respons\u00e1veis \u200b\u200bpela forma como nosso MDPV \u00e0 venda nos Estados Unidos \u00e9 usado por nossos clientes.<\/p>\n<p>Um estimulante da classe das catinonas, o p\u00f3 de MDPV (Metilenodioxipirovalerona) pode ser adquirido on-line. \u00c9 um inibidor da recapta\u00e7\u00e3o de norepinefrina-dopamina e um medicamento estimulante psicotr\u00f3pico. Na d\u00e9cada de 1960, uma equipe da Boehringer Ingelheim o criou.<br \/> FORMA EM P\u00d3 DE MDPV (METILENEDIOXIPIROVALERONE):<br \/> Por causa de sua textura fina e tend\u00eancia a grudar quando exposto \u00e0 umidade, o sal cloridrato \u00e9 muitas vezes confundido com a\u00e7\u00facar em p\u00f3.<br \/> As propriedades estimulantes do MDPV foram comparadas \u00e0s da coca\u00edna, metilfenidato e anfetaminas.<\/p>\n<div class=\"entry-content gbtr_product_description\">\n<h3 class=\"fusion-responsive-typography-calculated \" data-fontsize=\"16\" data-lineheight=\"24px\"><\/h3>\n<\/p><\/div>\n","protected":false},"excerpt":{"rendered":"<div class=\"woocommerce-product-details__short-description\">\n<p>Compre MDPV para venda online no Reino Unido, Europa aqui em medicinasinc.com\/pt. Comprar produtos qu\u00edmicos de pesquisa Metilenodioxipirovalerona online \u00e9 muito dif\u00edcil. Mas podemos fornecer MDPV de alta qualidade para venda a pre\u00e7os muito baixos. Nada de bom vem facilmente e \u00e9 preciso muito trabalho para ter o MDPV de melhor qualidade \u00e0 venda.<\/p>\n<p><b>Metilenodioxipirovalerona<\/b>\u00a0(MDPV) \u00e9 um estimulante da classe das catinonas que atua como um inibidor da recapta\u00e7\u00e3o de norepinefrina-dopamina (NDRI). Foi desenvolvido pela primeira vez na d\u00e9cada de 1960 por uma equipe da Boehringer Ingelheim.<\/p>\n<h3 class=\"fusion-responsive-typography-calculated\" data-fontsize=\"16\" data-lineheight=\"24px\">MDPV (Metilenodioxipirovalerona) o p\u00f3 \u00e9 um estimulante da classe das catinonas.<\/h3>\n<\/p><\/div>\n","protected":false},"featured_media":5576,"comment_status":"open","ping_status":"closed","template":"","meta":[],"product_brand":[],"product_cat":[2014],"product_tag":[3187,3139,3140,3141,3142,3147,3148,3149,3150,3154,3155,3160,3161,3162,3138,3153,3143,3156,3137,3145,3146,3144,3151,3152,3157,3158,3159,3167,3166,3168,3170,3171,3172,3173,3174,3179,3180,3175,3176,3177,3178,3182,3181,3169,3188,3184,3185,3189,3186,3183,3163,3164,3165,3136],"class_list":{"0":"post-5565","1":"product","2":"type-product","3":"status-publish","4":"has-post-thumbnail","6":"product_cat-compre-produtos-quimicos-de-pesquisa","7":"product_tag-base-em-p-de-metilenodioxipirovalerona","8":"product_tag-buy-mdpv-1g","9":"product_tag-buy-mdpv-cheap","10":"product_tag-buy-mdpv-europe","11":"product_tag-buy-mdpv-online","12":"product_tag-buy-mdpv-powdera-online","13":"product_tag-buy-mdpv-powdera-online-casino","14":"product_tag-buy-mdpv-powdera-online-ecouter","15":"product_tag-buy-mdpv-powdera-online-fr","16":"product_tag-buy-methylenedioxypyrovalerone-powder-online-indonesia","17":"product_tag-buy-methylenedioxypyrovalerone-powder-online-review","18":"product_tag-buy-methylenedioxypyrovalerone-powdera-online-fr","19":"product_tag-buy-methylenedioxypyrovalerone-power-online","20":"product_tag-como-comprar-mdpv","21":"product_tag-comprar-mdpv","22":"product_tag-compre-mdpv-eua","23":"product_tag-compre-mdpv-online-eua","24":"product_tag-comprar-metilenodioxipirovalerona-p-revises-on-line","25":"product_tag-comprar-dextrometorfano-p-online","26":"product_tag-compre-mdpv-p-online-2019","27":"product_tag-buy-mdpv-powder-online-free","28":"product_tag-buy-mdpv-plant-food","29":"product_tag-compre-mdpv-power-online","30":"product_tag-buy-mdpv-uk","31":"product_tag-comprar-metilenodioxipirovalerona-powdera-online","32":"product_tag-comprar-metilenodioxipirovalerona-powdera-online-ecouter","33":"product_tag-buy-metilenodioxipirovalerona-powdera-online-com","34":"product_tag-mdpv-buy-usa","35":"product_tag-mdpv-buy-uk","36":"product_tag-mdpv-drug","37":"product_tag-mdpv-p-venda","38":"product_tag-mdpv-p-venda-2019","39":"product_tag-mdpv-p-venda-amazon","40":"product_tag-mdpv-p-para-venda-craigslist","41":"product_tag-mdpv-p-venda-ebay","42":"product_tag-mdpv-p-venda-estados-unidos","43":"product_tag-mdpv-p-venda-eua","44":"product_tag-mdpv-p-venda-florida","45":"product_tag-mdpv-p-venda-michigan","46":"product_tag-mdpv-p-venda-perto-de-mim","47":"product_tag-mdpv-p-venda-uk","48":"product_tag-mdpv-p-venda-sem","49":"product_tag-mdpv-p-venda-walmart","50":"product_tag-mdpv-online-buy","51":"product_tag-methylenedioxypyrovalerone-powder-review","52":"product_tag-metilenodioxipirovalerona-comprar","53":"product_tag-metilenodioxipirovalerona-comprar-online","54":"product_tag-onde-comprar-mdpv","55":"product_tag-metilenodioxipirovalerona-em-p","56":"product_tag-ps-mdpv","57":"product_tag-mdpv-sais-de-banho-comprar","58":"product_tag-mdpv-bath-salts-buy-online","59":"product_tag-mdpv-sais-de-banho-para-venda","60":"product_tag-sal-de-banho-a-venda","62":"first","63":"instock","64":"shipping-taxable","65":"purchasable","66":"product-type-variable","67":"has-default-attributes"},"yoast_head":"<!-- This site is optimized with the Yoast SEO plugin v27.3 - https:\/\/yoast.com\/product\/yoast-seo-wordpress\/ -->\n<title>Compre MDPV (Metilenodioxipirovalerona) em p\u00f3 - Best Global Meds<\/title>\n<meta name=\"description\" content=\"Compre MDPV para venda online no Reino Unido, Europa aqui em medicinasinc.com\/pt. Comprar produtos qu\u00edmicos de pesquisa Metilenodioxipirovalerona online \u00e9 muito dif\u00edcil. Mas podemos fornecer MDPV de alta qualidade para venda a pre\u00e7os muito baixos.\" \/>\n<meta name=\"robots\" content=\"index, follow, max-snippet:-1, max-image-preview:large, max-video-preview:-1\" \/>\n<link rel=\"canonical\" href=\"https:\/\/medicinasinc.com\/pt\/product\/comprar-mdpv-metilenodioxipirovalerona-po\/\" \/>\n<meta property=\"og:locale\" content=\"pt_PT\" \/>\n<meta property=\"og:type\" content=\"article\" \/>\n<meta property=\"og:title\" content=\"Compre MDPV (Metilenodioxipirovalerona) em p\u00f3 - Best Global Meds\" \/>\n<meta property=\"og:description\" content=\"Compre MDPV para venda online no Reino Unido, Europa aqui em medicinasinc.com\/pt. Comprar produtos qu\u00edmicos de pesquisa Metilenodioxipirovalerona online \u00e9 muito dif\u00edcil. Mas podemos fornecer MDPV de alta qualidade para venda a pre\u00e7os muito baixos.\" \/>\n<meta property=\"og:url\" content=\"https:\/\/medicinasinc.com\/pt\/product\/comprar-mdpv-metilenodioxipirovalerona-po\/\" \/>\n<meta property=\"og:site_name\" content=\"Medicinas Inc\" \/>\n<meta property=\"article:modified_time\" content=\"2022-07-05T23:05:23+00:00\" \/>\n<meta property=\"og:image\" content=\"https:\/\/medicinasinc.com\/pt\/wp-content\/uploads\/sites\/20\/2022\/02\/buy-methylenedioxypyrovalerone.jpg\" \/>\n\t<meta property=\"og:image:width\" content=\"1400\" \/>\n\t<meta property=\"og:image:height\" content=\"700\" \/>\n\t<meta property=\"og:image:type\" content=\"image\/jpeg\" \/>\n<meta name=\"twitter:card\" content=\"summary_large_image\" \/>\n<meta name=\"twitter:label1\" content=\"Tempo estimado de leitura\" \/>\n\t<meta name=\"twitter:data1\" content=\"1 minuto\" \/>\n<script type=\"application\/ld+json\" class=\"yoast-schema-graph\">{\"@context\":\"https:\\\/\\\/schema.org\",\"@graph\":[{\"@type\":\"WebPage\",\"@id\":\"https:\\\/\\\/medicinasinc.com\\\/pt\\\/product\\\/comprar-mdpv-metilenodioxipirovalerona-po\\\/\",\"url\":\"https:\\\/\\\/medicinasinc.com\\\/pt\\\/product\\\/comprar-mdpv-metilenodioxipirovalerona-po\\\/\",\"name\":\"Compre MDPV (Metilenodioxipirovalerona) em p\u00f3 - Best Global Meds\",\"isPartOf\":{\"@id\":\"https:\\\/\\\/medicinasinc.com\\\/pt\\\/#website\"},\"primaryImageOfPage\":{\"@id\":\"https:\\\/\\\/medicinasinc.com\\\/pt\\\/product\\\/comprar-mdpv-metilenodioxipirovalerona-po\\\/#primaryimage\"},\"image\":{\"@id\":\"https:\\\/\\\/medicinasinc.com\\\/pt\\\/product\\\/comprar-mdpv-metilenodioxipirovalerona-po\\\/#primaryimage\"},\"thumbnailUrl\":\"https:\\\/\\\/medicinasinc.com\\\/pt\\\/wp-content\\\/uploads\\\/sites\\\/20\\\/2022\\\/02\\\/buy-methylenedioxypyrovalerone.jpg\",\"datePublished\":\"2022-02-22T01:51:04+00:00\",\"dateModified\":\"2022-07-05T23:05:23+00:00\",\"description\":\"Compre MDPV para venda online no Reino Unido, Europa aqui em medicinasinc.com\\\/pt. Comprar produtos qu\u00edmicos de pesquisa Metilenodioxipirovalerona online \u00e9 muito dif\u00edcil. Mas podemos fornecer MDPV de alta qualidade para venda a pre\u00e7os muito baixos.\",\"breadcrumb\":{\"@id\":\"https:\\\/\\\/medicinasinc.com\\\/pt\\\/product\\\/comprar-mdpv-metilenodioxipirovalerona-po\\\/#breadcrumb\"},\"inLanguage\":\"pt-PT\",\"potentialAction\":[{\"@type\":\"ReadAction\",\"target\":[\"https:\\\/\\\/medicinasinc.com\\\/pt\\\/product\\\/comprar-mdpv-metilenodioxipirovalerona-po\\\/\"]}]},{\"@type\":\"ImageObject\",\"inLanguage\":\"pt-PT\",\"@id\":\"https:\\\/\\\/medicinasinc.com\\\/pt\\\/product\\\/comprar-mdpv-metilenodioxipirovalerona-po\\\/#primaryimage\",\"url\":\"https:\\\/\\\/medicinasinc.com\\\/pt\\\/wp-content\\\/uploads\\\/sites\\\/20\\\/2022\\\/02\\\/buy-methylenedioxypyrovalerone.jpg\",\"contentUrl\":\"https:\\\/\\\/medicinasinc.com\\\/pt\\\/wp-content\\\/uploads\\\/sites\\\/20\\\/2022\\\/02\\\/buy-methylenedioxypyrovalerone.jpg\",\"width\":1400,\"height\":700},{\"@type\":\"BreadcrumbList\",\"@id\":\"https:\\\/\\\/medicinasinc.com\\\/pt\\\/product\\\/comprar-mdpv-metilenodioxipirovalerona-po\\\/#breadcrumb\",\"itemListElement\":[{\"@type\":\"ListItem\",\"position\":1,\"name\":\"Comprar\",\"item\":\"https:\\\/\\\/medicinasinc.com\\\/pt\\\/comprar\\\/\"},{\"@type\":\"ListItem\",\"position\":2,\"name\":\"Compre MDPV (Metilenodioxipirovalerona) em p\u00f3\"}]},{\"@type\":\"WebSite\",\"@id\":\"https:\\\/\\\/medicinasinc.com\\\/pt\\\/#website\",\"url\":\"https:\\\/\\\/medicinasinc.com\\\/pt\\\/\",\"name\":\"Medicinas Inc\",\"description\":\"Health Medical Clinic\",\"potentialAction\":[{\"@type\":\"SearchAction\",\"target\":{\"@type\":\"EntryPoint\",\"urlTemplate\":\"https:\\\/\\\/medicinasinc.com\\\/pt\\\/?s={search_term_string}\"},\"query-input\":{\"@type\":\"PropertyValueSpecification\",\"valueRequired\":true,\"valueName\":\"search_term_string\"}}],\"inLanguage\":\"pt-PT\"}]}<\/script>\n<!-- \/ Yoast SEO plugin. -->","yoast_head_json":{"title":"Compre MDPV (Metilenodioxipirovalerona) em p\u00f3 - Best Global Meds","description":"Compre MDPV para venda online no Reino Unido, Europa aqui em medicinasinc.com\/pt. Comprar produtos qu\u00edmicos de pesquisa Metilenodioxipirovalerona online \u00e9 muito dif\u00edcil. Mas podemos fornecer MDPV de alta qualidade para venda a pre\u00e7os muito baixos.","robots":{"index":"index","follow":"follow","max-snippet":"max-snippet:-1","max-image-preview":"max-image-preview:large","max-video-preview":"max-video-preview:-1"},"canonical":"https:\/\/medicinasinc.com\/pt\/product\/comprar-mdpv-metilenodioxipirovalerona-po\/","og_locale":"pt_PT","og_type":"article","og_title":"Compre MDPV (Metilenodioxipirovalerona) em p\u00f3 - Best Global Meds","og_description":"Compre MDPV para venda online no Reino Unido, Europa aqui em medicinasinc.com\/pt. Comprar produtos qu\u00edmicos de pesquisa Metilenodioxipirovalerona online \u00e9 muito dif\u00edcil. Mas podemos fornecer MDPV de alta qualidade para venda a pre\u00e7os muito baixos.","og_url":"https:\/\/medicinasinc.com\/pt\/product\/comprar-mdpv-metilenodioxipirovalerona-po\/","og_site_name":"Medicinas Inc","article_modified_time":"2022-07-05T23:05:23+00:00","og_image":[{"width":1400,"height":700,"url":"https:\/\/medicinasinc.com\/pt\/wp-content\/uploads\/sites\/20\/2022\/02\/buy-methylenedioxypyrovalerone.jpg","type":"image\/jpeg"}],"twitter_card":"summary_large_image","twitter_misc":{"Tempo estimado de leitura":"1 minuto"},"schema":{"@context":"https:\/\/schema.org","@graph":[{"@type":"WebPage","@id":"https:\/\/medicinasinc.com\/pt\/product\/comprar-mdpv-metilenodioxipirovalerona-po\/","url":"https:\/\/medicinasinc.com\/pt\/product\/comprar-mdpv-metilenodioxipirovalerona-po\/","name":"Compre MDPV (Metilenodioxipirovalerona) em p\u00f3 - Best Global Meds","isPartOf":{"@id":"https:\/\/medicinasinc.com\/pt\/#website"},"primaryImageOfPage":{"@id":"https:\/\/medicinasinc.com\/pt\/product\/comprar-mdpv-metilenodioxipirovalerona-po\/#primaryimage"},"image":{"@id":"https:\/\/medicinasinc.com\/pt\/product\/comprar-mdpv-metilenodioxipirovalerona-po\/#primaryimage"},"thumbnailUrl":"https:\/\/medicinasinc.com\/pt\/wp-content\/uploads\/sites\/20\/2022\/02\/buy-methylenedioxypyrovalerone.jpg","datePublished":"2022-02-22T01:51:04+00:00","dateModified":"2022-07-05T23:05:23+00:00","description":"Compre MDPV para venda online no Reino Unido, Europa aqui em medicinasinc.com\/pt. Comprar produtos qu\u00edmicos de pesquisa Metilenodioxipirovalerona online \u00e9 muito dif\u00edcil. Mas podemos fornecer MDPV de alta qualidade para venda a pre\u00e7os muito baixos.","breadcrumb":{"@id":"https:\/\/medicinasinc.com\/pt\/product\/comprar-mdpv-metilenodioxipirovalerona-po\/#breadcrumb"},"inLanguage":"pt-PT","potentialAction":[{"@type":"ReadAction","target":["https:\/\/medicinasinc.com\/pt\/product\/comprar-mdpv-metilenodioxipirovalerona-po\/"]}]},{"@type":"ImageObject","inLanguage":"pt-PT","@id":"https:\/\/medicinasinc.com\/pt\/product\/comprar-mdpv-metilenodioxipirovalerona-po\/#primaryimage","url":"https:\/\/medicinasinc.com\/pt\/wp-content\/uploads\/sites\/20\/2022\/02\/buy-methylenedioxypyrovalerone.jpg","contentUrl":"https:\/\/medicinasinc.com\/pt\/wp-content\/uploads\/sites\/20\/2022\/02\/buy-methylenedioxypyrovalerone.jpg","width":1400,"height":700},{"@type":"BreadcrumbList","@id":"https:\/\/medicinasinc.com\/pt\/product\/comprar-mdpv-metilenodioxipirovalerona-po\/#breadcrumb","itemListElement":[{"@type":"ListItem","position":1,"name":"Comprar","item":"https:\/\/medicinasinc.com\/pt\/comprar\/"},{"@type":"ListItem","position":2,"name":"Compre MDPV (Metilenodioxipirovalerona) em p\u00f3"}]},{"@type":"WebSite","@id":"https:\/\/medicinasinc.com\/pt\/#website","url":"https:\/\/medicinasinc.com\/pt\/","name":"Medicinas Inc","description":"Health Medical Clinic","potentialAction":[{"@type":"SearchAction","target":{"@type":"EntryPoint","urlTemplate":"https:\/\/medicinasinc.com\/pt\/?s={search_term_string}"},"query-input":{"@type":"PropertyValueSpecification","valueRequired":true,"valueName":"search_term_string"}}],"inLanguage":"pt-PT"}]}},"_links":{"self":[{"href":"https:\/\/medicinasinc.com\/pt\/wp-json\/wp\/v2\/product\/5565","targetHints":{"allow":["GET"]}}],"collection":[{"href":"https:\/\/medicinasinc.com\/pt\/wp-json\/wp\/v2\/product"}],"about":[{"href":"https:\/\/medicinasinc.com\/pt\/wp-json\/wp\/v2\/types\/product"}],"replies":[{"embeddable":true,"href":"https:\/\/medicinasinc.com\/pt\/wp-json\/wp\/v2\/comments?post=5565"}],"wp:featuredmedia":[{"embeddable":true,"href":"https:\/\/medicinasinc.com\/pt\/wp-json\/wp\/v2\/media\/5576"}],"wp:attachment":[{"href":"https:\/\/medicinasinc.com\/pt\/wp-json\/wp\/v2\/media?parent=5565"}],"wp:term":[{"taxonomy":"product_brand","embeddable":true,"href":"https:\/\/medicinasinc.com\/pt\/wp-json\/wp\/v2\/product_brand?post=5565"},{"taxonomy":"product_cat","embeddable":true,"href":"https:\/\/medicinasinc.com\/pt\/wp-json\/wp\/v2\/product_cat?post=5565"},{"taxonomy":"product_tag","embeddable":true,"href":"https:\/\/medicinasinc.com\/pt\/wp-json\/wp\/v2\/product_tag?post=5565"}],"curies":[{"name":"wp","href":"https:\/\/api.w.org\/{rel}","templated":true}]}}