{"id":5564,"date":"2022-02-22T01:48:50","date_gmt":"2022-02-22T01:48:50","guid":{"rendered":"https:\/\/medicinasinc.com\/pt\/?post_type=product&#038;p=5564"},"modified":"2022-07-05T23:05:37","modified_gmt":"2022-07-05T23:05:37","slug":"comprar-mdai-po-de-cristal","status":"publish","type":"product","link":"https:\/\/medicinasinc.com\/pt\/product\/comprar-mdai-po-de-cristal\/","title":{"rendered":"Compre MDAI Crystal &amp; Em p\u00f3"},"content":{"rendered":"<p>Compre on-line cristais e p\u00f3s de MDAI.<\/p>\n<p>Cristais e p\u00f3s de MDAI \u00e0 venda a pre\u00e7os de desconto.<\/p>\n<p>Compre MDAI conosco.<\/p>\n<p>Nosso objetivo principal \u00e9 fornecer aos clientes informa\u00e7\u00f5es de ponta e servi\u00e7os de primeira linha. Grupos de explora\u00e7\u00e3o e instala\u00e7\u00f5es de fabrica\u00e7\u00e3o em grande escala podem encontrar RC nas quantidades e qualidade de que precisam. Uma vis\u00e3o geral do RC que atende a todos os seus interesses e objetivos pode ser encontrada aqui. Nossa empresa prop\u00f5e os produtos qu\u00edmicos de condu\u00e7\u00e3o do mundo com base nos avan\u00e7os tecnol\u00f3gicos mais recentes. Todos os itens desta lista n\u00e3o t\u00eam uso pr\u00e1tico para humanos.<\/p>\n<p>O uso de medicamentos em laborat\u00f3rio, para fins cient\u00edficos e para estudo, deve ser incentivado. Os qu\u00edmicos registrados s\u00f3 podem ser usados \u200b\u200bpara explora\u00e7\u00f5es, testes e testes. Pacotes recentemente produzidos pelas principais instala\u00e7\u00f5es de pesquisa da China no mercado de RC j\u00e1 est\u00e3o dispon\u00edveis.<\/p>\n<p>Se voc\u00ea fizer um acordo agora, entregaremos seu pacote em qualquer lugar nos Estados Unidos, Europa ou no mundo. Para atender \u00e0s suas necessidades, colaboramos com v\u00e1rios laborat\u00f3rios globais l\u00edderes que planejam desenvolver RC, e sua solicita\u00e7\u00e3o \u00e9 de extrema import\u00e2ncia para nossa empresa.<\/p>\n<p>Nosso fornecedor est\u00e1 sediado nos Estados Unidos e opera em todo o mundo. No site, o consumidor pode verificar facilmente a estimativa e acessibilidade do RC para suas pr\u00f3prias necessidades. Clientes. Entre em contato com nosso servi\u00e7o ao cliente amig\u00e1vel e multil\u00edngue para saber como fazer uma solicita\u00e7\u00e3o. Se voc\u00ea estiver interessado em buscar subst\u00e2ncias misturadas ou com desconto, entre em contato conosco para obter mais informa\u00e7\u00f5es. Se voc\u00ea n\u00e3o encontrar o que procura em nosso site, n\u00e3o hesite em nos contatar para obter assist\u00eancia. A qualidade \u00e9 a considera\u00e7\u00e3o mais importante ao obter produtos qu\u00edmicos para estudo.<\/p>\n","protected":false},"excerpt":{"rendered":"<p>Compre MDAI Crystal &amp; P\u00f3 para venda no Reino Unido, Europa barato online. MDAI ou 5,6-Metilenodioxi-2-aminoindanoCompre MDAI ou 5,6-Metilenodioxi-2-aminoindano.<\/p>\n","protected":false},"featured_media":5574,"comment_status":"open","ping_status":"closed","template":"","meta":[],"product_brand":[],"product_cat":[2014],"product_tag":[3094,3096,3101,3102,3103,2525,2530,2532,3104,3105,3107,3110,3100,3098,3097,2522,3106,3099,3111,3128,3126,3131,3132,3129,3125,3130,3133,3109,3116,3120,3117,3118,3119,517,2549,3108,3123,3122,3124,3135,3127,3113,3121,3114,3095,3134,3115,3093,3112],"class_list":{"0":"post-5564","1":"product","2":"type-product","3":"status-publish","4":"has-post-thumbnail","6":"product_cat-compre-produtos-quimicos-de-pesquisa","7":"product_tag-amphetamine-for-sale","8":"product_tag-buy-amphetamine-speed","9":"product_tag-buy-mdai-crystal","10":"product_tag-buy-mdai-powder","11":"product_tag-buy-meow-meow","12":"product_tag-buy-mephedrone","13":"product_tag-buy-mephedrone-online","14":"product_tag-buy-mephedrone-plant-food","15":"product_tag-buy-methylone","16":"product_tag-buy-mkat","17":"product_tag-buy-tryptamine","18":"product_tag-mdai-cristal-comprar","19":"product_tag-compre-mdai","20":"product_tag-comprar-cristal-metanfetamina","21":"product_tag-comprar-sais-de-banho","22":"product_tag-comprar-4mmc","23":"product_tag-comprar-fenetilamina","24":"product_tag-comprar-lsd","25":"product_tag-efeito-de-cristal-mdai","26":"product_tag-ordem-mefedrona","27":"product_tag-ordem-mdma","28":"product_tag-ordem-metilona","29":"product_tag-ordem-mkat","30":"product_tag-ordem-mefedrona-alimento-planta","31":"product_tag-ordem-mdai-cristal","32":"product_tag-order-meth-online","33":"product_tag-fenetilamina-para-venda","34":"product_tag-lsd--venda","35":"product_tag-mdai-crystal-wholesale","36":"product_tag-mdai-powder-online","37":"product_tag-mdai-for-sale","38":"product_tag-mdai-powder-buy","39":"product_tag-mdai-powder-for-sale","40":"product_tag-mdma-for-sale","41":"product_tag-mephedrone-for-sale","42":"product_tag-cristal-meth-para-venda","43":"product_tag-methylone-for-sale","44":"product_tag-miau-miau-venda","45":"product_tag-mkat-para-venda","46":"product_tag-onde-comprar-mdai-p","47":"product_tag-ordem-miau-miau","48":"product_tag-ordem-de-cristal-mdai","49":"product_tag-mdai-powder-order","50":"product_tag-mdai-cristal-reddit","51":"product_tag-sais-de-banho-para-venda","52":"product_tag-triptamina-para-venda","53":"product_tag-mdai-cristal-varejo","54":"product_tag-4mmc-para-venda","55":"product_tag-mdai-cristal-para-venda","57":"first","58":"instock","59":"shipping-taxable","60":"purchasable","61":"product-type-variable","62":"has-default-attributes"},"yoast_head":"<!-- This site is optimized with the Yoast SEO plugin v27.3 - https:\/\/yoast.com\/product\/yoast-seo-wordpress\/ -->\n<title>Compre MDAI Crystal &amp; P\u00f3 Barato Online - Melhores Medicamentos Globais<\/title>\n<meta name=\"description\" content=\"Compre MDAI Crystal &amp; P\u00f3 para venda no Reino Unido, Europa barato online. MDAI ou 5,6-Metilenodioxi-2-aminoindano Compre MDAI ou 5,6-Metilenodioxi-2-aminoindano .\" \/>\n<meta name=\"robots\" content=\"index, follow, max-snippet:-1, max-image-preview:large, max-video-preview:-1\" \/>\n<link rel=\"canonical\" href=\"https:\/\/medicinasinc.com\/pt\/product\/comprar-mdai-po-de-cristal\/\" \/>\n<meta property=\"og:locale\" content=\"pt_PT\" \/>\n<meta property=\"og:type\" content=\"article\" \/>\n<meta property=\"og:title\" content=\"Compre MDAI Crystal &amp; P\u00f3 Barato Online - Melhores Medicamentos Globais\" \/>\n<meta property=\"og:description\" content=\"Compre MDAI Crystal &amp; P\u00f3 para venda no Reino Unido, Europa barato online. MDAI ou 5,6-Metilenodioxi-2-aminoindano Compre MDAI ou 5,6-Metilenodioxi-2-aminoindano .\" \/>\n<meta property=\"og:url\" content=\"https:\/\/medicinasinc.com\/pt\/product\/comprar-mdai-po-de-cristal\/\" \/>\n<meta property=\"og:site_name\" content=\"Medicinas Inc\" \/>\n<meta property=\"article:modified_time\" content=\"2022-07-05T23:05:37+00:00\" \/>\n<meta property=\"og:image\" content=\"https:\/\/medicinasinc.com\/pt\/wp-content\/uploads\/sites\/20\/2022\/02\/buy-mdai-crystal-powder-cheap-online.jpg\" \/>\n\t<meta property=\"og:image:width\" content=\"600\" \/>\n\t<meta property=\"og:image:height\" content=\"600\" \/>\n\t<meta property=\"og:image:type\" content=\"image\/jpeg\" \/>\n<meta name=\"twitter:card\" content=\"summary_large_image\" \/>\n<meta name=\"twitter:label1\" content=\"Tempo estimado de leitura\" \/>\n\t<meta name=\"twitter:data1\" content=\"2 minutos\" \/>\n<script type=\"application\/ld+json\" class=\"yoast-schema-graph\">{\"@context\":\"https:\\\/\\\/schema.org\",\"@graph\":[{\"@type\":\"WebPage\",\"@id\":\"https:\\\/\\\/medicinasinc.com\\\/pt\\\/product\\\/comprar-mdai-po-de-cristal\\\/\",\"url\":\"https:\\\/\\\/medicinasinc.com\\\/pt\\\/product\\\/comprar-mdai-po-de-cristal\\\/\",\"name\":\"Compre MDAI Crystal &amp; P\u00f3 Barato Online - Melhores Medicamentos Globais\",\"isPartOf\":{\"@id\":\"https:\\\/\\\/medicinasinc.com\\\/pt\\\/#website\"},\"primaryImageOfPage\":{\"@id\":\"https:\\\/\\\/medicinasinc.com\\\/pt\\\/product\\\/comprar-mdai-po-de-cristal\\\/#primaryimage\"},\"image\":{\"@id\":\"https:\\\/\\\/medicinasinc.com\\\/pt\\\/product\\\/comprar-mdai-po-de-cristal\\\/#primaryimage\"},\"thumbnailUrl\":\"https:\\\/\\\/medicinasinc.com\\\/pt\\\/wp-content\\\/uploads\\\/sites\\\/20\\\/2022\\\/02\\\/buy-mdai-crystal-powder-cheap-online.jpg\",\"datePublished\":\"2022-02-22T01:48:50+00:00\",\"dateModified\":\"2022-07-05T23:05:37+00:00\",\"description\":\"Compre MDAI Crystal &amp; P\u00f3 para venda no Reino Unido, Europa barato online. MDAI ou 5,6-Metilenodioxi-2-aminoindano Compre MDAI ou 5,6-Metilenodioxi-2-aminoindano .\",\"breadcrumb\":{\"@id\":\"https:\\\/\\\/medicinasinc.com\\\/pt\\\/product\\\/comprar-mdai-po-de-cristal\\\/#breadcrumb\"},\"inLanguage\":\"pt-PT\",\"potentialAction\":[{\"@type\":\"ReadAction\",\"target\":[\"https:\\\/\\\/medicinasinc.com\\\/pt\\\/product\\\/comprar-mdai-po-de-cristal\\\/\"]}]},{\"@type\":\"ImageObject\",\"inLanguage\":\"pt-PT\",\"@id\":\"https:\\\/\\\/medicinasinc.com\\\/pt\\\/product\\\/comprar-mdai-po-de-cristal\\\/#primaryimage\",\"url\":\"https:\\\/\\\/medicinasinc.com\\\/pt\\\/wp-content\\\/uploads\\\/sites\\\/20\\\/2022\\\/02\\\/buy-mdai-crystal-powder-cheap-online.jpg\",\"contentUrl\":\"https:\\\/\\\/medicinasinc.com\\\/pt\\\/wp-content\\\/uploads\\\/sites\\\/20\\\/2022\\\/02\\\/buy-mdai-crystal-powder-cheap-online.jpg\",\"width\":600,\"height\":600},{\"@type\":\"BreadcrumbList\",\"@id\":\"https:\\\/\\\/medicinasinc.com\\\/pt\\\/product\\\/comprar-mdai-po-de-cristal\\\/#breadcrumb\",\"itemListElement\":[{\"@type\":\"ListItem\",\"position\":1,\"name\":\"Comprar\",\"item\":\"https:\\\/\\\/medicinasinc.com\\\/pt\\\/comprar\\\/\"},{\"@type\":\"ListItem\",\"position\":2,\"name\":\"Compre MDAI Crystal &amp; Em p\u00f3\"}]},{\"@type\":\"WebSite\",\"@id\":\"https:\\\/\\\/medicinasinc.com\\\/pt\\\/#website\",\"url\":\"https:\\\/\\\/medicinasinc.com\\\/pt\\\/\",\"name\":\"Medicinas Inc\",\"description\":\"Health Medical Clinic\",\"potentialAction\":[{\"@type\":\"SearchAction\",\"target\":{\"@type\":\"EntryPoint\",\"urlTemplate\":\"https:\\\/\\\/medicinasinc.com\\\/pt\\\/?s={search_term_string}\"},\"query-input\":{\"@type\":\"PropertyValueSpecification\",\"valueRequired\":true,\"valueName\":\"search_term_string\"}}],\"inLanguage\":\"pt-PT\"}]}<\/script>\n<!-- \/ Yoast SEO plugin. -->","yoast_head_json":{"title":"Compre MDAI Crystal &amp; P\u00f3 Barato Online - Melhores Medicamentos Globais","description":"Compre MDAI Crystal &amp; P\u00f3 para venda no Reino Unido, Europa barato online. MDAI ou 5,6-Metilenodioxi-2-aminoindano Compre MDAI ou 5,6-Metilenodioxi-2-aminoindano .","robots":{"index":"index","follow":"follow","max-snippet":"max-snippet:-1","max-image-preview":"max-image-preview:large","max-video-preview":"max-video-preview:-1"},"canonical":"https:\/\/medicinasinc.com\/pt\/product\/comprar-mdai-po-de-cristal\/","og_locale":"pt_PT","og_type":"article","og_title":"Compre MDAI Crystal &amp; P\u00f3 Barato Online - Melhores Medicamentos Globais","og_description":"Compre MDAI Crystal &amp; P\u00f3 para venda no Reino Unido, Europa barato online. MDAI ou 5,6-Metilenodioxi-2-aminoindano Compre MDAI ou 5,6-Metilenodioxi-2-aminoindano .","og_url":"https:\/\/medicinasinc.com\/pt\/product\/comprar-mdai-po-de-cristal\/","og_site_name":"Medicinas Inc","article_modified_time":"2022-07-05T23:05:37+00:00","og_image":[{"width":600,"height":600,"url":"https:\/\/medicinasinc.com\/pt\/wp-content\/uploads\/sites\/20\/2022\/02\/buy-mdai-crystal-powder-cheap-online.jpg","type":"image\/jpeg"}],"twitter_card":"summary_large_image","twitter_misc":{"Tempo estimado de leitura":"2 minutos"},"schema":{"@context":"https:\/\/schema.org","@graph":[{"@type":"WebPage","@id":"https:\/\/medicinasinc.com\/pt\/product\/comprar-mdai-po-de-cristal\/","url":"https:\/\/medicinasinc.com\/pt\/product\/comprar-mdai-po-de-cristal\/","name":"Compre MDAI Crystal &amp; P\u00f3 Barato Online - Melhores Medicamentos Globais","isPartOf":{"@id":"https:\/\/medicinasinc.com\/pt\/#website"},"primaryImageOfPage":{"@id":"https:\/\/medicinasinc.com\/pt\/product\/comprar-mdai-po-de-cristal\/#primaryimage"},"image":{"@id":"https:\/\/medicinasinc.com\/pt\/product\/comprar-mdai-po-de-cristal\/#primaryimage"},"thumbnailUrl":"https:\/\/medicinasinc.com\/pt\/wp-content\/uploads\/sites\/20\/2022\/02\/buy-mdai-crystal-powder-cheap-online.jpg","datePublished":"2022-02-22T01:48:50+00:00","dateModified":"2022-07-05T23:05:37+00:00","description":"Compre MDAI Crystal &amp; P\u00f3 para venda no Reino Unido, Europa barato online. MDAI ou 5,6-Metilenodioxi-2-aminoindano Compre MDAI ou 5,6-Metilenodioxi-2-aminoindano .","breadcrumb":{"@id":"https:\/\/medicinasinc.com\/pt\/product\/comprar-mdai-po-de-cristal\/#breadcrumb"},"inLanguage":"pt-PT","potentialAction":[{"@type":"ReadAction","target":["https:\/\/medicinasinc.com\/pt\/product\/comprar-mdai-po-de-cristal\/"]}]},{"@type":"ImageObject","inLanguage":"pt-PT","@id":"https:\/\/medicinasinc.com\/pt\/product\/comprar-mdai-po-de-cristal\/#primaryimage","url":"https:\/\/medicinasinc.com\/pt\/wp-content\/uploads\/sites\/20\/2022\/02\/buy-mdai-crystal-powder-cheap-online.jpg","contentUrl":"https:\/\/medicinasinc.com\/pt\/wp-content\/uploads\/sites\/20\/2022\/02\/buy-mdai-crystal-powder-cheap-online.jpg","width":600,"height":600},{"@type":"BreadcrumbList","@id":"https:\/\/medicinasinc.com\/pt\/product\/comprar-mdai-po-de-cristal\/#breadcrumb","itemListElement":[{"@type":"ListItem","position":1,"name":"Comprar","item":"https:\/\/medicinasinc.com\/pt\/comprar\/"},{"@type":"ListItem","position":2,"name":"Compre MDAI Crystal &amp; Em p\u00f3"}]},{"@type":"WebSite","@id":"https:\/\/medicinasinc.com\/pt\/#website","url":"https:\/\/medicinasinc.com\/pt\/","name":"Medicinas Inc","description":"Health Medical Clinic","potentialAction":[{"@type":"SearchAction","target":{"@type":"EntryPoint","urlTemplate":"https:\/\/medicinasinc.com\/pt\/?s={search_term_string}"},"query-input":{"@type":"PropertyValueSpecification","valueRequired":true,"valueName":"search_term_string"}}],"inLanguage":"pt-PT"}]}},"_links":{"self":[{"href":"https:\/\/medicinasinc.com\/pt\/wp-json\/wp\/v2\/product\/5564","targetHints":{"allow":["GET"]}}],"collection":[{"href":"https:\/\/medicinasinc.com\/pt\/wp-json\/wp\/v2\/product"}],"about":[{"href":"https:\/\/medicinasinc.com\/pt\/wp-json\/wp\/v2\/types\/product"}],"replies":[{"embeddable":true,"href":"https:\/\/medicinasinc.com\/pt\/wp-json\/wp\/v2\/comments?post=5564"}],"wp:featuredmedia":[{"embeddable":true,"href":"https:\/\/medicinasinc.com\/pt\/wp-json\/wp\/v2\/media\/5574"}],"wp:attachment":[{"href":"https:\/\/medicinasinc.com\/pt\/wp-json\/wp\/v2\/media?parent=5564"}],"wp:term":[{"taxonomy":"product_brand","embeddable":true,"href":"https:\/\/medicinasinc.com\/pt\/wp-json\/wp\/v2\/product_brand?post=5564"},{"taxonomy":"product_cat","embeddable":true,"href":"https:\/\/medicinasinc.com\/pt\/wp-json\/wp\/v2\/product_cat?post=5564"},{"taxonomy":"product_tag","embeddable":true,"href":"https:\/\/medicinasinc.com\/pt\/wp-json\/wp\/v2\/product_tag?post=5564"}],"curies":[{"name":"wp","href":"https:\/\/api.w.org\/{rel}","templated":true}]}}