{"id":5549,"date":"2022-02-22T01:34:03","date_gmt":"2022-02-22T01:34:03","guid":{"rendered":"https:\/\/medicinasinc.com\/pt\/?post_type=product&#038;p=5549"},"modified":"2022-07-05T23:06:06","modified_gmt":"2022-07-05T23:06:06","slug":"comprar-jwh-210-po-quimico","status":"publish","type":"product","link":"https:\/\/medicinasinc.com\/pt\/product\/comprar-jwh-210-po-quimico\/","title":{"rendered":"Compre o p\u00f3 qu\u00edmico JWH-210"},"content":{"rendered":"<p>O p\u00f3 qu\u00edmico do JWH-210 pode ser comprado online.<\/p>\n<p>Compre o p\u00f3 qu\u00edmico JWH-210 na internet. Um dos antidepressivos mais usados \u200b\u200bnos Estados Unidos \u00e9 o JWH-210. O canabin\u00f3ide tem um efeito poderoso.<\/p>\n<p>P\u00f3 WH-210 online<\/p>\n<p>Para al\u00edvio da dor, o p\u00f3 JWH-210 da fam\u00edlia do naftoilindol funciona como um agonista canabin\u00f3ide nos receptores CB1 e CB2 , com um valor de Ki de 0,46 nM para CB1 e 0,69 nM para CB2. Como um derivado de naftoil 4-substitu\u00eddo, tem uma afinidade de liga\u00e7\u00e3o mais forte (ou seja, Ki mais baixo) em CB1 do que seus hom\u00f3logos de 4-metil e 4-N-propil, JWH-122 (CB1 Ki 0,69 nM), bem como JWH-182 (CB1 Ki 0,65 nM), e a mol\u00e9cula de 4-metoxi JWH-081 (CB1 Ki 1,2 nM). John W. Huffman, que fez a descoberta, foi homenageado com a honra de ter seu achado batizado em sua homenagem.<\/p>\n<p>Existem dois tipos de receptores canabin\u00f3ides no corpo: CB1 e CB2. JWH-210 \u00e9 analg\u00e9sico e atua como agonista para ambos. CB1 Ki est\u00e1 a 0,46 nM e CB2 Ki a 0,69 nM. Um forte derivado naftoil 4-substitu\u00eddo da s\u00e9rie naftoilindol, tem uma afinidade maior para a liga\u00e7\u00e3o CB1 do que JWH-122, JWH-182 e JWH-081 dos canabin\u00f3ides sint\u00e9ticos de primeira gera\u00e7\u00e3o (1).<\/p>\n<p> Vias metab\u00f3licas: JWH-210 tem v\u00e1rios metab\u00f3litos conhecidos, incluindo metab\u00f3lito de \u00e1cido N-pentanoico (detect\u00e1vel na urina), metab\u00f3lito N-(4-hidroxipentil) (detect\u00e1vel na urina e soro), metab\u00f3lito N-(5-hidroxipentil) (detect\u00e1vel em urina e soro) e 5 metab\u00f3litos de hidroxiindol (detect\u00e1veis \u200b\u200bna urina e soro) (detect\u00e1veis \u200b\u200bna urina e soro). Tamb\u00e9m foi afirmado que o anel naftoil foi hidroxilado (2).<\/p>\n<p>Quando pulverizado em plantas, JWH-210 tem os mesmos efeitos e toxicidade que a maconha, de acordo com os usu\u00e1rios. Dentro de 2-5 minutos ap\u00f3s a inje\u00e7\u00e3o, os efeitos come\u00e7am a ser sentidos. Pouco se sabe sobre os efeitos do JWH-210 sozinho, no entanto, os canabin\u00f3ides sint\u00e9ticos geralmente causam altera\u00e7\u00f5es de humor e percep\u00e7\u00e3o, ataques de p\u00e2nico e agita\u00e7\u00e3o, um efeito semelhante ao da cannabis e efeitos alucin\u00f3genos menores (visuais e auditivos).<\/p>\n","protected":false},"excerpt":{"rendered":"<p>Compre JWH-210 Chemical Powder para venda online no Reino Unido, Europa, UE. O p\u00f3 qu\u00edmico JWH-210 \u00e9 um produto qu\u00edmico analg\u00e9sico da fam\u00edlia do naftoilindol.<\/p>\n<h3 class=\"product_title\">P\u00f3 JWH-210 online comprar JWH-210 original com 99% de pureza<\/h3>\n","protected":false},"featured_media":5560,"comment_status":"open","ping_status":"closed","template":"","meta":[],"product_brand":[],"product_cat":[2014],"product_tag":[3071,3072,3073,3070,3075,3034,3074,3079,3080,3047,3077,3078,3076],"class_list":{"0":"post-5549","1":"product","2":"type-product","3":"status-publish","4":"has-post-thumbnail","6":"product_cat-compre-produtos-quimicos-de-pesquisa","7":"product_tag-buy-jwh-210-europe","8":"product_tag-buy-jwh-210-uk","9":"product_tag-buy-jwh-210-usa","10":"product_tag-compre-jwh-210","11":"product_tag-jwh-210-dosagem","12":"product_tag-jwh-018","13":"product_tag-jwh-210-buy","14":"product_tag-jwh-210-reddit","15":"product_tag-jwh-210-review","16":"product_tag-jwh-250","17":"product_tag-jwh-210-ordem","18":"product_tag-jwh-210-psiconauta","19":"product_tag-jwh-210-legal-status-usa","21":"first","22":"instock","23":"shipping-taxable","24":"purchasable","25":"product-type-variable","26":"has-default-attributes"},"yoast_head":"<!-- This site is optimized with the Yoast SEO plugin v27.3 - https:\/\/yoast.com\/product\/yoast-seo-wordpress\/ -->\n<title>Compre o p\u00f3 qu\u00edmico JWH-210 - Best Global Meds<\/title>\n<meta name=\"description\" content=\"Compre o p\u00f3 qu\u00edmico JWH-210 para venda online no Reino Unido, Europa. O p\u00f3 qu\u00edmico JWH-210 \u00e9 um produto qu\u00edmico analg\u00e9sico da fam\u00edlia do naftoilindol.\" \/>\n<meta name=\"robots\" content=\"index, follow, max-snippet:-1, max-image-preview:large, max-video-preview:-1\" \/>\n<link rel=\"canonical\" href=\"https:\/\/medicinasinc.com\/pt\/product\/comprar-jwh-210-po-quimico\/\" \/>\n<meta property=\"og:locale\" content=\"pt_PT\" \/>\n<meta property=\"og:type\" content=\"article\" \/>\n<meta property=\"og:title\" content=\"Compre o p\u00f3 qu\u00edmico JWH-210 - Best Global Meds\" \/>\n<meta property=\"og:description\" content=\"Compre o p\u00f3 qu\u00edmico JWH-210 para venda online no Reino Unido, Europa. O p\u00f3 qu\u00edmico JWH-210 \u00e9 um produto qu\u00edmico analg\u00e9sico da fam\u00edlia do naftoilindol.\" \/>\n<meta property=\"og:url\" content=\"https:\/\/medicinasinc.com\/pt\/product\/comprar-jwh-210-po-quimico\/\" \/>\n<meta property=\"og:site_name\" content=\"Medicinas Inc\" \/>\n<meta property=\"article:modified_time\" content=\"2022-07-05T23:06:06+00:00\" \/>\n<meta property=\"og:image\" content=\"https:\/\/medicinasinc.com\/pt\/wp-content\/uploads\/sites\/20\/2022\/02\/Buy-JWH-210-Chemical-Powder-Online.jpg\" \/>\n\t<meta property=\"og:image:width\" content=\"600\" \/>\n\t<meta property=\"og:image:height\" content=\"600\" \/>\n\t<meta property=\"og:image:type\" content=\"image\/jpeg\" \/>\n<meta name=\"twitter:card\" content=\"summary_large_image\" \/>\n<meta name=\"twitter:label1\" content=\"Tempo estimado de leitura\" \/>\n\t<meta name=\"twitter:data1\" content=\"2 minutos\" \/>\n<script type=\"application\/ld+json\" class=\"yoast-schema-graph\">{\"@context\":\"https:\\\/\\\/schema.org\",\"@graph\":[{\"@type\":\"WebPage\",\"@id\":\"https:\\\/\\\/medicinasinc.com\\\/pt\\\/product\\\/comprar-jwh-210-po-quimico\\\/\",\"url\":\"https:\\\/\\\/medicinasinc.com\\\/pt\\\/product\\\/comprar-jwh-210-po-quimico\\\/\",\"name\":\"Compre o p\u00f3 qu\u00edmico JWH-210 - Best Global Meds\",\"isPartOf\":{\"@id\":\"https:\\\/\\\/medicinasinc.com\\\/pt\\\/#website\"},\"primaryImageOfPage\":{\"@id\":\"https:\\\/\\\/medicinasinc.com\\\/pt\\\/product\\\/comprar-jwh-210-po-quimico\\\/#primaryimage\"},\"image\":{\"@id\":\"https:\\\/\\\/medicinasinc.com\\\/pt\\\/product\\\/comprar-jwh-210-po-quimico\\\/#primaryimage\"},\"thumbnailUrl\":\"https:\\\/\\\/medicinasinc.com\\\/pt\\\/wp-content\\\/uploads\\\/sites\\\/20\\\/2022\\\/02\\\/Buy-JWH-210-Chemical-Powder-Online.jpg\",\"datePublished\":\"2022-02-22T01:34:03+00:00\",\"dateModified\":\"2022-07-05T23:06:06+00:00\",\"description\":\"Compre o p\u00f3 qu\u00edmico JWH-210 para venda online no Reino Unido, Europa. O p\u00f3 qu\u00edmico JWH-210 \u00e9 um produto qu\u00edmico analg\u00e9sico da fam\u00edlia do naftoilindol.\",\"breadcrumb\":{\"@id\":\"https:\\\/\\\/medicinasinc.com\\\/pt\\\/product\\\/comprar-jwh-210-po-quimico\\\/#breadcrumb\"},\"inLanguage\":\"pt-PT\",\"potentialAction\":[{\"@type\":\"ReadAction\",\"target\":[\"https:\\\/\\\/medicinasinc.com\\\/pt\\\/product\\\/comprar-jwh-210-po-quimico\\\/\"]}]},{\"@type\":\"ImageObject\",\"inLanguage\":\"pt-PT\",\"@id\":\"https:\\\/\\\/medicinasinc.com\\\/pt\\\/product\\\/comprar-jwh-210-po-quimico\\\/#primaryimage\",\"url\":\"https:\\\/\\\/medicinasinc.com\\\/pt\\\/wp-content\\\/uploads\\\/sites\\\/20\\\/2022\\\/02\\\/Buy-JWH-210-Chemical-Powder-Online.jpg\",\"contentUrl\":\"https:\\\/\\\/medicinasinc.com\\\/pt\\\/wp-content\\\/uploads\\\/sites\\\/20\\\/2022\\\/02\\\/Buy-JWH-210-Chemical-Powder-Online.jpg\",\"width\":600,\"height\":600},{\"@type\":\"BreadcrumbList\",\"@id\":\"https:\\\/\\\/medicinasinc.com\\\/pt\\\/product\\\/comprar-jwh-210-po-quimico\\\/#breadcrumb\",\"itemListElement\":[{\"@type\":\"ListItem\",\"position\":1,\"name\":\"Comprar\",\"item\":\"https:\\\/\\\/medicinasinc.com\\\/pt\\\/comprar\\\/\"},{\"@type\":\"ListItem\",\"position\":2,\"name\":\"Compre o p\u00f3 qu\u00edmico JWH-210\"}]},{\"@type\":\"WebSite\",\"@id\":\"https:\\\/\\\/medicinasinc.com\\\/pt\\\/#website\",\"url\":\"https:\\\/\\\/medicinasinc.com\\\/pt\\\/\",\"name\":\"Medicinas Inc\",\"description\":\"Health Medical Clinic\",\"potentialAction\":[{\"@type\":\"SearchAction\",\"target\":{\"@type\":\"EntryPoint\",\"urlTemplate\":\"https:\\\/\\\/medicinasinc.com\\\/pt\\\/?s={search_term_string}\"},\"query-input\":{\"@type\":\"PropertyValueSpecification\",\"valueRequired\":true,\"valueName\":\"search_term_string\"}}],\"inLanguage\":\"pt-PT\"}]}<\/script>\n<!-- \/ Yoast SEO plugin. -->","yoast_head_json":{"title":"Compre o p\u00f3 qu\u00edmico JWH-210 - Best Global Meds","description":"Compre o p\u00f3 qu\u00edmico JWH-210 para venda online no Reino Unido, Europa. O p\u00f3 qu\u00edmico JWH-210 \u00e9 um produto qu\u00edmico analg\u00e9sico da fam\u00edlia do naftoilindol.","robots":{"index":"index","follow":"follow","max-snippet":"max-snippet:-1","max-image-preview":"max-image-preview:large","max-video-preview":"max-video-preview:-1"},"canonical":"https:\/\/medicinasinc.com\/pt\/product\/comprar-jwh-210-po-quimico\/","og_locale":"pt_PT","og_type":"article","og_title":"Compre o p\u00f3 qu\u00edmico JWH-210 - Best Global Meds","og_description":"Compre o p\u00f3 qu\u00edmico JWH-210 para venda online no Reino Unido, Europa. O p\u00f3 qu\u00edmico JWH-210 \u00e9 um produto qu\u00edmico analg\u00e9sico da fam\u00edlia do naftoilindol.","og_url":"https:\/\/medicinasinc.com\/pt\/product\/comprar-jwh-210-po-quimico\/","og_site_name":"Medicinas Inc","article_modified_time":"2022-07-05T23:06:06+00:00","og_image":[{"width":600,"height":600,"url":"https:\/\/medicinasinc.com\/pt\/wp-content\/uploads\/sites\/20\/2022\/02\/Buy-JWH-210-Chemical-Powder-Online.jpg","type":"image\/jpeg"}],"twitter_card":"summary_large_image","twitter_misc":{"Tempo estimado de leitura":"2 minutos"},"schema":{"@context":"https:\/\/schema.org","@graph":[{"@type":"WebPage","@id":"https:\/\/medicinasinc.com\/pt\/product\/comprar-jwh-210-po-quimico\/","url":"https:\/\/medicinasinc.com\/pt\/product\/comprar-jwh-210-po-quimico\/","name":"Compre o p\u00f3 qu\u00edmico JWH-210 - Best Global Meds","isPartOf":{"@id":"https:\/\/medicinasinc.com\/pt\/#website"},"primaryImageOfPage":{"@id":"https:\/\/medicinasinc.com\/pt\/product\/comprar-jwh-210-po-quimico\/#primaryimage"},"image":{"@id":"https:\/\/medicinasinc.com\/pt\/product\/comprar-jwh-210-po-quimico\/#primaryimage"},"thumbnailUrl":"https:\/\/medicinasinc.com\/pt\/wp-content\/uploads\/sites\/20\/2022\/02\/Buy-JWH-210-Chemical-Powder-Online.jpg","datePublished":"2022-02-22T01:34:03+00:00","dateModified":"2022-07-05T23:06:06+00:00","description":"Compre o p\u00f3 qu\u00edmico JWH-210 para venda online no Reino Unido, Europa. O p\u00f3 qu\u00edmico JWH-210 \u00e9 um produto qu\u00edmico analg\u00e9sico da fam\u00edlia do naftoilindol.","breadcrumb":{"@id":"https:\/\/medicinasinc.com\/pt\/product\/comprar-jwh-210-po-quimico\/#breadcrumb"},"inLanguage":"pt-PT","potentialAction":[{"@type":"ReadAction","target":["https:\/\/medicinasinc.com\/pt\/product\/comprar-jwh-210-po-quimico\/"]}]},{"@type":"ImageObject","inLanguage":"pt-PT","@id":"https:\/\/medicinasinc.com\/pt\/product\/comprar-jwh-210-po-quimico\/#primaryimage","url":"https:\/\/medicinasinc.com\/pt\/wp-content\/uploads\/sites\/20\/2022\/02\/Buy-JWH-210-Chemical-Powder-Online.jpg","contentUrl":"https:\/\/medicinasinc.com\/pt\/wp-content\/uploads\/sites\/20\/2022\/02\/Buy-JWH-210-Chemical-Powder-Online.jpg","width":600,"height":600},{"@type":"BreadcrumbList","@id":"https:\/\/medicinasinc.com\/pt\/product\/comprar-jwh-210-po-quimico\/#breadcrumb","itemListElement":[{"@type":"ListItem","position":1,"name":"Comprar","item":"https:\/\/medicinasinc.com\/pt\/comprar\/"},{"@type":"ListItem","position":2,"name":"Compre o p\u00f3 qu\u00edmico JWH-210"}]},{"@type":"WebSite","@id":"https:\/\/medicinasinc.com\/pt\/#website","url":"https:\/\/medicinasinc.com\/pt\/","name":"Medicinas Inc","description":"Health Medical Clinic","potentialAction":[{"@type":"SearchAction","target":{"@type":"EntryPoint","urlTemplate":"https:\/\/medicinasinc.com\/pt\/?s={search_term_string}"},"query-input":{"@type":"PropertyValueSpecification","valueRequired":true,"valueName":"search_term_string"}}],"inLanguage":"pt-PT"}]}},"_links":{"self":[{"href":"https:\/\/medicinasinc.com\/pt\/wp-json\/wp\/v2\/product\/5549","targetHints":{"allow":["GET"]}}],"collection":[{"href":"https:\/\/medicinasinc.com\/pt\/wp-json\/wp\/v2\/product"}],"about":[{"href":"https:\/\/medicinasinc.com\/pt\/wp-json\/wp\/v2\/types\/product"}],"replies":[{"embeddable":true,"href":"https:\/\/medicinasinc.com\/pt\/wp-json\/wp\/v2\/comments?post=5549"}],"wp:featuredmedia":[{"embeddable":true,"href":"https:\/\/medicinasinc.com\/pt\/wp-json\/wp\/v2\/media\/5560"}],"wp:attachment":[{"href":"https:\/\/medicinasinc.com\/pt\/wp-json\/wp\/v2\/media?parent=5549"}],"wp:term":[{"taxonomy":"product_brand","embeddable":true,"href":"https:\/\/medicinasinc.com\/pt\/wp-json\/wp\/v2\/product_brand?post=5549"},{"taxonomy":"product_cat","embeddable":true,"href":"https:\/\/medicinasinc.com\/pt\/wp-json\/wp\/v2\/product_cat?post=5549"},{"taxonomy":"product_tag","embeddable":true,"href":"https:\/\/medicinasinc.com\/pt\/wp-json\/wp\/v2\/product_tag?post=5549"}],"curies":[{"name":"wp","href":"https:\/\/api.w.org\/{rel}","templated":true}]}}