{"id":5523,"date":"2022-02-22T01:06:52","date_gmt":"2022-02-22T01:06:52","guid":{"rendered":"https:\/\/medicinasinc.com\/pt\/?post_type=product&#038;p=5523"},"modified":"2022-07-05T23:07:01","modified_gmt":"2022-07-05T23:07:01","slug":"comprar-hdep-28-novela-etilnaftidato","status":"publish","type":"product","link":"https:\/\/medicinasinc.com\/pt\/product\/comprar-hdep-28-novela-etilnaftidato\/","title":{"rendered":"Compre hdep-28 Novel Etilnaftidato"},"content":{"rendered":"<p>Etilnaftidato HDEP-28 para venda<\/p>\n<p>3,4-metilenodioxi-N-etilcatinona \u00e9 frequentemente citado como um energizador entatog\u00eanico. 1-(1,3-Benzodioxol-5-il)-2-(etilamino)-1-propanona \u00e9 o nome dado a Etilona. A massa ordin\u00e1ria de C12H15NO3 \u00e9 221,251999 Da, enquanto a massa monoisot\u00f3pica \u00e9 221,104996 Da. Esta \u00e9 a f\u00f3rmula subnuclear. Compre etileno chin\u00eas. Ethylone \u00e9 uma pedra preciosa de valor inestim\u00e1vel que pode ser comprada. Pedras preciosas de etileno podem ser compradas. Fornecedor de Etilona. Ethylone est\u00e1 \u00e0 venda. rebate Ethylone<\/p>\n<p>ACD\/Labs e ChemAxon colaboraram para realizar uma avalia\u00e7\u00e3o de Ethylone. Em termos das propriedades que o ACD\/Labs previu, eles encontraram quatro aceitadores de seguran\u00e7a #H, quatro t\u00edtulos de giro livre, um registro de refra\u00e7\u00e3o de 1,54 com um fator de press\u00e3o de superf\u00edcie de 44,3470001220703dyne\/cm, uma motiva\u00e7\u00e3o de explos\u00e3o de 172,845\u00b0C e uma restri\u00e7\u00e3o de 362,188\u00b0C a 760mmHg.<\/p>\n<p>Esta \u00e9 uma ocorr\u00eancia comum em software l\u00f3gico e cient\u00edfico.<\/p>\n<p>Este produto foi desenvolvido para atender aos requisitos da ISO17025:2005 e Guia 34:2009.<\/p>\n<p>Voc\u00ea pode contar conosco para realizar o trabalho com rapidez e efici\u00eancia, pois somos a melhor organiza\u00e7\u00e3o do mundo. Os clientes podem esperar apenas os melhores produtos de qualidade de n\u00f3s! De uma forma que seja essencialmente consistente com o que geralmente esperamos quando compramos qualquer coisa<\/p>\n<p>Para que possamos comprar produtos da mais alta qualidade a pre\u00e7os mais razo\u00e1veis, e podemos repassar a economia para voc\u00ea!<\/p>\n<p> p&gt; <\/p>\n<p>Como resultado, exigimos que todos os nossos clientes fa\u00e7am o GC\/MS de seus itens para garantir precis\u00e3o e legalidade. Como nos preocupamos com nossos clientes e sua satisfa\u00e7\u00e3o, realizamos nossos pr\u00f3prios testes em cada remessa para verificar se a qualidade das pe\u00e7as restantes est\u00e1 em 100%.<\/p>\n<p>O futuro de nossa empresa depende de respondermos \u00e0 sua solicita\u00e7\u00e3o em amig\u00e1vel, por mais urgente que seja. Independentemente da situa\u00e7\u00e3o, pode sempre contar connosco para lhe fornecer os melhores medicamentos e delicados fogos de artif\u00edcio aos melhores pre\u00e7os, tudo entregue da forma mais discreta que se possa imaginar! Se n\u00e3o for muito inc\u00f4modo, tenha f\u00e9 e fa\u00e7a seu pedido com convic\u00e7\u00e3o!<\/p>\n<p>Devido \u00e0 nossa for\u00e7a demonstrada, voc\u00ea pode confiar em n\u00f3s e continuar fazendo neg\u00f3cios conosco sempre que quiser, desde que n\u00f3s est\u00e3o por perto. Sua queda n\u00e3o ser\u00e1 tolerada.<\/p>\n<p>Acompanhar a jornada do seu pacote \u00e9 simples gra\u00e7as aos n\u00fameros de acompanhamento que inclu\u00edmos em sua remessa.<\/p>\n","protected":false},"excerpt":{"rendered":"<p>Compre Etilnaftidato HDEP-28 para venda no Reino Unido, Europa. Acetato de etil 2-(naftalen-2-il)-2-(piperidin-2-il). Informe-se sobre hdep-28, o novo etilnaftidato.<\/p>\n<p>Compre hdep-28 Novel Etilnaftidato 1 oz na Amazon.com<\/p>\n<p>Etilnaftidato, ou HDEP-28, \u00e9 um substituto para o fenidato proibido s\u00e9rie.<\/p>\n<p>Os clientes agora podem comprar Etilnaftidato.<br \/> HDEP-28, tamb\u00e9m conhecido como etilnaftidato, destina-se a assumir o papel da rec\u00e9m-proibida s\u00e9rie qu\u00edmica Fenidato.<br \/> Quando comparado com &amp; #8216;Fenidatos,&#8217; os clientes que usam este produto no laborat\u00f3rio devem esperar um espectro semelhante de resultados.<br \/> A IUPAC prev\u00ea que os pesquisadores descobrir\u00e3o que o HDEP 28 \/ Etilnafidato \u00e9 um excelente substituto para o etilfenidato. 2-(naftalen-2-il)-2-(piperidin-2-il)acetato<br \/> N\/A<br \/> F\u00f3rmula C19H23NO2<br \/> O peso molecular \u00e9 297,40<\/p>\n","protected":false},"featured_media":5535,"comment_status":"open","ping_status":"closed","template":"","meta":[],"product_brand":[],"product_cat":[2014],"product_tag":[],"class_list":{"0":"post-5523","1":"product","2":"type-product","3":"status-publish","4":"has-post-thumbnail","6":"product_cat-compre-produtos-quimicos-de-pesquisa","8":"first","9":"instock","10":"shipping-taxable","11":"purchasable","12":"product-type-variable","13":"has-default-attributes"},"yoast_head":"<!-- This site is optimized with the Yoast SEO plugin v27.3 - https:\/\/yoast.com\/product\/yoast-seo-wordpress\/ -->\n<title>Compre hdep-28 Novel Etilnaftidato - Melhores Medicamentos Globais<\/title>\n<meta name=\"description\" content=\"Compre hdep-28 Novel Etilnaftidato para venda no Reino Unido, Europa Online. IUPAC: etil 2-(naftalen-2-il)-2-(piperidin-2-il)acetato. Encomende hdep-28 Novela Etilnaftidato\" \/>\n<meta name=\"robots\" content=\"index, follow, max-snippet:-1, max-image-preview:large, max-video-preview:-1\" \/>\n<link rel=\"canonical\" href=\"https:\/\/medicinasinc.com\/pt\/product\/comprar-hdep-28-novela-etilnaftidato\/\" \/>\n<meta property=\"og:locale\" content=\"pt_PT\" \/>\n<meta property=\"og:type\" content=\"article\" \/>\n<meta property=\"og:title\" content=\"Compre hdep-28 Novel Etilnaftidato - Melhores Medicamentos Globais\" \/>\n<meta property=\"og:description\" content=\"Compre hdep-28 Novel Etilnaftidato para venda no Reino Unido, Europa Online. IUPAC: etil 2-(naftalen-2-il)-2-(piperidin-2-il)acetato. Encomende hdep-28 Novela Etilnaftidato\" \/>\n<meta property=\"og:url\" content=\"https:\/\/medicinasinc.com\/pt\/product\/comprar-hdep-28-novela-etilnaftidato\/\" \/>\n<meta property=\"og:site_name\" content=\"Medicinas Inc\" \/>\n<meta property=\"article:modified_time\" content=\"2022-07-05T23:07:01+00:00\" \/>\n<meta property=\"og:image\" content=\"https:\/\/medicinasinc.com\/pt\/wp-content\/uploads\/sites\/20\/2022\/02\/Buy-hdep-28-Novel-Ethylnaphthidate.jpg\" \/>\n\t<meta property=\"og:image:width\" content=\"600\" \/>\n\t<meta property=\"og:image:height\" content=\"600\" \/>\n\t<meta property=\"og:image:type\" content=\"image\/jpeg\" \/>\n<meta name=\"twitter:card\" content=\"summary_large_image\" \/>\n<meta name=\"twitter:label1\" content=\"Tempo estimado de leitura\" \/>\n\t<meta name=\"twitter:data1\" content=\"2 minutos\" \/>\n<script type=\"application\/ld+json\" class=\"yoast-schema-graph\">{\"@context\":\"https:\\\/\\\/schema.org\",\"@graph\":[{\"@type\":\"WebPage\",\"@id\":\"https:\\\/\\\/medicinasinc.com\\\/pt\\\/product\\\/comprar-hdep-28-novela-etilnaftidato\\\/\",\"url\":\"https:\\\/\\\/medicinasinc.com\\\/pt\\\/product\\\/comprar-hdep-28-novela-etilnaftidato\\\/\",\"name\":\"Compre hdep-28 Novel Etilnaftidato - Melhores Medicamentos Globais\",\"isPartOf\":{\"@id\":\"https:\\\/\\\/medicinasinc.com\\\/pt\\\/#website\"},\"primaryImageOfPage\":{\"@id\":\"https:\\\/\\\/medicinasinc.com\\\/pt\\\/product\\\/comprar-hdep-28-novela-etilnaftidato\\\/#primaryimage\"},\"image\":{\"@id\":\"https:\\\/\\\/medicinasinc.com\\\/pt\\\/product\\\/comprar-hdep-28-novela-etilnaftidato\\\/#primaryimage\"},\"thumbnailUrl\":\"https:\\\/\\\/medicinasinc.com\\\/pt\\\/wp-content\\\/uploads\\\/sites\\\/20\\\/2022\\\/02\\\/Buy-hdep-28-Novel-Ethylnaphthidate.jpg\",\"datePublished\":\"2022-02-22T01:06:52+00:00\",\"dateModified\":\"2022-07-05T23:07:01+00:00\",\"description\":\"Compre hdep-28 Novel Etilnaftidato para venda no Reino Unido, Europa Online. IUPAC: etil 2-(naftalen-2-il)-2-(piperidin-2-il)acetato. Encomende hdep-28 Novela Etilnaftidato\",\"breadcrumb\":{\"@id\":\"https:\\\/\\\/medicinasinc.com\\\/pt\\\/product\\\/comprar-hdep-28-novela-etilnaftidato\\\/#breadcrumb\"},\"inLanguage\":\"pt-PT\",\"potentialAction\":[{\"@type\":\"ReadAction\",\"target\":[\"https:\\\/\\\/medicinasinc.com\\\/pt\\\/product\\\/comprar-hdep-28-novela-etilnaftidato\\\/\"]}]},{\"@type\":\"ImageObject\",\"inLanguage\":\"pt-PT\",\"@id\":\"https:\\\/\\\/medicinasinc.com\\\/pt\\\/product\\\/comprar-hdep-28-novela-etilnaftidato\\\/#primaryimage\",\"url\":\"https:\\\/\\\/medicinasinc.com\\\/pt\\\/wp-content\\\/uploads\\\/sites\\\/20\\\/2022\\\/02\\\/Buy-hdep-28-Novel-Ethylnaphthidate.jpg\",\"contentUrl\":\"https:\\\/\\\/medicinasinc.com\\\/pt\\\/wp-content\\\/uploads\\\/sites\\\/20\\\/2022\\\/02\\\/Buy-hdep-28-Novel-Ethylnaphthidate.jpg\",\"width\":600,\"height\":600},{\"@type\":\"BreadcrumbList\",\"@id\":\"https:\\\/\\\/medicinasinc.com\\\/pt\\\/product\\\/comprar-hdep-28-novela-etilnaftidato\\\/#breadcrumb\",\"itemListElement\":[{\"@type\":\"ListItem\",\"position\":1,\"name\":\"Comprar\",\"item\":\"https:\\\/\\\/medicinasinc.com\\\/pt\\\/comprar\\\/\"},{\"@type\":\"ListItem\",\"position\":2,\"name\":\"Compre hdep-28 Novel Etilnaftidato\"}]},{\"@type\":\"WebSite\",\"@id\":\"https:\\\/\\\/medicinasinc.com\\\/pt\\\/#website\",\"url\":\"https:\\\/\\\/medicinasinc.com\\\/pt\\\/\",\"name\":\"Medicinas Inc\",\"description\":\"Health Medical Clinic\",\"potentialAction\":[{\"@type\":\"SearchAction\",\"target\":{\"@type\":\"EntryPoint\",\"urlTemplate\":\"https:\\\/\\\/medicinasinc.com\\\/pt\\\/?s={search_term_string}\"},\"query-input\":{\"@type\":\"PropertyValueSpecification\",\"valueRequired\":true,\"valueName\":\"search_term_string\"}}],\"inLanguage\":\"pt-PT\"}]}<\/script>\n<!-- \/ Yoast SEO plugin. -->","yoast_head_json":{"title":"Compre hdep-28 Novel Etilnaftidato - Melhores Medicamentos Globais","description":"Compre hdep-28 Novel Etilnaftidato para venda no Reino Unido, Europa Online. IUPAC: etil 2-(naftalen-2-il)-2-(piperidin-2-il)acetato. Encomende hdep-28 Novela Etilnaftidato","robots":{"index":"index","follow":"follow","max-snippet":"max-snippet:-1","max-image-preview":"max-image-preview:large","max-video-preview":"max-video-preview:-1"},"canonical":"https:\/\/medicinasinc.com\/pt\/product\/comprar-hdep-28-novela-etilnaftidato\/","og_locale":"pt_PT","og_type":"article","og_title":"Compre hdep-28 Novel Etilnaftidato - Melhores Medicamentos Globais","og_description":"Compre hdep-28 Novel Etilnaftidato para venda no Reino Unido, Europa Online. IUPAC: etil 2-(naftalen-2-il)-2-(piperidin-2-il)acetato. Encomende hdep-28 Novela Etilnaftidato","og_url":"https:\/\/medicinasinc.com\/pt\/product\/comprar-hdep-28-novela-etilnaftidato\/","og_site_name":"Medicinas Inc","article_modified_time":"2022-07-05T23:07:01+00:00","og_image":[{"width":600,"height":600,"url":"https:\/\/medicinasinc.com\/pt\/wp-content\/uploads\/sites\/20\/2022\/02\/Buy-hdep-28-Novel-Ethylnaphthidate.jpg","type":"image\/jpeg"}],"twitter_card":"summary_large_image","twitter_misc":{"Tempo estimado de leitura":"2 minutos"},"schema":{"@context":"https:\/\/schema.org","@graph":[{"@type":"WebPage","@id":"https:\/\/medicinasinc.com\/pt\/product\/comprar-hdep-28-novela-etilnaftidato\/","url":"https:\/\/medicinasinc.com\/pt\/product\/comprar-hdep-28-novela-etilnaftidato\/","name":"Compre hdep-28 Novel Etilnaftidato - Melhores Medicamentos Globais","isPartOf":{"@id":"https:\/\/medicinasinc.com\/pt\/#website"},"primaryImageOfPage":{"@id":"https:\/\/medicinasinc.com\/pt\/product\/comprar-hdep-28-novela-etilnaftidato\/#primaryimage"},"image":{"@id":"https:\/\/medicinasinc.com\/pt\/product\/comprar-hdep-28-novela-etilnaftidato\/#primaryimage"},"thumbnailUrl":"https:\/\/medicinasinc.com\/pt\/wp-content\/uploads\/sites\/20\/2022\/02\/Buy-hdep-28-Novel-Ethylnaphthidate.jpg","datePublished":"2022-02-22T01:06:52+00:00","dateModified":"2022-07-05T23:07:01+00:00","description":"Compre hdep-28 Novel Etilnaftidato para venda no Reino Unido, Europa Online. IUPAC: etil 2-(naftalen-2-il)-2-(piperidin-2-il)acetato. Encomende hdep-28 Novela Etilnaftidato","breadcrumb":{"@id":"https:\/\/medicinasinc.com\/pt\/product\/comprar-hdep-28-novela-etilnaftidato\/#breadcrumb"},"inLanguage":"pt-PT","potentialAction":[{"@type":"ReadAction","target":["https:\/\/medicinasinc.com\/pt\/product\/comprar-hdep-28-novela-etilnaftidato\/"]}]},{"@type":"ImageObject","inLanguage":"pt-PT","@id":"https:\/\/medicinasinc.com\/pt\/product\/comprar-hdep-28-novela-etilnaftidato\/#primaryimage","url":"https:\/\/medicinasinc.com\/pt\/wp-content\/uploads\/sites\/20\/2022\/02\/Buy-hdep-28-Novel-Ethylnaphthidate.jpg","contentUrl":"https:\/\/medicinasinc.com\/pt\/wp-content\/uploads\/sites\/20\/2022\/02\/Buy-hdep-28-Novel-Ethylnaphthidate.jpg","width":600,"height":600},{"@type":"BreadcrumbList","@id":"https:\/\/medicinasinc.com\/pt\/product\/comprar-hdep-28-novela-etilnaftidato\/#breadcrumb","itemListElement":[{"@type":"ListItem","position":1,"name":"Comprar","item":"https:\/\/medicinasinc.com\/pt\/comprar\/"},{"@type":"ListItem","position":2,"name":"Compre hdep-28 Novel Etilnaftidato"}]},{"@type":"WebSite","@id":"https:\/\/medicinasinc.com\/pt\/#website","url":"https:\/\/medicinasinc.com\/pt\/","name":"Medicinas Inc","description":"Health Medical Clinic","potentialAction":[{"@type":"SearchAction","target":{"@type":"EntryPoint","urlTemplate":"https:\/\/medicinasinc.com\/pt\/?s={search_term_string}"},"query-input":{"@type":"PropertyValueSpecification","valueRequired":true,"valueName":"search_term_string"}}],"inLanguage":"pt-PT"}]}},"_links":{"self":[{"href":"https:\/\/medicinasinc.com\/pt\/wp-json\/wp\/v2\/product\/5523","targetHints":{"allow":["GET"]}}],"collection":[{"href":"https:\/\/medicinasinc.com\/pt\/wp-json\/wp\/v2\/product"}],"about":[{"href":"https:\/\/medicinasinc.com\/pt\/wp-json\/wp\/v2\/types\/product"}],"replies":[{"embeddable":true,"href":"https:\/\/medicinasinc.com\/pt\/wp-json\/wp\/v2\/comments?post=5523"}],"wp:featuredmedia":[{"embeddable":true,"href":"https:\/\/medicinasinc.com\/pt\/wp-json\/wp\/v2\/media\/5535"}],"wp:attachment":[{"href":"https:\/\/medicinasinc.com\/pt\/wp-json\/wp\/v2\/media?parent=5523"}],"wp:term":[{"taxonomy":"product_brand","embeddable":true,"href":"https:\/\/medicinasinc.com\/pt\/wp-json\/wp\/v2\/product_brand?post=5523"},{"taxonomy":"product_cat","embeddable":true,"href":"https:\/\/medicinasinc.com\/pt\/wp-json\/wp\/v2\/product_cat?post=5523"},{"taxonomy":"product_tag","embeddable":true,"href":"https:\/\/medicinasinc.com\/pt\/wp-json\/wp\/v2\/product_tag?post=5523"}],"curies":[{"name":"wp","href":"https:\/\/api.w.org\/{rel}","templated":true}]}}