{"id":5520,"date":"2022-02-22T01:02:44","date_gmt":"2022-02-22T01:02:44","guid":{"rendered":"https:\/\/medicinasinc.com\/pt\/?post_type=product&#038;p=5520"},"modified":"2022-07-05T23:08:02","modified_gmt":"2022-07-05T23:08:02","slug":"comprar-fentanil-comprimidos","status":"publish","type":"product","link":"https:\/\/medicinasinc.com\/pt\/product\/comprar-fentanil-comprimidos\/","title":{"rendered":"Compre comprimidos de fentanil"},"content":{"rendered":"<p>As p\u00edlulas de fentanil, tamb\u00e9m conhecidas como fentanil, s\u00e3o um analg\u00e9sico opi\u00f3ide sint\u00e9tico altamente forte, com a\u00e7\u00e3o de curta dura\u00e7\u00e3o e in\u00edcio r\u00e1pido. Os receptores opi\u00f3ides s\u00e3o fortemente estimulados por esta droga. Diz-se que a pot\u00eancia do fentanil \u00e9 50-100 vezes maior que a da morfina.<\/p>\n<p>Formada em 1960, as p\u00edlulas de fentanil de Paul Janssen foram um sucesso imediato, seguindo os passos da petidina de Demerol. O fentanil foi criado testando an\u00e1logos da subst\u00e2ncia ativa opi\u00f3ide petidina, que est\u00e1 estruturalmente ligada ao fentanil.<\/p>\n<p>Citrato de fentanil (citrato de fentanil, que \u00e9 o sal gerado pela mistura de fentanil e \u00e1cido c\u00edtrico com 1:1 ratio) chegou ao mercado m\u00e9dico no in\u00edcio dos anos 60 sob o nome comercial Sublimaze devido ao seu uso extensivo. Sufentanil, alfentanil, remifentanil e lofentanil s\u00e3o apenas alguns dos muitos an\u00e1logos de fentanil que foram criados e colocados em uso cl\u00ednico desde ent\u00e3o.<\/p>\n<p>P\u00edlulas contendo Fentanil O uso paliativo de fentanil come\u00e7ou em meados da d\u00e9cada de 1990 com desenvolvimento do adesivo de fentanil, que foi rapidamente seguido por pastilhas de fentanil, comprimidos dissolventes e spray sublingual, que s\u00e3o todos absorvidos pela superf\u00edcie da boca. O fentanil foi o opi\u00f3ide sint\u00e9tico mais comumente prescrito nos Estados Unidos em 2012. Estima-se que 1.700 kg de pl\u00e1stico foram consumidos em 2013.<\/p>\n<p>O uso recreativo do fentanil resultou em milhares de mortes por overdose por ano. O uso m\u00e9dico inadequado tamb\u00e9m levou a mortes. Devido ao seu alto \u00edndice terap\u00eautico (270), o fentanil \u00e9 um anest\u00e9sico cir\u00fargico muito seguro quando administrado sob estrita supervis\u00e3o; mas, devido \u00e0 sua tremenda for\u00e7a, s\u00e3o necess\u00e1rias medi\u00e7\u00f5es precisas de solu\u00e7\u00e3o extremamente dilu\u00edda.<\/p>\n<p>uma dose eficaz e uma dose letal de fentanil em p\u00f3 seriam dif\u00edceis ou imposs\u00edveis de distinguir a olho nu se fossem colocadas pr\u00f3ximas a uns aos outros; \u00e9 por isso que \u00e9 impratic\u00e1vel quantificar com precis\u00e3o uma dose de p\u00f3 de fentanil puro sem equipamento cient\u00edfico moderno.<\/p>\n<p>Encomende p\u00edlulas, p\u00f3, adesivos e l\u00edquidos de fentanil online agora!<\/p>\n<div class=\"product -next-previous\">\n<div class=\"product-prev\"><\/div><\/div>\n","protected":false},"excerpt":{"rendered":"<p>Nosso neg\u00f3cio on-line vende comprimidos de Fentanil para venda no Reino Unido, UE e Europa com envio r\u00e1pido para todo o mundo! Voc\u00ea encontrar\u00e1 o melhor Fentanil para compra on-line aqui!<\/p>\n<p>Compre p\u00edlulas de Fentanil on-line no Reino Unido, Europa e no resto do mundo com entrega internacional r\u00e1pida em nossa farm\u00e1cia on-line hoje! Voc\u00ea encontrar\u00e1 o melhor Fentanil para compra online aqui! Informe-se sobre onde adquirir comprimidos de fentanil.<\/p>\n<p>P\u00edlulas contendo fentanil O adesivo de fentanil foi oferecido pela primeira vez para uso paliativo em meados da d\u00e9cada de 1990, e o pirulito de fentanil, os comprimidos para dissolver e o spray sublingual foram todos lan\u00e7ados a seguir d\u00e9cada atrav\u00e9s da absor\u00e7\u00e3o atrav\u00e9s da pele dentro da boca.<\/p>\n","protected":false},"featured_media":5529,"comment_status":"open","ping_status":"closed","template":"","meta":[],"product_brand":[],"product_cat":[2014],"product_tag":[2973,2976,2977,2843,2978,2979,2988,2975,2841,2974,2986,2992,2990,2984,2980,2995,2981,2982,2983,2850,2996,2997,2991,2987,2989,2993,2994,2985],"class_list":{"0":"post-5520","1":"product","2":"type-product","3":"status-publish","4":"has-post-thumbnail","6":"product_cat-compre-produtos-quimicos-de-pesquisa","7":"product_tag-buy-fentanyl-citrate-online","8":"product_tag-buy-fentanyl-online-uk","9":"product_tag-buy-fentanyl-powder","10":"product_tag-buy-fentanyl-powder-online","11":"product_tag-buying-fentanyl-online","12":"product_tag-carfentanil-for-sale","13":"product_tag-como-comprar-fentanil-lquido-online","14":"product_tag-comprar-fentanil-sem-receita","15":"product_tag-comprar-fentanil-online","16":"product_tag-comprar-fentanil-lquido-online","17":"product_tag-comprimidos-de-fentanil-para-venda","18":"product_tag-encomendar-fentanil-patches-online","19":"product_tag-encomendar-fentanil-lquido-online","20":"product_tag-fentanil-patch-online-farmcia","21":"product_tag-fentanil-comprar-online","22":"product_tag-fentanil-puro","23":"product_tag-fentanyl-for-sale","24":"product_tag-fentanyl-for-sale-online","25":"product_tag-fentanil-lquido-para-venda","26":"product_tag-fentanyl-powder-for-sale","27":"product_tag-o-melhor-lugar-para-comprar-fentanil-lquido-on-line","28":"product_tag-onde-comprar-fentanil-lquido-online","29":"product_tag-order-fentanyl-online","30":"product_tag-fentanil-p-preo","31":"product_tag-produtos-qumicos-de-pesquisa-de-opiceos-para-venda","32":"product_tag-purchase-fentanyl-liquid-online","33":"product_tag-purchase-fentanyl-online","34":"product_tag-venda-de-adesivos-de-fentanil","36":"first","37":"instock","38":"shipping-taxable","39":"purchasable","40":"product-type-variable","41":"has-default-attributes"},"yoast_head":"<!-- This site is optimized with the Yoast SEO plugin v27.3 - https:\/\/yoast.com\/product\/yoast-seo-wordpress\/ -->\n<title>Compre comprimidos de fentanil - p\u00edlulas de fentanil - Best Global Meds<\/title>\n<meta name=\"description\" content=\"Compre comprimidos de Fentanil para venda Reino Unido, UE Europa na nossa loja online com entrega r\u00e1pida em todo o mundo! O melhor Fentanil para pedir voc\u00ea encontra aqui!\" \/>\n<meta name=\"robots\" content=\"index, follow, max-snippet:-1, max-image-preview:large, max-video-preview:-1\" \/>\n<link rel=\"canonical\" href=\"https:\/\/medicinasinc.com\/pt\/product\/comprar-fentanil-comprimidos\/\" \/>\n<meta property=\"og:locale\" content=\"pt_PT\" \/>\n<meta property=\"og:type\" content=\"article\" \/>\n<meta property=\"og:title\" content=\"Compre comprimidos de fentanil - p\u00edlulas de fentanil - Best Global Meds\" \/>\n<meta property=\"og:description\" content=\"Compre comprimidos de Fentanil para venda Reino Unido, UE Europa na nossa loja online com entrega r\u00e1pida em todo o mundo! O melhor Fentanil para pedir voc\u00ea encontra aqui!\" \/>\n<meta property=\"og:url\" content=\"https:\/\/medicinasinc.com\/pt\/product\/comprar-fentanil-comprimidos\/\" \/>\n<meta property=\"og:site_name\" content=\"Medicinas Inc\" \/>\n<meta property=\"article:modified_time\" content=\"2022-07-05T23:08:02+00:00\" \/>\n<meta property=\"og:image\" content=\"https:\/\/medicinasinc.com\/pt\/wp-content\/uploads\/sites\/20\/2022\/02\/Buy-Fentanyl-Tablets.jpg\" \/>\n\t<meta property=\"og:image:width\" content=\"600\" \/>\n\t<meta property=\"og:image:height\" content=\"600\" \/>\n\t<meta property=\"og:image:type\" content=\"image\/jpeg\" \/>\n<meta name=\"twitter:card\" content=\"summary_large_image\" \/>\n<meta name=\"twitter:label1\" content=\"Tempo estimado de leitura\" \/>\n\t<meta name=\"twitter:data1\" content=\"2 minutos\" \/>\n<script type=\"application\/ld+json\" class=\"yoast-schema-graph\">{\"@context\":\"https:\\\/\\\/schema.org\",\"@graph\":[{\"@type\":\"WebPage\",\"@id\":\"https:\\\/\\\/medicinasinc.com\\\/pt\\\/product\\\/comprar-fentanil-comprimidos\\\/\",\"url\":\"https:\\\/\\\/medicinasinc.com\\\/pt\\\/product\\\/comprar-fentanil-comprimidos\\\/\",\"name\":\"Compre comprimidos de fentanil - p\u00edlulas de fentanil - Best Global Meds\",\"isPartOf\":{\"@id\":\"https:\\\/\\\/medicinasinc.com\\\/pt\\\/#website\"},\"primaryImageOfPage\":{\"@id\":\"https:\\\/\\\/medicinasinc.com\\\/pt\\\/product\\\/comprar-fentanil-comprimidos\\\/#primaryimage\"},\"image\":{\"@id\":\"https:\\\/\\\/medicinasinc.com\\\/pt\\\/product\\\/comprar-fentanil-comprimidos\\\/#primaryimage\"},\"thumbnailUrl\":\"https:\\\/\\\/medicinasinc.com\\\/pt\\\/wp-content\\\/uploads\\\/sites\\\/20\\\/2022\\\/02\\\/Buy-Fentanyl-Tablets.jpg\",\"datePublished\":\"2022-02-22T01:02:44+00:00\",\"dateModified\":\"2022-07-05T23:08:02+00:00\",\"description\":\"Compre comprimidos de Fentanil para venda Reino Unido, UE Europa na nossa loja online com entrega r\u00e1pida em todo o mundo! O melhor Fentanil para pedir voc\u00ea encontra aqui!\",\"breadcrumb\":{\"@id\":\"https:\\\/\\\/medicinasinc.com\\\/pt\\\/product\\\/comprar-fentanil-comprimidos\\\/#breadcrumb\"},\"inLanguage\":\"pt-PT\",\"potentialAction\":[{\"@type\":\"ReadAction\",\"target\":[\"https:\\\/\\\/medicinasinc.com\\\/pt\\\/product\\\/comprar-fentanil-comprimidos\\\/\"]}]},{\"@type\":\"ImageObject\",\"inLanguage\":\"pt-PT\",\"@id\":\"https:\\\/\\\/medicinasinc.com\\\/pt\\\/product\\\/comprar-fentanil-comprimidos\\\/#primaryimage\",\"url\":\"https:\\\/\\\/medicinasinc.com\\\/pt\\\/wp-content\\\/uploads\\\/sites\\\/20\\\/2022\\\/02\\\/Buy-Fentanyl-Tablets.jpg\",\"contentUrl\":\"https:\\\/\\\/medicinasinc.com\\\/pt\\\/wp-content\\\/uploads\\\/sites\\\/20\\\/2022\\\/02\\\/Buy-Fentanyl-Tablets.jpg\",\"width\":600,\"height\":600},{\"@type\":\"BreadcrumbList\",\"@id\":\"https:\\\/\\\/medicinasinc.com\\\/pt\\\/product\\\/comprar-fentanil-comprimidos\\\/#breadcrumb\",\"itemListElement\":[{\"@type\":\"ListItem\",\"position\":1,\"name\":\"Comprar\",\"item\":\"https:\\\/\\\/medicinasinc.com\\\/pt\\\/comprar\\\/\"},{\"@type\":\"ListItem\",\"position\":2,\"name\":\"Compre comprimidos de fentanil\"}]},{\"@type\":\"WebSite\",\"@id\":\"https:\\\/\\\/medicinasinc.com\\\/pt\\\/#website\",\"url\":\"https:\\\/\\\/medicinasinc.com\\\/pt\\\/\",\"name\":\"Medicinas Inc\",\"description\":\"Health Medical Clinic\",\"potentialAction\":[{\"@type\":\"SearchAction\",\"target\":{\"@type\":\"EntryPoint\",\"urlTemplate\":\"https:\\\/\\\/medicinasinc.com\\\/pt\\\/?s={search_term_string}\"},\"query-input\":{\"@type\":\"PropertyValueSpecification\",\"valueRequired\":true,\"valueName\":\"search_term_string\"}}],\"inLanguage\":\"pt-PT\"}]}<\/script>\n<!-- \/ Yoast SEO plugin. -->","yoast_head_json":{"title":"Compre comprimidos de fentanil - p\u00edlulas de fentanil - Best Global Meds","description":"Compre comprimidos de Fentanil para venda Reino Unido, UE Europa na nossa loja online com entrega r\u00e1pida em todo o mundo! O melhor Fentanil para pedir voc\u00ea encontra aqui!","robots":{"index":"index","follow":"follow","max-snippet":"max-snippet:-1","max-image-preview":"max-image-preview:large","max-video-preview":"max-video-preview:-1"},"canonical":"https:\/\/medicinasinc.com\/pt\/product\/comprar-fentanil-comprimidos\/","og_locale":"pt_PT","og_type":"article","og_title":"Compre comprimidos de fentanil - p\u00edlulas de fentanil - Best Global Meds","og_description":"Compre comprimidos de Fentanil para venda Reino Unido, UE Europa na nossa loja online com entrega r\u00e1pida em todo o mundo! O melhor Fentanil para pedir voc\u00ea encontra aqui!","og_url":"https:\/\/medicinasinc.com\/pt\/product\/comprar-fentanil-comprimidos\/","og_site_name":"Medicinas Inc","article_modified_time":"2022-07-05T23:08:02+00:00","og_image":[{"width":600,"height":600,"url":"https:\/\/medicinasinc.com\/pt\/wp-content\/uploads\/sites\/20\/2022\/02\/Buy-Fentanyl-Tablets.jpg","type":"image\/jpeg"}],"twitter_card":"summary_large_image","twitter_misc":{"Tempo estimado de leitura":"2 minutos"},"schema":{"@context":"https:\/\/schema.org","@graph":[{"@type":"WebPage","@id":"https:\/\/medicinasinc.com\/pt\/product\/comprar-fentanil-comprimidos\/","url":"https:\/\/medicinasinc.com\/pt\/product\/comprar-fentanil-comprimidos\/","name":"Compre comprimidos de fentanil - p\u00edlulas de fentanil - Best Global Meds","isPartOf":{"@id":"https:\/\/medicinasinc.com\/pt\/#website"},"primaryImageOfPage":{"@id":"https:\/\/medicinasinc.com\/pt\/product\/comprar-fentanil-comprimidos\/#primaryimage"},"image":{"@id":"https:\/\/medicinasinc.com\/pt\/product\/comprar-fentanil-comprimidos\/#primaryimage"},"thumbnailUrl":"https:\/\/medicinasinc.com\/pt\/wp-content\/uploads\/sites\/20\/2022\/02\/Buy-Fentanyl-Tablets.jpg","datePublished":"2022-02-22T01:02:44+00:00","dateModified":"2022-07-05T23:08:02+00:00","description":"Compre comprimidos de Fentanil para venda Reino Unido, UE Europa na nossa loja online com entrega r\u00e1pida em todo o mundo! O melhor Fentanil para pedir voc\u00ea encontra aqui!","breadcrumb":{"@id":"https:\/\/medicinasinc.com\/pt\/product\/comprar-fentanil-comprimidos\/#breadcrumb"},"inLanguage":"pt-PT","potentialAction":[{"@type":"ReadAction","target":["https:\/\/medicinasinc.com\/pt\/product\/comprar-fentanil-comprimidos\/"]}]},{"@type":"ImageObject","inLanguage":"pt-PT","@id":"https:\/\/medicinasinc.com\/pt\/product\/comprar-fentanil-comprimidos\/#primaryimage","url":"https:\/\/medicinasinc.com\/pt\/wp-content\/uploads\/sites\/20\/2022\/02\/Buy-Fentanyl-Tablets.jpg","contentUrl":"https:\/\/medicinasinc.com\/pt\/wp-content\/uploads\/sites\/20\/2022\/02\/Buy-Fentanyl-Tablets.jpg","width":600,"height":600},{"@type":"BreadcrumbList","@id":"https:\/\/medicinasinc.com\/pt\/product\/comprar-fentanil-comprimidos\/#breadcrumb","itemListElement":[{"@type":"ListItem","position":1,"name":"Comprar","item":"https:\/\/medicinasinc.com\/pt\/comprar\/"},{"@type":"ListItem","position":2,"name":"Compre comprimidos de fentanil"}]},{"@type":"WebSite","@id":"https:\/\/medicinasinc.com\/pt\/#website","url":"https:\/\/medicinasinc.com\/pt\/","name":"Medicinas Inc","description":"Health Medical Clinic","potentialAction":[{"@type":"SearchAction","target":{"@type":"EntryPoint","urlTemplate":"https:\/\/medicinasinc.com\/pt\/?s={search_term_string}"},"query-input":{"@type":"PropertyValueSpecification","valueRequired":true,"valueName":"search_term_string"}}],"inLanguage":"pt-PT"}]}},"_links":{"self":[{"href":"https:\/\/medicinasinc.com\/pt\/wp-json\/wp\/v2\/product\/5520","targetHints":{"allow":["GET"]}}],"collection":[{"href":"https:\/\/medicinasinc.com\/pt\/wp-json\/wp\/v2\/product"}],"about":[{"href":"https:\/\/medicinasinc.com\/pt\/wp-json\/wp\/v2\/types\/product"}],"replies":[{"embeddable":true,"href":"https:\/\/medicinasinc.com\/pt\/wp-json\/wp\/v2\/comments?post=5520"}],"wp:featuredmedia":[{"embeddable":true,"href":"https:\/\/medicinasinc.com\/pt\/wp-json\/wp\/v2\/media\/5529"}],"wp:attachment":[{"href":"https:\/\/medicinasinc.com\/pt\/wp-json\/wp\/v2\/media?parent=5520"}],"wp:term":[{"taxonomy":"product_brand","embeddable":true,"href":"https:\/\/medicinasinc.com\/pt\/wp-json\/wp\/v2\/product_brand?post=5520"},{"taxonomy":"product_cat","embeddable":true,"href":"https:\/\/medicinasinc.com\/pt\/wp-json\/wp\/v2\/product_cat?post=5520"},{"taxonomy":"product_tag","embeddable":true,"href":"https:\/\/medicinasinc.com\/pt\/wp-json\/wp\/v2\/product_tag?post=5520"}],"curies":[{"name":"wp","href":"https:\/\/api.w.org\/{rel}","templated":true}]}}