{"id":5497,"date":"2022-02-22T00:36:43","date_gmt":"2022-02-22T00:36:43","guid":{"rendered":"https:\/\/medicinasinc.com\/pt\/?post_type=product&#038;p=5497"},"modified":"2022-07-05T23:08:21","modified_gmt":"2022-07-05T23:08:21","slug":"comprar-etizolam-po","status":"publish","type":"product","link":"https:\/\/medicinasinc.com\/pt\/product\/comprar-etizolam-po\/","title":{"rendered":"Compre Etizolam em p\u00f3"},"content":{"rendered":"<p>Qu\u00edmica do Etizolam<\/p>\n<p>O nome qu\u00edmico do Etizolam \u00e9 &#8220;4-(2-Clorofenil)-2-etil-9-metil-6H-tieno[3,2-f][1,2,4] triazolo[4,3-a][1,4]diazepina.&#8221; O peso molecular desta droga foi determinado em 342,07 g\/mol, e sua pureza foi estimada em 99,5% ou mais em suas formas mais finas. A mol\u00e9cula desse medicamento mostrou-se est\u00e1vel por pelo menos dois ou tr\u00eas anos em temperatura ambiente ou entre 20oC e 25oC, que \u00e9 a temperatura de armazenamento recomendada. Apesar de seu status como um produto qu\u00edmico de pesquisa, os m\u00e9dicos prescreveram o etizolam para tratar pacientes com ansiedade.<\/p>\n<p>Origens e desenvolvimento do etizolam<\/p>\n<p>Um produto qu\u00edmico de pesquisa cinza, o etizolam fez sua estreia em 2011 como um produto qu\u00edmico de alta qualidade. sedativo de balc\u00e3o. Devido ao seu baixo custo, grande variedade de produtos e in\u00fameras aplica\u00e7\u00f5es, tornou-se posteriormente uma escolha popular para muitas pessoas. N\u00e3o se sabe de onde veio a f\u00f3rmula, no entanto, ela foi vinculada a pesquisas da d\u00e9cada de 1990.<\/p>\n<p>Para tratar o que o aflige, o Etizolam pode ser prescrito.<\/p>\n<p>Antidepressivo , relaxante muscular e efeitos anti-ansiedade s\u00e3o conhecidos por ocorrer quando Etizolam \u00e9 administrado, e foi prescrito para uso m\u00e9dico em tais casos. Embora esse efeito n\u00e3o se manifeste em todos os usu\u00e1rios, o medicamento tem potencial para aumentar a fome. O al\u00edvio do estresse e a reorganiza\u00e7\u00e3o da mem\u00f3ria s\u00e3o outros dois usos bem documentados para este medicamento. Por raz\u00f5es recreativas, a droga \u00e9 conhecida por causar efeitos como ego inflado, repress\u00e3o emocional e uma maior sensa\u00e7\u00e3o de sobriedade, entre outras coisas. As pessoas tamb\u00e9m o usaram para fins recreativos.<\/p>\n<p>O que o Etizolam faz ao seu corpo<\/p>\n<p>Uma grande variedade de pessoas, de cientistas ao p\u00fablico em geral, utilizaram o medicamento. Quando usado, o medicamento tem uma variedade de efeitos no corpo, na mente e nas percep\u00e7\u00f5es de si mesmo. A droga faz voc\u00ea se sentir fraco e incapaz de regular seu corpo. H\u00e1 um aumento na capacidade da pessoa de respirar livremente, bem como a felicidade f\u00edsica. Sonol\u00eancia e priva\u00e7\u00e3o do sono tamb\u00e9m podem ocorrer como efeito colateral do medicamento. Al\u00e9m disso, a subst\u00e2ncia tem impactos cognitivos, pois afeta a capacidade do corpo de realizar opera\u00e7\u00f5es regulares, interferindo no funcionamento do nervo motor. A regi\u00e3o hipocampal do c\u00e9rebro pode ser afetada, o que pode levar \u00e0 perda de mem\u00f3ria de curto prazo.<\/p>\n<p>O medicamento tamb\u00e9m reduz a motiva\u00e7\u00e3o e os n\u00edveis de energia, e tamb\u00e9m afeta a capacidade do c\u00e9rebro de compreender os pensamentos .<\/p>\n<p>A toxicidade tamb\u00e9m pode ser causada pela presen\u00e7a de contaminantes no medicamento.<\/p>\n<p>Etizolam: dosagem recomendada e efeitos adversos na pr\u00e1tica cl\u00ednica<\/p>\n<p>De 0,2mg a 5mg, as op\u00e7\u00f5es de dosagem do medicamento s\u00e3o amplas. Doses leves do medicamento est\u00e3o entre 0,2mg e 1mg, enquanto a quantidade mais comumente prescrita est\u00e1 entre 1-2mg. Uma dose alta \u00e9 aquela que excede ou \u00e9 igual a 5 miligramas.<\/p>\n<p>Como resultado, muitas pessoas acabam tomando uma dose mais alta para experimentar todo o espectro de efeitos favor\u00e1veis \u200b\u200bpara os quais o medicamento foi listado . Uma dose mais alta pode ter uma gama maior de efeitos, mas tamb\u00e9m tem efeitos colaterais mais perigosos, como grandes danos ou morte nas circunst\u00e2ncias mais extremas.<\/p>\n<p>\u00c9 legal tomar Etizolam<\/p>\n<p>Apesar de sua classifica\u00e7\u00e3o como subst\u00e2ncia controlada e programada, a fabrica\u00e7\u00e3o, o fornecimento e a posse da droga n\u00e3o s\u00e3o proibidos na maioria dos pa\u00edses.<\/p>\n<p>Voc\u00ea sabe onde obter o p\u00f3 de etizolam?<\/p>\n<p>Para laborat\u00f3rios, farm\u00e1cias, institui\u00e7\u00f5es de pesquisa e pessoas, nossa loja de medicamentos on-line oferece FUB \u2013 AKB48 de alta qualidade a um pre\u00e7o justo.<\/p>\n","protected":false},"excerpt":{"rendered":"<div class=\"woocommerce-product-details__short-description\">\n<p>Compre o p\u00f3 de Etizolam \u00e0 venda no Reino Unido, UE e Europa\u00a0dispon\u00edvel pelo menor pre\u00e7o. O p\u00f3 de etizolam \u00e9 usado como medicamento para tratar ansiedade, ins\u00f4nia e ataques de p\u00e2nico.<\/p>\n<p>O p\u00f3 de etizolam pode ser comprado online. Onde comprar Etizolam em p\u00f3 online?<\/p>\n<p>Etizolam em p\u00f3 da mais alta qualidade est\u00e1 dispon\u00edvel em BestGlobalMeds.com, a farm\u00e1cia da Internet mais confi\u00e1vel.<\/p>\n<p>Al\u00e9m de Etizolam, outras marcas para ele incluem Etilaam e Etizest. Etizolam \u00e9 um an\u00e1logo sint\u00e9tico da tienodiazepina que possui propriedades depressivas compar\u00e1veis \u200b\u200baos benzodiazep\u00ednicos em termos de redu\u00e7\u00e3o da ansiedade, estresse e promo\u00e7\u00e3o do relaxamento muscular. Al\u00e9m de comprimidos, p\u00f3 e solu\u00e7\u00e3o, \u00e9 um produto qu\u00edmico de pesquisa popular.<\/p>\n<\/p><\/div>\n","protected":false},"featured_media":5509,"comment_status":"open","ping_status":"closed","template":"","meta":[],"product_brand":[],"product_cat":[2014],"product_tag":[2898,2899,2900,2905,2906,2907,2908,2913,2925,2924,2967,2966,2957,2903,2911,2912,2914,2901,2902,2904,2910,2909,2955,2917,2928,2926,2915,2916,2959,2934,2952,2920,2922,2921,2947,2946,2944,2931,2932,2939,2919,2918,2949,2930,2933,2927,2929,2936,2941,2942,2943,2948,2953,2956,2962,2935,2958,2972,2969,2971,2970,2964,2961,2945,2960,2923,2937,2938,2963,2968,2965,2940,2954,2950,2951],"class_list":{"0":"post-5497","1":"product","2":"type-product","3":"status-publish","4":"has-post-thumbnail","6":"product_cat-compre-produtos-quimicos-de-pesquisa","7":"product_tag-etizolam-p-1g","8":"product_tag-buy-aniracetam-powder","9":"product_tag-buy-etizolam-japan","10":"product_tag-buy-etizolam-powder-online","11":"product_tag-buy-etizolam-powder-uk","12":"product_tag-buy-etizolam-powder-usa","13":"product_tag-buy-etizolam-powder-usa-with-credit-card","14":"product_tag-buy-etizolam-with-paypal","15":"product_tag-etizolam-p-carto-de-crdito","16":"product_tag-etizolam-p-cidade","17":"product_tag-o-que--o-tipo-de-etizolam","18":"product_tag-o-que--etizolam-like","19":"product_tag-como-ingerir-etizolam-em-p","20":"product_tag-comprar-etizolam-p","21":"product_tag-comprar-etizolam-usa-domstico","22":"product_tag-compre-etizolam-usa-entrega-noturna","23":"product_tag-buy-liquid-etizolam-usa","24":"product_tag-comprar-etizolam-online-estados-unidos","25":"product_tag-buy-etizolam-online-eua","26":"product_tag-comprar-etizolam-p-por-o-grama-eua","27":"product_tag-buy-etizolam-power","28":"product_tag-comprar-etizolam-ps","29":"product_tag-etizolam-comprimidos","30":"product_tag-dosagem-de-etizolam","31":"product_tag-dosagem-de-p-de-etizolam","32":"product_tag-etizolam-p-dosagem","33":"product_tag-etizolam-1","34":"product_tag-etizolam-30ml","35":"product_tag-is-etizolam-safe","36":"product_tag-etizolam-pow-high","37":"product_tag-etizolam-p-atacado","38":"product_tag-etizolam-p-austrlia","39":"product_tag-etizolam-powder-canad","40":"product_tag-etizolam-p-comprar","41":"product_tag-etizolam-powder-eua","42":"product_tag-etizolam-p-ns","43":"product_tag-etizolam-p-para-soluo","44":"product_tag-etizolam-p-venda","45":"product_tag-etizolam-p-venda-china","46":"product_tag-etizolam-p-reddit","47":"product_tag-etizolam-liquid","48":"product_tag-etizolam-for-sale-eua","49":"product_tag-etizolam-powder-usa-vendor","50":"product_tag-etizolam-powder-europe","51":"product_tag-etizolam-p-para-venda-reviews","52":"product_tag-etizolam-powder-dose","53":"product_tag-etizolam-powder-eu","54":"product_tag-etizolam-powder-online","55":"product_tag-etizolam-powder-site","56":"product_tag-etizolam-powder-solubility","57":"product_tag-etizolam-powder-taste","58":"product_tag-etizolam-powder-usa-supplier","59":"product_tag-etizolam-powders","60":"product_tag-etizolam-xanax-p","61":"product_tag-reddit-etizolam-vendors","62":"product_tag-medio-de-p-etizolam","63":"product_tag--etizolam-viciante-e-porque--etizolam-abusado","64":"product_tag-vontade-etizolam-p-dissolver-em-azeite","65":"product_tag-onde-comprar-etizolam","66":"product_tag-onde-comprar-etizolam-em-p","67":"product_tag-onde-comprar-etizolam-online","68":"product_tag-o-que-as-pessoas-geralmente-usam-etizolam-para","69":"product_tag-puro-etizolam-p","70":"product_tag-etizolam-powder-uk","71":"product_tag-p-em-soluo","72":"product_tag-etizolam-p-china","73":"product_tag-etizolam-p-preo","74":"product_tag-etizolam-p-preos","75":"product_tag-quais-so-os-solventes-usados-para-converter-etizolam","76":"product_tag-qual--a-importncia-do-etizolam-lquido","77":"product_tag-o-que-tem-gosto-de-etizolam-em-p","78":"product_tag-etizolam-powder-review","79":"product_tag-etizolam-soluo-comprar","80":"product_tag-etizolam-p-usos","81":"product_tag-etizolam-p-vendedor","83":"first","84":"instock","85":"shipping-taxable","86":"purchasable","87":"product-type-variable","88":"has-default-attributes"},"yoast_head":"<!-- This site is optimized with the Yoast SEO plugin v27.3 - https:\/\/yoast.com\/product\/yoast-seo-wordpress\/ -->\n<title>Compre Etizolam em p\u00f3 - Etizolam em p\u00f3 Europe- Best Global Meds<\/title>\n<meta name=\"description\" content=\"Compre Etizolam em p\u00f3 \u00e0 venda no Reino Unido, UE, Europa\u00a0dispon\u00edvel pelo menor pre\u00e7o. O p\u00f3 de etizolam \u00e9 usado como medicamento para tratar ansiedade, ins\u00f4nia e ataques de p\u00e2nico.\" \/>\n<meta name=\"robots\" content=\"index, follow, max-snippet:-1, max-image-preview:large, max-video-preview:-1\" \/>\n<link rel=\"canonical\" href=\"https:\/\/medicinasinc.com\/pt\/product\/comprar-etizolam-po\/\" \/>\n<meta property=\"og:locale\" content=\"pt_PT\" \/>\n<meta property=\"og:type\" content=\"article\" \/>\n<meta property=\"og:title\" content=\"Compre Etizolam em p\u00f3 - Etizolam em p\u00f3 Europe- Best Global Meds\" \/>\n<meta property=\"og:description\" content=\"Compre Etizolam em p\u00f3 \u00e0 venda no Reino Unido, UE, Europa\u00a0dispon\u00edvel pelo menor pre\u00e7o. O p\u00f3 de etizolam \u00e9 usado como medicamento para tratar ansiedade, ins\u00f4nia e ataques de p\u00e2nico.\" \/>\n<meta property=\"og:url\" content=\"https:\/\/medicinasinc.com\/pt\/product\/comprar-etizolam-po\/\" \/>\n<meta property=\"og:site_name\" content=\"Medicinas Inc\" \/>\n<meta property=\"article:modified_time\" content=\"2022-07-05T23:08:21+00:00\" \/>\n<meta property=\"og:image\" content=\"https:\/\/medicinasinc.com\/pt\/wp-content\/uploads\/sites\/20\/2022\/02\/Buy_Etizolam_powder.jpg\" \/>\n\t<meta property=\"og:image:width\" content=\"500\" \/>\n\t<meta property=\"og:image:height\" content=\"500\" \/>\n\t<meta property=\"og:image:type\" content=\"image\/jpeg\" \/>\n<meta name=\"twitter:card\" content=\"summary_large_image\" \/>\n<meta name=\"twitter:label1\" content=\"Tempo estimado de leitura\" \/>\n\t<meta name=\"twitter:data1\" content=\"3 minutos\" \/>\n<script type=\"application\/ld+json\" class=\"yoast-schema-graph\">{\"@context\":\"https:\\\/\\\/schema.org\",\"@graph\":[{\"@type\":\"WebPage\",\"@id\":\"https:\\\/\\\/medicinasinc.com\\\/pt\\\/product\\\/comprar-etizolam-po\\\/\",\"url\":\"https:\\\/\\\/medicinasinc.com\\\/pt\\\/product\\\/comprar-etizolam-po\\\/\",\"name\":\"Compre Etizolam em p\u00f3 - Etizolam em p\u00f3 Europe- Best Global Meds\",\"isPartOf\":{\"@id\":\"https:\\\/\\\/medicinasinc.com\\\/pt\\\/#website\"},\"primaryImageOfPage\":{\"@id\":\"https:\\\/\\\/medicinasinc.com\\\/pt\\\/product\\\/comprar-etizolam-po\\\/#primaryimage\"},\"image\":{\"@id\":\"https:\\\/\\\/medicinasinc.com\\\/pt\\\/product\\\/comprar-etizolam-po\\\/#primaryimage\"},\"thumbnailUrl\":\"https:\\\/\\\/medicinasinc.com\\\/pt\\\/wp-content\\\/uploads\\\/sites\\\/20\\\/2022\\\/02\\\/Buy_Etizolam_powder.jpg\",\"datePublished\":\"2022-02-22T00:36:43+00:00\",\"dateModified\":\"2022-07-05T23:08:21+00:00\",\"description\":\"Compre Etizolam em p\u00f3 \u00e0 venda no Reino Unido, UE, Europa\u00a0dispon\u00edvel pelo menor pre\u00e7o. O p\u00f3 de etizolam \u00e9 usado como medicamento para tratar ansiedade, ins\u00f4nia e ataques de p\u00e2nico.\",\"breadcrumb\":{\"@id\":\"https:\\\/\\\/medicinasinc.com\\\/pt\\\/product\\\/comprar-etizolam-po\\\/#breadcrumb\"},\"inLanguage\":\"pt-PT\",\"potentialAction\":[{\"@type\":\"ReadAction\",\"target\":[\"https:\\\/\\\/medicinasinc.com\\\/pt\\\/product\\\/comprar-etizolam-po\\\/\"]}]},{\"@type\":\"ImageObject\",\"inLanguage\":\"pt-PT\",\"@id\":\"https:\\\/\\\/medicinasinc.com\\\/pt\\\/product\\\/comprar-etizolam-po\\\/#primaryimage\",\"url\":\"https:\\\/\\\/medicinasinc.com\\\/pt\\\/wp-content\\\/uploads\\\/sites\\\/20\\\/2022\\\/02\\\/Buy_Etizolam_powder.jpg\",\"contentUrl\":\"https:\\\/\\\/medicinasinc.com\\\/pt\\\/wp-content\\\/uploads\\\/sites\\\/20\\\/2022\\\/02\\\/Buy_Etizolam_powder.jpg\",\"width\":500,\"height\":500},{\"@type\":\"BreadcrumbList\",\"@id\":\"https:\\\/\\\/medicinasinc.com\\\/pt\\\/product\\\/comprar-etizolam-po\\\/#breadcrumb\",\"itemListElement\":[{\"@type\":\"ListItem\",\"position\":1,\"name\":\"Comprar\",\"item\":\"https:\\\/\\\/medicinasinc.com\\\/pt\\\/comprar\\\/\"},{\"@type\":\"ListItem\",\"position\":2,\"name\":\"Compre Etizolam em p\u00f3\"}]},{\"@type\":\"WebSite\",\"@id\":\"https:\\\/\\\/medicinasinc.com\\\/pt\\\/#website\",\"url\":\"https:\\\/\\\/medicinasinc.com\\\/pt\\\/\",\"name\":\"Medicinas Inc\",\"description\":\"Health Medical Clinic\",\"potentialAction\":[{\"@type\":\"SearchAction\",\"target\":{\"@type\":\"EntryPoint\",\"urlTemplate\":\"https:\\\/\\\/medicinasinc.com\\\/pt\\\/?s={search_term_string}\"},\"query-input\":{\"@type\":\"PropertyValueSpecification\",\"valueRequired\":true,\"valueName\":\"search_term_string\"}}],\"inLanguage\":\"pt-PT\"}]}<\/script>\n<!-- \/ Yoast SEO plugin. -->","yoast_head_json":{"title":"Compre Etizolam em p\u00f3 - Etizolam em p\u00f3 Europe- Best Global Meds","description":"Compre Etizolam em p\u00f3 \u00e0 venda no Reino Unido, UE, Europa\u00a0dispon\u00edvel pelo menor pre\u00e7o. O p\u00f3 de etizolam \u00e9 usado como medicamento para tratar ansiedade, ins\u00f4nia e ataques de p\u00e2nico.","robots":{"index":"index","follow":"follow","max-snippet":"max-snippet:-1","max-image-preview":"max-image-preview:large","max-video-preview":"max-video-preview:-1"},"canonical":"https:\/\/medicinasinc.com\/pt\/product\/comprar-etizolam-po\/","og_locale":"pt_PT","og_type":"article","og_title":"Compre Etizolam em p\u00f3 - Etizolam em p\u00f3 Europe- Best Global Meds","og_description":"Compre Etizolam em p\u00f3 \u00e0 venda no Reino Unido, UE, Europa\u00a0dispon\u00edvel pelo menor pre\u00e7o. O p\u00f3 de etizolam \u00e9 usado como medicamento para tratar ansiedade, ins\u00f4nia e ataques de p\u00e2nico.","og_url":"https:\/\/medicinasinc.com\/pt\/product\/comprar-etizolam-po\/","og_site_name":"Medicinas Inc","article_modified_time":"2022-07-05T23:08:21+00:00","og_image":[{"width":500,"height":500,"url":"https:\/\/medicinasinc.com\/pt\/wp-content\/uploads\/sites\/20\/2022\/02\/Buy_Etizolam_powder.jpg","type":"image\/jpeg"}],"twitter_card":"summary_large_image","twitter_misc":{"Tempo estimado de leitura":"3 minutos"},"schema":{"@context":"https:\/\/schema.org","@graph":[{"@type":"WebPage","@id":"https:\/\/medicinasinc.com\/pt\/product\/comprar-etizolam-po\/","url":"https:\/\/medicinasinc.com\/pt\/product\/comprar-etizolam-po\/","name":"Compre Etizolam em p\u00f3 - Etizolam em p\u00f3 Europe- Best Global Meds","isPartOf":{"@id":"https:\/\/medicinasinc.com\/pt\/#website"},"primaryImageOfPage":{"@id":"https:\/\/medicinasinc.com\/pt\/product\/comprar-etizolam-po\/#primaryimage"},"image":{"@id":"https:\/\/medicinasinc.com\/pt\/product\/comprar-etizolam-po\/#primaryimage"},"thumbnailUrl":"https:\/\/medicinasinc.com\/pt\/wp-content\/uploads\/sites\/20\/2022\/02\/Buy_Etizolam_powder.jpg","datePublished":"2022-02-22T00:36:43+00:00","dateModified":"2022-07-05T23:08:21+00:00","description":"Compre Etizolam em p\u00f3 \u00e0 venda no Reino Unido, UE, Europa\u00a0dispon\u00edvel pelo menor pre\u00e7o. O p\u00f3 de etizolam \u00e9 usado como medicamento para tratar ansiedade, ins\u00f4nia e ataques de p\u00e2nico.","breadcrumb":{"@id":"https:\/\/medicinasinc.com\/pt\/product\/comprar-etizolam-po\/#breadcrumb"},"inLanguage":"pt-PT","potentialAction":[{"@type":"ReadAction","target":["https:\/\/medicinasinc.com\/pt\/product\/comprar-etizolam-po\/"]}]},{"@type":"ImageObject","inLanguage":"pt-PT","@id":"https:\/\/medicinasinc.com\/pt\/product\/comprar-etizolam-po\/#primaryimage","url":"https:\/\/medicinasinc.com\/pt\/wp-content\/uploads\/sites\/20\/2022\/02\/Buy_Etizolam_powder.jpg","contentUrl":"https:\/\/medicinasinc.com\/pt\/wp-content\/uploads\/sites\/20\/2022\/02\/Buy_Etizolam_powder.jpg","width":500,"height":500},{"@type":"BreadcrumbList","@id":"https:\/\/medicinasinc.com\/pt\/product\/comprar-etizolam-po\/#breadcrumb","itemListElement":[{"@type":"ListItem","position":1,"name":"Comprar","item":"https:\/\/medicinasinc.com\/pt\/comprar\/"},{"@type":"ListItem","position":2,"name":"Compre Etizolam em p\u00f3"}]},{"@type":"WebSite","@id":"https:\/\/medicinasinc.com\/pt\/#website","url":"https:\/\/medicinasinc.com\/pt\/","name":"Medicinas Inc","description":"Health Medical Clinic","potentialAction":[{"@type":"SearchAction","target":{"@type":"EntryPoint","urlTemplate":"https:\/\/medicinasinc.com\/pt\/?s={search_term_string}"},"query-input":{"@type":"PropertyValueSpecification","valueRequired":true,"valueName":"search_term_string"}}],"inLanguage":"pt-PT"}]}},"_links":{"self":[{"href":"https:\/\/medicinasinc.com\/pt\/wp-json\/wp\/v2\/product\/5497","targetHints":{"allow":["GET"]}}],"collection":[{"href":"https:\/\/medicinasinc.com\/pt\/wp-json\/wp\/v2\/product"}],"about":[{"href":"https:\/\/medicinasinc.com\/pt\/wp-json\/wp\/v2\/types\/product"}],"replies":[{"embeddable":true,"href":"https:\/\/medicinasinc.com\/pt\/wp-json\/wp\/v2\/comments?post=5497"}],"wp:featuredmedia":[{"embeddable":true,"href":"https:\/\/medicinasinc.com\/pt\/wp-json\/wp\/v2\/media\/5509"}],"wp:attachment":[{"href":"https:\/\/medicinasinc.com\/pt\/wp-json\/wp\/v2\/media?parent=5497"}],"wp:term":[{"taxonomy":"product_brand","embeddable":true,"href":"https:\/\/medicinasinc.com\/pt\/wp-json\/wp\/v2\/product_brand?post=5497"},{"taxonomy":"product_cat","embeddable":true,"href":"https:\/\/medicinasinc.com\/pt\/wp-json\/wp\/v2\/product_cat?post=5497"},{"taxonomy":"product_tag","embeddable":true,"href":"https:\/\/medicinasinc.com\/pt\/wp-json\/wp\/v2\/product_tag?post=5497"}],"curies":[{"name":"wp","href":"https:\/\/api.w.org\/{rel}","templated":true}]}}