{"id":5496,"date":"2022-02-22T00:34:51","date_gmt":"2022-02-22T00:34:51","guid":{"rendered":"https:\/\/medicinasinc.com\/pt\/?post_type=product&#038;p=5496"},"modified":"2022-07-05T23:08:35","modified_gmt":"2022-07-05T23:08:35","slug":"comprar-fentanil-citrato-injecao","status":"publish","type":"product","link":"https:\/\/medicinasinc.com\/pt\/product\/comprar-fentanil-citrato-injecao\/","title":{"rendered":"Compre inje\u00e7\u00e3o de citrato de fentanil"},"content":{"rendered":"<p>Cont\u00e9m um citrato de fentanil equivalente a uma dose de 50 microgramas por mililitro.<\/p>\n<p>Citrato de fentanil, 100 microgramas por ampola de 2 ml, \u00e9 o ingrediente ativo em cada ampola.<\/p>\n<p> Aproximadamente 500 microgramas de citrato de fentanil est\u00e3o contidos em cada ampola de 10 ml.<\/p>\n<p>Citrato de fentanil, 2500 microgramas por frasco, est\u00e1 contido em cada frasco.<\/p>\n<p>&nbsp;<\/p>\n<p> Este medicamento cont\u00e9m o seguinte:<\/p>\n<p>\u2022 Cada ampola de 2 ml cont\u00e9m 7,1 mg (ou 0,31 mmol) de s\u00f3dio, tornando-a essencialmente &#8220;isenta de s\u00f3dio&#8221;.<\/p>\n<p>Cada ampola de 10 ml cont\u00e9m 35,4 mg (ou 1,54 mmol) de s\u00f3dio, que \u00e9 semelhante a 2% da ingest\u00e3o di\u00e1ria m\u00e1xima recomendada pela OMS para um adulto de 2 g de s\u00f3dio.<\/p>\n<p>9% do consumo di\u00e1rio m\u00e1ximo recomendado pela Organiza\u00e7\u00e3o Mundial da Sa\u00fade de 2 gramas de s\u00f3dio para um adulto \u00e9 encontrado em um frasco de 50 ml contendo 177 mg de s\u00f3dio.<\/p>\n<p>O fentanil analg\u00e9sico opi\u00f3ide \u00e9 usado:<\/p>\n<p>&#8211; em doses modestas para procedimentos cir\u00fargicos curtos para fornecer analg\u00e9sico<\/p>\n<p>durante a vida -salvar o tratamento para pacientes dependentes de ventiladores<\/p>\n<p>usando neurol\u00e9pticos como parte da abordagem da neuroleptanalgesia<\/p>\n<p>os sintomas dolorosos do infarto do mioc\u00e1rdio podem ser aliviados com o uso de opi\u00f3ides<\/p>\n<p>Discutir com os pacientes a necessidade de uma estrat\u00e9gia de fim do tratamento com fentanil antes de iniciar o tratamento com opioides, a fim de minimizar o risco de depend\u00eancia e s\u00edndrome de abstin\u00eancia de drogas (ver se\u00e7\u00e3o 4.4).<\/p>\n<p>Bolus ou infus\u00e3o intravenosa administra\u00e7\u00e3o.<\/p>\n<p>Injec\u00e7\u00e3o subcut\u00e2nea.<\/p>\n<p>Desde que as vias respirat\u00f3rias do doente possam ser reguladas, o fentanilo deve ser administrado apenas em ambiente controlado (ver sec\u00e7\u00e3o 4.4 Advert\u00eancias e precau\u00e7\u00f5es especiais de utiliza\u00e7\u00e3o). <\/p>\n<p>Sugere-se que uma dose intravenosa curta de um anticolin\u00e9rgico seja administrada imediatamente antes da indu\u00e7\u00e3o da anestesia para evitar bradicardia.<\/p>\n<p>Sugere-se o uso de luvas ao abrir a ampola.<\/p>\n","protected":false},"excerpt":{"rendered":"<p>Compre Inje\u00e7\u00e3o de Citrato de Fentanil 50 microgramas\/ml Inje\u00e7\u00e3o \u00e0 venda nos melhores laborat\u00f3rios de pesquisa no Reino Unido, Europa, China, UE. Envio discreto em todos os pedidos com garantia de 100%, Encomende Fentanil 50ml<\/p>\n<p>Compre 50 microgramas\/ml de inje\u00e7\u00e3o de citrato de fentanil dos principais laborat\u00f3rios de pesquisa no Reino Unido, Europa, China e UE. Encomende Fentanil 50mg com total confian\u00e7a sabendo que seu pacote chegar\u00e1 discretamente.<\/p>\n<p>Inje\u00e7\u00e3o de Fentanil 50 microgramas\/ml.<br \/> Inje\u00e7\u00e3o de Fentanil, 100 microgramas em 2 mililitros de l\u00edquido<br \/> Inje\u00e7\u00e3o de Fentanil 250 microgramas\/ml.<br \/> Inje\u00e7\u00e3o de Fentanil 500 microgramas\/10ml<br \/> Inje\u00e7\u00e3o de Fentanil 1000 microgramas\/20ml<br \/> Inje\u00e7\u00e3o de Fentanil 2500 microgramas\/50 ml<\/p>\n<p>Cont\u00e9m um citrato de fentanil equivalente a uma dose de 50 microgramas por mililitro.<\/p>\n<p>Citrato de fentanil, 100 microgramas por ampola de 2 ml, \u00e9 o ingrediente ativo em cada ampola.<\/p>\n<p>Aproximadamente 500 microgramas de citrato de fentanil est\u00e3o contidos em cada ampola de 10 ml.<\/p>\n<p>Citrato de fentanil, 2500 microgramas por frasco, est\u00e1 contido em cada frasco.<\/p>\n","protected":false},"featured_media":5507,"comment_status":"open","ping_status":"closed","template":"","meta":[],"product_brand":[],"product_cat":[2014],"product_tag":[2870,2871,2872,2873,2878,2879,2890,2891,2867,2869,2876,2868,2874,2875,2877,2893,2880,2881,2883,2884,2885,2886,2887,2882,2888,2895,2896,2897,2892,2889,2894],"class_list":{"0":"post-5496","1":"product","2":"type-product","3":"status-publish","4":"has-post-thumbnail","6":"product_cat-compre-produtos-quimicos-de-pesquisa","7":"product_tag-buy-fentanyl-1000-microgram-20ml-injection-online","8":"product_tag-buy-fentanyl-250-microgram-5ml-injection","9":"product_tag-buy-fentanyl-250-microgram-5ml-injection-online","10":"product_tag-buy-fentanyl-2500-microgram-50ml-injection","11":"product_tag-buy-fentanyl-citrate-injection","12":"product_tag-buy-fentanyl-citrate-injection-online","13":"product_tag-como-comprar-injeo-de-citrato-de-fentanil-online","14":"product_tag-como-pedir-injeo-de-citrato-de-fentanil-online","15":"product_tag-buy-fentanil-100-micrograma-2ml-injeo","16":"product_tag-comprar-fentanil-1000-micrograma-20ml-injeo","17":"product_tag-comprar-fentanil-500-micrograma-10ml-injeo","18":"product_tag-buy-fentanyl-100-microgram-2ml-injection-online","19":"product_tag-buy-fentanyl-2500-microgram-50ml-injection-online","20":"product_tag-buy-fentanyl-50-microgram-ml-injection-online","21":"product_tag-buy-fentanyl-500-microgram-10ml-injection-online","22":"product_tag-encomendar-fentanil-citrato-injeo-online","23":"product_tag-fentanil-100-micrograma-2ml-injeo","24":"product_tag-fentanil-1000-micrograma-20ml-injeo","25":"product_tag-fentanil-2500-micrograma-50ml-injeo","26":"product_tag-fentanil-50-micrograma-ml-injeo","27":"product_tag-fentanil-50-microgramas-ml-injeo","28":"product_tag-fentanil-50-microgramas-ml-soluo-para-injeo","29":"product_tag-fentanil-500-micrograma-10ml-injeo","30":"product_tag-fentanyl-250-microgram-5ml-injection","31":"product_tag-injeo-de-citrato-de-fentanil","32":"product_tag-onde-comprar-injeo-de-citrato-de-fentanil","33":"product_tag-onde-comprar-injeo-de-citrato-de-fentanil-online","34":"product_tag-onde-pedir-injeo-de-citrato-de-fentanil-online","35":"product_tag-ordem-fentanil-citrato-injeo","36":"product_tag-preos-de-injeo-de-citrato-de-fentanil","37":"product_tag-prices-of-fentanyl-citrate-injection","39":"first","40":"instock","41":"shipping-taxable","42":"purchasable","43":"product-type-variable"},"yoast_head":"<!-- This site is optimized with the Yoast SEO plugin v27.3 - https:\/\/yoast.com\/product\/yoast-seo-wordpress\/ -->\n<title>Compre inje\u00e7\u00e3o de citrato de fentanil - Best Best Global Meds<\/title>\n<meta name=\"description\" content=\"Compre inje\u00e7\u00e3o de citrato de fentanil 50 microgramas\/ml inje\u00e7\u00e3o para venda dos melhores laborat\u00f3rios de pesquisa no Reino Unido, Europa, China, UE. Envio discreto em todos os pedidos 0 garantia, Pedido Fentanil 50ml\" \/>\n<meta name=\"robots\" content=\"index, follow, max-snippet:-1, max-image-preview:large, max-video-preview:-1\" \/>\n<link rel=\"canonical\" href=\"https:\/\/medicinasinc.com\/pt\/product\/comprar-fentanil-citrato-injecao\/\" \/>\n<meta property=\"og:locale\" content=\"pt_PT\" \/>\n<meta property=\"og:type\" content=\"article\" \/>\n<meta property=\"og:title\" content=\"Compre inje\u00e7\u00e3o de citrato de fentanil - Best Best Global Meds\" \/>\n<meta property=\"og:description\" content=\"Compre inje\u00e7\u00e3o de citrato de fentanil 50 microgramas\/ml inje\u00e7\u00e3o para venda dos melhores laborat\u00f3rios de pesquisa no Reino Unido, Europa, China, UE. Envio discreto em todos os pedidos 0 garantia, Pedido Fentanil 50ml\" \/>\n<meta property=\"og:url\" content=\"https:\/\/medicinasinc.com\/pt\/product\/comprar-fentanil-citrato-injecao\/\" \/>\n<meta property=\"og:site_name\" content=\"Medicinas Inc\" \/>\n<meta property=\"article:modified_time\" content=\"2022-07-05T23:08:35+00:00\" \/>\n<meta property=\"og:image\" content=\"https:\/\/medicinasinc.com\/pt\/wp-content\/uploads\/sites\/20\/2022\/02\/Fentanyl-50-microgram.jpg\" \/>\n\t<meta property=\"og:image:width\" content=\"1996\" \/>\n\t<meta property=\"og:image:height\" content=\"1128\" \/>\n\t<meta property=\"og:image:type\" content=\"image\/jpeg\" \/>\n<meta name=\"twitter:card\" content=\"summary_large_image\" \/>\n<meta name=\"twitter:label1\" content=\"Tempo estimado de leitura\" \/>\n\t<meta name=\"twitter:data1\" content=\"2 minutos\" \/>\n<script type=\"application\/ld+json\" class=\"yoast-schema-graph\">{\"@context\":\"https:\\\/\\\/schema.org\",\"@graph\":[{\"@type\":\"WebPage\",\"@id\":\"https:\\\/\\\/medicinasinc.com\\\/pt\\\/product\\\/comprar-fentanil-citrato-injecao\\\/\",\"url\":\"https:\\\/\\\/medicinasinc.com\\\/pt\\\/product\\\/comprar-fentanil-citrato-injecao\\\/\",\"name\":\"Compre inje\u00e7\u00e3o de citrato de fentanil - Best Best Global Meds\",\"isPartOf\":{\"@id\":\"https:\\\/\\\/medicinasinc.com\\\/pt\\\/#website\"},\"primaryImageOfPage\":{\"@id\":\"https:\\\/\\\/medicinasinc.com\\\/pt\\\/product\\\/comprar-fentanil-citrato-injecao\\\/#primaryimage\"},\"image\":{\"@id\":\"https:\\\/\\\/medicinasinc.com\\\/pt\\\/product\\\/comprar-fentanil-citrato-injecao\\\/#primaryimage\"},\"thumbnailUrl\":\"https:\\\/\\\/medicinasinc.com\\\/pt\\\/wp-content\\\/uploads\\\/sites\\\/20\\\/2022\\\/02\\\/Fentanyl-50-microgram.jpg\",\"datePublished\":\"2022-02-22T00:34:51+00:00\",\"dateModified\":\"2022-07-05T23:08:35+00:00\",\"description\":\"Compre inje\u00e7\u00e3o de citrato de fentanil 50 microgramas\\\/ml inje\u00e7\u00e3o para venda dos melhores laborat\u00f3rios de pesquisa no Reino Unido, Europa, China, UE. Envio discreto em todos os pedidos 0 garantia, Pedido Fentanil 50ml\",\"breadcrumb\":{\"@id\":\"https:\\\/\\\/medicinasinc.com\\\/pt\\\/product\\\/comprar-fentanil-citrato-injecao\\\/#breadcrumb\"},\"inLanguage\":\"pt-PT\",\"potentialAction\":[{\"@type\":\"ReadAction\",\"target\":[\"https:\\\/\\\/medicinasinc.com\\\/pt\\\/product\\\/comprar-fentanil-citrato-injecao\\\/\"]}]},{\"@type\":\"ImageObject\",\"inLanguage\":\"pt-PT\",\"@id\":\"https:\\\/\\\/medicinasinc.com\\\/pt\\\/product\\\/comprar-fentanil-citrato-injecao\\\/#primaryimage\",\"url\":\"https:\\\/\\\/medicinasinc.com\\\/pt\\\/wp-content\\\/uploads\\\/sites\\\/20\\\/2022\\\/02\\\/Fentanyl-50-microgram.jpg\",\"contentUrl\":\"https:\\\/\\\/medicinasinc.com\\\/pt\\\/wp-content\\\/uploads\\\/sites\\\/20\\\/2022\\\/02\\\/Fentanyl-50-microgram.jpg\",\"width\":1996,\"height\":1128},{\"@type\":\"BreadcrumbList\",\"@id\":\"https:\\\/\\\/medicinasinc.com\\\/pt\\\/product\\\/comprar-fentanil-citrato-injecao\\\/#breadcrumb\",\"itemListElement\":[{\"@type\":\"ListItem\",\"position\":1,\"name\":\"Comprar\",\"item\":\"https:\\\/\\\/medicinasinc.com\\\/pt\\\/comprar\\\/\"},{\"@type\":\"ListItem\",\"position\":2,\"name\":\"Compre inje\u00e7\u00e3o de citrato de fentanil\"}]},{\"@type\":\"WebSite\",\"@id\":\"https:\\\/\\\/medicinasinc.com\\\/pt\\\/#website\",\"url\":\"https:\\\/\\\/medicinasinc.com\\\/pt\\\/\",\"name\":\"Medicinas Inc\",\"description\":\"Health Medical Clinic\",\"potentialAction\":[{\"@type\":\"SearchAction\",\"target\":{\"@type\":\"EntryPoint\",\"urlTemplate\":\"https:\\\/\\\/medicinasinc.com\\\/pt\\\/?s={search_term_string}\"},\"query-input\":{\"@type\":\"PropertyValueSpecification\",\"valueRequired\":true,\"valueName\":\"search_term_string\"}}],\"inLanguage\":\"pt-PT\"}]}<\/script>\n<!-- \/ Yoast SEO plugin. -->","yoast_head_json":{"title":"Compre inje\u00e7\u00e3o de citrato de fentanil - Best Best Global Meds","description":"Compre inje\u00e7\u00e3o de citrato de fentanil 50 microgramas\/ml inje\u00e7\u00e3o para venda dos melhores laborat\u00f3rios de pesquisa no Reino Unido, Europa, China, UE. Envio discreto em todos os pedidos 0 garantia, Pedido Fentanil 50ml","robots":{"index":"index","follow":"follow","max-snippet":"max-snippet:-1","max-image-preview":"max-image-preview:large","max-video-preview":"max-video-preview:-1"},"canonical":"https:\/\/medicinasinc.com\/pt\/product\/comprar-fentanil-citrato-injecao\/","og_locale":"pt_PT","og_type":"article","og_title":"Compre inje\u00e7\u00e3o de citrato de fentanil - Best Best Global Meds","og_description":"Compre inje\u00e7\u00e3o de citrato de fentanil 50 microgramas\/ml inje\u00e7\u00e3o para venda dos melhores laborat\u00f3rios de pesquisa no Reino Unido, Europa, China, UE. Envio discreto em todos os pedidos 0 garantia, Pedido Fentanil 50ml","og_url":"https:\/\/medicinasinc.com\/pt\/product\/comprar-fentanil-citrato-injecao\/","og_site_name":"Medicinas Inc","article_modified_time":"2022-07-05T23:08:35+00:00","og_image":[{"width":1996,"height":1128,"url":"https:\/\/medicinasinc.com\/pt\/wp-content\/uploads\/sites\/20\/2022\/02\/Fentanyl-50-microgram.jpg","type":"image\/jpeg"}],"twitter_card":"summary_large_image","twitter_misc":{"Tempo estimado de leitura":"2 minutos"},"schema":{"@context":"https:\/\/schema.org","@graph":[{"@type":"WebPage","@id":"https:\/\/medicinasinc.com\/pt\/product\/comprar-fentanil-citrato-injecao\/","url":"https:\/\/medicinasinc.com\/pt\/product\/comprar-fentanil-citrato-injecao\/","name":"Compre inje\u00e7\u00e3o de citrato de fentanil - Best Best Global Meds","isPartOf":{"@id":"https:\/\/medicinasinc.com\/pt\/#website"},"primaryImageOfPage":{"@id":"https:\/\/medicinasinc.com\/pt\/product\/comprar-fentanil-citrato-injecao\/#primaryimage"},"image":{"@id":"https:\/\/medicinasinc.com\/pt\/product\/comprar-fentanil-citrato-injecao\/#primaryimage"},"thumbnailUrl":"https:\/\/medicinasinc.com\/pt\/wp-content\/uploads\/sites\/20\/2022\/02\/Fentanyl-50-microgram.jpg","datePublished":"2022-02-22T00:34:51+00:00","dateModified":"2022-07-05T23:08:35+00:00","description":"Compre inje\u00e7\u00e3o de citrato de fentanil 50 microgramas\/ml inje\u00e7\u00e3o para venda dos melhores laborat\u00f3rios de pesquisa no Reino Unido, Europa, China, UE. Envio discreto em todos os pedidos 0 garantia, Pedido Fentanil 50ml","breadcrumb":{"@id":"https:\/\/medicinasinc.com\/pt\/product\/comprar-fentanil-citrato-injecao\/#breadcrumb"},"inLanguage":"pt-PT","potentialAction":[{"@type":"ReadAction","target":["https:\/\/medicinasinc.com\/pt\/product\/comprar-fentanil-citrato-injecao\/"]}]},{"@type":"ImageObject","inLanguage":"pt-PT","@id":"https:\/\/medicinasinc.com\/pt\/product\/comprar-fentanil-citrato-injecao\/#primaryimage","url":"https:\/\/medicinasinc.com\/pt\/wp-content\/uploads\/sites\/20\/2022\/02\/Fentanyl-50-microgram.jpg","contentUrl":"https:\/\/medicinasinc.com\/pt\/wp-content\/uploads\/sites\/20\/2022\/02\/Fentanyl-50-microgram.jpg","width":1996,"height":1128},{"@type":"BreadcrumbList","@id":"https:\/\/medicinasinc.com\/pt\/product\/comprar-fentanil-citrato-injecao\/#breadcrumb","itemListElement":[{"@type":"ListItem","position":1,"name":"Comprar","item":"https:\/\/medicinasinc.com\/pt\/comprar\/"},{"@type":"ListItem","position":2,"name":"Compre inje\u00e7\u00e3o de citrato de fentanil"}]},{"@type":"WebSite","@id":"https:\/\/medicinasinc.com\/pt\/#website","url":"https:\/\/medicinasinc.com\/pt\/","name":"Medicinas Inc","description":"Health Medical Clinic","potentialAction":[{"@type":"SearchAction","target":{"@type":"EntryPoint","urlTemplate":"https:\/\/medicinasinc.com\/pt\/?s={search_term_string}"},"query-input":{"@type":"PropertyValueSpecification","valueRequired":true,"valueName":"search_term_string"}}],"inLanguage":"pt-PT"}]}},"_links":{"self":[{"href":"https:\/\/medicinasinc.com\/pt\/wp-json\/wp\/v2\/product\/5496","targetHints":{"allow":["GET"]}}],"collection":[{"href":"https:\/\/medicinasinc.com\/pt\/wp-json\/wp\/v2\/product"}],"about":[{"href":"https:\/\/medicinasinc.com\/pt\/wp-json\/wp\/v2\/types\/product"}],"replies":[{"embeddable":true,"href":"https:\/\/medicinasinc.com\/pt\/wp-json\/wp\/v2\/comments?post=5496"}],"wp:featuredmedia":[{"embeddable":true,"href":"https:\/\/medicinasinc.com\/pt\/wp-json\/wp\/v2\/media\/5507"}],"wp:attachment":[{"href":"https:\/\/medicinasinc.com\/pt\/wp-json\/wp\/v2\/media?parent=5496"}],"wp:term":[{"taxonomy":"product_brand","embeddable":true,"href":"https:\/\/medicinasinc.com\/pt\/wp-json\/wp\/v2\/product_brand?post=5496"},{"taxonomy":"product_cat","embeddable":true,"href":"https:\/\/medicinasinc.com\/pt\/wp-json\/wp\/v2\/product_cat?post=5496"},{"taxonomy":"product_tag","embeddable":true,"href":"https:\/\/medicinasinc.com\/pt\/wp-json\/wp\/v2\/product_tag?post=5496"}],"curies":[{"name":"wp","href":"https:\/\/api.w.org\/{rel}","templated":true}]}}