{"id":5495,"date":"2022-02-22T00:33:03","date_gmt":"2022-02-22T00:33:03","guid":{"rendered":"https:\/\/medicinasinc.com\/pt\/?post_type=product&#038;p=5495"},"modified":"2022-07-05T23:08:55","modified_gmt":"2022-07-05T23:08:55","slug":"comprar-fentanil-po","status":"publish","type":"product","link":"https:\/\/medicinasinc.com\/pt\/product\/comprar-fentanil-po\/","title":{"rendered":"Compre Fentanil em p\u00f3"},"content":{"rendered":"<p>Compra online de p\u00f3 de fentanil<\/p>\n<p>Voc\u00ea pode comprar p\u00f3 de fentanil para venda conosco a um bom pre\u00e7o. Fentanyl P\u043ewd\u0435r est\u00e1 dispon\u00edvel em alta pureza. \u00c9 um neg\u00f3cio fant\u00e1stico! Os medicamentos mais eficazes do mundo<\/p>\n<p>O que \u00e9 Fentanil em p\u00f3?<\/p>\n<p>O fentanil, tamb\u00e9m conhecido como fentanil, \u00e9 um opi\u00f3ide usado como analg\u00e9sico e em combina\u00e7\u00e3o com outros medicamentos para anestesia . Na maioria das vezes, os efeitos duram menos de uma ou duas horas. O fentanil est\u00e1 dispon\u00edvel em uma variedade de formas, incluindo inje\u00e7\u00f5es, adesivos na pele e absor\u00e7\u00e3o oral. O fentanyl tamb\u00e9m est\u00e1 dispon\u00edvel ocasionalmente em p\u00f3. Os laborat\u00f3rios geralmente usam o p\u00f3.<\/p>\n<p>&nbsp;<\/p>\n<p>Compre Fentanil em p\u00f3 online na Best global meds<\/p>\n<p>Voc\u00ea pode estar se perguntando neste momento o que \u00e9 um opi\u00f3ide. Os opi\u00f3ides s\u00e3o uma classe de drogas. Os opi\u00f3ides s\u00e3o subst\u00e2ncias que interagem com os receptores opi\u00f3ides para produzir efeitos semelhantes ao \u00f3pio. Vicodin, oxycontin, oxicodona e percocet se enquadram nesta categoria. O fentanil tamb\u00e9m est\u00e1 inclu\u00eddo em sedativos. Um sedativo \u00e9 um tipo de medicamento ou subst\u00e2ncia que \u00e9 usado para acalmar o sistema nervoso central. Pode-se dizer que o fentanil \u00e9 usado para acalmar o sistema nervoso central. O p\u00f3 u-47700 tamb\u00e9m \u00e9 um bom depressor. O melhor lugar para obter Fentanil \u00e9 online.<\/p>\n<p>N\u00e1usea, constipa\u00e7\u00e3o, cansa\u00e7o e confus\u00e3o est\u00e3o entre os efeitos colaterais mais comuns. Reduzir o esfor\u00e7o para respirar (depress\u00e3o respirat\u00f3ria), s\u00edndrome da serotonina e press\u00e3o arterial baixa s\u00e3o poss\u00edveis efeitos colaterais da droga. Ao ativar os receptores -opi\u00f3ides, o fentanil funciona em parte. Para uma determinada quantidade, \u00e9 75 vezes mais forte que a metamorfose. Alguns an\u00e1logos de fentanil podem ser 10.000 vezes mais potentes que a morfina. Fentanil em p\u00f3 \u00e0 venda<\/p>\n","protected":false},"excerpt":{"rendered":"<p>Com a ajuda do nosso site medicinasinc.com\/pt, pode comprar FENTANYL POWDER \u00e0 venda no Reino Unido e na Uni\u00e3o Europeia. Voc\u00ea descobrir\u00e1 o FENTANYL mais acess\u00edvel aqui!<\/p>\n<p>Fentanil em p\u00f3, papel mata-borr\u00e3o e fabrica\u00e7\u00e3o a granel na China s\u00e3o algumas das maneiras pelas quais o fentanil n\u00e3o farmac\u00eautico \u00e9 vendido.<\/p>\n<p>Fentanil \u00e9 usado para tratar a dor que n\u00e3o pode ser aliviada por outros medicamentos, como dor cr\u00f4nica ou excruciante. Um analg\u00e9sico narc\u00f3tico, este medicamento \u00e9 prescrito.<br \/> Enviamos discretamente e damos uma garantia de devolu\u00e7\u00e3o do dinheiro quando voc\u00ea encomenda seu Fentanil conosco.<\/p>\n","protected":false},"featured_media":5505,"comment_status":"open","ping_status":"closed","template":"","meta":[],"product_brand":[],"product_cat":[2014],"product_tag":[2839,2842,2843,2855,2846,2844,2840,2847,2845,2841,2860,2848,2857,2858,2859,2856,2851,2852,2853,2849,2850,2854,2861,2863,2865,2866,2864,2862],"class_list":{"0":"post-5495","1":"product","2":"type-product","3":"status-publish","4":"has-post-thumbnail","6":"product_cat-compre-produtos-quimicos-de-pesquisa","7":"product_tag-buy-fentanyl-hcl-online","8":"product_tag-buy-fentanyl-powder-on-dark-web","9":"product_tag-buy-fentanyl-powder-online","10":"product_tag-como-comprar-fentanil-em-p-online","11":"product_tag-comprar-fentanil-p-com-paypal","12":"product_tag-comprar-fentanil-p-seguro","13":"product_tag-comprar-fentanil-hcl-p-online","14":"product_tag-comprar-puro-fentanil-p-online","15":"product_tag-comprar-fentanil-p-eua","16":"product_tag-comprar-fentanil-online","17":"product_tag-comprar-fentanil-p-online","18":"product_tag-fentanil-efeito-em-p","19":"product_tag-encomendar-fentanil-p-online","20":"product_tag-order-pure-fentanyl-hcl-powder-online","21":"product_tag-encomendar-puro-fentanil-p-online","22":"product_tag-ordem-fentanil-p-perto-de-mim","23":"product_tag-fentanil-p-venda-online","24":"product_tag-fentanil-em-p-durante-a-noite","25":"product_tag-fentanil-p-reddit","26":"product_tag-fentanyl-powder-europe","27":"product_tag-fentanyl-powder-for-sale","28":"product_tag-fentanyl-powder-shipping","29":"product_tag-o-melhor-lugar-para-comprar-fentanil-p-on-line","30":"product_tag-onde-comprar-fentanil-hcl-p-on-line","31":"product_tag-onde-comprar-puro-fentanil-hcl-p-online","32":"product_tag-onde-comprar-puro-fentanil-p-online","33":"product_tag-onde-comprar-fentanil-em-p-online","34":"product_tag-onde-posso-comprar-fentanil-p-online","36":"first","37":"instock","38":"shipping-taxable","39":"purchasable","40":"product-type-variable","41":"has-default-attributes"},"yoast_head":"<!-- This site is optimized with the Yoast SEO plugin v27.3 - https:\/\/yoast.com\/product\/yoast-seo-wordpress\/ -->\n<title>Compre Fentanil em P\u00f3 Online - Melhores Melhores Medicamentos Globais<\/title>\n<meta name=\"description\" content=\"Compre FENTANYL P\u00d3 para venda Reino Unido, UE Europa na nossa loja online medicinasinc.com\/pt com entrega r\u00e1pida em todo o mundo! O melhor FENTANYL para pedir voc\u00ea encontra aqui!\" \/>\n<meta name=\"robots\" content=\"index, follow, max-snippet:-1, max-image-preview:large, max-video-preview:-1\" \/>\n<link rel=\"canonical\" href=\"https:\/\/medicinasinc.com\/pt\/product\/comprar-fentanil-po\/\" \/>\n<meta property=\"og:locale\" content=\"pt_PT\" \/>\n<meta property=\"og:type\" content=\"article\" \/>\n<meta property=\"og:title\" content=\"Compre Fentanil em P\u00f3 Online - Melhores Melhores Medicamentos Globais\" \/>\n<meta property=\"og:description\" content=\"Compre FENTANYL P\u00d3 para venda Reino Unido, UE Europa na nossa loja online medicinasinc.com\/pt com entrega r\u00e1pida em todo o mundo! O melhor FENTANYL para pedir voc\u00ea encontra aqui!\" \/>\n<meta property=\"og:url\" content=\"https:\/\/medicinasinc.com\/pt\/product\/comprar-fentanil-po\/\" \/>\n<meta property=\"og:site_name\" content=\"Medicinas Inc\" \/>\n<meta property=\"article:modified_time\" content=\"2022-07-05T23:08:55+00:00\" \/>\n<meta property=\"og:image\" content=\"https:\/\/medicinasinc.com\/pt\/wp-content\/uploads\/sites\/20\/2022\/02\/Buy-Fentanyl-Powder-Online.jpg\" \/>\n\t<meta property=\"og:image:width\" content=\"768\" \/>\n\t<meta property=\"og:image:height\" content=\"768\" \/>\n\t<meta property=\"og:image:type\" content=\"image\/jpeg\" \/>\n<meta name=\"twitter:card\" content=\"summary_large_image\" \/>\n<meta name=\"twitter:label1\" content=\"Tempo estimado de leitura\" \/>\n\t<meta name=\"twitter:data1\" content=\"2 minutos\" \/>\n<script type=\"application\/ld+json\" class=\"yoast-schema-graph\">{\"@context\":\"https:\\\/\\\/schema.org\",\"@graph\":[{\"@type\":\"WebPage\",\"@id\":\"https:\\\/\\\/medicinasinc.com\\\/pt\\\/product\\\/comprar-fentanil-po\\\/\",\"url\":\"https:\\\/\\\/medicinasinc.com\\\/pt\\\/product\\\/comprar-fentanil-po\\\/\",\"name\":\"Compre Fentanil em P\u00f3 Online - Melhores Melhores Medicamentos Globais\",\"isPartOf\":{\"@id\":\"https:\\\/\\\/medicinasinc.com\\\/pt\\\/#website\"},\"primaryImageOfPage\":{\"@id\":\"https:\\\/\\\/medicinasinc.com\\\/pt\\\/product\\\/comprar-fentanil-po\\\/#primaryimage\"},\"image\":{\"@id\":\"https:\\\/\\\/medicinasinc.com\\\/pt\\\/product\\\/comprar-fentanil-po\\\/#primaryimage\"},\"thumbnailUrl\":\"https:\\\/\\\/medicinasinc.com\\\/pt\\\/wp-content\\\/uploads\\\/sites\\\/20\\\/2022\\\/02\\\/Buy-Fentanyl-Powder-Online.jpg\",\"datePublished\":\"2022-02-22T00:33:03+00:00\",\"dateModified\":\"2022-07-05T23:08:55+00:00\",\"description\":\"Compre FENTANYL P\u00d3 para venda Reino Unido, UE Europa na nossa loja online medicinasinc.com\\\/pt com entrega r\u00e1pida em todo o mundo! O melhor FENTANYL para pedir voc\u00ea encontra aqui!\",\"breadcrumb\":{\"@id\":\"https:\\\/\\\/medicinasinc.com\\\/pt\\\/product\\\/comprar-fentanil-po\\\/#breadcrumb\"},\"inLanguage\":\"pt-PT\",\"potentialAction\":[{\"@type\":\"ReadAction\",\"target\":[\"https:\\\/\\\/medicinasinc.com\\\/pt\\\/product\\\/comprar-fentanil-po\\\/\"]}]},{\"@type\":\"ImageObject\",\"inLanguage\":\"pt-PT\",\"@id\":\"https:\\\/\\\/medicinasinc.com\\\/pt\\\/product\\\/comprar-fentanil-po\\\/#primaryimage\",\"url\":\"https:\\\/\\\/medicinasinc.com\\\/pt\\\/wp-content\\\/uploads\\\/sites\\\/20\\\/2022\\\/02\\\/Buy-Fentanyl-Powder-Online.jpg\",\"contentUrl\":\"https:\\\/\\\/medicinasinc.com\\\/pt\\\/wp-content\\\/uploads\\\/sites\\\/20\\\/2022\\\/02\\\/Buy-Fentanyl-Powder-Online.jpg\",\"width\":768,\"height\":768},{\"@type\":\"BreadcrumbList\",\"@id\":\"https:\\\/\\\/medicinasinc.com\\\/pt\\\/product\\\/comprar-fentanil-po\\\/#breadcrumb\",\"itemListElement\":[{\"@type\":\"ListItem\",\"position\":1,\"name\":\"Comprar\",\"item\":\"https:\\\/\\\/medicinasinc.com\\\/pt\\\/comprar\\\/\"},{\"@type\":\"ListItem\",\"position\":2,\"name\":\"Compre Fentanil em p\u00f3\"}]},{\"@type\":\"WebSite\",\"@id\":\"https:\\\/\\\/medicinasinc.com\\\/pt\\\/#website\",\"url\":\"https:\\\/\\\/medicinasinc.com\\\/pt\\\/\",\"name\":\"Medicinas Inc\",\"description\":\"Health Medical Clinic\",\"potentialAction\":[{\"@type\":\"SearchAction\",\"target\":{\"@type\":\"EntryPoint\",\"urlTemplate\":\"https:\\\/\\\/medicinasinc.com\\\/pt\\\/?s={search_term_string}\"},\"query-input\":{\"@type\":\"PropertyValueSpecification\",\"valueRequired\":true,\"valueName\":\"search_term_string\"}}],\"inLanguage\":\"pt-PT\"}]}<\/script>\n<!-- \/ Yoast SEO plugin. -->","yoast_head_json":{"title":"Compre Fentanil em P\u00f3 Online - Melhores Melhores Medicamentos Globais","description":"Compre FENTANYL P\u00d3 para venda Reino Unido, UE Europa na nossa loja online medicinasinc.com\/pt com entrega r\u00e1pida em todo o mundo! O melhor FENTANYL para pedir voc\u00ea encontra aqui!","robots":{"index":"index","follow":"follow","max-snippet":"max-snippet:-1","max-image-preview":"max-image-preview:large","max-video-preview":"max-video-preview:-1"},"canonical":"https:\/\/medicinasinc.com\/pt\/product\/comprar-fentanil-po\/","og_locale":"pt_PT","og_type":"article","og_title":"Compre Fentanil em P\u00f3 Online - Melhores Melhores Medicamentos Globais","og_description":"Compre FENTANYL P\u00d3 para venda Reino Unido, UE Europa na nossa loja online medicinasinc.com\/pt com entrega r\u00e1pida em todo o mundo! O melhor FENTANYL para pedir voc\u00ea encontra aqui!","og_url":"https:\/\/medicinasinc.com\/pt\/product\/comprar-fentanil-po\/","og_site_name":"Medicinas Inc","article_modified_time":"2022-07-05T23:08:55+00:00","og_image":[{"width":768,"height":768,"url":"https:\/\/medicinasinc.com\/pt\/wp-content\/uploads\/sites\/20\/2022\/02\/Buy-Fentanyl-Powder-Online.jpg","type":"image\/jpeg"}],"twitter_card":"summary_large_image","twitter_misc":{"Tempo estimado de leitura":"2 minutos"},"schema":{"@context":"https:\/\/schema.org","@graph":[{"@type":"WebPage","@id":"https:\/\/medicinasinc.com\/pt\/product\/comprar-fentanil-po\/","url":"https:\/\/medicinasinc.com\/pt\/product\/comprar-fentanil-po\/","name":"Compre Fentanil em P\u00f3 Online - Melhores Melhores Medicamentos Globais","isPartOf":{"@id":"https:\/\/medicinasinc.com\/pt\/#website"},"primaryImageOfPage":{"@id":"https:\/\/medicinasinc.com\/pt\/product\/comprar-fentanil-po\/#primaryimage"},"image":{"@id":"https:\/\/medicinasinc.com\/pt\/product\/comprar-fentanil-po\/#primaryimage"},"thumbnailUrl":"https:\/\/medicinasinc.com\/pt\/wp-content\/uploads\/sites\/20\/2022\/02\/Buy-Fentanyl-Powder-Online.jpg","datePublished":"2022-02-22T00:33:03+00:00","dateModified":"2022-07-05T23:08:55+00:00","description":"Compre FENTANYL P\u00d3 para venda Reino Unido, UE Europa na nossa loja online medicinasinc.com\/pt com entrega r\u00e1pida em todo o mundo! O melhor FENTANYL para pedir voc\u00ea encontra aqui!","breadcrumb":{"@id":"https:\/\/medicinasinc.com\/pt\/product\/comprar-fentanil-po\/#breadcrumb"},"inLanguage":"pt-PT","potentialAction":[{"@type":"ReadAction","target":["https:\/\/medicinasinc.com\/pt\/product\/comprar-fentanil-po\/"]}]},{"@type":"ImageObject","inLanguage":"pt-PT","@id":"https:\/\/medicinasinc.com\/pt\/product\/comprar-fentanil-po\/#primaryimage","url":"https:\/\/medicinasinc.com\/pt\/wp-content\/uploads\/sites\/20\/2022\/02\/Buy-Fentanyl-Powder-Online.jpg","contentUrl":"https:\/\/medicinasinc.com\/pt\/wp-content\/uploads\/sites\/20\/2022\/02\/Buy-Fentanyl-Powder-Online.jpg","width":768,"height":768},{"@type":"BreadcrumbList","@id":"https:\/\/medicinasinc.com\/pt\/product\/comprar-fentanil-po\/#breadcrumb","itemListElement":[{"@type":"ListItem","position":1,"name":"Comprar","item":"https:\/\/medicinasinc.com\/pt\/comprar\/"},{"@type":"ListItem","position":2,"name":"Compre Fentanil em p\u00f3"}]},{"@type":"WebSite","@id":"https:\/\/medicinasinc.com\/pt\/#website","url":"https:\/\/medicinasinc.com\/pt\/","name":"Medicinas Inc","description":"Health Medical Clinic","potentialAction":[{"@type":"SearchAction","target":{"@type":"EntryPoint","urlTemplate":"https:\/\/medicinasinc.com\/pt\/?s={search_term_string}"},"query-input":{"@type":"PropertyValueSpecification","valueRequired":true,"valueName":"search_term_string"}}],"inLanguage":"pt-PT"}]}},"_links":{"self":[{"href":"https:\/\/medicinasinc.com\/pt\/wp-json\/wp\/v2\/product\/5495","targetHints":{"allow":["GET"]}}],"collection":[{"href":"https:\/\/medicinasinc.com\/pt\/wp-json\/wp\/v2\/product"}],"about":[{"href":"https:\/\/medicinasinc.com\/pt\/wp-json\/wp\/v2\/types\/product"}],"replies":[{"embeddable":true,"href":"https:\/\/medicinasinc.com\/pt\/wp-json\/wp\/v2\/comments?post=5495"}],"wp:featuredmedia":[{"embeddable":true,"href":"https:\/\/medicinasinc.com\/pt\/wp-json\/wp\/v2\/media\/5505"}],"wp:attachment":[{"href":"https:\/\/medicinasinc.com\/pt\/wp-json\/wp\/v2\/media?parent=5495"}],"wp:term":[{"taxonomy":"product_brand","embeddable":true,"href":"https:\/\/medicinasinc.com\/pt\/wp-json\/wp\/v2\/product_brand?post=5495"},{"taxonomy":"product_cat","embeddable":true,"href":"https:\/\/medicinasinc.com\/pt\/wp-json\/wp\/v2\/product_cat?post=5495"},{"taxonomy":"product_tag","embeddable":true,"href":"https:\/\/medicinasinc.com\/pt\/wp-json\/wp\/v2\/product_tag?post=5495"}],"curies":[{"name":"wp","href":"https:\/\/api.w.org\/{rel}","templated":true}]}}