{"id":5494,"date":"2022-02-22T00:31:52","date_gmt":"2022-02-22T00:31:52","guid":{"rendered":"https:\/\/medicinasinc.com\/pt\/?post_type=product&#038;p=5494"},"modified":"2022-07-05T23:09:11","modified_gmt":"2022-07-05T23:09:11","slug":"comprar-diclazepam-2-mg-pellets","status":"publish","type":"product","link":"https:\/\/medicinasinc.com\/pt\/product\/comprar-diclazepam-2-mg-pellets\/","title":{"rendered":"Compre pastilhas de Diclazepam 2 mg"},"content":{"rendered":"<p><strong>ONDE POSSO OBTER DICLAZEPAM 2MG PELLETS NA UE?<\/strong><\/p>\n<p>2 mg de Diclazepam Na Europa, voc\u00ea pode encontrar uma instala\u00e7\u00e3o que armazena pellets. Bitcoin pode ser usado para comprar 2mg de Diclazepam Pellets online.<\/p>\n<p>Um dos benzodiazep\u00ednicos mais recentes a serem disponibilizados para teste \u00e9 o diclazepam, ou clorodiazepam. Al\u00e9m disso, esta subst\u00e2ncia \u00e9 o hom\u00f3logo 1-metil do diazepam e do declorazepam. Seu nome qu\u00edmico completo \u00e9 7-cloro-5-(2-clorofenil)-1-metil-1,3-dihidro-2H-1,4-benzodiazepin-2-ona. Como essa mol\u00e9cula \u00e9 t\u00e3o nova, existem v\u00e1rios caminhos para pesquisa.<\/p>\n<p>A nomenclatura IUPAC para este composto \u00e9 a seguinte: 7,5-Cloro-5-(2-clorofenil)-1-metil-1 ,3-dihidro-2H-1,4-benzodiazepin-2-one<br \/> N\u00famero CAS: 2894-68-0 0<br \/> Sin\u00f4nimos: O clorodiazep\u00f3xido de benzodiazepina (2&#8242;-cloro-diazep\u00f3xido)<br \/> Esta \u00e9 a f\u00f3rmula qu\u00edmica para C16H12Cl2-N2O<br \/> 95,8 por cento de sua forma original.<br \/> White Pellets s\u00e3o a cor mais comum.<\/p>\n<p>Comprar Diclazepam 2mg Pellets online com Bitcoin \u00e9 f\u00e1cil.<\/p>\n<p>O custo das pastilhas de Diclazepam 2mg<\/p>\n","protected":false},"excerpt":{"rendered":"<p>Compre Diclazepam Pellet, Diclazepam Pellet Barato Para Venda Reino Unido, Europa, Adquira Diclazepam de Alta Qualidade no Reino Unido Entrega noturna, Pre\u00e7o Diclazepam.<\/p>\n<p>Compre Diclazepam 2mg Pellets com frete gr\u00e1tis para a Uni\u00e3o Europ\u00e9ia. Maior varejista da Europa de Diclazepam 2mg Pellets. 2mg Diclazepam Pellets podem ser comprados online usando Bitcoin.<\/p>\n<p>O Diclazepam \u00e9 normalmente oferecido online por &#8216;headshops&#8217; ou &#8217;pesquisa qu\u00edmica&#8217; na forma de pastilhas brancas de 1 mg e, em casos mais raros, roxas, pastilhas de 2 mg.<\/p>\n<p>Compre Diclazepam 2 mg Pellets Online \u00e9 um termo coloquial para 7-cloro-5-1-metil-1 ,3-dihidro-2H-1,4-benzodiazepin-2-ona.<\/p>\n<p>Compra online de Diclazepam Pellets 2mg. Diclazepam (tamb\u00e9m conhecido como Clorodiazepam) \u00e9 um depressor sint\u00e9tico de benzodiazep\u00ednicos que, quando tomado, exibe efeitos compar\u00e1veis \u200b\u200bao diazepam, incluindo supress\u00e3o da ansiedade, desinibi\u00e7\u00e3o, anticonvulsivante, hipn\u00f3tico, relaxante muscular e amn\u00e9sia. [2<\/p>\n","protected":false},"featured_media":5503,"comment_status":"open","ping_status":"closed","template":"","meta":[],"product_brand":[],"product_cat":[1117],"product_tag":[2834,2835,2838,2837,2836],"class_list":{"0":"post-5494","1":"product","2":"type-product","3":"status-publish","4":"has-post-thumbnail","6":"product_cat-compre-pilulas-para-dor-sono-e-sexo","7":"product_tag-comprar-diclazepam-2-mg-pellets","8":"product_tag-diclazepam-2-mg","9":"product_tag-onde-comprar-diclazepam-2-mg-pellets","10":"product_tag-qualidade-diclazepam-2-mg","11":"product_tag-ordem-diclazepam-2-mg","13":"first","14":"instock","15":"shipping-taxable","16":"purchasable","17":"product-type-variable","18":"has-default-attributes"},"yoast_head":"<!-- This site is optimized with the Yoast SEO plugin v27.3 - https:\/\/yoast.com\/product\/yoast-seo-wordpress\/ -->\n<title>Compre Diclazepam 2 mg pellets - Diclazepam \u00e0 venda - Best Global Meds<\/title>\n<meta name=\"description\" content=\"Compre Diclazepam Pellet, Diclazepam Barato 2mg Pellet Para Venda Reino Unido, Europa, Adquira Alta Qualidade de Diclazepam no Reino Unido Entrega durante a noite, Pre\u00e7o Diclazepam.\" \/>\n<meta name=\"robots\" content=\"index, follow, max-snippet:-1, max-image-preview:large, max-video-preview:-1\" \/>\n<link rel=\"canonical\" href=\"https:\/\/medicinasinc.com\/pt\/product\/comprar-diclazepam-2-mg-pellets\/\" \/>\n<meta property=\"og:locale\" content=\"pt_PT\" \/>\n<meta property=\"og:type\" content=\"article\" \/>\n<meta property=\"og:title\" content=\"Compre Diclazepam 2 mg pellets - Diclazepam \u00e0 venda - Best Global Meds\" \/>\n<meta property=\"og:description\" content=\"Compre Diclazepam Pellet, Diclazepam Barato 2mg Pellet Para Venda Reino Unido, Europa, Adquira Alta Qualidade de Diclazepam no Reino Unido Entrega durante a noite, Pre\u00e7o Diclazepam.\" \/>\n<meta property=\"og:url\" content=\"https:\/\/medicinasinc.com\/pt\/product\/comprar-diclazepam-2-mg-pellets\/\" \/>\n<meta property=\"og:site_name\" content=\"Medicinas Inc\" \/>\n<meta property=\"article:modified_time\" content=\"2022-07-05T23:09:11+00:00\" \/>\n<meta property=\"og:image\" content=\"https:\/\/medicinasinc.com\/pt\/wp-content\/uploads\/sites\/20\/2022\/02\/Buy-Diclazepam-Pellets-2mg.jpg\" \/>\n\t<meta property=\"og:image:width\" content=\"566\" \/>\n\t<meta property=\"og:image:height\" content=\"462\" \/>\n\t<meta property=\"og:image:type\" content=\"image\/jpeg\" \/>\n<meta name=\"twitter:card\" content=\"summary_large_image\" \/>\n<meta name=\"twitter:label1\" content=\"Tempo estimado de leitura\" \/>\n\t<meta name=\"twitter:data1\" content=\"1 minuto\" \/>\n<script type=\"application\/ld+json\" class=\"yoast-schema-graph\">{\"@context\":\"https:\\\/\\\/schema.org\",\"@graph\":[{\"@type\":\"WebPage\",\"@id\":\"https:\\\/\\\/medicinasinc.com\\\/pt\\\/product\\\/comprar-diclazepam-2-mg-pellets\\\/\",\"url\":\"https:\\\/\\\/medicinasinc.com\\\/pt\\\/product\\\/comprar-diclazepam-2-mg-pellets\\\/\",\"name\":\"Compre Diclazepam 2 mg pellets - Diclazepam \u00e0 venda - Best Global Meds\",\"isPartOf\":{\"@id\":\"https:\\\/\\\/medicinasinc.com\\\/pt\\\/#website\"},\"primaryImageOfPage\":{\"@id\":\"https:\\\/\\\/medicinasinc.com\\\/pt\\\/product\\\/comprar-diclazepam-2-mg-pellets\\\/#primaryimage\"},\"image\":{\"@id\":\"https:\\\/\\\/medicinasinc.com\\\/pt\\\/product\\\/comprar-diclazepam-2-mg-pellets\\\/#primaryimage\"},\"thumbnailUrl\":\"https:\\\/\\\/medicinasinc.com\\\/pt\\\/wp-content\\\/uploads\\\/sites\\\/20\\\/2022\\\/02\\\/Buy-Diclazepam-Pellets-2mg.jpg\",\"datePublished\":\"2022-02-22T00:31:52+00:00\",\"dateModified\":\"2022-07-05T23:09:11+00:00\",\"description\":\"Compre Diclazepam Pellet, Diclazepam Barato 2mg Pellet Para Venda Reino Unido, Europa, Adquira Alta Qualidade de Diclazepam no Reino Unido Entrega durante a noite, Pre\u00e7o Diclazepam.\",\"breadcrumb\":{\"@id\":\"https:\\\/\\\/medicinasinc.com\\\/pt\\\/product\\\/comprar-diclazepam-2-mg-pellets\\\/#breadcrumb\"},\"inLanguage\":\"pt-PT\",\"potentialAction\":[{\"@type\":\"ReadAction\",\"target\":[\"https:\\\/\\\/medicinasinc.com\\\/pt\\\/product\\\/comprar-diclazepam-2-mg-pellets\\\/\"]}]},{\"@type\":\"ImageObject\",\"inLanguage\":\"pt-PT\",\"@id\":\"https:\\\/\\\/medicinasinc.com\\\/pt\\\/product\\\/comprar-diclazepam-2-mg-pellets\\\/#primaryimage\",\"url\":\"https:\\\/\\\/medicinasinc.com\\\/pt\\\/wp-content\\\/uploads\\\/sites\\\/20\\\/2022\\\/02\\\/Buy-Diclazepam-Pellets-2mg.jpg\",\"contentUrl\":\"https:\\\/\\\/medicinasinc.com\\\/pt\\\/wp-content\\\/uploads\\\/sites\\\/20\\\/2022\\\/02\\\/Buy-Diclazepam-Pellets-2mg.jpg\",\"width\":566,\"height\":462},{\"@type\":\"BreadcrumbList\",\"@id\":\"https:\\\/\\\/medicinasinc.com\\\/pt\\\/product\\\/comprar-diclazepam-2-mg-pellets\\\/#breadcrumb\",\"itemListElement\":[{\"@type\":\"ListItem\",\"position\":1,\"name\":\"Comprar\",\"item\":\"https:\\\/\\\/medicinasinc.com\\\/pt\\\/comprar\\\/\"},{\"@type\":\"ListItem\",\"position\":2,\"name\":\"Compre pastilhas de Diclazepam 2 mg\"}]},{\"@type\":\"WebSite\",\"@id\":\"https:\\\/\\\/medicinasinc.com\\\/pt\\\/#website\",\"url\":\"https:\\\/\\\/medicinasinc.com\\\/pt\\\/\",\"name\":\"Medicinas Inc\",\"description\":\"Health Medical Clinic\",\"potentialAction\":[{\"@type\":\"SearchAction\",\"target\":{\"@type\":\"EntryPoint\",\"urlTemplate\":\"https:\\\/\\\/medicinasinc.com\\\/pt\\\/?s={search_term_string}\"},\"query-input\":{\"@type\":\"PropertyValueSpecification\",\"valueRequired\":true,\"valueName\":\"search_term_string\"}}],\"inLanguage\":\"pt-PT\"}]}<\/script>\n<!-- \/ Yoast SEO plugin. -->","yoast_head_json":{"title":"Compre Diclazepam 2 mg pellets - Diclazepam \u00e0 venda - Best Global Meds","description":"Compre Diclazepam Pellet, Diclazepam Barato 2mg Pellet Para Venda Reino Unido, Europa, Adquira Alta Qualidade de Diclazepam no Reino Unido Entrega durante a noite, Pre\u00e7o Diclazepam.","robots":{"index":"index","follow":"follow","max-snippet":"max-snippet:-1","max-image-preview":"max-image-preview:large","max-video-preview":"max-video-preview:-1"},"canonical":"https:\/\/medicinasinc.com\/pt\/product\/comprar-diclazepam-2-mg-pellets\/","og_locale":"pt_PT","og_type":"article","og_title":"Compre Diclazepam 2 mg pellets - Diclazepam \u00e0 venda - Best Global Meds","og_description":"Compre Diclazepam Pellet, Diclazepam Barato 2mg Pellet Para Venda Reino Unido, Europa, Adquira Alta Qualidade de Diclazepam no Reino Unido Entrega durante a noite, Pre\u00e7o Diclazepam.","og_url":"https:\/\/medicinasinc.com\/pt\/product\/comprar-diclazepam-2-mg-pellets\/","og_site_name":"Medicinas Inc","article_modified_time":"2022-07-05T23:09:11+00:00","og_image":[{"width":566,"height":462,"url":"https:\/\/medicinasinc.com\/pt\/wp-content\/uploads\/sites\/20\/2022\/02\/Buy-Diclazepam-Pellets-2mg.jpg","type":"image\/jpeg"}],"twitter_card":"summary_large_image","twitter_misc":{"Tempo estimado de leitura":"1 minuto"},"schema":{"@context":"https:\/\/schema.org","@graph":[{"@type":"WebPage","@id":"https:\/\/medicinasinc.com\/pt\/product\/comprar-diclazepam-2-mg-pellets\/","url":"https:\/\/medicinasinc.com\/pt\/product\/comprar-diclazepam-2-mg-pellets\/","name":"Compre Diclazepam 2 mg pellets - Diclazepam \u00e0 venda - Best Global Meds","isPartOf":{"@id":"https:\/\/medicinasinc.com\/pt\/#website"},"primaryImageOfPage":{"@id":"https:\/\/medicinasinc.com\/pt\/product\/comprar-diclazepam-2-mg-pellets\/#primaryimage"},"image":{"@id":"https:\/\/medicinasinc.com\/pt\/product\/comprar-diclazepam-2-mg-pellets\/#primaryimage"},"thumbnailUrl":"https:\/\/medicinasinc.com\/pt\/wp-content\/uploads\/sites\/20\/2022\/02\/Buy-Diclazepam-Pellets-2mg.jpg","datePublished":"2022-02-22T00:31:52+00:00","dateModified":"2022-07-05T23:09:11+00:00","description":"Compre Diclazepam Pellet, Diclazepam Barato 2mg Pellet Para Venda Reino Unido, Europa, Adquira Alta Qualidade de Diclazepam no Reino Unido Entrega durante a noite, Pre\u00e7o Diclazepam.","breadcrumb":{"@id":"https:\/\/medicinasinc.com\/pt\/product\/comprar-diclazepam-2-mg-pellets\/#breadcrumb"},"inLanguage":"pt-PT","potentialAction":[{"@type":"ReadAction","target":["https:\/\/medicinasinc.com\/pt\/product\/comprar-diclazepam-2-mg-pellets\/"]}]},{"@type":"ImageObject","inLanguage":"pt-PT","@id":"https:\/\/medicinasinc.com\/pt\/product\/comprar-diclazepam-2-mg-pellets\/#primaryimage","url":"https:\/\/medicinasinc.com\/pt\/wp-content\/uploads\/sites\/20\/2022\/02\/Buy-Diclazepam-Pellets-2mg.jpg","contentUrl":"https:\/\/medicinasinc.com\/pt\/wp-content\/uploads\/sites\/20\/2022\/02\/Buy-Diclazepam-Pellets-2mg.jpg","width":566,"height":462},{"@type":"BreadcrumbList","@id":"https:\/\/medicinasinc.com\/pt\/product\/comprar-diclazepam-2-mg-pellets\/#breadcrumb","itemListElement":[{"@type":"ListItem","position":1,"name":"Comprar","item":"https:\/\/medicinasinc.com\/pt\/comprar\/"},{"@type":"ListItem","position":2,"name":"Compre pastilhas de Diclazepam 2 mg"}]},{"@type":"WebSite","@id":"https:\/\/medicinasinc.com\/pt\/#website","url":"https:\/\/medicinasinc.com\/pt\/","name":"Medicinas Inc","description":"Health Medical Clinic","potentialAction":[{"@type":"SearchAction","target":{"@type":"EntryPoint","urlTemplate":"https:\/\/medicinasinc.com\/pt\/?s={search_term_string}"},"query-input":{"@type":"PropertyValueSpecification","valueRequired":true,"valueName":"search_term_string"}}],"inLanguage":"pt-PT"}]}},"_links":{"self":[{"href":"https:\/\/medicinasinc.com\/pt\/wp-json\/wp\/v2\/product\/5494","targetHints":{"allow":["GET"]}}],"collection":[{"href":"https:\/\/medicinasinc.com\/pt\/wp-json\/wp\/v2\/product"}],"about":[{"href":"https:\/\/medicinasinc.com\/pt\/wp-json\/wp\/v2\/types\/product"}],"replies":[{"embeddable":true,"href":"https:\/\/medicinasinc.com\/pt\/wp-json\/wp\/v2\/comments?post=5494"}],"wp:featuredmedia":[{"embeddable":true,"href":"https:\/\/medicinasinc.com\/pt\/wp-json\/wp\/v2\/media\/5503"}],"wp:attachment":[{"href":"https:\/\/medicinasinc.com\/pt\/wp-json\/wp\/v2\/media?parent=5494"}],"wp:term":[{"taxonomy":"product_brand","embeddable":true,"href":"https:\/\/medicinasinc.com\/pt\/wp-json\/wp\/v2\/product_brand?post=5494"},{"taxonomy":"product_cat","embeddable":true,"href":"https:\/\/medicinasinc.com\/pt\/wp-json\/wp\/v2\/product_cat?post=5494"},{"taxonomy":"product_tag","embeddable":true,"href":"https:\/\/medicinasinc.com\/pt\/wp-json\/wp\/v2\/product_tag?post=5494"}],"curies":[{"name":"wp","href":"https:\/\/api.w.org\/{rel}","templated":true}]}}