{"id":5471,"date":"2022-02-22T00:08:30","date_gmt":"2022-02-22T00:08:30","guid":{"rendered":"https:\/\/medicinasinc.com\/pt\/?post_type=product&#038;p=5471"},"modified":"2022-07-05T23:09:27","modified_gmt":"2022-07-05T23:09:27","slug":"comprar-cristal-metanfetamina","status":"publish","type":"product","link":"https:\/\/medicinasinc.com\/pt\/product\/comprar-cristal-metanfetamina\/","title":{"rendered":"Compre Crystal Meth (Metanfetamina)"},"content":{"rendered":"<p><strong>Onde comprar Crystal Meth &#8211; Metanfetamina<\/strong><\/p>\n<p>Desejo comprar Crystal Meth, muitas vezes conhecida como metanfetamina de pedras preciosas, \u00e9 um medicamento estimulante do Sistema Nervoso Central (SNC) que tem semelhan\u00e7as com as anfetaminas, a segunda classe de medicamentos ilegais mais populares do mundo, atr\u00e1s apenas da maryjane.<br \/> Assim como a anfetamina, ela promove aumento da atividade, diminui\u00e7\u00e3o do apetite e uma sensa\u00e7\u00e3o geral de bem-estar.<\/p>\n<p>H\u00e1 s\u00e3o alguns usos farmac\u00eauticos reconhecidos para Crystal Meth \u2013 Metanfetamina, incluindo o tratamento de narcolepsia, falta de capacidade de concentra\u00e7\u00e3o regular e para uso transit\u00f3rio, como robustez; no entanto, esses usos medicinais s\u00e3o limitados.<\/p>\n<p>Crystal Meth, como a coca\u00edna, pode ser fumada. Chemical Inc. vende Crystal Meth &#8211; Metanfetamina.<\/p>\n<p>Quais caracter\u00edsticas o Crystal Meth \u2013 Metanfetaminas possui?<\/p>\n<p>Metanfetaminas s\u00e3o usadas para tratar as seguintes condi\u00e7\u00f5es:<\/p>\n<p>ADHDNarcolepsia<\/p>\n<p>As aplica\u00e7\u00f5es m\u00e9dicas s\u00e3o limitadas.<\/p>\n<p>Crystal Meth &#8211; A metanfetamina, como a coca\u00edna, pode ser fumada.<\/p>\n<figure class=\"wp-caption alignleft\"><img loading=\"lazy\" decoding=\"async\" class=\" n3VNCb\" src=\"https:\/\/www.detoxplusuk.com\/wp-content\/uploads\/sites\/20\/2019\/01\/Crystal-meth-e1546508093797.png\" alt=\"Crystal Meth - Metanfetamina | Chemical Inc\" width=\"600\" height=\"351\" data-iml=\"71374\" \/><figcaption class=\"wp-caption-text\">Compre Crystal Meth com Bitcoins<\/figcaption><\/figure>\n<h2><strong>O que s\u00e3o as caracter\u00edsticas das metanfetaminas?<\/strong><\/h2>\n<p><span class=\"tagify__tag-text\">Crystal Meth \u2013 Metanfetamina<\/span>\u00a0s\u00e3o para o tratamento de:<\/p>\n<ul>\n<li> TDAH Narcolepsia<\/li>\n<li>Obesidade Assim, causa a\u00e7\u00e3o ampliada, diminui\u00e7\u00e3o da fome e sensa\u00e7\u00e3o geral de prosperidade. Quando utilizado em superabund\u00e2ncia, tem impactos progressivamente destrutivos no sistema sensorial focal.<\/li>\n<\/ul>\n<h2><\/h2>\n<h2><\/h2>\n<h2><strong>Quais s\u00e3o os precau\u00e7\u00f5es de\u00a0<\/strong>Crystal Meth<strong>?<\/strong><\/h2>\n<ul>\n<li>Se voc\u00ea acha que engravidou durante o uso da droga, informe o seu especialista imediatamente para manter um dist\u00e2ncia estrat\u00e9gica das dificuldades.<\/li>\n<li>Se voc\u00ea est\u00e1 tendo problemas card\u00edacos,<\/li>\n<\/ul>\n<h2><strong>Quais s\u00e3o os efeitos colaterais da\u00a0<\/strong>Crystal Meth<strong>? <\/strong><\/h2>\n<p>Os impactos hostis das metanfetaminas incluem:<\/p>\n<ul>\n<li>Aumento do pulso<\/li>\n<li>Aumento da temperatura corporal<\/li>\n<li>Aumento na taxa de relaxamento<\/li>\n<li>Alunos dilatados<\/li>\n<li>Tremores Sensa\u00e7\u00f5es de \u00eaxtase<\/li>\n<li>Ansiedade aumentada<\/li>\n<li>Irritabilidade<\/li>\n<li>Paran\u00f3ia<\/li>\n<li>Conduta violenta e vol\u00favel<\/li>\n<li>Hiperatividade tempor\u00e1ria Procure um especialista para considera\u00e7\u00e3o terap\u00eautica.<\/li>\n<\/ul>\n<h2><strong>O que aconteceu n se voc\u00ea perder ou tiver uma overdose\u00a0<\/strong>Crystal Meth<strong>?<\/strong><\/h2>\n<p>Evitar uma por\u00e7\u00e3o de metanfetaminas \u00e9 tudo menos uma grande prova\u00e7\u00e3o, mas voc\u00ea pode levar o tempo que se lembrar, ainda deve abster-se de fazer medi\u00e7\u00f5es duplas.<\/p>\n<p>&nbsp;<\/p>\n<p><span class=\"tagify__tag-text\">Metanfetamina<\/span>\u00a0s\u00e3o propostas para manter o centro, sempre que em overdose, pode facilmente levar a condi\u00e7\u00f5es m\u00e9dicas reais, portanto, procurar assist\u00eancia de crise de especialistas em sa\u00fade especializados \u00e9 a melhor escolha. <span class=\"tagify__tag-text\"><a href=\"https:\/\/www.bestglobalmeds.com\/product\/research-chemicals\/buy-crystal-meth\/\">Encomendar Crystal Meth<\/a>\u00a0\u2013 Metanfetamina online<\/span>\u00a0na Chemical Inc<\/p>\n<h2><strong>Como armazenar metanfetaminas?<\/strong><\/h2>\n<p>Al\u00e9m disso, onde n\u00e3o h\u00e1 luz e calor, mantenha as metanfetaminas \u00e0 temperatura ambiente. Da mesma forma, n\u00e3o lave este medicamento. Seus filhos e animais de estima\u00e7\u00e3o n\u00e3o devem conectar este medicamento de forma alguma.<\/p>\n<h2><strong>Onde comprar\u00a0<\/strong>Crystal Meth\u00a0<strong>on-line?<\/strong><\/h2>\n<p>No entanto, voc\u00ea pode comprar Crystal Meth \u2013 Metanfetamina online na loja online mais confi\u00e1vel \u2013 Chemical Inc.<\/p>\n<p>Compre metanfetaminas sem rem\u00e9dio, metanfetaminas dispon\u00edveis para compra online, melhor custo de cen\u00e1rio.<br \/> Compre o melhor medicamentos aqui neste momento! <span class=\"tagify__tag-text\">Compre Crystal Meth Online<\/span><\/p>\n<h3><b>Usu\u00e1rios de metanfetamina n\u00e3o devem esperar para procurar tratamento<\/b><\/h3>\n<p>Enquanto muitos os sintomas podem ser revertidos com o tratamento adequado, os efeitos do envelhecimento avan\u00e7ado e a c\u00e1rie dent\u00e1ria s\u00e3o dif\u00edceis de reverter e os danos geralmente s\u00e3o permanentes.<\/p>\n<p>Al\u00e9m disso, o uso de metanfetamina pode causar psicose, ou comportamento psic\u00f3tico, no qual os usu\u00e1rios perdem o contato com a realidade e experimentam fortes del\u00edrios, paran\u00f3ias, alucina\u00e7\u00f5es e comportamentos obsessivos que os impedem de realmente perceber o dano que est\u00e3o causando a si mesmos.<\/p>\n<p>\u00c9 imperativo que o viciado procure ajuda imediatamente, ou sofra esses danos. efeitos f\u00edsicos e psicol\u00f3gicos e outros sintomas comuns, como relacionamentos destru\u00eddos, mis\u00e9ria financeira e acusa\u00e7\u00f5es criminais.<\/p>\n<p>O v\u00edcio atinge quase todas as fam\u00edlias, destruindo a sa\u00fade f\u00edsica e mental, os relacionamentos e as finan\u00e7as pessoais. M\u00e3es, pais, irm\u00e3os, irm\u00e3s, filhas e filhos.<\/p>\n<p>Ningu\u00e9m est\u00e1 imune ao impacto assustador de longo prazo do abuso de drogas pesadas.<br \/> O que se segue \u00e9 uma representa\u00e7\u00e3o s\u00f3bria de indiv\u00edduos REAIS.<\/p>\n<p>Fomos v\u00edtimas da tenta\u00e7\u00e3o do uso de drogas \u2013 neste caso, metanfetamina \u2013 com seus efeitos devastadores muito aparentes.<br \/> Se voc\u00ea ou um ente querido sofre de um v\u00edcio em metanfetamina, ou se quiser saber mais, confira os sites a seguir para obter ajuda sobre como obter assist\u00eancia de recupera\u00e7\u00e3o.<\/p>\n","protected":false},"excerpt":{"rendered":"<div class=\"woocommerce-product-details__short-description\">\n<p>Compre Crystal Meth para venda Reino Unido, UE, Europa, EUA, China para tratar o c\u00e2ncer com a ajuda de medicinasinc.com\/pt . O melhor lugar onde voc\u00ea pode comprar metanfetamina online barato.<\/p>\n<p>Compre Crystal Meth de baixo custo online Sem receita m\u00e9dica, n\u00f3s vendemos Crystal Meth online e enviamos globalmente dentro de 24\/48 horas. Fa\u00e7a o pedido agora.<\/p>\n<p>O termo &#8220;metanfetamina de cristal&#8221; refere-se \u00e0 metanfetamina cristal, um estimulante poderoso e altamente viciante que afeta o sistema nervoso central.<\/p>\n<p>Agora voc\u00ea pode comprar metanfetamina online e receber no dia seguinte. A forma mais atual ou mais pura de cristal de metanfetamina \u00e9 quase pura. \u00c9 inodoro e n\u00e3o t\u00f3xico.<\/p>\n<p>Meth\u0430m\u0440h\u0435t\u0430mn\u0435 \u00e9 um potente estimulante nervoso central que eu usei principalmente uma droga de recrea\u00e7\u00e3o e l\u0435 \u0441\u043em\u043enl\u0443 u\u0435d \u0430 \u0435cond-line t\u0435\u0430tm<\/p>\n<\/p><\/div>\n","protected":false},"featured_media":5483,"comment_status":"open","ping_status":"closed","template":"","meta":[],"product_brand":[],"product_cat":[2014],"product_tag":[2804,2814,2800,2803,2801,2799,2805,2813,2810,2806,2808,2802,2811,2812,2815,2807,2830,2829,2833,2819,2820,2818,2816,2821,2831,2823,2809,2832,2822,2824,2825,2826,2827,2828,2817],"class_list":{"0":"post-5471","1":"product","2":"type-product","3":"status-publish","4":"has-post-thumbnail","6":"product_cat-compre-produtos-quimicos-de-pesquisa","7":"product_tag-algodo-doce","8":"product_tag-ck","9":"product_tag-bu-crystal-mth-nln","10":"product_tag-chlk","11":"product_tag-bu-rtl-meth-on-deepweb","12":"product_tag-buy-crystal-med-in-australiaale-perto-de-voc","13":"product_tag-crank","14":"product_tag-cristal-mth-uk","15":"product_tag-cristal-m-alemanha","16":"product_tag-cristal-mth-austrlia","17":"product_tag-cristal-mth-europe","18":"product_tag-chrtn","19":"product_tag-crystal-mth-reddit","20":"product_tag-crystal-mth-shipping","21":"product_tag-dunk","22":"product_tag-cristal-m-efeito","23":"product_tag-rdr-rtl-mth-n-drknt","24":"product_tag-rdr-cristal-mth-n-tr","25":"product_tag-rtl-mth-vndr-n-usa","26":"product_tag-gk","27":"product_tag-gelo","28":"product_tag-go-go-ju","29":"product_tag-fr","30":"product_tag-l-a-gl","31":"product_tag-rtl-meth-h","32":"product_tag-n-dz","33":"product_tag-cristal-m--venda","34":"product_tag-rtl-m-para-l-online","35":"product_tag-meth","36":"product_tag-pk","37":"product_tag-rocket-fuel","38":"product_tag-sb-lanches","39":"product_tag-semana","40":"product_tag-wh","41":"product_tag-v-rpido","43":"first","44":"instock","45":"shipping-taxable","46":"purchasable","47":"product-type-variable","48":"has-default-attributes"},"yoast_head":"<!-- This site is optimized with the Yoast SEO plugin v27.3 - https:\/\/yoast.com\/product\/yoast-seo-wordpress\/ -->\n<title>Compre Crystal Meth (Metanfetamina) - Best Best Global Meds<\/title>\n<meta name=\"description\" content=\"Compre Crystal Meth \u00e0 venda Reino Unido, UE, Europa, EUA, China para tratar o c\u00e2ncer com a ajuda de medicinasinc.com\/pt . O melhor lugar onde voc\u00ea pode comprar metanfetamina online barato.\" \/>\n<meta name=\"robots\" content=\"index, follow, max-snippet:-1, max-image-preview:large, max-video-preview:-1\" \/>\n<link rel=\"canonical\" href=\"https:\/\/medicinasinc.com\/pt\/product\/comprar-cristal-metanfetamina\/\" \/>\n<meta property=\"og:locale\" content=\"pt_PT\" \/>\n<meta property=\"og:type\" content=\"article\" \/>\n<meta property=\"og:title\" content=\"Compre Crystal Meth (Metanfetamina) - Best Best Global Meds\" \/>\n<meta property=\"og:description\" content=\"Compre Crystal Meth \u00e0 venda Reino Unido, UE, Europa, EUA, China para tratar o c\u00e2ncer com a ajuda de medicinasinc.com\/pt . O melhor lugar onde voc\u00ea pode comprar metanfetamina online barato.\" \/>\n<meta property=\"og:url\" content=\"https:\/\/medicinasinc.com\/pt\/product\/comprar-cristal-metanfetamina\/\" \/>\n<meta property=\"og:site_name\" content=\"Medicinas Inc\" \/>\n<meta property=\"article:modified_time\" content=\"2022-07-05T23:09:27+00:00\" \/>\n<meta property=\"og:image\" content=\"https:\/\/medicinasinc.com\/pt\/wp-content\/uploads\/sites\/20\/2022\/02\/Buy-Crystal-Meth.jpg\" \/>\n\t<meta property=\"og:image:width\" content=\"1024\" \/>\n\t<meta property=\"og:image:height\" content=\"768\" \/>\n\t<meta property=\"og:image:type\" content=\"image\/jpeg\" \/>\n<meta name=\"twitter:card\" content=\"summary_large_image\" \/>\n<meta name=\"twitter:label1\" content=\"Tempo estimado de leitura\" \/>\n\t<meta name=\"twitter:data1\" content=\"3 minutos\" \/>\n<script type=\"application\/ld+json\" class=\"yoast-schema-graph\">{\"@context\":\"https:\\\/\\\/schema.org\",\"@graph\":[{\"@type\":\"WebPage\",\"@id\":\"https:\\\/\\\/medicinasinc.com\\\/pt\\\/product\\\/comprar-cristal-metanfetamina\\\/\",\"url\":\"https:\\\/\\\/medicinasinc.com\\\/pt\\\/product\\\/comprar-cristal-metanfetamina\\\/\",\"name\":\"Compre Crystal Meth (Metanfetamina) - Best Best Global Meds\",\"isPartOf\":{\"@id\":\"https:\\\/\\\/medicinasinc.com\\\/pt\\\/#website\"},\"primaryImageOfPage\":{\"@id\":\"https:\\\/\\\/medicinasinc.com\\\/pt\\\/product\\\/comprar-cristal-metanfetamina\\\/#primaryimage\"},\"image\":{\"@id\":\"https:\\\/\\\/medicinasinc.com\\\/pt\\\/product\\\/comprar-cristal-metanfetamina\\\/#primaryimage\"},\"thumbnailUrl\":\"https:\\\/\\\/medicinasinc.com\\\/pt\\\/wp-content\\\/uploads\\\/sites\\\/20\\\/2022\\\/02\\\/Buy-Crystal-Meth.jpg\",\"datePublished\":\"2022-02-22T00:08:30+00:00\",\"dateModified\":\"2022-07-05T23:09:27+00:00\",\"description\":\"Compre Crystal Meth \u00e0 venda Reino Unido, UE, Europa, EUA, China para tratar o c\u00e2ncer com a ajuda de medicinasinc.com\\\/pt . O melhor lugar onde voc\u00ea pode comprar metanfetamina online barato.\",\"breadcrumb\":{\"@id\":\"https:\\\/\\\/medicinasinc.com\\\/pt\\\/product\\\/comprar-cristal-metanfetamina\\\/#breadcrumb\"},\"inLanguage\":\"pt-PT\",\"potentialAction\":[{\"@type\":\"ReadAction\",\"target\":[\"https:\\\/\\\/medicinasinc.com\\\/pt\\\/product\\\/comprar-cristal-metanfetamina\\\/\"]}]},{\"@type\":\"ImageObject\",\"inLanguage\":\"pt-PT\",\"@id\":\"https:\\\/\\\/medicinasinc.com\\\/pt\\\/product\\\/comprar-cristal-metanfetamina\\\/#primaryimage\",\"url\":\"https:\\\/\\\/medicinasinc.com\\\/pt\\\/wp-content\\\/uploads\\\/sites\\\/20\\\/2022\\\/02\\\/Buy-Crystal-Meth.jpg\",\"contentUrl\":\"https:\\\/\\\/medicinasinc.com\\\/pt\\\/wp-content\\\/uploads\\\/sites\\\/20\\\/2022\\\/02\\\/Buy-Crystal-Meth.jpg\",\"width\":1024,\"height\":768},{\"@type\":\"BreadcrumbList\",\"@id\":\"https:\\\/\\\/medicinasinc.com\\\/pt\\\/product\\\/comprar-cristal-metanfetamina\\\/#breadcrumb\",\"itemListElement\":[{\"@type\":\"ListItem\",\"position\":1,\"name\":\"Comprar\",\"item\":\"https:\\\/\\\/medicinasinc.com\\\/pt\\\/comprar\\\/\"},{\"@type\":\"ListItem\",\"position\":2,\"name\":\"Compre Crystal Meth (Metanfetamina)\"}]},{\"@type\":\"WebSite\",\"@id\":\"https:\\\/\\\/medicinasinc.com\\\/pt\\\/#website\",\"url\":\"https:\\\/\\\/medicinasinc.com\\\/pt\\\/\",\"name\":\"Medicinas Inc\",\"description\":\"Health Medical Clinic\",\"potentialAction\":[{\"@type\":\"SearchAction\",\"target\":{\"@type\":\"EntryPoint\",\"urlTemplate\":\"https:\\\/\\\/medicinasinc.com\\\/pt\\\/?s={search_term_string}\"},\"query-input\":{\"@type\":\"PropertyValueSpecification\",\"valueRequired\":true,\"valueName\":\"search_term_string\"}}],\"inLanguage\":\"pt-PT\"}]}<\/script>\n<!-- \/ Yoast SEO plugin. -->","yoast_head_json":{"title":"Compre Crystal Meth (Metanfetamina) - Best Best Global Meds","description":"Compre Crystal Meth \u00e0 venda Reino Unido, UE, Europa, EUA, China para tratar o c\u00e2ncer com a ajuda de medicinasinc.com\/pt . O melhor lugar onde voc\u00ea pode comprar metanfetamina online barato.","robots":{"index":"index","follow":"follow","max-snippet":"max-snippet:-1","max-image-preview":"max-image-preview:large","max-video-preview":"max-video-preview:-1"},"canonical":"https:\/\/medicinasinc.com\/pt\/product\/comprar-cristal-metanfetamina\/","og_locale":"pt_PT","og_type":"article","og_title":"Compre Crystal Meth (Metanfetamina) - Best Best Global Meds","og_description":"Compre Crystal Meth \u00e0 venda Reino Unido, UE, Europa, EUA, China para tratar o c\u00e2ncer com a ajuda de medicinasinc.com\/pt . O melhor lugar onde voc\u00ea pode comprar metanfetamina online barato.","og_url":"https:\/\/medicinasinc.com\/pt\/product\/comprar-cristal-metanfetamina\/","og_site_name":"Medicinas Inc","article_modified_time":"2022-07-05T23:09:27+00:00","og_image":[{"width":1024,"height":768,"url":"https:\/\/medicinasinc.com\/pt\/wp-content\/uploads\/sites\/20\/2022\/02\/Buy-Crystal-Meth.jpg","type":"image\/jpeg"}],"twitter_card":"summary_large_image","twitter_misc":{"Tempo estimado de leitura":"3 minutos"},"schema":{"@context":"https:\/\/schema.org","@graph":[{"@type":"WebPage","@id":"https:\/\/medicinasinc.com\/pt\/product\/comprar-cristal-metanfetamina\/","url":"https:\/\/medicinasinc.com\/pt\/product\/comprar-cristal-metanfetamina\/","name":"Compre Crystal Meth (Metanfetamina) - Best Best Global Meds","isPartOf":{"@id":"https:\/\/medicinasinc.com\/pt\/#website"},"primaryImageOfPage":{"@id":"https:\/\/medicinasinc.com\/pt\/product\/comprar-cristal-metanfetamina\/#primaryimage"},"image":{"@id":"https:\/\/medicinasinc.com\/pt\/product\/comprar-cristal-metanfetamina\/#primaryimage"},"thumbnailUrl":"https:\/\/medicinasinc.com\/pt\/wp-content\/uploads\/sites\/20\/2022\/02\/Buy-Crystal-Meth.jpg","datePublished":"2022-02-22T00:08:30+00:00","dateModified":"2022-07-05T23:09:27+00:00","description":"Compre Crystal Meth \u00e0 venda Reino Unido, UE, Europa, EUA, China para tratar o c\u00e2ncer com a ajuda de medicinasinc.com\/pt . O melhor lugar onde voc\u00ea pode comprar metanfetamina online barato.","breadcrumb":{"@id":"https:\/\/medicinasinc.com\/pt\/product\/comprar-cristal-metanfetamina\/#breadcrumb"},"inLanguage":"pt-PT","potentialAction":[{"@type":"ReadAction","target":["https:\/\/medicinasinc.com\/pt\/product\/comprar-cristal-metanfetamina\/"]}]},{"@type":"ImageObject","inLanguage":"pt-PT","@id":"https:\/\/medicinasinc.com\/pt\/product\/comprar-cristal-metanfetamina\/#primaryimage","url":"https:\/\/medicinasinc.com\/pt\/wp-content\/uploads\/sites\/20\/2022\/02\/Buy-Crystal-Meth.jpg","contentUrl":"https:\/\/medicinasinc.com\/pt\/wp-content\/uploads\/sites\/20\/2022\/02\/Buy-Crystal-Meth.jpg","width":1024,"height":768},{"@type":"BreadcrumbList","@id":"https:\/\/medicinasinc.com\/pt\/product\/comprar-cristal-metanfetamina\/#breadcrumb","itemListElement":[{"@type":"ListItem","position":1,"name":"Comprar","item":"https:\/\/medicinasinc.com\/pt\/comprar\/"},{"@type":"ListItem","position":2,"name":"Compre Crystal Meth (Metanfetamina)"}]},{"@type":"WebSite","@id":"https:\/\/medicinasinc.com\/pt\/#website","url":"https:\/\/medicinasinc.com\/pt\/","name":"Medicinas Inc","description":"Health Medical Clinic","potentialAction":[{"@type":"SearchAction","target":{"@type":"EntryPoint","urlTemplate":"https:\/\/medicinasinc.com\/pt\/?s={search_term_string}"},"query-input":{"@type":"PropertyValueSpecification","valueRequired":true,"valueName":"search_term_string"}}],"inLanguage":"pt-PT"}]}},"_links":{"self":[{"href":"https:\/\/medicinasinc.com\/pt\/wp-json\/wp\/v2\/product\/5471","targetHints":{"allow":["GET"]}}],"collection":[{"href":"https:\/\/medicinasinc.com\/pt\/wp-json\/wp\/v2\/product"}],"about":[{"href":"https:\/\/medicinasinc.com\/pt\/wp-json\/wp\/v2\/types\/product"}],"replies":[{"embeddable":true,"href":"https:\/\/medicinasinc.com\/pt\/wp-json\/wp\/v2\/comments?post=5471"}],"wp:featuredmedia":[{"embeddable":true,"href":"https:\/\/medicinasinc.com\/pt\/wp-json\/wp\/v2\/media\/5483"}],"wp:attachment":[{"href":"https:\/\/medicinasinc.com\/pt\/wp-json\/wp\/v2\/media?parent=5471"}],"wp:term":[{"taxonomy":"product_brand","embeddable":true,"href":"https:\/\/medicinasinc.com\/pt\/wp-json\/wp\/v2\/product_brand?post=5471"},{"taxonomy":"product_cat","embeddable":true,"href":"https:\/\/medicinasinc.com\/pt\/wp-json\/wp\/v2\/product_cat?post=5471"},{"taxonomy":"product_tag","embeddable":true,"href":"https:\/\/medicinasinc.com\/pt\/wp-json\/wp\/v2\/product_tag?post=5471"}],"curies":[{"name":"wp","href":"https:\/\/api.w.org\/{rel}","templated":true}]}}