{"id":5470,"date":"2022-02-22T00:06:57","date_gmt":"2022-02-22T00:06:57","guid":{"rendered":"https:\/\/medicinasinc.com\/pt\/?post_type=product&#038;p=5470"},"modified":"2022-07-05T23:09:42","modified_gmt":"2022-07-05T23:09:42","slug":"buy-th-pvp-cristal","status":"publish","type":"product","link":"https:\/\/medicinasinc.com\/pt\/product\/buy-th-pvp-cristal\/","title":{"rendered":"Compre Cristal TH-PVP"},"content":{"rendered":"<p>Compre o cristal TH-PVP com desconto online.<\/p>\n<p>Compre o cristal TH-PVP com desconto online.<\/p>\n<p>Compre TH-PVP online da empresa de transporte de escrit\u00f3rio mais conceituada do mundo .<\/p>\n<p>TH-PVP, como PVP, \u00e9 um energizador. Pouco se sabe sobre esse produto qu\u00edmico a esse respeito, criando uma enorme oportunidade de pesquisa.<\/p>\n<p>Somos o melhor fornecedor de TH-PVP na China e somos amplamente considerados como o melhor revendedor de TH-PVP do Reddit. Se voc\u00ea est\u00e1 procurando um vendedor de pechinchas TH-PVP leg\u00edtimo, n\u00e3o v\u00e1 al\u00e9m de n\u00f3s.<\/p>\n<p>COMPRE TH-PVP ONLINE DE NOSSA LOJA<\/p>\n<p>Se voc\u00ea est\u00e1 procurando um TH &#8211; Loja PVP na web que permite que voc\u00ea compre com seguran\u00e7a uma gema TH-PVP, Classicarabians \u00e9 sua melhor aposta. Temos \u00e0 disposi\u00e7\u00e3o uma variedade de v\u00e1rios sint\u00e9ticos para fins de pesquisa, juntamente com TH-PVP e outros equivalentes de TH-PVP. Nossa t\u00e9cnica \u00e9 bastante clara e descomplicada para usar a entrada avan\u00e7ada para obter gemas TH-PVP on-line mais barato de fabricantes e fornecedores na China.<\/p>\n<p>Se voc\u00ea mora nos Estados Unidos da Am\u00e9rica, Canad\u00e1, Reino Unido, Austr\u00e1lia ou Europa e precisar de um item com urg\u00eancia, oferecemos envio para todo o mundo. Independentemente disso, pedimos que voc\u00ea se familiarize com os usos e sintomas do TH-PVP antes de solicitar. Al\u00e9m disso, voc\u00ea deve estar ciente de certas consequ\u00eancias reais associadas \u00e0 compra de gemas TH-PVP online sem cura em seu estado. Classicarabians \u00e9 o maior vendedor de TH-PVP online, permitindo que voc\u00ea complemente sua investiga\u00e7\u00e3o l\u00f3gica com os materiais de subst\u00e2ncias mais facilmente acess\u00edveis. Independentemente disso, pedimos que voc\u00ea se familiarize com os usos e sintomas do TH-PVP antes de solicitar. Al\u00e9m disso, voc\u00ea deve estar ciente de certas consequ\u00eancias reais associadas \u00e0 compra de gemas TH-PVP online sem cura em seu estado.<\/p>\n<p>N\u00f3s fornecemos a maior quantidade e qualidade de coisas. Fa\u00e7a um esfor\u00e7o para n\u00e3o desperdi\u00e7ar seu tempo. Envie j\u00e1 o seu pedido e o artigo ser\u00e1 entregue em sua casa. Al\u00e9m disso, temos cera da estrela da morte.<\/p>\n","protected":false},"excerpt":{"rendered":"<div class=\"woocommerce-product-details__short-description\">\n<div class=\"char\">ESPECIFICA\u00c7\u00c3O<\/div>\n<div class=\"specification\">\n<div class=\"sprow\"><span class=\"spname\">Nome do produto:<\/span><span class=\"sptext\">TH-PVP<\/span><\/div>\n<div class=\"sprow\"><span class=\"spname\">Nome IUPAC:<\/span> <span class=\"sptext\">2-(pirrolidin-1-il)-1-(5,6,7,8-tetrahidronaftalen-2-il)pentan-1-ona<\/span><\/div>\n<div class=\"sprow\"><span class=\"spname\">Outros nomes:<\/span><span class=\"sptext\">TH-\u03b1-PVP<\/span><\/div>\n<div class=\"sprow\"> <span class=\"spname\">N\u00famero de Cas:<\/span><span class=\"sptext\">583123-2-1<\/span><\/div>\n<div class=\"sprow\"><span class=\"spname \">F\u00f3rmula molecular:<\/span><span class=\"sptext\">C19H27NO<\/span><\/div>\n<div class=\"sprow\"><span class=\"spname\">Efeito:<\/span><span class=\"sptext\">estimulante, psicod\u00e9lico<\/span><\/div>\n<div class=\"sprow\"><span class=\"spname\">Pureza da subst\u00e2ncia:<\/span><span class=\"sptext\"> 99,9%<\/span><\/div>\n<div class=\"sprow\"><\/div>\n<\/p><\/div>\n<p><em>Compre<\/em>\u00a0alta qualidade\u00a0<em>TH pvp em linha<\/em>\u00a0com pre\u00e7o de atacado China\u00a0<em>TH pvp<\/em>\u00a0fornecedor. &#8230; onde voc\u00ea pode\u00a0<em>comprar<\/em>\u00a0th-pvp\u00a0<em>cristal online barato<\/em>\u00a0a pre\u00e7os de atacado\u00a0<em><\/em><\/p>\n<p><em>Comprar TH<\/em> &#8211;<em>PVP<\/em>\u00a0Rock\u00a0<em>Crystal<\/em> da Approved Drug Supplies pelo melhor pre\u00e7o em medicinasinc.com\/pt<\/p>\n<p>Compre TH-PVP Crystal pelo menor pre\u00e7o conectados. O envio mundial \u00e9 garantido para ser seguro conosco. th-pvp\u00a0review<\/p>\n<p>Onde comprar cristal TH-PVP barato?<\/p>\n<p>Cristais \u00e0 venda | Comprar Cristal TH-PVP online | Comprar p\u00f3 de cristal TH-PVP para venda | Comprar P\u00f3 de cristal TH-PVP barato | Onde comprar p\u00f3 de cristal TH-PVP online | Cristal TH-PVP real online.<\/p>\n<\/p><\/div>\n","protected":false},"featured_media":5481,"comment_status":"open","ping_status":"closed","template":"","meta":[],"product_brand":[],"product_cat":[2014],"product_tag":[2781,2778,2779,2780,2791,2787,2786,2789,2790,2783,2785,2784,2782,2794,2795,2796,2798,2797,2792,2793,2788],"class_list":{"0":"post-5470","1":"product","2":"type-product","3":"status-publish","4":"has-post-thumbnail","6":"product_cat-compre-produtos-quimicos-de-pesquisa","7":"product_tag-buy-th-pvp-rock-crystal-usa","8":"product_tag-buy-th-pvp-rock-crystal","9":"product_tag-buy-th-pvp-rock-crystal-online","10":"product_tag-buy-th-pvp-rock-crystal-stims","11":"product_tag-th-pvp-rock-crystal-online","12":"product_tag-th-pvp-rock-cristal","13":"product_tag-comprado-th-pvp-rock-crystal","14":"product_tag-th-pvp-rock-cristal-para-venda","15":"product_tag-th-pvp-rock-crystal-for-sale-uk","16":"product_tag-ordem-th-pvp-rock-cristal","17":"product_tag-ordem-th-pvp-rock-crystal-online","18":"product_tag-ordem-th-pvp-rock-crystal-eu","19":"product_tag-mail-th-pvp-rock-crystal","20":"product_tag-th-pvp-rock-cristal-estimulantes","21":"product_tag-th-pvp-rock-estimulantes-de-cristal-para-venda","22":"product_tag-th-pvp-rock-cristal-fornecedor","23":"product_tag-onde-comprar-pvp-rock-crystal","24":"product_tag-th-pvp-rock-cristal-vendor","25":"product_tag-th-pvp-rock-crystal-reddit","26":"product_tag-th-pvp-rock-crystal-review","27":"product_tag-th-pvp-rock-crystal-austrlia","29":"first","30":"instock","31":"shipping-taxable","32":"purchasable","33":"product-type-variable","34":"has-default-attributes"},"yoast_head":"<!-- This site is optimized with the Yoast SEO plugin v27.3 - https:\/\/yoast.com\/product\/yoast-seo-wordpress\/ -->\n<title>Compre barato Cristal TH-PVP Online - Melhor Medicina Global<\/title>\n<meta name=\"description\" content=\"Compre cristal TH-PVP barato online. Cristal TH-PVP real online \u2013 Cristal TH-PVP para venda | Comprar Cristal TH-PVP online | Comprar p\u00f3 de cristal TH-PVP para venda| Comprar P\u00f3 de cristal TH-PVP barato | Onde comprar o p\u00f3 de cristal TH-PVP online.\" \/>\n<meta name=\"robots\" content=\"index, follow, max-snippet:-1, max-image-preview:large, max-video-preview:-1\" \/>\n<link rel=\"canonical\" href=\"https:\/\/medicinasinc.com\/pt\/product\/buy-th-pvp-cristal\/\" \/>\n<meta property=\"og:locale\" content=\"pt_PT\" \/>\n<meta property=\"og:type\" content=\"article\" \/>\n<meta property=\"og:title\" content=\"Compre barato Cristal TH-PVP Online - Melhor Medicina Global\" \/>\n<meta property=\"og:description\" content=\"Compre cristal TH-PVP barato online. Cristal TH-PVP real online \u2013 Cristal TH-PVP para venda | Comprar Cristal TH-PVP online | Comprar p\u00f3 de cristal TH-PVP para venda| Comprar P\u00f3 de cristal TH-PVP barato | Onde comprar o p\u00f3 de cristal TH-PVP online.\" \/>\n<meta property=\"og:url\" content=\"https:\/\/medicinasinc.com\/pt\/product\/buy-th-pvp-cristal\/\" \/>\n<meta property=\"og:site_name\" content=\"Medicinas Inc\" \/>\n<meta property=\"article:modified_time\" content=\"2022-07-05T23:09:42+00:00\" \/>\n<meta property=\"og:image\" content=\"https:\/\/medicinasinc.com\/pt\/wp-content\/uploads\/sites\/20\/2022\/02\/buy-cheap-th-pvp-crystal-online.jpg\" \/>\n\t<meta property=\"og:image:width\" content=\"600\" \/>\n\t<meta property=\"og:image:height\" content=\"600\" \/>\n\t<meta property=\"og:image:type\" content=\"image\/jpeg\" \/>\n<meta name=\"twitter:card\" content=\"summary_large_image\" \/>\n<meta name=\"twitter:label1\" content=\"Tempo estimado de leitura\" \/>\n\t<meta name=\"twitter:data1\" content=\"2 minutos\" \/>\n<script type=\"application\/ld+json\" class=\"yoast-schema-graph\">{\"@context\":\"https:\\\/\\\/schema.org\",\"@graph\":[{\"@type\":\"WebPage\",\"@id\":\"https:\\\/\\\/medicinasinc.com\\\/pt\\\/product\\\/buy-th-pvp-cristal\\\/\",\"url\":\"https:\\\/\\\/medicinasinc.com\\\/pt\\\/product\\\/buy-th-pvp-cristal\\\/\",\"name\":\"Compre barato Cristal TH-PVP Online - Melhor Medicina Global\",\"isPartOf\":{\"@id\":\"https:\\\/\\\/medicinasinc.com\\\/pt\\\/#website\"},\"primaryImageOfPage\":{\"@id\":\"https:\\\/\\\/medicinasinc.com\\\/pt\\\/product\\\/buy-th-pvp-cristal\\\/#primaryimage\"},\"image\":{\"@id\":\"https:\\\/\\\/medicinasinc.com\\\/pt\\\/product\\\/buy-th-pvp-cristal\\\/#primaryimage\"},\"thumbnailUrl\":\"https:\\\/\\\/medicinasinc.com\\\/pt\\\/wp-content\\\/uploads\\\/sites\\\/20\\\/2022\\\/02\\\/buy-cheap-th-pvp-crystal-online.jpg\",\"datePublished\":\"2022-02-22T00:06:57+00:00\",\"dateModified\":\"2022-07-05T23:09:42+00:00\",\"description\":\"Compre cristal TH-PVP barato online. Cristal TH-PVP real online \u2013 Cristal TH-PVP para venda | Comprar Cristal TH-PVP online | Comprar p\u00f3 de cristal TH-PVP para venda| Comprar P\u00f3 de cristal TH-PVP barato | Onde comprar o p\u00f3 de cristal TH-PVP online.\",\"breadcrumb\":{\"@id\":\"https:\\\/\\\/medicinasinc.com\\\/pt\\\/product\\\/buy-th-pvp-cristal\\\/#breadcrumb\"},\"inLanguage\":\"pt-PT\",\"potentialAction\":[{\"@type\":\"ReadAction\",\"target\":[\"https:\\\/\\\/medicinasinc.com\\\/pt\\\/product\\\/buy-th-pvp-cristal\\\/\"]}]},{\"@type\":\"ImageObject\",\"inLanguage\":\"pt-PT\",\"@id\":\"https:\\\/\\\/medicinasinc.com\\\/pt\\\/product\\\/buy-th-pvp-cristal\\\/#primaryimage\",\"url\":\"https:\\\/\\\/medicinasinc.com\\\/pt\\\/wp-content\\\/uploads\\\/sites\\\/20\\\/2022\\\/02\\\/buy-cheap-th-pvp-crystal-online.jpg\",\"contentUrl\":\"https:\\\/\\\/medicinasinc.com\\\/pt\\\/wp-content\\\/uploads\\\/sites\\\/20\\\/2022\\\/02\\\/buy-cheap-th-pvp-crystal-online.jpg\",\"width\":600,\"height\":600},{\"@type\":\"BreadcrumbList\",\"@id\":\"https:\\\/\\\/medicinasinc.com\\\/pt\\\/product\\\/buy-th-pvp-cristal\\\/#breadcrumb\",\"itemListElement\":[{\"@type\":\"ListItem\",\"position\":1,\"name\":\"Comprar\",\"item\":\"https:\\\/\\\/medicinasinc.com\\\/pt\\\/comprar\\\/\"},{\"@type\":\"ListItem\",\"position\":2,\"name\":\"Compre Cristal TH-PVP\"}]},{\"@type\":\"WebSite\",\"@id\":\"https:\\\/\\\/medicinasinc.com\\\/pt\\\/#website\",\"url\":\"https:\\\/\\\/medicinasinc.com\\\/pt\\\/\",\"name\":\"Medicinas Inc\",\"description\":\"Health Medical Clinic\",\"potentialAction\":[{\"@type\":\"SearchAction\",\"target\":{\"@type\":\"EntryPoint\",\"urlTemplate\":\"https:\\\/\\\/medicinasinc.com\\\/pt\\\/?s={search_term_string}\"},\"query-input\":{\"@type\":\"PropertyValueSpecification\",\"valueRequired\":true,\"valueName\":\"search_term_string\"}}],\"inLanguage\":\"pt-PT\"}]}<\/script>\n<!-- \/ Yoast SEO plugin. -->","yoast_head_json":{"title":"Compre barato Cristal TH-PVP Online - Melhor Medicina Global","description":"Compre cristal TH-PVP barato online. Cristal TH-PVP real online \u2013 Cristal TH-PVP para venda | Comprar Cristal TH-PVP online | Comprar p\u00f3 de cristal TH-PVP para venda| Comprar P\u00f3 de cristal TH-PVP barato | Onde comprar o p\u00f3 de cristal TH-PVP online.","robots":{"index":"index","follow":"follow","max-snippet":"max-snippet:-1","max-image-preview":"max-image-preview:large","max-video-preview":"max-video-preview:-1"},"canonical":"https:\/\/medicinasinc.com\/pt\/product\/buy-th-pvp-cristal\/","og_locale":"pt_PT","og_type":"article","og_title":"Compre barato Cristal TH-PVP Online - Melhor Medicina Global","og_description":"Compre cristal TH-PVP barato online. Cristal TH-PVP real online \u2013 Cristal TH-PVP para venda | Comprar Cristal TH-PVP online | Comprar p\u00f3 de cristal TH-PVP para venda| Comprar P\u00f3 de cristal TH-PVP barato | Onde comprar o p\u00f3 de cristal TH-PVP online.","og_url":"https:\/\/medicinasinc.com\/pt\/product\/buy-th-pvp-cristal\/","og_site_name":"Medicinas Inc","article_modified_time":"2022-07-05T23:09:42+00:00","og_image":[{"width":600,"height":600,"url":"https:\/\/medicinasinc.com\/pt\/wp-content\/uploads\/sites\/20\/2022\/02\/buy-cheap-th-pvp-crystal-online.jpg","type":"image\/jpeg"}],"twitter_card":"summary_large_image","twitter_misc":{"Tempo estimado de leitura":"2 minutos"},"schema":{"@context":"https:\/\/schema.org","@graph":[{"@type":"WebPage","@id":"https:\/\/medicinasinc.com\/pt\/product\/buy-th-pvp-cristal\/","url":"https:\/\/medicinasinc.com\/pt\/product\/buy-th-pvp-cristal\/","name":"Compre barato Cristal TH-PVP Online - Melhor Medicina Global","isPartOf":{"@id":"https:\/\/medicinasinc.com\/pt\/#website"},"primaryImageOfPage":{"@id":"https:\/\/medicinasinc.com\/pt\/product\/buy-th-pvp-cristal\/#primaryimage"},"image":{"@id":"https:\/\/medicinasinc.com\/pt\/product\/buy-th-pvp-cristal\/#primaryimage"},"thumbnailUrl":"https:\/\/medicinasinc.com\/pt\/wp-content\/uploads\/sites\/20\/2022\/02\/buy-cheap-th-pvp-crystal-online.jpg","datePublished":"2022-02-22T00:06:57+00:00","dateModified":"2022-07-05T23:09:42+00:00","description":"Compre cristal TH-PVP barato online. Cristal TH-PVP real online \u2013 Cristal TH-PVP para venda | Comprar Cristal TH-PVP online | Comprar p\u00f3 de cristal TH-PVP para venda| Comprar P\u00f3 de cristal TH-PVP barato | Onde comprar o p\u00f3 de cristal TH-PVP online.","breadcrumb":{"@id":"https:\/\/medicinasinc.com\/pt\/product\/buy-th-pvp-cristal\/#breadcrumb"},"inLanguage":"pt-PT","potentialAction":[{"@type":"ReadAction","target":["https:\/\/medicinasinc.com\/pt\/product\/buy-th-pvp-cristal\/"]}]},{"@type":"ImageObject","inLanguage":"pt-PT","@id":"https:\/\/medicinasinc.com\/pt\/product\/buy-th-pvp-cristal\/#primaryimage","url":"https:\/\/medicinasinc.com\/pt\/wp-content\/uploads\/sites\/20\/2022\/02\/buy-cheap-th-pvp-crystal-online.jpg","contentUrl":"https:\/\/medicinasinc.com\/pt\/wp-content\/uploads\/sites\/20\/2022\/02\/buy-cheap-th-pvp-crystal-online.jpg","width":600,"height":600},{"@type":"BreadcrumbList","@id":"https:\/\/medicinasinc.com\/pt\/product\/buy-th-pvp-cristal\/#breadcrumb","itemListElement":[{"@type":"ListItem","position":1,"name":"Comprar","item":"https:\/\/medicinasinc.com\/pt\/comprar\/"},{"@type":"ListItem","position":2,"name":"Compre Cristal TH-PVP"}]},{"@type":"WebSite","@id":"https:\/\/medicinasinc.com\/pt\/#website","url":"https:\/\/medicinasinc.com\/pt\/","name":"Medicinas Inc","description":"Health Medical Clinic","potentialAction":[{"@type":"SearchAction","target":{"@type":"EntryPoint","urlTemplate":"https:\/\/medicinasinc.com\/pt\/?s={search_term_string}"},"query-input":{"@type":"PropertyValueSpecification","valueRequired":true,"valueName":"search_term_string"}}],"inLanguage":"pt-PT"}]}},"_links":{"self":[{"href":"https:\/\/medicinasinc.com\/pt\/wp-json\/wp\/v2\/product\/5470","targetHints":{"allow":["GET"]}}],"collection":[{"href":"https:\/\/medicinasinc.com\/pt\/wp-json\/wp\/v2\/product"}],"about":[{"href":"https:\/\/medicinasinc.com\/pt\/wp-json\/wp\/v2\/types\/product"}],"replies":[{"embeddable":true,"href":"https:\/\/medicinasinc.com\/pt\/wp-json\/wp\/v2\/comments?post=5470"}],"wp:featuredmedia":[{"embeddable":true,"href":"https:\/\/medicinasinc.com\/pt\/wp-json\/wp\/v2\/media\/5481"}],"wp:attachment":[{"href":"https:\/\/medicinasinc.com\/pt\/wp-json\/wp\/v2\/media?parent=5470"}],"wp:term":[{"taxonomy":"product_brand","embeddable":true,"href":"https:\/\/medicinasinc.com\/pt\/wp-json\/wp\/v2\/product_brand?post=5470"},{"taxonomy":"product_cat","embeddable":true,"href":"https:\/\/medicinasinc.com\/pt\/wp-json\/wp\/v2\/product_cat?post=5470"},{"taxonomy":"product_tag","embeddable":true,"href":"https:\/\/medicinasinc.com\/pt\/wp-json\/wp\/v2\/product_tag?post=5470"}],"curies":[{"name":"wp","href":"https:\/\/api.w.org\/{rel}","templated":true}]}}