{"id":5469,"date":"2022-02-22T00:05:12","date_gmt":"2022-02-22T00:05:12","guid":{"rendered":"https:\/\/medicinasinc.com\/pt\/?post_type=product&#038;p=5469"},"modified":"2022-07-05T23:10:00","modified_gmt":"2022-07-05T23:10:00","slug":"comprar-clonazolam-po","status":"publish","type":"product","link":"https:\/\/medicinasinc.com\/pt\/product\/comprar-clonazolam-po\/","title":{"rendered":"Compre Clonazolam em p\u00f3"},"content":{"rendered":"<h1 style=\"font-weight: 600\"><b><strong>Compre o p\u00f3 de clonazolam\u00a0<\/strong><\/b><\/h1>\n<p style=\"font-weight: 400\">Clonazolam l\u00edder na Europa Fornecedor de atacado de produtos qu\u00edmicos<\/p>\n<h2 style=\"font-weight: 600\">Fornecedor de p\u00f3 CLONAZOLAM da UE, Reino Unido<\/h2>\n<ul style=\"font-weight: 400\">\n<li>Rastreado\u00a0 &#8211; Rastreado Segurado ou normal entrega<\/li>\n<li>Transfer\u00eancia banc\u00e1ria ou detalhes de pagamentos em bitcoin no check-out .<\/li>\n<li>Envio de segunda a sexta<\/li>\n<li><b><strong>Observe que voc\u00ea est\u00e1 coberto apenas por perda ap\u00f3s 30 dias 1 x Reenvio Gratuito em um Servi\u00e7o Segurado Rastreado &#8211; Desculpe, sem exce\u00e7\u00f5es !<\/strong><\/b><\/li>\n<\/ul>\n<h3 style=\"font-weight: 600\"><\/h3>\n<h3 style=\"font-weight: 600\"><b><strong>Clonazolam em p\u00f3\u00a0<\/strong><\/b><\/h3>\n<ul style=\"font-weight: 400\">\n<li><b><a href=\"https:\/\/psychonautwiki.org\/wiki\/Sedation\">Seda\u00e7\u00e3o<\/a><\/b>\u00a0&#8211; O clonazolam tem o potencial de ser extremamente sedativo e muitas vezes resulta em um estado extremamente let\u00e1rgico. Em n\u00edveis mais altos, isso faz com que os usu\u00e1rios se sintam subitamente como se estivessem extremamente privados de sono e n\u00e3o dormem h\u00e1 dias, for\u00e7ando-os a se sentar e geralmente sentem como se estivessem constantemente \u00e0 beira de desmaiar em vez de se envolver em atividades f\u00edsicas. Essa sensa\u00e7\u00e3o de priva\u00e7\u00e3o do sono aumenta proporcionalmente \u00e0 dosagem e, eventualmente, torna-se poderosa o suficiente para for\u00e7ar uma pessoa a ficar completamente inconsciente.<\/li>\n<li><b><a href=\"https:\/\/psychonautwiki.org\/wiki\/Muscle_relaxation\"> Relaxamento muscular<\/a><\/b>\u00a0&#8211; Esse efeito \u00e9 particularmente forte quando comparado a outros benzodiazep\u00ednicos, como\u00a0<a href=\"https:\/\/psychonautwiki.org\/wiki\/Alprazolam\">alprazolam<\/a>.<\/li>\n<li><b><a href=\"https:\/\/psychonautwiki.org\/wiki\/Motor_control_loss\">Perda de controle do motor<\/a><\/b><\/li>\n<li><b><a href=\"https:\/\/psychonautwiki.org\/wiki\/Dizziness\">Tonturas<\/a><\/b><\/li>\n<li><b><a href=\"https:\/\/psychonautwiki.org\/wiki\/Increased_libido\">Aumento da libido<\/a><\/b><\/li>\n<li><b><a href=\"https:\/\/psychonautwiki.org\/wiki\/Respiratory_depression\">Depress\u00e3o respirat\u00f3ria<\/a><\/b><\/li>\n<\/ul>\n<p style=\"font-weight: 400\"><b><strong>Clonazolam\u00a0<\/strong><\/b>est\u00e1 na classe dos benzodiazep\u00ednicos. As benzodiazepinas cont\u00eam um anel de benzeno fundido a um anel de diazepina, que \u00e9 um anel de sete membros que possui os dois constituintes de nitrog\u00eanio localizados em R1 e R4. O anel benz\u00edlico do clonazolam \u00e9 substitu\u00eddo em R8 por um grupo nitro NO2-. O anel de diazepina tamb\u00e9m est\u00e1 ligado em R6, a um anel de fenil com 2 cloro.<\/p>\n<p style=\"font-weight: 400\"><a href=\"https:\/\/www.bestglobalmeds.com\/product\/ research-chemicals\/buy-clonazolam-powder\/\">Clonazolam<\/a> cont\u00e9m um anel triazol 1-metilado fundido e incorporando R1 e R2 de seu anel diazep\u00ednico. O clonazolam pertence a uma classe de benzodiazep\u00ednicos contendo este anel triazol fundido, denominado triazolobenzodiazep\u00ednicos, distinguido pelo sufixo -zolam. Outras nitrobenzodiazepinas incluem clonazepam e flunitrazepam.<\/p>\n<p style=\"font-weight: 400\">6-(2-clorofenil)-1-metil-8-nitro-4H-s-triazolo-(4,3- a)-(1,4)-benzodiazepina<\/p>\n<p>Este produto \u00e9 vendido apenas para fins de pesquisa e n\u00e3o deve ser utilizado para quaisquer outros fins, incluindo, entre outros, fins de diagn\u00f3stico in vivo, em alimentos, em medicamentos, em dispositivos medicinais e\/ou cosm\u00e9ticos para humanos e\/ou animais.<\/p>\n<p style=\"font-weight: 400\">Antes de fazer o pedido, certifique-se de estar devidamente equipado para produtos qu\u00edmicos de pesquisa e que sua \u00e1rea de trabalho seja bem ventilada.<\/p>\n<p style=\"font-weight: 400\">Voc\u00ea deve ter 18 anos ou mais para solicitar este produto.<\/p>\n","protected":false},"excerpt":{"rendered":"<div class=\"woocommerce-product-details__short-description\">\n<p>Compre p\u00f3 de clonazolam puro de alta qualidade Europa, Reino Unido, UE online com Bitcoin &#8211; Compre drogas legais on-line, compre produtos qu\u00edmicos de clonazolam, compre p\u00f3s farmac\u00eauticos brutos.<\/p>\n<p>Com o Bitcoin, voc\u00ea pode comprar p\u00f3 de clonazolam puro e de alta qualidade on-line. Voc\u00ea pode comprar medicamentos legais, produtos qu\u00edmicos de pesquisa e p\u00f3s farmac\u00eauticos brutos em toda a Internet.<\/p>\n<p>Compre Clonazolam para diminuir sua ansiedade e ataques de p\u00e2nico. Tem um efeito positivo no seu bem-estar mental.<\/p>\n<p>Onde posso obter clonazolam nos EUA? Vendedor de clonazolam, entrega r\u00e1pida, \u00f3tima qualidade e capacidade de evitar alf\u00e2ndegas facilmente<\/p>\n<p>Compre o p\u00f3 de clonazolam na internet. O clonazolam \u00e9 estruturalmente id\u00eantico ao Clonazepam, com exce\u00e7\u00e3o do anel 1,2,4-triazol fundido ao anel benz\u00eanico. Para que \u00e9 usado o Clonazolam e como ele ajuda as pessoas? Enquanto isso, o Clonazolam est\u00e1 dispon\u00edvel apenas para fins de pesquisa e n\u00e3o para consumo humano.<\/p>\n<\/p><\/div>\n","protected":false},"featured_media":5479,"comment_status":"open","ping_status":"closed","template":"","meta":[],"product_brand":[],"product_cat":[2014],"product_tag":[2748,2752,2753,2754,2755,2756,2762,2758,2760,2761,2766,2769,2771,2770,2750,2751,2749,2768,2759,2772,2775,2777,2776,2765,2767,2774,2773,2764,2763,2757],"class_list":{"0":"post-5469","1":"product","2":"type-product","3":"status-publish","4":"has-post-thumbnail","6":"product_cat-compre-produtos-quimicos-de-pesquisa","7":"product_tag-buy-cheap-clonazolam-powder-online","8":"product_tag-buy-clonazolam-powder","9":"product_tag-buy-clonazolam-powder-online","10":"product_tag-buy-pure-clonazolam-powder-online","11":"product_tag-clonazolam","12":"product_tag-clonazolam-comprar","13":"product_tag-clonazolam-p-online","14":"product_tag-clonazolam-p","15":"product_tag-clonazolam-powder-eu","16":"product_tag-clonazolam-powder-in-canada","17":"product_tag-clonitrazolam-powder-best-price-online","18":"product_tag-como-consumir-clonazolam-p","19":"product_tag-como-pedir-clonazolam-p-online","20":"product_tag-como-obter-puro-clonazolam-p-online","21":"product_tag-comprar-clonazolam","22":"product_tag-comprar-clonazolam-online","23":"product_tag-comprar-clone-clam-p","24":"product_tag-eclonazolam-p-para-venda","25":"product_tag-clonazolam-p-educao","26":"product_tag-ordem-c-lam-trott-2019-p","27":"product_tag-onde-comprar-clonazolam-p","28":"product_tag-onde-comprar-clonitrazolam-p-online","29":"product_tag-onde-comprar-clonazolam-p-online","30":"product_tag-clonazolam-pesquisa","31":"product_tag-cristalino-clonazolam-p","32":"product_tag-qualidade-clonazolam-p","33":"product_tag-puro-clonazolam-p","34":"product_tag-preo-do-clonazolam","35":"product_tag-preo-do-p-do-clonazolam","36":"product_tag-clonazolam-para-venda","38":"first","39":"instock","40":"shipping-taxable","41":"purchasable","42":"product-type-variable","43":"has-default-attributes"},"yoast_head":"<!-- This site is optimized with the Yoast SEO plugin v27.3 - https:\/\/yoast.com\/product\/yoast-seo-wordpress\/ -->\n<title>Compre Clonazolam Powder - Clonazolam Powder - Best Best Global Meds<\/title>\n<meta name=\"description\" content=\"Compre p\u00f3 de clonazolam puro de alta qualidade Europa, Reino Unido, UE online com Bitcoin - Compre medicamentos legais online, compre produtos qu\u00edmicos de clonazolam, compre p\u00f3s farmac\u00eauticos brutos.\" \/>\n<meta name=\"robots\" content=\"index, follow, max-snippet:-1, max-image-preview:large, max-video-preview:-1\" \/>\n<link rel=\"canonical\" href=\"https:\/\/medicinasinc.com\/pt\/product\/comprar-clonazolam-po\/\" \/>\n<meta property=\"og:locale\" content=\"pt_PT\" \/>\n<meta property=\"og:type\" content=\"article\" \/>\n<meta property=\"og:title\" content=\"Compre Clonazolam Powder - Clonazolam Powder - Best Best Global Meds\" \/>\n<meta property=\"og:description\" content=\"Compre p\u00f3 de clonazolam puro de alta qualidade Europa, Reino Unido, UE online com Bitcoin - Compre medicamentos legais online, compre produtos qu\u00edmicos de clonazolam, compre p\u00f3s farmac\u00eauticos brutos.\" \/>\n<meta property=\"og:url\" content=\"https:\/\/medicinasinc.com\/pt\/product\/comprar-clonazolam-po\/\" \/>\n<meta property=\"og:site_name\" content=\"Medicinas Inc\" \/>\n<meta property=\"article:modified_time\" content=\"2022-07-05T23:10:00+00:00\" \/>\n<meta property=\"og:image\" content=\"https:\/\/medicinasinc.com\/pt\/wp-content\/uploads\/sites\/20\/2022\/02\/Buy-Clonazolam-Powder.jpeg\" \/>\n\t<meta property=\"og:image:width\" content=\"566\" \/>\n\t<meta property=\"og:image:height\" content=\"600\" \/>\n\t<meta property=\"og:image:type\" content=\"image\/jpeg\" \/>\n<meta name=\"twitter:card\" content=\"summary_large_image\" \/>\n<meta name=\"twitter:label1\" content=\"Tempo estimado de leitura\" \/>\n\t<meta name=\"twitter:data1\" content=\"2 minutos\" \/>\n<script type=\"application\/ld+json\" class=\"yoast-schema-graph\">{\"@context\":\"https:\\\/\\\/schema.org\",\"@graph\":[{\"@type\":\"WebPage\",\"@id\":\"https:\\\/\\\/medicinasinc.com\\\/pt\\\/product\\\/comprar-clonazolam-po\\\/\",\"url\":\"https:\\\/\\\/medicinasinc.com\\\/pt\\\/product\\\/comprar-clonazolam-po\\\/\",\"name\":\"Compre Clonazolam Powder - Clonazolam Powder - Best Best Global Meds\",\"isPartOf\":{\"@id\":\"https:\\\/\\\/medicinasinc.com\\\/pt\\\/#website\"},\"primaryImageOfPage\":{\"@id\":\"https:\\\/\\\/medicinasinc.com\\\/pt\\\/product\\\/comprar-clonazolam-po\\\/#primaryimage\"},\"image\":{\"@id\":\"https:\\\/\\\/medicinasinc.com\\\/pt\\\/product\\\/comprar-clonazolam-po\\\/#primaryimage\"},\"thumbnailUrl\":\"https:\\\/\\\/medicinasinc.com\\\/pt\\\/wp-content\\\/uploads\\\/sites\\\/20\\\/2022\\\/02\\\/Buy-Clonazolam-Powder.jpeg\",\"datePublished\":\"2022-02-22T00:05:12+00:00\",\"dateModified\":\"2022-07-05T23:10:00+00:00\",\"description\":\"Compre p\u00f3 de clonazolam puro de alta qualidade Europa, Reino Unido, UE online com Bitcoin - Compre medicamentos legais online, compre produtos qu\u00edmicos de clonazolam, compre p\u00f3s farmac\u00eauticos brutos.\",\"breadcrumb\":{\"@id\":\"https:\\\/\\\/medicinasinc.com\\\/pt\\\/product\\\/comprar-clonazolam-po\\\/#breadcrumb\"},\"inLanguage\":\"pt-PT\",\"potentialAction\":[{\"@type\":\"ReadAction\",\"target\":[\"https:\\\/\\\/medicinasinc.com\\\/pt\\\/product\\\/comprar-clonazolam-po\\\/\"]}]},{\"@type\":\"ImageObject\",\"inLanguage\":\"pt-PT\",\"@id\":\"https:\\\/\\\/medicinasinc.com\\\/pt\\\/product\\\/comprar-clonazolam-po\\\/#primaryimage\",\"url\":\"https:\\\/\\\/medicinasinc.com\\\/pt\\\/wp-content\\\/uploads\\\/sites\\\/20\\\/2022\\\/02\\\/Buy-Clonazolam-Powder.jpeg\",\"contentUrl\":\"https:\\\/\\\/medicinasinc.com\\\/pt\\\/wp-content\\\/uploads\\\/sites\\\/20\\\/2022\\\/02\\\/Buy-Clonazolam-Powder.jpeg\",\"width\":566,\"height\":600},{\"@type\":\"BreadcrumbList\",\"@id\":\"https:\\\/\\\/medicinasinc.com\\\/pt\\\/product\\\/comprar-clonazolam-po\\\/#breadcrumb\",\"itemListElement\":[{\"@type\":\"ListItem\",\"position\":1,\"name\":\"Comprar\",\"item\":\"https:\\\/\\\/medicinasinc.com\\\/pt\\\/comprar\\\/\"},{\"@type\":\"ListItem\",\"position\":2,\"name\":\"Compre Clonazolam em p\u00f3\"}]},{\"@type\":\"WebSite\",\"@id\":\"https:\\\/\\\/medicinasinc.com\\\/pt\\\/#website\",\"url\":\"https:\\\/\\\/medicinasinc.com\\\/pt\\\/\",\"name\":\"Medicinas Inc\",\"description\":\"Health Medical Clinic\",\"potentialAction\":[{\"@type\":\"SearchAction\",\"target\":{\"@type\":\"EntryPoint\",\"urlTemplate\":\"https:\\\/\\\/medicinasinc.com\\\/pt\\\/?s={search_term_string}\"},\"query-input\":{\"@type\":\"PropertyValueSpecification\",\"valueRequired\":true,\"valueName\":\"search_term_string\"}}],\"inLanguage\":\"pt-PT\"}]}<\/script>\n<!-- \/ Yoast SEO plugin. -->","yoast_head_json":{"title":"Compre Clonazolam Powder - Clonazolam Powder - Best Best Global Meds","description":"Compre p\u00f3 de clonazolam puro de alta qualidade Europa, Reino Unido, UE online com Bitcoin - Compre medicamentos legais online, compre produtos qu\u00edmicos de clonazolam, compre p\u00f3s farmac\u00eauticos brutos.","robots":{"index":"index","follow":"follow","max-snippet":"max-snippet:-1","max-image-preview":"max-image-preview:large","max-video-preview":"max-video-preview:-1"},"canonical":"https:\/\/medicinasinc.com\/pt\/product\/comprar-clonazolam-po\/","og_locale":"pt_PT","og_type":"article","og_title":"Compre Clonazolam Powder - Clonazolam Powder - Best Best Global Meds","og_description":"Compre p\u00f3 de clonazolam puro de alta qualidade Europa, Reino Unido, UE online com Bitcoin - Compre medicamentos legais online, compre produtos qu\u00edmicos de clonazolam, compre p\u00f3s farmac\u00eauticos brutos.","og_url":"https:\/\/medicinasinc.com\/pt\/product\/comprar-clonazolam-po\/","og_site_name":"Medicinas Inc","article_modified_time":"2022-07-05T23:10:00+00:00","og_image":[{"width":566,"height":600,"url":"https:\/\/medicinasinc.com\/pt\/wp-content\/uploads\/sites\/20\/2022\/02\/Buy-Clonazolam-Powder.jpeg","type":"image\/jpeg"}],"twitter_card":"summary_large_image","twitter_misc":{"Tempo estimado de leitura":"2 minutos"},"schema":{"@context":"https:\/\/schema.org","@graph":[{"@type":"WebPage","@id":"https:\/\/medicinasinc.com\/pt\/product\/comprar-clonazolam-po\/","url":"https:\/\/medicinasinc.com\/pt\/product\/comprar-clonazolam-po\/","name":"Compre Clonazolam Powder - Clonazolam Powder - Best Best Global Meds","isPartOf":{"@id":"https:\/\/medicinasinc.com\/pt\/#website"},"primaryImageOfPage":{"@id":"https:\/\/medicinasinc.com\/pt\/product\/comprar-clonazolam-po\/#primaryimage"},"image":{"@id":"https:\/\/medicinasinc.com\/pt\/product\/comprar-clonazolam-po\/#primaryimage"},"thumbnailUrl":"https:\/\/medicinasinc.com\/pt\/wp-content\/uploads\/sites\/20\/2022\/02\/Buy-Clonazolam-Powder.jpeg","datePublished":"2022-02-22T00:05:12+00:00","dateModified":"2022-07-05T23:10:00+00:00","description":"Compre p\u00f3 de clonazolam puro de alta qualidade Europa, Reino Unido, UE online com Bitcoin - Compre medicamentos legais online, compre produtos qu\u00edmicos de clonazolam, compre p\u00f3s farmac\u00eauticos brutos.","breadcrumb":{"@id":"https:\/\/medicinasinc.com\/pt\/product\/comprar-clonazolam-po\/#breadcrumb"},"inLanguage":"pt-PT","potentialAction":[{"@type":"ReadAction","target":["https:\/\/medicinasinc.com\/pt\/product\/comprar-clonazolam-po\/"]}]},{"@type":"ImageObject","inLanguage":"pt-PT","@id":"https:\/\/medicinasinc.com\/pt\/product\/comprar-clonazolam-po\/#primaryimage","url":"https:\/\/medicinasinc.com\/pt\/wp-content\/uploads\/sites\/20\/2022\/02\/Buy-Clonazolam-Powder.jpeg","contentUrl":"https:\/\/medicinasinc.com\/pt\/wp-content\/uploads\/sites\/20\/2022\/02\/Buy-Clonazolam-Powder.jpeg","width":566,"height":600},{"@type":"BreadcrumbList","@id":"https:\/\/medicinasinc.com\/pt\/product\/comprar-clonazolam-po\/#breadcrumb","itemListElement":[{"@type":"ListItem","position":1,"name":"Comprar","item":"https:\/\/medicinasinc.com\/pt\/comprar\/"},{"@type":"ListItem","position":2,"name":"Compre Clonazolam em p\u00f3"}]},{"@type":"WebSite","@id":"https:\/\/medicinasinc.com\/pt\/#website","url":"https:\/\/medicinasinc.com\/pt\/","name":"Medicinas Inc","description":"Health Medical Clinic","potentialAction":[{"@type":"SearchAction","target":{"@type":"EntryPoint","urlTemplate":"https:\/\/medicinasinc.com\/pt\/?s={search_term_string}"},"query-input":{"@type":"PropertyValueSpecification","valueRequired":true,"valueName":"search_term_string"}}],"inLanguage":"pt-PT"}]}},"_links":{"self":[{"href":"https:\/\/medicinasinc.com\/pt\/wp-json\/wp\/v2\/product\/5469","targetHints":{"allow":["GET"]}}],"collection":[{"href":"https:\/\/medicinasinc.com\/pt\/wp-json\/wp\/v2\/product"}],"about":[{"href":"https:\/\/medicinasinc.com\/pt\/wp-json\/wp\/v2\/types\/product"}],"replies":[{"embeddable":true,"href":"https:\/\/medicinasinc.com\/pt\/wp-json\/wp\/v2\/comments?post=5469"}],"wp:featuredmedia":[{"embeddable":true,"href":"https:\/\/medicinasinc.com\/pt\/wp-json\/wp\/v2\/media\/5479"}],"wp:attachment":[{"href":"https:\/\/medicinasinc.com\/pt\/wp-json\/wp\/v2\/media?parent=5469"}],"wp:term":[{"taxonomy":"product_brand","embeddable":true,"href":"https:\/\/medicinasinc.com\/pt\/wp-json\/wp\/v2\/product_brand?post=5469"},{"taxonomy":"product_cat","embeddable":true,"href":"https:\/\/medicinasinc.com\/pt\/wp-json\/wp\/v2\/product_cat?post=5469"},{"taxonomy":"product_tag","embeddable":true,"href":"https:\/\/medicinasinc.com\/pt\/wp-json\/wp\/v2\/product_tag?post=5469"}],"curies":[{"name":"wp","href":"https:\/\/api.w.org\/{rel}","templated":true}]}}