{"id":5468,"date":"2022-02-22T00:04:03","date_gmt":"2022-02-22T00:04:03","guid":{"rendered":"https:\/\/medicinasinc.com\/pt\/?post_type=product&#038;p=5468"},"modified":"2022-07-05T23:10:12","modified_gmt":"2022-07-05T23:10:12","slug":"buy-4-cl-pvp-cristais","status":"publish","type":"product","link":"https:\/\/medicinasinc.com\/pt\/product\/buy-4-cl-pvp-cristais\/","title":{"rendered":"Compre cristais de 4-CL-PVP"},"content":{"rendered":"<p>O que exatamente \u00e9 4-CL-PVP?<\/p>\n<p>O equivalente cristalino de a-PVP \u00e9 4-CL-PVP. \u00c9 um estimulante cl\u00e1ssico. As investiga\u00e7\u00f5es de pesquisa de 4-CL-PVP freq\u00fcentemente produzem achados de loquacidade, aumento do estado de alerta, aumento da energia e outros efeitos estimulantes. Os efeitos PVP de 4-CL geralmente duram menos de tr\u00eas horas. Al\u00e9m disso, foi relatado que a subst\u00e2ncia gera efeitos euf\u00f3ricos leves a graves. Pesquisadores que procuram um substituto para a-PVP descobrir\u00e3o que o 4-CL-PVP \u00e9 um substituto aceit\u00e1vel. O 4-CL-PVP \u00e9 um inibidor da recapta\u00e7\u00e3o de norepinefrina e dopamina. Este fato contribui significativamente para as propriedades estimulantes deste produto qu\u00edmico.<\/p>\n<p>Onde posso comprar 4-CL-PVP?<\/p>\n<p>Chemical Planet vende 4-CL-PVP de alta qualidade. Normalmente, nosso 4-CL-PVP \u00e9 fornecido em forma de cristal. Se voc\u00ea n\u00e3o encontrar o formul\u00e1rio que est\u00e1 procurando, entre em contato conosco para saber quando ele estar\u00e1 dispon\u00edvel novamente.<\/p>\n<p>Se voc\u00ea deseja comprar 4-Cl-PVP da Chemical Planet, voc\u00ea deve estar em menos de 18 anos e totalmente em conformidade com todas as leis qu\u00edmicas de pesquisa locais. Nossos compostos s\u00e3o destinados apenas para uso em pesquisa e n\u00e3o s\u00e3o para consumo humano ou animal.<\/p>\n<p>&nbsp;<\/p>\n<p>Legalidade do 4-CL-PVP<\/p>\n<p>A maioria dos pa\u00edses em todo o mundo se abstiveram de declarar 4-CL-PVP um produto qu\u00edmico proibido. Isso significa que n\u00e3o \u00e9 planejado na maioria dos locais. Se voc\u00ea precisar de informa\u00e7\u00f5es adicionais sobre o status legal do 4-CL-PVP, entre em contato com as autoridades federais.<\/p>\n<p>Sempre armazene em local fresco e seco para garantir a maior vida \u00fatil poss\u00edvel. Este produto destina-se exclusivamente a fins forenses e de pesquisa. Como tal, N\u00c3O se destina ao consumo humano ou a qualquer tipo de experimenta\u00e7\u00e3o in vivo em animais ou qualquer outra entidade viva.<\/p>\n","protected":false},"excerpt":{"rendered":"<p>Cristais de 4-CL-PVP \u00e0 venda no Reino Unido, Europa e Uni\u00e3o Europeia. Compre cristais 4-CL-PVP on-line com o melhor pre\u00e7o, com frete gr\u00e1tis dispon\u00edvel em todo o mundo.<\/p>\n<p>Venda-se cristais 4-CL-PVP.<\/p>\n<p>Compre cristais 4-CL-PVP. online com o melhor pre\u00e7o, com frete gr\u00e1tis dispon\u00edvel em todo o mundo.<\/p>\n<p>Compre 4-CL-PVP Crystals com desconto online.<\/p>\n<p>4-CL-PVP Crystal \u00e9 um novo estimulante e contraparte do popular a-PVP.<\/p>\n","protected":false},"featured_media":5477,"comment_status":"open","ping_status":"closed","template":"","meta":[],"product_brand":[],"product_cat":[2014],"product_tag":[2740,2741,2742,2743,2744,2745,2746,2738,2739,2747],"class_list":{"0":"post-5468","1":"product","2":"type-product","3":"status-publish","4":"has-post-thumbnail","6":"product_cat-compre-produtos-quimicos-de-pesquisa","7":"product_tag-4-cl-pvp-europe","8":"product_tag-4-cl-pvp-for-sale","9":"product_tag-4-cl-pvp-order","10":"product_tag-4-cl-pvp-reddit","11":"product_tag-buy-4-cl-pvp","12":"product_tag-buy-4-cl-pvp-crystal-online","13":"product_tag-buy-4-cl-pvp-crystals-online","14":"product_tag-4-cl-pvp-cristais-para-venda","15":"product_tag-4-cl-pvp-efeito","16":"product_tag-onde-comprar-4-cl-pvp-crystals-online","18":"first","19":"instock","20":"shipping-taxable","21":"purchasable","22":"product-type-variable","23":"has-default-attributes"},"yoast_head":"<!-- This site is optimized with the Yoast SEO plugin v27.3 - https:\/\/yoast.com\/product\/yoast-seo-wordpress\/ -->\n<title>Compre Cristais 4-CL-PVP - Cristais 4-CL-PVP - Melhores Medicamentos Globais<\/title>\n<meta name=\"description\" content=\"Compre cristais de 4-CL-PVP \u00e0 venda no Reino Unido, Europa e UE. Compre cristais 4-CL-PVP\u00a0On-line, frete gr\u00e1tis de alta qualidade dispon\u00edvel em todo o mundo, mais barato de sempre, melhor pre\u00e7o para encomendar.\" \/>\n<meta name=\"robots\" content=\"index, follow, max-snippet:-1, max-image-preview:large, max-video-preview:-1\" \/>\n<link rel=\"canonical\" href=\"https:\/\/medicinasinc.com\/pt\/product\/buy-4-cl-pvp-cristais\/\" \/>\n<meta property=\"og:locale\" content=\"pt_PT\" \/>\n<meta property=\"og:type\" content=\"article\" \/>\n<meta property=\"og:title\" content=\"Compre Cristais 4-CL-PVP - Cristais 4-CL-PVP - Melhores Medicamentos Globais\" \/>\n<meta property=\"og:description\" content=\"Compre cristais de 4-CL-PVP \u00e0 venda no Reino Unido, Europa e UE. Compre cristais 4-CL-PVP\u00a0On-line, frete gr\u00e1tis de alta qualidade dispon\u00edvel em todo o mundo, mais barato de sempre, melhor pre\u00e7o para encomendar.\" \/>\n<meta property=\"og:url\" content=\"https:\/\/medicinasinc.com\/pt\/product\/buy-4-cl-pvp-cristais\/\" \/>\n<meta property=\"og:site_name\" content=\"Medicinas Inc\" \/>\n<meta property=\"article:modified_time\" content=\"2022-07-05T23:10:12+00:00\" \/>\n<meta property=\"og:image\" content=\"https:\/\/medicinasinc.com\/pt\/wp-content\/uploads\/sites\/20\/2022\/02\/Buy-4-CL-PVP-Crystals.jpg\" \/>\n\t<meta property=\"og:image:width\" content=\"275\" \/>\n\t<meta property=\"og:image:height\" content=\"183\" \/>\n\t<meta property=\"og:image:type\" content=\"image\/jpeg\" \/>\n<meta name=\"twitter:card\" content=\"summary_large_image\" \/>\n<meta name=\"twitter:label1\" content=\"Tempo estimado de leitura\" \/>\n\t<meta name=\"twitter:data1\" content=\"2 minutos\" \/>\n<script type=\"application\/ld+json\" class=\"yoast-schema-graph\">{\"@context\":\"https:\\\/\\\/schema.org\",\"@graph\":[{\"@type\":\"WebPage\",\"@id\":\"https:\\\/\\\/medicinasinc.com\\\/pt\\\/product\\\/buy-4-cl-pvp-cristais\\\/\",\"url\":\"https:\\\/\\\/medicinasinc.com\\\/pt\\\/product\\\/buy-4-cl-pvp-cristais\\\/\",\"name\":\"Compre Cristais 4-CL-PVP - Cristais 4-CL-PVP - Melhores Medicamentos Globais\",\"isPartOf\":{\"@id\":\"https:\\\/\\\/medicinasinc.com\\\/pt\\\/#website\"},\"primaryImageOfPage\":{\"@id\":\"https:\\\/\\\/medicinasinc.com\\\/pt\\\/product\\\/buy-4-cl-pvp-cristais\\\/#primaryimage\"},\"image\":{\"@id\":\"https:\\\/\\\/medicinasinc.com\\\/pt\\\/product\\\/buy-4-cl-pvp-cristais\\\/#primaryimage\"},\"thumbnailUrl\":\"https:\\\/\\\/medicinasinc.com\\\/pt\\\/wp-content\\\/uploads\\\/sites\\\/20\\\/2022\\\/02\\\/Buy-4-CL-PVP-Crystals.jpg\",\"datePublished\":\"2022-02-22T00:04:03+00:00\",\"dateModified\":\"2022-07-05T23:10:12+00:00\",\"description\":\"Compre cristais de 4-CL-PVP \u00e0 venda no Reino Unido, Europa e UE. Compre cristais 4-CL-PVP\u00a0On-line, frete gr\u00e1tis de alta qualidade dispon\u00edvel em todo o mundo, mais barato de sempre, melhor pre\u00e7o para encomendar.\",\"breadcrumb\":{\"@id\":\"https:\\\/\\\/medicinasinc.com\\\/pt\\\/product\\\/buy-4-cl-pvp-cristais\\\/#breadcrumb\"},\"inLanguage\":\"pt-PT\",\"potentialAction\":[{\"@type\":\"ReadAction\",\"target\":[\"https:\\\/\\\/medicinasinc.com\\\/pt\\\/product\\\/buy-4-cl-pvp-cristais\\\/\"]}]},{\"@type\":\"ImageObject\",\"inLanguage\":\"pt-PT\",\"@id\":\"https:\\\/\\\/medicinasinc.com\\\/pt\\\/product\\\/buy-4-cl-pvp-cristais\\\/#primaryimage\",\"url\":\"https:\\\/\\\/medicinasinc.com\\\/pt\\\/wp-content\\\/uploads\\\/sites\\\/20\\\/2022\\\/02\\\/Buy-4-CL-PVP-Crystals.jpg\",\"contentUrl\":\"https:\\\/\\\/medicinasinc.com\\\/pt\\\/wp-content\\\/uploads\\\/sites\\\/20\\\/2022\\\/02\\\/Buy-4-CL-PVP-Crystals.jpg\",\"width\":275,\"height\":183},{\"@type\":\"BreadcrumbList\",\"@id\":\"https:\\\/\\\/medicinasinc.com\\\/pt\\\/product\\\/buy-4-cl-pvp-cristais\\\/#breadcrumb\",\"itemListElement\":[{\"@type\":\"ListItem\",\"position\":1,\"name\":\"Comprar\",\"item\":\"https:\\\/\\\/medicinasinc.com\\\/pt\\\/comprar\\\/\"},{\"@type\":\"ListItem\",\"position\":2,\"name\":\"Compre cristais de 4-CL-PVP\"}]},{\"@type\":\"WebSite\",\"@id\":\"https:\\\/\\\/medicinasinc.com\\\/pt\\\/#website\",\"url\":\"https:\\\/\\\/medicinasinc.com\\\/pt\\\/\",\"name\":\"Medicinas Inc\",\"description\":\"Health Medical Clinic\",\"potentialAction\":[{\"@type\":\"SearchAction\",\"target\":{\"@type\":\"EntryPoint\",\"urlTemplate\":\"https:\\\/\\\/medicinasinc.com\\\/pt\\\/?s={search_term_string}\"},\"query-input\":{\"@type\":\"PropertyValueSpecification\",\"valueRequired\":true,\"valueName\":\"search_term_string\"}}],\"inLanguage\":\"pt-PT\"}]}<\/script>\n<!-- \/ Yoast SEO plugin. -->","yoast_head_json":{"title":"Compre Cristais 4-CL-PVP - Cristais 4-CL-PVP - Melhores Medicamentos Globais","description":"Compre cristais de 4-CL-PVP \u00e0 venda no Reino Unido, Europa e UE. Compre cristais 4-CL-PVP\u00a0On-line, frete gr\u00e1tis de alta qualidade dispon\u00edvel em todo o mundo, mais barato de sempre, melhor pre\u00e7o para encomendar.","robots":{"index":"index","follow":"follow","max-snippet":"max-snippet:-1","max-image-preview":"max-image-preview:large","max-video-preview":"max-video-preview:-1"},"canonical":"https:\/\/medicinasinc.com\/pt\/product\/buy-4-cl-pvp-cristais\/","og_locale":"pt_PT","og_type":"article","og_title":"Compre Cristais 4-CL-PVP - Cristais 4-CL-PVP - Melhores Medicamentos Globais","og_description":"Compre cristais de 4-CL-PVP \u00e0 venda no Reino Unido, Europa e UE. Compre cristais 4-CL-PVP\u00a0On-line, frete gr\u00e1tis de alta qualidade dispon\u00edvel em todo o mundo, mais barato de sempre, melhor pre\u00e7o para encomendar.","og_url":"https:\/\/medicinasinc.com\/pt\/product\/buy-4-cl-pvp-cristais\/","og_site_name":"Medicinas Inc","article_modified_time":"2022-07-05T23:10:12+00:00","og_image":[{"width":275,"height":183,"url":"https:\/\/medicinasinc.com\/pt\/wp-content\/uploads\/sites\/20\/2022\/02\/Buy-4-CL-PVP-Crystals.jpg","type":"image\/jpeg"}],"twitter_card":"summary_large_image","twitter_misc":{"Tempo estimado de leitura":"2 minutos"},"schema":{"@context":"https:\/\/schema.org","@graph":[{"@type":"WebPage","@id":"https:\/\/medicinasinc.com\/pt\/product\/buy-4-cl-pvp-cristais\/","url":"https:\/\/medicinasinc.com\/pt\/product\/buy-4-cl-pvp-cristais\/","name":"Compre Cristais 4-CL-PVP - Cristais 4-CL-PVP - Melhores Medicamentos Globais","isPartOf":{"@id":"https:\/\/medicinasinc.com\/pt\/#website"},"primaryImageOfPage":{"@id":"https:\/\/medicinasinc.com\/pt\/product\/buy-4-cl-pvp-cristais\/#primaryimage"},"image":{"@id":"https:\/\/medicinasinc.com\/pt\/product\/buy-4-cl-pvp-cristais\/#primaryimage"},"thumbnailUrl":"https:\/\/medicinasinc.com\/pt\/wp-content\/uploads\/sites\/20\/2022\/02\/Buy-4-CL-PVP-Crystals.jpg","datePublished":"2022-02-22T00:04:03+00:00","dateModified":"2022-07-05T23:10:12+00:00","description":"Compre cristais de 4-CL-PVP \u00e0 venda no Reino Unido, Europa e UE. Compre cristais 4-CL-PVP\u00a0On-line, frete gr\u00e1tis de alta qualidade dispon\u00edvel em todo o mundo, mais barato de sempre, melhor pre\u00e7o para encomendar.","breadcrumb":{"@id":"https:\/\/medicinasinc.com\/pt\/product\/buy-4-cl-pvp-cristais\/#breadcrumb"},"inLanguage":"pt-PT","potentialAction":[{"@type":"ReadAction","target":["https:\/\/medicinasinc.com\/pt\/product\/buy-4-cl-pvp-cristais\/"]}]},{"@type":"ImageObject","inLanguage":"pt-PT","@id":"https:\/\/medicinasinc.com\/pt\/product\/buy-4-cl-pvp-cristais\/#primaryimage","url":"https:\/\/medicinasinc.com\/pt\/wp-content\/uploads\/sites\/20\/2022\/02\/Buy-4-CL-PVP-Crystals.jpg","contentUrl":"https:\/\/medicinasinc.com\/pt\/wp-content\/uploads\/sites\/20\/2022\/02\/Buy-4-CL-PVP-Crystals.jpg","width":275,"height":183},{"@type":"BreadcrumbList","@id":"https:\/\/medicinasinc.com\/pt\/product\/buy-4-cl-pvp-cristais\/#breadcrumb","itemListElement":[{"@type":"ListItem","position":1,"name":"Comprar","item":"https:\/\/medicinasinc.com\/pt\/comprar\/"},{"@type":"ListItem","position":2,"name":"Compre cristais de 4-CL-PVP"}]},{"@type":"WebSite","@id":"https:\/\/medicinasinc.com\/pt\/#website","url":"https:\/\/medicinasinc.com\/pt\/","name":"Medicinas Inc","description":"Health Medical Clinic","potentialAction":[{"@type":"SearchAction","target":{"@type":"EntryPoint","urlTemplate":"https:\/\/medicinasinc.com\/pt\/?s={search_term_string}"},"query-input":{"@type":"PropertyValueSpecification","valueRequired":true,"valueName":"search_term_string"}}],"inLanguage":"pt-PT"}]}},"_links":{"self":[{"href":"https:\/\/medicinasinc.com\/pt\/wp-json\/wp\/v2\/product\/5468","targetHints":{"allow":["GET"]}}],"collection":[{"href":"https:\/\/medicinasinc.com\/pt\/wp-json\/wp\/v2\/product"}],"about":[{"href":"https:\/\/medicinasinc.com\/pt\/wp-json\/wp\/v2\/types\/product"}],"replies":[{"embeddable":true,"href":"https:\/\/medicinasinc.com\/pt\/wp-json\/wp\/v2\/comments?post=5468"}],"wp:featuredmedia":[{"embeddable":true,"href":"https:\/\/medicinasinc.com\/pt\/wp-json\/wp\/v2\/media\/5477"}],"wp:attachment":[{"href":"https:\/\/medicinasinc.com\/pt\/wp-json\/wp\/v2\/media?parent=5468"}],"wp:term":[{"taxonomy":"product_brand","embeddable":true,"href":"https:\/\/medicinasinc.com\/pt\/wp-json\/wp\/v2\/product_brand?post=5468"},{"taxonomy":"product_cat","embeddable":true,"href":"https:\/\/medicinasinc.com\/pt\/wp-json\/wp\/v2\/product_cat?post=5468"},{"taxonomy":"product_tag","embeddable":true,"href":"https:\/\/medicinasinc.com\/pt\/wp-json\/wp\/v2\/product_tag?post=5468"}],"curies":[{"name":"wp","href":"https:\/\/api.w.org\/{rel}","templated":true}]}}