{"id":5443,"date":"2022-02-21T23:37:16","date_gmt":"2022-02-21T23:37:16","guid":{"rendered":"https:\/\/medicinasinc.com\/pt\/?post_type=product&#038;p=5443"},"modified":"2022-07-05T23:10:25","modified_gmt":"2022-07-05T23:10:25","slug":"comprar-bufedrona-po","status":"publish","type":"product","link":"https:\/\/medicinasinc.com\/pt\/product\/comprar-bufedrona-po\/","title":{"rendered":"Compre Bufedrona em p\u00f3"},"content":{"rendered":"<p>Compre Bufedrona em p\u00f3<\/p>\n<p>Navegue em nosso cat\u00e1logo online Comprar Bufedrona em p\u00f3 ou cristal. Oferecemos produtos de alta qualidade a pre\u00e7os razo\u00e1veis. Pedidos com um &#8220;subtotal&#8221; de pelo menos 10g receber\u00e3o um desconto de 25%.<\/p>\n<p>O que exatamente \u00e9 Bufedrona?<br \/> Este conhecido produto qu\u00edmico de pesquisa \u00e9 um estimulante das classes de produtos qu\u00edmicos fenetilamina e catinona. A bufedrona \u00e9 uma beta-cetona que est\u00e1 relacionada com os compostos naturais catinona e catina. Tamb\u00e9m \u00e9 conhecido como -metilamino-butirofenona ou Fenilacetoetil-metilamina.<\/p>\n<p>Bufedrona em p\u00f3\/Compre Bufedrona em p\u00f3<\/p>\n<p>Bufedrona em p\u00f3<\/p>\n<p>Tamb\u00e9m est\u00e1 relacionado \u00e0 metanfetamina, com o substituinte -cetona (no carbono beta) e um grupo etil substituindo o grupo metil no carbono alfa da amina. Seus efeitos em cobaias foram comparados aos da metanfetamina, com mais euforia e menos estimula\u00e7\u00e3o f\u00edsica observada nos estudos. Aumenta a libera\u00e7\u00e3o de dopamina dos terminais nervosos dopamin\u00e9rgicos no c\u00e9rebro.<\/p>\n<p>Bufedron em p\u00f3<\/p>\n<p>Os substitutos da catinona, como a etcatinona, s\u00e3o compostos psicoativos comumente usados \u200b\u200bcomo drogas recreativas.<\/p>\n<p>Alguns deles t\u00eam efeitos semelhantes aos das anfetaminas.<\/p>\n<p>3 A bufedrona (cloridrato) \u00e9 uma catinona substitu\u00edda com um grupo etil na posi\u00e7\u00e3o alfa e um grupo metil no terminal N. Este composto foi encontrado em produtos relacionados a estimulantes. 2 Suas propriedades biol\u00f3gicas e toxicol\u00f3gicas ainda n\u00e3o foram determinadas. Este produto destina-se ao uso forense.<\/p>\n","protected":false},"excerpt":{"rendered":"<div class=\"woocommerce-product-details__short-description\">\n<p><em>Compre<\/em>\u00a0pura alta qualidade\u00a0<em>Buphedrone Powder<\/em>\u00a0on-line com Bitcoin &#8211; <em>Compre<\/em>\u00a0medicamentos legais on-line,\u00a0<em>compre<\/em>\u00a0pesquisa de produtos qu\u00edmicos,\u00a0<em>compre<\/em>\u00a0farmac\u00eauticos brutos\u00a0<em>p\u00f3s<\/em>.<\/p>\n<p>Compre Bufedrona em p\u00f3 Nos EUA, compre a bufedrona a granel, tamb\u00e9m conhecida como MABP, \u00e9 um estimulante da classe qu\u00edmica fenetilamina e catinona.<\/p>\n<p>Compre bufedrona em p\u00f3 on-line.<\/p>\n<p>Bufedrona, tamb\u00e9m conhecida como -metilamino -butirofenona (MABP), \u00e9 um estimulante de fenetilamina e catinona que foi sintetizado pela primeira vez em 1928.<\/p>\n<\/p><\/div>\n","protected":false},"featured_media":5455,"comment_status":"open","ping_status":"closed","template":"","meta":[],"product_brand":[],"product_cat":[2014],"product_tag":[2733,2726,2730,2736,2728,2729,2732,2731,2734,2727,2735,2737],"class_list":{"0":"post-5443","1":"product","2":"type-product","3":"status-publish","4":"has-post-thumbnail","6":"product_cat-compre-produtos-quimicos-de-pesquisa","7":"product_tag-bufedrona-p-uk","8":"product_tag-bufedrona-em-p","9":"product_tag-bufedrona-p-alemanha","10":"product_tag-qualidade-bufedrona-p","11":"product_tag-bufedrona-p-europa","12":"product_tag-bufedrona-p-venda","13":"product_tag-bufedrona-p-reddit","14":"product_tag-buphedrone-powder-italy","15":"product_tag-buy-buphedrone-powder","16":"product_tag-bufedrona-efeito-em-p","17":"product_tag-ordem-bufedrona-p","18":"product_tag-onde-comprar-bufedrona-em-p","20":"first","21":"instock","22":"shipping-taxable","23":"purchasable","24":"product-type-variable"},"yoast_head":"<!-- This site is optimized with the Yoast SEO plugin v27.3 - https:\/\/yoast.com\/product\/yoast-seo-wordpress\/ -->\n<title>Compre Bufedrona em p\u00f3 - Bufedrona em p\u00f3 - Best Global Meds<\/title>\n<meta name=\"description\" content=\"Compre bufedrona em p\u00f3 para venda Reino Unido, UE, Europa (\u03b1-metilamino-butirofenona ou MABP) Cristal e p\u00f3 com 99,9% de pureza online com garantia .\" \/>\n<meta name=\"robots\" content=\"index, follow, max-snippet:-1, max-image-preview:large, max-video-preview:-1\" \/>\n<link rel=\"canonical\" href=\"https:\/\/medicinasinc.com\/pt\/product\/comprar-bufedrona-po\/\" \/>\n<meta property=\"og:locale\" content=\"pt_PT\" \/>\n<meta property=\"og:type\" content=\"article\" \/>\n<meta property=\"og:title\" content=\"Compre Bufedrona em p\u00f3 - Bufedrona em p\u00f3 - Best Global Meds\" \/>\n<meta property=\"og:description\" content=\"Compre bufedrona em p\u00f3 para venda Reino Unido, UE, Europa (\u03b1-metilamino-butirofenona ou MABP) Cristal e p\u00f3 com 99,9% de pureza online com garantia .\" \/>\n<meta property=\"og:url\" content=\"https:\/\/medicinasinc.com\/pt\/product\/comprar-bufedrona-po\/\" \/>\n<meta property=\"og:site_name\" content=\"Medicinas Inc\" \/>\n<meta property=\"article:modified_time\" content=\"2022-07-05T23:10:25+00:00\" \/>\n<meta property=\"og:image\" content=\"https:\/\/medicinasinc.com\/pt\/wp-content\/uploads\/sites\/20\/2022\/02\/Buy-Buphedrone-powder.png\" \/>\n\t<meta property=\"og:image:width\" content=\"600\" \/>\n\t<meta property=\"og:image:height\" content=\"400\" \/>\n\t<meta property=\"og:image:type\" content=\"image\/png\" \/>\n<meta name=\"twitter:card\" content=\"summary_large_image\" \/>\n<meta name=\"twitter:label1\" content=\"Tempo estimado de leitura\" \/>\n\t<meta name=\"twitter:data1\" content=\"1 minuto\" \/>\n<script type=\"application\/ld+json\" class=\"yoast-schema-graph\">{\"@context\":\"https:\\\/\\\/schema.org\",\"@graph\":[{\"@type\":\"WebPage\",\"@id\":\"https:\\\/\\\/medicinasinc.com\\\/pt\\\/product\\\/comprar-bufedrona-po\\\/\",\"url\":\"https:\\\/\\\/medicinasinc.com\\\/pt\\\/product\\\/comprar-bufedrona-po\\\/\",\"name\":\"Compre Bufedrona em p\u00f3 - Bufedrona em p\u00f3 - Best Global Meds\",\"isPartOf\":{\"@id\":\"https:\\\/\\\/medicinasinc.com\\\/pt\\\/#website\"},\"primaryImageOfPage\":{\"@id\":\"https:\\\/\\\/medicinasinc.com\\\/pt\\\/product\\\/comprar-bufedrona-po\\\/#primaryimage\"},\"image\":{\"@id\":\"https:\\\/\\\/medicinasinc.com\\\/pt\\\/product\\\/comprar-bufedrona-po\\\/#primaryimage\"},\"thumbnailUrl\":\"https:\\\/\\\/medicinasinc.com\\\/pt\\\/wp-content\\\/uploads\\\/sites\\\/20\\\/2022\\\/02\\\/Buy-Buphedrone-powder.png\",\"datePublished\":\"2022-02-21T23:37:16+00:00\",\"dateModified\":\"2022-07-05T23:10:25+00:00\",\"description\":\"Compre bufedrona em p\u00f3 para venda Reino Unido, UE, Europa (\u03b1-metilamino-butirofenona ou MABP) Cristal e p\u00f3 com 99,9% de pureza online com garantia .\",\"breadcrumb\":{\"@id\":\"https:\\\/\\\/medicinasinc.com\\\/pt\\\/product\\\/comprar-bufedrona-po\\\/#breadcrumb\"},\"inLanguage\":\"pt-PT\",\"potentialAction\":[{\"@type\":\"ReadAction\",\"target\":[\"https:\\\/\\\/medicinasinc.com\\\/pt\\\/product\\\/comprar-bufedrona-po\\\/\"]}]},{\"@type\":\"ImageObject\",\"inLanguage\":\"pt-PT\",\"@id\":\"https:\\\/\\\/medicinasinc.com\\\/pt\\\/product\\\/comprar-bufedrona-po\\\/#primaryimage\",\"url\":\"https:\\\/\\\/medicinasinc.com\\\/pt\\\/wp-content\\\/uploads\\\/sites\\\/20\\\/2022\\\/02\\\/Buy-Buphedrone-powder.png\",\"contentUrl\":\"https:\\\/\\\/medicinasinc.com\\\/pt\\\/wp-content\\\/uploads\\\/sites\\\/20\\\/2022\\\/02\\\/Buy-Buphedrone-powder.png\",\"width\":600,\"height\":400},{\"@type\":\"BreadcrumbList\",\"@id\":\"https:\\\/\\\/medicinasinc.com\\\/pt\\\/product\\\/comprar-bufedrona-po\\\/#breadcrumb\",\"itemListElement\":[{\"@type\":\"ListItem\",\"position\":1,\"name\":\"Comprar\",\"item\":\"https:\\\/\\\/medicinasinc.com\\\/pt\\\/comprar\\\/\"},{\"@type\":\"ListItem\",\"position\":2,\"name\":\"Compre Bufedrona em p\u00f3\"}]},{\"@type\":\"WebSite\",\"@id\":\"https:\\\/\\\/medicinasinc.com\\\/pt\\\/#website\",\"url\":\"https:\\\/\\\/medicinasinc.com\\\/pt\\\/\",\"name\":\"Medicinas Inc\",\"description\":\"Health Medical Clinic\",\"potentialAction\":[{\"@type\":\"SearchAction\",\"target\":{\"@type\":\"EntryPoint\",\"urlTemplate\":\"https:\\\/\\\/medicinasinc.com\\\/pt\\\/?s={search_term_string}\"},\"query-input\":{\"@type\":\"PropertyValueSpecification\",\"valueRequired\":true,\"valueName\":\"search_term_string\"}}],\"inLanguage\":\"pt-PT\"}]}<\/script>\n<!-- \/ Yoast SEO plugin. -->","yoast_head_json":{"title":"Compre Bufedrona em p\u00f3 - Bufedrona em p\u00f3 - Best Global Meds","description":"Compre bufedrona em p\u00f3 para venda Reino Unido, UE, Europa (\u03b1-metilamino-butirofenona ou MABP) Cristal e p\u00f3 com 99,9% de pureza online com garantia .","robots":{"index":"index","follow":"follow","max-snippet":"max-snippet:-1","max-image-preview":"max-image-preview:large","max-video-preview":"max-video-preview:-1"},"canonical":"https:\/\/medicinasinc.com\/pt\/product\/comprar-bufedrona-po\/","og_locale":"pt_PT","og_type":"article","og_title":"Compre Bufedrona em p\u00f3 - Bufedrona em p\u00f3 - Best Global Meds","og_description":"Compre bufedrona em p\u00f3 para venda Reino Unido, UE, Europa (\u03b1-metilamino-butirofenona ou MABP) Cristal e p\u00f3 com 99,9% de pureza online com garantia .","og_url":"https:\/\/medicinasinc.com\/pt\/product\/comprar-bufedrona-po\/","og_site_name":"Medicinas Inc","article_modified_time":"2022-07-05T23:10:25+00:00","og_image":[{"width":600,"height":400,"url":"https:\/\/medicinasinc.com\/pt\/wp-content\/uploads\/sites\/20\/2022\/02\/Buy-Buphedrone-powder.png","type":"image\/png"}],"twitter_card":"summary_large_image","twitter_misc":{"Tempo estimado de leitura":"1 minuto"},"schema":{"@context":"https:\/\/schema.org","@graph":[{"@type":"WebPage","@id":"https:\/\/medicinasinc.com\/pt\/product\/comprar-bufedrona-po\/","url":"https:\/\/medicinasinc.com\/pt\/product\/comprar-bufedrona-po\/","name":"Compre Bufedrona em p\u00f3 - Bufedrona em p\u00f3 - Best Global Meds","isPartOf":{"@id":"https:\/\/medicinasinc.com\/pt\/#website"},"primaryImageOfPage":{"@id":"https:\/\/medicinasinc.com\/pt\/product\/comprar-bufedrona-po\/#primaryimage"},"image":{"@id":"https:\/\/medicinasinc.com\/pt\/product\/comprar-bufedrona-po\/#primaryimage"},"thumbnailUrl":"https:\/\/medicinasinc.com\/pt\/wp-content\/uploads\/sites\/20\/2022\/02\/Buy-Buphedrone-powder.png","datePublished":"2022-02-21T23:37:16+00:00","dateModified":"2022-07-05T23:10:25+00:00","description":"Compre bufedrona em p\u00f3 para venda Reino Unido, UE, Europa (\u03b1-metilamino-butirofenona ou MABP) Cristal e p\u00f3 com 99,9% de pureza online com garantia .","breadcrumb":{"@id":"https:\/\/medicinasinc.com\/pt\/product\/comprar-bufedrona-po\/#breadcrumb"},"inLanguage":"pt-PT","potentialAction":[{"@type":"ReadAction","target":["https:\/\/medicinasinc.com\/pt\/product\/comprar-bufedrona-po\/"]}]},{"@type":"ImageObject","inLanguage":"pt-PT","@id":"https:\/\/medicinasinc.com\/pt\/product\/comprar-bufedrona-po\/#primaryimage","url":"https:\/\/medicinasinc.com\/pt\/wp-content\/uploads\/sites\/20\/2022\/02\/Buy-Buphedrone-powder.png","contentUrl":"https:\/\/medicinasinc.com\/pt\/wp-content\/uploads\/sites\/20\/2022\/02\/Buy-Buphedrone-powder.png","width":600,"height":400},{"@type":"BreadcrumbList","@id":"https:\/\/medicinasinc.com\/pt\/product\/comprar-bufedrona-po\/#breadcrumb","itemListElement":[{"@type":"ListItem","position":1,"name":"Comprar","item":"https:\/\/medicinasinc.com\/pt\/comprar\/"},{"@type":"ListItem","position":2,"name":"Compre Bufedrona em p\u00f3"}]},{"@type":"WebSite","@id":"https:\/\/medicinasinc.com\/pt\/#website","url":"https:\/\/medicinasinc.com\/pt\/","name":"Medicinas Inc","description":"Health Medical Clinic","potentialAction":[{"@type":"SearchAction","target":{"@type":"EntryPoint","urlTemplate":"https:\/\/medicinasinc.com\/pt\/?s={search_term_string}"},"query-input":{"@type":"PropertyValueSpecification","valueRequired":true,"valueName":"search_term_string"}}],"inLanguage":"pt-PT"}]}},"_links":{"self":[{"href":"https:\/\/medicinasinc.com\/pt\/wp-json\/wp\/v2\/product\/5443","targetHints":{"allow":["GET"]}}],"collection":[{"href":"https:\/\/medicinasinc.com\/pt\/wp-json\/wp\/v2\/product"}],"about":[{"href":"https:\/\/medicinasinc.com\/pt\/wp-json\/wp\/v2\/types\/product"}],"replies":[{"embeddable":true,"href":"https:\/\/medicinasinc.com\/pt\/wp-json\/wp\/v2\/comments?post=5443"}],"wp:featuredmedia":[{"embeddable":true,"href":"https:\/\/medicinasinc.com\/pt\/wp-json\/wp\/v2\/media\/5455"}],"wp:attachment":[{"href":"https:\/\/medicinasinc.com\/pt\/wp-json\/wp\/v2\/media?parent=5443"}],"wp:term":[{"taxonomy":"product_brand","embeddable":true,"href":"https:\/\/medicinasinc.com\/pt\/wp-json\/wp\/v2\/product_brand?post=5443"},{"taxonomy":"product_cat","embeddable":true,"href":"https:\/\/medicinasinc.com\/pt\/wp-json\/wp\/v2\/product_cat?post=5443"},{"taxonomy":"product_tag","embeddable":true,"href":"https:\/\/medicinasinc.com\/pt\/wp-json\/wp\/v2\/product_tag?post=5443"}],"curies":[{"name":"wp","href":"https:\/\/api.w.org\/{rel}","templated":true}]}}