{"id":5442,"date":"2022-02-21T23:35:16","date_gmt":"2022-02-21T23:35:16","guid":{"rendered":"https:\/\/medicinasinc.com\/pt\/?post_type=product&#038;p=5442"},"modified":"2022-07-05T23:10:38","modified_gmt":"2022-07-05T23:10:38","slug":"comprar-alprazolam-po","status":"publish","type":"product","link":"https:\/\/medicinasinc.com\/pt\/product\/comprar-alprazolam-po\/","title":{"rendered":"Compre Alprazolam em p\u00f3"},"content":{"rendered":"<p>Venda de Alprazolam<\/p>\n<p>Alprazolam \u00e9 um poderoso benzodiazep\u00ednico com meia-vida curta que relaxa o sistema nervoso central. Este medicamento \u00e9 usado principalmente para tratar dist\u00farbios de ansiedade e p\u00e2nico. O aumento da popula\u00e7\u00e3o geri\u00e1trica vulner\u00e1vel \u00e0 depress\u00e3o, bem como a preval\u00eancia de transtornos de ansiedade, como fobia e ansiedades generalizadas, est\u00e3o impulsionando a demanda por Alprazolam em p\u00f3. Al\u00e9m disso, o crescimento do setor \u00e9 alimentado pelo estilo de vida acelerado e estressante que leva \u00e0 depress\u00e3o. Al\u00e9m disso, durante o per\u00edodo de previs\u00e3o, o trabalho de pesquisa e desenvolvimento do Alprazolam est\u00e1 planejado para explorar novas oportunidades. Regulamentos governamentais estritos e efeitos desfavor\u00e1veis \u200b\u200bdas drogas, como depend\u00eancia de drogas, por outro lado, impedem o crescimento. ALPRAZOLAM pode ser comprado online, assim como ALPRAZOLAM \u00e0 venda.<\/p>\n<p>Uso<\/p>\n<p>Alprazolam \u00e9 usado para tratar ansiedade e transtornos de p\u00e2nico (epis\u00f3dios s\u00fabitos e imprevis\u00edveis de medo intenso e preocupa\u00e7\u00e3o com esses epis\u00f3dios ). O alprazolam pertence \u00e0 classe de medicamentos benzodiazep\u00ednicos. Isso reduz a excita\u00e7\u00e3o excessiva no c\u00e9rebro. Alprazolam tamb\u00e9m \u00e9 usado para tratar depress\u00e3o, ansiedade em p\u00fablico e s\u00edndrome pr\u00e9-menstrual. Pode ser usado em situa\u00e7\u00f5es dolorosas. Discuta com seu m\u00e9dico os riscos potenciais para sua condi\u00e7\u00e3o se voc\u00ea usar este medicamento.<\/p>\n<p>Dosagem<\/p>\n<p>Alprazolam vem em comprimidos, comprimidos de libera\u00e7\u00e3o prolongada e comprimidos de decomposi\u00e7\u00e3o oral (um comprimido que rapidamente dissolve na boca). O comprimido, o comprimido de desintegra\u00e7\u00e3o oral e as solu\u00e7\u00f5es concentradas s\u00e3o normalmente tomados duas a quatro vezes por dia. O comprimido remoto \u00e9 geralmente tomado uma vez por dia, de manh\u00e3. Preste muita aten\u00e7\u00e3o \u00e0s notas em sua tabela de prescri\u00e7\u00e3o e pe\u00e7a ao seu farmac\u00eautico ou m\u00e9dico para explicar qualquer coisa que voc\u00ea n\u00e3o entenda. Tome alprazolam exatamente como indicado. Para tomar o l\u00edquido concentrado, use apenas o conta-gotas que acompanha a receita. Encha o conta-gotas com a dose necess\u00e1ria. Aperte o conta-gotas em alimentos l\u00edquidos ou semi-s\u00f3lidos, como ch\u00e1, leite, refrigerante, sopa de ma\u00e7\u00e3 ou pudim. Misture o l\u00edquido ou o alimento suavemente por alguns segundos. O l\u00edquido \u00e9 completamente absorvido pelos alimentos. Beba ou coma toda a mistura imediatamente. Tome oralmente o comprimido do frasco imediatamente antes do vencimento da dose. Com as palmas das m\u00e3os secas, abra o frasco, retire o comprimido e coloque-o na l\u00edngua imediatamente. O comprimido pode se dissolver e ser engolido com saliva.<\/p>\n","protected":false},"excerpt":{"rendered":"<div class=\"woocommerce-product-details__short-description\">\n<p><em>Comprar<\/em> Alprazolam Online &#8211; medicinasinc.com\/pt \u00e9 o melhor fornecedor e vendedor de <em>Alprazolam em p\u00f3<\/em>\u00a0onde voc\u00ea pode\u00a0<em>comprar<\/em>\u00a0Xanax em p\u00f3 no atacado. <em>Encomende<\/em>\u00a0Agora!<\/p>\n<p>Alprazolam em p\u00f3 pode ser comprado on-line. Real Alprazolam em p\u00f3 \u00e0 venda online \u2013 Alprazolam em p\u00f3 \u00e0 venda online | Comprar Alprazolam em p\u00f3 online | Comprar Alprazolam em p\u00f3 para venda online | Comprar barato Alprazolam em p\u00f3 online | Onde comprar Alprazolam em p\u00f3 online<\/p>\n<\/p><\/div>\n","protected":false},"featured_media":5453,"comment_status":"open","ping_status":"closed","template":"","meta":[],"product_brand":[],"product_cat":[2014],"product_tag":[1152,2723,2719,2721,1153,2722,2724,2725,2720],"class_list":{"0":"post-5442","1":"product","2":"type-product","3":"status-publish","4":"has-post-thumbnail","6":"product_cat-compre-produtos-quimicos-de-pesquisa","7":"product_tag-p-de-alprazolam","8":"product_tag-alprazolam-p-uk","9":"product_tag-alprazolam-p-comprar","10":"product_tag-alprazolam-p-europa","11":"product_tag-alprazolam-p-para-venda","12":"product_tag-alprazolam-powder-reddit","13":"product_tag-comprar-alprazolam-p","14":"product_tag-comprar-alprazolam-p-europa","15":"product_tag-alprazolam-efeito-em-p","17":"first","18":"instock","19":"shipping-taxable","20":"purchasable","21":"product-type-variable","22":"has-default-attributes"},"yoast_head":"<!-- This site is optimized with the Yoast SEO plugin v27.3 - https:\/\/yoast.com\/product\/yoast-seo-wordpress\/ -->\n<title>Compre Alprazolam em p\u00f3 - Alprazolam em p\u00f3 - Best Global Meds<\/title>\n<meta name=\"description\" content=\"Compre Alprazolam em p\u00f3 online. Real Alprazolam em p\u00f3 online \u2013 Alprazolam em p\u00f3 para venda | Comprar Alprazolam em p\u00f3 online | Comprar Alprazolam em p\u00f3 para venda| Compre barato Alprazolam em p\u00f3 | Onde comprar Alprazolam em p\u00f3 online\" \/>\n<meta name=\"robots\" content=\"index, follow, max-snippet:-1, max-image-preview:large, max-video-preview:-1\" \/>\n<link rel=\"canonical\" href=\"https:\/\/medicinasinc.com\/pt\/product\/comprar-alprazolam-po\/\" \/>\n<meta property=\"og:locale\" content=\"pt_PT\" \/>\n<meta property=\"og:type\" content=\"article\" \/>\n<meta property=\"og:title\" content=\"Compre Alprazolam em p\u00f3 - Alprazolam em p\u00f3 - Best Global Meds\" \/>\n<meta property=\"og:description\" content=\"Compre Alprazolam em p\u00f3 online. Real Alprazolam em p\u00f3 online \u2013 Alprazolam em p\u00f3 para venda | Comprar Alprazolam em p\u00f3 online | Comprar Alprazolam em p\u00f3 para venda| Compre barato Alprazolam em p\u00f3 | Onde comprar Alprazolam em p\u00f3 online\" \/>\n<meta property=\"og:url\" content=\"https:\/\/medicinasinc.com\/pt\/product\/comprar-alprazolam-po\/\" \/>\n<meta property=\"og:site_name\" content=\"Medicinas Inc\" \/>\n<meta property=\"article:modified_time\" content=\"2022-07-05T23:10:38+00:00\" \/>\n<meta property=\"og:image\" content=\"https:\/\/medicinasinc.com\/pt\/wp-content\/uploads\/sites\/20\/2022\/02\/Buy-Alprazolam-powder.jpg\" \/>\n\t<meta property=\"og:image:width\" content=\"259\" \/>\n\t<meta property=\"og:image:height\" content=\"194\" \/>\n\t<meta property=\"og:image:type\" content=\"image\/jpeg\" \/>\n<meta name=\"twitter:card\" content=\"summary_large_image\" \/>\n<meta name=\"twitter:label1\" content=\"Tempo estimado de leitura\" \/>\n\t<meta name=\"twitter:data1\" content=\"2 minutos\" \/>\n<script type=\"application\/ld+json\" class=\"yoast-schema-graph\">{\"@context\":\"https:\\\/\\\/schema.org\",\"@graph\":[{\"@type\":\"WebPage\",\"@id\":\"https:\\\/\\\/medicinasinc.com\\\/pt\\\/product\\\/comprar-alprazolam-po\\\/\",\"url\":\"https:\\\/\\\/medicinasinc.com\\\/pt\\\/product\\\/comprar-alprazolam-po\\\/\",\"name\":\"Compre Alprazolam em p\u00f3 - Alprazolam em p\u00f3 - Best Global Meds\",\"isPartOf\":{\"@id\":\"https:\\\/\\\/medicinasinc.com\\\/pt\\\/#website\"},\"primaryImageOfPage\":{\"@id\":\"https:\\\/\\\/medicinasinc.com\\\/pt\\\/product\\\/comprar-alprazolam-po\\\/#primaryimage\"},\"image\":{\"@id\":\"https:\\\/\\\/medicinasinc.com\\\/pt\\\/product\\\/comprar-alprazolam-po\\\/#primaryimage\"},\"thumbnailUrl\":\"https:\\\/\\\/medicinasinc.com\\\/pt\\\/wp-content\\\/uploads\\\/sites\\\/20\\\/2022\\\/02\\\/Buy-Alprazolam-powder.jpg\",\"datePublished\":\"2022-02-21T23:35:16+00:00\",\"dateModified\":\"2022-07-05T23:10:38+00:00\",\"description\":\"Compre Alprazolam em p\u00f3 online. Real Alprazolam em p\u00f3 online \u2013 Alprazolam em p\u00f3 para venda | Comprar Alprazolam em p\u00f3 online | Comprar Alprazolam em p\u00f3 para venda| Compre barato Alprazolam em p\u00f3 | Onde comprar Alprazolam em p\u00f3 online\",\"breadcrumb\":{\"@id\":\"https:\\\/\\\/medicinasinc.com\\\/pt\\\/product\\\/comprar-alprazolam-po\\\/#breadcrumb\"},\"inLanguage\":\"pt-PT\",\"potentialAction\":[{\"@type\":\"ReadAction\",\"target\":[\"https:\\\/\\\/medicinasinc.com\\\/pt\\\/product\\\/comprar-alprazolam-po\\\/\"]}]},{\"@type\":\"ImageObject\",\"inLanguage\":\"pt-PT\",\"@id\":\"https:\\\/\\\/medicinasinc.com\\\/pt\\\/product\\\/comprar-alprazolam-po\\\/#primaryimage\",\"url\":\"https:\\\/\\\/medicinasinc.com\\\/pt\\\/wp-content\\\/uploads\\\/sites\\\/20\\\/2022\\\/02\\\/Buy-Alprazolam-powder.jpg\",\"contentUrl\":\"https:\\\/\\\/medicinasinc.com\\\/pt\\\/wp-content\\\/uploads\\\/sites\\\/20\\\/2022\\\/02\\\/Buy-Alprazolam-powder.jpg\",\"width\":259,\"height\":194},{\"@type\":\"BreadcrumbList\",\"@id\":\"https:\\\/\\\/medicinasinc.com\\\/pt\\\/product\\\/comprar-alprazolam-po\\\/#breadcrumb\",\"itemListElement\":[{\"@type\":\"ListItem\",\"position\":1,\"name\":\"Comprar\",\"item\":\"https:\\\/\\\/medicinasinc.com\\\/pt\\\/comprar\\\/\"},{\"@type\":\"ListItem\",\"position\":2,\"name\":\"Compre Alprazolam em p\u00f3\"}]},{\"@type\":\"WebSite\",\"@id\":\"https:\\\/\\\/medicinasinc.com\\\/pt\\\/#website\",\"url\":\"https:\\\/\\\/medicinasinc.com\\\/pt\\\/\",\"name\":\"Medicinas Inc\",\"description\":\"Health Medical Clinic\",\"potentialAction\":[{\"@type\":\"SearchAction\",\"target\":{\"@type\":\"EntryPoint\",\"urlTemplate\":\"https:\\\/\\\/medicinasinc.com\\\/pt\\\/?s={search_term_string}\"},\"query-input\":{\"@type\":\"PropertyValueSpecification\",\"valueRequired\":true,\"valueName\":\"search_term_string\"}}],\"inLanguage\":\"pt-PT\"}]}<\/script>\n<!-- \/ Yoast SEO plugin. -->","yoast_head_json":{"title":"Compre Alprazolam em p\u00f3 - Alprazolam em p\u00f3 - Best Global Meds","description":"Compre Alprazolam em p\u00f3 online. Real Alprazolam em p\u00f3 online \u2013 Alprazolam em p\u00f3 para venda | Comprar Alprazolam em p\u00f3 online | Comprar Alprazolam em p\u00f3 para venda| Compre barato Alprazolam em p\u00f3 | Onde comprar Alprazolam em p\u00f3 online","robots":{"index":"index","follow":"follow","max-snippet":"max-snippet:-1","max-image-preview":"max-image-preview:large","max-video-preview":"max-video-preview:-1"},"canonical":"https:\/\/medicinasinc.com\/pt\/product\/comprar-alprazolam-po\/","og_locale":"pt_PT","og_type":"article","og_title":"Compre Alprazolam em p\u00f3 - Alprazolam em p\u00f3 - Best Global Meds","og_description":"Compre Alprazolam em p\u00f3 online. Real Alprazolam em p\u00f3 online \u2013 Alprazolam em p\u00f3 para venda | Comprar Alprazolam em p\u00f3 online | Comprar Alprazolam em p\u00f3 para venda| Compre barato Alprazolam em p\u00f3 | Onde comprar Alprazolam em p\u00f3 online","og_url":"https:\/\/medicinasinc.com\/pt\/product\/comprar-alprazolam-po\/","og_site_name":"Medicinas Inc","article_modified_time":"2022-07-05T23:10:38+00:00","og_image":[{"width":259,"height":194,"url":"https:\/\/medicinasinc.com\/pt\/wp-content\/uploads\/sites\/20\/2022\/02\/Buy-Alprazolam-powder.jpg","type":"image\/jpeg"}],"twitter_card":"summary_large_image","twitter_misc":{"Tempo estimado de leitura":"2 minutos"},"schema":{"@context":"https:\/\/schema.org","@graph":[{"@type":"WebPage","@id":"https:\/\/medicinasinc.com\/pt\/product\/comprar-alprazolam-po\/","url":"https:\/\/medicinasinc.com\/pt\/product\/comprar-alprazolam-po\/","name":"Compre Alprazolam em p\u00f3 - Alprazolam em p\u00f3 - Best Global Meds","isPartOf":{"@id":"https:\/\/medicinasinc.com\/pt\/#website"},"primaryImageOfPage":{"@id":"https:\/\/medicinasinc.com\/pt\/product\/comprar-alprazolam-po\/#primaryimage"},"image":{"@id":"https:\/\/medicinasinc.com\/pt\/product\/comprar-alprazolam-po\/#primaryimage"},"thumbnailUrl":"https:\/\/medicinasinc.com\/pt\/wp-content\/uploads\/sites\/20\/2022\/02\/Buy-Alprazolam-powder.jpg","datePublished":"2022-02-21T23:35:16+00:00","dateModified":"2022-07-05T23:10:38+00:00","description":"Compre Alprazolam em p\u00f3 online. Real Alprazolam em p\u00f3 online \u2013 Alprazolam em p\u00f3 para venda | Comprar Alprazolam em p\u00f3 online | Comprar Alprazolam em p\u00f3 para venda| Compre barato Alprazolam em p\u00f3 | Onde comprar Alprazolam em p\u00f3 online","breadcrumb":{"@id":"https:\/\/medicinasinc.com\/pt\/product\/comprar-alprazolam-po\/#breadcrumb"},"inLanguage":"pt-PT","potentialAction":[{"@type":"ReadAction","target":["https:\/\/medicinasinc.com\/pt\/product\/comprar-alprazolam-po\/"]}]},{"@type":"ImageObject","inLanguage":"pt-PT","@id":"https:\/\/medicinasinc.com\/pt\/product\/comprar-alprazolam-po\/#primaryimage","url":"https:\/\/medicinasinc.com\/pt\/wp-content\/uploads\/sites\/20\/2022\/02\/Buy-Alprazolam-powder.jpg","contentUrl":"https:\/\/medicinasinc.com\/pt\/wp-content\/uploads\/sites\/20\/2022\/02\/Buy-Alprazolam-powder.jpg","width":259,"height":194},{"@type":"BreadcrumbList","@id":"https:\/\/medicinasinc.com\/pt\/product\/comprar-alprazolam-po\/#breadcrumb","itemListElement":[{"@type":"ListItem","position":1,"name":"Comprar","item":"https:\/\/medicinasinc.com\/pt\/comprar\/"},{"@type":"ListItem","position":2,"name":"Compre Alprazolam em p\u00f3"}]},{"@type":"WebSite","@id":"https:\/\/medicinasinc.com\/pt\/#website","url":"https:\/\/medicinasinc.com\/pt\/","name":"Medicinas Inc","description":"Health Medical Clinic","potentialAction":[{"@type":"SearchAction","target":{"@type":"EntryPoint","urlTemplate":"https:\/\/medicinasinc.com\/pt\/?s={search_term_string}"},"query-input":{"@type":"PropertyValueSpecification","valueRequired":true,"valueName":"search_term_string"}}],"inLanguage":"pt-PT"}]}},"_links":{"self":[{"href":"https:\/\/medicinasinc.com\/pt\/wp-json\/wp\/v2\/product\/5442","targetHints":{"allow":["GET"]}}],"collection":[{"href":"https:\/\/medicinasinc.com\/pt\/wp-json\/wp\/v2\/product"}],"about":[{"href":"https:\/\/medicinasinc.com\/pt\/wp-json\/wp\/v2\/types\/product"}],"replies":[{"embeddable":true,"href":"https:\/\/medicinasinc.com\/pt\/wp-json\/wp\/v2\/comments?post=5442"}],"wp:featuredmedia":[{"embeddable":true,"href":"https:\/\/medicinasinc.com\/pt\/wp-json\/wp\/v2\/media\/5453"}],"wp:attachment":[{"href":"https:\/\/medicinasinc.com\/pt\/wp-json\/wp\/v2\/media?parent=5442"}],"wp:term":[{"taxonomy":"product_brand","embeddable":true,"href":"https:\/\/medicinasinc.com\/pt\/wp-json\/wp\/v2\/product_brand?post=5442"},{"taxonomy":"product_cat","embeddable":true,"href":"https:\/\/medicinasinc.com\/pt\/wp-json\/wp\/v2\/product_cat?post=5442"},{"taxonomy":"product_tag","embeddable":true,"href":"https:\/\/medicinasinc.com\/pt\/wp-json\/wp\/v2\/product_tag?post=5442"}],"curies":[{"name":"wp","href":"https:\/\/api.w.org\/{rel}","templated":true}]}}