{"id":5441,"date":"2022-02-21T23:32:20","date_gmt":"2022-02-21T23:32:20","guid":{"rendered":"https:\/\/medicinasinc.com\/pt\/?post_type=product&#038;p=5441"},"modified":"2022-07-05T23:11:04","modified_gmt":"2022-07-05T23:11:04","slug":"comprar-alfa-pvp","status":"publish","type":"product","link":"https:\/\/medicinasinc.com\/pt\/product\/comprar-alfa-pvp\/","title":{"rendered":"Compre Alfa-PVP"},"content":{"rendered":"<p>Compra Online Alpha-PVP<\/p>\n<p>Alpha-PVP \u00e9 um estimulante sint\u00e9tico usado na \u00e1rea m\u00e9dica para tratar uma variedade de doen\u00e7as. Alfa \u00e9 classificado como uma pr\u00f3-droga na classe das catinonas. O Alpha PVP foi criado inicialmente como uma droga de design. Agora \u00e9 muito popular entre as pessoas para outros fins, como al\u00edvio da dor. Este estimulante sint\u00e9tico \u00e9 usado para satisfazer as necessidades dos usu\u00e1rios de drogas. Ganhou popularidade 40 anos ap\u00f3s o lan\u00e7amento de seu primeiro produto, no ano 2000. O mais importante a lembrar \u00e9 que n\u00e3o foi usado nem por uma pequena comunidade de pessoas entre esses anos. No entanto, desde 2000 e at\u00e9 agora, sua popularidade cresceu a ponto de ser usada por quase 70% da popula\u00e7\u00e3o mundial.<\/p>\n<p>A raz\u00e3o para a popularidade das drogas psicod\u00e9licas alfa-PVP<\/p>\n<p> &gt; <\/p>\n<p>Onde posso obter PVP? Alpha-PVP<\/p>\n<p>Alpha-PVP \u00e9 um membro da classe mais comum de pr\u00f3-drogas e \u00e9 amplamente utilizado. A principal raz\u00e3o de sua popularidade \u00e9 sua alta pot\u00eancia e a\u00e7\u00e3o r\u00e1pida. Funciona de forma semelhante a outros estimulantes, pois atua diretamente no Sistema Nervoso Central.<\/p>\n<p>No entanto, funciona rapidamente e libera horm\u00f4nios para realizar as a\u00e7\u00f5es desejadas. Devido ao seu modo de a\u00e7\u00e3o, Alpha PVP tamb\u00e9m \u00e9 conhecido como um estimulante do Sistema Nervoso Central.<\/p>\n<p>Alfa-PVP Drogas Psicod\u00e9licas para Fins M\u00e9dicos<\/p>\n<p>Alfa-PVP tamb\u00e9m auxilia a mente humana em controlando emo\u00e7\u00f5es fugazes, como felicidade, tristeza ou dor. Esta droga ajuda a mente a imaginar uma estrutura normal para funcionar normalmente e sem dificuldade. Desta forma, o Alpha-PVP \u00e9 usado para aliviar qualquer tipo de choque.<\/p>\n<p>Esta pr\u00f3-droga est\u00e1 sendo usada em boates e bares. No entanto, isso s\u00f3 \u00e9 usado em certos tratamentos de acordo com as ordens do m\u00e9dico.<\/p>\n<p>Os m\u00e9dicos est\u00e3o tratando os pacientes com medicamentos \u00e0 base de Alfa-PVP. A principal aplica\u00e7\u00e3o \u00e9 tratar a depress\u00e3o e a ansiedade.<\/p>\n<p>Esses s\u00e3o alguns dos principais recursos que est\u00e3o impulsionando o aumento do uso de Alpha-PVP. Est\u00e1 ganhando popularidade em ambos os campos de atua\u00e7\u00e3o.<\/p>\n<p>Como comprar um PVP com seguran\u00e7a \u2013 Descri\u00e7\u00e3o<\/p>\n<p>Nome IUPAC sistem\u00e1tico: 1-Phenyl-2-(1-pyrrolidinyl)-1 -pentanona Nome Qu\u00edmico Completo: Alfa-Pirrolidinopentiofenona<br \/> N\u00ba CAS 14530-33-7<br \/> F\u00f3rmula MolecularC15H21NO Massa Molecular231,333 g\/mol N\u00famero ChemSpider9324063<\/p>\n<p>Pirrolidinopentiofenona (alfa-pirrolidinovalerofenona, &#8211; PVP, alfa-PVP, O-2387, -cetona-prolintano) \u00e9 um composto estimulante descoberto na d\u00e9cada de 1960 que est\u00e1 relacionado \u00e0 pirovalerona e \u00e9 o an\u00e1logo da cetona do prolintano.<\/p>\n<p>Em grande escala, nosso site loja lida com Alpha-PVP. Voc\u00ea pode obter os produtos que deseja a pre\u00e7os muito baixos. Voc\u00ea tamb\u00e9m receber\u00e1 o produto em um curto per\u00edodo de tempo gra\u00e7as aos nossos servi\u00e7os de entrega online.<\/p>\n","protected":false},"excerpt":{"rendered":"<div class=\"woocommerce-product-details__short-description\">\n<p>procurando comprar A-pvp barato, compre alfa-pirrolidinopentiofenona para venda Reino Unido, Europa em nossa loja medicinasinc.com\/pt com envio r\u00e1pido para todo o mundo! O melhor A-pvp para pedidos voc\u00ea encontra aqui! <em>\u03b1<\/em>&#8211;<em>PVP<\/em>(o nome completo \u00e9:<em>\u03b1<\/em>&#8211;<em>Pirrolidinopentiofenona<\/em>) tamb\u00e9m conhecido como\u00a0<em>alfa<\/em>-pirrolidinovalerofenona, A-<em>PVP<\/em>,\u00a0<em>alfa<\/em>&#8211;<em>PVP<\/em>,<\/p>\n<p>O que \u00e9 exatamente a-PVP?<br \/> A-PVP (alfa-pirrolidinovalerofenona, -PVP, alfa-PVP, O-2387, -cetona-prolintano) \u00e9 um composto estimulante desenvolvido na d\u00e9cada de 1960 que est\u00e1 relacionado \u00e0 pirovalerona e \u00e9 o an\u00e1logo de cetona de prolintano.<\/p>\n<\/p><\/div>\n","protected":false},"featured_media":5451,"comment_status":"open","ping_status":"closed","template":"","meta":[],"product_brand":[],"product_cat":[2014],"product_tag":[2665,2666,2667,2668,2677,2670,2673,2674,2675,2680,2679,2681,2682,2683,2686,2687,2690,2691,2692,2693,2698,2699,2700,2701,2706,2707,2704,2708,2709,2695,2703,2714,2694,2697,2696,2702,2705,2676,2669,2671,2715,2672,2710,2688,2713,2684,2685,2716,2718,2717,2711,2712,2689,2664,2663,2678],"class_list":{"0":"post-5441","1":"product","2":"type-product","3":"status-publish","4":"has-post-thumbnail","6":"product_cat-compre-produtos-quimicos-de-pesquisa","7":"product_tag-a-pvp-powder-or-crystals","8":"product_tag-a-pvp","9":"product_tag-a-pvp-p","10":"product_tag-a-pvp-compra-eua","11":"product_tag-a-pvp-crystal-usa","12":"product_tag-a-pvp-crystal-austrlia","13":"product_tag-a-pvp-crystal-for-sale","14":"product_tag-a-pvp-crystal-review","15":"product_tag-a-pvp-crystal-supplier","16":"product_tag-a-pvp-for-sale-online","17":"product_tag-a-pvp-para-venda","18":"product_tag-a-pvp-powders","19":"product_tag-a-pvp-reddit","20":"product_tag-a-pvp-review","21":"product_tag-alpha-pvp-for-sale","22":"product_tag-alpha-pvp-wiki","23":"product_tag-buy-a-pvp","24":"product_tag-buy-a-pvp-powder-for-sale","25":"product_tag-buy-a-pvp-big-crystal","26":"product_tag-buy-a-pvp-big-crystal-reports","27":"product_tag-buy-a-pvp-big-crystals-online","28":"product_tag-buy-a-pvp-big-crystalxp-net","29":"product_tag-buy-a-pvp-crystal-online","30":"product_tag-buy-a-pvp-online","31":"product_tag-buy-a-pvp-stimulants","32":"product_tag-buy-alpha-pvp","33":"product_tag-buy-a-pvp-powder-reviews","34":"product_tag-buy-apvp-overnight-shipping","35":"product_tag-compre-apvp-usa-carto-de-crdito","36":"product_tag-compre-um-pvp-big-cristais-para-venda","37":"product_tag-comprar-um-pvp-p-produtos","38":"product_tag-compre-a-pvp-online","39":"product_tag-compre-a-pvp-big-cristais","40":"product_tag-compre-um-pvp-big-cristais-feitos","41":"product_tag-compre-um-pvp-big-cristais-livre","42":"product_tag-compre-um-pvp-p","43":"product_tag-comprar-um-pvp-ps","44":"product_tag-a-pvp-crystal-uk","45":"product_tag-a-pvp-cristal","46":"product_tag-a-pvp-crystal-canad","47":"product_tag-puro-a-pvp-cristal","48":"product_tag-dosagem-de-cristal-a-pvp","49":"product_tag-mail-a-pvp","50":"product_tag-efeito-pvp-alfa","51":"product_tag-pea-a-pvp-online","52":"product_tag-estimulantes-a-pvp","53":"product_tag-a-pvp-estimulantes-para-venda","54":"product_tag-o-melhor-lugar-para-comprar-um-pvp-online","55":"product_tag-onde-comprar-um-pvp-online","56":"product_tag-onde-comprar-um-pvp","57":"product_tag-order-a-pvp","58":"product_tag-pea-a-pvp-cristal","59":"product_tag-apvp-p","60":"product_tag-a-pvp-p-para-venda","61":"product_tag-a-pvp-comprar","62":"product_tag-a-pvp-cristal-vendor","64":"first","65":"instock","66":"shipping-taxable","67":"purchasable","68":"product-type-variable"},"yoast_head":"<!-- This site is optimized with the Yoast SEO plugin v27.3 - https:\/\/yoast.com\/product\/yoast-seo-wordpress\/ -->\n<title>Compre Alpha-PVP - Alpha-PVP para venda - Best Best Global Meds<\/title>\n<meta name=\"description\" content=\"Compre A-pvp, compre alfa-pirrolidinopentiofenona \u00e0 venda no Reino Unido, Europa em nossa loja medicinasinc.com\/pt com envio r\u00e1pido para todo o mundo! O melhor A-pvp para pedidos voc\u00ea encontra aqui!\" \/>\n<meta name=\"robots\" content=\"index, follow, max-snippet:-1, max-image-preview:large, max-video-preview:-1\" \/>\n<link rel=\"canonical\" href=\"https:\/\/medicinasinc.com\/pt\/product\/comprar-alfa-pvp\/\" \/>\n<meta property=\"og:locale\" content=\"pt_PT\" \/>\n<meta property=\"og:type\" content=\"article\" \/>\n<meta property=\"og:title\" content=\"Compre Alpha-PVP - Alpha-PVP para venda - Best Best Global Meds\" \/>\n<meta property=\"og:description\" content=\"Compre A-pvp, compre alfa-pirrolidinopentiofenona \u00e0 venda no Reino Unido, Europa em nossa loja medicinasinc.com\/pt com envio r\u00e1pido para todo o mundo! O melhor A-pvp para pedidos voc\u00ea encontra aqui!\" \/>\n<meta property=\"og:url\" content=\"https:\/\/medicinasinc.com\/pt\/product\/comprar-alfa-pvp\/\" \/>\n<meta property=\"og:site_name\" content=\"Medicinas Inc\" \/>\n<meta property=\"article:modified_time\" content=\"2022-07-05T23:11:04+00:00\" \/>\n<meta property=\"og:image\" content=\"https:\/\/medicinasinc.com\/pt\/wp-content\/uploads\/sites\/20\/2022\/02\/Buy-alpha-pvp.jpg\" \/>\n\t<meta property=\"og:image:width\" content=\"458\" \/>\n\t<meta property=\"og:image:height\" content=\"458\" \/>\n\t<meta property=\"og:image:type\" content=\"image\/jpeg\" \/>\n<meta name=\"twitter:card\" content=\"summary_large_image\" \/>\n<meta name=\"twitter:label1\" content=\"Tempo estimado de leitura\" \/>\n\t<meta name=\"twitter:data1\" content=\"2 minutos\" \/>\n<script type=\"application\/ld+json\" class=\"yoast-schema-graph\">{\"@context\":\"https:\\\/\\\/schema.org\",\"@graph\":[{\"@type\":\"WebPage\",\"@id\":\"https:\\\/\\\/medicinasinc.com\\\/pt\\\/product\\\/comprar-alfa-pvp\\\/\",\"url\":\"https:\\\/\\\/medicinasinc.com\\\/pt\\\/product\\\/comprar-alfa-pvp\\\/\",\"name\":\"Compre Alpha-PVP - Alpha-PVP para venda - Best Best Global Meds\",\"isPartOf\":{\"@id\":\"https:\\\/\\\/medicinasinc.com\\\/pt\\\/#website\"},\"primaryImageOfPage\":{\"@id\":\"https:\\\/\\\/medicinasinc.com\\\/pt\\\/product\\\/comprar-alfa-pvp\\\/#primaryimage\"},\"image\":{\"@id\":\"https:\\\/\\\/medicinasinc.com\\\/pt\\\/product\\\/comprar-alfa-pvp\\\/#primaryimage\"},\"thumbnailUrl\":\"https:\\\/\\\/medicinasinc.com\\\/pt\\\/wp-content\\\/uploads\\\/sites\\\/20\\\/2022\\\/02\\\/Buy-alpha-pvp.jpg\",\"datePublished\":\"2022-02-21T23:32:20+00:00\",\"dateModified\":\"2022-07-05T23:11:04+00:00\",\"description\":\"Compre A-pvp, compre alfa-pirrolidinopentiofenona \u00e0 venda no Reino Unido, Europa em nossa loja medicinasinc.com\\\/pt com envio r\u00e1pido para todo o mundo! O melhor A-pvp para pedidos voc\u00ea encontra aqui!\",\"breadcrumb\":{\"@id\":\"https:\\\/\\\/medicinasinc.com\\\/pt\\\/product\\\/comprar-alfa-pvp\\\/#breadcrumb\"},\"inLanguage\":\"pt-PT\",\"potentialAction\":[{\"@type\":\"ReadAction\",\"target\":[\"https:\\\/\\\/medicinasinc.com\\\/pt\\\/product\\\/comprar-alfa-pvp\\\/\"]}]},{\"@type\":\"ImageObject\",\"inLanguage\":\"pt-PT\",\"@id\":\"https:\\\/\\\/medicinasinc.com\\\/pt\\\/product\\\/comprar-alfa-pvp\\\/#primaryimage\",\"url\":\"https:\\\/\\\/medicinasinc.com\\\/pt\\\/wp-content\\\/uploads\\\/sites\\\/20\\\/2022\\\/02\\\/Buy-alpha-pvp.jpg\",\"contentUrl\":\"https:\\\/\\\/medicinasinc.com\\\/pt\\\/wp-content\\\/uploads\\\/sites\\\/20\\\/2022\\\/02\\\/Buy-alpha-pvp.jpg\",\"width\":458,\"height\":458},{\"@type\":\"BreadcrumbList\",\"@id\":\"https:\\\/\\\/medicinasinc.com\\\/pt\\\/product\\\/comprar-alfa-pvp\\\/#breadcrumb\",\"itemListElement\":[{\"@type\":\"ListItem\",\"position\":1,\"name\":\"Comprar\",\"item\":\"https:\\\/\\\/medicinasinc.com\\\/pt\\\/comprar\\\/\"},{\"@type\":\"ListItem\",\"position\":2,\"name\":\"Compre Alfa-PVP\"}]},{\"@type\":\"WebSite\",\"@id\":\"https:\\\/\\\/medicinasinc.com\\\/pt\\\/#website\",\"url\":\"https:\\\/\\\/medicinasinc.com\\\/pt\\\/\",\"name\":\"Medicinas Inc\",\"description\":\"Health Medical Clinic\",\"potentialAction\":[{\"@type\":\"SearchAction\",\"target\":{\"@type\":\"EntryPoint\",\"urlTemplate\":\"https:\\\/\\\/medicinasinc.com\\\/pt\\\/?s={search_term_string}\"},\"query-input\":{\"@type\":\"PropertyValueSpecification\",\"valueRequired\":true,\"valueName\":\"search_term_string\"}}],\"inLanguage\":\"pt-PT\"}]}<\/script>\n<!-- \/ Yoast SEO plugin. -->","yoast_head_json":{"title":"Compre Alpha-PVP - Alpha-PVP para venda - Best Best Global Meds","description":"Compre A-pvp, compre alfa-pirrolidinopentiofenona \u00e0 venda no Reino Unido, Europa em nossa loja medicinasinc.com\/pt com envio r\u00e1pido para todo o mundo! O melhor A-pvp para pedidos voc\u00ea encontra aqui!","robots":{"index":"index","follow":"follow","max-snippet":"max-snippet:-1","max-image-preview":"max-image-preview:large","max-video-preview":"max-video-preview:-1"},"canonical":"https:\/\/medicinasinc.com\/pt\/product\/comprar-alfa-pvp\/","og_locale":"pt_PT","og_type":"article","og_title":"Compre Alpha-PVP - Alpha-PVP para venda - Best Best Global Meds","og_description":"Compre A-pvp, compre alfa-pirrolidinopentiofenona \u00e0 venda no Reino Unido, Europa em nossa loja medicinasinc.com\/pt com envio r\u00e1pido para todo o mundo! O melhor A-pvp para pedidos voc\u00ea encontra aqui!","og_url":"https:\/\/medicinasinc.com\/pt\/product\/comprar-alfa-pvp\/","og_site_name":"Medicinas Inc","article_modified_time":"2022-07-05T23:11:04+00:00","og_image":[{"width":458,"height":458,"url":"https:\/\/medicinasinc.com\/pt\/wp-content\/uploads\/sites\/20\/2022\/02\/Buy-alpha-pvp.jpg","type":"image\/jpeg"}],"twitter_card":"summary_large_image","twitter_misc":{"Tempo estimado de leitura":"2 minutos"},"schema":{"@context":"https:\/\/schema.org","@graph":[{"@type":"WebPage","@id":"https:\/\/medicinasinc.com\/pt\/product\/comprar-alfa-pvp\/","url":"https:\/\/medicinasinc.com\/pt\/product\/comprar-alfa-pvp\/","name":"Compre Alpha-PVP - Alpha-PVP para venda - Best Best Global Meds","isPartOf":{"@id":"https:\/\/medicinasinc.com\/pt\/#website"},"primaryImageOfPage":{"@id":"https:\/\/medicinasinc.com\/pt\/product\/comprar-alfa-pvp\/#primaryimage"},"image":{"@id":"https:\/\/medicinasinc.com\/pt\/product\/comprar-alfa-pvp\/#primaryimage"},"thumbnailUrl":"https:\/\/medicinasinc.com\/pt\/wp-content\/uploads\/sites\/20\/2022\/02\/Buy-alpha-pvp.jpg","datePublished":"2022-02-21T23:32:20+00:00","dateModified":"2022-07-05T23:11:04+00:00","description":"Compre A-pvp, compre alfa-pirrolidinopentiofenona \u00e0 venda no Reino Unido, Europa em nossa loja medicinasinc.com\/pt com envio r\u00e1pido para todo o mundo! O melhor A-pvp para pedidos voc\u00ea encontra aqui!","breadcrumb":{"@id":"https:\/\/medicinasinc.com\/pt\/product\/comprar-alfa-pvp\/#breadcrumb"},"inLanguage":"pt-PT","potentialAction":[{"@type":"ReadAction","target":["https:\/\/medicinasinc.com\/pt\/product\/comprar-alfa-pvp\/"]}]},{"@type":"ImageObject","inLanguage":"pt-PT","@id":"https:\/\/medicinasinc.com\/pt\/product\/comprar-alfa-pvp\/#primaryimage","url":"https:\/\/medicinasinc.com\/pt\/wp-content\/uploads\/sites\/20\/2022\/02\/Buy-alpha-pvp.jpg","contentUrl":"https:\/\/medicinasinc.com\/pt\/wp-content\/uploads\/sites\/20\/2022\/02\/Buy-alpha-pvp.jpg","width":458,"height":458},{"@type":"BreadcrumbList","@id":"https:\/\/medicinasinc.com\/pt\/product\/comprar-alfa-pvp\/#breadcrumb","itemListElement":[{"@type":"ListItem","position":1,"name":"Comprar","item":"https:\/\/medicinasinc.com\/pt\/comprar\/"},{"@type":"ListItem","position":2,"name":"Compre Alfa-PVP"}]},{"@type":"WebSite","@id":"https:\/\/medicinasinc.com\/pt\/#website","url":"https:\/\/medicinasinc.com\/pt\/","name":"Medicinas Inc","description":"Health Medical Clinic","potentialAction":[{"@type":"SearchAction","target":{"@type":"EntryPoint","urlTemplate":"https:\/\/medicinasinc.com\/pt\/?s={search_term_string}"},"query-input":{"@type":"PropertyValueSpecification","valueRequired":true,"valueName":"search_term_string"}}],"inLanguage":"pt-PT"}]}},"_links":{"self":[{"href":"https:\/\/medicinasinc.com\/pt\/wp-json\/wp\/v2\/product\/5441","targetHints":{"allow":["GET"]}}],"collection":[{"href":"https:\/\/medicinasinc.com\/pt\/wp-json\/wp\/v2\/product"}],"about":[{"href":"https:\/\/medicinasinc.com\/pt\/wp-json\/wp\/v2\/types\/product"}],"replies":[{"embeddable":true,"href":"https:\/\/medicinasinc.com\/pt\/wp-json\/wp\/v2\/comments?post=5441"}],"wp:featuredmedia":[{"embeddable":true,"href":"https:\/\/medicinasinc.com\/pt\/wp-json\/wp\/v2\/media\/5451"}],"wp:attachment":[{"href":"https:\/\/medicinasinc.com\/pt\/wp-json\/wp\/v2\/media?parent=5441"}],"wp:term":[{"taxonomy":"product_brand","embeddable":true,"href":"https:\/\/medicinasinc.com\/pt\/wp-json\/wp\/v2\/product_brand?post=5441"},{"taxonomy":"product_cat","embeddable":true,"href":"https:\/\/medicinasinc.com\/pt\/wp-json\/wp\/v2\/product_cat?post=5441"},{"taxonomy":"product_tag","embeddable":true,"href":"https:\/\/medicinasinc.com\/pt\/wp-json\/wp\/v2\/product_tag?post=5441"}],"curies":[{"name":"wp","href":"https:\/\/api.w.org\/{rel}","templated":true}]}}