{"id":5440,"date":"2022-02-21T23:30:16","date_gmt":"2022-02-21T23:30:16","guid":{"rendered":"https:\/\/medicinasinc.com\/pt\/?post_type=product&#038;p=5440"},"modified":"2022-07-05T23:11:18","modified_gmt":"2022-07-05T23:11:18","slug":"buy-ald-52-blotters","status":"publish","type":"product","link":"https:\/\/medicinasinc.com\/pt\/product\/buy-ald-52-blotters\/","title":{"rendered":"Compre mata-borr\u00f5es ALD-52"},"content":{"rendered":"<p>Os ALD-52 Blotters podem ser adquiridos online. Blotters contendo 100mcg ALD-52<\/p>\n<p>ALD-52 Blotters podem ser adquiridos online.<\/p>\n<p>Blotters contendo 100mcg ALD-52<\/p>\n<p>ALD 52 Blotter, Compre ALD 52 Blotter <\/p>\n<p>ALD-52 \u00e9 um medicamento de moda que foi consolidado por v\u00e1rios res chems devido a um hist\u00f3rico atrasado de ALD-52 e v\u00e1rios outros nomes de ALD-52. O ALD-52 \u00e9 adquirido on-line por pesquisadores para uso nos dom\u00ednios de medicamentos, recrea\u00e7\u00e3o e pesquisa. Os atributos psicotr\u00f3picos do ALD-52 o tornaram inquestion\u00e1vel entre os trabalhadores de laborat\u00f3rio e especialistas no assunto. Uma ampla gama de clientes t\u00edpicos opta por comprar dispon\u00edvel para compra para ter excita\u00e7\u00e3o, satisfa\u00e7\u00e3o, manter a energia e aumentar a atividade sexual.<\/p>\n<p>\u00c9 importante selecionar o ALD-52 fabricado com os melhores tipos de progresso por m\u00e9todos para medida de coleta completamente controlada. Amplos trechos de contribui\u00e7\u00e3o na pesquisa de misturas fabricadas dispon\u00edveis para compra s\u00e3o possibilitadas pelo mercado para controlar o estado da m\u00e3o-de-obra criando medidas em laborat\u00f3rios chineses onde todos os sais de banho s\u00e3o feitos.<\/p>\n<p>Como um fornecedor incompar\u00e1vel, nossa organiza\u00e7\u00e3o trabalha diretamente com organiza\u00e7\u00f5es chinesas leg\u00edtimas. Ele permite que voc\u00ea negocie sais de banho da mais alta qualidade e perfei\u00e7\u00e3o. ALD-52 \u00e9 misturado sob estrita supervis\u00e3o e de acordo com todos os princ\u00edpios. Usando os dados consistentes mais recentes dispon\u00edveis para fornecer o pre\u00e7o mais deslumbrante no melhor site para comprar materiais de engenharia de pesquisa. As pastilhas ALD-52, as superf\u00edcies manchadas ALD-52 e os p\u00f3s ALD-52 s\u00e3o transportados em laborat\u00f3rios chineses. O remetente do ALD-52 envia o ALD-52 para qualquer pa\u00eds. Trabalhar em estreita colabora\u00e7\u00e3o com fornecedores leg\u00edtimos de ALD-52 garante que os resultados de seus testes e investiga\u00e7\u00f5es sejam realizados em tempo h\u00e1bil.<\/p>\n<p>Por muito tempo, o fornecedor tem sido um produtor confi\u00e1vel de produtos qu\u00edmicos de avalia\u00e7\u00e3o. Os clientes deram ao site uma reputa\u00e7\u00e3o esmagadora em toda a rede de res chems. ald 52 para venda, compra ald 52, compra ald 52, compra ald-52 Como fornecedores confi\u00e1veis \u200b\u200bde RC fornecem assist\u00eancia durante todo o dia \u00e0 organiza\u00e7\u00e3o com executivos experientes via chat ao vivo, que possuem dados significativos para ajud\u00e1-lo com qualquer condi\u00e7\u00e3o problem\u00e1tica.<\/p>\n<p>Nos casos de investiga\u00e7\u00e3o pendentes de engenharia dispon\u00edveis para conversas on-line, voc\u00ea pode encontrar rea\u00e7\u00f5es positivas de nossos compradores, que est\u00e3o satisfeitos com os tipos de ajuda oferecidos e as melhores coisas compradas on-line.<\/p>\n","protected":false},"excerpt":{"rendered":"<div class=\"char\">ESPECIFICA\u00c7\u00c3O<\/div>\n<div class=\"specification\">\n<div class=\"sprow\"><span class=\"spname\">Nome do Produto:<\/span><span class=\"sptext \">ALD-52<\/span><\/div>\n<div class=\"sprow\"><span class=\"spname\">Nome IUPAC:<\/span><span class=\"sptext\">1-Acetyl-N, N-dietillisergamida, ALD<\/span><\/div>\n<div class=\"sprow\"><span class=\"spname\">Outros nomes:<\/span><span class=\"sptext\">N-acetil-LSD, Dietilamida do \u00e1cido acetil lis\u00e9rgico, dietilamida do \u00e1cido d-acetil lis\u00e9rgico, d-acetildietillisergamida<\/span><\/div>\n<div class=\"sprow\"><span class=\"spname\">N\u00famero do Cas:<\/span><span class=\"sptext\">3270-02-8<\/span><\/div>\n<div class=\"sprow\"><span class=\"spname\">F\u00f3rmula molecular:<\/span><span class=\"sptext\">C22H27N3O2<\/span><\/div>\n<div class=\"sprow\"><span class=\"spname\">Massa Molar:<\/span><span class=\"sptext\">365,477 g\u2022mol-1<\/span><\/div>\n<div class=\"sprow\"><span class=\"spname\">Efeito:<\/span><span class=\"sptext\">psicod\u00e9lico, alucin\u00f3geno<\/span><\/div>\n<div class=\"sprow\"><\/div>\n<\/p><\/div>\n<p>Compre ALD-52 Blotters Online. <em>ALD<\/em>\u2013<em>52<\/em>\u00a0\u00e9 o derivado N-acetil do LSD. <strong>100mcg<\/strong>\u00a0ALD-52 Blotters.<\/p>\n<p>ALD-52 \u00e0 venda na Europa, compre com Bitcoin e receba envio discreto da UE. ALD-52 Blotters para venda, p\u00f3 bruto ALD-52 para venda, fornecedor de produtos qu\u00edmicos de pesquisa<\/p>\n<p>Pe\u00e7a uma amostra para teste ou compre ALD-52 para venda com entrega gratuita no Reino Unido, EUA ou Europa.<\/p>\n","protected":false},"featured_media":5449,"comment_status":"open","ping_status":"closed","template":"","meta":[],"product_brand":[],"product_cat":[2014],"product_tag":[2650,2652,2655,2656,2657,2654,2653,2659,2658,2660,2661,2662,2651],"class_list":{"0":"post-5440","1":"product","2":"type-product","3":"status-publish","4":"has-post-thumbnail","6":"product_cat-compre-produtos-quimicos-de-pesquisa","7":"product_tag-ald-52-blotters-para-venda","8":"product_tag-best-ald-52-blotters-online","9":"product_tag-buy-legit-ald-52-blotters-online","10":"product_tag-buy-pure-ald-52-blotters-online","11":"product_tag-buy-order-ald-52-blowers-online","12":"product_tag-compre-ald-52-blotters-online","13":"product_tag-compre-ald-52-blotters-para-revenda","14":"product_tag-encomendar-ald-52-blotters-online","15":"product_tag-vendedor-discreto-ald-52","16":"product_tag-onde-comprar-ald-52-blotters-online","17":"product_tag-onde-comprar-pure-ald-52-blotters-online","18":"product_tag-where-to-order-legit-ald-52-blotters-online","19":"product_tag-ald-52-blotters-vendas-online","21":"first","22":"instock","23":"shipping-taxable","24":"purchasable","25":"product-type-variable","26":"has-default-attributes"},"yoast_head":"<!-- This site is optimized with the Yoast SEO plugin v27.3 - https:\/\/yoast.com\/product\/yoast-seo-wordpress\/ -->\n<title>Compre ALD-52 Blotters - Quality ALD-52 Blotters - Best Global Meds<\/title>\n<meta name=\"description\" content=\"Compre ALD-52 Blotters Online. compre ALD-52\u00a0para venda e receba entrega gratuita no Reino Unido, EUA ou Europa ALD-52 \u00e9 o derivado N-acetil do LSD. 100mcg ALD-52 Blotters.\" \/>\n<meta name=\"robots\" content=\"index, follow, max-snippet:-1, max-image-preview:large, max-video-preview:-1\" \/>\n<link rel=\"canonical\" href=\"https:\/\/medicinasinc.com\/pt\/product\/buy-ald-52-blotters\/\" \/>\n<meta property=\"og:locale\" content=\"pt_PT\" \/>\n<meta property=\"og:type\" content=\"article\" \/>\n<meta property=\"og:title\" content=\"Compre ALD-52 Blotters - Quality ALD-52 Blotters - Best Global Meds\" \/>\n<meta property=\"og:description\" content=\"Compre ALD-52 Blotters Online. compre ALD-52\u00a0para venda e receba entrega gratuita no Reino Unido, EUA ou Europa ALD-52 \u00e9 o derivado N-acetil do LSD. 100mcg ALD-52 Blotters.\" \/>\n<meta property=\"og:url\" content=\"https:\/\/medicinasinc.com\/pt\/product\/buy-ald-52-blotters\/\" \/>\n<meta property=\"og:site_name\" content=\"Medicinas Inc\" \/>\n<meta property=\"article:modified_time\" content=\"2022-07-05T23:11:18+00:00\" \/>\n<meta property=\"og:image\" content=\"https:\/\/medicinasinc.com\/pt\/wp-content\/uploads\/sites\/20\/2022\/02\/Buy-ALD-52-Blotters.jpg\" \/>\n\t<meta property=\"og:image:width\" content=\"350\" \/>\n\t<meta property=\"og:image:height\" content=\"350\" \/>\n\t<meta property=\"og:image:type\" content=\"image\/jpeg\" \/>\n<meta name=\"twitter:card\" content=\"summary_large_image\" \/>\n<meta name=\"twitter:label1\" content=\"Tempo estimado de leitura\" \/>\n\t<meta name=\"twitter:data1\" content=\"2 minutos\" \/>\n<script type=\"application\/ld+json\" class=\"yoast-schema-graph\">{\"@context\":\"https:\\\/\\\/schema.org\",\"@graph\":[{\"@type\":\"WebPage\",\"@id\":\"https:\\\/\\\/medicinasinc.com\\\/pt\\\/product\\\/buy-ald-52-blotters\\\/\",\"url\":\"https:\\\/\\\/medicinasinc.com\\\/pt\\\/product\\\/buy-ald-52-blotters\\\/\",\"name\":\"Compre ALD-52 Blotters - Quality ALD-52 Blotters - Best Global Meds\",\"isPartOf\":{\"@id\":\"https:\\\/\\\/medicinasinc.com\\\/pt\\\/#website\"},\"primaryImageOfPage\":{\"@id\":\"https:\\\/\\\/medicinasinc.com\\\/pt\\\/product\\\/buy-ald-52-blotters\\\/#primaryimage\"},\"image\":{\"@id\":\"https:\\\/\\\/medicinasinc.com\\\/pt\\\/product\\\/buy-ald-52-blotters\\\/#primaryimage\"},\"thumbnailUrl\":\"https:\\\/\\\/medicinasinc.com\\\/pt\\\/wp-content\\\/uploads\\\/sites\\\/20\\\/2022\\\/02\\\/Buy-ALD-52-Blotters.jpg\",\"datePublished\":\"2022-02-21T23:30:16+00:00\",\"dateModified\":\"2022-07-05T23:11:18+00:00\",\"description\":\"Compre ALD-52 Blotters Online. compre ALD-52\u00a0para venda e receba entrega gratuita no Reino Unido, EUA ou Europa ALD-52 \u00e9 o derivado N-acetil do LSD. 100mcg ALD-52 Blotters.\",\"breadcrumb\":{\"@id\":\"https:\\\/\\\/medicinasinc.com\\\/pt\\\/product\\\/buy-ald-52-blotters\\\/#breadcrumb\"},\"inLanguage\":\"pt-PT\",\"potentialAction\":[{\"@type\":\"ReadAction\",\"target\":[\"https:\\\/\\\/medicinasinc.com\\\/pt\\\/product\\\/buy-ald-52-blotters\\\/\"]}]},{\"@type\":\"ImageObject\",\"inLanguage\":\"pt-PT\",\"@id\":\"https:\\\/\\\/medicinasinc.com\\\/pt\\\/product\\\/buy-ald-52-blotters\\\/#primaryimage\",\"url\":\"https:\\\/\\\/medicinasinc.com\\\/pt\\\/wp-content\\\/uploads\\\/sites\\\/20\\\/2022\\\/02\\\/Buy-ALD-52-Blotters.jpg\",\"contentUrl\":\"https:\\\/\\\/medicinasinc.com\\\/pt\\\/wp-content\\\/uploads\\\/sites\\\/20\\\/2022\\\/02\\\/Buy-ALD-52-Blotters.jpg\",\"width\":350,\"height\":350},{\"@type\":\"BreadcrumbList\",\"@id\":\"https:\\\/\\\/medicinasinc.com\\\/pt\\\/product\\\/buy-ald-52-blotters\\\/#breadcrumb\",\"itemListElement\":[{\"@type\":\"ListItem\",\"position\":1,\"name\":\"Comprar\",\"item\":\"https:\\\/\\\/medicinasinc.com\\\/pt\\\/comprar\\\/\"},{\"@type\":\"ListItem\",\"position\":2,\"name\":\"Compre mata-borr\u00f5es ALD-52\"}]},{\"@type\":\"WebSite\",\"@id\":\"https:\\\/\\\/medicinasinc.com\\\/pt\\\/#website\",\"url\":\"https:\\\/\\\/medicinasinc.com\\\/pt\\\/\",\"name\":\"Medicinas Inc\",\"description\":\"Health Medical Clinic\",\"potentialAction\":[{\"@type\":\"SearchAction\",\"target\":{\"@type\":\"EntryPoint\",\"urlTemplate\":\"https:\\\/\\\/medicinasinc.com\\\/pt\\\/?s={search_term_string}\"},\"query-input\":{\"@type\":\"PropertyValueSpecification\",\"valueRequired\":true,\"valueName\":\"search_term_string\"}}],\"inLanguage\":\"pt-PT\"}]}<\/script>\n<!-- \/ Yoast SEO plugin. -->","yoast_head_json":{"title":"Compre ALD-52 Blotters - Quality ALD-52 Blotters - Best Global Meds","description":"Compre ALD-52 Blotters Online. compre ALD-52\u00a0para venda e receba entrega gratuita no Reino Unido, EUA ou Europa ALD-52 \u00e9 o derivado N-acetil do LSD. 100mcg ALD-52 Blotters.","robots":{"index":"index","follow":"follow","max-snippet":"max-snippet:-1","max-image-preview":"max-image-preview:large","max-video-preview":"max-video-preview:-1"},"canonical":"https:\/\/medicinasinc.com\/pt\/product\/buy-ald-52-blotters\/","og_locale":"pt_PT","og_type":"article","og_title":"Compre ALD-52 Blotters - Quality ALD-52 Blotters - Best Global Meds","og_description":"Compre ALD-52 Blotters Online. compre ALD-52\u00a0para venda e receba entrega gratuita no Reino Unido, EUA ou Europa ALD-52 \u00e9 o derivado N-acetil do LSD. 100mcg ALD-52 Blotters.","og_url":"https:\/\/medicinasinc.com\/pt\/product\/buy-ald-52-blotters\/","og_site_name":"Medicinas Inc","article_modified_time":"2022-07-05T23:11:18+00:00","og_image":[{"width":350,"height":350,"url":"https:\/\/medicinasinc.com\/pt\/wp-content\/uploads\/sites\/20\/2022\/02\/Buy-ALD-52-Blotters.jpg","type":"image\/jpeg"}],"twitter_card":"summary_large_image","twitter_misc":{"Tempo estimado de leitura":"2 minutos"},"schema":{"@context":"https:\/\/schema.org","@graph":[{"@type":"WebPage","@id":"https:\/\/medicinasinc.com\/pt\/product\/buy-ald-52-blotters\/","url":"https:\/\/medicinasinc.com\/pt\/product\/buy-ald-52-blotters\/","name":"Compre ALD-52 Blotters - Quality ALD-52 Blotters - Best Global Meds","isPartOf":{"@id":"https:\/\/medicinasinc.com\/pt\/#website"},"primaryImageOfPage":{"@id":"https:\/\/medicinasinc.com\/pt\/product\/buy-ald-52-blotters\/#primaryimage"},"image":{"@id":"https:\/\/medicinasinc.com\/pt\/product\/buy-ald-52-blotters\/#primaryimage"},"thumbnailUrl":"https:\/\/medicinasinc.com\/pt\/wp-content\/uploads\/sites\/20\/2022\/02\/Buy-ALD-52-Blotters.jpg","datePublished":"2022-02-21T23:30:16+00:00","dateModified":"2022-07-05T23:11:18+00:00","description":"Compre ALD-52 Blotters Online. compre ALD-52\u00a0para venda e receba entrega gratuita no Reino Unido, EUA ou Europa ALD-52 \u00e9 o derivado N-acetil do LSD. 100mcg ALD-52 Blotters.","breadcrumb":{"@id":"https:\/\/medicinasinc.com\/pt\/product\/buy-ald-52-blotters\/#breadcrumb"},"inLanguage":"pt-PT","potentialAction":[{"@type":"ReadAction","target":["https:\/\/medicinasinc.com\/pt\/product\/buy-ald-52-blotters\/"]}]},{"@type":"ImageObject","inLanguage":"pt-PT","@id":"https:\/\/medicinasinc.com\/pt\/product\/buy-ald-52-blotters\/#primaryimage","url":"https:\/\/medicinasinc.com\/pt\/wp-content\/uploads\/sites\/20\/2022\/02\/Buy-ALD-52-Blotters.jpg","contentUrl":"https:\/\/medicinasinc.com\/pt\/wp-content\/uploads\/sites\/20\/2022\/02\/Buy-ALD-52-Blotters.jpg","width":350,"height":350},{"@type":"BreadcrumbList","@id":"https:\/\/medicinasinc.com\/pt\/product\/buy-ald-52-blotters\/#breadcrumb","itemListElement":[{"@type":"ListItem","position":1,"name":"Comprar","item":"https:\/\/medicinasinc.com\/pt\/comprar\/"},{"@type":"ListItem","position":2,"name":"Compre mata-borr\u00f5es ALD-52"}]},{"@type":"WebSite","@id":"https:\/\/medicinasinc.com\/pt\/#website","url":"https:\/\/medicinasinc.com\/pt\/","name":"Medicinas Inc","description":"Health Medical Clinic","potentialAction":[{"@type":"SearchAction","target":{"@type":"EntryPoint","urlTemplate":"https:\/\/medicinasinc.com\/pt\/?s={search_term_string}"},"query-input":{"@type":"PropertyValueSpecification","valueRequired":true,"valueName":"search_term_string"}}],"inLanguage":"pt-PT"}]}},"_links":{"self":[{"href":"https:\/\/medicinasinc.com\/pt\/wp-json\/wp\/v2\/product\/5440","targetHints":{"allow":["GET"]}}],"collection":[{"href":"https:\/\/medicinasinc.com\/pt\/wp-json\/wp\/v2\/product"}],"about":[{"href":"https:\/\/medicinasinc.com\/pt\/wp-json\/wp\/v2\/types\/product"}],"replies":[{"embeddable":true,"href":"https:\/\/medicinasinc.com\/pt\/wp-json\/wp\/v2\/comments?post=5440"}],"wp:featuredmedia":[{"embeddable":true,"href":"https:\/\/medicinasinc.com\/pt\/wp-json\/wp\/v2\/media\/5449"}],"wp:attachment":[{"href":"https:\/\/medicinasinc.com\/pt\/wp-json\/wp\/v2\/media?parent=5440"}],"wp:term":[{"taxonomy":"product_brand","embeddable":true,"href":"https:\/\/medicinasinc.com\/pt\/wp-json\/wp\/v2\/product_brand?post=5440"},{"taxonomy":"product_cat","embeddable":true,"href":"https:\/\/medicinasinc.com\/pt\/wp-json\/wp\/v2\/product_cat?post=5440"},{"taxonomy":"product_tag","embeddable":true,"href":"https:\/\/medicinasinc.com\/pt\/wp-json\/wp\/v2\/product_tag?post=5440"}],"curies":[{"name":"wp","href":"https:\/\/api.w.org\/{rel}","templated":true}]}}