{"id":5419,"date":"2022-02-21T23:00:46","date_gmt":"2022-02-21T23:00:46","guid":{"rendered":"https:\/\/medicinasinc.com\/pt\/?post_type=product&#038;p=5419"},"modified":"2022-07-05T23:11:33","modified_gmt":"2022-07-05T23:11:33","slug":"comprar-adb-pinaca-po","status":"publish","type":"product","link":"https:\/\/medicinasinc.com\/pt\/product\/comprar-adb-pinaca-po\/","title":{"rendered":"Compre o p\u00f3 ADB-PINACA"},"content":{"rendered":"<p><strong>P\u00f3 ADB-Pinaca de alta pureza est\u00e1 dispon\u00edvel<\/strong><\/p>\n<p>P\u00f3 e cristal Metiopropamina \/ MPA podem ser adquiridos no ADB-Pinaca Powder Purity 98% Chemical Stock<\/p>\n<p>Pureza do ADB-Pinaca P\u00f3<\/p>\n<p>ProName: 5F-MDMB-PINACA 5F-ADB 5FADB ADB em p\u00f3<br \/> CasNo: 68585-34-2<br \/> F\u00f3rmula molecular: ADB<br \/> Apar\u00eancia: p\u00f3 cristalino branco<br \/> Aplica\u00e7\u00e3o: intermedi\u00e1rio farmac\u00eautico<br \/> DeliveryTime: 4-7 dias para bens prontos<br \/> PackAge: saco da folha de 1kg\/Aluminum<br \/> Porto: Tianjin<br \/> Capacidade de produ\u00e7\u00e3o : 10000 quilogramas\/m\u00eas<br \/> Pureza: &gt;99,5%<br \/> Armazenamento: fique em local fresco, seco e bem selado<br \/> Transporte: por EMS, DHL, FEDEX<br \/> Teor de umidade: \u2264 0,01<\/p>\n<p>Compre <a href=\"https:\/\/en.wikipedia.org\/wiki\/ADB-PINACA\">ADB-Pinaca<\/a> Pureza em p\u00f3 98% para venda, pesquise fornecedores de produtos qu\u00edmicos, compre produtos qu\u00edmicos de pesquisa china, melhor site para comprar produtos qu\u00edmicos de pesquisa, produtos qu\u00edmicos de pesquisa reddit, produtos qu\u00edmicos de pesquisa de muscula\u00e7\u00e3o, produtos qu\u00edmicos de pesquisa baratos eua, comprar pesquisa c hemicals online europa<\/p>\n<p>&nbsp;<\/p>\n<div class=\"product-next-previous\">\n<div class=\"product-prev\"><\/div><\/div>\n","protected":false},"excerpt":{"rendered":"<p>Compre ADB-Pinaca Powder High Purity. Compre ADB-Pinaca Powder Purity 98% Chemical Stock dispon\u00edvel em P\u00f3 &amp; Cristal<\/p>\n<p>Compre ADB-Pinaca Powder\u00a0\u00e0 venda na Europa, Reino Unido, UE, China Purity 98% Chemical Stock dispon\u00edvel em\u00a0P\u00f3\u00a0&amp; CrystalMethiopropamine \/ MPA\u00a0ADB-Pinaca Powder\u00a0Purity.<\/p>\n","protected":false},"featured_media":5431,"comment_status":"open","ping_status":"closed","template":"","meta":[],"product_brand":[],"product_cat":[2014],"product_tag":[2639,2632,2633,2642,2636,2637,2638,2640,2648,2635,2641,2643,2646,2647,2644,2649,2634,2645],"class_list":{"0":"post-5419","1":"product","2":"type-product","3":"status-publish","4":"has-post-thumbnail","6":"product_cat-compre-produtos-quimicos-de-pesquisa","7":"product_tag--venda-adb-fubinaca","8":"product_tag-adb-fubinaca-por-grama","9":"product_tag-adb-fubinaca-price","10":"product_tag-como-comprar-adb-fubinaca","11":"product_tag-compre-adb-fubinaca","12":"product_tag-buy-online-adb-fubinaca","13":"product_tag-descrio-adb-fubinaca","14":"product_tag-efeitos-fubinaca","15":"product_tag-ordem-adb-fubinaca","16":"product_tag-adb-fubinaca-fornecedores","17":"product_tag-how-much-does-speed-cost-adb-fubinaca","18":"product_tag-how-to-purchase-adb-fubinaca","19":"product_tag-mdmb-fubinaca","20":"product_tag-online-buy-adb-fubinaca","21":"product_tag-baixo-preo-adb-fubinaca","22":"product_tag-reviso-adb-fubinaca","23":"product_tag-adb-fubinaca-review","24":"product_tag-low-rate-adb-fubinaca","26":"first","27":"instock","28":"shipping-taxable","29":"purchasable","30":"product-type-variable","31":"has-default-attributes"},"yoast_head":"<!-- This site is optimized with the Yoast SEO plugin v27.3 - https:\/\/yoast.com\/product\/yoast-seo-wordpress\/ -->\n<title>Compre ADB-PINACA Powder - ADB-PINACA - Best Best Global Meds<\/title>\n<meta name=\"description\" content=\"Compre ADB-Pinaca Powder\u00a0para venda na Europa, Reino Unido, UE, China Purity 98% Chemical Stock in\u00a0Powder\u00a0&amp; CrystalMethiopropamine \/ MPA\u00a0ADB-Pinaca Powder.\" \/>\n<meta name=\"robots\" content=\"index, follow, max-snippet:-1, max-image-preview:large, max-video-preview:-1\" \/>\n<link rel=\"canonical\" href=\"https:\/\/medicinasinc.com\/pt\/product\/comprar-adb-pinaca-po\/\" \/>\n<meta property=\"og:locale\" content=\"pt_PT\" \/>\n<meta property=\"og:type\" content=\"article\" \/>\n<meta property=\"og:title\" content=\"Compre ADB-PINACA Powder - ADB-PINACA - Best Best Global Meds\" \/>\n<meta property=\"og:description\" content=\"Compre ADB-Pinaca Powder\u00a0para venda na Europa, Reino Unido, UE, China Purity 98% Chemical Stock in\u00a0Powder\u00a0&amp; CrystalMethiopropamine \/ MPA\u00a0ADB-Pinaca Powder.\" \/>\n<meta property=\"og:url\" content=\"https:\/\/medicinasinc.com\/pt\/product\/comprar-adb-pinaca-po\/\" \/>\n<meta property=\"og:site_name\" content=\"Medicinas Inc\" \/>\n<meta property=\"article:modified_time\" content=\"2022-07-05T23:11:33+00:00\" \/>\n<meta property=\"og:image\" content=\"https:\/\/medicinasinc.com\/pt\/wp-content\/uploads\/sites\/20\/2022\/02\/Buy-ADB-Pinaca-Powder.png\" \/>\n\t<meta property=\"og:image:width\" content=\"600\" \/>\n\t<meta property=\"og:image:height\" content=\"400\" \/>\n\t<meta property=\"og:image:type\" content=\"image\/png\" \/>\n<meta name=\"twitter:card\" content=\"summary_large_image\" \/>\n<meta name=\"twitter:label1\" content=\"Tempo estimado de leitura\" \/>\n\t<meta name=\"twitter:data1\" content=\"1 minuto\" \/>\n<script type=\"application\/ld+json\" class=\"yoast-schema-graph\">{\"@context\":\"https:\\\/\\\/schema.org\",\"@graph\":[{\"@type\":\"WebPage\",\"@id\":\"https:\\\/\\\/medicinasinc.com\\\/pt\\\/product\\\/comprar-adb-pinaca-po\\\/\",\"url\":\"https:\\\/\\\/medicinasinc.com\\\/pt\\\/product\\\/comprar-adb-pinaca-po\\\/\",\"name\":\"Compre ADB-PINACA Powder - ADB-PINACA - Best Best Global Meds\",\"isPartOf\":{\"@id\":\"https:\\\/\\\/medicinasinc.com\\\/pt\\\/#website\"},\"primaryImageOfPage\":{\"@id\":\"https:\\\/\\\/medicinasinc.com\\\/pt\\\/product\\\/comprar-adb-pinaca-po\\\/#primaryimage\"},\"image\":{\"@id\":\"https:\\\/\\\/medicinasinc.com\\\/pt\\\/product\\\/comprar-adb-pinaca-po\\\/#primaryimage\"},\"thumbnailUrl\":\"https:\\\/\\\/medicinasinc.com\\\/pt\\\/wp-content\\\/uploads\\\/sites\\\/20\\\/2022\\\/02\\\/Buy-ADB-Pinaca-Powder.png\",\"datePublished\":\"2022-02-21T23:00:46+00:00\",\"dateModified\":\"2022-07-05T23:11:33+00:00\",\"description\":\"Compre ADB-Pinaca Powder\u00a0para venda na Europa, Reino Unido, UE, China Purity 98% Chemical Stock in\u00a0Powder\u00a0&amp; CrystalMethiopropamine \\\/ MPA\u00a0ADB-Pinaca Powder.\",\"breadcrumb\":{\"@id\":\"https:\\\/\\\/medicinasinc.com\\\/pt\\\/product\\\/comprar-adb-pinaca-po\\\/#breadcrumb\"},\"inLanguage\":\"pt-PT\",\"potentialAction\":[{\"@type\":\"ReadAction\",\"target\":[\"https:\\\/\\\/medicinasinc.com\\\/pt\\\/product\\\/comprar-adb-pinaca-po\\\/\"]}]},{\"@type\":\"ImageObject\",\"inLanguage\":\"pt-PT\",\"@id\":\"https:\\\/\\\/medicinasinc.com\\\/pt\\\/product\\\/comprar-adb-pinaca-po\\\/#primaryimage\",\"url\":\"https:\\\/\\\/medicinasinc.com\\\/pt\\\/wp-content\\\/uploads\\\/sites\\\/20\\\/2022\\\/02\\\/Buy-ADB-Pinaca-Powder.png\",\"contentUrl\":\"https:\\\/\\\/medicinasinc.com\\\/pt\\\/wp-content\\\/uploads\\\/sites\\\/20\\\/2022\\\/02\\\/Buy-ADB-Pinaca-Powder.png\",\"width\":600,\"height\":400},{\"@type\":\"BreadcrumbList\",\"@id\":\"https:\\\/\\\/medicinasinc.com\\\/pt\\\/product\\\/comprar-adb-pinaca-po\\\/#breadcrumb\",\"itemListElement\":[{\"@type\":\"ListItem\",\"position\":1,\"name\":\"Comprar\",\"item\":\"https:\\\/\\\/medicinasinc.com\\\/pt\\\/comprar\\\/\"},{\"@type\":\"ListItem\",\"position\":2,\"name\":\"Compre o p\u00f3 ADB-PINACA\"}]},{\"@type\":\"WebSite\",\"@id\":\"https:\\\/\\\/medicinasinc.com\\\/pt\\\/#website\",\"url\":\"https:\\\/\\\/medicinasinc.com\\\/pt\\\/\",\"name\":\"Medicinas Inc\",\"description\":\"Health Medical Clinic\",\"potentialAction\":[{\"@type\":\"SearchAction\",\"target\":{\"@type\":\"EntryPoint\",\"urlTemplate\":\"https:\\\/\\\/medicinasinc.com\\\/pt\\\/?s={search_term_string}\"},\"query-input\":{\"@type\":\"PropertyValueSpecification\",\"valueRequired\":true,\"valueName\":\"search_term_string\"}}],\"inLanguage\":\"pt-PT\"}]}<\/script>\n<!-- \/ Yoast SEO plugin. -->","yoast_head_json":{"title":"Compre ADB-PINACA Powder - ADB-PINACA - Best Best Global Meds","description":"Compre ADB-Pinaca Powder\u00a0para venda na Europa, Reino Unido, UE, China Purity 98% Chemical Stock in\u00a0Powder\u00a0&amp; CrystalMethiopropamine \/ MPA\u00a0ADB-Pinaca Powder.","robots":{"index":"index","follow":"follow","max-snippet":"max-snippet:-1","max-image-preview":"max-image-preview:large","max-video-preview":"max-video-preview:-1"},"canonical":"https:\/\/medicinasinc.com\/pt\/product\/comprar-adb-pinaca-po\/","og_locale":"pt_PT","og_type":"article","og_title":"Compre ADB-PINACA Powder - ADB-PINACA - Best Best Global Meds","og_description":"Compre ADB-Pinaca Powder\u00a0para venda na Europa, Reino Unido, UE, China Purity 98% Chemical Stock in\u00a0Powder\u00a0&amp; CrystalMethiopropamine \/ MPA\u00a0ADB-Pinaca Powder.","og_url":"https:\/\/medicinasinc.com\/pt\/product\/comprar-adb-pinaca-po\/","og_site_name":"Medicinas Inc","article_modified_time":"2022-07-05T23:11:33+00:00","og_image":[{"width":600,"height":400,"url":"https:\/\/medicinasinc.com\/pt\/wp-content\/uploads\/sites\/20\/2022\/02\/Buy-ADB-Pinaca-Powder.png","type":"image\/png"}],"twitter_card":"summary_large_image","twitter_misc":{"Tempo estimado de leitura":"1 minuto"},"schema":{"@context":"https:\/\/schema.org","@graph":[{"@type":"WebPage","@id":"https:\/\/medicinasinc.com\/pt\/product\/comprar-adb-pinaca-po\/","url":"https:\/\/medicinasinc.com\/pt\/product\/comprar-adb-pinaca-po\/","name":"Compre ADB-PINACA Powder - ADB-PINACA - Best Best Global Meds","isPartOf":{"@id":"https:\/\/medicinasinc.com\/pt\/#website"},"primaryImageOfPage":{"@id":"https:\/\/medicinasinc.com\/pt\/product\/comprar-adb-pinaca-po\/#primaryimage"},"image":{"@id":"https:\/\/medicinasinc.com\/pt\/product\/comprar-adb-pinaca-po\/#primaryimage"},"thumbnailUrl":"https:\/\/medicinasinc.com\/pt\/wp-content\/uploads\/sites\/20\/2022\/02\/Buy-ADB-Pinaca-Powder.png","datePublished":"2022-02-21T23:00:46+00:00","dateModified":"2022-07-05T23:11:33+00:00","description":"Compre ADB-Pinaca Powder\u00a0para venda na Europa, Reino Unido, UE, China Purity 98% Chemical Stock in\u00a0Powder\u00a0&amp; CrystalMethiopropamine \/ MPA\u00a0ADB-Pinaca Powder.","breadcrumb":{"@id":"https:\/\/medicinasinc.com\/pt\/product\/comprar-adb-pinaca-po\/#breadcrumb"},"inLanguage":"pt-PT","potentialAction":[{"@type":"ReadAction","target":["https:\/\/medicinasinc.com\/pt\/product\/comprar-adb-pinaca-po\/"]}]},{"@type":"ImageObject","inLanguage":"pt-PT","@id":"https:\/\/medicinasinc.com\/pt\/product\/comprar-adb-pinaca-po\/#primaryimage","url":"https:\/\/medicinasinc.com\/pt\/wp-content\/uploads\/sites\/20\/2022\/02\/Buy-ADB-Pinaca-Powder.png","contentUrl":"https:\/\/medicinasinc.com\/pt\/wp-content\/uploads\/sites\/20\/2022\/02\/Buy-ADB-Pinaca-Powder.png","width":600,"height":400},{"@type":"BreadcrumbList","@id":"https:\/\/medicinasinc.com\/pt\/product\/comprar-adb-pinaca-po\/#breadcrumb","itemListElement":[{"@type":"ListItem","position":1,"name":"Comprar","item":"https:\/\/medicinasinc.com\/pt\/comprar\/"},{"@type":"ListItem","position":2,"name":"Compre o p\u00f3 ADB-PINACA"}]},{"@type":"WebSite","@id":"https:\/\/medicinasinc.com\/pt\/#website","url":"https:\/\/medicinasinc.com\/pt\/","name":"Medicinas Inc","description":"Health Medical Clinic","potentialAction":[{"@type":"SearchAction","target":{"@type":"EntryPoint","urlTemplate":"https:\/\/medicinasinc.com\/pt\/?s={search_term_string}"},"query-input":{"@type":"PropertyValueSpecification","valueRequired":true,"valueName":"search_term_string"}}],"inLanguage":"pt-PT"}]}},"_links":{"self":[{"href":"https:\/\/medicinasinc.com\/pt\/wp-json\/wp\/v2\/product\/5419","targetHints":{"allow":["GET"]}}],"collection":[{"href":"https:\/\/medicinasinc.com\/pt\/wp-json\/wp\/v2\/product"}],"about":[{"href":"https:\/\/medicinasinc.com\/pt\/wp-json\/wp\/v2\/types\/product"}],"replies":[{"embeddable":true,"href":"https:\/\/medicinasinc.com\/pt\/wp-json\/wp\/v2\/comments?post=5419"}],"wp:featuredmedia":[{"embeddable":true,"href":"https:\/\/medicinasinc.com\/pt\/wp-json\/wp\/v2\/media\/5431"}],"wp:attachment":[{"href":"https:\/\/medicinasinc.com\/pt\/wp-json\/wp\/v2\/media?parent=5419"}],"wp:term":[{"taxonomy":"product_brand","embeddable":true,"href":"https:\/\/medicinasinc.com\/pt\/wp-json\/wp\/v2\/product_brand?post=5419"},{"taxonomy":"product_cat","embeddable":true,"href":"https:\/\/medicinasinc.com\/pt\/wp-json\/wp\/v2\/product_cat?post=5419"},{"taxonomy":"product_tag","embeddable":true,"href":"https:\/\/medicinasinc.com\/pt\/wp-json\/wp\/v2\/product_tag?post=5419"}],"curies":[{"name":"wp","href":"https:\/\/api.w.org\/{rel}","templated":true}]}}