{"id":5417,"date":"2022-02-21T22:57:54","date_gmt":"2022-02-21T22:57:54","guid":{"rendered":"https:\/\/medicinasinc.com\/pt\/?post_type=product&#038;p=5417"},"modified":"2022-07-05T23:12:05","modified_gmt":"2022-07-05T23:12:05","slug":"buy-5f-mdmb-2201-5f-mmb-pica-5f-amb-pica","status":"publish","type":"product","link":"https:\/\/medicinasinc.com\/pt\/product\/buy-5f-mdmb-2201-5f-mmb-pica-5f-amb-pica\/","title":{"rendered":"Compre 5F MDMB 2201 &#8211; 5F-MMB-PICA, 5F-AMB-PICA"},"content":{"rendered":"<h1>Compre 5f MDMB 2201 Crystals Online.<\/h1>\n<p>Compre 5f MDMB 2201 Crystals Online.<\/p>\n<p>\u00c9 uma indazol 3 carboxamida que est\u00e1 come\u00e7ando a ser vista em produtos sint\u00e9ticos de cannabis em todo o mundo .<\/p>\n<p>Farmacologia:<br \/> 5F-MDMB-2201 \u00e9 entendido como um agonista CB1 muito potente, mas n\u00e3o se sabe se tem uma forte seletividade para CB1, ou mesmo se \u00e9 seletivo em tudo. Mais testes ser\u00e3o necess\u00e1rios nesta \u00e1rea.<\/p>\n<p>Compostos semelhantes:<br \/> 5F-AB-PINACA<br \/> PX-3<br \/> MDMB-FUBINACA<br \/> MDMB-CHMICA<br \/> APINACA<br \/> APICA<br \/> ADB-PINACA<br \/> ADBICA<br \/> ADB-FUBINACA<br \/> ADB-CHMINACA<br \/> AB-PINACA<br \/> AB-FUBINACA<br \/> AB-CHMINACA<br \/> AB-CHFUPYCA<br \/> 5F-APINACA<br \/> 5F-AMB<\/p>\n<p>Legalidade:<br \/> 5F-MDMB-2201 n\u00e3o \u00e9 conhecido por ser considerado uma subst\u00e2ncia controlada em qualquer pa\u00eds ou grande jurisdi\u00e7\u00e3o no momento, mas pode ser considerado um an\u00e1logo do 5F-ADB ou compostos relacionados. Isso pode tornar sua venda ou posse ilegal em certas jurisdi\u00e7\u00f5es, portanto, deve-se tomar cuidado ao importar este produto qu\u00edmico.<br \/> 5F-MDMB-2201 \u00e9 vendido apenas como um produto qu\u00edmico de pesquisa e, portanto, impr\u00f3prio para consumo humano ou animal. Ele deve ser usado apenas por pessoal treinado em um laborat\u00f3rio ou ambiente forense.<\/p>\n","protected":false},"excerpt":{"rendered":"<p>Compre MMB-2201, 5F MDMB 2201 para venda Reino Unido, Europa (tamb\u00e9m conhecido como 5F-MMB-PICA, 5F-AMB-PICA e I-AMB) \u00e9 um potente canabin\u00f3ide sint\u00e9tico \u00e0 base de indol-3-carboxamida, que foi vendido como droga de designer e como ingrediente ativo em misturas sint\u00e9ticas de cannabis<\/p>\n<p>Compra online de 5f MDMB 2201 Crystals. 5F-MDMB-2201 \u00e9 um canabin\u00f3ide sint\u00e9tico da fam\u00edlia indazol que \u00e9 muito semelhante ao mais conhecido 5F-MDMB-PINACA.<\/p>\n<p>Compre o p\u00f3 5F-MDMB-2201 puro de alta qualidade online com Bitcoin e #8211; Compre medicamentos legais, produtos qu\u00edmicos para pesquisa e p\u00f3s farmac\u00eauticos brutos on-line.<\/p>\n<p>5F-MDMB-2201<\/p>\n<p>Pe\u00e7a uma amostra para teste ou compre 5f-mdmb-2201 para venda com frete gr\u00e1tis para Reino Unido, EUA ou Europa.<\/p>\n","protected":false},"featured_media":5427,"comment_status":"open","ping_status":"closed","template":"","meta":[],"product_brand":[],"product_cat":[2596],"product_tag":[2598,2599,2600,2601,2608,2604,2614,2611,2603,2605,2606,2607,2609,2612,2613,2615,2616,2610,2617,2618,2619,2620,2624,2602,2623,2622,2621,2627,2625,2631,2628,2626,2629,2597,2630],"class_list":{"0":"post-5417","1":"product","2":"type-product","3":"status-publish","4":"has-post-thumbnail","6":"product_cat-canabinoides-a-venda","7":"product_tag-4f-mdmb-binaca-uk","8":"product_tag-5f-p","9":"product_tag-5f-mdmb-2201","10":"product_tag-5f-mdmb-2201-cannabinoids","11":"product_tag-5f-mdmb-2201-p-dosagem","12":"product_tag-5f-mdmb-2201-for-sale-online","13":"product_tag-5f-mdmb-2201-p-vendedor","14":"product_tag-5f-mdmb-2201-p-fornecedor","15":"product_tag-5f-mdmb-2201--venda","16":"product_tag-5f-mdmb-2201-p","17":"product_tag-5f-mdmb-2201-p-austrlia","18":"product_tag-5f-mdmb-2201-powder-canada","19":"product_tag-5f-mdmb-2201-p-venda","20":"product_tag-5f-mdmb-2201-powder-uk","21":"product_tag-5f-mdmb-2201-powder-usa","22":"product_tag-5f-mdmb-2201-reddit","23":"product_tag-5f-mdmb-2201-reviso","24":"product_tag-5f-mdmb-2201-powder-review","25":"product_tag-5f-mdmb-pinaca-comprar","26":"product_tag-5f-sgt-151","27":"product_tag-buy-5f-mdmb-2201","28":"product_tag-buy-5f-mdmb-2201-cannabinoids","29":"product_tag-c-lquido-qumico-suspenso","30":"product_tag-5f-mdmb-2201-canabinides-para-venda","31":"product_tag-buy-diclazepam-uk","32":"product_tag-buy-5f-mdmb-2201-powder-online","33":"product_tag-buy-5f-mdmb-2201-online","34":"product_tag-pedido-5f-mdmb-2201-online","35":"product_tag-mail-5f-mdmb-2201","36":"product_tag-onde-comprar-5f-mdmb-2201","37":"product_tag-order-5f-mdmb-2201-powder","38":"product_tag-pedido-5f-mdmb-2201","39":"product_tag-pure-5f-mdmb-2201-powder","40":"product_tag-4f-adb-reviso","41":"product_tag-sargento-151-legal","43":"first","44":"instock","45":"shipping-taxable","46":"purchasable","47":"product-type-variable","48":"has-default-attributes"},"yoast_head":"<!-- This site is optimized with the Yoast SEO plugin v27.3 - https:\/\/yoast.com\/product\/yoast-seo-wordpress\/ -->\n<title>Compre 5F MDMB 2201 - 5F-MMB-PICA, 5F-AMB-PICA e I-AMB<\/title>\n<meta name=\"description\" content=\"Compre MMB-2201, 5F MDMB 2201 para venda Reino Unido, Europa (tamb\u00e9m conhecido como 5F-MMB-PICA, 5F-AMB-PICA e I-AMB) \u00e9 um potente canabin\u00f3ide sint\u00e9tico \u00e0 base de indole-3-carboxamida, que foi vendido como droga de designer e como ingrediente ativo em misturas sint\u00e9ticas de cannabis\" \/>\n<meta name=\"robots\" content=\"index, follow, max-snippet:-1, max-image-preview:large, max-video-preview:-1\" \/>\n<link rel=\"canonical\" href=\"https:\/\/medicinasinc.com\/pt\/product\/buy-5f-mdmb-2201-5f-mmb-pica-5f-amb-pica\/\" \/>\n<meta property=\"og:locale\" content=\"pt_PT\" \/>\n<meta property=\"og:type\" content=\"article\" \/>\n<meta property=\"og:title\" content=\"Compre 5F MDMB 2201 - 5F-MMB-PICA, 5F-AMB-PICA e I-AMB\" \/>\n<meta property=\"og:description\" content=\"Compre MMB-2201, 5F MDMB 2201 para venda Reino Unido, Europa (tamb\u00e9m conhecido como 5F-MMB-PICA, 5F-AMB-PICA e I-AMB) \u00e9 um potente canabin\u00f3ide sint\u00e9tico \u00e0 base de indole-3-carboxamida, que foi vendido como droga de designer e como ingrediente ativo em misturas sint\u00e9ticas de cannabis\" \/>\n<meta property=\"og:url\" content=\"https:\/\/medicinasinc.com\/pt\/product\/buy-5f-mdmb-2201-5f-mmb-pica-5f-amb-pica\/\" \/>\n<meta property=\"og:site_name\" content=\"Medicinas Inc\" \/>\n<meta property=\"article:modified_time\" content=\"2022-07-05T23:12:05+00:00\" \/>\n<meta property=\"og:image\" content=\"https:\/\/medicinasinc.com\/pt\/wp-content\/uploads\/sites\/20\/2022\/02\/Buy-5f-MDMB-2201.jpg\" \/>\n\t<meta property=\"og:image:width\" content=\"232\" \/>\n\t<meta property=\"og:image:height\" content=\"217\" \/>\n\t<meta property=\"og:image:type\" content=\"image\/jpeg\" \/>\n<meta name=\"twitter:card\" content=\"summary_large_image\" \/>\n<meta name=\"twitter:label1\" content=\"Tempo estimado de leitura\" \/>\n\t<meta name=\"twitter:data1\" content=\"1 minuto\" \/>\n<script type=\"application\/ld+json\" class=\"yoast-schema-graph\">{\"@context\":\"https:\\\/\\\/schema.org\",\"@graph\":[{\"@type\":\"WebPage\",\"@id\":\"https:\\\/\\\/medicinasinc.com\\\/pt\\\/product\\\/buy-5f-mdmb-2201-5f-mmb-pica-5f-amb-pica\\\/\",\"url\":\"https:\\\/\\\/medicinasinc.com\\\/pt\\\/product\\\/buy-5f-mdmb-2201-5f-mmb-pica-5f-amb-pica\\\/\",\"name\":\"Compre 5F MDMB 2201 - 5F-MMB-PICA, 5F-AMB-PICA e I-AMB\",\"isPartOf\":{\"@id\":\"https:\\\/\\\/medicinasinc.com\\\/pt\\\/#website\"},\"primaryImageOfPage\":{\"@id\":\"https:\\\/\\\/medicinasinc.com\\\/pt\\\/product\\\/buy-5f-mdmb-2201-5f-mmb-pica-5f-amb-pica\\\/#primaryimage\"},\"image\":{\"@id\":\"https:\\\/\\\/medicinasinc.com\\\/pt\\\/product\\\/buy-5f-mdmb-2201-5f-mmb-pica-5f-amb-pica\\\/#primaryimage\"},\"thumbnailUrl\":\"https:\\\/\\\/medicinasinc.com\\\/pt\\\/wp-content\\\/uploads\\\/sites\\\/20\\\/2022\\\/02\\\/Buy-5f-MDMB-2201.jpg\",\"datePublished\":\"2022-02-21T22:57:54+00:00\",\"dateModified\":\"2022-07-05T23:12:05+00:00\",\"description\":\"Compre MMB-2201, 5F MDMB 2201 para venda Reino Unido, Europa (tamb\u00e9m conhecido como 5F-MMB-PICA, 5F-AMB-PICA e I-AMB) \u00e9 um potente canabin\u00f3ide sint\u00e9tico \u00e0 base de indole-3-carboxamida, que foi vendido como droga de designer e como ingrediente ativo em misturas sint\u00e9ticas de cannabis\",\"breadcrumb\":{\"@id\":\"https:\\\/\\\/medicinasinc.com\\\/pt\\\/product\\\/buy-5f-mdmb-2201-5f-mmb-pica-5f-amb-pica\\\/#breadcrumb\"},\"inLanguage\":\"pt-PT\",\"potentialAction\":[{\"@type\":\"ReadAction\",\"target\":[\"https:\\\/\\\/medicinasinc.com\\\/pt\\\/product\\\/buy-5f-mdmb-2201-5f-mmb-pica-5f-amb-pica\\\/\"]}]},{\"@type\":\"ImageObject\",\"inLanguage\":\"pt-PT\",\"@id\":\"https:\\\/\\\/medicinasinc.com\\\/pt\\\/product\\\/buy-5f-mdmb-2201-5f-mmb-pica-5f-amb-pica\\\/#primaryimage\",\"url\":\"https:\\\/\\\/medicinasinc.com\\\/pt\\\/wp-content\\\/uploads\\\/sites\\\/20\\\/2022\\\/02\\\/Buy-5f-MDMB-2201.jpg\",\"contentUrl\":\"https:\\\/\\\/medicinasinc.com\\\/pt\\\/wp-content\\\/uploads\\\/sites\\\/20\\\/2022\\\/02\\\/Buy-5f-MDMB-2201.jpg\",\"width\":232,\"height\":217},{\"@type\":\"BreadcrumbList\",\"@id\":\"https:\\\/\\\/medicinasinc.com\\\/pt\\\/product\\\/buy-5f-mdmb-2201-5f-mmb-pica-5f-amb-pica\\\/#breadcrumb\",\"itemListElement\":[{\"@type\":\"ListItem\",\"position\":1,\"name\":\"Comprar\",\"item\":\"https:\\\/\\\/medicinasinc.com\\\/pt\\\/comprar\\\/\"},{\"@type\":\"ListItem\",\"position\":2,\"name\":\"Compre 5F MDMB 2201 &#8211; 5F-MMB-PICA, 5F-AMB-PICA\"}]},{\"@type\":\"WebSite\",\"@id\":\"https:\\\/\\\/medicinasinc.com\\\/pt\\\/#website\",\"url\":\"https:\\\/\\\/medicinasinc.com\\\/pt\\\/\",\"name\":\"Medicinas Inc\",\"description\":\"Health Medical Clinic\",\"potentialAction\":[{\"@type\":\"SearchAction\",\"target\":{\"@type\":\"EntryPoint\",\"urlTemplate\":\"https:\\\/\\\/medicinasinc.com\\\/pt\\\/?s={search_term_string}\"},\"query-input\":{\"@type\":\"PropertyValueSpecification\",\"valueRequired\":true,\"valueName\":\"search_term_string\"}}],\"inLanguage\":\"pt-PT\"}]}<\/script>\n<!-- \/ Yoast SEO plugin. -->","yoast_head_json":{"title":"Compre 5F MDMB 2201 - 5F-MMB-PICA, 5F-AMB-PICA e I-AMB","description":"Compre MMB-2201, 5F MDMB 2201 para venda Reino Unido, Europa (tamb\u00e9m conhecido como 5F-MMB-PICA, 5F-AMB-PICA e I-AMB) \u00e9 um potente canabin\u00f3ide sint\u00e9tico \u00e0 base de indole-3-carboxamida, que foi vendido como droga de designer e como ingrediente ativo em misturas sint\u00e9ticas de cannabis","robots":{"index":"index","follow":"follow","max-snippet":"max-snippet:-1","max-image-preview":"max-image-preview:large","max-video-preview":"max-video-preview:-1"},"canonical":"https:\/\/medicinasinc.com\/pt\/product\/buy-5f-mdmb-2201-5f-mmb-pica-5f-amb-pica\/","og_locale":"pt_PT","og_type":"article","og_title":"Compre 5F MDMB 2201 - 5F-MMB-PICA, 5F-AMB-PICA e I-AMB","og_description":"Compre MMB-2201, 5F MDMB 2201 para venda Reino Unido, Europa (tamb\u00e9m conhecido como 5F-MMB-PICA, 5F-AMB-PICA e I-AMB) \u00e9 um potente canabin\u00f3ide sint\u00e9tico \u00e0 base de indole-3-carboxamida, que foi vendido como droga de designer e como ingrediente ativo em misturas sint\u00e9ticas de cannabis","og_url":"https:\/\/medicinasinc.com\/pt\/product\/buy-5f-mdmb-2201-5f-mmb-pica-5f-amb-pica\/","og_site_name":"Medicinas Inc","article_modified_time":"2022-07-05T23:12:05+00:00","og_image":[{"width":232,"height":217,"url":"https:\/\/medicinasinc.com\/pt\/wp-content\/uploads\/sites\/20\/2022\/02\/Buy-5f-MDMB-2201.jpg","type":"image\/jpeg"}],"twitter_card":"summary_large_image","twitter_misc":{"Tempo estimado de leitura":"1 minuto"},"schema":{"@context":"https:\/\/schema.org","@graph":[{"@type":"WebPage","@id":"https:\/\/medicinasinc.com\/pt\/product\/buy-5f-mdmb-2201-5f-mmb-pica-5f-amb-pica\/","url":"https:\/\/medicinasinc.com\/pt\/product\/buy-5f-mdmb-2201-5f-mmb-pica-5f-amb-pica\/","name":"Compre 5F MDMB 2201 - 5F-MMB-PICA, 5F-AMB-PICA e I-AMB","isPartOf":{"@id":"https:\/\/medicinasinc.com\/pt\/#website"},"primaryImageOfPage":{"@id":"https:\/\/medicinasinc.com\/pt\/product\/buy-5f-mdmb-2201-5f-mmb-pica-5f-amb-pica\/#primaryimage"},"image":{"@id":"https:\/\/medicinasinc.com\/pt\/product\/buy-5f-mdmb-2201-5f-mmb-pica-5f-amb-pica\/#primaryimage"},"thumbnailUrl":"https:\/\/medicinasinc.com\/pt\/wp-content\/uploads\/sites\/20\/2022\/02\/Buy-5f-MDMB-2201.jpg","datePublished":"2022-02-21T22:57:54+00:00","dateModified":"2022-07-05T23:12:05+00:00","description":"Compre MMB-2201, 5F MDMB 2201 para venda Reino Unido, Europa (tamb\u00e9m conhecido como 5F-MMB-PICA, 5F-AMB-PICA e I-AMB) \u00e9 um potente canabin\u00f3ide sint\u00e9tico \u00e0 base de indole-3-carboxamida, que foi vendido como droga de designer e como ingrediente ativo em misturas sint\u00e9ticas de cannabis","breadcrumb":{"@id":"https:\/\/medicinasinc.com\/pt\/product\/buy-5f-mdmb-2201-5f-mmb-pica-5f-amb-pica\/#breadcrumb"},"inLanguage":"pt-PT","potentialAction":[{"@type":"ReadAction","target":["https:\/\/medicinasinc.com\/pt\/product\/buy-5f-mdmb-2201-5f-mmb-pica-5f-amb-pica\/"]}]},{"@type":"ImageObject","inLanguage":"pt-PT","@id":"https:\/\/medicinasinc.com\/pt\/product\/buy-5f-mdmb-2201-5f-mmb-pica-5f-amb-pica\/#primaryimage","url":"https:\/\/medicinasinc.com\/pt\/wp-content\/uploads\/sites\/20\/2022\/02\/Buy-5f-MDMB-2201.jpg","contentUrl":"https:\/\/medicinasinc.com\/pt\/wp-content\/uploads\/sites\/20\/2022\/02\/Buy-5f-MDMB-2201.jpg","width":232,"height":217},{"@type":"BreadcrumbList","@id":"https:\/\/medicinasinc.com\/pt\/product\/buy-5f-mdmb-2201-5f-mmb-pica-5f-amb-pica\/#breadcrumb","itemListElement":[{"@type":"ListItem","position":1,"name":"Comprar","item":"https:\/\/medicinasinc.com\/pt\/comprar\/"},{"@type":"ListItem","position":2,"name":"Compre 5F MDMB 2201 &#8211; 5F-MMB-PICA, 5F-AMB-PICA"}]},{"@type":"WebSite","@id":"https:\/\/medicinasinc.com\/pt\/#website","url":"https:\/\/medicinasinc.com\/pt\/","name":"Medicinas Inc","description":"Health Medical Clinic","potentialAction":[{"@type":"SearchAction","target":{"@type":"EntryPoint","urlTemplate":"https:\/\/medicinasinc.com\/pt\/?s={search_term_string}"},"query-input":{"@type":"PropertyValueSpecification","valueRequired":true,"valueName":"search_term_string"}}],"inLanguage":"pt-PT"}]}},"_links":{"self":[{"href":"https:\/\/medicinasinc.com\/pt\/wp-json\/wp\/v2\/product\/5417","targetHints":{"allow":["GET"]}}],"collection":[{"href":"https:\/\/medicinasinc.com\/pt\/wp-json\/wp\/v2\/product"}],"about":[{"href":"https:\/\/medicinasinc.com\/pt\/wp-json\/wp\/v2\/types\/product"}],"replies":[{"embeddable":true,"href":"https:\/\/medicinasinc.com\/pt\/wp-json\/wp\/v2\/comments?post=5417"}],"wp:featuredmedia":[{"embeddable":true,"href":"https:\/\/medicinasinc.com\/pt\/wp-json\/wp\/v2\/media\/5427"}],"wp:attachment":[{"href":"https:\/\/medicinasinc.com\/pt\/wp-json\/wp\/v2\/media?parent=5417"}],"wp:term":[{"taxonomy":"product_brand","embeddable":true,"href":"https:\/\/medicinasinc.com\/pt\/wp-json\/wp\/v2\/product_brand?post=5417"},{"taxonomy":"product_cat","embeddable":true,"href":"https:\/\/medicinasinc.com\/pt\/wp-json\/wp\/v2\/product_cat?post=5417"},{"taxonomy":"product_tag","embeddable":true,"href":"https:\/\/medicinasinc.com\/pt\/wp-json\/wp\/v2\/product_tag?post=5417"}],"curies":[{"name":"wp","href":"https:\/\/api.w.org\/{rel}","templated":true}]}}