{"id":5416,"date":"2022-02-21T22:57:03","date_gmt":"2022-02-21T22:57:03","guid":{"rendered":"https:\/\/medicinasinc.com\/pt\/?post_type=product&#038;p=5416"},"modified":"2022-07-05T23:12:19","modified_gmt":"2022-07-05T23:12:19","slug":"comprar-50mcg-lsd-comprimidos-online","status":"publish","type":"product","link":"https:\/\/medicinasinc.com\/pt\/product\/comprar-50mcg-lsd-comprimidos-online\/","title":{"rendered":"Compre comprimidos de LSD de 50mcg online"},"content":{"rendered":"<p><strong>Compre comprimidos de LSD 50mcg online.<\/strong><\/p>\n<p>Os comprimidos de LSD 50mcg podem ser comprados online.<\/p>\n<p>Para comprar ou encomendar comprimidos de LSD, voc\u00ea pode faz\u00ea-lo em nossa loja de comprimidos LSD: Se voc\u00ea est\u00e1 procurando por comprimidos LSD de alta qualidade, n\u00e3o v\u00e1 mais longe. Voc\u00ea encontrou. Os maiores comprimidos de LSD no mercado atualmente s\u00e3o aqueles feitos por n\u00f3s.<br \/> Dietilamida do \u00e1cido lis\u00e9rgico \u00e9 seu nome gen\u00e9rico.<br \/> Mais de 80 nomes comuns ou de rua s\u00e3o usados \u200b\u200bpara descrever o LSD. Estes incluem \u00e1cido, mata-borr\u00e3o (tamb\u00e9m conhecido como &#8220;o cid&#8221;), doses (tamb\u00e9m conhecido como &#8220;os pontos&#8221;) e viagens (tamb\u00e9m conhecidas como as viagens).<\/p>\n","protected":false},"excerpt":{"rendered":"<div class=\"woocommerce-product-details__short-description\">\n<p>Comprimidos de LSD de 50mcg reais online \u2013 comprimidos de LSD de 50mcg para venda | Compre comprimidos de LSD online | Comprar comprimidos de LSD de 50mcg para venda| Compre comprimidos de LSD de 50mcg baratos | Onde comprar comprimidos de LSD de 50mcg online.<\/p>\n<\/p><\/div>\n","protected":false},"featured_media":5425,"comment_status":"open","ping_status":"closed","template":"","meta":[],"product_brand":[],"product_cat":[703],"product_tag":[],"class_list":{"0":"post-5416","1":"product","2":"type-product","3":"status-publish","4":"has-post-thumbnail","6":"product_cat-compre-drogas-psicodelicas","8":"first","9":"instock","10":"shipping-taxable","11":"purchasable","12":"product-type-variable","13":"has-default-attributes"},"yoast_head":"<!-- This site is optimized with the Yoast SEO plugin v27.3 - https:\/\/yoast.com\/product\/yoast-seo-wordpress\/ -->\n<title>Compre comprimidos de LSD de 50mcg online - Best Best Global Meds<\/title>\n<meta name=\"description\" content=\"Comprimidos de LSD de 50mcg reais online \u2013 Comprimidos de LSD de 50mcg para venda | Compre comprimidos de LSD online | Comprar comprimidos de LSD de 50mcg para venda| Compre comprimidos de LSD de 50mcg baratos | Onde comprar comprimidos de LSD de 50mcg online.\" \/>\n<meta name=\"robots\" content=\"index, follow, max-snippet:-1, max-image-preview:large, max-video-preview:-1\" \/>\n<link rel=\"canonical\" href=\"https:\/\/medicinasinc.com\/pt\/product\/comprar-50mcg-lsd-comprimidos-online\/\" \/>\n<meta property=\"og:locale\" content=\"pt_PT\" \/>\n<meta property=\"og:type\" content=\"article\" \/>\n<meta property=\"og:title\" content=\"Compre comprimidos de LSD de 50mcg online - Best Best Global Meds\" \/>\n<meta property=\"og:description\" content=\"Comprimidos de LSD de 50mcg reais online \u2013 Comprimidos de LSD de 50mcg para venda | Compre comprimidos de LSD online | Comprar comprimidos de LSD de 50mcg para venda| Compre comprimidos de LSD de 50mcg baratos | Onde comprar comprimidos de LSD de 50mcg online.\" \/>\n<meta property=\"og:url\" content=\"https:\/\/medicinasinc.com\/pt\/product\/comprar-50mcg-lsd-comprimidos-online\/\" \/>\n<meta property=\"og:site_name\" content=\"Medicinas Inc\" \/>\n<meta property=\"article:modified_time\" content=\"2022-07-05T23:12:19+00:00\" \/>\n<meta property=\"og:image\" content=\"https:\/\/medicinasinc.com\/pt\/wp-content\/uploads\/sites\/20\/2022\/02\/buy-50mcg-lsd-tablets-online.jpg\" \/>\n\t<meta property=\"og:image:width\" content=\"600\" \/>\n\t<meta property=\"og:image:height\" content=\"600\" \/>\n\t<meta property=\"og:image:type\" content=\"image\/jpeg\" \/>\n<meta name=\"twitter:card\" content=\"summary_large_image\" \/>\n<meta name=\"twitter:label1\" content=\"Tempo estimado de leitura\" \/>\n\t<meta name=\"twitter:data1\" content=\"1 minuto\" \/>\n<script type=\"application\/ld+json\" class=\"yoast-schema-graph\">{\"@context\":\"https:\\\/\\\/schema.org\",\"@graph\":[{\"@type\":\"WebPage\",\"@id\":\"https:\\\/\\\/medicinasinc.com\\\/pt\\\/product\\\/comprar-50mcg-lsd-comprimidos-online\\\/\",\"url\":\"https:\\\/\\\/medicinasinc.com\\\/pt\\\/product\\\/comprar-50mcg-lsd-comprimidos-online\\\/\",\"name\":\"Compre comprimidos de LSD de 50mcg online - Best Best Global Meds\",\"isPartOf\":{\"@id\":\"https:\\\/\\\/medicinasinc.com\\\/pt\\\/#website\"},\"primaryImageOfPage\":{\"@id\":\"https:\\\/\\\/medicinasinc.com\\\/pt\\\/product\\\/comprar-50mcg-lsd-comprimidos-online\\\/#primaryimage\"},\"image\":{\"@id\":\"https:\\\/\\\/medicinasinc.com\\\/pt\\\/product\\\/comprar-50mcg-lsd-comprimidos-online\\\/#primaryimage\"},\"thumbnailUrl\":\"https:\\\/\\\/medicinasinc.com\\\/pt\\\/wp-content\\\/uploads\\\/sites\\\/20\\\/2022\\\/02\\\/buy-50mcg-lsd-tablets-online.jpg\",\"datePublished\":\"2022-02-21T22:57:03+00:00\",\"dateModified\":\"2022-07-05T23:12:19+00:00\",\"description\":\"Comprimidos de LSD de 50mcg reais online \u2013 Comprimidos de LSD de 50mcg para venda | Compre comprimidos de LSD online | Comprar comprimidos de LSD de 50mcg para venda| Compre comprimidos de LSD de 50mcg baratos | Onde comprar comprimidos de LSD de 50mcg online.\",\"breadcrumb\":{\"@id\":\"https:\\\/\\\/medicinasinc.com\\\/pt\\\/product\\\/comprar-50mcg-lsd-comprimidos-online\\\/#breadcrumb\"},\"inLanguage\":\"pt-PT\",\"potentialAction\":[{\"@type\":\"ReadAction\",\"target\":[\"https:\\\/\\\/medicinasinc.com\\\/pt\\\/product\\\/comprar-50mcg-lsd-comprimidos-online\\\/\"]}]},{\"@type\":\"ImageObject\",\"inLanguage\":\"pt-PT\",\"@id\":\"https:\\\/\\\/medicinasinc.com\\\/pt\\\/product\\\/comprar-50mcg-lsd-comprimidos-online\\\/#primaryimage\",\"url\":\"https:\\\/\\\/medicinasinc.com\\\/pt\\\/wp-content\\\/uploads\\\/sites\\\/20\\\/2022\\\/02\\\/buy-50mcg-lsd-tablets-online.jpg\",\"contentUrl\":\"https:\\\/\\\/medicinasinc.com\\\/pt\\\/wp-content\\\/uploads\\\/sites\\\/20\\\/2022\\\/02\\\/buy-50mcg-lsd-tablets-online.jpg\",\"width\":600,\"height\":600},{\"@type\":\"BreadcrumbList\",\"@id\":\"https:\\\/\\\/medicinasinc.com\\\/pt\\\/product\\\/comprar-50mcg-lsd-comprimidos-online\\\/#breadcrumb\",\"itemListElement\":[{\"@type\":\"ListItem\",\"position\":1,\"name\":\"Comprar\",\"item\":\"https:\\\/\\\/medicinasinc.com\\\/pt\\\/comprar\\\/\"},{\"@type\":\"ListItem\",\"position\":2,\"name\":\"Compre comprimidos de LSD de 50mcg online\"}]},{\"@type\":\"WebSite\",\"@id\":\"https:\\\/\\\/medicinasinc.com\\\/pt\\\/#website\",\"url\":\"https:\\\/\\\/medicinasinc.com\\\/pt\\\/\",\"name\":\"Medicinas Inc\",\"description\":\"Health Medical Clinic\",\"potentialAction\":[{\"@type\":\"SearchAction\",\"target\":{\"@type\":\"EntryPoint\",\"urlTemplate\":\"https:\\\/\\\/medicinasinc.com\\\/pt\\\/?s={search_term_string}\"},\"query-input\":{\"@type\":\"PropertyValueSpecification\",\"valueRequired\":true,\"valueName\":\"search_term_string\"}}],\"inLanguage\":\"pt-PT\"}]}<\/script>\n<!-- \/ Yoast SEO plugin. -->","yoast_head_json":{"title":"Compre comprimidos de LSD de 50mcg online - Best Best Global Meds","description":"Comprimidos de LSD de 50mcg reais online \u2013 Comprimidos de LSD de 50mcg para venda | Compre comprimidos de LSD online | Comprar comprimidos de LSD de 50mcg para venda| Compre comprimidos de LSD de 50mcg baratos | Onde comprar comprimidos de LSD de 50mcg online.","robots":{"index":"index","follow":"follow","max-snippet":"max-snippet:-1","max-image-preview":"max-image-preview:large","max-video-preview":"max-video-preview:-1"},"canonical":"https:\/\/medicinasinc.com\/pt\/product\/comprar-50mcg-lsd-comprimidos-online\/","og_locale":"pt_PT","og_type":"article","og_title":"Compre comprimidos de LSD de 50mcg online - Best Best Global Meds","og_description":"Comprimidos de LSD de 50mcg reais online \u2013 Comprimidos de LSD de 50mcg para venda | Compre comprimidos de LSD online | Comprar comprimidos de LSD de 50mcg para venda| Compre comprimidos de LSD de 50mcg baratos | Onde comprar comprimidos de LSD de 50mcg online.","og_url":"https:\/\/medicinasinc.com\/pt\/product\/comprar-50mcg-lsd-comprimidos-online\/","og_site_name":"Medicinas Inc","article_modified_time":"2022-07-05T23:12:19+00:00","og_image":[{"width":600,"height":600,"url":"https:\/\/medicinasinc.com\/pt\/wp-content\/uploads\/sites\/20\/2022\/02\/buy-50mcg-lsd-tablets-online.jpg","type":"image\/jpeg"}],"twitter_card":"summary_large_image","twitter_misc":{"Tempo estimado de leitura":"1 minuto"},"schema":{"@context":"https:\/\/schema.org","@graph":[{"@type":"WebPage","@id":"https:\/\/medicinasinc.com\/pt\/product\/comprar-50mcg-lsd-comprimidos-online\/","url":"https:\/\/medicinasinc.com\/pt\/product\/comprar-50mcg-lsd-comprimidos-online\/","name":"Compre comprimidos de LSD de 50mcg online - Best Best Global Meds","isPartOf":{"@id":"https:\/\/medicinasinc.com\/pt\/#website"},"primaryImageOfPage":{"@id":"https:\/\/medicinasinc.com\/pt\/product\/comprar-50mcg-lsd-comprimidos-online\/#primaryimage"},"image":{"@id":"https:\/\/medicinasinc.com\/pt\/product\/comprar-50mcg-lsd-comprimidos-online\/#primaryimage"},"thumbnailUrl":"https:\/\/medicinasinc.com\/pt\/wp-content\/uploads\/sites\/20\/2022\/02\/buy-50mcg-lsd-tablets-online.jpg","datePublished":"2022-02-21T22:57:03+00:00","dateModified":"2022-07-05T23:12:19+00:00","description":"Comprimidos de LSD de 50mcg reais online \u2013 Comprimidos de LSD de 50mcg para venda | Compre comprimidos de LSD online | Comprar comprimidos de LSD de 50mcg para venda| Compre comprimidos de LSD de 50mcg baratos | Onde comprar comprimidos de LSD de 50mcg online.","breadcrumb":{"@id":"https:\/\/medicinasinc.com\/pt\/product\/comprar-50mcg-lsd-comprimidos-online\/#breadcrumb"},"inLanguage":"pt-PT","potentialAction":[{"@type":"ReadAction","target":["https:\/\/medicinasinc.com\/pt\/product\/comprar-50mcg-lsd-comprimidos-online\/"]}]},{"@type":"ImageObject","inLanguage":"pt-PT","@id":"https:\/\/medicinasinc.com\/pt\/product\/comprar-50mcg-lsd-comprimidos-online\/#primaryimage","url":"https:\/\/medicinasinc.com\/pt\/wp-content\/uploads\/sites\/20\/2022\/02\/buy-50mcg-lsd-tablets-online.jpg","contentUrl":"https:\/\/medicinasinc.com\/pt\/wp-content\/uploads\/sites\/20\/2022\/02\/buy-50mcg-lsd-tablets-online.jpg","width":600,"height":600},{"@type":"BreadcrumbList","@id":"https:\/\/medicinasinc.com\/pt\/product\/comprar-50mcg-lsd-comprimidos-online\/#breadcrumb","itemListElement":[{"@type":"ListItem","position":1,"name":"Comprar","item":"https:\/\/medicinasinc.com\/pt\/comprar\/"},{"@type":"ListItem","position":2,"name":"Compre comprimidos de LSD de 50mcg online"}]},{"@type":"WebSite","@id":"https:\/\/medicinasinc.com\/pt\/#website","url":"https:\/\/medicinasinc.com\/pt\/","name":"Medicinas Inc","description":"Health Medical Clinic","potentialAction":[{"@type":"SearchAction","target":{"@type":"EntryPoint","urlTemplate":"https:\/\/medicinasinc.com\/pt\/?s={search_term_string}"},"query-input":{"@type":"PropertyValueSpecification","valueRequired":true,"valueName":"search_term_string"}}],"inLanguage":"pt-PT"}]}},"_links":{"self":[{"href":"https:\/\/medicinasinc.com\/pt\/wp-json\/wp\/v2\/product\/5416","targetHints":{"allow":["GET"]}}],"collection":[{"href":"https:\/\/medicinasinc.com\/pt\/wp-json\/wp\/v2\/product"}],"about":[{"href":"https:\/\/medicinasinc.com\/pt\/wp-json\/wp\/v2\/types\/product"}],"replies":[{"embeddable":true,"href":"https:\/\/medicinasinc.com\/pt\/wp-json\/wp\/v2\/comments?post=5416"}],"wp:featuredmedia":[{"embeddable":true,"href":"https:\/\/medicinasinc.com\/pt\/wp-json\/wp\/v2\/media\/5425"}],"wp:attachment":[{"href":"https:\/\/medicinasinc.com\/pt\/wp-json\/wp\/v2\/media?parent=5416"}],"wp:term":[{"taxonomy":"product_brand","embeddable":true,"href":"https:\/\/medicinasinc.com\/pt\/wp-json\/wp\/v2\/product_brand?post=5416"},{"taxonomy":"product_cat","embeddable":true,"href":"https:\/\/medicinasinc.com\/pt\/wp-json\/wp\/v2\/product_cat?post=5416"},{"taxonomy":"product_tag","embeddable":true,"href":"https:\/\/medicinasinc.com\/pt\/wp-json\/wp\/v2\/product_tag?post=5416"}],"curies":[{"name":"wp","href":"https:\/\/api.w.org\/{rel}","templated":true}]}}