{"id":5390,"date":"2022-02-21T22:27:36","date_gmt":"2022-02-21T22:27:36","guid":{"rendered":"https:\/\/medicinasinc.com\/pt\/?post_type=product&#038;p=5390"},"modified":"2022-07-05T23:12:33","modified_gmt":"2022-07-05T23:12:33","slug":"buy-5-methoxymethylone-powder-online","status":"publish","type":"product","link":"https:\/\/medicinasinc.com\/pt\/product\/buy-5-methoxymethylone-powder-online\/","title":{"rendered":"Compre o p\u00f3 de 5-metoximetilona online"},"content":{"rendered":"<p>Compre 5-Metoximetilona em p\u00f3 on-line.<\/p>\n<p>O medicamento \u00e0 base de catinona 2-A1MP, ou p\u00f3 de 5-Metoxi-Metilona, \u200b\u200b\u00e9 um composto qu\u00edmico que foi oferecido on-line como um medicamento de designer. 5-Metoxi-MDMA \u00e9 uma forma beta-cetona desta droga. A estrutura molecular n\u00e3o parece estar associada \u00e0 designa\u00e7\u00e3o mais difundida 2-AIMP\/2-A1MP. A adi\u00e7\u00e3o de um grupo metoxi no 5\u00ba \u00e1tomo de carbono do anel arom\u00e1tico distingue as duas mol\u00e9culas da metilona. Compre o p\u00f3 de 5-metoximetilona. A toxicidade deste composto ainda n\u00e3o est\u00e1 clara. Compre 5-Metoximetilona na Internet.<\/p>\n<p>Sob o nome de rua 2-A1MP, 5-Metoximetilona \u00e9 classificado como subst\u00e2ncia controlada na Hungria.<\/p>\n<p>Compre 5-Metoximetilona.<\/p>\n<p>Veja tamb\u00e9m<br \/> Lophophine<br \/> 5-Metiletilona<br \/> 5-Metil-MDA<br \/> Compre BK-MMDMA em p\u00f3 online<\/p>\n<div class=\"product- next-previous\">\n<div class=\"product-prev\"><\/div><\/div>\n","protected":false},"excerpt":{"rendered":"<div class=\"woocommerce-product-details__short-description\">\n<p>Compre 5-Metoximetilo One, Compre 5-Metoximetilona em p\u00f3 online. Real 5-Metoximetilona online \u2013 5-Metoximetilona para venda | Compre 5-Metoximetilona online | Comprar p\u00f3 de 5-metoximetilona para venda| Comprar barato 5-Metoximetilona em p\u00f3 | Onde comprar p\u00f3 de 5-metoximetilona online.<\/p>\n<\/p><\/div>\n","protected":false},"featured_media":5402,"comment_status":"open","ping_status":"closed","template":"","meta":[],"product_brand":[],"product_cat":[2014],"product_tag":[],"class_list":{"0":"post-5390","1":"product","2":"type-product","3":"status-publish","4":"has-post-thumbnail","6":"product_cat-compre-produtos-quimicos-de-pesquisa","8":"first","9":"instock","10":"shipping-taxable","11":"purchasable","12":"product-type-variable","13":"has-default-attributes"},"yoast_head":"<!-- This site is optimized with the Yoast SEO plugin v27.3 - https:\/\/yoast.com\/product\/yoast-seo-wordpress\/ -->\n<title>Compre o p\u00f3 de 5-metoximetilona online - Best Best Global Meds<\/title>\n<meta name=\"description\" content=\"Compre 5-Metoximetilo One, Compre 5-Metoximetilona em p\u00f3 online. Real 5-Metoximetilona online \u2013 5-Metoximetilona para venda | Compre 5-Metoximetilona online | Comprar p\u00f3 de 5-metoximetilona para venda| Comprar barato 5-Metoximetilona em p\u00f3 | Onde comprar o p\u00f3 de 5-metoximetilona online.\" \/>\n<meta name=\"robots\" content=\"index, follow, max-snippet:-1, max-image-preview:large, max-video-preview:-1\" \/>\n<link rel=\"canonical\" href=\"https:\/\/medicinasinc.com\/pt\/product\/buy-5-methoxymethylone-powder-online\/\" \/>\n<meta property=\"og:locale\" content=\"pt_PT\" \/>\n<meta property=\"og:type\" content=\"article\" \/>\n<meta property=\"og:title\" content=\"Compre o p\u00f3 de 5-metoximetilona online - Best Best Global Meds\" \/>\n<meta property=\"og:description\" content=\"Compre 5-Metoximetilo One, Compre 5-Metoximetilona em p\u00f3 online. Real 5-Metoximetilona online \u2013 5-Metoximetilona para venda | Compre 5-Metoximetilona online | Comprar p\u00f3 de 5-metoximetilona para venda| Comprar barato 5-Metoximetilona em p\u00f3 | Onde comprar o p\u00f3 de 5-metoximetilona online.\" \/>\n<meta property=\"og:url\" content=\"https:\/\/medicinasinc.com\/pt\/product\/buy-5-methoxymethylone-powder-online\/\" \/>\n<meta property=\"og:site_name\" content=\"Medicinas Inc\" \/>\n<meta property=\"article:modified_time\" content=\"2022-07-05T23:12:33+00:00\" \/>\n<meta property=\"og:image\" content=\"https:\/\/medicinasinc.com\/pt\/wp-content\/uploads\/sites\/20\/2022\/02\/buy-5-methoxymethylone-powder-online.jpg\" \/>\n\t<meta property=\"og:image:width\" content=\"600\" \/>\n\t<meta property=\"og:image:height\" content=\"600\" \/>\n\t<meta property=\"og:image:type\" content=\"image\/jpeg\" \/>\n<meta name=\"twitter:card\" content=\"summary_large_image\" \/>\n<meta name=\"twitter:label1\" content=\"Tempo estimado de leitura\" \/>\n\t<meta name=\"twitter:data1\" content=\"1 minuto\" \/>\n<script type=\"application\/ld+json\" class=\"yoast-schema-graph\">{\"@context\":\"https:\\\/\\\/schema.org\",\"@graph\":[{\"@type\":\"WebPage\",\"@id\":\"https:\\\/\\\/medicinasinc.com\\\/pt\\\/product\\\/buy-5-methoxymethylone-powder-online\\\/\",\"url\":\"https:\\\/\\\/medicinasinc.com\\\/pt\\\/product\\\/buy-5-methoxymethylone-powder-online\\\/\",\"name\":\"Compre o p\u00f3 de 5-metoximetilona online - Best Best Global Meds\",\"isPartOf\":{\"@id\":\"https:\\\/\\\/medicinasinc.com\\\/pt\\\/#website\"},\"primaryImageOfPage\":{\"@id\":\"https:\\\/\\\/medicinasinc.com\\\/pt\\\/product\\\/buy-5-methoxymethylone-powder-online\\\/#primaryimage\"},\"image\":{\"@id\":\"https:\\\/\\\/medicinasinc.com\\\/pt\\\/product\\\/buy-5-methoxymethylone-powder-online\\\/#primaryimage\"},\"thumbnailUrl\":\"https:\\\/\\\/medicinasinc.com\\\/pt\\\/wp-content\\\/uploads\\\/sites\\\/20\\\/2022\\\/02\\\/buy-5-methoxymethylone-powder-online.jpg\",\"datePublished\":\"2022-02-21T22:27:36+00:00\",\"dateModified\":\"2022-07-05T23:12:33+00:00\",\"description\":\"Compre 5-Metoximetilo One, Compre 5-Metoximetilona em p\u00f3 online. Real 5-Metoximetilona online \u2013 5-Metoximetilona para venda | Compre 5-Metoximetilona online | Comprar p\u00f3 de 5-metoximetilona para venda| Comprar barato 5-Metoximetilona em p\u00f3 | Onde comprar o p\u00f3 de 5-metoximetilona online.\",\"breadcrumb\":{\"@id\":\"https:\\\/\\\/medicinasinc.com\\\/pt\\\/product\\\/buy-5-methoxymethylone-powder-online\\\/#breadcrumb\"},\"inLanguage\":\"pt-PT\",\"potentialAction\":[{\"@type\":\"ReadAction\",\"target\":[\"https:\\\/\\\/medicinasinc.com\\\/pt\\\/product\\\/buy-5-methoxymethylone-powder-online\\\/\"]}]},{\"@type\":\"ImageObject\",\"inLanguage\":\"pt-PT\",\"@id\":\"https:\\\/\\\/medicinasinc.com\\\/pt\\\/product\\\/buy-5-methoxymethylone-powder-online\\\/#primaryimage\",\"url\":\"https:\\\/\\\/medicinasinc.com\\\/pt\\\/wp-content\\\/uploads\\\/sites\\\/20\\\/2022\\\/02\\\/buy-5-methoxymethylone-powder-online.jpg\",\"contentUrl\":\"https:\\\/\\\/medicinasinc.com\\\/pt\\\/wp-content\\\/uploads\\\/sites\\\/20\\\/2022\\\/02\\\/buy-5-methoxymethylone-powder-online.jpg\",\"width\":600,\"height\":600},{\"@type\":\"BreadcrumbList\",\"@id\":\"https:\\\/\\\/medicinasinc.com\\\/pt\\\/product\\\/buy-5-methoxymethylone-powder-online\\\/#breadcrumb\",\"itemListElement\":[{\"@type\":\"ListItem\",\"position\":1,\"name\":\"Comprar\",\"item\":\"https:\\\/\\\/medicinasinc.com\\\/pt\\\/comprar\\\/\"},{\"@type\":\"ListItem\",\"position\":2,\"name\":\"Compre o p\u00f3 de 5-metoximetilona online\"}]},{\"@type\":\"WebSite\",\"@id\":\"https:\\\/\\\/medicinasinc.com\\\/pt\\\/#website\",\"url\":\"https:\\\/\\\/medicinasinc.com\\\/pt\\\/\",\"name\":\"Medicinas Inc\",\"description\":\"Health Medical Clinic\",\"potentialAction\":[{\"@type\":\"SearchAction\",\"target\":{\"@type\":\"EntryPoint\",\"urlTemplate\":\"https:\\\/\\\/medicinasinc.com\\\/pt\\\/?s={search_term_string}\"},\"query-input\":{\"@type\":\"PropertyValueSpecification\",\"valueRequired\":true,\"valueName\":\"search_term_string\"}}],\"inLanguage\":\"pt-PT\"}]}<\/script>\n<!-- \/ Yoast SEO plugin. -->","yoast_head_json":{"title":"Compre o p\u00f3 de 5-metoximetilona online - Best Best Global Meds","description":"Compre 5-Metoximetilo One, Compre 5-Metoximetilona em p\u00f3 online. Real 5-Metoximetilona online \u2013 5-Metoximetilona para venda | Compre 5-Metoximetilona online | Comprar p\u00f3 de 5-metoximetilona para venda| Comprar barato 5-Metoximetilona em p\u00f3 | Onde comprar o p\u00f3 de 5-metoximetilona online.","robots":{"index":"index","follow":"follow","max-snippet":"max-snippet:-1","max-image-preview":"max-image-preview:large","max-video-preview":"max-video-preview:-1"},"canonical":"https:\/\/medicinasinc.com\/pt\/product\/buy-5-methoxymethylone-powder-online\/","og_locale":"pt_PT","og_type":"article","og_title":"Compre o p\u00f3 de 5-metoximetilona online - Best Best Global Meds","og_description":"Compre 5-Metoximetilo One, Compre 5-Metoximetilona em p\u00f3 online. Real 5-Metoximetilona online \u2013 5-Metoximetilona para venda | Compre 5-Metoximetilona online | Comprar p\u00f3 de 5-metoximetilona para venda| Comprar barato 5-Metoximetilona em p\u00f3 | Onde comprar o p\u00f3 de 5-metoximetilona online.","og_url":"https:\/\/medicinasinc.com\/pt\/product\/buy-5-methoxymethylone-powder-online\/","og_site_name":"Medicinas Inc","article_modified_time":"2022-07-05T23:12:33+00:00","og_image":[{"width":600,"height":600,"url":"https:\/\/medicinasinc.com\/pt\/wp-content\/uploads\/sites\/20\/2022\/02\/buy-5-methoxymethylone-powder-online.jpg","type":"image\/jpeg"}],"twitter_card":"summary_large_image","twitter_misc":{"Tempo estimado de leitura":"1 minuto"},"schema":{"@context":"https:\/\/schema.org","@graph":[{"@type":"WebPage","@id":"https:\/\/medicinasinc.com\/pt\/product\/buy-5-methoxymethylone-powder-online\/","url":"https:\/\/medicinasinc.com\/pt\/product\/buy-5-methoxymethylone-powder-online\/","name":"Compre o p\u00f3 de 5-metoximetilona online - Best Best Global Meds","isPartOf":{"@id":"https:\/\/medicinasinc.com\/pt\/#website"},"primaryImageOfPage":{"@id":"https:\/\/medicinasinc.com\/pt\/product\/buy-5-methoxymethylone-powder-online\/#primaryimage"},"image":{"@id":"https:\/\/medicinasinc.com\/pt\/product\/buy-5-methoxymethylone-powder-online\/#primaryimage"},"thumbnailUrl":"https:\/\/medicinasinc.com\/pt\/wp-content\/uploads\/sites\/20\/2022\/02\/buy-5-methoxymethylone-powder-online.jpg","datePublished":"2022-02-21T22:27:36+00:00","dateModified":"2022-07-05T23:12:33+00:00","description":"Compre 5-Metoximetilo One, Compre 5-Metoximetilona em p\u00f3 online. Real 5-Metoximetilona online \u2013 5-Metoximetilona para venda | Compre 5-Metoximetilona online | Comprar p\u00f3 de 5-metoximetilona para venda| Comprar barato 5-Metoximetilona em p\u00f3 | Onde comprar o p\u00f3 de 5-metoximetilona online.","breadcrumb":{"@id":"https:\/\/medicinasinc.com\/pt\/product\/buy-5-methoxymethylone-powder-online\/#breadcrumb"},"inLanguage":"pt-PT","potentialAction":[{"@type":"ReadAction","target":["https:\/\/medicinasinc.com\/pt\/product\/buy-5-methoxymethylone-powder-online\/"]}]},{"@type":"ImageObject","inLanguage":"pt-PT","@id":"https:\/\/medicinasinc.com\/pt\/product\/buy-5-methoxymethylone-powder-online\/#primaryimage","url":"https:\/\/medicinasinc.com\/pt\/wp-content\/uploads\/sites\/20\/2022\/02\/buy-5-methoxymethylone-powder-online.jpg","contentUrl":"https:\/\/medicinasinc.com\/pt\/wp-content\/uploads\/sites\/20\/2022\/02\/buy-5-methoxymethylone-powder-online.jpg","width":600,"height":600},{"@type":"BreadcrumbList","@id":"https:\/\/medicinasinc.com\/pt\/product\/buy-5-methoxymethylone-powder-online\/#breadcrumb","itemListElement":[{"@type":"ListItem","position":1,"name":"Comprar","item":"https:\/\/medicinasinc.com\/pt\/comprar\/"},{"@type":"ListItem","position":2,"name":"Compre o p\u00f3 de 5-metoximetilona online"}]},{"@type":"WebSite","@id":"https:\/\/medicinasinc.com\/pt\/#website","url":"https:\/\/medicinasinc.com\/pt\/","name":"Medicinas Inc","description":"Health Medical Clinic","potentialAction":[{"@type":"SearchAction","target":{"@type":"EntryPoint","urlTemplate":"https:\/\/medicinasinc.com\/pt\/?s={search_term_string}"},"query-input":{"@type":"PropertyValueSpecification","valueRequired":true,"valueName":"search_term_string"}}],"inLanguage":"pt-PT"}]}},"_links":{"self":[{"href":"https:\/\/medicinasinc.com\/pt\/wp-json\/wp\/v2\/product\/5390","targetHints":{"allow":["GET"]}}],"collection":[{"href":"https:\/\/medicinasinc.com\/pt\/wp-json\/wp\/v2\/product"}],"about":[{"href":"https:\/\/medicinasinc.com\/pt\/wp-json\/wp\/v2\/types\/product"}],"replies":[{"embeddable":true,"href":"https:\/\/medicinasinc.com\/pt\/wp-json\/wp\/v2\/comments?post=5390"}],"wp:featuredmedia":[{"embeddable":true,"href":"https:\/\/medicinasinc.com\/pt\/wp-json\/wp\/v2\/media\/5402"}],"wp:attachment":[{"href":"https:\/\/medicinasinc.com\/pt\/wp-json\/wp\/v2\/media?parent=5390"}],"wp:term":[{"taxonomy":"product_brand","embeddable":true,"href":"https:\/\/medicinasinc.com\/pt\/wp-json\/wp\/v2\/product_brand?post=5390"},{"taxonomy":"product_cat","embeddable":true,"href":"https:\/\/medicinasinc.com\/pt\/wp-json\/wp\/v2\/product_cat?post=5390"},{"taxonomy":"product_tag","embeddable":true,"href":"https:\/\/medicinasinc.com\/pt\/wp-json\/wp\/v2\/product_tag?post=5390"}],"curies":[{"name":"wp","href":"https:\/\/api.w.org\/{rel}","templated":true}]}}