{"id":5389,"date":"2022-02-21T22:26:02","date_gmt":"2022-02-21T22:26:02","guid":{"rendered":"https:\/\/medicinasinc.com\/pt\/?post_type=product&#038;p=5389"},"modified":"2022-07-05T23:12:48","modified_gmt":"2022-07-05T23:12:48","slug":"buy-5-mapb-po-cristal","status":"publish","type":"product","link":"https:\/\/medicinasinc.com\/pt\/product\/buy-5-mapb-po-cristal\/","title":{"rendered":"Compre 5-MAPB em p\u00f3 &amp; Cristal"},"content":{"rendered":"<p>Precisa de 5-mapb-crystal e quer compr\u00e1-lo a um pre\u00e7o razo\u00e1vel? Voc\u00ea pode visitar nossa loja online de produtos qu\u00edmicos agora mesmo. Com a ajuda de Bestglobalmed.com, voc\u00ea pode comprar 5-mapb-crystal online a custos acess\u00edveis. Na nossa loja de produtos qu\u00edmicos on-line, somos um conhecido fornecedor e fornecedor que est\u00e1 sempre ao seu servi\u00e7o. Pe\u00e7a\u00a05-mapb-crystal\u00a0hoje!<\/p>\n<p>5-mapb-crystal \u00e9 um tipo de cristal.<\/p>\n<p>Em estrutura e efeitos, 5-MAPB (1-(benzofuran-5-yl )-N-metil propano-2-amina) \u00e9 semelhante ao MDMA, um entatog\u00eanio sint\u00e9tico. 5&#8242;-(2-metil aminopropil)benzofurano \u00e9 um entatog\u00eanio sint\u00e9tico da fam\u00edlia qu\u00edmica benzo-substitu\u00edda (abreviada como 5-MAPB).<\/p>\n<p>Como o 5-mapb-cristal afeta o corpo?<\/p>\n<p>5-mapb-crystal tem um impacto euf\u00f3rico, entatog\u00eanico, estimulante e moderadamente psicod\u00e9lico no corpo humano quando tomado por via oral.<\/p>\n<p>5 MAPB Crystal \u00e9 conhecido como mais?<\/p>\n<p>5 MAPB Crystal tamb\u00e9m \u00e9 conhecido como 5-MAPB.<\/p>\n<p>Como voc\u00ea descreveria 5 MAPB Crystal?<\/p>\n<p>Quimicamente, 5 MAPB Crystal \u00e9 uma mol\u00e9cula de benzofurano (anfetamina). <\/p>\n<p>Como posso obter um cristal de 5 mapb?<\/p>\n<p>Voc\u00ea pode obter cristais de 5 mapb em nosso site oficial e entreg\u00e1-los no endere\u00e7o especificado dentro de um poucos dias. Somente nos Estados Unidos, Reino Unido, Canad\u00e1, Alemanha e Austr\u00e1lia lidamos com 5-mapb-crystal. Conecte-se agora mesmo!<\/p>\n<p>Somos o principal fornecedor e distribuidor de produtos qu\u00edmicos de alta qualidade a um pre\u00e7o razo\u00e1vel. \u00c9 f\u00e1cil para os clientes se sentirem \u00e0 vontade ao trabalhar com nossa equipe de especialistas. Como resultado, eles s\u00e3o capazes de manter um suprimento suficiente e receber entrega pontual para satisfazer suas necessidades. Os clientes nos amam e nos respeitam porque oferecemos produtos de alta qualidade a pre\u00e7os razo\u00e1veis \u200b\u200be excelente atendimento ao cliente. N\u00e3o \u00e9 apenas nosso dever, mas nossa responsabilidade, atender ou superar suas expectativas. Antes de comprar o mdpt, voc\u00ea n\u00e3o precisa consultar um m\u00e9dico.<\/p>\n<p>N\u00f3s vamos acima e acima para garantir que o cliente esteja completamente satisfeito. Visar a reputa\u00e7\u00e3o global de seus produtos e servi\u00e7os significa definir pre\u00e7os de acordo com as normas do setor.<\/p>\n<p>Al\u00e9m disso, oferecemos igual aten\u00e7\u00e3o a todos os seus pedidos, independentemente de qu\u00e3o grandes ou pequenos sejam, e nos esfor\u00e7amos para que seu pedido seja enviado o mais r\u00e1pido poss\u00edvel.<\/p>\n<p>Depois de concluir suas compras, temos certeza de que voc\u00ea n\u00e3o ficar\u00e1 desapontado. A fim de fornecer a voc\u00ea o mais alto n\u00edvel de qualidade poss\u00edvel, usamos apenas materiais que foram adquiridos das melhores fontes poss\u00edveis. Voc\u00ea receber\u00e1 a embalagem do produto em uma embalagem discreta.<\/p>\n<p>Conseguimos estabelecer uma base s\u00f3lida no mercado de pesquisa qu\u00edmica gra\u00e7as \u00e0 nossa riqueza de conhecimentos. Como fornecedor l\u00edder de produtos qu\u00edmicos para pesquisa, acreditamos na constru\u00e7\u00e3o de relacionamentos de longo prazo com nossos clientes com base na confian\u00e7a.<\/p>\n","protected":false},"excerpt":{"rendered":"<p>Voc\u00ea pode comprar 5-MAPB Powder Crystal em medicinasinc.com\/pt a um pre\u00e7o razo\u00e1vel, bem como 5-MAPB Research Chemicals \u00e0 venda. Conhecido quimicamente como 1-(benzofuran-5-il), o 5-MAPB \u00e9 um entact\u00f3geno sint\u00e9tico com efeitos e propriedades muito semelhantes ao MDMA.<\/p>\n<p>5-MAPB Powder &amp; Cristal 1 oz. est\u00e1 dispon\u00edvel para compra. Recomenda-se uma dose de 100-200 miligramas de 5-MAPB, um p\u00f3 semelhante ao MDMA.<\/p>\n<p>Compre Crystal 5-MAPB Se voc\u00ea estiver procurando por 5-mapb-crystal a um bom pre\u00e7o , n\u00e3o procure mais. Ent\u00e3o entre em contato direto com nossa loja de produtos qu\u00edmicos pela internet.<\/p>\n","protected":false},"featured_media":5400,"comment_status":"open","ping_status":"closed","template":"","meta":[],"product_brand":[],"product_cat":[2014],"product_tag":[2569,2573,2570,2571,2574,2576,2577,2580,2581,2582,2583,2586,2587,2589,2588,2575,2578,2590,2595,2592,2593,2591,2594,2572,2579,2584,2585],"class_list":{"0":"post-5389","1":"product","2":"type-product","3":"status-publish","4":"has-post-thumbnail","6":"product_cat-compre-produtos-quimicos-de-pesquisa","7":"product_tag-5-mapb","8":"product_tag-5-mapb-p-austrlia","9":"product_tag-5-mapb--venda","10":"product_tag-5-mapb-para-venda-online","11":"product_tag-5-mapb-powder-canada","12":"product_tag-5-mapb-powder-for-sale","13":"product_tag-5-mapb-powder-review","14":"product_tag-5-mapb-powder-usa","15":"product_tag-5-mapb-powder-vendor","16":"product_tag-5-mapb-reddit","17":"product_tag-5-mapb-research-chemicals","18":"product_tag-buy-5-mapb","19":"product_tag-buy-5-mapb-online","20":"product_tag-buy-5-mapb-research-chemicals","21":"product_tag-buy-5-mapb-powder-online","22":"product_tag-5-mapb-dosagem-de-p","23":"product_tag-5-mapb-p-fornecedor","24":"product_tag-mail-5-mapb","25":"product_tag-onde-comprar-5-mapb","26":"product_tag-order-5-mapb-online","27":"product_tag-ordem-5-mapb-p","28":"product_tag-ordem-5-mapb","29":"product_tag-pure-5-mapb-p","30":"product_tag-5-mapab-p","31":"product_tag-5-mapb-p-uk","32":"product_tag-5-mapb-pesquisa-qumicos-para-venda","33":"product_tag-revisoo-de-5-mapas","35":"first","36":"instock","37":"shipping-taxable","38":"purchasable","39":"product-type-variable","40":"has-default-attributes"},"yoast_head":"<!-- This site is optimized with the Yoast SEO plugin v27.2 - https:\/\/yoast.com\/product\/yoast-seo-wordpress\/ -->\n<title>Compre 5-MAPB Powder &amp; Crystal - Best Best Global Meds<\/title>\n<meta name=\"description\" content=\"Compre 5-MAPB Powder Crystal Online, 5-MAPB Research Chemicals para Venda, Encomende 5-MAPB Crystal nos EUA, Reino Unido a um pre\u00e7o acess\u00edvel em medicinasinc.com\/pt. 5-MAPB (1-(benzofuran-5-il)-N-metilpropan-2-amina) \u00e9 uma droga de designer entatog\u00eanica semelhante ao MDMA em sua estrutura e efeitos\" \/>\n<meta name=\"robots\" content=\"index, follow, max-snippet:-1, max-image-preview:large, max-video-preview:-1\" \/>\n<link rel=\"canonical\" href=\"https:\/\/medicinasinc.com\/pt\/product\/buy-5-mapb-po-cristal\/\" \/>\n<meta property=\"og:locale\" content=\"pt_PT\" \/>\n<meta property=\"og:type\" content=\"article\" \/>\n<meta property=\"og:title\" content=\"Compre 5-MAPB Powder &amp; Crystal - Best Best Global Meds\" \/>\n<meta property=\"og:description\" content=\"Compre 5-MAPB Powder Crystal Online, 5-MAPB Research Chemicals para Venda, Encomende 5-MAPB Crystal nos EUA, Reino Unido a um pre\u00e7o acess\u00edvel em medicinasinc.com\/pt. 5-MAPB (1-(benzofuran-5-il)-N-metilpropan-2-amina) \u00e9 uma droga de designer entatog\u00eanica semelhante ao MDMA em sua estrutura e efeitos\" \/>\n<meta property=\"og:url\" content=\"https:\/\/medicinasinc.com\/pt\/product\/buy-5-mapb-po-cristal\/\" \/>\n<meta property=\"og:site_name\" content=\"Medicinas Inc\" \/>\n<meta property=\"article:modified_time\" content=\"2022-07-05T23:12:48+00:00\" \/>\n<meta property=\"og:image\" content=\"https:\/\/medicinasinc.com\/pt\/wp-content\/uploads\/sites\/20\/2022\/02\/Buy-5-MAPB-Powder-Crystal.jpg\" \/>\n\t<meta property=\"og:image:width\" content=\"600\" \/>\n\t<meta property=\"og:image:height\" content=\"488\" \/>\n\t<meta property=\"og:image:type\" content=\"image\/jpeg\" \/>\n<meta name=\"twitter:card\" content=\"summary_large_image\" \/>\n<meta name=\"twitter:label1\" content=\"Tempo estimado de leitura\" \/>\n\t<meta name=\"twitter:data1\" content=\"2 minutos\" \/>\n<script type=\"application\/ld+json\" class=\"yoast-schema-graph\">{\"@context\":\"https:\/\/schema.org\",\"@graph\":[{\"@type\":\"WebPage\",\"@id\":\"https:\/\/medicinasinc.com\/pt\/product\/buy-5-mapb-po-cristal\/\",\"url\":\"https:\/\/medicinasinc.com\/pt\/product\/buy-5-mapb-po-cristal\/\",\"name\":\"Compre 5-MAPB Powder & Crystal - Best Best Global Meds\",\"isPartOf\":{\"@id\":\"https:\/\/medicinasinc.com\/pt\/#website\"},\"primaryImageOfPage\":{\"@id\":\"https:\/\/medicinasinc.com\/pt\/product\/buy-5-mapb-po-cristal\/#primaryimage\"},\"image\":{\"@id\":\"https:\/\/medicinasinc.com\/pt\/product\/buy-5-mapb-po-cristal\/#primaryimage\"},\"thumbnailUrl\":\"https:\/\/medicinasinc.com\/pt\/wp-content\/uploads\/sites\/20\/2022\/02\/Buy-5-MAPB-Powder-Crystal.jpg\",\"datePublished\":\"2022-02-21T22:26:02+00:00\",\"dateModified\":\"2022-07-05T23:12:48+00:00\",\"description\":\"Compre 5-MAPB Powder Crystal Online, 5-MAPB Research Chemicals para Venda, Encomende 5-MAPB Crystal nos EUA, Reino Unido a um pre\u00e7o acess\u00edvel em medicinasinc.com\/pt. 5-MAPB (1-(benzofuran-5-il)-N-metilpropan-2-amina) \u00e9 uma droga de designer entatog\u00eanica semelhante ao MDMA em sua estrutura e efeitos\",\"breadcrumb\":{\"@id\":\"https:\/\/medicinasinc.com\/pt\/product\/buy-5-mapb-po-cristal\/#breadcrumb\"},\"inLanguage\":\"pt-PT\",\"potentialAction\":[{\"@type\":\"ReadAction\",\"target\":[\"https:\/\/medicinasinc.com\/pt\/product\/buy-5-mapb-po-cristal\/\"]}]},{\"@type\":\"ImageObject\",\"inLanguage\":\"pt-PT\",\"@id\":\"https:\/\/medicinasinc.com\/pt\/product\/buy-5-mapb-po-cristal\/#primaryimage\",\"url\":\"https:\/\/medicinasinc.com\/pt\/wp-content\/uploads\/sites\/20\/2022\/02\/Buy-5-MAPB-Powder-Crystal.jpg\",\"contentUrl\":\"https:\/\/medicinasinc.com\/pt\/wp-content\/uploads\/sites\/20\/2022\/02\/Buy-5-MAPB-Powder-Crystal.jpg\",\"width\":600,\"height\":488},{\"@type\":\"BreadcrumbList\",\"@id\":\"https:\/\/medicinasinc.com\/pt\/product\/buy-5-mapb-po-cristal\/#breadcrumb\",\"itemListElement\":[{\"@type\":\"ListItem\",\"position\":1,\"name\":\"Comprar\",\"item\":\"https:\/\/medicinasinc.com\/pt\/comprar\/\"},{\"@type\":\"ListItem\",\"position\":2,\"name\":\"Compre 5-MAPB em p\u00f3 &amp; Cristal\"}]},{\"@type\":\"WebSite\",\"@id\":\"https:\/\/medicinasinc.com\/pt\/#website\",\"url\":\"https:\/\/medicinasinc.com\/pt\/\",\"name\":\"Medicinas Inc\",\"description\":\"Health Medical Clinic\",\"potentialAction\":[{\"@type\":\"SearchAction\",\"target\":{\"@type\":\"EntryPoint\",\"urlTemplate\":\"https:\/\/medicinasinc.com\/pt\/?s={search_term_string}\"},\"query-input\":{\"@type\":\"PropertyValueSpecification\",\"valueRequired\":true,\"valueName\":\"search_term_string\"}}],\"inLanguage\":\"pt-PT\"}]}<\/script>\n<!-- \/ Yoast SEO plugin. -->","yoast_head_json":{"title":"Compre 5-MAPB Powder & Crystal - Best Best Global Meds","description":"Compre 5-MAPB Powder Crystal Online, 5-MAPB Research Chemicals para Venda, Encomende 5-MAPB Crystal nos EUA, Reino Unido a um pre\u00e7o acess\u00edvel em medicinasinc.com\/pt. 5-MAPB (1-(benzofuran-5-il)-N-metilpropan-2-amina) \u00e9 uma droga de designer entatog\u00eanica semelhante ao MDMA em sua estrutura e efeitos","robots":{"index":"index","follow":"follow","max-snippet":"max-snippet:-1","max-image-preview":"max-image-preview:large","max-video-preview":"max-video-preview:-1"},"canonical":"https:\/\/medicinasinc.com\/pt\/product\/buy-5-mapb-po-cristal\/","og_locale":"pt_PT","og_type":"article","og_title":"Compre 5-MAPB Powder & Crystal - Best Best Global Meds","og_description":"Compre 5-MAPB Powder Crystal Online, 5-MAPB Research Chemicals para Venda, Encomende 5-MAPB Crystal nos EUA, Reino Unido a um pre\u00e7o acess\u00edvel em medicinasinc.com\/pt. 5-MAPB (1-(benzofuran-5-il)-N-metilpropan-2-amina) \u00e9 uma droga de designer entatog\u00eanica semelhante ao MDMA em sua estrutura e efeitos","og_url":"https:\/\/medicinasinc.com\/pt\/product\/buy-5-mapb-po-cristal\/","og_site_name":"Medicinas Inc","article_modified_time":"2022-07-05T23:12:48+00:00","og_image":[{"width":600,"height":488,"url":"https:\/\/medicinasinc.com\/pt\/wp-content\/uploads\/sites\/20\/2022\/02\/Buy-5-MAPB-Powder-Crystal.jpg","type":"image\/jpeg"}],"twitter_card":"summary_large_image","twitter_misc":{"Tempo estimado de leitura":"2 minutos"},"schema":{"@context":"https:\/\/schema.org","@graph":[{"@type":"WebPage","@id":"https:\/\/medicinasinc.com\/pt\/product\/buy-5-mapb-po-cristal\/","url":"https:\/\/medicinasinc.com\/pt\/product\/buy-5-mapb-po-cristal\/","name":"Compre 5-MAPB Powder & Crystal - Best Best Global Meds","isPartOf":{"@id":"https:\/\/medicinasinc.com\/pt\/#website"},"primaryImageOfPage":{"@id":"https:\/\/medicinasinc.com\/pt\/product\/buy-5-mapb-po-cristal\/#primaryimage"},"image":{"@id":"https:\/\/medicinasinc.com\/pt\/product\/buy-5-mapb-po-cristal\/#primaryimage"},"thumbnailUrl":"https:\/\/medicinasinc.com\/pt\/wp-content\/uploads\/sites\/20\/2022\/02\/Buy-5-MAPB-Powder-Crystal.jpg","datePublished":"2022-02-21T22:26:02+00:00","dateModified":"2022-07-05T23:12:48+00:00","description":"Compre 5-MAPB Powder Crystal Online, 5-MAPB Research Chemicals para Venda, Encomende 5-MAPB Crystal nos EUA, Reino Unido a um pre\u00e7o acess\u00edvel em medicinasinc.com\/pt. 5-MAPB (1-(benzofuran-5-il)-N-metilpropan-2-amina) \u00e9 uma droga de designer entatog\u00eanica semelhante ao MDMA em sua estrutura e efeitos","breadcrumb":{"@id":"https:\/\/medicinasinc.com\/pt\/product\/buy-5-mapb-po-cristal\/#breadcrumb"},"inLanguage":"pt-PT","potentialAction":[{"@type":"ReadAction","target":["https:\/\/medicinasinc.com\/pt\/product\/buy-5-mapb-po-cristal\/"]}]},{"@type":"ImageObject","inLanguage":"pt-PT","@id":"https:\/\/medicinasinc.com\/pt\/product\/buy-5-mapb-po-cristal\/#primaryimage","url":"https:\/\/medicinasinc.com\/pt\/wp-content\/uploads\/sites\/20\/2022\/02\/Buy-5-MAPB-Powder-Crystal.jpg","contentUrl":"https:\/\/medicinasinc.com\/pt\/wp-content\/uploads\/sites\/20\/2022\/02\/Buy-5-MAPB-Powder-Crystal.jpg","width":600,"height":488},{"@type":"BreadcrumbList","@id":"https:\/\/medicinasinc.com\/pt\/product\/buy-5-mapb-po-cristal\/#breadcrumb","itemListElement":[{"@type":"ListItem","position":1,"name":"Comprar","item":"https:\/\/medicinasinc.com\/pt\/comprar\/"},{"@type":"ListItem","position":2,"name":"Compre 5-MAPB em p\u00f3 &amp; Cristal"}]},{"@type":"WebSite","@id":"https:\/\/medicinasinc.com\/pt\/#website","url":"https:\/\/medicinasinc.com\/pt\/","name":"Medicinas Inc","description":"Health Medical Clinic","potentialAction":[{"@type":"SearchAction","target":{"@type":"EntryPoint","urlTemplate":"https:\/\/medicinasinc.com\/pt\/?s={search_term_string}"},"query-input":{"@type":"PropertyValueSpecification","valueRequired":true,"valueName":"search_term_string"}}],"inLanguage":"pt-PT"}]}},"_links":{"self":[{"href":"https:\/\/medicinasinc.com\/pt\/wp-json\/wp\/v2\/product\/5389","targetHints":{"allow":["GET"]}}],"collection":[{"href":"https:\/\/medicinasinc.com\/pt\/wp-json\/wp\/v2\/product"}],"about":[{"href":"https:\/\/medicinasinc.com\/pt\/wp-json\/wp\/v2\/types\/product"}],"replies":[{"embeddable":true,"href":"https:\/\/medicinasinc.com\/pt\/wp-json\/wp\/v2\/comments?post=5389"}],"wp:featuredmedia":[{"embeddable":true,"href":"https:\/\/medicinasinc.com\/pt\/wp-json\/wp\/v2\/media\/5400"}],"wp:attachment":[{"href":"https:\/\/medicinasinc.com\/pt\/wp-json\/wp\/v2\/media?parent=5389"}],"wp:term":[{"taxonomy":"product_brand","embeddable":true,"href":"https:\/\/medicinasinc.com\/pt\/wp-json\/wp\/v2\/product_brand?post=5389"},{"taxonomy":"product_cat","embeddable":true,"href":"https:\/\/medicinasinc.com\/pt\/wp-json\/wp\/v2\/product_cat?post=5389"},{"taxonomy":"product_tag","embeddable":true,"href":"https:\/\/medicinasinc.com\/pt\/wp-json\/wp\/v2\/product_tag?post=5389"}],"curies":[{"name":"wp","href":"https:\/\/api.w.org\/{rel}","templated":true}]}}