{"id":5387,"date":"2022-02-21T22:22:34","date_gmt":"2022-02-21T22:22:34","guid":{"rendered":"https:\/\/medicinasinc.com\/pt\/?post_type=product&#038;p=5387"},"modified":"2022-07-05T23:13:23","modified_gmt":"2022-07-05T23:13:23","slug":"buy-4-fa-po","status":"publish","type":"product","link":"https:\/\/medicinasinc.com\/pt\/product\/buy-4-fa-po\/","title":{"rendered":"Compre 4-FA em p\u00f3"},"content":{"rendered":"<p>Compre 4-FA em p\u00f3.<\/p>\n<p>Compre barato 4-FA em p\u00f3 1 oz Pure Online.<\/p>\n<p>4-FA (4-fluoranfetamina) \u00e9 um medicamento semelhante \u00e0 anfetamina que tem s\u00f3 recentemente apareceu no mercado holand\u00eas. De 2007 a 2009, foi comercializado principalmente como velocidade ou MDMA. Isso porque havia escassez de mat\u00e9ria-prima para esses especialistas na \u00e9poca, ent\u00e3o o 4-FA foi usado como especialista em corte. De qualquer forma, desde 2010, os vendedores t\u00eam vendido cada vez mais o 4-FA como 4-FA, o que implica que os compradores o consideram um &#8220;medicamento para tomada de decis\u00f5es&#8221;.<\/p>\n<p>4-FA tamb\u00e9m \u00e9 conhecido como 4-FMP , 4-Fluor, 4-Flava, 4-F e Flux. \u00c9 uma subst\u00e2ncia classificada como nova subst\u00e2ncia psicoativa (NPS). S\u00e3o subst\u00e2ncias recentemente disponibilizadas e desenvolvidas como alternativa \u00e0s subst\u00e2ncias il\u00edcitas tradicionais. O NPS tamb\u00e9m \u00e9 conhecido como pesquisa sint\u00e9tica ou drogas origin\u00e1rias. Ao fazer pequenas altera\u00e7\u00f5es em uma estrutura composta atual, o nome da subst\u00e2ncia muda e, como resultado, n\u00e3o \u00e9 mais coberto pela Lei do \u00d3pio e, portanto, ilegal. Isso torna mais dif\u00edcil impedir a cria\u00e7\u00e3o, transa\u00e7\u00f5es e propriedade.<\/p>\n<p>4-FA \u00e9 mais comumente encontrado em p\u00f3 ou p\u00edlula. 4-FA \u00e9 tomado por via oral em forma de p\u00edlula. Os clientes colocam o p\u00f3 em uma caixa ou papel m\u00f3vel (bomba) ou, em alguns casos, o dissolvem em uma bebida. N\u00e3o h\u00e1 diferen\u00e7a fundamental entre p\u00edlulas de 4-FA, p\u00f3s de 4-FA e estojos de 4-FA.<\/p>\n<p>Os recipientes s\u00e3o feitos de uma subst\u00e2ncia opaca ou doce e podem ser simples ou ter uma variedade de tons. Uma caixa pode ser preenchida com uma grande variedade de subst\u00e2ncias. 4-FA, bem como v\u00e1rias outras subst\u00e2ncias, por exemplo, anfetamina (velocidade), MDMA, cafe\u00edna ou nada. Alguns itens da loja inteligente tamb\u00e9m est\u00e3o em casos. Os estojos geralmente est\u00e3o em um saco, e o pacote indica o que est\u00e1 dentro. Se os clientes encherem seus pr\u00f3prios recipientes, eles podem usar uma escala de mg para determinar uma por\u00e7\u00e3o exata. 4-fa \u00e0 venda, onde comprar 4fa, comprar 4-fa, 4-fa \u00e0 venda, 4-fa \u00e0 venda, 4-fa comprar, comprar 4fa, 4-fa comprar, 4-fa \u00e0 venda, 4-fa \u00e0 venda, 4 -fa para venda, 4-fa para venda, 4-fa para venda, 4-fa para venda, 4-fa para venda, 4-fa para venda, 4-fa para venda, 4-fa para venda<\/p>\n<p>O que algu\u00e9m sente depois de tomar 4-FA \u00e9 determinado pelas medi\u00e7\u00f5es. Para saber mais, o 4-FA pode ser testado em uma administra\u00e7\u00e3o de teste (consulte o menu). Os efeitos da ingest\u00e3o de 4-FA levam entre 20 e uma hora para se manifestar. O 4-FA \u00e9 conclu\u00eddo em 4 a 8 horas, embora alguns clientes relatem que os resultados finais podem durar at\u00e9 12 horas.<\/p>\n<p>feroz, claro, adequado e cauteloso<\/p>\n<p>A forte senso de pertencimento<\/p>\n<p>O toque e a m\u00fasica proporcionam uma experi\u00eancia sensorial extrema.<\/p>\n<p>Contato, conversa e proximidade s\u00e3o essenciais.<\/p>\n","protected":false},"excerpt":{"rendered":"<p>Compre 4-FA em p\u00f3 1 oz puro barato online. P\u00f3 de 4-FA Semelhante a MDMA &amp; Metanfetamina oral<br \/> Dose recomendada: 200mg.<\/p>\n<p>Na nossa loja, voc\u00ea pode comprar 4-FMA puro. Da mesma forma que o p\u00f3 \u00e9 feito, o 4-FMA, tamb\u00e9m conhecido como 4-Fluorometanfetamina, tamb\u00e9m \u00e9 uma subst\u00e2ncia psicoativa.<\/p>\n<p>O p\u00f3 de 4-FA tamb\u00e9m \u00e9 conhecido como para-fluoroanfetamina ou 4-Fluoroanfetamina, mas Estes n\u00e3o s\u00e3o a mesma coisa. As pessoas que estudam medicamentos dizem que este \u00e9 muito bom.<\/p>\n","protected":false},"featured_media":5396,"comment_status":"open","ping_status":"closed","template":"","meta":[],"product_brand":[],"product_cat":[2014],"product_tag":[2502,2504,2506,2505,2507,2508,2503],"class_list":{"0":"post-5387","1":"product","2":"type-product","3":"status-publish","4":"has-post-thumbnail","6":"product_cat-compre-produtos-quimicos-de-pesquisa","7":"product_tag-2-fluoroanfetamina","8":"product_tag-4-fa-pesquisa-qumica","9":"product_tag-4-fluoroamphetamine-synthesis","10":"product_tag-4-fluoroanfetamina-status-legal","11":"product_tag--4-fa-legal-nos-nos-2020","12":"product_tag--4-fma-legal","13":"product_tag-4-fa-efeitos","15":"first","16":"instock","17":"shipping-taxable","18":"purchasable","19":"product-type-variable","20":"has-default-attributes"},"yoast_head":"<!-- This site is optimized with the Yoast SEO plugin v27.3 - https:\/\/yoast.com\/product\/yoast-seo-wordpress\/ -->\n<title>Compre 4-FA Powder - 4-Fluoroanphetamine - Best Best Global Meds<\/title>\n<meta name=\"description\" content=\"Compre 4-FA P\u00f3 4-Fluoroanfetamina para venda mais barato online puro. P\u00f3 de 4-FA Semelhante a MDMA &amp; Metanfetamina oral\" \/>\n<meta name=\"robots\" content=\"index, follow, max-snippet:-1, max-image-preview:large, max-video-preview:-1\" \/>\n<link rel=\"canonical\" href=\"https:\/\/medicinasinc.com\/pt\/product\/buy-4-fa-po\/\" \/>\n<meta property=\"og:locale\" content=\"pt_PT\" \/>\n<meta property=\"og:type\" content=\"article\" \/>\n<meta property=\"og:title\" content=\"Compre 4-FA Powder - 4-Fluoroanphetamine - Best Best Global Meds\" \/>\n<meta property=\"og:description\" content=\"Compre 4-FA P\u00f3 4-Fluoroanfetamina para venda mais barato online puro. P\u00f3 de 4-FA Semelhante a MDMA &amp; Metanfetamina oral\" \/>\n<meta property=\"og:url\" content=\"https:\/\/medicinasinc.com\/pt\/product\/buy-4-fa-po\/\" \/>\n<meta property=\"og:site_name\" content=\"Medicinas Inc\" \/>\n<meta property=\"article:modified_time\" content=\"2022-07-05T23:13:23+00:00\" \/>\n<meta property=\"og:image\" content=\"https:\/\/medicinasinc.com\/pt\/wp-content\/uploads\/sites\/20\/2022\/02\/Buy-4-FA-Powder.jpeg\" \/>\n\t<meta property=\"og:image:width\" content=\"510\" \/>\n\t<meta property=\"og:image:height\" content=\"365\" \/>\n\t<meta property=\"og:image:type\" content=\"image\/jpeg\" \/>\n<meta name=\"twitter:card\" content=\"summary_large_image\" \/>\n<meta name=\"twitter:label1\" content=\"Tempo estimado de leitura\" \/>\n\t<meta name=\"twitter:data1\" content=\"2 minutos\" \/>\n<script type=\"application\/ld+json\" class=\"yoast-schema-graph\">{\"@context\":\"https:\\\/\\\/schema.org\",\"@graph\":[{\"@type\":\"WebPage\",\"@id\":\"https:\\\/\\\/medicinasinc.com\\\/pt\\\/product\\\/buy-4-fa-po\\\/\",\"url\":\"https:\\\/\\\/medicinasinc.com\\\/pt\\\/product\\\/buy-4-fa-po\\\/\",\"name\":\"Compre 4-FA Powder - 4-Fluoroanphetamine - Best Best Global Meds\",\"isPartOf\":{\"@id\":\"https:\\\/\\\/medicinasinc.com\\\/pt\\\/#website\"},\"primaryImageOfPage\":{\"@id\":\"https:\\\/\\\/medicinasinc.com\\\/pt\\\/product\\\/buy-4-fa-po\\\/#primaryimage\"},\"image\":{\"@id\":\"https:\\\/\\\/medicinasinc.com\\\/pt\\\/product\\\/buy-4-fa-po\\\/#primaryimage\"},\"thumbnailUrl\":\"https:\\\/\\\/medicinasinc.com\\\/pt\\\/wp-content\\\/uploads\\\/sites\\\/20\\\/2022\\\/02\\\/Buy-4-FA-Powder.jpeg\",\"datePublished\":\"2022-02-21T22:22:34+00:00\",\"dateModified\":\"2022-07-05T23:13:23+00:00\",\"description\":\"Compre 4-FA P\u00f3 4-Fluoroanfetamina para venda mais barato online puro. P\u00f3 de 4-FA Semelhante a MDMA &amp; Metanfetamina oral\",\"breadcrumb\":{\"@id\":\"https:\\\/\\\/medicinasinc.com\\\/pt\\\/product\\\/buy-4-fa-po\\\/#breadcrumb\"},\"inLanguage\":\"pt-PT\",\"potentialAction\":[{\"@type\":\"ReadAction\",\"target\":[\"https:\\\/\\\/medicinasinc.com\\\/pt\\\/product\\\/buy-4-fa-po\\\/\"]}]},{\"@type\":\"ImageObject\",\"inLanguage\":\"pt-PT\",\"@id\":\"https:\\\/\\\/medicinasinc.com\\\/pt\\\/product\\\/buy-4-fa-po\\\/#primaryimage\",\"url\":\"https:\\\/\\\/medicinasinc.com\\\/pt\\\/wp-content\\\/uploads\\\/sites\\\/20\\\/2022\\\/02\\\/Buy-4-FA-Powder.jpeg\",\"contentUrl\":\"https:\\\/\\\/medicinasinc.com\\\/pt\\\/wp-content\\\/uploads\\\/sites\\\/20\\\/2022\\\/02\\\/Buy-4-FA-Powder.jpeg\",\"width\":510,\"height\":365},{\"@type\":\"BreadcrumbList\",\"@id\":\"https:\\\/\\\/medicinasinc.com\\\/pt\\\/product\\\/buy-4-fa-po\\\/#breadcrumb\",\"itemListElement\":[{\"@type\":\"ListItem\",\"position\":1,\"name\":\"Comprar\",\"item\":\"https:\\\/\\\/medicinasinc.com\\\/pt\\\/comprar\\\/\"},{\"@type\":\"ListItem\",\"position\":2,\"name\":\"Compre 4-FA em p\u00f3\"}]},{\"@type\":\"WebSite\",\"@id\":\"https:\\\/\\\/medicinasinc.com\\\/pt\\\/#website\",\"url\":\"https:\\\/\\\/medicinasinc.com\\\/pt\\\/\",\"name\":\"Medicinas Inc\",\"description\":\"Health Medical Clinic\",\"potentialAction\":[{\"@type\":\"SearchAction\",\"target\":{\"@type\":\"EntryPoint\",\"urlTemplate\":\"https:\\\/\\\/medicinasinc.com\\\/pt\\\/?s={search_term_string}\"},\"query-input\":{\"@type\":\"PropertyValueSpecification\",\"valueRequired\":true,\"valueName\":\"search_term_string\"}}],\"inLanguage\":\"pt-PT\"}]}<\/script>\n<!-- \/ Yoast SEO plugin. -->","yoast_head_json":{"title":"Compre 4-FA Powder - 4-Fluoroanphetamine - Best Best Global Meds","description":"Compre 4-FA P\u00f3 4-Fluoroanfetamina para venda mais barato online puro. P\u00f3 de 4-FA Semelhante a MDMA &amp; Metanfetamina oral","robots":{"index":"index","follow":"follow","max-snippet":"max-snippet:-1","max-image-preview":"max-image-preview:large","max-video-preview":"max-video-preview:-1"},"canonical":"https:\/\/medicinasinc.com\/pt\/product\/buy-4-fa-po\/","og_locale":"pt_PT","og_type":"article","og_title":"Compre 4-FA Powder - 4-Fluoroanphetamine - Best Best Global Meds","og_description":"Compre 4-FA P\u00f3 4-Fluoroanfetamina para venda mais barato online puro. P\u00f3 de 4-FA Semelhante a MDMA &amp; Metanfetamina oral","og_url":"https:\/\/medicinasinc.com\/pt\/product\/buy-4-fa-po\/","og_site_name":"Medicinas Inc","article_modified_time":"2022-07-05T23:13:23+00:00","og_image":[{"width":510,"height":365,"url":"https:\/\/medicinasinc.com\/pt\/wp-content\/uploads\/sites\/20\/2022\/02\/Buy-4-FA-Powder.jpeg","type":"image\/jpeg"}],"twitter_card":"summary_large_image","twitter_misc":{"Tempo estimado de leitura":"2 minutos"},"schema":{"@context":"https:\/\/schema.org","@graph":[{"@type":"WebPage","@id":"https:\/\/medicinasinc.com\/pt\/product\/buy-4-fa-po\/","url":"https:\/\/medicinasinc.com\/pt\/product\/buy-4-fa-po\/","name":"Compre 4-FA Powder - 4-Fluoroanphetamine - Best Best Global Meds","isPartOf":{"@id":"https:\/\/medicinasinc.com\/pt\/#website"},"primaryImageOfPage":{"@id":"https:\/\/medicinasinc.com\/pt\/product\/buy-4-fa-po\/#primaryimage"},"image":{"@id":"https:\/\/medicinasinc.com\/pt\/product\/buy-4-fa-po\/#primaryimage"},"thumbnailUrl":"https:\/\/medicinasinc.com\/pt\/wp-content\/uploads\/sites\/20\/2022\/02\/Buy-4-FA-Powder.jpeg","datePublished":"2022-02-21T22:22:34+00:00","dateModified":"2022-07-05T23:13:23+00:00","description":"Compre 4-FA P\u00f3 4-Fluoroanfetamina para venda mais barato online puro. P\u00f3 de 4-FA Semelhante a MDMA &amp; Metanfetamina oral","breadcrumb":{"@id":"https:\/\/medicinasinc.com\/pt\/product\/buy-4-fa-po\/#breadcrumb"},"inLanguage":"pt-PT","potentialAction":[{"@type":"ReadAction","target":["https:\/\/medicinasinc.com\/pt\/product\/buy-4-fa-po\/"]}]},{"@type":"ImageObject","inLanguage":"pt-PT","@id":"https:\/\/medicinasinc.com\/pt\/product\/buy-4-fa-po\/#primaryimage","url":"https:\/\/medicinasinc.com\/pt\/wp-content\/uploads\/sites\/20\/2022\/02\/Buy-4-FA-Powder.jpeg","contentUrl":"https:\/\/medicinasinc.com\/pt\/wp-content\/uploads\/sites\/20\/2022\/02\/Buy-4-FA-Powder.jpeg","width":510,"height":365},{"@type":"BreadcrumbList","@id":"https:\/\/medicinasinc.com\/pt\/product\/buy-4-fa-po\/#breadcrumb","itemListElement":[{"@type":"ListItem","position":1,"name":"Comprar","item":"https:\/\/medicinasinc.com\/pt\/comprar\/"},{"@type":"ListItem","position":2,"name":"Compre 4-FA em p\u00f3"}]},{"@type":"WebSite","@id":"https:\/\/medicinasinc.com\/pt\/#website","url":"https:\/\/medicinasinc.com\/pt\/","name":"Medicinas Inc","description":"Health Medical Clinic","potentialAction":[{"@type":"SearchAction","target":{"@type":"EntryPoint","urlTemplate":"https:\/\/medicinasinc.com\/pt\/?s={search_term_string}"},"query-input":{"@type":"PropertyValueSpecification","valueRequired":true,"valueName":"search_term_string"}}],"inLanguage":"pt-PT"}]}},"_links":{"self":[{"href":"https:\/\/medicinasinc.com\/pt\/wp-json\/wp\/v2\/product\/5387","targetHints":{"allow":["GET"]}}],"collection":[{"href":"https:\/\/medicinasinc.com\/pt\/wp-json\/wp\/v2\/product"}],"about":[{"href":"https:\/\/medicinasinc.com\/pt\/wp-json\/wp\/v2\/types\/product"}],"replies":[{"embeddable":true,"href":"https:\/\/medicinasinc.com\/pt\/wp-json\/wp\/v2\/comments?post=5387"}],"wp:featuredmedia":[{"embeddable":true,"href":"https:\/\/medicinasinc.com\/pt\/wp-json\/wp\/v2\/media\/5396"}],"wp:attachment":[{"href":"https:\/\/medicinasinc.com\/pt\/wp-json\/wp\/v2\/media?parent=5387"}],"wp:term":[{"taxonomy":"product_brand","embeddable":true,"href":"https:\/\/medicinasinc.com\/pt\/wp-json\/wp\/v2\/product_brand?post=5387"},{"taxonomy":"product_cat","embeddable":true,"href":"https:\/\/medicinasinc.com\/pt\/wp-json\/wp\/v2\/product_cat?post=5387"},{"taxonomy":"product_tag","embeddable":true,"href":"https:\/\/medicinasinc.com\/pt\/wp-json\/wp\/v2\/product_tag?post=5387"}],"curies":[{"name":"wp","href":"https:\/\/api.w.org\/{rel}","templated":true}]}}