{"id":5368,"date":"2022-02-21T21:54:21","date_gmt":"2022-02-21T21:54:21","guid":{"rendered":"https:\/\/medicinasinc.com\/pt\/?post_type=product&#038;p=5368"},"modified":"2022-07-05T23:13:36","modified_gmt":"2022-07-05T23:13:36","slug":"buy-4-emc-4-etilmetcatinona","status":"publish","type":"product","link":"https:\/\/medicinasinc.com\/pt\/product\/buy-4-emc-4-etilmetcatinona\/","title":{"rendered":"Compre 4-EMC 4-Etilmetcatinona"},"content":{"rendered":"<h1 class=\"product_title entry-title\">Compre 4-EMC 4-Ethylmethcathinone Powder Online<\/h1>\n<p><strong>4-EMC est\u00e1 dispon\u00edvel para compra online.<\/strong><\/p>\n<p> 2-metilaminopropan-1-ona, monocloridrato \u00e9 o nome completo da IUPAC para 4-EMC, que pertence \u00e0 classe de compostos de pesquisa conhecidos como estimulantes do sistema nervoso central. 4-EMC tamb\u00e9m \u00e9 conhecido como 4-etilfenol.<\/p>\n<p>Um entact\u00f3geno e um estimulante, 4-Etilmetcatinona (4-EMC) \u00e9 uma droga recreativa. \u00e9 um is\u00f3mero estrutural de 4-MEC<\/p>\n<p>C12H17NO \u00e9 a f\u00f3rmula molecular de 4-EMC, que pertence \u00e0s fam\u00edlias qu\u00edmicas das fenetilaminas e das anfetaminas. S\u00e3o 191.270 g\/m\u00eas na receita. Onde comprar 4-EMC<\/p>\n<p>Estamos apresentando um novo produto de catinona que pode ser usado para estudos cient\u00edficos sofisticados devido \u00e0 alta demanda do mercado. A 4-etilmetcatinona \u00e9 uma vers\u00e3o isom\u00e9rica da mefedrona, atualmente proibida, e todos os compostos mencionados t\u00eam efeitos estimulantes e entact\u00f3genos.<\/p>\n<p>A dopamina e a serotonina s\u00e3o os alvos prim\u00e1rios mais prov\u00e1veis \u200b\u200bdo 4-EMC, que \u00e9 t\u00edpico desta classe qu\u00edmica e considerado como impeditivo da recapta\u00e7\u00e3o na fenda sin\u00e1ptica de importantes neurotransmissores.<\/p>\n<p>P\u00f3 cristalino, a subst\u00e2ncia pode ser facilmente fabricada para testes sem o risco de introduzir impurezas em condi\u00e7\u00f5es normais. O 4-EMC sol\u00favel em \u00e1gua deve ser armazenado em um ambiente seco e herm\u00e9tico.<\/p>\n<p>Os pesquisadores t\u00eam uma oportunidade \u00fanica de mapear o perfil da subst\u00e2ncia do zero porque ela n\u00e3o foi examinada minuciosamente no passado e a maior parte do que sabemos sobre isso vem atrav\u00e9s de paralelos com subst\u00e2ncias semelhantes. Ao realizar experimentos, \u00e9 importante ter em mente a novidade do produto qu\u00edmico e dar espa\u00e7o para erros. Afilia\u00e7\u00e3o com 4-EMC<\/p>\n","protected":false},"excerpt":{"rendered":"<p>Onde comprar 4-EMC 4-Etilmetcatinona em p\u00f3? Um estimulante e um entact\u00f3geno, cai na \u00faltima categoria. Is\u00f4meros estruturais de 4-MEC podem ser encontrados aqui.<\/p>\n<p>4-EMC P\u00f3 de cristal de 4-etilmetcatinona \u00e0 venda na Europa, UE e Reino Unido. Um estimulante e um entact\u00f3geno, cai na \u00faltima categoria. 4-MEC \u00e9 um is\u00f4mero estrutural deste composto.<\/p>\n<p>A fam\u00edlia das catinonas inclui 4-EMC (tamb\u00e9m conhecido como 4-Etilmetcatinona), uma nova mol\u00e9cula de pesquisa. Entre os pesquisadores qu\u00edmicos, o 4-EMC \u00e9 a escolha preferida por causa de suas propriedades estimulantes e entatog\u00eanicas.<\/p>\n<h1>Compre 4-EMC online<\/h1>\n<p>quando voc\u00ea compra 4-EMC online, o desejo \u00e9 uma qualidade Drug Online \u00e9 produtos qu\u00edmicos de pesquisa de alta qualidade. Voc\u00ea pode comprar 4-EMC para venda on-line a pre\u00e7o de atacado do fornecedor de confian\u00e7a Top markchemical.com Envio seguro 4-EMC para EUA, Holanda, Irlanda, UE, Reino Unido e outros pa\u00edses. <a href=\"https:\/\/www.bestglobalmeds.com\/product\/research-chemicals\/4-emc\/\">Compre 4-EMC Online<\/a><\/p>\n<p>Cas No: 1225622-14- 9<br \/> F\u00f3rmula: C12H17NO<br \/> IUPAC: 1-(4-etilfenil)-2-(metilamino)propan-1-ona<br \/> Apar\u00eancia: Cristais brancos\/amarelados<br \/> Pureza:<\/p>\n","protected":false},"featured_media":5380,"comment_status":"open","ping_status":"closed","template":"","meta":[],"product_brand":[],"product_cat":[2014],"product_tag":[2485,2487,2489,2490,2491,2495,2496,2488,2492,2494,2493,2497,2498,2486,2499,2500,2501],"class_list":{"0":"post-5368","1":"product","2":"type-product","3":"status-publish","4":"has-post-thumbnail","6":"product_cat-compre-produtos-quimicos-de-pesquisa","7":"product_tag-4-mec-para-venda","8":"product_tag-4-mecsupplier-online","9":"product_tag-buy-4-mec-crystal-online","10":"product_tag-buy-4-mec-crystals-with-worldwide-shipping","11":"product_tag-buy-4-mec-online","12":"product_tag-buy-research-chemicals-for-sale-online","13":"product_tag-como-posso-obter-4-mec-research-chemicals","14":"product_tag-comprar-4-mec","15":"product_tag-compre-4-mec-online-para-venda","16":"product_tag-buy-4-meconline-eua","17":"product_tag-buy-4-mec-research-chemicals-online","18":"product_tag-pedido-4-mec-online","19":"product_tag-encomendar-barato-4-mec-online","20":"product_tag-4-mec-fornecedor","21":"product_tag-fornecedor-confivel-para-4-mec-online","22":"product_tag-onde-comprar-4-mec-online","23":"product_tag-onde-obter-4-mec-crystals-online","25":"first","26":"instock","27":"shipping-taxable","28":"purchasable","29":"product-type-variable","30":"has-default-attributes"},"yoast_head":"<!-- This site is optimized with the Yoast SEO plugin v27.2 - https:\/\/yoast.com\/product\/yoast-seo-wordpress\/ -->\n<title>Compre 4-Etilmetcatinona - Compre 4-EMC - Melhores Melhores Medicamentos Globais<\/title>\n<meta name=\"description\" content=\"Compre 4-EMC 4-Ethylmethcathinone Crystal Powder para venda online na Europa, UE, Reino Unido. Pertence \u00e0 classe dos estimulantes e entactog\u00eanicos. \u00c9 um is\u00f4mero estrutural do 4-MEC.\" \/>\n<meta name=\"robots\" content=\"index, follow, max-snippet:-1, max-image-preview:large, max-video-preview:-1\" \/>\n<link rel=\"canonical\" href=\"https:\/\/medicinasinc.com\/pt\/product\/buy-4-emc-4-etilmetcatinona\/\" \/>\n<meta property=\"og:locale\" content=\"pt_PT\" \/>\n<meta property=\"og:type\" content=\"article\" \/>\n<meta property=\"og:title\" content=\"Compre 4-Etilmetcatinona - Compre 4-EMC - Melhores Melhores Medicamentos Globais\" \/>\n<meta property=\"og:description\" content=\"Compre 4-EMC 4-Ethylmethcathinone Crystal Powder para venda online na Europa, UE, Reino Unido. Pertence \u00e0 classe dos estimulantes e entactog\u00eanicos. \u00c9 um is\u00f4mero estrutural do 4-MEC.\" \/>\n<meta property=\"og:url\" content=\"https:\/\/medicinasinc.com\/pt\/product\/buy-4-emc-4-etilmetcatinona\/\" \/>\n<meta property=\"og:site_name\" content=\"Medicinas Inc\" \/>\n<meta property=\"article:modified_time\" content=\"2022-07-05T23:13:36+00:00\" \/>\n<meta property=\"og:image\" content=\"https:\/\/medicinasinc.com\/pt\/wp-content\/uploads\/sites\/20\/2022\/02\/Buy-4-EMC.jpg\" \/>\n\t<meta property=\"og:image:width\" content=\"230\" \/>\n\t<meta property=\"og:image:height\" content=\"230\" \/>\n\t<meta property=\"og:image:type\" content=\"image\/jpeg\" \/>\n<meta name=\"twitter:card\" content=\"summary_large_image\" \/>\n<meta name=\"twitter:label1\" content=\"Tempo estimado de leitura\" \/>\n\t<meta name=\"twitter:data1\" content=\"2 minutos\" \/>\n<script type=\"application\/ld+json\" class=\"yoast-schema-graph\">{\"@context\":\"https:\/\/schema.org\",\"@graph\":[{\"@type\":\"WebPage\",\"@id\":\"https:\/\/medicinasinc.com\/pt\/product\/buy-4-emc-4-etilmetcatinona\/\",\"url\":\"https:\/\/medicinasinc.com\/pt\/product\/buy-4-emc-4-etilmetcatinona\/\",\"name\":\"Compre 4-Etilmetcatinona - Compre 4-EMC - Melhores Melhores Medicamentos Globais\",\"isPartOf\":{\"@id\":\"https:\/\/medicinasinc.com\/pt\/#website\"},\"primaryImageOfPage\":{\"@id\":\"https:\/\/medicinasinc.com\/pt\/product\/buy-4-emc-4-etilmetcatinona\/#primaryimage\"},\"image\":{\"@id\":\"https:\/\/medicinasinc.com\/pt\/product\/buy-4-emc-4-etilmetcatinona\/#primaryimage\"},\"thumbnailUrl\":\"https:\/\/medicinasinc.com\/pt\/wp-content\/uploads\/sites\/20\/2022\/02\/Buy-4-EMC.jpg\",\"datePublished\":\"2022-02-21T21:54:21+00:00\",\"dateModified\":\"2022-07-05T23:13:36+00:00\",\"description\":\"Compre 4-EMC 4-Ethylmethcathinone Crystal Powder para venda online na Europa, UE, Reino Unido. Pertence \u00e0 classe dos estimulantes e entactog\u00eanicos. \u00c9 um is\u00f4mero estrutural do 4-MEC.\",\"breadcrumb\":{\"@id\":\"https:\/\/medicinasinc.com\/pt\/product\/buy-4-emc-4-etilmetcatinona\/#breadcrumb\"},\"inLanguage\":\"pt-PT\",\"potentialAction\":[{\"@type\":\"ReadAction\",\"target\":[\"https:\/\/medicinasinc.com\/pt\/product\/buy-4-emc-4-etilmetcatinona\/\"]}]},{\"@type\":\"ImageObject\",\"inLanguage\":\"pt-PT\",\"@id\":\"https:\/\/medicinasinc.com\/pt\/product\/buy-4-emc-4-etilmetcatinona\/#primaryimage\",\"url\":\"https:\/\/medicinasinc.com\/pt\/wp-content\/uploads\/sites\/20\/2022\/02\/Buy-4-EMC.jpg\",\"contentUrl\":\"https:\/\/medicinasinc.com\/pt\/wp-content\/uploads\/sites\/20\/2022\/02\/Buy-4-EMC.jpg\",\"width\":230,\"height\":230},{\"@type\":\"BreadcrumbList\",\"@id\":\"https:\/\/medicinasinc.com\/pt\/product\/buy-4-emc-4-etilmetcatinona\/#breadcrumb\",\"itemListElement\":[{\"@type\":\"ListItem\",\"position\":1,\"name\":\"Comprar\",\"item\":\"https:\/\/medicinasinc.com\/pt\/comprar\/\"},{\"@type\":\"ListItem\",\"position\":2,\"name\":\"Compre 4-EMC 4-Etilmetcatinona\"}]},{\"@type\":\"WebSite\",\"@id\":\"https:\/\/medicinasinc.com\/pt\/#website\",\"url\":\"https:\/\/medicinasinc.com\/pt\/\",\"name\":\"Medicinas Inc\",\"description\":\"Health Medical Clinic\",\"potentialAction\":[{\"@type\":\"SearchAction\",\"target\":{\"@type\":\"EntryPoint\",\"urlTemplate\":\"https:\/\/medicinasinc.com\/pt\/?s={search_term_string}\"},\"query-input\":{\"@type\":\"PropertyValueSpecification\",\"valueRequired\":true,\"valueName\":\"search_term_string\"}}],\"inLanguage\":\"pt-PT\"}]}<\/script>\n<!-- \/ Yoast SEO plugin. -->","yoast_head_json":{"title":"Compre 4-Etilmetcatinona - Compre 4-EMC - Melhores Melhores Medicamentos Globais","description":"Compre 4-EMC 4-Ethylmethcathinone Crystal Powder para venda online na Europa, UE, Reino Unido. Pertence \u00e0 classe dos estimulantes e entactog\u00eanicos. \u00c9 um is\u00f4mero estrutural do 4-MEC.","robots":{"index":"index","follow":"follow","max-snippet":"max-snippet:-1","max-image-preview":"max-image-preview:large","max-video-preview":"max-video-preview:-1"},"canonical":"https:\/\/medicinasinc.com\/pt\/product\/buy-4-emc-4-etilmetcatinona\/","og_locale":"pt_PT","og_type":"article","og_title":"Compre 4-Etilmetcatinona - Compre 4-EMC - Melhores Melhores Medicamentos Globais","og_description":"Compre 4-EMC 4-Ethylmethcathinone Crystal Powder para venda online na Europa, UE, Reino Unido. Pertence \u00e0 classe dos estimulantes e entactog\u00eanicos. \u00c9 um is\u00f4mero estrutural do 4-MEC.","og_url":"https:\/\/medicinasinc.com\/pt\/product\/buy-4-emc-4-etilmetcatinona\/","og_site_name":"Medicinas Inc","article_modified_time":"2022-07-05T23:13:36+00:00","og_image":[{"width":230,"height":230,"url":"https:\/\/medicinasinc.com\/pt\/wp-content\/uploads\/sites\/20\/2022\/02\/Buy-4-EMC.jpg","type":"image\/jpeg"}],"twitter_card":"summary_large_image","twitter_misc":{"Tempo estimado de leitura":"2 minutos"},"schema":{"@context":"https:\/\/schema.org","@graph":[{"@type":"WebPage","@id":"https:\/\/medicinasinc.com\/pt\/product\/buy-4-emc-4-etilmetcatinona\/","url":"https:\/\/medicinasinc.com\/pt\/product\/buy-4-emc-4-etilmetcatinona\/","name":"Compre 4-Etilmetcatinona - Compre 4-EMC - Melhores Melhores Medicamentos Globais","isPartOf":{"@id":"https:\/\/medicinasinc.com\/pt\/#website"},"primaryImageOfPage":{"@id":"https:\/\/medicinasinc.com\/pt\/product\/buy-4-emc-4-etilmetcatinona\/#primaryimage"},"image":{"@id":"https:\/\/medicinasinc.com\/pt\/product\/buy-4-emc-4-etilmetcatinona\/#primaryimage"},"thumbnailUrl":"https:\/\/medicinasinc.com\/pt\/wp-content\/uploads\/sites\/20\/2022\/02\/Buy-4-EMC.jpg","datePublished":"2022-02-21T21:54:21+00:00","dateModified":"2022-07-05T23:13:36+00:00","description":"Compre 4-EMC 4-Ethylmethcathinone Crystal Powder para venda online na Europa, UE, Reino Unido. Pertence \u00e0 classe dos estimulantes e entactog\u00eanicos. \u00c9 um is\u00f4mero estrutural do 4-MEC.","breadcrumb":{"@id":"https:\/\/medicinasinc.com\/pt\/product\/buy-4-emc-4-etilmetcatinona\/#breadcrumb"},"inLanguage":"pt-PT","potentialAction":[{"@type":"ReadAction","target":["https:\/\/medicinasinc.com\/pt\/product\/buy-4-emc-4-etilmetcatinona\/"]}]},{"@type":"ImageObject","inLanguage":"pt-PT","@id":"https:\/\/medicinasinc.com\/pt\/product\/buy-4-emc-4-etilmetcatinona\/#primaryimage","url":"https:\/\/medicinasinc.com\/pt\/wp-content\/uploads\/sites\/20\/2022\/02\/Buy-4-EMC.jpg","contentUrl":"https:\/\/medicinasinc.com\/pt\/wp-content\/uploads\/sites\/20\/2022\/02\/Buy-4-EMC.jpg","width":230,"height":230},{"@type":"BreadcrumbList","@id":"https:\/\/medicinasinc.com\/pt\/product\/buy-4-emc-4-etilmetcatinona\/#breadcrumb","itemListElement":[{"@type":"ListItem","position":1,"name":"Comprar","item":"https:\/\/medicinasinc.com\/pt\/comprar\/"},{"@type":"ListItem","position":2,"name":"Compre 4-EMC 4-Etilmetcatinona"}]},{"@type":"WebSite","@id":"https:\/\/medicinasinc.com\/pt\/#website","url":"https:\/\/medicinasinc.com\/pt\/","name":"Medicinas Inc","description":"Health Medical Clinic","potentialAction":[{"@type":"SearchAction","target":{"@type":"EntryPoint","urlTemplate":"https:\/\/medicinasinc.com\/pt\/?s={search_term_string}"},"query-input":{"@type":"PropertyValueSpecification","valueRequired":true,"valueName":"search_term_string"}}],"inLanguage":"pt-PT"}]}},"_links":{"self":[{"href":"https:\/\/medicinasinc.com\/pt\/wp-json\/wp\/v2\/product\/5368","targetHints":{"allow":["GET"]}}],"collection":[{"href":"https:\/\/medicinasinc.com\/pt\/wp-json\/wp\/v2\/product"}],"about":[{"href":"https:\/\/medicinasinc.com\/pt\/wp-json\/wp\/v2\/types\/product"}],"replies":[{"embeddable":true,"href":"https:\/\/medicinasinc.com\/pt\/wp-json\/wp\/v2\/comments?post=5368"}],"wp:featuredmedia":[{"embeddable":true,"href":"https:\/\/medicinasinc.com\/pt\/wp-json\/wp\/v2\/media\/5380"}],"wp:attachment":[{"href":"https:\/\/medicinasinc.com\/pt\/wp-json\/wp\/v2\/media?parent=5368"}],"wp:term":[{"taxonomy":"product_brand","embeddable":true,"href":"https:\/\/medicinasinc.com\/pt\/wp-json\/wp\/v2\/product_brand?post=5368"},{"taxonomy":"product_cat","embeddable":true,"href":"https:\/\/medicinasinc.com\/pt\/wp-json\/wp\/v2\/product_cat?post=5368"},{"taxonomy":"product_tag","embeddable":true,"href":"https:\/\/medicinasinc.com\/pt\/wp-json\/wp\/v2\/product_tag?post=5368"}],"curies":[{"name":"wp","href":"https:\/\/api.w.org\/{rel}","templated":true}]}}