{"id":5367,"date":"2022-02-21T21:52:55","date_gmt":"2022-02-21T21:52:55","guid":{"rendered":"https:\/\/medicinasinc.com\/pt\/?post_type=product&#038;p=5367"},"modified":"2022-07-05T23:13:51","modified_gmt":"2022-07-05T23:13:51","slug":"4-clorometcatinona-4-cmc-hcl-cristal","status":"publish","type":"product","link":"https:\/\/medicinasinc.com\/pt\/product\/4-clorometcatinona-4-cmc-hcl-cristal\/","title":{"rendered":"Cristal de 4-Clorometacatinona (4-CMC HCl)"},"content":{"rendered":"<p>On-line, voc\u00ea pode comprar cristais e p\u00f3 de 4-CMC por um pre\u00e7o muito baixo.<br \/> Compre um cristal de 4-CMC na loja.<\/p>\n<p>4-CMC \u00e9 a abrevia\u00e7\u00e3o de 4-Chloromethcathinone , e isso significa que 4-Chloromethcathinone 4-CMC faz parte da classe de produtos qu\u00edmicos chamados catinonas. \u00c9 uma droga. No passado, este produto qu\u00edmico de pesquisa n\u00e3o estava no mercado h\u00e1 muito tempo. Isso significa que muitas pessoas ainda n\u00e3o experimentaram.<\/p>\n<p>Compre 4-CMC Crystals, que \u00e9 4-Chloromethcathinone. Esses cristais s\u00e3o feitos dos melhores produtos qu\u00edmicos de pesquisa e v\u00eam com entrega r\u00e1pida e \u00f3timos pre\u00e7os. Quando voc\u00ea acessa globalhomemed.com, voc\u00ea s\u00f3 pode obter rem\u00e9dios l\u00e1.<\/p>\n<p>No entanto, embora o 4-CMC seja novo, os testes preliminares com essa subst\u00e2ncia mostraram emo\u00e7\u00f5es aumentadas, processos de pensamento mais r\u00e1pidos e alta n\u00edveis de energia. Isso \u00e9 muito parecido com 4-MMC, bk-MDMA e 3-MMC. 4-CMC \u00e9 o mesmo. Portanto, se voc\u00ea pesquisou com qualquer um desses produtos qu\u00edmicos, tamb\u00e9m sabe o que esperar dos experimentos de pesquisa do 4-CMC.<\/p>\n<p>&nbsp;<\/p>\n<p>Onde posso comprar 4-CMC?<\/p>\n<p>Aqui no Chemical Planet, temos muitos 4-CMC de alta qualidade \u00e0 venda. Na maioria dos casos, nosso 4-CMC vem em forma de cristal. Contacte-nos se n\u00e3o encontrar o formul\u00e1rio que pretende. Podemos t\u00ea-lo de volta em breve.<\/p>\n<p>Compre o 4-CMC da Chemical Planet e voc\u00ea deve ter pelo menos 18 anos e estar em total conformidade com as leis de pesquisa qu\u00edmica em seu pa\u00eds se quiser fazer isso. Pessoas e animais n\u00e3o podem usar nossos produtos qu\u00edmicos. Eles s\u00e3o apenas para pesquisa e n\u00e3o para uso por humanos ou animais.<\/p>\n<p>A legalidade do 4-CMC<\/p>\n<p>As pessoas na China e na Su\u00e9cia n\u00e3o gostam muito do 4-CMC. Se voc\u00ea toma esta droga na Alemanha, chama-se &#8220;Anlage I&#8221;. Muitos outros pa\u00edses ainda n\u00e3o definiram uma data para este produto qu\u00edmico. Isso ocorre principalmente porque \u00e9 t\u00e3o novo.<\/p>\n<p>Um local fresco e seco \u00e9 sempre melhor para a melhor vida \u00fatil. Este produto \u00e9 apenas para uso forense e de pesquisa. N\u00e3o deve ser comido por humanos ou testado em animais ou qualquer outro ser vivo.<\/p>\n","protected":false},"excerpt":{"rendered":"<p>Compre cristais e p\u00f3 4-CMC online por um pre\u00e7o barato em uma loja online. Compre cristais de 4-CMC e p\u00f3 a granel que s\u00e3o 99% puros. Encomende a 4-Clorometcatinona para venda no Reino Unido, Europa e no resto do mundo<\/p>\n<p>Compre o cristal de cloridrato de 4-Clorometcatinona (4-CMC HCl) aos melhores pre\u00e7os e receba-o em qualquer lugar do mundo. Fa\u00e7a um pedido de 4-CMC no Reino Unido e na Europa<\/p>\n<p>Compre cristais e p\u00f3 de 4-CMC on-line por um pre\u00e7o barato em uma loja on-line.<\/p>\n<p>Compre cristais de 4-CMC e p\u00f3 a granel com 99% de pureza.<\/p>\n","protected":false},"featured_media":5378,"comment_status":"open","ping_status":"closed","template":"","meta":[],"product_brand":[],"product_cat":[2014],"product_tag":[2324,2101,2205,2102,2206,2103,2105,2210,2365,2104,2208,2126,2155,2477,2478,2156,2213,2207,2209,2212,2372,2157,2158,2334,2159,2160,2161,2162,2163,2164,2166,2167,2168,2169,2170,2172,2173,2174,2175,2176,2177,2179,2180,2181,2183,2184,2189,2190,2191,2192,2197,2198,2394,2409,2410,2400,2186,2185,2187,2284,2272,2289,2194,2307,2286,2285,2361,2196,2308,2447,2188,2193,2195,2295,2476,2347,2214,2215,2219,2220,2221,2222,2223,2225,2226,2233,2234,2238,2239,2240,2480,2245,2248,2249,2250,2251,2253,2178,2432,2254,2265,2256,2323,2433,2255,2267,2252,2413,2468,2384,2243,2421,2244,2422,2258,2423,2247,2425,2424,2246,2261,2428,2429,2389,2171,2427,2414,2479,2434,2426,2235,2430,2236,2431,2182,2211,2165,2354,2330,2303,2469,2313,2257,2259,2260,2262,2263,2264,2266,2309,2268,2269,2270,2271,2273,2275,2276,2278,2274,2481,2297,2298,2301,2279,2216,2280,2281,2282,2283,2287,2288,2290,2291,2218,2293,2462,2294,2217,2419,2277,2292,2299,2300,2304,2305,2306,2310,2311,2314,2315,2312,2317,2318,2319,2320,2316,2321,2322,2379,2408,2380,2412,2411,2415,2387,2402,2388,2403,2417,2364,2366,2331,2392,2368,2406,2416,2418,2373,2391,2374,2326,2327,2332,2333,2335,2337,2338,2339,2340,2344,2345,2346,2199,2200,2201,2202,2203,2204,2348,2349,2350,2351,2352,2353,2355,2356,2357,2358,2359,2360,2370,2420,2362,2363,2367,2369,2371,2483,2484,2302,2125,2329,2482,2325,2328,2342,2336,2341,2343,2381,2382,2383,2385,2386,2390,2395,2399,2396,2397,2398,2401,2404,2405,2407,2441,2439,2436,2443,2444,2445,2435,2437,2438,2440,2442,2446,2449,2450,2451,2452,2453,2454,2455,2456,2457,2458,2459,2460,2461,2463,2464,2465,2466,2467,2470,2471,2472,2473,2474,2475],"class_list":{"0":"post-5367","1":"product","2":"type-product","3":"status-publish","4":"has-post-thumbnail","6":"product_cat-compre-produtos-quimicos-de-pesquisa","7":"product_tag-revista-2-fdck","8":"product_tag-2-fdck","9":"product_tag-bulk-2-fdck","10":"product_tag-2-mmc","11":"product_tag-bulk-2-mmc","12":"product_tag-3-cm","13":"product_tag-3-mmc","14":"product_tag-bulk-3-mmc-pellets","15":"product_tag-loja-3-mma","16":"product_tag-3-mm","17":"product_tag-bulk-3-mma","18":"product_tag-3-mmc-pills","19":"product_tag-4-cm","20":"product_tag-cristais-de-4-cmc","21":"product_tag-4-cmc-cristais-para-venda","22":"product_tag-5-mmpa","23":"product_tag-bulk-5-mmpa","24":"product_tag-bulk-3-cmc","25":"product_tag-bulk-3-mmc","26":"product_tag-bulk-4-cmc","27":"product_tag-comprar-em-pihp","28":"product_tag-a-php","29":"product_tag-a-pihp","30":"product_tag-revista-pihp","31":"product_tag-acheter-2-fdck","32":"product_tag-acheter-2-mmc","33":"product_tag-acheter-3-cmc","34":"product_tag-acheter-3-mma","35":"product_tag-acheter-3-mmc","36":"product_tag-acheter-3-mmc-pellets","37":"product_tag-acheter-4-cmc","38":"product_tag-acheter-5-mmpa","39":"product_tag-acheter-a-php","40":"product_tag-acheter-a-pihp","41":"product_tag-acheter-eutylone","42":"product_tag-acquista-2-fdck","43":"product_tag-acquista-2-mmc","44":"product_tag-acquista-3-cmc","45":"product_tag-acquista-3-mma","46":"product_tag-acquista-3-mmc","47":"product_tag-acquista-3-mmc-pellets","48":"product_tag-acquista-4-cmc","49":"product_tag-acquista-5-mmpa","50":"product_tag-acquista-a-php","51":"product_tag-acquista-eutylone","52":"product_tag-acquista-hexen","53":"product_tag-al-por-mayor-3-mmc","54":"product_tag-al-por-mayor-3-mmc-pellets","55":"product_tag-al-por-mayor-3-mmc-pills","56":"product_tag-al-por-mayor-4-cmc","57":"product_tag-al-por-mayor-hexedrone","58":"product_tag-al-por-mayor-hexen","59":"product_tag-store-2-fdck","60":"product_tag-uzlet-2-mmc","61":"product_tag-decolagem-3-cmc","62":"product_tag-store-3-mmc-plulas","63":"product_tag-atacado-2-mmc","64":"product_tag-atacado-2-fdck","65":"product_tag-atacado-3-cmc","66":"product_tag-atacado-3-mmc","67":"product_tag-atacado-4-cmc","68":"product_tag-atacado-a-php","69":"product_tag-atacado-para-php","70":"product_tag-atacado-a-pihp","71":"product_tag-groothandel-3-mmc-plulas","72":"product_tag-atacado-3-mmc-pellets","73":"product_tag-hexeno-atacado","74":"product_tag-atacado-eutylone","75":"product_tag-ingrosso-eutylone","76":"product_tag-vente-en-gros-hexen","77":"product_tag-atacado-3-mma","78":"product_tag-atacado-5-mmpa","79":"product_tag-atacado-para-pihp","80":"product_tag-bruxas","81":"product_tag-bruxas-angulares","82":"product_tag-bruxas-de-revista","83":"product_tag-bulk-a-php","84":"product_tag-bulk-a-pihp","85":"product_tag-buy-2-fdck","86":"product_tag-buy-2-mmc","87":"product_tag-buy-3-cmc","88":"product_tag-buy-3-mma","89":"product_tag-buy-3-mmc","90":"product_tag-buy-3-mmc-pellets","91":"product_tag-buy-3-mmc-pills","92":"product_tag-buy-4-cmc","93":"product_tag-buy-5-mmpa","94":"product_tag-buy-eutylone","95":"product_tag-buy-hexedrone","96":"product_tag-buy-hexen","97":"product_tag-como-comprar-4-cmc-cristais-online","98":"product_tag-comprar-3-cmc","99":"product_tag-comprar-3-mmc-pellets","100":"product_tag-comprar-3-mmc-pills","101":"product_tag-comprar-4-cmc","102":"product_tag-comprar-5-mmpa","103":"product_tag-comprar-a-pihp","104":"product_tag-compra-3-mmc-plulas","105":"product_tag-vasarold-meg-eutylone","106":"product_tag-comprar-eutylone","107":"product_tag-compre-eutilona","108":"product_tag-comprar-hexgono","109":"product_tag-comprar-hexgonos","110":"product_tag-ferro-solve-hexedrona","111":"product_tag-comprar-hexedrona","112":"product_tag-comprar-hexeno","113":"product_tag-comprar-para-php","114":"product_tag-uzlet-3-mmc-pellets","115":"product_tag-store-3-mmc-pellets","116":"product_tag-shop-3-mmc-pellets","117":"product_tag-comprar-2-fdck","118":"product_tag-ferro-resolver-2-fdck","119":"product_tag-comprar-2-mmc","120":"product_tag-iron-solve-2-mmc","121":"product_tag-comprar-3-cm3","122":"product_tag-iron-solve-3-cmc","123":"product_tag-comprar-3-mmc","124":"product_tag-ferro-solve-3-mmc","125":"product_tag-ferro-resolver-3-mma","126":"product_tag-comprar-3-mma","127":"product_tag-comprar-4-cm3","128":"product_tag-iron-solve-4-cmc","129":"product_tag-iron-solve-5-mmpa","130":"product_tag-compre-a-pihp","131":"product_tag-acheter-hexen","132":"product_tag-ferro-solve-3-mmc-comprimidos","133":"product_tag-uzlet-3-mmc-plulas","134":"product_tag-comprar-4-cmc-cristais-online","135":"product_tag-ferro-solve-hexeno","136":"product_tag-ferro-solve-3-mmc-pellets","137":"product_tag-compre-a-php","138":"product_tag-ferro-resolve-o-php","139":"product_tag-compre-um-pihp","140":"product_tag-ferro-e-o-pihp","141":"product_tag-compre-em-pihp","142":"product_tag-plulas-de-3-mmc-bulk","143":"product_tag-acheter-3-mmc-plulas","144":"product_tag-atacado-3-mmc-plulas","145":"product_tag-revista-3-mmc-plulas","146":"product_tag-ingrosso-3-mmc-plulas","147":"product_tag-plulas-de-winkel-3-mmc","148":"product_tag-copo-3-me","149":"product_tag-cumpara-2-fdck","150":"product_tag-cumpara-3-mma","151":"product_tag-cumpara-3-mmc","152":"product_tag-cumpara-5-mmpa","153":"product_tag-cumpara-a-php","154":"product_tag-cumpara-a-pihp","155":"product_tag-cumpara-hexedrone","156":"product_tag-ingrosso-bruxas","157":"product_tag-en-gros-2-fdck","158":"product_tag-en-gros-3-cmc","159":"product_tag-en-gros-3-mma","160":"product_tag-en-gros-3-mmc","161":"product_tag-en-gros-5-mmpa","162":"product_tag-en-gros-a-pihp","163":"product_tag-en-gros-eutylone","164":"product_tag-en-gros-hexen","165":"product_tag-en-gros-para-php","166":"product_tag-pedido-4-cmc-cristais-online","167":"product_tag-ingrosso-2-fdck","168":"product_tag-ingrosso-2-mmc","169":"product_tag-ingrosso-3-mmc","170":"product_tag-eutilona","171":"product_tag-bulk-eutylone","172":"product_tag-groothandel-2-fdck","173":"product_tag-groothandel-2-mmc","174":"product_tag-groothandel-3-cmc","175":"product_tag-groothandel-3-mma","176":"product_tag-groothandel-4-cmc","177":"product_tag-groothandel-5-mmpa","178":"product_tag-groothandel-a-pihp","179":"product_tag-groothandel-eutylone","180":"product_tag-bulk-hexen","181":"product_tag-hexgonos-por-atacado","182":"product_tag-atacado-hexen","183":"product_tag-hexedrona","184":"product_tag-hexedrona-a-granel","185":"product_tag-decolagem-hexedrona","186":"product_tag-atacado-hexedrona","187":"product_tag-hexedrona-por-atacado","188":"product_tag-ingrosso-3-cmc","189":"product_tag-ingrosso-3-mma","190":"product_tag-ingrosso-4-cmc","191":"product_tag-ingrosso-5-mmpa","192":"product_tag-ingrosso-a-php","193":"product_tag-koop-2-fdck","194":"product_tag-koop-2-mmc","195":"product_tag-koop-3-mmc","196":"product_tag-koop-3-mmc-pellets","197":"product_tag-koop-3-cmc","198":"product_tag-koop-4-cmc","199":"product_tag-koop-5-mmpa","200":"product_tag-koop-a-php","201":"product_tag-koop-a-pihp","202":"product_tag-koop-3-mmc-plulas","203":"product_tag-koop-eutylone","204":"product_tag-koop-hexedrone","205":"product_tag-shop-2-fdck","206":"product_tag-decolagem-2-fdck","207":"product_tag-loja-2-mmc","208":"product_tag-uzlet-3-mmc","209":"product_tag-uzlet-3-mma","210":"product_tag-decolagem-4-cmc","211":"product_tag-shop-5-mmpa","212":"product_tag-store-5-mmpa","213":"product_tag-shop-a-php","214":"product_tag-loja-para-php","215":"product_tag-take-off-a-pihp","216":"product_tag-loja-3-cmc","217":"product_tag-loja-3-mmc","218":"product_tag-loja-4-cmc","219":"product_tag-loja-de-bruxas","220":"product_tag-shop-3-mmc-plulas","221":"product_tag-loja-de-hexedrona","222":"product_tag-uzlet-a-php","223":"product_tag-decolagem-eutilona","224":"product_tag-loja-eutylone","225":"product_tag-loja-hexedrona","226":"product_tag-loja-hexen","227":"product_tag-magasin-3-cmc","228":"product_tag-magasin-3-mma","229":"product_tag-magasin-5-mmpa","230":"product_tag-magasin-a-php","231":"product_tag-magasin-eutylone","232":"product_tag-magazin-2-fdck","233":"product_tag-magazin-3-cmc","234":"product_tag-magazin-3-mma","235":"product_tag-magazin-3-mmc","236":"product_tag-magazin-a-pihp","237":"product_tag-magazin-eutylone","238":"product_tag-magazin-hexedrone","239":"product_tag-melhor-3-cmc","240":"product_tag-melhor-3-mmc","241":"product_tag-melhor-4-cmc","242":"product_tag-melhor-a-pihp","243":"product_tag-melhor-hexedrona","244":"product_tag-melhores-bruxas","245":"product_tag-nagykereskedelem-2-fdck","246":"product_tag-nagykereskedelem-2-mmc","247":"product_tag-nagykereskedelem-3-cmc","248":"product_tag-nagykereskedelem-3-mma","249":"product_tag-nagykereskedelem-3-mmc","250":"product_tag-nagykereskedelem-3-mmc-pellets","251":"product_tag-nagykereskedelem-4-cmc","252":"product_tag-nagykereskedelem-5-mmpa","253":"product_tag-nagykereskedelem-a-php","254":"product_tag-nagykereskedelem-a-pihp","255":"product_tag-nagykereskedelem-eutylone","256":"product_tag-nagykereskedelem-hexedrone","257":"product_tag-business-5-mmpa","258":"product_tag-uzlet-hexeno","259":"product_tag-negozio-2-fdck","260":"product_tag-negozio-2-mmc","261":"product_tag-negozio-3-mmc-pellets","262":"product_tag-negozio-4-cmc","263":"product_tag-negozio-a-php","264":"product_tag-o-melhor-lugar-para-comprar-4-cmc-crystals-online","265":"product_tag-onde-comprar-4-cmc-cristais-online","266":"product_tag-ingrosso-3-mmc-pellets","267":"product_tag-pelotas-de-3-mmc","268":"product_tag-magasin-3-mmc-pellets","269":"product_tag-purchase-4-cmc-crystals-online","270":"product_tag-revista-2-mmc","271":"product_tag-revista-3-mmc","272":"product_tag-revista-5-mmpa","273":"product_tag-bruxas-magasin","274":"product_tag-revista-4-cmc","275":"product_tag-revista-para-php","276":"product_tag-shop-3-cmc","277":"product_tag-shop-3-mma","278":"product_tag-shop-3-mmc","279":"product_tag-shop-3-mmc-pills","280":"product_tag-shop-4-cmc","281":"product_tag-shop-eutylone","282":"product_tag-tienda-2-mmc","283":"product_tag-tienda-3-mmc-pellets","284":"product_tag-tienda-3-cmc","285":"product_tag-tienda-3-mma","286":"product_tag-tienda-3-mmc","287":"product_tag-tienda-4-cmc","288":"product_tag-tienda-a-pihp","289":"product_tag-tienda-eutylone","290":"product_tag-tienda-hexen","291":"product_tag-vente-en-gros-3-mmc-plulas","292":"product_tag-venda-em-gros-3-mmc","293":"product_tag-venda-em-gros-2-mmc","294":"product_tag-sell-in-gros-5-mmpa","295":"product_tag-vente-en-gros-a-php","296":"product_tag-vem-em-gros-a-pihp","297":"product_tag-vente-en-gros-2-fdck","298":"product_tag-vente-en-gros-3-cmc","299":"product_tag-vente-en-gros-3-mma","300":"product_tag-vente-en-gros-3-mmc-pellets","301":"product_tag-vente-en-gros-4-cmc","302":"product_tag-vente-en-gros-eutylone","303":"product_tag-wholesale-2-fdck","304":"product_tag-wholesale-2-mmc","305":"product_tag-wholesale-3-cmc","306":"product_tag-wholesale-3-mma","307":"product_tag-wholesale-3-mmc","308":"product_tag-wholesale-3-mmc-pellets","309":"product_tag-wholesale-3-mmc-pills","310":"product_tag-wholesale-4-cmc","311":"product_tag-wholesale-5-mmpa","312":"product_tag-wholesale-a-php","313":"product_tag-wholesale-a-pihp","314":"product_tag-wholesale-eutylone","315":"product_tag-wholesale-hexedrone","316":"product_tag-winkel-2-fdck","317":"product_tag-winkel-2-mmc","318":"product_tag-winkel-3-cmc","319":"product_tag-winkel-3-mma","320":"product_tag-winkel-3-mmc","321":"product_tag-winkel-4-cmc","322":"product_tag-winkel-5-mmpa","323":"product_tag-winkel-a-php","324":"product_tag-winkel-a-pihp","325":"product_tag-winkel-eutylone","326":"product_tag-winkel-hexedrona","328":"first","329":"instock","330":"shipping-taxable","331":"purchasable","332":"product-type-variable","333":"has-default-attributes"},"yoast_head":"<!-- This site is optimized with the Yoast SEO plugin v27.3 - https:\/\/yoast.com\/product\/yoast-seo-wordpress\/ -->\n<title>Compre Cristal de 4-Clorometcatinona (4-CMC HCl) - Melhores Melhores Medicamentos Globais<\/title>\n<meta name=\"description\" content=\"Compre 4-CMC Crystal &amp; P\u00f3 barato online. Compre 4-CMC Crystal &amp; P\u00f3 a granel 99% de pureza. Encomende 4-Clorometcatinona para venda Reino Unido, Europa\" \/>\n<meta name=\"robots\" content=\"index, follow, max-snippet:-1, max-image-preview:large, max-video-preview:-1\" \/>\n<link rel=\"canonical\" href=\"https:\/\/medicinasinc.com\/pt\/product\/4-clorometcatinona-4-cmc-hcl-cristal\/\" \/>\n<meta property=\"og:locale\" content=\"pt_PT\" \/>\n<meta property=\"og:type\" content=\"article\" \/>\n<meta property=\"og:title\" content=\"Compre Cristal de 4-Clorometcatinona (4-CMC HCl) - Melhores Melhores Medicamentos Globais\" \/>\n<meta property=\"og:description\" content=\"Compre 4-CMC Crystal &amp; P\u00f3 barato online. Compre 4-CMC Crystal &amp; P\u00f3 a granel 99% de pureza. Encomende 4-Clorometcatinona para venda Reino Unido, Europa\" \/>\n<meta property=\"og:url\" content=\"https:\/\/medicinasinc.com\/pt\/product\/4-clorometcatinona-4-cmc-hcl-cristal\/\" \/>\n<meta property=\"og:site_name\" content=\"Medicinas Inc\" \/>\n<meta property=\"article:modified_time\" content=\"2022-07-05T23:13:51+00:00\" \/>\n<meta property=\"og:image\" content=\"https:\/\/medicinasinc.com\/pt\/wp-content\/uploads\/sites\/20\/2022\/02\/buy-4-Chloromethcathinone.jpg\" \/>\n\t<meta property=\"og:image:width\" content=\"2560\" \/>\n\t<meta property=\"og:image:height\" content=\"1887\" \/>\n\t<meta property=\"og:image:type\" content=\"image\/jpeg\" \/>\n<meta name=\"twitter:card\" content=\"summary_large_image\" \/>\n<meta name=\"twitter:label1\" content=\"Tempo estimado de leitura\" \/>\n\t<meta name=\"twitter:data1\" content=\"2 minutos\" \/>\n<script type=\"application\/ld+json\" class=\"yoast-schema-graph\">{\"@context\":\"https:\\\/\\\/schema.org\",\"@graph\":[{\"@type\":\"WebPage\",\"@id\":\"https:\\\/\\\/medicinasinc.com\\\/pt\\\/product\\\/4-clorometcatinona-4-cmc-hcl-cristal\\\/\",\"url\":\"https:\\\/\\\/medicinasinc.com\\\/pt\\\/product\\\/4-clorometcatinona-4-cmc-hcl-cristal\\\/\",\"name\":\"Compre Cristal de 4-Clorometcatinona (4-CMC HCl) - Melhores Melhores Medicamentos Globais\",\"isPartOf\":{\"@id\":\"https:\\\/\\\/medicinasinc.com\\\/pt\\\/#website\"},\"primaryImageOfPage\":{\"@id\":\"https:\\\/\\\/medicinasinc.com\\\/pt\\\/product\\\/4-clorometcatinona-4-cmc-hcl-cristal\\\/#primaryimage\"},\"image\":{\"@id\":\"https:\\\/\\\/medicinasinc.com\\\/pt\\\/product\\\/4-clorometcatinona-4-cmc-hcl-cristal\\\/#primaryimage\"},\"thumbnailUrl\":\"https:\\\/\\\/medicinasinc.com\\\/pt\\\/wp-content\\\/uploads\\\/sites\\\/20\\\/2022\\\/02\\\/buy-4-Chloromethcathinone.jpg\",\"datePublished\":\"2022-02-21T21:52:55+00:00\",\"dateModified\":\"2022-07-05T23:13:51+00:00\",\"description\":\"Compre 4-CMC Crystal &amp; P\u00f3 barato online. Compre 4-CMC Crystal &amp; P\u00f3 a granel 99% de pureza. Encomende 4-Clorometcatinona para venda Reino Unido, Europa\",\"breadcrumb\":{\"@id\":\"https:\\\/\\\/medicinasinc.com\\\/pt\\\/product\\\/4-clorometcatinona-4-cmc-hcl-cristal\\\/#breadcrumb\"},\"inLanguage\":\"pt-PT\",\"potentialAction\":[{\"@type\":\"ReadAction\",\"target\":[\"https:\\\/\\\/medicinasinc.com\\\/pt\\\/product\\\/4-clorometcatinona-4-cmc-hcl-cristal\\\/\"]}]},{\"@type\":\"ImageObject\",\"inLanguage\":\"pt-PT\",\"@id\":\"https:\\\/\\\/medicinasinc.com\\\/pt\\\/product\\\/4-clorometcatinona-4-cmc-hcl-cristal\\\/#primaryimage\",\"url\":\"https:\\\/\\\/medicinasinc.com\\\/pt\\\/wp-content\\\/uploads\\\/sites\\\/20\\\/2022\\\/02\\\/buy-4-Chloromethcathinone.jpg\",\"contentUrl\":\"https:\\\/\\\/medicinasinc.com\\\/pt\\\/wp-content\\\/uploads\\\/sites\\\/20\\\/2022\\\/02\\\/buy-4-Chloromethcathinone.jpg\",\"width\":2560,\"height\":1887},{\"@type\":\"BreadcrumbList\",\"@id\":\"https:\\\/\\\/medicinasinc.com\\\/pt\\\/product\\\/4-clorometcatinona-4-cmc-hcl-cristal\\\/#breadcrumb\",\"itemListElement\":[{\"@type\":\"ListItem\",\"position\":1,\"name\":\"Comprar\",\"item\":\"https:\\\/\\\/medicinasinc.com\\\/pt\\\/comprar\\\/\"},{\"@type\":\"ListItem\",\"position\":2,\"name\":\"Cristal de 4-Clorometacatinona (4-CMC HCl)\"}]},{\"@type\":\"WebSite\",\"@id\":\"https:\\\/\\\/medicinasinc.com\\\/pt\\\/#website\",\"url\":\"https:\\\/\\\/medicinasinc.com\\\/pt\\\/\",\"name\":\"Medicinas Inc\",\"description\":\"Health Medical Clinic\",\"potentialAction\":[{\"@type\":\"SearchAction\",\"target\":{\"@type\":\"EntryPoint\",\"urlTemplate\":\"https:\\\/\\\/medicinasinc.com\\\/pt\\\/?s={search_term_string}\"},\"query-input\":{\"@type\":\"PropertyValueSpecification\",\"valueRequired\":true,\"valueName\":\"search_term_string\"}}],\"inLanguage\":\"pt-PT\"}]}<\/script>\n<!-- \/ Yoast SEO plugin. -->","yoast_head_json":{"title":"Compre Cristal de 4-Clorometcatinona (4-CMC HCl) - Melhores Melhores Medicamentos Globais","description":"Compre 4-CMC Crystal &amp; P\u00f3 barato online. Compre 4-CMC Crystal &amp; P\u00f3 a granel 99% de pureza. Encomende 4-Clorometcatinona para venda Reino Unido, Europa","robots":{"index":"index","follow":"follow","max-snippet":"max-snippet:-1","max-image-preview":"max-image-preview:large","max-video-preview":"max-video-preview:-1"},"canonical":"https:\/\/medicinasinc.com\/pt\/product\/4-clorometcatinona-4-cmc-hcl-cristal\/","og_locale":"pt_PT","og_type":"article","og_title":"Compre Cristal de 4-Clorometcatinona (4-CMC HCl) - Melhores Melhores Medicamentos Globais","og_description":"Compre 4-CMC Crystal &amp; P\u00f3 barato online. Compre 4-CMC Crystal &amp; P\u00f3 a granel 99% de pureza. Encomende 4-Clorometcatinona para venda Reino Unido, Europa","og_url":"https:\/\/medicinasinc.com\/pt\/product\/4-clorometcatinona-4-cmc-hcl-cristal\/","og_site_name":"Medicinas Inc","article_modified_time":"2022-07-05T23:13:51+00:00","og_image":[{"width":2560,"height":1887,"url":"https:\/\/medicinasinc.com\/pt\/wp-content\/uploads\/sites\/20\/2022\/02\/buy-4-Chloromethcathinone.jpg","type":"image\/jpeg"}],"twitter_card":"summary_large_image","twitter_misc":{"Tempo estimado de leitura":"2 minutos"},"schema":{"@context":"https:\/\/schema.org","@graph":[{"@type":"WebPage","@id":"https:\/\/medicinasinc.com\/pt\/product\/4-clorometcatinona-4-cmc-hcl-cristal\/","url":"https:\/\/medicinasinc.com\/pt\/product\/4-clorometcatinona-4-cmc-hcl-cristal\/","name":"Compre Cristal de 4-Clorometcatinona (4-CMC HCl) - Melhores Melhores Medicamentos Globais","isPartOf":{"@id":"https:\/\/medicinasinc.com\/pt\/#website"},"primaryImageOfPage":{"@id":"https:\/\/medicinasinc.com\/pt\/product\/4-clorometcatinona-4-cmc-hcl-cristal\/#primaryimage"},"image":{"@id":"https:\/\/medicinasinc.com\/pt\/product\/4-clorometcatinona-4-cmc-hcl-cristal\/#primaryimage"},"thumbnailUrl":"https:\/\/medicinasinc.com\/pt\/wp-content\/uploads\/sites\/20\/2022\/02\/buy-4-Chloromethcathinone.jpg","datePublished":"2022-02-21T21:52:55+00:00","dateModified":"2022-07-05T23:13:51+00:00","description":"Compre 4-CMC Crystal &amp; P\u00f3 barato online. Compre 4-CMC Crystal &amp; P\u00f3 a granel 99% de pureza. Encomende 4-Clorometcatinona para venda Reino Unido, Europa","breadcrumb":{"@id":"https:\/\/medicinasinc.com\/pt\/product\/4-clorometcatinona-4-cmc-hcl-cristal\/#breadcrumb"},"inLanguage":"pt-PT","potentialAction":[{"@type":"ReadAction","target":["https:\/\/medicinasinc.com\/pt\/product\/4-clorometcatinona-4-cmc-hcl-cristal\/"]}]},{"@type":"ImageObject","inLanguage":"pt-PT","@id":"https:\/\/medicinasinc.com\/pt\/product\/4-clorometcatinona-4-cmc-hcl-cristal\/#primaryimage","url":"https:\/\/medicinasinc.com\/pt\/wp-content\/uploads\/sites\/20\/2022\/02\/buy-4-Chloromethcathinone.jpg","contentUrl":"https:\/\/medicinasinc.com\/pt\/wp-content\/uploads\/sites\/20\/2022\/02\/buy-4-Chloromethcathinone.jpg","width":2560,"height":1887},{"@type":"BreadcrumbList","@id":"https:\/\/medicinasinc.com\/pt\/product\/4-clorometcatinona-4-cmc-hcl-cristal\/#breadcrumb","itemListElement":[{"@type":"ListItem","position":1,"name":"Comprar","item":"https:\/\/medicinasinc.com\/pt\/comprar\/"},{"@type":"ListItem","position":2,"name":"Cristal de 4-Clorometacatinona (4-CMC HCl)"}]},{"@type":"WebSite","@id":"https:\/\/medicinasinc.com\/pt\/#website","url":"https:\/\/medicinasinc.com\/pt\/","name":"Medicinas Inc","description":"Health Medical Clinic","potentialAction":[{"@type":"SearchAction","target":{"@type":"EntryPoint","urlTemplate":"https:\/\/medicinasinc.com\/pt\/?s={search_term_string}"},"query-input":{"@type":"PropertyValueSpecification","valueRequired":true,"valueName":"search_term_string"}}],"inLanguage":"pt-PT"}]}},"_links":{"self":[{"href":"https:\/\/medicinasinc.com\/pt\/wp-json\/wp\/v2\/product\/5367","targetHints":{"allow":["GET"]}}],"collection":[{"href":"https:\/\/medicinasinc.com\/pt\/wp-json\/wp\/v2\/product"}],"about":[{"href":"https:\/\/medicinasinc.com\/pt\/wp-json\/wp\/v2\/types\/product"}],"replies":[{"embeddable":true,"href":"https:\/\/medicinasinc.com\/pt\/wp-json\/wp\/v2\/comments?post=5367"}],"wp:featuredmedia":[{"embeddable":true,"href":"https:\/\/medicinasinc.com\/pt\/wp-json\/wp\/v2\/media\/5378"}],"wp:attachment":[{"href":"https:\/\/medicinasinc.com\/pt\/wp-json\/wp\/v2\/media?parent=5367"}],"wp:term":[{"taxonomy":"product_brand","embeddable":true,"href":"https:\/\/medicinasinc.com\/pt\/wp-json\/wp\/v2\/product_brand?post=5367"},{"taxonomy":"product_cat","embeddable":true,"href":"https:\/\/medicinasinc.com\/pt\/wp-json\/wp\/v2\/product_cat?post=5367"},{"taxonomy":"product_tag","embeddable":true,"href":"https:\/\/medicinasinc.com\/pt\/wp-json\/wp\/v2\/product_tag?post=5367"}],"curies":[{"name":"wp","href":"https:\/\/api.w.org\/{rel}","templated":true}]}}