{"id":5366,"date":"2022-02-21T21:52:02","date_gmt":"2022-02-21T21:52:02","guid":{"rendered":"https:\/\/medicinasinc.com\/pt\/?post_type=product&#038;p=5366"},"modified":"2022-07-05T23:14:15","modified_gmt":"2022-07-05T23:14:15","slug":"buy-3f-fenmetrazina","status":"publish","type":"product","link":"https:\/\/medicinasinc.com\/pt\/product\/buy-3f-fenmetrazina\/","title":{"rendered":"Compre 3F-Fenmetrazina"},"content":{"rendered":"<p>O que significa 3-FPM?<\/p>\n<p>3-FPM \u00e9 a abrevia\u00e7\u00e3o de 3-Fluorofenmetrazina e significa 3-Fluorofenmetrazina. O 3-FPM \u00e9 um produto qu\u00edmico usado em pesquisas que tem muito poder para motivar as pessoas. O 3-FPM faz parte da classe de produtos qu\u00edmicos chamados fenol morfolina e pode prejudicar seu corpo. Os resultados dos experimentos com 3-FPM s\u00e3o geralmente considerados muito semelhantes ou quase os mesmos que os resultados dos experimentos com anfetaminas. Experimentos com 3-FPM geralmente mostram que as pessoas est\u00e3o mais focadas e motivadas, seus pensamentos se movem mais r\u00e1pido e elas se sentem felizes. No entanto, esses resultados costumam ser menos intensos do que os de anfetaminas ou outras drogas que o tornam mais alerta. Muitas pessoas n\u00e3o ficam nervosas ou com sono quando usam 3-FPM.<\/p>\n<p>Onde posso comprar 3-FPM?<\/p>\n<p>Na Best Globel Med, temos muitos muito bom 3-FPM para venda. Nosso 3-FPM vem em forma de p\u00f3 e granulado, para que voc\u00ea possa obt\u00ea-lo. N\u00e3o importa qual desses dois estados qu\u00edmicos voc\u00ea prefere. N\u00f3s cobrimos voc\u00ea.<\/p>\n<p>Temos um 3-FPM \u00e0 venda que \u00e9 apenas para pesquisa, n\u00e3o para venda. N\u00e3o \u00e9 para uso em casa. As pessoas que compram 3-FPM de n\u00f3s devem ter pelo menos 18 anos e estar em total conformidade com as leis de seu pa\u00eds.<\/p>\n<p>3-FPM \u00e9 legal.<\/p>\n<p>3-FPM \u00e9 n\u00e3o \u00e9 legal comprar, vender ou possuir em Israel, Su\u00ed\u00e7a ou Estados Unidos, ent\u00e3o voc\u00ea n\u00e3o pode fazer isso. No Reino Unido, acredita-se que seja semelhante \u00e0 fenmetrazina, que \u00e9 um medicamento que n\u00e3o \u00e9 seguro para as pessoas tomarem.<\/p>\n<p>Um local fresco e seco \u00e9 sempre melhor para uma melhor vida \u00fatil. Este produto \u00e9 apenas para uso forense e de pesquisa. N\u00e3o deve ser comido por humanos ou testado em animais ou qualquer outro ser vivo.<\/p>\n","protected":false},"excerpt":{"rendered":"<div class=\"woocommerce-product-details__short-description\">\n<p>COMPRE 3-FPM3-FPM (tamb\u00e9m conhecido como 3-Fluorofenmetrazina, 3F-Fenmetrazina e PAL-593) \u00e9 um novo estimulante \u00e0 base de fenilmorfolina.<\/p>\n<p>3-Fluorofenmetrazina, tamb\u00e9m conhecida como 3F-Fenmetrazina, PAL-593 e 3-FPM, \u00e9 um novo estimulante da classe fenilmorfolina.<\/p>\n<p>Compre 3-FPM Online<\/p>\n<p>3F-fenmetrazina pode ser comprada online.<\/p>\n<p>3F-fenmetrazina est\u00e1 dispon\u00edvel como uma subst\u00e2ncia branca cristalina ou em p\u00f3. A 3F-fenmetrazina \u00e9 sol\u00favel em solventes org\u00e2nicos, como metanol, etanol, dimetilformamida (DMF) e diclorometano (DCM), que devem ser purgados com um g\u00e1s inerte.<\/p>\n<\/p><\/div>\n","protected":false},"featured_media":5376,"comment_status":"open","ping_status":"closed","template":"","meta":[],"product_brand":[],"product_cat":[2014],"product_tag":[],"class_list":{"0":"post-5366","1":"product","2":"type-product","3":"status-publish","4":"has-post-thumbnail","6":"product_cat-compre-produtos-quimicos-de-pesquisa","8":"first","9":"instock","10":"shipping-taxable","11":"purchasable","12":"product-type-variable","13":"has-default-attributes"},"yoast_head":"<!-- This site is optimized with the Yoast SEO plugin v27.3 - https:\/\/yoast.com\/product\/yoast-seo-wordpress\/ -->\n<title>Compre 3F-Fenmetrazina - Melhores Melhores Medicamentos Globais<\/title>\n<meta name=\"description\" content=\"COMPRAR 3-FPM3-FPM para venda (tamb\u00e9m conhecido como 3-Fluorofenmetrazina, 3F-Fenmetrazina e PAL-593) \u00e9 uma nova subst\u00e2ncia estimulante da classe das fenilmorfolinas.\" \/>\n<meta name=\"robots\" content=\"index, follow, max-snippet:-1, max-image-preview:large, max-video-preview:-1\" \/>\n<link rel=\"canonical\" href=\"https:\/\/medicinasinc.com\/pt\/product\/buy-3f-fenmetrazina\/\" \/>\n<meta property=\"og:locale\" content=\"pt_PT\" \/>\n<meta property=\"og:type\" content=\"article\" \/>\n<meta property=\"og:title\" content=\"Compre 3F-Fenmetrazina - Melhores Melhores Medicamentos Globais\" \/>\n<meta property=\"og:description\" content=\"COMPRAR 3-FPM3-FPM para venda (tamb\u00e9m conhecido como 3-Fluorofenmetrazina, 3F-Fenmetrazina e PAL-593) \u00e9 uma nova subst\u00e2ncia estimulante da classe das fenilmorfolinas.\" \/>\n<meta property=\"og:url\" content=\"https:\/\/medicinasinc.com\/pt\/product\/buy-3f-fenmetrazina\/\" \/>\n<meta property=\"og:site_name\" content=\"Medicinas Inc\" \/>\n<meta property=\"article:modified_time\" content=\"2022-07-05T23:14:15+00:00\" \/>\n<meta property=\"og:image\" content=\"https:\/\/medicinasinc.com\/pt\/wp-content\/uploads\/sites\/20\/2022\/02\/3fpm.jpg\" \/>\n\t<meta property=\"og:image:width\" content=\"600\" \/>\n\t<meta property=\"og:image:height\" content=\"600\" \/>\n\t<meta property=\"og:image:type\" content=\"image\/jpeg\" \/>\n<meta name=\"twitter:card\" content=\"summary_large_image\" \/>\n<meta name=\"twitter:label1\" content=\"Tempo estimado de leitura\" \/>\n\t<meta name=\"twitter:data1\" content=\"2 minutos\" \/>\n<script type=\"application\/ld+json\" class=\"yoast-schema-graph\">{\"@context\":\"https:\\\/\\\/schema.org\",\"@graph\":[{\"@type\":\"WebPage\",\"@id\":\"https:\\\/\\\/medicinasinc.com\\\/pt\\\/product\\\/buy-3f-fenmetrazina\\\/\",\"url\":\"https:\\\/\\\/medicinasinc.com\\\/pt\\\/product\\\/buy-3f-fenmetrazina\\\/\",\"name\":\"Compre 3F-Fenmetrazina - Melhores Melhores Medicamentos Globais\",\"isPartOf\":{\"@id\":\"https:\\\/\\\/medicinasinc.com\\\/pt\\\/#website\"},\"primaryImageOfPage\":{\"@id\":\"https:\\\/\\\/medicinasinc.com\\\/pt\\\/product\\\/buy-3f-fenmetrazina\\\/#primaryimage\"},\"image\":{\"@id\":\"https:\\\/\\\/medicinasinc.com\\\/pt\\\/product\\\/buy-3f-fenmetrazina\\\/#primaryimage\"},\"thumbnailUrl\":\"https:\\\/\\\/medicinasinc.com\\\/pt\\\/wp-content\\\/uploads\\\/sites\\\/20\\\/2022\\\/02\\\/3fpm.jpg\",\"datePublished\":\"2022-02-21T21:52:02+00:00\",\"dateModified\":\"2022-07-05T23:14:15+00:00\",\"description\":\"COMPRAR 3-FPM3-FPM para venda (tamb\u00e9m conhecido como 3-Fluorofenmetrazina, 3F-Fenmetrazina e PAL-593) \u00e9 uma nova subst\u00e2ncia estimulante da classe das fenilmorfolinas.\",\"breadcrumb\":{\"@id\":\"https:\\\/\\\/medicinasinc.com\\\/pt\\\/product\\\/buy-3f-fenmetrazina\\\/#breadcrumb\"},\"inLanguage\":\"pt-PT\",\"potentialAction\":[{\"@type\":\"ReadAction\",\"target\":[\"https:\\\/\\\/medicinasinc.com\\\/pt\\\/product\\\/buy-3f-fenmetrazina\\\/\"]}]},{\"@type\":\"ImageObject\",\"inLanguage\":\"pt-PT\",\"@id\":\"https:\\\/\\\/medicinasinc.com\\\/pt\\\/product\\\/buy-3f-fenmetrazina\\\/#primaryimage\",\"url\":\"https:\\\/\\\/medicinasinc.com\\\/pt\\\/wp-content\\\/uploads\\\/sites\\\/20\\\/2022\\\/02\\\/3fpm.jpg\",\"contentUrl\":\"https:\\\/\\\/medicinasinc.com\\\/pt\\\/wp-content\\\/uploads\\\/sites\\\/20\\\/2022\\\/02\\\/3fpm.jpg\",\"width\":600,\"height\":600},{\"@type\":\"BreadcrumbList\",\"@id\":\"https:\\\/\\\/medicinasinc.com\\\/pt\\\/product\\\/buy-3f-fenmetrazina\\\/#breadcrumb\",\"itemListElement\":[{\"@type\":\"ListItem\",\"position\":1,\"name\":\"Comprar\",\"item\":\"https:\\\/\\\/medicinasinc.com\\\/pt\\\/comprar\\\/\"},{\"@type\":\"ListItem\",\"position\":2,\"name\":\"Compre 3F-Fenmetrazina\"}]},{\"@type\":\"WebSite\",\"@id\":\"https:\\\/\\\/medicinasinc.com\\\/pt\\\/#website\",\"url\":\"https:\\\/\\\/medicinasinc.com\\\/pt\\\/\",\"name\":\"Medicinas Inc\",\"description\":\"Health Medical Clinic\",\"potentialAction\":[{\"@type\":\"SearchAction\",\"target\":{\"@type\":\"EntryPoint\",\"urlTemplate\":\"https:\\\/\\\/medicinasinc.com\\\/pt\\\/?s={search_term_string}\"},\"query-input\":{\"@type\":\"PropertyValueSpecification\",\"valueRequired\":true,\"valueName\":\"search_term_string\"}}],\"inLanguage\":\"pt-PT\"}]}<\/script>\n<!-- \/ Yoast SEO plugin. -->","yoast_head_json":{"title":"Compre 3F-Fenmetrazina - Melhores Melhores Medicamentos Globais","description":"COMPRAR 3-FPM3-FPM para venda (tamb\u00e9m conhecido como 3-Fluorofenmetrazina, 3F-Fenmetrazina e PAL-593) \u00e9 uma nova subst\u00e2ncia estimulante da classe das fenilmorfolinas.","robots":{"index":"index","follow":"follow","max-snippet":"max-snippet:-1","max-image-preview":"max-image-preview:large","max-video-preview":"max-video-preview:-1"},"canonical":"https:\/\/medicinasinc.com\/pt\/product\/buy-3f-fenmetrazina\/","og_locale":"pt_PT","og_type":"article","og_title":"Compre 3F-Fenmetrazina - Melhores Melhores Medicamentos Globais","og_description":"COMPRAR 3-FPM3-FPM para venda (tamb\u00e9m conhecido como 3-Fluorofenmetrazina, 3F-Fenmetrazina e PAL-593) \u00e9 uma nova subst\u00e2ncia estimulante da classe das fenilmorfolinas.","og_url":"https:\/\/medicinasinc.com\/pt\/product\/buy-3f-fenmetrazina\/","og_site_name":"Medicinas Inc","article_modified_time":"2022-07-05T23:14:15+00:00","og_image":[{"width":600,"height":600,"url":"https:\/\/medicinasinc.com\/pt\/wp-content\/uploads\/sites\/20\/2022\/02\/3fpm.jpg","type":"image\/jpeg"}],"twitter_card":"summary_large_image","twitter_misc":{"Tempo estimado de leitura":"2 minutos"},"schema":{"@context":"https:\/\/schema.org","@graph":[{"@type":"WebPage","@id":"https:\/\/medicinasinc.com\/pt\/product\/buy-3f-fenmetrazina\/","url":"https:\/\/medicinasinc.com\/pt\/product\/buy-3f-fenmetrazina\/","name":"Compre 3F-Fenmetrazina - Melhores Melhores Medicamentos Globais","isPartOf":{"@id":"https:\/\/medicinasinc.com\/pt\/#website"},"primaryImageOfPage":{"@id":"https:\/\/medicinasinc.com\/pt\/product\/buy-3f-fenmetrazina\/#primaryimage"},"image":{"@id":"https:\/\/medicinasinc.com\/pt\/product\/buy-3f-fenmetrazina\/#primaryimage"},"thumbnailUrl":"https:\/\/medicinasinc.com\/pt\/wp-content\/uploads\/sites\/20\/2022\/02\/3fpm.jpg","datePublished":"2022-02-21T21:52:02+00:00","dateModified":"2022-07-05T23:14:15+00:00","description":"COMPRAR 3-FPM3-FPM para venda (tamb\u00e9m conhecido como 3-Fluorofenmetrazina, 3F-Fenmetrazina e PAL-593) \u00e9 uma nova subst\u00e2ncia estimulante da classe das fenilmorfolinas.","breadcrumb":{"@id":"https:\/\/medicinasinc.com\/pt\/product\/buy-3f-fenmetrazina\/#breadcrumb"},"inLanguage":"pt-PT","potentialAction":[{"@type":"ReadAction","target":["https:\/\/medicinasinc.com\/pt\/product\/buy-3f-fenmetrazina\/"]}]},{"@type":"ImageObject","inLanguage":"pt-PT","@id":"https:\/\/medicinasinc.com\/pt\/product\/buy-3f-fenmetrazina\/#primaryimage","url":"https:\/\/medicinasinc.com\/pt\/wp-content\/uploads\/sites\/20\/2022\/02\/3fpm.jpg","contentUrl":"https:\/\/medicinasinc.com\/pt\/wp-content\/uploads\/sites\/20\/2022\/02\/3fpm.jpg","width":600,"height":600},{"@type":"BreadcrumbList","@id":"https:\/\/medicinasinc.com\/pt\/product\/buy-3f-fenmetrazina\/#breadcrumb","itemListElement":[{"@type":"ListItem","position":1,"name":"Comprar","item":"https:\/\/medicinasinc.com\/pt\/comprar\/"},{"@type":"ListItem","position":2,"name":"Compre 3F-Fenmetrazina"}]},{"@type":"WebSite","@id":"https:\/\/medicinasinc.com\/pt\/#website","url":"https:\/\/medicinasinc.com\/pt\/","name":"Medicinas Inc","description":"Health Medical Clinic","potentialAction":[{"@type":"SearchAction","target":{"@type":"EntryPoint","urlTemplate":"https:\/\/medicinasinc.com\/pt\/?s={search_term_string}"},"query-input":{"@type":"PropertyValueSpecification","valueRequired":true,"valueName":"search_term_string"}}],"inLanguage":"pt-PT"}]}},"_links":{"self":[{"href":"https:\/\/medicinasinc.com\/pt\/wp-json\/wp\/v2\/product\/5366","targetHints":{"allow":["GET"]}}],"collection":[{"href":"https:\/\/medicinasinc.com\/pt\/wp-json\/wp\/v2\/product"}],"about":[{"href":"https:\/\/medicinasinc.com\/pt\/wp-json\/wp\/v2\/types\/product"}],"replies":[{"embeddable":true,"href":"https:\/\/medicinasinc.com\/pt\/wp-json\/wp\/v2\/comments?post=5366"}],"wp:featuredmedia":[{"embeddable":true,"href":"https:\/\/medicinasinc.com\/pt\/wp-json\/wp\/v2\/media\/5376"}],"wp:attachment":[{"href":"https:\/\/medicinasinc.com\/pt\/wp-json\/wp\/v2\/media?parent=5366"}],"wp:term":[{"taxonomy":"product_brand","embeddable":true,"href":"https:\/\/medicinasinc.com\/pt\/wp-json\/wp\/v2\/product_brand?post=5366"},{"taxonomy":"product_cat","embeddable":true,"href":"https:\/\/medicinasinc.com\/pt\/wp-json\/wp\/v2\/product_cat?post=5366"},{"taxonomy":"product_tag","embeddable":true,"href":"https:\/\/medicinasinc.com\/pt\/wp-json\/wp\/v2\/product_tag?post=5366"}],"curies":[{"name":"wp","href":"https:\/\/api.w.org\/{rel}","templated":true}]}}