{"id":5342,"date":"2022-02-21T21:20:00","date_gmt":"2022-02-21T21:20:00","guid":{"rendered":"https:\/\/medicinasinc.com\/pt\/?post_type=product&#038;p=5342"},"modified":"2022-07-05T23:14:43","modified_gmt":"2022-07-05T23:14:43","slug":"buy-3-fmc-3-fluoromethcatinona","status":"publish","type":"product","link":"https:\/\/medicinasinc.com\/pt\/product\/buy-3-fmc-3-fluoromethcatinona\/","title":{"rendered":"Compre 3-FMC 3-Fluoromethcathinone"},"content":{"rendered":"<p><strong>Compre o 3-FMC Powder para fins de pesquisa<\/strong><\/p>\n<p>CONSULTE O 3-FMC POWDER Chemical<\/p>\n<p>Compre o 3-FMC Powder Chemical a granel.<\/p>\n<p>Fa\u00e7a seu pedido on-line hoje.<\/p>\n<p>Pre\u00e7o baixo garantido.<\/p>\n<p>O p\u00f3 de 3-FMC \u00e9 um estimulante classificado quimicamente como fenetilamina, anfetamina e catinona. \u00c9 o is\u00f4mero estrutural de 4-FMC (Flefedrona) (RS)<\/p>\n<p>-1-(3-Fluorofenil)<\/p>\n<p>-2-metilaminopropan-1-ona<\/p>\n<p>Somente para uso de reagente<\/p>\n<p>https:\/\/www.bestglobalmeds.com\/product\/research-chemicals\/3-fmc\/<\/p>\n<div class=\"product-next-previous\">\n<div class=\"product-prev\"><\/div><\/div>\n","protected":false},"excerpt":{"rendered":"<p>Compre 3-FMC Powder Research Chemical para venda na Europa. Compre 3-Fluoromethcathinone Powder Chemical por atacado a granel. Fa\u00e7a o pedido on-line hoje. Pre\u00e7o barato em atacado garantido.<\/p>\n<p><em>Compre 3<\/em>&#8211;<em>FMC<\/em>\u00a0Powder UK, Europe. <em>3<\/em>&#8211;<em>FMC<\/em>\u00a0P\u00f3 \u00e0 venda, est\u00e1 dispon\u00edvel sob a marca de flefedrona \u00e9 uma droga de designer com propriedades estimulantes.<\/p>\n","protected":false},"featured_media":5354,"comment_status":"open","ping_status":"closed","template":"","meta":[],"product_brand":[],"product_cat":[2014],"product_tag":[2097,2099,2098,2100],"class_list":{"0":"post-5342","1":"product","2":"type-product","3":"status-publish","4":"has-post-thumbnail","6":"product_cat-compre-produtos-quimicos-de-pesquisa","7":"product_tag-3-fmc-for-sale","8":"product_tag-buy-research-chemicals","9":"product_tag-comprar-3-fmc","10":"product_tag-onde-posso-comprar-3-fmc","12":"first","13":"instock","14":"shipping-taxable","15":"purchasable","16":"product-type-variable","17":"has-default-attributes"},"yoast_head":"<!-- This site is optimized with the Yoast SEO plugin v27.3 - https:\/\/yoast.com\/product\/yoast-seo-wordpress\/ -->\n<title>Compre 3-FMC 3-Fluoromethcathinone - Best Best Global Meds<\/title>\n<meta name=\"description\" content=\"Compre 3-FMC Powder Research Chemical para venda na Europa. Compre 3-Fluoromethcathinone Powder Chemical por atacado a granel. Encomende online hoje. Pre\u00e7o a granel barato garantido.\" \/>\n<meta name=\"robots\" content=\"index, follow, max-snippet:-1, max-image-preview:large, max-video-preview:-1\" \/>\n<link rel=\"canonical\" href=\"https:\/\/medicinasinc.com\/pt\/product\/buy-3-fmc-3-fluoromethcatinona\/\" \/>\n<meta property=\"og:locale\" content=\"pt_PT\" \/>\n<meta property=\"og:type\" content=\"article\" \/>\n<meta property=\"og:title\" content=\"Compre 3-FMC 3-Fluoromethcathinone - Best Best Global Meds\" \/>\n<meta property=\"og:description\" content=\"Compre 3-FMC Powder Research Chemical para venda na Europa. Compre 3-Fluoromethcathinone Powder Chemical por atacado a granel. Encomende online hoje. Pre\u00e7o a granel barato garantido.\" \/>\n<meta property=\"og:url\" content=\"https:\/\/medicinasinc.com\/pt\/product\/buy-3-fmc-3-fluoromethcatinona\/\" \/>\n<meta property=\"og:site_name\" content=\"Medicinas Inc\" \/>\n<meta property=\"article:modified_time\" content=\"2022-07-05T23:14:43+00:00\" \/>\n<meta property=\"og:image\" content=\"https:\/\/medicinasinc.com\/pt\/wp-content\/uploads\/sites\/20\/2022\/02\/buy-3-FMC.jpg\" \/>\n\t<meta property=\"og:image:width\" content=\"500\" \/>\n\t<meta property=\"og:image:height\" content=\"375\" \/>\n\t<meta property=\"og:image:type\" content=\"image\/jpeg\" \/>\n<meta name=\"twitter:card\" content=\"summary_large_image\" \/>\n<meta name=\"twitter:label1\" content=\"Tempo estimado de leitura\" \/>\n\t<meta name=\"twitter:data1\" content=\"1 minuto\" \/>\n<script type=\"application\/ld+json\" class=\"yoast-schema-graph\">{\"@context\":\"https:\\\/\\\/schema.org\",\"@graph\":[{\"@type\":\"WebPage\",\"@id\":\"https:\\\/\\\/medicinasinc.com\\\/pt\\\/product\\\/buy-3-fmc-3-fluoromethcatinona\\\/\",\"url\":\"https:\\\/\\\/medicinasinc.com\\\/pt\\\/product\\\/buy-3-fmc-3-fluoromethcatinona\\\/\",\"name\":\"Compre 3-FMC 3-Fluoromethcathinone - Best Best Global Meds\",\"isPartOf\":{\"@id\":\"https:\\\/\\\/medicinasinc.com\\\/pt\\\/#website\"},\"primaryImageOfPage\":{\"@id\":\"https:\\\/\\\/medicinasinc.com\\\/pt\\\/product\\\/buy-3-fmc-3-fluoromethcatinona\\\/#primaryimage\"},\"image\":{\"@id\":\"https:\\\/\\\/medicinasinc.com\\\/pt\\\/product\\\/buy-3-fmc-3-fluoromethcatinona\\\/#primaryimage\"},\"thumbnailUrl\":\"https:\\\/\\\/medicinasinc.com\\\/pt\\\/wp-content\\\/uploads\\\/sites\\\/20\\\/2022\\\/02\\\/buy-3-FMC.jpg\",\"datePublished\":\"2022-02-21T21:20:00+00:00\",\"dateModified\":\"2022-07-05T23:14:43+00:00\",\"description\":\"Compre 3-FMC Powder Research Chemical para venda na Europa. Compre 3-Fluoromethcathinone Powder Chemical por atacado a granel. Encomende online hoje. Pre\u00e7o a granel barato garantido.\",\"breadcrumb\":{\"@id\":\"https:\\\/\\\/medicinasinc.com\\\/pt\\\/product\\\/buy-3-fmc-3-fluoromethcatinona\\\/#breadcrumb\"},\"inLanguage\":\"pt-PT\",\"potentialAction\":[{\"@type\":\"ReadAction\",\"target\":[\"https:\\\/\\\/medicinasinc.com\\\/pt\\\/product\\\/buy-3-fmc-3-fluoromethcatinona\\\/\"]}]},{\"@type\":\"ImageObject\",\"inLanguage\":\"pt-PT\",\"@id\":\"https:\\\/\\\/medicinasinc.com\\\/pt\\\/product\\\/buy-3-fmc-3-fluoromethcatinona\\\/#primaryimage\",\"url\":\"https:\\\/\\\/medicinasinc.com\\\/pt\\\/wp-content\\\/uploads\\\/sites\\\/20\\\/2022\\\/02\\\/buy-3-FMC.jpg\",\"contentUrl\":\"https:\\\/\\\/medicinasinc.com\\\/pt\\\/wp-content\\\/uploads\\\/sites\\\/20\\\/2022\\\/02\\\/buy-3-FMC.jpg\",\"width\":500,\"height\":375},{\"@type\":\"BreadcrumbList\",\"@id\":\"https:\\\/\\\/medicinasinc.com\\\/pt\\\/product\\\/buy-3-fmc-3-fluoromethcatinona\\\/#breadcrumb\",\"itemListElement\":[{\"@type\":\"ListItem\",\"position\":1,\"name\":\"Comprar\",\"item\":\"https:\\\/\\\/medicinasinc.com\\\/pt\\\/comprar\\\/\"},{\"@type\":\"ListItem\",\"position\":2,\"name\":\"Compre 3-FMC 3-Fluoromethcathinone\"}]},{\"@type\":\"WebSite\",\"@id\":\"https:\\\/\\\/medicinasinc.com\\\/pt\\\/#website\",\"url\":\"https:\\\/\\\/medicinasinc.com\\\/pt\\\/\",\"name\":\"Medicinas Inc\",\"description\":\"Health Medical Clinic\",\"potentialAction\":[{\"@type\":\"SearchAction\",\"target\":{\"@type\":\"EntryPoint\",\"urlTemplate\":\"https:\\\/\\\/medicinasinc.com\\\/pt\\\/?s={search_term_string}\"},\"query-input\":{\"@type\":\"PropertyValueSpecification\",\"valueRequired\":true,\"valueName\":\"search_term_string\"}}],\"inLanguage\":\"pt-PT\"}]}<\/script>\n<!-- \/ Yoast SEO plugin. -->","yoast_head_json":{"title":"Compre 3-FMC 3-Fluoromethcathinone - Best Best Global Meds","description":"Compre 3-FMC Powder Research Chemical para venda na Europa. Compre 3-Fluoromethcathinone Powder Chemical por atacado a granel. Encomende online hoje. Pre\u00e7o a granel barato garantido.","robots":{"index":"index","follow":"follow","max-snippet":"max-snippet:-1","max-image-preview":"max-image-preview:large","max-video-preview":"max-video-preview:-1"},"canonical":"https:\/\/medicinasinc.com\/pt\/product\/buy-3-fmc-3-fluoromethcatinona\/","og_locale":"pt_PT","og_type":"article","og_title":"Compre 3-FMC 3-Fluoromethcathinone - Best Best Global Meds","og_description":"Compre 3-FMC Powder Research Chemical para venda na Europa. Compre 3-Fluoromethcathinone Powder Chemical por atacado a granel. Encomende online hoje. Pre\u00e7o a granel barato garantido.","og_url":"https:\/\/medicinasinc.com\/pt\/product\/buy-3-fmc-3-fluoromethcatinona\/","og_site_name":"Medicinas Inc","article_modified_time":"2022-07-05T23:14:43+00:00","og_image":[{"width":500,"height":375,"url":"https:\/\/medicinasinc.com\/pt\/wp-content\/uploads\/sites\/20\/2022\/02\/buy-3-FMC.jpg","type":"image\/jpeg"}],"twitter_card":"summary_large_image","twitter_misc":{"Tempo estimado de leitura":"1 minuto"},"schema":{"@context":"https:\/\/schema.org","@graph":[{"@type":"WebPage","@id":"https:\/\/medicinasinc.com\/pt\/product\/buy-3-fmc-3-fluoromethcatinona\/","url":"https:\/\/medicinasinc.com\/pt\/product\/buy-3-fmc-3-fluoromethcatinona\/","name":"Compre 3-FMC 3-Fluoromethcathinone - Best Best Global Meds","isPartOf":{"@id":"https:\/\/medicinasinc.com\/pt\/#website"},"primaryImageOfPage":{"@id":"https:\/\/medicinasinc.com\/pt\/product\/buy-3-fmc-3-fluoromethcatinona\/#primaryimage"},"image":{"@id":"https:\/\/medicinasinc.com\/pt\/product\/buy-3-fmc-3-fluoromethcatinona\/#primaryimage"},"thumbnailUrl":"https:\/\/medicinasinc.com\/pt\/wp-content\/uploads\/sites\/20\/2022\/02\/buy-3-FMC.jpg","datePublished":"2022-02-21T21:20:00+00:00","dateModified":"2022-07-05T23:14:43+00:00","description":"Compre 3-FMC Powder Research Chemical para venda na Europa. Compre 3-Fluoromethcathinone Powder Chemical por atacado a granel. Encomende online hoje. Pre\u00e7o a granel barato garantido.","breadcrumb":{"@id":"https:\/\/medicinasinc.com\/pt\/product\/buy-3-fmc-3-fluoromethcatinona\/#breadcrumb"},"inLanguage":"pt-PT","potentialAction":[{"@type":"ReadAction","target":["https:\/\/medicinasinc.com\/pt\/product\/buy-3-fmc-3-fluoromethcatinona\/"]}]},{"@type":"ImageObject","inLanguage":"pt-PT","@id":"https:\/\/medicinasinc.com\/pt\/product\/buy-3-fmc-3-fluoromethcatinona\/#primaryimage","url":"https:\/\/medicinasinc.com\/pt\/wp-content\/uploads\/sites\/20\/2022\/02\/buy-3-FMC.jpg","contentUrl":"https:\/\/medicinasinc.com\/pt\/wp-content\/uploads\/sites\/20\/2022\/02\/buy-3-FMC.jpg","width":500,"height":375},{"@type":"BreadcrumbList","@id":"https:\/\/medicinasinc.com\/pt\/product\/buy-3-fmc-3-fluoromethcatinona\/#breadcrumb","itemListElement":[{"@type":"ListItem","position":1,"name":"Comprar","item":"https:\/\/medicinasinc.com\/pt\/comprar\/"},{"@type":"ListItem","position":2,"name":"Compre 3-FMC 3-Fluoromethcathinone"}]},{"@type":"WebSite","@id":"https:\/\/medicinasinc.com\/pt\/#website","url":"https:\/\/medicinasinc.com\/pt\/","name":"Medicinas Inc","description":"Health Medical Clinic","potentialAction":[{"@type":"SearchAction","target":{"@type":"EntryPoint","urlTemplate":"https:\/\/medicinasinc.com\/pt\/?s={search_term_string}"},"query-input":{"@type":"PropertyValueSpecification","valueRequired":true,"valueName":"search_term_string"}}],"inLanguage":"pt-PT"}]}},"_links":{"self":[{"href":"https:\/\/medicinasinc.com\/pt\/wp-json\/wp\/v2\/product\/5342","targetHints":{"allow":["GET"]}}],"collection":[{"href":"https:\/\/medicinasinc.com\/pt\/wp-json\/wp\/v2\/product"}],"about":[{"href":"https:\/\/medicinasinc.com\/pt\/wp-json\/wp\/v2\/types\/product"}],"replies":[{"embeddable":true,"href":"https:\/\/medicinasinc.com\/pt\/wp-json\/wp\/v2\/comments?post=5342"}],"wp:featuredmedia":[{"embeddable":true,"href":"https:\/\/medicinasinc.com\/pt\/wp-json\/wp\/v2\/media\/5354"}],"wp:attachment":[{"href":"https:\/\/medicinasinc.com\/pt\/wp-json\/wp\/v2\/media?parent=5342"}],"wp:term":[{"taxonomy":"product_brand","embeddable":true,"href":"https:\/\/medicinasinc.com\/pt\/wp-json\/wp\/v2\/product_brand?post=5342"},{"taxonomy":"product_cat","embeddable":true,"href":"https:\/\/medicinasinc.com\/pt\/wp-json\/wp\/v2\/product_cat?post=5342"},{"taxonomy":"product_tag","embeddable":true,"href":"https:\/\/medicinasinc.com\/pt\/wp-json\/wp\/v2\/product_tag?post=5342"}],"curies":[{"name":"wp","href":"https:\/\/api.w.org\/{rel}","templated":true}]}}