{"id":5341,"date":"2022-02-21T21:16:40","date_gmt":"2022-02-21T21:16:40","guid":{"rendered":"https:\/\/medicinasinc.com\/pt\/?post_type=product&#038;p=5341"},"modified":"2022-07-05T23:14:56","modified_gmt":"2022-07-05T23:14:56","slug":"comprar-2c-e-pesquisa-quimica","status":"publish","type":"product","link":"https:\/\/medicinasinc.com\/pt\/product\/comprar-2c-e-pesquisa-quimica\/","title":{"rendered":"Compre o Qu\u00edmico de Pesquisa 2C-E"},"content":{"rendered":"<p>O produto qu\u00edmico de pesquisa 2C-E pode ser comprado on-line.<\/p>\n<p>O produto qu\u00edmico de pesquisa 2C-E pode ser adquirido on-line.<\/p>\n<p>Fornecedor de produto qu\u00edmico de pesquisa 2c e, 2ce, comprador 2c e, 2c e \u00e0 venda<\/p>\n<p>Compra online de produtos qu\u00edmicos de pesquisa 2C-E<\/p>\n<p>Alexander Shulgin descobre a droga 2C-E e conquista muitos seguidores.<\/p>\n<p>Compra online de Produtos qu\u00edmicos de pesquisa 2C-E<\/p>\n<p>O agente qu\u00edmico 2C-E (trip) \u00e9 um membro da fam\u00edlia 2C, que tamb\u00e9m inclui 2C-I e 2C-H. 2C-E \u00e9 um composto alucin\u00f3geno derivado da feniletilamina. Ap\u00f3s uma s\u00e9rie de testes de pesquisa, sabemos agora que a dose t\u00edpica de p\u00f3 de 2C-E para administra\u00e7\u00e3o intranasal n\u00e3o deve exceder 5 miligramas. No entanto, a dose n\u00e3o deve exceder cerca de 10-20 miligramas quando usada por via oral. \u00c9 relatado que ap\u00f3s aproximadamente 10 minutos de inala\u00e7\u00e3o pelo nariz, ocorre uma queima\u00e7\u00e3o significativa. Shulgin refere-se a 2C-E, junto com mescalina, 2C-T-2, 2C-B e 2C-T-7, como a \u201cmeia d\u00fazia m\u00e1gica\u201d em seu livro PiHKAL. A compra on-line de produtos qu\u00edmicos de pesquisa 2C-E<\/p>\n<p>2C-E tem os seguintes efeitos: uma explos\u00e3o de energia, um aumento na inventividade, efeitos visuais e um aumento na t\u00e1tica. Al\u00e9m disso, h\u00e1 mudan\u00e7as na consci\u00eancia, dificuldades de concentra\u00e7\u00e3o, o pulso acelera e a temperatura do corpo pode subir um pouco. Al\u00e9m disso, 2C-E causa tontura, n\u00e1usea, hipersensibilidade ao ru\u00eddo e p\u00e2nico. 2C-E \u00e0 venda na internet<\/p>\n<p>A dura\u00e7\u00e3o da a\u00e7\u00e3o de 2C-E \u00e9 normalmente entre 4 e 9 horas. Quando comparamos 2C-E com 2C-I durante os testes, descobrimos que 2C-E produz impactos visuais e auditivos mais percept\u00edveis.<\/p>\n<p>Voc\u00ea pode comprar 2C-E (viagem) em nosso site apenas para investiga\u00e7\u00f5es qu\u00edmicas e exames laboratoriais; no entanto, voc\u00ea deve primeiro determinar se essa prepara\u00e7\u00e3o \u00e9 legal em seu local. Fornecemos materiais de alta qualidade.<\/p>\n","protected":false},"excerpt":{"rendered":"<p>&nbsp;<\/p>\n<p>Compre o produto qu\u00edmico de pesquisa 2C-E \u00e0 venda on-line na Europa, Reino Unido e UE. Compre o produto qu\u00edmico de pesquisa 2C-E. Sal\/p\u00f3 de 2C-E (4-etil-2,5-dimetoxi): uma anfetamina psicod\u00e9lica.<\/p>\n<p><em>Compre 2C<\/em>&#8211;<em>E<\/em> Fornecedor aprovado para pesquisa qu\u00edmica. Pureza de grau superior, pre\u00e7os justos, entrega r\u00e1pida garantida, pol\u00edtica de reembolso \/ devolu\u00e7\u00e3o, \u00f3timo atendimento ao cliente.<\/p>\n","protected":false},"featured_media":5352,"comment_status":"open","ping_status":"closed","template":"","meta":[],"product_brand":[],"product_cat":[2014],"product_tag":[2027,2028,2029,2031,2034,2035,2036,2041,2042,2043,2044,2046,2038,2039,2040,2047,2048,2049,2032,2051,2052,2053,2055,2057,2058,2059,2060,2064,2065,2066,2071,2072,2073,2075,2080,2081,2082,2083,2084,2090,2045,2063,2068,2056,2061,2062,2070,2067,2074,2069,2076,2077,2078,2030,2033,2087,2037,2085,2086,2091,2079,2096,2095,2088,2089,2092,2093,2094,2050,2054],"class_list":{"0":"post-5341","1":"product","2":"type-product","3":"status-publish","4":"has-post-thumbnail","6":"product_cat-compre-produtos-quimicos-de-pesquisa","7":"product_tag-2c-e-compra-online","8":"product_tag-2c-e","9":"product_tag-2c-e-comprar","10":"product_tag-2c-e-droga-para-venda","11":"product_tag-2c-e-erfahrung","12":"product_tag-2c-e-erowid","13":"product_tag-2c-e-europa","14":"product_tag-2c-e-heroic-dose","15":"product_tag-2c-e-is-a-psychedelic-phenethylamine-of-the-2c-family-it-was-first-synthesized-by-alexander-shulgin","16":"product_tag-2c-e-kaufen","17":"product_tag-2c-e-kopen","18":"product_tag-2c-e-online","19":"product_tag-2c-e-venda","20":"product_tag-2c-e-para-venda-elemento-qumico","21":"product_tag-2c-e-para-venda-online","22":"product_tag-2c-e-psiconauta","23":"product_tag-2c-e-reddit","24":"product_tag-2c-e-sell","25":"product_tag-2c-e-teste-de-drogas","26":"product_tag-2c-e-wiki","27":"product_tag-2c-e-wikipedia","28":"product_tag-2c-e-nbome","29":"product_tag-2c-i","30":"product_tag-4-etil-2","31":"product_tag-4-metil-2-5-dimetoxianfetamina","32":"product_tag-5-dimetoxi","33":"product_tag-and-other-psychedelics","34":"product_tag-buy-2c-e-drug","35":"product_tag-buy-2c-e-muscle-tension-online","36":"product_tag-buy-2c-e-online","37":"product_tag-buy-2c-e2c-online-usa","38":"product_tag-buy-2c-i","39":"product_tag-buy-hallucinogenic-drug-2c-e-online","40":"product_tag-buy-research-chemicals-nederland-doc-2c-e-online","41":"product_tag-como-comprar-2c-e-online","42":"product_tag-como-comprar-2c-i","43":"product_tag-como-comprar-produtos-qumicos-de-pesquisa-on-line","44":"product_tag-como-obter-produtos-qumicos-de-pesquisa","45":"product_tag-como-tomar-2c-e-pesquisa-qumicos","46":"product_tag-compra-2c-i","47":"product_tag-2c-e-holands-comprar-rc","48":"product_tag-comprar-2c-e-dosagem-online","49":"product_tag-comprar-2c-e-pesquisa-qumica","50":"product_tag-2ce-comprar","51":"product_tag-comprar-2c-e","52":"product_tag-comprar-2c-e-4-etil-2","53":"product_tag-compre-2c-e-com-entrega-eu-dia-prximo","54":"product_tag-buy-2c-e-online-eua","55":"product_tag-buy-online-2c-e-research-chemicals","56":"product_tag-buy-2c-e-research-chemicals-online","57":"product_tag-dmt","58":"product_tag-dmt-nexus-2c-e","59":"product_tag-do-ssris-interfere-with-shrooms","60":"product_tag-2c-e-droga","61":"product_tag-2c-e-efeitos","62":"product_tag-pedido-2c-e-online","63":"product_tag-2c-e-experi-c3-aancia","64":"product_tag-life-boostr-2c-e-rc-vendor","65":"product_tag-mescalina","66":"product_tag-o-melhor-lugar-para-comprar-2c-i","67":"product_tag-get-2c-e-research-chemical-online","68":"product_tag-onde-comprar-2c-i","69":"product_tag-onde-posso-comprar-2c-e-online","70":"product_tag-ordem-2c-i","71":"product_tag-preo-por-grama-de-2c-e","72":"product_tag-o-que-exatamente-so-2c-es-efeitos-e-porque--popular-entre-pessoas-que-usam-drogas","73":"product_tag-qual--a-diferena-entre-2c-i-e-2c-e","74":"product_tag-qual--o-valor-de-rua-de-um-frasco-de-2c-e","75":"product_tag-2c-e-sntese","76":"product_tag-2c-ef-vendedor","78":"first","79":"instock","80":"shipping-taxable","81":"purchasable","82":"product-type-variable","83":"has-default-attributes"},"yoast_head":"<!-- This site is optimized with the Yoast SEO plugin v27.3 - https:\/\/yoast.com\/product\/yoast-seo-wordpress\/ -->\n<title>Compre 2C-E Research Chemical - Best Best Global Meds<\/title>\n<meta name=\"description\" content=\"Compre 2C-E Research qu\u00edmico para venda online na Europa, Reino Unido, UE. Compre o produto qu\u00edmico de pesquisa 2C-E. Sal\/p\u00f3 de 2C-E (4-etil-2,5-dimetoxi): uma anfetamina psicod\u00e9lica.\" \/>\n<meta name=\"robots\" content=\"index, follow, max-snippet:-1, max-image-preview:large, max-video-preview:-1\" \/>\n<link rel=\"canonical\" href=\"https:\/\/medicinasinc.com\/pt\/product\/comprar-2c-e-pesquisa-quimica\/\" \/>\n<meta property=\"og:locale\" content=\"pt_PT\" \/>\n<meta property=\"og:type\" content=\"article\" \/>\n<meta property=\"og:title\" content=\"Compre 2C-E Research Chemical - Best Best Global Meds\" \/>\n<meta property=\"og:description\" content=\"Compre 2C-E Research qu\u00edmico para venda online na Europa, Reino Unido, UE. Compre o produto qu\u00edmico de pesquisa 2C-E. Sal\/p\u00f3 de 2C-E (4-etil-2,5-dimetoxi): uma anfetamina psicod\u00e9lica.\" \/>\n<meta property=\"og:url\" content=\"https:\/\/medicinasinc.com\/pt\/product\/comprar-2c-e-pesquisa-quimica\/\" \/>\n<meta property=\"og:site_name\" content=\"Medicinas Inc\" \/>\n<meta property=\"article:modified_time\" content=\"2022-07-05T23:14:56+00:00\" \/>\n<meta property=\"og:image\" content=\"https:\/\/medicinasinc.com\/pt\/wp-content\/uploads\/sites\/20\/2022\/02\/Buy-2C-E.jpg\" \/>\n\t<meta property=\"og:image:width\" content=\"234\" \/>\n\t<meta property=\"og:image:height\" content=\"215\" \/>\n\t<meta property=\"og:image:type\" content=\"image\/jpeg\" \/>\n<meta name=\"twitter:card\" content=\"summary_large_image\" \/>\n<meta name=\"twitter:label1\" content=\"Tempo estimado de leitura\" \/>\n\t<meta name=\"twitter:data1\" content=\"2 minutos\" \/>\n<script type=\"application\/ld+json\" class=\"yoast-schema-graph\">{\"@context\":\"https:\\\/\\\/schema.org\",\"@graph\":[{\"@type\":\"WebPage\",\"@id\":\"https:\\\/\\\/medicinasinc.com\\\/pt\\\/product\\\/comprar-2c-e-pesquisa-quimica\\\/\",\"url\":\"https:\\\/\\\/medicinasinc.com\\\/pt\\\/product\\\/comprar-2c-e-pesquisa-quimica\\\/\",\"name\":\"Compre 2C-E Research Chemical - Best Best Global Meds\",\"isPartOf\":{\"@id\":\"https:\\\/\\\/medicinasinc.com\\\/pt\\\/#website\"},\"primaryImageOfPage\":{\"@id\":\"https:\\\/\\\/medicinasinc.com\\\/pt\\\/product\\\/comprar-2c-e-pesquisa-quimica\\\/#primaryimage\"},\"image\":{\"@id\":\"https:\\\/\\\/medicinasinc.com\\\/pt\\\/product\\\/comprar-2c-e-pesquisa-quimica\\\/#primaryimage\"},\"thumbnailUrl\":\"https:\\\/\\\/medicinasinc.com\\\/pt\\\/wp-content\\\/uploads\\\/sites\\\/20\\\/2022\\\/02\\\/Buy-2C-E.jpg\",\"datePublished\":\"2022-02-21T21:16:40+00:00\",\"dateModified\":\"2022-07-05T23:14:56+00:00\",\"description\":\"Compre 2C-E Research qu\u00edmico para venda online na Europa, Reino Unido, UE. Compre o produto qu\u00edmico de pesquisa 2C-E. Sal\\\/p\u00f3 de 2C-E (4-etil-2,5-dimetoxi): uma anfetamina psicod\u00e9lica.\",\"breadcrumb\":{\"@id\":\"https:\\\/\\\/medicinasinc.com\\\/pt\\\/product\\\/comprar-2c-e-pesquisa-quimica\\\/#breadcrumb\"},\"inLanguage\":\"pt-PT\",\"potentialAction\":[{\"@type\":\"ReadAction\",\"target\":[\"https:\\\/\\\/medicinasinc.com\\\/pt\\\/product\\\/comprar-2c-e-pesquisa-quimica\\\/\"]}]},{\"@type\":\"ImageObject\",\"inLanguage\":\"pt-PT\",\"@id\":\"https:\\\/\\\/medicinasinc.com\\\/pt\\\/product\\\/comprar-2c-e-pesquisa-quimica\\\/#primaryimage\",\"url\":\"https:\\\/\\\/medicinasinc.com\\\/pt\\\/wp-content\\\/uploads\\\/sites\\\/20\\\/2022\\\/02\\\/Buy-2C-E.jpg\",\"contentUrl\":\"https:\\\/\\\/medicinasinc.com\\\/pt\\\/wp-content\\\/uploads\\\/sites\\\/20\\\/2022\\\/02\\\/Buy-2C-E.jpg\",\"width\":234,\"height\":215},{\"@type\":\"BreadcrumbList\",\"@id\":\"https:\\\/\\\/medicinasinc.com\\\/pt\\\/product\\\/comprar-2c-e-pesquisa-quimica\\\/#breadcrumb\",\"itemListElement\":[{\"@type\":\"ListItem\",\"position\":1,\"name\":\"Comprar\",\"item\":\"https:\\\/\\\/medicinasinc.com\\\/pt\\\/comprar\\\/\"},{\"@type\":\"ListItem\",\"position\":2,\"name\":\"Compre o Qu\u00edmico de Pesquisa 2C-E\"}]},{\"@type\":\"WebSite\",\"@id\":\"https:\\\/\\\/medicinasinc.com\\\/pt\\\/#website\",\"url\":\"https:\\\/\\\/medicinasinc.com\\\/pt\\\/\",\"name\":\"Medicinas Inc\",\"description\":\"Health Medical Clinic\",\"potentialAction\":[{\"@type\":\"SearchAction\",\"target\":{\"@type\":\"EntryPoint\",\"urlTemplate\":\"https:\\\/\\\/medicinasinc.com\\\/pt\\\/?s={search_term_string}\"},\"query-input\":{\"@type\":\"PropertyValueSpecification\",\"valueRequired\":true,\"valueName\":\"search_term_string\"}}],\"inLanguage\":\"pt-PT\"}]}<\/script>\n<!-- \/ Yoast SEO plugin. -->","yoast_head_json":{"title":"Compre 2C-E Research Chemical - Best Best Global Meds","description":"Compre 2C-E Research qu\u00edmico para venda online na Europa, Reino Unido, UE. Compre o produto qu\u00edmico de pesquisa 2C-E. Sal\/p\u00f3 de 2C-E (4-etil-2,5-dimetoxi): uma anfetamina psicod\u00e9lica.","robots":{"index":"index","follow":"follow","max-snippet":"max-snippet:-1","max-image-preview":"max-image-preview:large","max-video-preview":"max-video-preview:-1"},"canonical":"https:\/\/medicinasinc.com\/pt\/product\/comprar-2c-e-pesquisa-quimica\/","og_locale":"pt_PT","og_type":"article","og_title":"Compre 2C-E Research Chemical - Best Best Global Meds","og_description":"Compre 2C-E Research qu\u00edmico para venda online na Europa, Reino Unido, UE. Compre o produto qu\u00edmico de pesquisa 2C-E. Sal\/p\u00f3 de 2C-E (4-etil-2,5-dimetoxi): uma anfetamina psicod\u00e9lica.","og_url":"https:\/\/medicinasinc.com\/pt\/product\/comprar-2c-e-pesquisa-quimica\/","og_site_name":"Medicinas Inc","article_modified_time":"2022-07-05T23:14:56+00:00","og_image":[{"width":234,"height":215,"url":"https:\/\/medicinasinc.com\/pt\/wp-content\/uploads\/sites\/20\/2022\/02\/Buy-2C-E.jpg","type":"image\/jpeg"}],"twitter_card":"summary_large_image","twitter_misc":{"Tempo estimado de leitura":"2 minutos"},"schema":{"@context":"https:\/\/schema.org","@graph":[{"@type":"WebPage","@id":"https:\/\/medicinasinc.com\/pt\/product\/comprar-2c-e-pesquisa-quimica\/","url":"https:\/\/medicinasinc.com\/pt\/product\/comprar-2c-e-pesquisa-quimica\/","name":"Compre 2C-E Research Chemical - Best Best Global Meds","isPartOf":{"@id":"https:\/\/medicinasinc.com\/pt\/#website"},"primaryImageOfPage":{"@id":"https:\/\/medicinasinc.com\/pt\/product\/comprar-2c-e-pesquisa-quimica\/#primaryimage"},"image":{"@id":"https:\/\/medicinasinc.com\/pt\/product\/comprar-2c-e-pesquisa-quimica\/#primaryimage"},"thumbnailUrl":"https:\/\/medicinasinc.com\/pt\/wp-content\/uploads\/sites\/20\/2022\/02\/Buy-2C-E.jpg","datePublished":"2022-02-21T21:16:40+00:00","dateModified":"2022-07-05T23:14:56+00:00","description":"Compre 2C-E Research qu\u00edmico para venda online na Europa, Reino Unido, UE. Compre o produto qu\u00edmico de pesquisa 2C-E. Sal\/p\u00f3 de 2C-E (4-etil-2,5-dimetoxi): uma anfetamina psicod\u00e9lica.","breadcrumb":{"@id":"https:\/\/medicinasinc.com\/pt\/product\/comprar-2c-e-pesquisa-quimica\/#breadcrumb"},"inLanguage":"pt-PT","potentialAction":[{"@type":"ReadAction","target":["https:\/\/medicinasinc.com\/pt\/product\/comprar-2c-e-pesquisa-quimica\/"]}]},{"@type":"ImageObject","inLanguage":"pt-PT","@id":"https:\/\/medicinasinc.com\/pt\/product\/comprar-2c-e-pesquisa-quimica\/#primaryimage","url":"https:\/\/medicinasinc.com\/pt\/wp-content\/uploads\/sites\/20\/2022\/02\/Buy-2C-E.jpg","contentUrl":"https:\/\/medicinasinc.com\/pt\/wp-content\/uploads\/sites\/20\/2022\/02\/Buy-2C-E.jpg","width":234,"height":215},{"@type":"BreadcrumbList","@id":"https:\/\/medicinasinc.com\/pt\/product\/comprar-2c-e-pesquisa-quimica\/#breadcrumb","itemListElement":[{"@type":"ListItem","position":1,"name":"Comprar","item":"https:\/\/medicinasinc.com\/pt\/comprar\/"},{"@type":"ListItem","position":2,"name":"Compre o Qu\u00edmico de Pesquisa 2C-E"}]},{"@type":"WebSite","@id":"https:\/\/medicinasinc.com\/pt\/#website","url":"https:\/\/medicinasinc.com\/pt\/","name":"Medicinas Inc","description":"Health Medical Clinic","potentialAction":[{"@type":"SearchAction","target":{"@type":"EntryPoint","urlTemplate":"https:\/\/medicinasinc.com\/pt\/?s={search_term_string}"},"query-input":{"@type":"PropertyValueSpecification","valueRequired":true,"valueName":"search_term_string"}}],"inLanguage":"pt-PT"}]}},"_links":{"self":[{"href":"https:\/\/medicinasinc.com\/pt\/wp-json\/wp\/v2\/product\/5341","targetHints":{"allow":["GET"]}}],"collection":[{"href":"https:\/\/medicinasinc.com\/pt\/wp-json\/wp\/v2\/product"}],"about":[{"href":"https:\/\/medicinasinc.com\/pt\/wp-json\/wp\/v2\/types\/product"}],"replies":[{"embeddable":true,"href":"https:\/\/medicinasinc.com\/pt\/wp-json\/wp\/v2\/comments?post=5341"}],"wp:featuredmedia":[{"embeddable":true,"href":"https:\/\/medicinasinc.com\/pt\/wp-json\/wp\/v2\/media\/5352"}],"wp:attachment":[{"href":"https:\/\/medicinasinc.com\/pt\/wp-json\/wp\/v2\/media?parent=5341"}],"wp:term":[{"taxonomy":"product_brand","embeddable":true,"href":"https:\/\/medicinasinc.com\/pt\/wp-json\/wp\/v2\/product_brand?post=5341"},{"taxonomy":"product_cat","embeddable":true,"href":"https:\/\/medicinasinc.com\/pt\/wp-json\/wp\/v2\/product_cat?post=5341"},{"taxonomy":"product_tag","embeddable":true,"href":"https:\/\/medicinasinc.com\/pt\/wp-json\/wp\/v2\/product_tag?post=5341"}],"curies":[{"name":"wp","href":"https:\/\/api.w.org\/{rel}","templated":true}]}}