{"id":5340,"date":"2022-02-21T21:15:28","date_gmt":"2022-02-21T21:15:28","guid":{"rendered":"https:\/\/medicinasinc.com\/pt\/?post_type=product&#038;p=5340"},"modified":"2022-07-05T23:15:13","modified_gmt":"2022-07-05T23:15:13","slug":"compre-2-mppp-online","status":"publish","type":"product","link":"https:\/\/medicinasinc.com\/pt\/product\/compre-2-mppp-online\/","title":{"rendered":"Compre 2-MPPP online"},"content":{"rendered":"<p>Compre 2-MPPP on-line<\/p>\n<p>Compre 2-MPPP on-line<\/p>\n<p>2-metil-1-fenil-3-(piperidin-1-il)<\/p>\n<p>O propan-1-one \u00e9 um produto qu\u00edmico estruturalmente relacionado ao 2-aminopropan-1-one, exceto que o nitrog\u00eanio est\u00e1 ligado ao carbono na terceira posi\u00e7\u00e3o. Os efeitos fisiol\u00f3gicos e toxicol\u00f3gicos deste composto n\u00e3o foram investigados.<\/p>\n<p>2-metil-1-fenil-3-(piperidin-1-il)<\/p>\n<p>Propan-1-ona pode ser usado como uma amostra de refer\u00eancia para pesquisadores que fazem an\u00e1lises de cromatografia gasosa\/espectrometria de massa (GC\/MS), espectroscopia de infravermelho com transformada de Fourier (FTIR) ou an\u00e1lises de resson\u00e2ncia magn\u00e9tica nuclear (RMN).<\/p>\n<p>Procedimentos no laborat\u00f3rio<\/p>\n<p>Recomendamos armazenar 2-metil-1-fenil-3-(piperidin-1-il)propan-1-ona a -20\u00b0C para armazenamento a longo prazo. Deve permanecer est\u00e1vel por um m\u00ednimo de dois anos.<\/p>\n<p>A subst\u00e2ncia cristalina branca 2-metil-1-fenil-3-(piperidin-1-il)propan-1-ona \u00e9 fornecida. 2-metil-1-fenil-3-(piperidin-1-il) Propan-1-ona \u00e9 sol\u00favel em solventes org\u00e2nicos, como metanol, dimetilsulf\u00f3xido (DMSO) e diclorometano (DCM), que deve ser purgado com um inerte g\u00e1s antes de usar. 2-metil-1-fenil-3-(piperidin-1-il)propan-1-ona dissolve-se a aproximadamente 22 mg\/ml em etanol e DMF e a aproximadamente 15 mg\/ml em DMSO.<\/p>\n<p> Antes de fazer os testes, dilui\u00e7\u00f5es adicionais da solu\u00e7\u00e3o estoque em tamp\u00f5es aquosos ou solu\u00e7\u00e3o salina isot\u00f4nica devem ser feitas. Certifique-se de que n\u00e3o h\u00e1 solvente org\u00e2nico restante, pois solventes org\u00e2nicos podem ter consequ\u00eancias fisiol\u00f3gicas em baixas concentra\u00e7\u00f5es. Solu\u00e7\u00f5es aquosas isentas de solventes org\u00e2nicos O s\u00f3lido cristalino 2-metil-1-fenil-3-(piperidin-1-il)propan-1-ona pode ser produzido imediatamente em tamp\u00f5es aquosos. 2-metil-1-fenil-3-(piperidin-1-il)propan-1-ona dissolve-se a uma solubilidade de aproximadamente 11 mg\/ml em PBS, pH 6,4. N\u00e3o recomendamos manter a solu\u00e7\u00e3o aquosa na geladeira por mais de um dia.<\/p>\n<div id=\"wb_Text13\"><strong>Especifica\u00e7\u00f5es<\/strong><\/div>\n<table id=\"Table1\" cellspacing=\"1\" cellpadding=\"0\">\n<tbody>\n<tr>\n<td class=\"cell0\">Sin\u00f4nimos<\/td>\n<td class=\"cell1\">2-MPPP<\/td>\n<\/tr>\n<tr>\n<td class=\"cell2\">IUPAC<\/td>\n<td class=\"cell3\">2-metil-1-fenil-3-(piperidin-1-il)propan-1-ona<\/td>\n<\/tr>\n<tr>\n<td class=\"cell0\">PubChem<\/td>\n<td class=\"cell1\">N\/A<\/td>\n<\/tr>\n<tr>\n<td class=\"cell4\">Cas#<\/td>\n<td class=\"cell5\">N\/A<\/td>\n<\/tr>\n<tr>\n<td class=\"cell0\">F\u00f3rmula molecular<\/td>\n<td class=\"cell1\">C15H21NO<\/td>\n<\/tr>\n<tr>\n<td class=\"cell0\">Pureza<\/td>\n<td class=\"cell1\">99%<\/td>\n<\/tr>\n<tr>\n<td class=\"cell0\">Formula\u00e7\u00e3o \/ Apar\u00eancia<\/td>\n<td class=\"cell1\">P\u00f3 de cristal branco<\/td>\n<\/tr>\n<\/tbody>\n<\/table>\n<p><strong>Refer\u00eancias<\/strong><\/p>\n<p>Jornal indiano de qu\u00edmica, 1981,\u00a0vol. 20 B,\u00a0 # 4\u00a0 p. 303 \u2013 307<\/p>\n<p>Ruddy; Buckley<br \/> Journal of the American Chemical Society, 1950,\u00a0vol. 72, p\u00e1g. 718.719<\/p>\n<p>Kjaer; Petersen<br \/> Acta Chemica Scandinavica (1947-1973), 1951,\u00a0vol. 5, p\u00e1g. 1145,1148<\/p>\n<p>Nasarow; Tscherkasowa<br \/> Zhurnal Obshchei Khimii, 1958,\u00a0vol. 28, p\u00e1g. 122.124, 125<\/p>\n<div class=\"product-next-previous\">\n<div class=\"product-prev\"><\/div><\/div>\n","protected":false},"excerpt":{"rendered":"<div class=\"woocommerce-product-details__short-description\">\n<p>Compre 2-MPPP online. Compre 2-MPPP online em bestglobalmeds.com \u2013 2-metil-1-fenil-3-(piperidin-1-il)propan-1-ona, p\u00f3 de cristal branco de 2mpp para venda. temos a melhor qualidade e os melhores pre\u00e7os tamb\u00e9m.<\/p>\n<p><em>Compre 2<\/em>&#8211;<em>MPPP Online<\/em> de uma drogaria licenciada Best Global Meds. Oferecemos uma ampla gama de medicamentos para venda. Entrega mundial!<\/p>\n<\/p><\/div>\n","protected":false},"featured_media":5350,"comment_status":"open","ping_status":"closed","template":"","meta":[],"product_brand":[],"product_cat":[2014],"product_tag":[],"class_list":{"0":"post-5340","1":"product","2":"type-product","3":"status-publish","4":"has-post-thumbnail","6":"product_cat-compre-produtos-quimicos-de-pesquisa","8":"first","9":"instock","10":"shipping-taxable","11":"purchasable","12":"product-type-variable"},"yoast_head":"<!-- This site is optimized with the Yoast SEO plugin v27.3 - https:\/\/yoast.com\/product\/yoast-seo-wordpress\/ -->\n<title>Compre 2-MPPP online - Best Best Global Meds<\/title>\n<meta name=\"description\" content=\"Compre 2-MPPP online. Compre 2-MPPP online em bestglobalmeds.com \u2013 2-metil-1-fenil-3-(piperidin-1-il)propan-1-ona, p\u00f3 de cristal branco de 2mpp para venda. temos a melhor qualidade e os melhores pre\u00e7os\" \/>\n<meta name=\"robots\" content=\"index, follow, max-snippet:-1, max-image-preview:large, max-video-preview:-1\" \/>\n<link rel=\"canonical\" href=\"https:\/\/medicinasinc.com\/pt\/product\/compre-2-mppp-online\/\" \/>\n<meta property=\"og:locale\" content=\"pt_PT\" \/>\n<meta property=\"og:type\" content=\"article\" \/>\n<meta property=\"og:title\" content=\"Compre 2-MPPP online - Best Best Global Meds\" \/>\n<meta property=\"og:description\" content=\"Compre 2-MPPP online. Compre 2-MPPP online em bestglobalmeds.com \u2013 2-metil-1-fenil-3-(piperidin-1-il)propan-1-ona, p\u00f3 de cristal branco de 2mpp para venda. temos a melhor qualidade e os melhores pre\u00e7os\" \/>\n<meta property=\"og:url\" content=\"https:\/\/medicinasinc.com\/pt\/product\/compre-2-mppp-online\/\" \/>\n<meta property=\"og:site_name\" content=\"Medicinas Inc\" \/>\n<meta property=\"article:modified_time\" content=\"2022-07-05T23:15:13+00:00\" \/>\n<meta property=\"og:image\" content=\"https:\/\/medicinasinc.com\/pt\/wp-content\/uploads\/sites\/20\/2022\/02\/2mppp.jpg\" \/>\n\t<meta property=\"og:image:width\" content=\"600\" \/>\n\t<meta property=\"og:image:height\" content=\"600\" \/>\n\t<meta property=\"og:image:type\" content=\"image\/jpeg\" \/>\n<meta name=\"twitter:card\" content=\"summary_large_image\" \/>\n<meta name=\"twitter:label1\" content=\"Tempo estimado de leitura\" \/>\n\t<meta name=\"twitter:data1\" content=\"2 minutos\" \/>\n<script type=\"application\/ld+json\" class=\"yoast-schema-graph\">{\"@context\":\"https:\\\/\\\/schema.org\",\"@graph\":[{\"@type\":\"WebPage\",\"@id\":\"https:\\\/\\\/medicinasinc.com\\\/pt\\\/product\\\/compre-2-mppp-online\\\/\",\"url\":\"https:\\\/\\\/medicinasinc.com\\\/pt\\\/product\\\/compre-2-mppp-online\\\/\",\"name\":\"Compre 2-MPPP online - Best Best Global Meds\",\"isPartOf\":{\"@id\":\"https:\\\/\\\/medicinasinc.com\\\/pt\\\/#website\"},\"primaryImageOfPage\":{\"@id\":\"https:\\\/\\\/medicinasinc.com\\\/pt\\\/product\\\/compre-2-mppp-online\\\/#primaryimage\"},\"image\":{\"@id\":\"https:\\\/\\\/medicinasinc.com\\\/pt\\\/product\\\/compre-2-mppp-online\\\/#primaryimage\"},\"thumbnailUrl\":\"https:\\\/\\\/medicinasinc.com\\\/pt\\\/wp-content\\\/uploads\\\/sites\\\/20\\\/2022\\\/02\\\/2mppp.jpg\",\"datePublished\":\"2022-02-21T21:15:28+00:00\",\"dateModified\":\"2022-07-05T23:15:13+00:00\",\"description\":\"Compre 2-MPPP online. Compre 2-MPPP online em bestglobalmeds.com \u2013 2-metil-1-fenil-3-(piperidin-1-il)propan-1-ona, p\u00f3 de cristal branco de 2mpp para venda. temos a melhor qualidade e os melhores pre\u00e7os\",\"breadcrumb\":{\"@id\":\"https:\\\/\\\/medicinasinc.com\\\/pt\\\/product\\\/compre-2-mppp-online\\\/#breadcrumb\"},\"inLanguage\":\"pt-PT\",\"potentialAction\":[{\"@type\":\"ReadAction\",\"target\":[\"https:\\\/\\\/medicinasinc.com\\\/pt\\\/product\\\/compre-2-mppp-online\\\/\"]}]},{\"@type\":\"ImageObject\",\"inLanguage\":\"pt-PT\",\"@id\":\"https:\\\/\\\/medicinasinc.com\\\/pt\\\/product\\\/compre-2-mppp-online\\\/#primaryimage\",\"url\":\"https:\\\/\\\/medicinasinc.com\\\/pt\\\/wp-content\\\/uploads\\\/sites\\\/20\\\/2022\\\/02\\\/2mppp.jpg\",\"contentUrl\":\"https:\\\/\\\/medicinasinc.com\\\/pt\\\/wp-content\\\/uploads\\\/sites\\\/20\\\/2022\\\/02\\\/2mppp.jpg\",\"width\":600,\"height\":600},{\"@type\":\"BreadcrumbList\",\"@id\":\"https:\\\/\\\/medicinasinc.com\\\/pt\\\/product\\\/compre-2-mppp-online\\\/#breadcrumb\",\"itemListElement\":[{\"@type\":\"ListItem\",\"position\":1,\"name\":\"Comprar\",\"item\":\"https:\\\/\\\/medicinasinc.com\\\/pt\\\/comprar\\\/\"},{\"@type\":\"ListItem\",\"position\":2,\"name\":\"Compre 2-MPPP online\"}]},{\"@type\":\"WebSite\",\"@id\":\"https:\\\/\\\/medicinasinc.com\\\/pt\\\/#website\",\"url\":\"https:\\\/\\\/medicinasinc.com\\\/pt\\\/\",\"name\":\"Medicinas Inc\",\"description\":\"Health Medical Clinic\",\"potentialAction\":[{\"@type\":\"SearchAction\",\"target\":{\"@type\":\"EntryPoint\",\"urlTemplate\":\"https:\\\/\\\/medicinasinc.com\\\/pt\\\/?s={search_term_string}\"},\"query-input\":{\"@type\":\"PropertyValueSpecification\",\"valueRequired\":true,\"valueName\":\"search_term_string\"}}],\"inLanguage\":\"pt-PT\"}]}<\/script>\n<!-- \/ Yoast SEO plugin. -->","yoast_head_json":{"title":"Compre 2-MPPP online - Best Best Global Meds","description":"Compre 2-MPPP online. Compre 2-MPPP online em bestglobalmeds.com \u2013 2-metil-1-fenil-3-(piperidin-1-il)propan-1-ona, p\u00f3 de cristal branco de 2mpp para venda. temos a melhor qualidade e os melhores pre\u00e7os","robots":{"index":"index","follow":"follow","max-snippet":"max-snippet:-1","max-image-preview":"max-image-preview:large","max-video-preview":"max-video-preview:-1"},"canonical":"https:\/\/medicinasinc.com\/pt\/product\/compre-2-mppp-online\/","og_locale":"pt_PT","og_type":"article","og_title":"Compre 2-MPPP online - Best Best Global Meds","og_description":"Compre 2-MPPP online. Compre 2-MPPP online em bestglobalmeds.com \u2013 2-metil-1-fenil-3-(piperidin-1-il)propan-1-ona, p\u00f3 de cristal branco de 2mpp para venda. temos a melhor qualidade e os melhores pre\u00e7os","og_url":"https:\/\/medicinasinc.com\/pt\/product\/compre-2-mppp-online\/","og_site_name":"Medicinas Inc","article_modified_time":"2022-07-05T23:15:13+00:00","og_image":[{"width":600,"height":600,"url":"https:\/\/medicinasinc.com\/pt\/wp-content\/uploads\/sites\/20\/2022\/02\/2mppp.jpg","type":"image\/jpeg"}],"twitter_card":"summary_large_image","twitter_misc":{"Tempo estimado de leitura":"2 minutos"},"schema":{"@context":"https:\/\/schema.org","@graph":[{"@type":"WebPage","@id":"https:\/\/medicinasinc.com\/pt\/product\/compre-2-mppp-online\/","url":"https:\/\/medicinasinc.com\/pt\/product\/compre-2-mppp-online\/","name":"Compre 2-MPPP online - Best Best Global Meds","isPartOf":{"@id":"https:\/\/medicinasinc.com\/pt\/#website"},"primaryImageOfPage":{"@id":"https:\/\/medicinasinc.com\/pt\/product\/compre-2-mppp-online\/#primaryimage"},"image":{"@id":"https:\/\/medicinasinc.com\/pt\/product\/compre-2-mppp-online\/#primaryimage"},"thumbnailUrl":"https:\/\/medicinasinc.com\/pt\/wp-content\/uploads\/sites\/20\/2022\/02\/2mppp.jpg","datePublished":"2022-02-21T21:15:28+00:00","dateModified":"2022-07-05T23:15:13+00:00","description":"Compre 2-MPPP online. Compre 2-MPPP online em bestglobalmeds.com \u2013 2-metil-1-fenil-3-(piperidin-1-il)propan-1-ona, p\u00f3 de cristal branco de 2mpp para venda. temos a melhor qualidade e os melhores pre\u00e7os","breadcrumb":{"@id":"https:\/\/medicinasinc.com\/pt\/product\/compre-2-mppp-online\/#breadcrumb"},"inLanguage":"pt-PT","potentialAction":[{"@type":"ReadAction","target":["https:\/\/medicinasinc.com\/pt\/product\/compre-2-mppp-online\/"]}]},{"@type":"ImageObject","inLanguage":"pt-PT","@id":"https:\/\/medicinasinc.com\/pt\/product\/compre-2-mppp-online\/#primaryimage","url":"https:\/\/medicinasinc.com\/pt\/wp-content\/uploads\/sites\/20\/2022\/02\/2mppp.jpg","contentUrl":"https:\/\/medicinasinc.com\/pt\/wp-content\/uploads\/sites\/20\/2022\/02\/2mppp.jpg","width":600,"height":600},{"@type":"BreadcrumbList","@id":"https:\/\/medicinasinc.com\/pt\/product\/compre-2-mppp-online\/#breadcrumb","itemListElement":[{"@type":"ListItem","position":1,"name":"Comprar","item":"https:\/\/medicinasinc.com\/pt\/comprar\/"},{"@type":"ListItem","position":2,"name":"Compre 2-MPPP online"}]},{"@type":"WebSite","@id":"https:\/\/medicinasinc.com\/pt\/#website","url":"https:\/\/medicinasinc.com\/pt\/","name":"Medicinas Inc","description":"Health Medical Clinic","potentialAction":[{"@type":"SearchAction","target":{"@type":"EntryPoint","urlTemplate":"https:\/\/medicinasinc.com\/pt\/?s={search_term_string}"},"query-input":{"@type":"PropertyValueSpecification","valueRequired":true,"valueName":"search_term_string"}}],"inLanguage":"pt-PT"}]}},"_links":{"self":[{"href":"https:\/\/medicinasinc.com\/pt\/wp-json\/wp\/v2\/product\/5340","targetHints":{"allow":["GET"]}}],"collection":[{"href":"https:\/\/medicinasinc.com\/pt\/wp-json\/wp\/v2\/product"}],"about":[{"href":"https:\/\/medicinasinc.com\/pt\/wp-json\/wp\/v2\/types\/product"}],"replies":[{"embeddable":true,"href":"https:\/\/medicinasinc.com\/pt\/wp-json\/wp\/v2\/comments?post=5340"}],"wp:featuredmedia":[{"embeddable":true,"href":"https:\/\/medicinasinc.com\/pt\/wp-json\/wp\/v2\/media\/5350"}],"wp:attachment":[{"href":"https:\/\/medicinasinc.com\/pt\/wp-json\/wp\/v2\/media?parent=5340"}],"wp:term":[{"taxonomy":"product_brand","embeddable":true,"href":"https:\/\/medicinasinc.com\/pt\/wp-json\/wp\/v2\/product_brand?post=5340"},{"taxonomy":"product_cat","embeddable":true,"href":"https:\/\/medicinasinc.com\/pt\/wp-json\/wp\/v2\/product_cat?post=5340"},{"taxonomy":"product_tag","embeddable":true,"href":"https:\/\/medicinasinc.com\/pt\/wp-json\/wp\/v2\/product_tag?post=5340"}],"curies":[{"name":"wp","href":"https:\/\/api.w.org\/{rel}","templated":true}]}}