{"id":5332,"date":"2022-02-21T21:05:55","date_gmt":"2022-02-21T21:05:55","guid":{"rendered":"https:\/\/medicinasinc.com\/pt\/?post_type=product&#038;p=5332"},"modified":"2022-07-05T23:17:45","modified_gmt":"2022-07-05T23:17:45","slug":"buy-2-fma-2-fluorometanfetamina-cloridrato","status":"publish","type":"product","link":"https:\/\/medicinasinc.com\/pt\/product\/buy-2-fma-2-fluorometanfetamina-cloridrato\/","title":{"rendered":"Compre 2-FMA 2-Fluorometanfetamina (cloridrato)"},"content":{"rendered":"<p><strong>Compra online do p\u00f3 de pureza 2-FMA<\/strong><\/p>\n<p>2-Fluorometanfetamina (2-FMA) \u00e9 um estimulante da mesma fam\u00edlia da metanfetamina e da 2-fluoroanfetamina. Apesar do fato de que nada se sabe sobre os efeitos fisiol\u00f3gicos das anfetaminas substitu\u00eddas com fluoro metoxi, o 2-FMA foi encontrado como um componente de medicamentos de design comercializados como substitutos &#8220;legais&#8221; para subst\u00e2ncias controladas.<\/p>\n<p>O cloridrato deste composto foi projetada para ser usada como padr\u00e3o para investiga\u00e7\u00e3o forense de amostras contendo 2-FMA.<\/p>\n<div class=\"mb-5 row\">\n<div class=\"w-100 col\">\n<h5>Sin\u00f4nimos<\/h5>\n<div class=\"row\">\n<div class=\"col\">\n<div class=\"row\" data-attribute=\"synonyms\">\n<div class=\"text-lg-right vertical-rule product-info -left float-left pl-3 pr-2 pb-3 col-6 col-md-5 col-lg-4 col-xl-3\">Sin\u00f4nimos<\/div>\n<div class=\"float-right pl-3 text-xsm product-info-right col-6 col-md-7 col-lg-8 col-xl-9\">\n<ul class=\" p-0 mb-3 list-unstyled\">\n<li class=\"undefined text-lato-bold\"><span class=\"\">2-FMA<\/span><\/li>\n<\/ul><\/div><\/div><\/div><\/div><\/div><\/div>\n<div class=\"mb-5 row\">\n<div class=\"w-100 col\">\n<h5>Informa\u00e7\u00f5es t\u00e9cnicas<\/h5>\n<div class=\"row\">\n<div class=\"col\">\n<div class=\"row\" data-attribute=\"formalName\">\n<div class=\"text-lg-right vertical-rule product-info-left float-left pl-3 pr- 2 pb-3 col-6 col-md-5 col-lg-4 col-xl-3\">Nome formal<\/div>\n<div class=\"float-right pl-3 text-xsm product-info-right col -6 col-md-7 col-lg-8 col-xl-9\">2-fluoro-N-\u03b1-dimetil-benzenoetanamina, monocloridrato<\/div><\/div>\n<div class=\"row\" data-attribute=\"casNumber\">\n<div class=\"text-lg-right vertical-rule product-info-left float-left pl-3 pr-2 pb-3 col-6 col-md-5 col-lg-4 col- xl-3\">N\u00famero CAS<\/div>\n<div class=\"float-right pl-3 text-xsm product-info-right col-6 col-md-7 col-lg-8 col-xl-9\"> 1780004-19-4<\/div><\/div>\n<div class=\"row\" data-attribute=\"molecularFormula\">\n<div class=\"text-lg-right vertical-rule product-info-left float-left pl -3 pr-2 pb-3 col-6 col-md-5 col-lg-4 col-xl-3\">F\u00f3rmula molecular<\/div>\n<div class=\"float-right pl-3 text-xsm product- info-right col-6 col-md-7 col-lg-8 col-xl-9\">C<sub><small>10<\/small><\/sub>H<sub><small>14<\/small><\/sub>FN \u2022 HCl<\/div><\/div>\n<div class=\"row\" data-attribute=\"formulaWeight\">\n<div class=\"text-lg-right vertical-rule product-info-left float-left pl-3 pr-2 pb-3 col-6 col-md-5 col-lg-4 col-xl-3\">Formula Weight<\/div>\n<div class=\"float-right pl-3 text-xsm product -info-right col-6 col-md-7 col-lg-8 col-xl-9\">203.7<\/div><\/div>\n<div class=\"row\" data-attribute=\"purity\">\n<div class=\"text-lg-right vertical-rule product-info-left float-left pl-3 pr-2 pb-3 col-6 col-md-5 col-lg-4 col-xl-3\">Pureza<\/div>\n<div class=\"float-right pl-3 text-xsm product-info-right col-6 col-md-7 col-lg-8 col-xl-9\">\u226598%<\/div><\/div>\n<div class=\"row\" data-attribute=\"formulation\">\n<div class=\"text-lg-right vertical-rule product-info-left float-left pl-3 pr-2 pb-3 col- 6 col-md-5 col-lg-4 col-xl-3\">Formula\u00e7\u00e3o<\/div>\n<div class=\"float-right pl-3 text-xsm product-info-right col-6 col-md-7 col-lg-8 col-xl-9\">Um s\u00f3lido cristalino<\/div><\/div>\n<div class=\"row\" data-attribute=\"solubility\">\n<div class=\"text-lg-right vertical- regra product-info-left float-left pl-3 pr-2 pb-3 col-6 col-md-5 col-lg-4 col-xl-3\">Solubilidade<small>(Saiba mais sobre varia\u00e7\u00e3o na solubilidade)<\/small><\/div>\n<div class=\"float-right pl-3 text-xsm product-info-right col-6 col-md-7 col-lg-8 col-xl-9\">\n<ul class=\" p-0 mb-3 list-unstyled\">\n<li class=\"undefined text-lato-bold\"><span class=\"\">DMF: 20 mg\/ml<\/span><\/li>\n<li class=\" undefined text-lato-bold\"><span class=\"\">DMSO: 20 mg\/ml<\/span><\/li>\n<li class=\"undefined text-lato-bold\"><span class=\"\">Etanol : 30 mg\/ml<\/span><\/li>\n<li class=\"undefined text-lato-bold\"><span class=\"\">PBS (pH 7,2): 10 mg\/ml<\/span><\/li>\n<\/ul><\/div><\/div>\n<div class=\"row\" data-attribute=\"smiles\">\n<div class=\"text-lg-right vertical-rule product-info-left float-left pl -3 pr-2 pb-3 col-6 col-md-5 col-lg-4 col-xl-3\">SORRISOS<\/div>\n<div class=\"float-right pl-3 text-xsm product-info -direita col-6 col-md-7 col-lg-8 col- xl-9\">FC1=CC=CC=C1CC(C)NC.Cl<\/div><\/div>\n<div class=\"row\" data-attribute=\"inchi\">\n<div class=\"text-lg- right vertical-rule product-info-left float-left pl-3 pr-2 pb-3 col-6 col-md-5 col-lg-4 col-xl-3\">C\u00f3digo InChi<\/div>\n<div class=\"float-right pl-3 text-xsm product-info-right col-6 col-md-7 col-lg-8 col-xl-9\">InChI=1S\/C10H14FN.ClH\/c1-8(12- 2)7-9-5-3-4-6-10(9)11;\/h3-6,8,12H,7H2,1-2H3;1H<\/div><\/div>\n<div class=\"row \" data-attribute=\"inchiKey\">\n<div class=\"text-lg-right vertical-rule product-info-left float-left pl-3 pr-2 pb-3 col-6 col-md-5 col-lg -4 col-xl-3\">Chave InChi<\/div>\n<div class=\"float-right pl-3 text-xsm product-info-right col-6 col-md-7 col-lg-8 col-xl -9\">GTSVNAIEHCXQPM-UHFFFAOYSA-N<\/div><\/div><\/div><\/div><\/div><\/div>\n<div class=\"row\">\n<div class=\"col\">\n<h5>Informa\u00e7\u00f5es de envio e armazenamento<\/h5>\n<div class=\"row\">\n<div class=\"col\">\n<div class=\"row\" data-attribute=\"storageTemp\">\n<div class=\"text-lg -right vertical-rule product-info-left float-left pl-3 pr-2 pb-3 col-6 col-md-5 c ol-lg-4 col-xl-3\">Armazenamento<\/div>\n<div class=\"float-right pl-3 text-xsm product-info-right col-6 col-md-7 col-lg-8 col -xl-9\">-20\u00b0C<\/div><\/div>\n<div class=\"row\" data-attribute=\"address\">\n<div class=\"text-lg-right vertical-rule product-info- left float-left pl-3 pr-2 pb-3 col-6 col-md-5 col-lg-4 col-xl-3\">Envio<\/div>\n<div class=\"float-right pl-3 text -xsm product-info-right col-6 col-md-7 col-lg-8 col-xl-9\">Temperatura ambiente\u00a0nos EUA continentais; pode variar em outro lugar<\/div><\/div>\n<div class=\"row\" data-attribute=\"stabilityDisplay\">\n<div class=\"text-lg-right vertical-rule product-info-left float-left pl-3 pr-2 pb-3 col-6 col-md-5 col-lg-4 col-xl-3\">Estabilidade<\/div>\n<div class=\"float-right pl-3 text-xsm product-info-right col-6 col-md-7 col-lg-8 col-xl-9\">\u2265\u00a02 anos<\/div><\/div><\/div><\/div><\/div><\/div>\n<div class=\"product-next-previous\">\n<div class=\"product-prev\"><\/div><\/div>\n","protected":false},"excerpt":{"rendered":"<p>Compre 2-FMA 2-Fluoromethamphetamine (cloridrato) para venda High Purity Powder Online. Atacado 2-FMA Powder (99%+ Pure) &#8211; Semelhante \u00e0 metanfetamina Dosagem recomendada 50-80mg<\/p>\n<p>&nbsp;<\/p>\n","protected":false},"featured_media":5343,"comment_status":"open","ping_status":"closed","template":"","meta":[],"product_brand":[],"product_cat":[2014],"product_tag":[2015,2020,2022,2017,2018,2023,2019,2024,2025,2016,2026,2021],"class_list":{"0":"post-5332","1":"product","2":"type-product","3":"status-publish","4":"has-post-thumbnail","6":"product_cat-compre-produtos-quimicos-de-pesquisa","7":"product_tag-2-fea","8":"product_tag-2-fma-p","9":"product_tag-2-fma-eua","10":"product_tag-2-fma-legalidade-2-fma-p","11":"product_tag-2-fma-legalidade-eua","12":"product_tag-2-fma-perda-de-peso","13":"product_tag-2-fma-pills","14":"product_tag-4-fluoromethamphetamine","15":"product_tag-buy-2-fma","16":"product_tag-2-fma-legalidade","17":"product_tag-fluorometanfetamina-nome-da-rua","18":"product_tag-2-fma-sntese","20":"first","21":"instock","22":"shipping-taxable","23":"purchasable","24":"product-type-variable","25":"has-default-attributes"},"yoast_head":"<!-- This site is optimized with the Yoast SEO plugin v27.3 - https:\/\/yoast.com\/product\/yoast-seo-wordpress\/ -->\n<title>Compre 2-FMA 2-Fluorometanfetamina (cloridrato) - Best Global Meds<\/title>\n<meta name=\"description\" content=\"Compre 2-FMA 2-Fluoromethamphetamine (cloridrato) para venda High Purity Powder Online. Atacado 2-FMA Powder (99% + Pure) - Semelhante \u00e0 metanfetamina Dosagem recomendada 50-80mg\" \/>\n<meta name=\"robots\" content=\"index, follow, max-snippet:-1, max-image-preview:large, max-video-preview:-1\" \/>\n<link rel=\"canonical\" href=\"https:\/\/medicinasinc.com\/pt\/product\/buy-2-fma-2-fluorometanfetamina-cloridrato\/\" \/>\n<meta property=\"og:locale\" content=\"pt_PT\" \/>\n<meta property=\"og:type\" content=\"article\" \/>\n<meta property=\"og:title\" content=\"Compre 2-FMA 2-Fluorometanfetamina (cloridrato) - Best Global Meds\" \/>\n<meta property=\"og:description\" content=\"Compre 2-FMA 2-Fluoromethamphetamine (cloridrato) para venda High Purity Powder Online. Atacado 2-FMA Powder (99% + Pure) - Semelhante \u00e0 metanfetamina Dosagem recomendada 50-80mg\" \/>\n<meta property=\"og:url\" content=\"https:\/\/medicinasinc.com\/pt\/product\/buy-2-fma-2-fluorometanfetamina-cloridrato\/\" \/>\n<meta property=\"og:site_name\" content=\"Medicinas Inc\" \/>\n<meta property=\"article:modified_time\" content=\"2022-07-05T23:17:45+00:00\" \/>\n<meta property=\"og:image\" content=\"https:\/\/medicinasinc.com\/pt\/wp-content\/uploads\/sites\/20\/2022\/02\/Buy-2-FMA.jpg\" \/>\n\t<meta property=\"og:image:width\" content=\"750\" \/>\n\t<meta property=\"og:image:height\" content=\"1000\" \/>\n\t<meta property=\"og:image:type\" content=\"image\/jpeg\" \/>\n<meta name=\"twitter:card\" content=\"summary_large_image\" \/>\n<meta name=\"twitter:label1\" content=\"Tempo estimado de leitura\" \/>\n\t<meta name=\"twitter:data1\" content=\"1 minuto\" \/>\n<script type=\"application\/ld+json\" class=\"yoast-schema-graph\">{\"@context\":\"https:\\\/\\\/schema.org\",\"@graph\":[{\"@type\":\"WebPage\",\"@id\":\"https:\\\/\\\/medicinasinc.com\\\/pt\\\/product\\\/buy-2-fma-2-fluorometanfetamina-cloridrato\\\/\",\"url\":\"https:\\\/\\\/medicinasinc.com\\\/pt\\\/product\\\/buy-2-fma-2-fluorometanfetamina-cloridrato\\\/\",\"name\":\"Compre 2-FMA 2-Fluorometanfetamina (cloridrato) - Best Global Meds\",\"isPartOf\":{\"@id\":\"https:\\\/\\\/medicinasinc.com\\\/pt\\\/#website\"},\"primaryImageOfPage\":{\"@id\":\"https:\\\/\\\/medicinasinc.com\\\/pt\\\/product\\\/buy-2-fma-2-fluorometanfetamina-cloridrato\\\/#primaryimage\"},\"image\":{\"@id\":\"https:\\\/\\\/medicinasinc.com\\\/pt\\\/product\\\/buy-2-fma-2-fluorometanfetamina-cloridrato\\\/#primaryimage\"},\"thumbnailUrl\":\"https:\\\/\\\/medicinasinc.com\\\/pt\\\/wp-content\\\/uploads\\\/sites\\\/20\\\/2022\\\/02\\\/Buy-2-FMA.jpg\",\"datePublished\":\"2022-02-21T21:05:55+00:00\",\"dateModified\":\"2022-07-05T23:17:45+00:00\",\"description\":\"Compre 2-FMA 2-Fluoromethamphetamine (cloridrato) para venda High Purity Powder Online. Atacado 2-FMA Powder (99% + Pure) - Semelhante \u00e0 metanfetamina Dosagem recomendada 50-80mg\",\"breadcrumb\":{\"@id\":\"https:\\\/\\\/medicinasinc.com\\\/pt\\\/product\\\/buy-2-fma-2-fluorometanfetamina-cloridrato\\\/#breadcrumb\"},\"inLanguage\":\"pt-PT\",\"potentialAction\":[{\"@type\":\"ReadAction\",\"target\":[\"https:\\\/\\\/medicinasinc.com\\\/pt\\\/product\\\/buy-2-fma-2-fluorometanfetamina-cloridrato\\\/\"]}]},{\"@type\":\"ImageObject\",\"inLanguage\":\"pt-PT\",\"@id\":\"https:\\\/\\\/medicinasinc.com\\\/pt\\\/product\\\/buy-2-fma-2-fluorometanfetamina-cloridrato\\\/#primaryimage\",\"url\":\"https:\\\/\\\/medicinasinc.com\\\/pt\\\/wp-content\\\/uploads\\\/sites\\\/20\\\/2022\\\/02\\\/Buy-2-FMA.jpg\",\"contentUrl\":\"https:\\\/\\\/medicinasinc.com\\\/pt\\\/wp-content\\\/uploads\\\/sites\\\/20\\\/2022\\\/02\\\/Buy-2-FMA.jpg\",\"width\":750,\"height\":1000},{\"@type\":\"BreadcrumbList\",\"@id\":\"https:\\\/\\\/medicinasinc.com\\\/pt\\\/product\\\/buy-2-fma-2-fluorometanfetamina-cloridrato\\\/#breadcrumb\",\"itemListElement\":[{\"@type\":\"ListItem\",\"position\":1,\"name\":\"Comprar\",\"item\":\"https:\\\/\\\/medicinasinc.com\\\/pt\\\/comprar\\\/\"},{\"@type\":\"ListItem\",\"position\":2,\"name\":\"Compre 2-FMA 2-Fluorometanfetamina (cloridrato)\"}]},{\"@type\":\"WebSite\",\"@id\":\"https:\\\/\\\/medicinasinc.com\\\/pt\\\/#website\",\"url\":\"https:\\\/\\\/medicinasinc.com\\\/pt\\\/\",\"name\":\"Medicinas Inc\",\"description\":\"Health Medical Clinic\",\"potentialAction\":[{\"@type\":\"SearchAction\",\"target\":{\"@type\":\"EntryPoint\",\"urlTemplate\":\"https:\\\/\\\/medicinasinc.com\\\/pt\\\/?s={search_term_string}\"},\"query-input\":{\"@type\":\"PropertyValueSpecification\",\"valueRequired\":true,\"valueName\":\"search_term_string\"}}],\"inLanguage\":\"pt-PT\"}]}<\/script>\n<!-- \/ Yoast SEO plugin. -->","yoast_head_json":{"title":"Compre 2-FMA 2-Fluorometanfetamina (cloridrato) - Best Global Meds","description":"Compre 2-FMA 2-Fluoromethamphetamine (cloridrato) para venda High Purity Powder Online. Atacado 2-FMA Powder (99% + Pure) - Semelhante \u00e0 metanfetamina Dosagem recomendada 50-80mg","robots":{"index":"index","follow":"follow","max-snippet":"max-snippet:-1","max-image-preview":"max-image-preview:large","max-video-preview":"max-video-preview:-1"},"canonical":"https:\/\/medicinasinc.com\/pt\/product\/buy-2-fma-2-fluorometanfetamina-cloridrato\/","og_locale":"pt_PT","og_type":"article","og_title":"Compre 2-FMA 2-Fluorometanfetamina (cloridrato) - Best Global Meds","og_description":"Compre 2-FMA 2-Fluoromethamphetamine (cloridrato) para venda High Purity Powder Online. Atacado 2-FMA Powder (99% + Pure) - Semelhante \u00e0 metanfetamina Dosagem recomendada 50-80mg","og_url":"https:\/\/medicinasinc.com\/pt\/product\/buy-2-fma-2-fluorometanfetamina-cloridrato\/","og_site_name":"Medicinas Inc","article_modified_time":"2022-07-05T23:17:45+00:00","og_image":[{"width":750,"height":1000,"url":"https:\/\/medicinasinc.com\/pt\/wp-content\/uploads\/sites\/20\/2022\/02\/Buy-2-FMA.jpg","type":"image\/jpeg"}],"twitter_card":"summary_large_image","twitter_misc":{"Tempo estimado de leitura":"1 minuto"},"schema":{"@context":"https:\/\/schema.org","@graph":[{"@type":"WebPage","@id":"https:\/\/medicinasinc.com\/pt\/product\/buy-2-fma-2-fluorometanfetamina-cloridrato\/","url":"https:\/\/medicinasinc.com\/pt\/product\/buy-2-fma-2-fluorometanfetamina-cloridrato\/","name":"Compre 2-FMA 2-Fluorometanfetamina (cloridrato) - Best Global Meds","isPartOf":{"@id":"https:\/\/medicinasinc.com\/pt\/#website"},"primaryImageOfPage":{"@id":"https:\/\/medicinasinc.com\/pt\/product\/buy-2-fma-2-fluorometanfetamina-cloridrato\/#primaryimage"},"image":{"@id":"https:\/\/medicinasinc.com\/pt\/product\/buy-2-fma-2-fluorometanfetamina-cloridrato\/#primaryimage"},"thumbnailUrl":"https:\/\/medicinasinc.com\/pt\/wp-content\/uploads\/sites\/20\/2022\/02\/Buy-2-FMA.jpg","datePublished":"2022-02-21T21:05:55+00:00","dateModified":"2022-07-05T23:17:45+00:00","description":"Compre 2-FMA 2-Fluoromethamphetamine (cloridrato) para venda High Purity Powder Online. Atacado 2-FMA Powder (99% + Pure) - Semelhante \u00e0 metanfetamina Dosagem recomendada 50-80mg","breadcrumb":{"@id":"https:\/\/medicinasinc.com\/pt\/product\/buy-2-fma-2-fluorometanfetamina-cloridrato\/#breadcrumb"},"inLanguage":"pt-PT","potentialAction":[{"@type":"ReadAction","target":["https:\/\/medicinasinc.com\/pt\/product\/buy-2-fma-2-fluorometanfetamina-cloridrato\/"]}]},{"@type":"ImageObject","inLanguage":"pt-PT","@id":"https:\/\/medicinasinc.com\/pt\/product\/buy-2-fma-2-fluorometanfetamina-cloridrato\/#primaryimage","url":"https:\/\/medicinasinc.com\/pt\/wp-content\/uploads\/sites\/20\/2022\/02\/Buy-2-FMA.jpg","contentUrl":"https:\/\/medicinasinc.com\/pt\/wp-content\/uploads\/sites\/20\/2022\/02\/Buy-2-FMA.jpg","width":750,"height":1000},{"@type":"BreadcrumbList","@id":"https:\/\/medicinasinc.com\/pt\/product\/buy-2-fma-2-fluorometanfetamina-cloridrato\/#breadcrumb","itemListElement":[{"@type":"ListItem","position":1,"name":"Comprar","item":"https:\/\/medicinasinc.com\/pt\/comprar\/"},{"@type":"ListItem","position":2,"name":"Compre 2-FMA 2-Fluorometanfetamina (cloridrato)"}]},{"@type":"WebSite","@id":"https:\/\/medicinasinc.com\/pt\/#website","url":"https:\/\/medicinasinc.com\/pt\/","name":"Medicinas Inc","description":"Health Medical Clinic","potentialAction":[{"@type":"SearchAction","target":{"@type":"EntryPoint","urlTemplate":"https:\/\/medicinasinc.com\/pt\/?s={search_term_string}"},"query-input":{"@type":"PropertyValueSpecification","valueRequired":true,"valueName":"search_term_string"}}],"inLanguage":"pt-PT"}]}},"_links":{"self":[{"href":"https:\/\/medicinasinc.com\/pt\/wp-json\/wp\/v2\/product\/5332","targetHints":{"allow":["GET"]}}],"collection":[{"href":"https:\/\/medicinasinc.com\/pt\/wp-json\/wp\/v2\/product"}],"about":[{"href":"https:\/\/medicinasinc.com\/pt\/wp-json\/wp\/v2\/types\/product"}],"replies":[{"embeddable":true,"href":"https:\/\/medicinasinc.com\/pt\/wp-json\/wp\/v2\/comments?post=5332"}],"wp:featuredmedia":[{"embeddable":true,"href":"https:\/\/medicinasinc.com\/pt\/wp-json\/wp\/v2\/media\/5343"}],"wp:attachment":[{"href":"https:\/\/medicinasinc.com\/pt\/wp-json\/wp\/v2\/media?parent=5332"}],"wp:term":[{"taxonomy":"product_brand","embeddable":true,"href":"https:\/\/medicinasinc.com\/pt\/wp-json\/wp\/v2\/product_brand?post=5332"},{"taxonomy":"product_cat","embeddable":true,"href":"https:\/\/medicinasinc.com\/pt\/wp-json\/wp\/v2\/product_cat?post=5332"},{"taxonomy":"product_tag","embeddable":true,"href":"https:\/\/medicinasinc.com\/pt\/wp-json\/wp\/v2\/product_tag?post=5332"}],"curies":[{"name":"wp","href":"https:\/\/api.w.org\/{rel}","templated":true}]}}