{"id":5324,"date":"2022-02-21T20:59:08","date_gmt":"2022-02-21T20:59:08","guid":{"rendered":"https:\/\/medicinasinc.com\/pt\/?post_type=product&#038;p=5324"},"modified":"2022-07-05T23:18:04","modified_gmt":"2022-07-05T23:18:04","slug":"comprar-vicodin","status":"publish","type":"product","link":"https:\/\/medicinasinc.com\/pt\/product\/comprar-vicodin\/","title":{"rendered":"Comprar Vicodin"},"content":{"rendered":"<p>Compra online de comprimidos de hidrocodona de Vicodin<\/p>\n<p>VICODIN\u00ae (comprimidos de bitartarato de hidrocodona e acetaminofeno, USP 5 mg\/300 mg): Um ou dois comprimidos a cada quatro a seis horas, conforme necess\u00e1rio para dor em adultos. A dose m\u00e1xima di\u00e1ria n\u00e3o deve exceder oito comprimidos.<\/p>\n<p>Compra online de comprimidos de Vicodin hidrocodona<br \/>Compra Vicodin Online<\/p>\n<p>Vicodin cont\u00e9m uma combina\u00e7\u00e3o de hidrocodona e acetaminofeno. A hidrocodona \u00e9 um analg\u00e9sico opi\u00f3ide. Freq\u00fcentemente, os opi\u00f3ides s\u00e3o referidos como narc\u00f3ticos. O acetaminofeno \u00e9 um analg\u00e9sico menos potente que aumenta os efeitos da hidrocodona. Vicodin pode ser comprado online e vicodin tamb\u00e9m est\u00e1 dispon\u00edvel para venda online. As p\u00edlulas de Vicodin s\u00e3o usadas para tratar a dor leve a moderadamente grave. Vicodin tamb\u00e9m pode ser inclu\u00eddo para uso n\u00e3o indicado neste guia de medicamentos.<\/p>\n<p>Uso<\/p>\n<p>O medicamento combinado destina-se ao tratamento de dores leves a moderadamente graves. Isso d\u00e1 al\u00edvio da dor via morfina (hidrocodona) e n\u00e3o opi\u00f3ide (acetaminofeno). A hidrocodona altera a percep\u00e7\u00e3o e a resposta do seu corpo \u00e0 dor no c\u00e9rebro. O acetaminofeno tamb\u00e9m pode ajudar a reduzir a gravidade da febre. O medicamento n\u00e3o \u00e9 permitido para crian\u00e7as menores de seis anos devido ao risco aumentado de efeitos adversos (como respira\u00e7\u00e3o lenta e superficial).<\/p>\n<p>Qual \u200b\u200b\u00e9 o objetivo deste medicamento?<\/p>\n<p>A hidrocodona \u00e9 combinada com outros produtos qu\u00edmicos e, para v\u00e1rias indica\u00e7\u00f5es, s\u00e3o administrados v\u00e1rios medicamentos combinados. Certos medicamentos combinados com hidrocodona s\u00e3o usados \u200b\u200bpara tratar dores leves a intensas. Outros medicamentos contendo uma combina\u00e7\u00e3o de hidrocodona s\u00e3o usados \u200b\u200bpara reduzir a tosse. A hidrocodona \u00e9 um analg\u00e9sico opi\u00f3ide (narc\u00f3tico) e uma fam\u00edlia de medicamentos conhecidos como antit\u00fassicos. A hidrocodona alivia a dor modificando a resposta do c\u00e9rebro e do sistema nervoso \u00e0 dor. A hidrocodona alivia a tosse inibindo a atividade cerebral associada \u00e0 tosse. Voc\u00ea est\u00e1 tomando hidrocodona em conjunto com pelo menos um outro medicamento, mas a monografia oferece apenas informa\u00e7\u00f5es sobre hidrocodona. Leia sobre as subst\u00e2ncias adicionais no medicamento de hidrocodona que voc\u00ea est\u00e1 tomando.<\/p>\n<p>Como utilizar?<\/p>\n<p>Os produtos combinados de hidrocodona est\u00e3o dispon\u00edveis nas seguintes formas: p\u00edlula, gel, pasta, solu\u00e7\u00e3o ( clarifica\u00e7\u00e3o do l\u00edquido), gel de libera\u00e7\u00e3o prolongada (de a\u00e7\u00e3o prolongada) e suspens\u00e3o de suspens\u00e3o de a\u00e7\u00e3o prolongada (l\u00edquido) para administra\u00e7\u00e3o oral. O comprimido, c\u00e1psula, xarope ou solu\u00e7\u00e3o pode ser tomado a cada 4 a 6 horas, conforme necess\u00e1rio. Normalmente, a cada 12 horas, c\u00e1psulas de libera\u00e7\u00e3o prolongada e suspens\u00f5es de libera\u00e7\u00e3o prolongada s\u00e3o tomadas conforme necess\u00e1rio. Se voc\u00ea toma hidrocodona regularmente, deve ser tomado \u00e0 mesma hora todos os dias. Siga as instru\u00e7\u00f5es no r\u00f3tulo da receita com cuidado e obtenha esclarecimentos do seu farmac\u00eautico ou m\u00e9dico, se necess\u00e1rio. Agite bem a suspens\u00e3o de descarga prolongada antes de usar para garantir que a subst\u00e2ncia seja distribu\u00edda uniformemente. N\u00e3o \u00e9 recomendado combinar a suspens\u00e3o de libera\u00e7\u00e3o prolongada com outras subst\u00e2ncias ou fluidos, como \u00e1gua.<\/p>\n<p>Se voc\u00ea estiver usando uma combina\u00e7\u00e3o de hidrocodona, xarope ou suspens\u00e3o de libera\u00e7\u00e3o prolongada, n\u00e3o use um copo de ch\u00e1 dom\u00e9stico para medir sua dose. As colheres de ch\u00e1 caseiras n\u00e3o s\u00e3o instrumentos de medi\u00e7\u00e3o precisos e, se voc\u00ea testar suas doses usando uma colher de ch\u00e1 caseira, corre o risco de tomar p\u00edlulas demais ou de menos. Em vez disso, use um dispositivo de medi\u00e7\u00e3o bem definido, como um conta-gotas, um medicamento de colher ou uma seringa oral.<\/p>\n<p>Este medicamento combinado \u00e9 usado para tratar dores que variam de leve a intensa. \u00c9 composto por um analg\u00e9sico opi\u00f3ide (hidrocodona) e um analg\u00e9sico n\u00e3o opi\u00f3ide (acetaminofeno). A hidrocodona altera a maneira como seu corpo percebe e responde \u00e0 dor, agindo no c\u00e9rebro. O acetaminofeno tamb\u00e9m pode ajudar na redu\u00e7\u00e3o da febre.<\/p>\n<p>Este produto n\u00e3o \u00e9 recomendado para crian\u00e7as menores de seis anos devido ao aumento do risco de efeitos adversos graves (como respira\u00e7\u00e3o superficial\/lenta).<\/p>\n<p>\u00c9 hidrocodona vicodin?, \u00c9 hidrocodona vicodin?, \u00c9 hidrocodona vicodin?, \u00c9 hidrocodona vicodin?, \u00c9 hidrocodona vicodin?, \u00c9 hidrocodona vicodin?, \u00c9 hidrocodona vicodin?, \u00c9 hidrocodona vicodin?, \u00c9 hidrocodona vicodin? \u00e9 vicodin hidrocodona, \u00e9 vicodin hidrocodona, \u00e9 vicodin hidrocodona, \u00e9 vicodin hidrocodona, \u00e9 vicodin hidrocodona, \u00e9 vicodin hidrocodona, \u00e9 hidrocodona o mesmo que vicodin, qual \u00e9 a diferen\u00e7a entre vicodin e hidrocodona, qual \u00e9 a diferen\u00e7a entre vicodin e hidrocodona, vicodin vs hidrocodona Vicodina e hidrocodona s\u00e3o intercambi\u00e1veis? \u00e9 hidrocodona equivalente a vicodin ou percocet? A vicodina \u00e9 mais forte que a hidrocodona? Hidrocodona e vicodina s\u00e3o a mesma coisa? Qual \u00e9 a diferen\u00e7a entre vicodina e hidrocodona, hidrocodona e vicodina, vicodina hidrocodona, \u00e9 hidrocodona o mesmo que vicodina, \u00e9 vicodina o mesmo que hidrocodona, hidrocodona ou vicodina, vicodina versus hidrocodona, \u00e9 hidrocodona vicodina?<\/p>\n","protected":false},"excerpt":{"rendered":"<div class=\"woocommerce-product-details__short-description\">\n<p>Cada comprimido de Vicodin cont\u00e9m 300 mg de paracetamol e tr\u00eas n\u00edveis diferentes de dose de hidrocodona: 5 mg, 7,5 mg e 10 mg.<\/p>\n<p>On-line farm\u00e1cia onde voc\u00ea pode comprar comprimidos de hidrocodona Vicodin.<\/p>\n<p>Informe seu m\u00e9dico ou farmac\u00eautico antes de tomar este medicamento se voc\u00ea \u00e9 al\u00e9rgico a ele; ou a quaisquer outros narc\u00f3ticos (tais como morfina, code\u00edna); ou a qualquer outro medicamento.<\/p>\n<\/p><\/div>\n","protected":false},"featured_media":5335,"comment_status":"open","ping_status":"closed","template":"","meta":[],"product_brand":[],"product_cat":[1117],"product_tag":[1916,1917,1918,1919,1920,1969,1970,1923,1924,1926,1987,1953,2010,2008,1935,1921,1922,1993,1927,1928,1929,1975,1976,1979,1980,1943,1944,1952,1998,1930,1981,1931,1996,1932,1951,1933,1934,1936,1937,1940,1941,1942,1946,1947,1948,2012,2011,2009,1992,1949,1950,1778,1994,1995,1999,2013,1938,1939,1954,1955,1956,1968,1957,1958,1959,1961,1962,1963,1964,1965,1966,1967,1986,1972,1977,1978,1982,1971,1973,1985,1984,1988,1989,1990,1991,1983,2000,2001,1787,2005,2006,2007,1960,1974,1945,2002,2004,2003,1997,1925],"class_list":{"0":"post-5324","1":"product","2":"type-product","3":"status-publish","4":"has-post-thumbnail","6":"product_cat-compre-pilulas-para-dor-sono-e-sexo","7":"product_tag-1p466-vicodin","8":"product_tag-20-mg-de-vicodina","9":"product_tag-2172-plula-vicodina","10":"product_tag-5-325-vicodin","11":"product_tag-5mg-vicodina","12":"product_tag-vicodin-lcool","13":"product_tag-alternativas-vicodina","14":"product_tag-buy-vicodin-online","15":"product_tag-buy-vicodin-overnight-delivery","16":"product_tag-can-you-take-vicodin-and-ibuprofen-together","17":"product_tag-vicodin-house","18":"product_tag-cheirando-vicodin","19":"product_tag-como-se-parece-com-o-vicodin","20":"product_tag-como-se-parece-com-uma-plula-de-vicodin","21":"product_tag-como-voc-soletra-vicodin","22":"product_tag-comprar-vicodin","23":"product_tag-comprar-vicodin-do-canad","24":"product_tag-vicodin-plulas-para-dor","25":"product_tag-cwe-vicodin","26":"product_tag-darvocet-versus-vicodin","27":"product_tag-diferena-entre-norco-e-vicodin","28":"product_tag-dosagem-de-vicodina","29":"product_tag-vicodin-dosagem-5-325","30":"product_tag-droga-vicodina","31":"product_tag-drogas-de-vicodina","32":"product_tag--percocet-mais-forte-que-vicodin","33":"product_tag--vicodina-um-opiide","34":"product_tag-efeitos-colaterais-de-vicodin","35":"product_tag-efeitos-colaterais-da-vicodina","36":"product_tag-efeitos-de-vicodin","37":"product_tag-efeitos-de-vicodina","38":"product_tag-vicodin-erowid","39":"product_tag-vicodin-schedule","40":"product_tag-flexeril-e-vicodin","41":"product_tag-fotos-de-vicodin","42":"product_tag-gabapentina-e-vicodina","43":"product_tag-generic-name-for-vicodin","44":"product_tag-how-long-does-vicodin-last","45":"product_tag-how-long-does-vicodin-stay-in-your-system","46":"product_tag-hydrocodone-vicodin","47":"product_tag-ip-109-plula-vicodina","48":"product_tag-is-hydrocodone-vicodin","49":"product_tag-norco-5-325-vs-vicodin","50":"product_tag-norco-vicodin","51":"product_tag-norco-vs-vicodin","52":"product_tag-o-que--vicodin","53":"product_tag-o-que-est-em-vicodin","54":"product_tag-o-que-vicodin-faz","55":"product_tag-overdose-de-vicodina","56":"product_tag-oxicodona-vs-vicodina","57":"product_tag-percocet-e-vicodin","58":"product_tag-percocet-vs-vicodin","59":"product_tag-plula-de-vicodin","60":"product_tag-plulas-de-vicodina","61":"product_tag-foras-de-vicodina","62":"product_tag-qual--a-diferena-entre-vicodin-e-percocet","63":"product_tag-quanto-tempo-o-vicodin-fica-no-seu-sistema-para-um-teste-de-drogas","64":"product_tag-quanto-tempo-o-vicodin-leva-para-o-trabalho","65":"product_tag-symptoms-of-vicodin-withdrawal","66":"product_tag-tramadol-hcl-50mg-vs-vicodin","67":"product_tag-tramadol-vs-vicodina","68":"product_tag-vcio-em-vicodina","69":"product_tag-vicodin","70":"product_tag-vicodin-10","71":"product_tag-vicodin-10-miligrama","72":"product_tag-vicodina-30mg","73":"product_tag-vicodin-5","74":"product_tag-vicodin-5-300","75":"product_tag-vicodina-5-300-mg","76":"product_tag-vicodina-5-325-mg","77":"product_tag-vicodin-7-5","78":"product_tag-vicodin-750","79":"product_tag-alto-em-vicodina","80":"product_tag-vicodin-and-alcohol","81":"product_tag-vicodin-dose","82":"product_tag-vicodin-doses","83":"product_tag-vicodin-es","84":"product_tag-vicodin-and-advil","85":"product_tag-vicodin-e-oxycontin-so-exemplos-de","86":"product_tag-vicodin-generic-name","87":"product_tag-vicodin-genrico","88":"product_tag-vicodin-hp","89":"product_tag-vicodin-mxico","90":"product_tag-vicodin-online","91":"product_tag-vicodin-online-pernoite","92":"product_tag-vicodin-para-enxaqueca","93":"product_tag-usos-de-vicodina","94":"product_tag-vicodin-vs-norco","95":"product_tag-vicodin-vs-percocet","96":"product_tag-vicodin-vs-tylenol-3","97":"product_tag-vicodin-withdrawal","98":"product_tag-vicodin-xanax","99":"product_tag-vicodina-10mg","100":"product_tag-vicodina-e-xanax","101":"product_tag-natural-vicodin","102":"product_tag-vicodina-vs-oxicodona","103":"product_tag-vicodin-vs-tramadol","104":"product_tag-vicodina-vs-codena","105":"product_tag-vicodin-vida-de-prateleira","106":"product_tag-pode-se-tomar-advil-com-vicodin","108":"first","109":"instock","110":"shipping-taxable","111":"purchasable","112":"product-type-variable","113":"has-default-attributes"},"yoast_head":"<!-- This site is optimized with the Yoast SEO plugin v27.3 - https:\/\/yoast.com\/product\/yoast-seo-wordpress\/ -->\n<title>Compre p\u00edlulas de hidrocodona Vicodin online - Best Global Meds<\/title>\n<meta name=\"description\" content=\"Compre p\u00edlulas de hidrocodona Vicodin online. Cada comprimido de Vicodin tem 300 mg de paracetamol e vem em tr\u00eas n\u00edveis de dosagem diferentes de hidrocodona: 5 mg, 7,5 mg e 10 mg.\" \/>\n<meta name=\"robots\" content=\"index, follow, max-snippet:-1, max-image-preview:large, max-video-preview:-1\" \/>\n<link rel=\"canonical\" href=\"https:\/\/medicinasinc.com\/pt\/product\/comprar-vicodin\/\" \/>\n<meta property=\"og:locale\" content=\"pt_PT\" \/>\n<meta property=\"og:type\" content=\"article\" \/>\n<meta property=\"og:title\" content=\"Compre p\u00edlulas de hidrocodona Vicodin online - Best Global Meds\" \/>\n<meta property=\"og:description\" content=\"Compre p\u00edlulas de hidrocodona Vicodin online. Cada comprimido de Vicodin tem 300 mg de paracetamol e vem em tr\u00eas n\u00edveis de dosagem diferentes de hidrocodona: 5 mg, 7,5 mg e 10 mg.\" \/>\n<meta property=\"og:url\" content=\"https:\/\/medicinasinc.com\/pt\/product\/comprar-vicodin\/\" \/>\n<meta property=\"og:site_name\" content=\"Medicinas Inc\" \/>\n<meta property=\"article:modified_time\" content=\"2022-07-05T23:18:04+00:00\" \/>\n<meta property=\"og:image\" content=\"https:\/\/medicinasinc.com\/pt\/wp-content\/uploads\/sites\/20\/2022\/02\/Buy-Vicodin.jpg\" \/>\n\t<meta property=\"og:image:width\" content=\"428\" \/>\n\t<meta property=\"og:image:height\" content=\"293\" \/>\n\t<meta property=\"og:image:type\" content=\"image\/jpeg\" \/>\n<meta name=\"twitter:card\" content=\"summary_large_image\" \/>\n<meta name=\"twitter:label1\" content=\"Tempo estimado de leitura\" \/>\n\t<meta name=\"twitter:data1\" content=\"4 minutos\" \/>\n<script type=\"application\/ld+json\" class=\"yoast-schema-graph\">{\"@context\":\"https:\\\/\\\/schema.org\",\"@graph\":[{\"@type\":\"WebPage\",\"@id\":\"https:\\\/\\\/medicinasinc.com\\\/pt\\\/product\\\/comprar-vicodin\\\/\",\"url\":\"https:\\\/\\\/medicinasinc.com\\\/pt\\\/product\\\/comprar-vicodin\\\/\",\"name\":\"Compre p\u00edlulas de hidrocodona Vicodin online - Best Global Meds\",\"isPartOf\":{\"@id\":\"https:\\\/\\\/medicinasinc.com\\\/pt\\\/#website\"},\"primaryImageOfPage\":{\"@id\":\"https:\\\/\\\/medicinasinc.com\\\/pt\\\/product\\\/comprar-vicodin\\\/#primaryimage\"},\"image\":{\"@id\":\"https:\\\/\\\/medicinasinc.com\\\/pt\\\/product\\\/comprar-vicodin\\\/#primaryimage\"},\"thumbnailUrl\":\"https:\\\/\\\/medicinasinc.com\\\/pt\\\/wp-content\\\/uploads\\\/sites\\\/20\\\/2022\\\/02\\\/Buy-Vicodin.jpg\",\"datePublished\":\"2022-02-21T20:59:08+00:00\",\"dateModified\":\"2022-07-05T23:18:04+00:00\",\"description\":\"Compre p\u00edlulas de hidrocodona Vicodin online. Cada comprimido de Vicodin tem 300 mg de paracetamol e vem em tr\u00eas n\u00edveis de dosagem diferentes de hidrocodona: 5 mg, 7,5 mg e 10 mg.\",\"breadcrumb\":{\"@id\":\"https:\\\/\\\/medicinasinc.com\\\/pt\\\/product\\\/comprar-vicodin\\\/#breadcrumb\"},\"inLanguage\":\"pt-PT\",\"potentialAction\":[{\"@type\":\"ReadAction\",\"target\":[\"https:\\\/\\\/medicinasinc.com\\\/pt\\\/product\\\/comprar-vicodin\\\/\"]}]},{\"@type\":\"ImageObject\",\"inLanguage\":\"pt-PT\",\"@id\":\"https:\\\/\\\/medicinasinc.com\\\/pt\\\/product\\\/comprar-vicodin\\\/#primaryimage\",\"url\":\"https:\\\/\\\/medicinasinc.com\\\/pt\\\/wp-content\\\/uploads\\\/sites\\\/20\\\/2022\\\/02\\\/Buy-Vicodin.jpg\",\"contentUrl\":\"https:\\\/\\\/medicinasinc.com\\\/pt\\\/wp-content\\\/uploads\\\/sites\\\/20\\\/2022\\\/02\\\/Buy-Vicodin.jpg\",\"width\":428,\"height\":293},{\"@type\":\"BreadcrumbList\",\"@id\":\"https:\\\/\\\/medicinasinc.com\\\/pt\\\/product\\\/comprar-vicodin\\\/#breadcrumb\",\"itemListElement\":[{\"@type\":\"ListItem\",\"position\":1,\"name\":\"Comprar\",\"item\":\"https:\\\/\\\/medicinasinc.com\\\/pt\\\/comprar\\\/\"},{\"@type\":\"ListItem\",\"position\":2,\"name\":\"Comprar Vicodin\"}]},{\"@type\":\"WebSite\",\"@id\":\"https:\\\/\\\/medicinasinc.com\\\/pt\\\/#website\",\"url\":\"https:\\\/\\\/medicinasinc.com\\\/pt\\\/\",\"name\":\"Medicinas Inc\",\"description\":\"Health Medical Clinic\",\"potentialAction\":[{\"@type\":\"SearchAction\",\"target\":{\"@type\":\"EntryPoint\",\"urlTemplate\":\"https:\\\/\\\/medicinasinc.com\\\/pt\\\/?s={search_term_string}\"},\"query-input\":{\"@type\":\"PropertyValueSpecification\",\"valueRequired\":true,\"valueName\":\"search_term_string\"}}],\"inLanguage\":\"pt-PT\"}]}<\/script>\n<!-- \/ Yoast SEO plugin. -->","yoast_head_json":{"title":"Compre p\u00edlulas de hidrocodona Vicodin online - Best Global Meds","description":"Compre p\u00edlulas de hidrocodona Vicodin online. Cada comprimido de Vicodin tem 300 mg de paracetamol e vem em tr\u00eas n\u00edveis de dosagem diferentes de hidrocodona: 5 mg, 7,5 mg e 10 mg.","robots":{"index":"index","follow":"follow","max-snippet":"max-snippet:-1","max-image-preview":"max-image-preview:large","max-video-preview":"max-video-preview:-1"},"canonical":"https:\/\/medicinasinc.com\/pt\/product\/comprar-vicodin\/","og_locale":"pt_PT","og_type":"article","og_title":"Compre p\u00edlulas de hidrocodona Vicodin online - Best Global Meds","og_description":"Compre p\u00edlulas de hidrocodona Vicodin online. Cada comprimido de Vicodin tem 300 mg de paracetamol e vem em tr\u00eas n\u00edveis de dosagem diferentes de hidrocodona: 5 mg, 7,5 mg e 10 mg.","og_url":"https:\/\/medicinasinc.com\/pt\/product\/comprar-vicodin\/","og_site_name":"Medicinas Inc","article_modified_time":"2022-07-05T23:18:04+00:00","og_image":[{"width":428,"height":293,"url":"https:\/\/medicinasinc.com\/pt\/wp-content\/uploads\/sites\/20\/2022\/02\/Buy-Vicodin.jpg","type":"image\/jpeg"}],"twitter_card":"summary_large_image","twitter_misc":{"Tempo estimado de leitura":"4 minutos"},"schema":{"@context":"https:\/\/schema.org","@graph":[{"@type":"WebPage","@id":"https:\/\/medicinasinc.com\/pt\/product\/comprar-vicodin\/","url":"https:\/\/medicinasinc.com\/pt\/product\/comprar-vicodin\/","name":"Compre p\u00edlulas de hidrocodona Vicodin online - Best Global Meds","isPartOf":{"@id":"https:\/\/medicinasinc.com\/pt\/#website"},"primaryImageOfPage":{"@id":"https:\/\/medicinasinc.com\/pt\/product\/comprar-vicodin\/#primaryimage"},"image":{"@id":"https:\/\/medicinasinc.com\/pt\/product\/comprar-vicodin\/#primaryimage"},"thumbnailUrl":"https:\/\/medicinasinc.com\/pt\/wp-content\/uploads\/sites\/20\/2022\/02\/Buy-Vicodin.jpg","datePublished":"2022-02-21T20:59:08+00:00","dateModified":"2022-07-05T23:18:04+00:00","description":"Compre p\u00edlulas de hidrocodona Vicodin online. Cada comprimido de Vicodin tem 300 mg de paracetamol e vem em tr\u00eas n\u00edveis de dosagem diferentes de hidrocodona: 5 mg, 7,5 mg e 10 mg.","breadcrumb":{"@id":"https:\/\/medicinasinc.com\/pt\/product\/comprar-vicodin\/#breadcrumb"},"inLanguage":"pt-PT","potentialAction":[{"@type":"ReadAction","target":["https:\/\/medicinasinc.com\/pt\/product\/comprar-vicodin\/"]}]},{"@type":"ImageObject","inLanguage":"pt-PT","@id":"https:\/\/medicinasinc.com\/pt\/product\/comprar-vicodin\/#primaryimage","url":"https:\/\/medicinasinc.com\/pt\/wp-content\/uploads\/sites\/20\/2022\/02\/Buy-Vicodin.jpg","contentUrl":"https:\/\/medicinasinc.com\/pt\/wp-content\/uploads\/sites\/20\/2022\/02\/Buy-Vicodin.jpg","width":428,"height":293},{"@type":"BreadcrumbList","@id":"https:\/\/medicinasinc.com\/pt\/product\/comprar-vicodin\/#breadcrumb","itemListElement":[{"@type":"ListItem","position":1,"name":"Comprar","item":"https:\/\/medicinasinc.com\/pt\/comprar\/"},{"@type":"ListItem","position":2,"name":"Comprar Vicodin"}]},{"@type":"WebSite","@id":"https:\/\/medicinasinc.com\/pt\/#website","url":"https:\/\/medicinasinc.com\/pt\/","name":"Medicinas Inc","description":"Health Medical Clinic","potentialAction":[{"@type":"SearchAction","target":{"@type":"EntryPoint","urlTemplate":"https:\/\/medicinasinc.com\/pt\/?s={search_term_string}"},"query-input":{"@type":"PropertyValueSpecification","valueRequired":true,"valueName":"search_term_string"}}],"inLanguage":"pt-PT"}]}},"_links":{"self":[{"href":"https:\/\/medicinasinc.com\/pt\/wp-json\/wp\/v2\/product\/5324","targetHints":{"allow":["GET"]}}],"collection":[{"href":"https:\/\/medicinasinc.com\/pt\/wp-json\/wp\/v2\/product"}],"about":[{"href":"https:\/\/medicinasinc.com\/pt\/wp-json\/wp\/v2\/types\/product"}],"replies":[{"embeddable":true,"href":"https:\/\/medicinasinc.com\/pt\/wp-json\/wp\/v2\/comments?post=5324"}],"wp:featuredmedia":[{"embeddable":true,"href":"https:\/\/medicinasinc.com\/pt\/wp-json\/wp\/v2\/media\/5335"}],"wp:attachment":[{"href":"https:\/\/medicinasinc.com\/pt\/wp-json\/wp\/v2\/media?parent=5324"}],"wp:term":[{"taxonomy":"product_brand","embeddable":true,"href":"https:\/\/medicinasinc.com\/pt\/wp-json\/wp\/v2\/product_brand?post=5324"},{"taxonomy":"product_cat","embeddable":true,"href":"https:\/\/medicinasinc.com\/pt\/wp-json\/wp\/v2\/product_cat?post=5324"},{"taxonomy":"product_tag","embeddable":true,"href":"https:\/\/medicinasinc.com\/pt\/wp-json\/wp\/v2\/product_tag?post=5324"}],"curies":[{"name":"wp","href":"https:\/\/api.w.org\/{rel}","templated":true}]}}