{"id":5323,"date":"2022-02-21T20:57:56","date_gmt":"2022-02-21T20:57:56","guid":{"rendered":"https:\/\/medicinasinc.com\/pt\/?post_type=product&#038;p=5323"},"modified":"2022-07-05T23:18:18","modified_gmt":"2022-07-05T23:18:18","slug":"comprar-ultram-tramadol-200-mg","status":"publish","type":"product","link":"https:\/\/medicinasinc.com\/pt\/product\/comprar-ultram-tramadol-200-mg\/","title":{"rendered":"Compre Ultram Tramadol 200 mg"},"content":{"rendered":"<p>200mg tramadol<\/p>\n<p>Tramadol \u00e9 um relaxante muscular verdadeiramente \u00fanico com um leve efeito mu-opi\u00f3ide (em compara\u00e7\u00e3o com outros opi\u00f3ides) e um leve efeito monoamin\u00e9rgico (em compara\u00e7\u00e3o com antidepressivos tric\u00edclicos). Tramadol tem um perfil de efeitos colaterais toler\u00e1vel em compara\u00e7\u00e3o com antidepressivos tric\u00edclicos e medicamentos antiepil\u00e9pticos.<\/p>\n<p>Toler\u00e2ncia e depend\u00eancia s\u00e3o consequ\u00eancias m\u00e9dicas incomuns, embora existam. A atividade do tramadol n\u00e3o se limita \u00e0 neuropatia; tamb\u00e9m diminui as sensa\u00e7\u00f5es desagrad\u00e1veis \u200b\u200b(nociceptivas), tornando-se um dos quatro tipos de dor.<\/p>\n<p>Descri\u00e7\u00e3o:<\/p>\n<p>Tramadol n\u00e3o \u00e9 para os fracos de cora\u00e7\u00e3o, pois \u00e9 um potente psicoativo subst\u00e2ncia. O efeito analg\u00e9sico leva de 15 a 30 minutos para fazer efeito e dura 6 horas. Tamb\u00e9m pode ser usado com paracetamol. Tramadol \u00e9 um sedativo.<\/p>\n<p>Tramadol, como um medicamento extremamente potente, deve ser tomado exatamente como prescrito. O m\u00e9dico \u00e9 o respons\u00e1vel final por determinar a dura\u00e7\u00e3o do tratamento. O uso ilegal de drogas pode ter repercuss\u00f5es s\u00e9rias, at\u00e9 mesmo letais. Durante a terapia com tramadol, voc\u00ea deve evitar dirigir um carro ou outras tarefas que exijam um alto n\u00edvel de concentra\u00e7\u00e3o. depend\u00eancia. A Conven\u00e7\u00e3o Internacional classifica este produto qu\u00edmico como um narc\u00f3tico. Como resultado, ele s\u00f3 est\u00e1 dispon\u00edvel por prescri\u00e7\u00e3o de um m\u00e9dico. Analg\u00e9sicos n\u00e3o opi\u00f3ides s\u00e3o prescritos apenas quando os medicamentos n\u00e3o opi\u00f3ides s\u00e3o ineficazes.<\/p>\n<p>Medica\u00e7\u00e3o:<\/p>\n<p>Tome tramadol por via oral conforme prescrito pelo seu m\u00e9dico, geralmente a cada 4 a 6 horas, conforme necess\u00e1rio. Tramadol \u00e9 seguro para tomar com ou sem alimentos. Se sentir n\u00e1useas, o tramadol tomado com alimentos pode ajudar. Medidas adicionais de al\u00edvio de n\u00e1useas podem ser abordadas com seu m\u00e9dico ou farmac\u00eautico (como deitar por 1 a 2 horas com o m\u00ednimo de movimento da cabe\u00e7a poss\u00edvel). Nosso site permite que voc\u00ea compre tramadol 200mg online.<\/p>\n<p>A dose \u00e9 baseada em sua condi\u00e7\u00e3o m\u00e9dica e rea\u00e7\u00e3o ao tratamento. Para minimizar o risco de efeitos indesejados, seu m\u00e9dico pode sugerir que voc\u00ea comece com uma dose baixa de tramadol e aumente gradualmente. Aderir de acordo com o conselho do seu m\u00e9dico. A dose di\u00e1ria m\u00e1xima recomendada \u00e9 de 400 mg. A dose m\u00e1xima recomendada para indiv\u00edduos com mais de 75 anos \u00e9 de 300 mg por dia. N\u00e3o aumente a dose de tramadol, use-o com mais frequ\u00eancia ou por um per\u00edodo de tempo prolongado do que o prescrito. Quando o tramadol \u00e9 prescrito, ele deve ser descontinuado imediatamente.<\/p>\n<p>Recomenda-se que o tramadol barato online seja usado com extrema cautela em<\/p>\n<p>Indiv\u00edduos dependentes de opi\u00f3ides; aqueles que sofreram les\u00e3o cerebral, choque ou diminui\u00e7\u00e3o do n\u00edvel de consci\u00eancia por motivo desconhecido; e<\/p>\n<p>Al\u00e9m de dist\u00farbios do centro respirat\u00f3rio ou da fun\u00e7\u00e3o respirat\u00f3ria,<\/p>\n<p>um aumento correspondente na press\u00e3o intracraniana (PIC).<br \/> mau funcionamento dos sistemas renal e hep\u00e1tico<\/p>\n<p>O cloridrato de tramadol deve ser tomado com cautela em indiv\u00edduos sens\u00edveis aos opi\u00e1ceos.<\/p>\n","protected":false},"excerpt":{"rendered":"<p>Farm\u00e1cia on-line para comprar comprimidos de Ultram Tramadol 200mg<\/p>\n<p>Compre Tramadol Ultram on-line.<\/p>\n<p>Encomende Tramadol Bacalhau durante a noite. Entrega noturna barata de tramadol<\/p>\n<p>Saiba onde\u00a0encomendar tramadol\u00a0on-line sem receita m\u00e9dica a um custo mais barato. &#8230; Comprimidos dispon\u00edveis nas seguintes dosagens: 50 mg, 100 mg, 150 mg e 200 mg.<\/p>\n<div class=\"product-next-previous\">\n<div class=\"product-prev\"><\/div>\n<\/p><\/div>\n","protected":false},"featured_media":5333,"comment_status":"open","ping_status":"closed","template":"","meta":[],"product_brand":[],"product_cat":[1117],"product_tag":[1912,1905,1904,1906,1913,1909,1914,1907,1911,1910,1915,1908],"class_list":{"0":"post-5323","1":"product","2":"type-product","3":"status-publish","4":"has-post-thumbnail","6":"product_cat-compre-pilulas-para-dor-sono-e-sexo","7":"product_tag-tramadol-cloridrato-paracetamol","8":"product_tag-comprar-tramadol-online-barato","9":"product_tag-comprar-tramadol-na-florida","10":"product_tag-compre-tramadol-online-durante-a-noite","11":"product_tag-tramadol-efeitos-colaterais-ces","12":"product_tag-generic-ultram-er","13":"product_tag-interaes-medicamentosas-ultram","14":"product_tag-barato-tramadol-sem-prescrio","15":"product_tag-tramadol-hcl-50mg-usado","16":"product_tag-durante-a-noite-tramadol","17":"product_tag-ultram-er-200","18":"product_tag-barato-ultram-sem-receita","20":"first","21":"instock","22":"shipping-taxable","23":"purchasable","24":"product-type-variable","25":"has-default-attributes"},"yoast_head":"<!-- This site is optimized with the Yoast SEO plugin v27.3 - https:\/\/yoast.com\/product\/yoast-seo-wordpress\/ -->\n<title>Compre comprimidos Ultram Tramadol 200 mg online - Best Global Meds<\/title>\n<meta name=\"description\" content=\"Compre Tramadol Ultram 200 mg\u00a0On-line. Pe\u00e7a o Tramadol\u00a0Bacalhau \u00e0 noite. Detalhes:\u00a0Entrega noturna on-line barata de tramadol\u00a0\" \/>\n<meta name=\"robots\" content=\"index, follow, max-snippet:-1, max-image-preview:large, max-video-preview:-1\" \/>\n<link rel=\"canonical\" href=\"https:\/\/medicinasinc.com\/pt\/product\/comprar-ultram-tramadol-200-mg\/\" \/>\n<meta property=\"og:locale\" content=\"pt_PT\" \/>\n<meta property=\"og:type\" content=\"article\" \/>\n<meta property=\"og:title\" content=\"Compre comprimidos Ultram Tramadol 200 mg online - Best Global Meds\" \/>\n<meta property=\"og:description\" content=\"Compre Tramadol Ultram 200 mg\u00a0On-line. Pe\u00e7a o Tramadol\u00a0Bacalhau \u00e0 noite. Detalhes:\u00a0Entrega noturna on-line barata de tramadol\u00a0\" \/>\n<meta property=\"og:url\" content=\"https:\/\/medicinasinc.com\/pt\/product\/comprar-ultram-tramadol-200-mg\/\" \/>\n<meta property=\"og:site_name\" content=\"Medicinas Inc\" \/>\n<meta property=\"article:modified_time\" content=\"2022-07-05T23:18:18+00:00\" \/>\n<meta property=\"og:image\" content=\"https:\/\/medicinasinc.com\/pt\/wp-content\/uploads\/sites\/20\/2022\/02\/Buy-Ultram-Tramadol-200mg.jpg\" \/>\n\t<meta property=\"og:image:width\" content=\"300\" \/>\n\t<meta property=\"og:image:height\" content=\"225\" \/>\n\t<meta property=\"og:image:type\" content=\"image\/jpeg\" \/>\n<meta name=\"twitter:card\" content=\"summary_large_image\" \/>\n<meta name=\"twitter:label1\" content=\"Tempo estimado de leitura\" \/>\n\t<meta name=\"twitter:data1\" content=\"2 minutos\" \/>\n<script type=\"application\/ld+json\" class=\"yoast-schema-graph\">{\"@context\":\"https:\\\/\\\/schema.org\",\"@graph\":[{\"@type\":\"WebPage\",\"@id\":\"https:\\\/\\\/medicinasinc.com\\\/pt\\\/product\\\/comprar-ultram-tramadol-200-mg\\\/\",\"url\":\"https:\\\/\\\/medicinasinc.com\\\/pt\\\/product\\\/comprar-ultram-tramadol-200-mg\\\/\",\"name\":\"Compre comprimidos Ultram Tramadol 200 mg online - Best Global Meds\",\"isPartOf\":{\"@id\":\"https:\\\/\\\/medicinasinc.com\\\/pt\\\/#website\"},\"primaryImageOfPage\":{\"@id\":\"https:\\\/\\\/medicinasinc.com\\\/pt\\\/product\\\/comprar-ultram-tramadol-200-mg\\\/#primaryimage\"},\"image\":{\"@id\":\"https:\\\/\\\/medicinasinc.com\\\/pt\\\/product\\\/comprar-ultram-tramadol-200-mg\\\/#primaryimage\"},\"thumbnailUrl\":\"https:\\\/\\\/medicinasinc.com\\\/pt\\\/wp-content\\\/uploads\\\/sites\\\/20\\\/2022\\\/02\\\/Buy-Ultram-Tramadol-200mg.jpg\",\"datePublished\":\"2022-02-21T20:57:56+00:00\",\"dateModified\":\"2022-07-05T23:18:18+00:00\",\"description\":\"Compre Tramadol Ultram 200 mg\u00a0On-line. Pe\u00e7a o Tramadol\u00a0Bacalhau \u00e0 noite. Detalhes:\u00a0Entrega noturna on-line barata de tramadol\u00a0\",\"breadcrumb\":{\"@id\":\"https:\\\/\\\/medicinasinc.com\\\/pt\\\/product\\\/comprar-ultram-tramadol-200-mg\\\/#breadcrumb\"},\"inLanguage\":\"pt-PT\",\"potentialAction\":[{\"@type\":\"ReadAction\",\"target\":[\"https:\\\/\\\/medicinasinc.com\\\/pt\\\/product\\\/comprar-ultram-tramadol-200-mg\\\/\"]}]},{\"@type\":\"ImageObject\",\"inLanguage\":\"pt-PT\",\"@id\":\"https:\\\/\\\/medicinasinc.com\\\/pt\\\/product\\\/comprar-ultram-tramadol-200-mg\\\/#primaryimage\",\"url\":\"https:\\\/\\\/medicinasinc.com\\\/pt\\\/wp-content\\\/uploads\\\/sites\\\/20\\\/2022\\\/02\\\/Buy-Ultram-Tramadol-200mg.jpg\",\"contentUrl\":\"https:\\\/\\\/medicinasinc.com\\\/pt\\\/wp-content\\\/uploads\\\/sites\\\/20\\\/2022\\\/02\\\/Buy-Ultram-Tramadol-200mg.jpg\",\"width\":300,\"height\":225},{\"@type\":\"BreadcrumbList\",\"@id\":\"https:\\\/\\\/medicinasinc.com\\\/pt\\\/product\\\/comprar-ultram-tramadol-200-mg\\\/#breadcrumb\",\"itemListElement\":[{\"@type\":\"ListItem\",\"position\":1,\"name\":\"Comprar\",\"item\":\"https:\\\/\\\/medicinasinc.com\\\/pt\\\/comprar\\\/\"},{\"@type\":\"ListItem\",\"position\":2,\"name\":\"Compre Ultram Tramadol 200 mg\"}]},{\"@type\":\"WebSite\",\"@id\":\"https:\\\/\\\/medicinasinc.com\\\/pt\\\/#website\",\"url\":\"https:\\\/\\\/medicinasinc.com\\\/pt\\\/\",\"name\":\"Medicinas Inc\",\"description\":\"Health Medical Clinic\",\"potentialAction\":[{\"@type\":\"SearchAction\",\"target\":{\"@type\":\"EntryPoint\",\"urlTemplate\":\"https:\\\/\\\/medicinasinc.com\\\/pt\\\/?s={search_term_string}\"},\"query-input\":{\"@type\":\"PropertyValueSpecification\",\"valueRequired\":true,\"valueName\":\"search_term_string\"}}],\"inLanguage\":\"pt-PT\"}]}<\/script>\n<!-- \/ Yoast SEO plugin. -->","yoast_head_json":{"title":"Compre comprimidos Ultram Tramadol 200 mg online - Best Global Meds","description":"Compre Tramadol Ultram 200 mg\u00a0On-line. Pe\u00e7a o Tramadol\u00a0Bacalhau \u00e0 noite. Detalhes:\u00a0Entrega noturna on-line barata de tramadol\u00a0","robots":{"index":"index","follow":"follow","max-snippet":"max-snippet:-1","max-image-preview":"max-image-preview:large","max-video-preview":"max-video-preview:-1"},"canonical":"https:\/\/medicinasinc.com\/pt\/product\/comprar-ultram-tramadol-200-mg\/","og_locale":"pt_PT","og_type":"article","og_title":"Compre comprimidos Ultram Tramadol 200 mg online - Best Global Meds","og_description":"Compre Tramadol Ultram 200 mg\u00a0On-line. Pe\u00e7a o Tramadol\u00a0Bacalhau \u00e0 noite. Detalhes:\u00a0Entrega noturna on-line barata de tramadol\u00a0","og_url":"https:\/\/medicinasinc.com\/pt\/product\/comprar-ultram-tramadol-200-mg\/","og_site_name":"Medicinas Inc","article_modified_time":"2022-07-05T23:18:18+00:00","og_image":[{"width":300,"height":225,"url":"https:\/\/medicinasinc.com\/pt\/wp-content\/uploads\/sites\/20\/2022\/02\/Buy-Ultram-Tramadol-200mg.jpg","type":"image\/jpeg"}],"twitter_card":"summary_large_image","twitter_misc":{"Tempo estimado de leitura":"2 minutos"},"schema":{"@context":"https:\/\/schema.org","@graph":[{"@type":"WebPage","@id":"https:\/\/medicinasinc.com\/pt\/product\/comprar-ultram-tramadol-200-mg\/","url":"https:\/\/medicinasinc.com\/pt\/product\/comprar-ultram-tramadol-200-mg\/","name":"Compre comprimidos Ultram Tramadol 200 mg online - Best Global Meds","isPartOf":{"@id":"https:\/\/medicinasinc.com\/pt\/#website"},"primaryImageOfPage":{"@id":"https:\/\/medicinasinc.com\/pt\/product\/comprar-ultram-tramadol-200-mg\/#primaryimage"},"image":{"@id":"https:\/\/medicinasinc.com\/pt\/product\/comprar-ultram-tramadol-200-mg\/#primaryimage"},"thumbnailUrl":"https:\/\/medicinasinc.com\/pt\/wp-content\/uploads\/sites\/20\/2022\/02\/Buy-Ultram-Tramadol-200mg.jpg","datePublished":"2022-02-21T20:57:56+00:00","dateModified":"2022-07-05T23:18:18+00:00","description":"Compre Tramadol Ultram 200 mg\u00a0On-line. Pe\u00e7a o Tramadol\u00a0Bacalhau \u00e0 noite. Detalhes:\u00a0Entrega noturna on-line barata de tramadol\u00a0","breadcrumb":{"@id":"https:\/\/medicinasinc.com\/pt\/product\/comprar-ultram-tramadol-200-mg\/#breadcrumb"},"inLanguage":"pt-PT","potentialAction":[{"@type":"ReadAction","target":["https:\/\/medicinasinc.com\/pt\/product\/comprar-ultram-tramadol-200-mg\/"]}]},{"@type":"ImageObject","inLanguage":"pt-PT","@id":"https:\/\/medicinasinc.com\/pt\/product\/comprar-ultram-tramadol-200-mg\/#primaryimage","url":"https:\/\/medicinasinc.com\/pt\/wp-content\/uploads\/sites\/20\/2022\/02\/Buy-Ultram-Tramadol-200mg.jpg","contentUrl":"https:\/\/medicinasinc.com\/pt\/wp-content\/uploads\/sites\/20\/2022\/02\/Buy-Ultram-Tramadol-200mg.jpg","width":300,"height":225},{"@type":"BreadcrumbList","@id":"https:\/\/medicinasinc.com\/pt\/product\/comprar-ultram-tramadol-200-mg\/#breadcrumb","itemListElement":[{"@type":"ListItem","position":1,"name":"Comprar","item":"https:\/\/medicinasinc.com\/pt\/comprar\/"},{"@type":"ListItem","position":2,"name":"Compre Ultram Tramadol 200 mg"}]},{"@type":"WebSite","@id":"https:\/\/medicinasinc.com\/pt\/#website","url":"https:\/\/medicinasinc.com\/pt\/","name":"Medicinas Inc","description":"Health Medical Clinic","potentialAction":[{"@type":"SearchAction","target":{"@type":"EntryPoint","urlTemplate":"https:\/\/medicinasinc.com\/pt\/?s={search_term_string}"},"query-input":{"@type":"PropertyValueSpecification","valueRequired":true,"valueName":"search_term_string"}}],"inLanguage":"pt-PT"}]}},"_links":{"self":[{"href":"https:\/\/medicinasinc.com\/pt\/wp-json\/wp\/v2\/product\/5323","targetHints":{"allow":["GET"]}}],"collection":[{"href":"https:\/\/medicinasinc.com\/pt\/wp-json\/wp\/v2\/product"}],"about":[{"href":"https:\/\/medicinasinc.com\/pt\/wp-json\/wp\/v2\/types\/product"}],"replies":[{"embeddable":true,"href":"https:\/\/medicinasinc.com\/pt\/wp-json\/wp\/v2\/comments?post=5323"}],"wp:featuredmedia":[{"embeddable":true,"href":"https:\/\/medicinasinc.com\/pt\/wp-json\/wp\/v2\/media\/5333"}],"wp:attachment":[{"href":"https:\/\/medicinasinc.com\/pt\/wp-json\/wp\/v2\/media?parent=5323"}],"wp:term":[{"taxonomy":"product_brand","embeddable":true,"href":"https:\/\/medicinasinc.com\/pt\/wp-json\/wp\/v2\/product_brand?post=5323"},{"taxonomy":"product_cat","embeddable":true,"href":"https:\/\/medicinasinc.com\/pt\/wp-json\/wp\/v2\/product_cat?post=5323"},{"taxonomy":"product_tag","embeddable":true,"href":"https:\/\/medicinasinc.com\/pt\/wp-json\/wp\/v2\/product_tag?post=5323"}],"curies":[{"name":"wp","href":"https:\/\/api.w.org\/{rel}","templated":true}]}}