{"id":5322,"date":"2022-02-21T20:57:13","date_gmt":"2022-02-21T20:57:13","guid":{"rendered":"https:\/\/medicinasinc.com\/pt\/?post_type=product&#038;p=5322"},"modified":"2022-07-05T23:18:34","modified_gmt":"2022-07-05T23:18:34","slug":"tramadol-100mg","status":"publish","type":"product","link":"https:\/\/medicinasinc.com\/pt\/product\/tramadol-100mg\/","title":{"rendered":"Tramadol 100mg"},"content":{"rendered":"<p>Tramadol 100mg para dor severa<\/p>\n<p>Certas les\u00f5es levam anos para cicatrizar, durante os quais a v\u00edtima deve suportar desconforto. A dor associada \u00e0 les\u00e3o pode variar de leve a grave, dependendo da profundidade e do tamanho da ferida. No entanto, a dor aguda pode ocasionalmente interromper a rotina regular do indiv\u00edduo. Nesses casos, as pessoas ter\u00e3o que inventar um meio de sobreviv\u00eancia. Eles podem alcan\u00e7ar a sobreviv\u00eancia pretendida, aliviando parte da dor. Eles podem comprar tramadol 100mg on-line de v\u00e1rias fontes para obter al\u00edvio imediato da dor.<\/p>\n<p>Tramadol 100mg \u00e9 eficaz<\/p>\n<p>Compre tramadol 100mg on-line para ajudar a aliviar a dor e permitir que continuem com sua rotina. No entanto, o tramadol funciona de maneira diferente dos outros medicamentos. A fun\u00e7\u00e3o prim\u00e1ria do comprimido \u00e9 aliviar a dor, n\u00e3o curar a les\u00e3o. Os comprimidos t\u00eam um efeito nos nervos de dor do c\u00e9rebro. Entorpece as veias, impedindo-as de sentir dor. Como resultado, a dorm\u00eancia ir\u00e1 ajud\u00e1-los a sobreviver ao dia sem interferir em sua rotina normal.<\/p>\n<p>Rea\u00e7\u00f5es adversas graves<\/p>\n<p>A dor anestesiante ocorre no c\u00e9rebro, e os comprimidos modificam a maneira como as fun\u00e7\u00f5es cerebrais, resultando em uma variedade de dificuldades. Os efeitos colaterais graves incluem dorm\u00eancia no c\u00e9rebro, perda transit\u00f3ria de mem\u00f3ria e outros dist\u00farbios dessa natureza. Tonturas e outras dificuldades ser\u00e3o uma ocorr\u00eancia comum. Como resultado, a dose individual dos comprimidos precisar\u00e1 ser ajustada para evitar efeitos adversos graves.<\/p>\n<p>A dose di\u00e1ria recomendada do comprimido \u00e9 entre 50 e 300 mg, e deve ser usado apenas uma vez por dia. Voc\u00ea pode obter tramadol online em v\u00e1rios sites, mas a ingest\u00e3o deve ser baseada na recomenda\u00e7\u00e3o de um m\u00e9dico. O conselho do m\u00e9dico ser\u00e1 fundamental na preven\u00e7\u00e3o de consequ\u00eancias adversas.<\/p>\n","protected":false},"excerpt":{"rendered":"<div class=\"woocommerce-product-details__short-description\">\n<p>Os comprimidos de Tramadol SR 100mg podem ser comprados online. Compre Tramadol Online Tramal SR 100mg sem receita m\u00e9dica a um pre\u00e7o 80% inferior ao que voc\u00ea pagaria em uma farm\u00e1cia dos EUA.<\/p>\n<\/p><\/div>\n","protected":false},"featured_media":5331,"comment_status":"open","ping_status":"closed","template":"","meta":[],"product_brand":[],"product_cat":[1117],"product_tag":[],"class_list":{"0":"post-5322","1":"product","2":"type-product","3":"status-publish","4":"has-post-thumbnail","6":"product_cat-compre-pilulas-para-dor-sono-e-sexo","8":"first","9":"instock","10":"shipping-taxable","11":"purchasable","12":"product-type-variable","13":"has-default-attributes"},"yoast_head":"<!-- This site is optimized with the Yoast SEO plugin v27.3 - https:\/\/yoast.com\/product\/yoast-seo-wordpress\/ -->\n<title>Compre comprimidos Tramal SR 100mg online - Best Best Global Meds<\/title>\n<meta name=\"description\" content=\"Compre comprimidos Tramal SR 100mg online. Compre Tramadol Online Tramal SR 100mg sem receita m\u00e9dica a um pre\u00e7o 80% menor do que nas farm\u00e1cias dos EUA.\" \/>\n<meta name=\"robots\" content=\"index, follow, max-snippet:-1, max-image-preview:large, max-video-preview:-1\" \/>\n<link rel=\"canonical\" href=\"https:\/\/medicinasinc.com\/pt\/product\/tramadol-100mg\/\" \/>\n<meta property=\"og:locale\" content=\"pt_PT\" \/>\n<meta property=\"og:type\" content=\"article\" \/>\n<meta property=\"og:title\" content=\"Compre comprimidos Tramal SR 100mg online - Best Best Global Meds\" \/>\n<meta property=\"og:description\" content=\"Compre comprimidos Tramal SR 100mg online. Compre Tramadol Online Tramal SR 100mg sem receita m\u00e9dica a um pre\u00e7o 80% menor do que nas farm\u00e1cias dos EUA.\" \/>\n<meta property=\"og:url\" content=\"https:\/\/medicinasinc.com\/pt\/product\/tramadol-100mg\/\" \/>\n<meta property=\"og:site_name\" content=\"Medicinas Inc\" \/>\n<meta property=\"article:modified_time\" content=\"2022-07-05T23:18:34+00:00\" \/>\n<meta property=\"og:image\" content=\"https:\/\/medicinasinc.com\/pt\/wp-content\/uploads\/sites\/20\/2022\/02\/Tramadol-100mg-1.jpg\" \/>\n\t<meta property=\"og:image:width\" content=\"600\" \/>\n\t<meta property=\"og:image:height\" content=\"358\" \/>\n\t<meta property=\"og:image:type\" content=\"image\/jpeg\" \/>\n<meta name=\"twitter:card\" content=\"summary_large_image\" \/>\n<meta name=\"twitter:label1\" content=\"Tempo estimado de leitura\" \/>\n\t<meta name=\"twitter:data1\" content=\"2 minutos\" \/>\n<script type=\"application\/ld+json\" class=\"yoast-schema-graph\">{\"@context\":\"https:\\\/\\\/schema.org\",\"@graph\":[{\"@type\":\"WebPage\",\"@id\":\"https:\\\/\\\/medicinasinc.com\\\/pt\\\/product\\\/tramadol-100mg\\\/\",\"url\":\"https:\\\/\\\/medicinasinc.com\\\/pt\\\/product\\\/tramadol-100mg\\\/\",\"name\":\"Compre comprimidos Tramal SR 100mg online - Best Best Global Meds\",\"isPartOf\":{\"@id\":\"https:\\\/\\\/medicinasinc.com\\\/pt\\\/#website\"},\"primaryImageOfPage\":{\"@id\":\"https:\\\/\\\/medicinasinc.com\\\/pt\\\/product\\\/tramadol-100mg\\\/#primaryimage\"},\"image\":{\"@id\":\"https:\\\/\\\/medicinasinc.com\\\/pt\\\/product\\\/tramadol-100mg\\\/#primaryimage\"},\"thumbnailUrl\":\"https:\\\/\\\/medicinasinc.com\\\/pt\\\/wp-content\\\/uploads\\\/sites\\\/20\\\/2022\\\/02\\\/Tramadol-100mg-1.jpg\",\"datePublished\":\"2022-02-21T20:57:13+00:00\",\"dateModified\":\"2022-07-05T23:18:34+00:00\",\"description\":\"Compre comprimidos Tramal SR 100mg online. Compre Tramadol Online Tramal SR 100mg sem receita m\u00e9dica a um pre\u00e7o 80% menor do que nas farm\u00e1cias dos EUA.\",\"breadcrumb\":{\"@id\":\"https:\\\/\\\/medicinasinc.com\\\/pt\\\/product\\\/tramadol-100mg\\\/#breadcrumb\"},\"inLanguage\":\"pt-PT\",\"potentialAction\":[{\"@type\":\"ReadAction\",\"target\":[\"https:\\\/\\\/medicinasinc.com\\\/pt\\\/product\\\/tramadol-100mg\\\/\"]}]},{\"@type\":\"ImageObject\",\"inLanguage\":\"pt-PT\",\"@id\":\"https:\\\/\\\/medicinasinc.com\\\/pt\\\/product\\\/tramadol-100mg\\\/#primaryimage\",\"url\":\"https:\\\/\\\/medicinasinc.com\\\/pt\\\/wp-content\\\/uploads\\\/sites\\\/20\\\/2022\\\/02\\\/Tramadol-100mg-1.jpg\",\"contentUrl\":\"https:\\\/\\\/medicinasinc.com\\\/pt\\\/wp-content\\\/uploads\\\/sites\\\/20\\\/2022\\\/02\\\/Tramadol-100mg-1.jpg\",\"width\":600,\"height\":358},{\"@type\":\"BreadcrumbList\",\"@id\":\"https:\\\/\\\/medicinasinc.com\\\/pt\\\/product\\\/tramadol-100mg\\\/#breadcrumb\",\"itemListElement\":[{\"@type\":\"ListItem\",\"position\":1,\"name\":\"Comprar\",\"item\":\"https:\\\/\\\/medicinasinc.com\\\/pt\\\/comprar\\\/\"},{\"@type\":\"ListItem\",\"position\":2,\"name\":\"Tramadol 100mg\"}]},{\"@type\":\"WebSite\",\"@id\":\"https:\\\/\\\/medicinasinc.com\\\/pt\\\/#website\",\"url\":\"https:\\\/\\\/medicinasinc.com\\\/pt\\\/\",\"name\":\"Medicinas Inc\",\"description\":\"Health Medical Clinic\",\"potentialAction\":[{\"@type\":\"SearchAction\",\"target\":{\"@type\":\"EntryPoint\",\"urlTemplate\":\"https:\\\/\\\/medicinasinc.com\\\/pt\\\/?s={search_term_string}\"},\"query-input\":{\"@type\":\"PropertyValueSpecification\",\"valueRequired\":true,\"valueName\":\"search_term_string\"}}],\"inLanguage\":\"pt-PT\"}]}<\/script>\n<!-- \/ Yoast SEO plugin. -->","yoast_head_json":{"title":"Compre comprimidos Tramal SR 100mg online - Best Best Global Meds","description":"Compre comprimidos Tramal SR 100mg online. Compre Tramadol Online Tramal SR 100mg sem receita m\u00e9dica a um pre\u00e7o 80% menor do que nas farm\u00e1cias dos EUA.","robots":{"index":"index","follow":"follow","max-snippet":"max-snippet:-1","max-image-preview":"max-image-preview:large","max-video-preview":"max-video-preview:-1"},"canonical":"https:\/\/medicinasinc.com\/pt\/product\/tramadol-100mg\/","og_locale":"pt_PT","og_type":"article","og_title":"Compre comprimidos Tramal SR 100mg online - Best Best Global Meds","og_description":"Compre comprimidos Tramal SR 100mg online. Compre Tramadol Online Tramal SR 100mg sem receita m\u00e9dica a um pre\u00e7o 80% menor do que nas farm\u00e1cias dos EUA.","og_url":"https:\/\/medicinasinc.com\/pt\/product\/tramadol-100mg\/","og_site_name":"Medicinas Inc","article_modified_time":"2022-07-05T23:18:34+00:00","og_image":[{"width":600,"height":358,"url":"https:\/\/medicinasinc.com\/pt\/wp-content\/uploads\/sites\/20\/2022\/02\/Tramadol-100mg-1.jpg","type":"image\/jpeg"}],"twitter_card":"summary_large_image","twitter_misc":{"Tempo estimado de leitura":"2 minutos"},"schema":{"@context":"https:\/\/schema.org","@graph":[{"@type":"WebPage","@id":"https:\/\/medicinasinc.com\/pt\/product\/tramadol-100mg\/","url":"https:\/\/medicinasinc.com\/pt\/product\/tramadol-100mg\/","name":"Compre comprimidos Tramal SR 100mg online - Best Best Global Meds","isPartOf":{"@id":"https:\/\/medicinasinc.com\/pt\/#website"},"primaryImageOfPage":{"@id":"https:\/\/medicinasinc.com\/pt\/product\/tramadol-100mg\/#primaryimage"},"image":{"@id":"https:\/\/medicinasinc.com\/pt\/product\/tramadol-100mg\/#primaryimage"},"thumbnailUrl":"https:\/\/medicinasinc.com\/pt\/wp-content\/uploads\/sites\/20\/2022\/02\/Tramadol-100mg-1.jpg","datePublished":"2022-02-21T20:57:13+00:00","dateModified":"2022-07-05T23:18:34+00:00","description":"Compre comprimidos Tramal SR 100mg online. Compre Tramadol Online Tramal SR 100mg sem receita m\u00e9dica a um pre\u00e7o 80% menor do que nas farm\u00e1cias dos EUA.","breadcrumb":{"@id":"https:\/\/medicinasinc.com\/pt\/product\/tramadol-100mg\/#breadcrumb"},"inLanguage":"pt-PT","potentialAction":[{"@type":"ReadAction","target":["https:\/\/medicinasinc.com\/pt\/product\/tramadol-100mg\/"]}]},{"@type":"ImageObject","inLanguage":"pt-PT","@id":"https:\/\/medicinasinc.com\/pt\/product\/tramadol-100mg\/#primaryimage","url":"https:\/\/medicinasinc.com\/pt\/wp-content\/uploads\/sites\/20\/2022\/02\/Tramadol-100mg-1.jpg","contentUrl":"https:\/\/medicinasinc.com\/pt\/wp-content\/uploads\/sites\/20\/2022\/02\/Tramadol-100mg-1.jpg","width":600,"height":358},{"@type":"BreadcrumbList","@id":"https:\/\/medicinasinc.com\/pt\/product\/tramadol-100mg\/#breadcrumb","itemListElement":[{"@type":"ListItem","position":1,"name":"Comprar","item":"https:\/\/medicinasinc.com\/pt\/comprar\/"},{"@type":"ListItem","position":2,"name":"Tramadol 100mg"}]},{"@type":"WebSite","@id":"https:\/\/medicinasinc.com\/pt\/#website","url":"https:\/\/medicinasinc.com\/pt\/","name":"Medicinas Inc","description":"Health Medical Clinic","potentialAction":[{"@type":"SearchAction","target":{"@type":"EntryPoint","urlTemplate":"https:\/\/medicinasinc.com\/pt\/?s={search_term_string}"},"query-input":{"@type":"PropertyValueSpecification","valueRequired":true,"valueName":"search_term_string"}}],"inLanguage":"pt-PT"}]}},"_links":{"self":[{"href":"https:\/\/medicinasinc.com\/pt\/wp-json\/wp\/v2\/product\/5322","targetHints":{"allow":["GET"]}}],"collection":[{"href":"https:\/\/medicinasinc.com\/pt\/wp-json\/wp\/v2\/product"}],"about":[{"href":"https:\/\/medicinasinc.com\/pt\/wp-json\/wp\/v2\/types\/product"}],"replies":[{"embeddable":true,"href":"https:\/\/medicinasinc.com\/pt\/wp-json\/wp\/v2\/comments?post=5322"}],"wp:featuredmedia":[{"embeddable":true,"href":"https:\/\/medicinasinc.com\/pt\/wp-json\/wp\/v2\/media\/5331"}],"wp:attachment":[{"href":"https:\/\/medicinasinc.com\/pt\/wp-json\/wp\/v2\/media?parent=5322"}],"wp:term":[{"taxonomy":"product_brand","embeddable":true,"href":"https:\/\/medicinasinc.com\/pt\/wp-json\/wp\/v2\/product_brand?post=5322"},{"taxonomy":"product_cat","embeddable":true,"href":"https:\/\/medicinasinc.com\/pt\/wp-json\/wp\/v2\/product_cat?post=5322"},{"taxonomy":"product_tag","embeddable":true,"href":"https:\/\/medicinasinc.com\/pt\/wp-json\/wp\/v2\/product_tag?post=5322"}],"curies":[{"name":"wp","href":"https:\/\/api.w.org\/{rel}","templated":true}]}}