{"id":5310,"date":"2022-02-21T18:38:01","date_gmt":"2022-02-21T18:38:01","guid":{"rendered":"https:\/\/medicinasinc.com\/pt\/?post_type=product&#038;p=5310"},"modified":"2022-07-05T23:18:57","modified_gmt":"2022-07-05T23:18:57","slug":"comprar-roxicodona-30-mg","status":"publish","type":"product","link":"https:\/\/medicinasinc.com\/pt\/product\/comprar-roxicodona-30-mg\/","title":{"rendered":"Compre Roxicodona 30 mg"},"content":{"rendered":"<p>Compra on-line de comprimidos de 30 mg de Roxicodona<\/p>\n<p>Os comprimidos de ROXICODONE (oxicodona HCl) destinam-se ao tratamento de dor moderada a intensa que requer um analg\u00e9sico opi\u00f3ide e para as quais as alternativas n\u00e3o opi\u00f3ides s\u00e3o ineficazes.<\/p>\n<p>Restri\u00e7\u00f5es de uso<\/p>\n<p>Devido aos perigos da depend\u00eancia de opi\u00f3ides, abuso e uso indevido, mesmo em doses autorizadas, reserve ROXICODONE para pacientes que n\u00e3o respondem a op\u00e7\u00f5es de tratamento alternativo (por exemplo, analg\u00e9sicos n\u00e3o opi\u00f3ides ou produtos de combina\u00e7\u00e3o de opi\u00f3ides):<\/p>\n<p>N\u00e3o foram tolerados e provavelmente n\u00e3o ser\u00e3o permitidos<br \/> N\u00e3o administraram analgesia apropriada ou provavelmente n\u00e3o administrar\u00e3o analgesia adequada<\/p>\n<p>Este material destina-se apenas a profissionais de sa\u00fade nos Estados Unidos da Am\u00e9rica.<br \/> Informa\u00e7\u00f5es completas de prescri\u00e7\u00e3o para os Estados Unidos, incluindo um aviso em caixa.<\/p>\n<p>Guia de medicamentos<\/p>\n<div class=\"product -next-previous\">\n<div class=\"product-prev\">\n<div class=\"contraindication\">\n<div class=\"contraindica tion\">\n<div class=\"contraindication\">\n<div class=\"contraindication\">\n<div class=\"contraindication\">\n<div class=\"contraindication\">\n<div class=\"contraindication\">\n<h2><b>IMPORTANTE INFORMA\u00c7\u00d5ES DE SEGURAN\u00c7A<\/b><\/h2>\n<div class=\"scroll-wrapper scrolling-table scrollbar-chrome\">\n<div class=\"scrolling-table scrollbar-chrome scroll-content\">\n<table border=\"1\">\n<tbody>\n<tr>\n<td valign=\"top\" width=\"623\">\n<ul>\n<li>AVISO: V\u00cdCIO, ABUSO E MAU USO; AVALIA\u00c7\u00c3O DE RISCO E ESTRAT\u00c9GIA DE MITIGA\u00c7\u00c3O (REMS); DEPRESS\u00c3O RESPIRAT\u00d3RIA COM AMEA\u00c7A \u00c0 VIDA; INGEST\u00c3O ACIDENTAL; S\u00cdNDROME DE ABSTIN\u00caNCIA DE OPI\u00d3IDES NEONATAL; INTERA\u00c7\u00c3O COM CITOCROMO P450 3A4; e RISCOS DO USO CONCOMITANTE COM BENSubstance Abuso, Abuso e Uso Indevido O ROXICODONE exp\u00f5e pacientes e outros usu\u00e1rios aos perigos do v\u00edcio, abuso e uso indevido de opi\u00f3ides, os quais podem resultar em morte por overdose. Antes de fornecer ROXICODONE, avalie o risco de cada paciente e monitore todos os pacientes periodicamente para o desenvolvimento de certos comportamentos e condi\u00e7\u00f5es.\n<p>Estrat\u00e9gia de avalia\u00e7\u00e3o e mitiga\u00e7\u00e3o de risco para analg\u00e9sicos opi\u00f3ides (REMS)<\/p>\n<p>A Food and Drug Administration (FDA) exige um REMS para analg\u00e9sicos opi\u00f3ides para verificar se os benef\u00edcios superam os perigos de depend\u00eancia, abuso e uso indevido . As empresas farmac\u00eauticas que aprovaram produtos analg\u00e9sicos opi\u00f3ides s\u00e3o obrigadas a disponibilizar programas de educa\u00e7\u00e3o compat\u00edveis com o REMS para os profissionais de sa\u00fade. Os profissionais de sa\u00fade s\u00e3o fortemente encorajados a: \u2022 completar um programa de educa\u00e7\u00e3o compat\u00edvel com REMS; \u2022 aconselhar pacientes e\/ou cuidadores sobre o uso seguro, riscos graves, armazenamento e descarte desses produtos com cada prescri\u00e7\u00e3o; \u2022 enfatize aos pacientes e cuidadores a import\u00e2ncia da leitura do Guia de Medica\u00e7\u00e3o toda vez que for fornecido pelo farmac\u00eautico; e \u2022 considerar ferramentas adicionais para melhorar a seguran\u00e7a do paciente, da fam\u00edlia e da comunidade.<\/p>\n<p>Depress\u00e3o respirat\u00f3ria com risco de vida<\/p>\n<p>ROXICODONE pode causar depress\u00e3o respirat\u00f3ria grave, com risco de vida ou mortal. Fique atento \u00e0 depress\u00e3o respirat\u00f3ria, especialmente ao iniciar ROXICODONE ou aumentar a dose.<\/p>\n<p>Consumo por acidente<\/p>\n<p>A ingest\u00e3o acidental de ROXICODONE, principalmente por jovens, pode resultar em uma overdose letal de ROXICODONE. <\/p>\n<p>S\u00edndrome de abstin\u00eancia neonatal de opi\u00f3ides<\/p>\n<p>O uso prolongado de ROXICODONE durante a gravidez pode resultar em s\u00edndrome de abstin\u00eancia de opi\u00f3ides no rec\u00e9m-nascido, que pode ser fatal se n\u00e3o diagnosticada e tratada prontamente, e necessita de terapia de acordo com a neonatologia -procedimentos espec\u00edficos. Se o uso prolongado de opioides for necess\u00e1rio em uma mulher gr\u00e1vida, informe-a sobre o perigo da s\u00edndrome de abstin\u00eancia neonatal de opioides e certifique-se de que a terapia adequada esteja dispon\u00edvel.<\/p>\n<p>Intera\u00e7\u00e3o com Citocromo P450 3A4<\/p>\n<p>Uso concomitante de ROXICODONE e todos os inibidores do citocromo P450 3A4 pode resultar em um aumento nas concentra\u00e7\u00f5es plasm\u00e1ticas de oxicodona, o que pode exacerbar ou prolongar respostas desagrad\u00e1veis \u200b\u200be pode resultar em depress\u00e3o respirat\u00f3ria potencialmente fatal. Al\u00e9m disso, a interrup\u00e7\u00e3o de um indutor do citocromo P450 3A4 utilizado concomitantemente pode resultar em um aumento na n\u00edveis plasm\u00e1ticos de oxicodona. Pacientes recebendo ROXICODONE e qualquer inibidor ou indutor do CYP3A4 devem ser monitorados de perto.<\/p>\n<p>Consequ\u00eancias do uso concomitante com benzodiazep\u00ednicos ou outros depressores do sistema nervoso central<\/p>\n<p>Uso concomitante de opi\u00f3ides com benzodiazep\u00ednicos ou outros depressores do SNC , como o \u00e1lcool, pode resultar em sonol\u00eancia extrema, depress\u00e3o respirat\u00f3ria, coma ou morte.<\/p>\n<p>A administra\u00e7\u00e3o concomitante de ROXICODONE com benzodiazep\u00ednicos ou outros depressores do SNC deve ser reservada para indiv\u00edduos que n\u00e3o respondem a alternativas terap\u00eauticas alternativas. <br \/> Mantenha as dosagens e dura\u00e7\u00f5es no m\u00ednimo.<br \/> Fique atento a sinais e sintomas de depress\u00e3o respirat\u00f3ria e seda\u00e7\u00e3o em pacientes.<\/li>\n<\/ul>\n<\/td>\n<\/tr>\n<\/li>\n<p> tbody&gt; <\/table>\n<\/p><\/div><\/div>\n<p>&nbsp;<\/p>\n<h2>CONTRA-INDICA\u00c7\u00d5ES<\/h2>\n<p>ROXICODONE \u00e9 contra-indicado em pacientes com:<\/p>\n<ul>\n<li>Depress\u00e3o respirat\u00f3ria significativa<\/li>\n<li>Asma br\u00f4nquica aguda ou grave em um ambiente n\u00e3o monitorado ou na aus\u00eancia de ressuscita\u00e7\u00e3o equipamento<\/li>\n<li>Obstru\u00e7\u00e3o gastrointestinal conhecida ou suspeita, incluindo \u00edleo paral\u00edtico<\/li>\n<li>Hipersensibilidade conhecida \u00e0 oxicodona<\/li>\n<\/ul>\n<h2>\u00a0ADVERT\u00caNCIAS E PRECAU\u00c7\u00d5ES<\/h2>\n<ul>\n<li>ROXICODONE cont\u00e9m oxicodona, uma subst\u00e2ncia controlada do Anexo II. Como um opi\u00f3ide, o ROXICODONE exp\u00f5e os usu\u00e1rios aos riscos de depend\u00eancia, abuso e uso indevido.<\/li>\n<li>Avalie o risco de depend\u00eancia, abuso ou uso indevido de opi\u00f3ides de cada paciente antes de prescrever ROXICODONE e monitore todos os pacientes que recebem ROXICODONE para o desenvolvimento desses comportamentos e condi\u00e7\u00f5es.<\/li>\n<li>Para garantir que os benef\u00edcios dos analg\u00e9sicos opi\u00f3ides superem os riscos de depend\u00eancia, abuso e uso indevido, a Food and Drug Administration (FDA) exigiu uma Avalia\u00e7\u00e3o de Risco e Estrat\u00e9gia de Mitiga\u00e7\u00e3o ( REMS) para esses produtos. De acordo com os requisitos do REMS, as empresas farmac\u00eauticas com produtos analg\u00e9sicos opi\u00f3ides aprovados devem disponibilizar programas de educa\u00e7\u00e3o compat\u00edveis com o REMS aos profissionais de sa\u00fade.<\/li>\n<li>Depress\u00e3o respirat\u00f3ria grave, com risco de vida ou fatal foi relatada com o uso de opi\u00f3ides, mesmo quando usado como recomendado. Pacientes com doen\u00e7a pulmonar cr\u00f4nica, idosos, caqu\u00e9ticos ou debilitados podem apresentar risco aumentado. Monitore atentamente, especialmente durante o in\u00edcio e a titula\u00e7\u00e3o.<\/li>\n<li>Os opioides podem causar dist\u00farbios respirat\u00f3rios relacionados ao sono, incluindo apneia central do sono (ACS) e hipoxemia relacionada ao sono. O uso de opi\u00f3ides aumenta o risco de CSA de forma dose-dependente.<\/li>\n<li>A ingest\u00e3o acidental de at\u00e9 mesmo uma dose de ROXICODONE, especialmente por crian\u00e7as, pode resultar em depress\u00e3o respirat\u00f3ria e morte devido a uma overdose de ROXICODONE. Instrua os pacientes a tomar medidas para armazenar ROXICODONE de forma segura. A ROXICODONE vencida, indesejada ou n\u00e3o utilizada deve ser descartada jogando o medicamento n\u00e3o utilizado no vaso sanit\u00e1rio se uma op\u00e7\u00e3o de retirada do medicamento n\u00e3o estiver prontamente dispon\u00edvel.<\/li>\n<li>A s\u00edndrome de abstin\u00eancia neonatal de opi\u00f3ides (NOWS) pode ocorrer ap\u00f3s o uso prolongado de opioides durante a gravidez. Observe os rec\u00e9m-nascidos quanto a sinais de NOWS e gerencie adequadamente; NOWS pode ser fatal se n\u00e3o for reconhecido e tratado em rec\u00e9m-nascidos.<\/li>\n<li>Ao usar inibidores de CYP3A4 ou descontinuar indutores de CYP3A4 em pacientes tratados com ROXICODONE, monitore os pacientes de perto em intervalos frequentes e considere a redu\u00e7\u00e3o da dosagem de ROXICODONE at\u00e9 que o medicamento fique est\u00e1vel efeitos s\u00e3o alcan\u00e7ados. Ao usar ROXICODONE com indutores de CYP3A4 ou descontinuar inibidores de CYP3A4, monitore os pacientes de perto em intervalos frequentes e considere aumentar a dose de opioide, se necess\u00e1rio, para manter a analgesia adequada ou se ocorrerem sintomas de abstin\u00eancia de opioide.<\/li>\n<li>Seda\u00e7\u00e3o profunda, depress\u00e3o respirat\u00f3ria, coma e morte podem resultar do uso concomitante de ROXICODONE com benzodiazep\u00ednicos ou outros depressores do SNC (incluindo \u00e1lcool e drogas il\u00edcitas).<\/li>\n<li>Casos de insufici\u00eancia adrenal foram relatados com o uso de opioides, mais frequentemente ap\u00f3s mais de um m\u00eas de uso. Se a insufici\u00eancia adrenal for diagnosticada, trate com reposi\u00e7\u00e3o fisiol\u00f3gica de corticoster\u00f3ides e desmame o paciente o opioide at\u00e9 que a fun\u00e7\u00e3o adrenal se recupere.<\/li>\n<li><strong>ROXICODONE<\/strong>\u00a0pode causar hipotens\u00e3o grave, incluindo hipotens\u00e3o ortost\u00e1tica e s\u00edncope em pacientes ambulatoriais. Monitorar durante a inicia\u00e7\u00e3o e\/ou titula\u00e7\u00e3o de ROXICODONE. Evite o uso em pacientes com choque circulat\u00f3rio.<\/li>\n<li>O uso em pacientes com press\u00e3o intracraniana aumentada, tumores cerebrais, traumatismo craniano ou consci\u00eancia prejudicada pode reduzir o impulso respirat\u00f3rio e a reten\u00e7\u00e3o de CO<sub>2<\/sub> resultante pode aumentar ainda mais a press\u00e3o intracraniana. O uso de\u00a0<strong>ROXICODONE<\/strong>\u00a0deve ser evitado em pacientes com consci\u00eancia prejudicada ou coma.<\/li>\n<li>ROXICODONE \u00e9 contraindicado em pacientes com obstru\u00e7\u00e3o gastrointestinal conhecida ou suspeita, incluindo \u00edleo paral\u00edtico. A oxicodona em ROXICODONE pode causar espasmos do esf\u00edncter de Oddi.<\/li>\n<li>A oxicodona em ROXICODONE pode aumentar a frequ\u00eancia de convuls\u00f5es em pacientes com dist\u00farbios convulsivos e pode aumentar o risco de ocorr\u00eancia de convuls\u00f5es em outros contextos cl\u00ednicos associados a convuls\u00f5es . Monitore pacientes com hist\u00f3rico de dist\u00farbios convulsivos para controle de convuls\u00f5es piorado.<\/li>\n<li>N\u00e3o interrompa abruptamente a\u00a0<strong>ROXICODONE<\/strong>\u00a0em um paciente fisicamente dependente de opioides. Ao descontinuar ROXICODONE em um paciente fisicamente dependente, reduza gradualmente a dosagem. A redu\u00e7\u00e3o r\u00e1pida da oxicodona em um paciente fisicamente dependente de opi\u00f3ides pode levar a uma s\u00edndrome de abstin\u00eancia e retorno da dor.<\/li>\n<li>Evite o uso de ROXICODONE com agonistas\/antagonistas mistos ou analg\u00e9sicos agonistas parciais devido ao risco de precipita\u00e7\u00e3o de sintomas de abstin\u00eancia.<\/li>\n<li>Avisar os pacientes para n\u00e3o dirigir ou operar m\u00e1quinas perigosas, a menos que sejam tolerantes aos efeitos da ROXICODONE e saibam como reagir\u00e3o \u00e0 medica\u00e7\u00e3o.<\/li>\n<li>Os opi\u00f3ides podem causar uma rara mas condi\u00e7\u00e3o potencialmente fatal resultante da administra\u00e7\u00e3o concomitante de drogas serotonin\u00e9rgicas. Avise os pacientes sobre os sintomas da s\u00edndrome da serotonina e procure atendimento m\u00e9dico imediatamente se os sintomas se desenvolverem.<\/li>\n<li>O uso de ROXICODONE n\u00e3o \u00e9 recomendado para pacientes em uso de IMAOs ou dentro de 14 dias ap\u00f3s a interrup\u00e7\u00e3o desse tratamento.<\/li>\n<\/ul>\n<h2>Efeitos da Roxicodona<\/h2>\n<p>Rea\u00e7\u00f5es adversas graves associadas ao uso de ROXICODONE incluem depress\u00e3o respirat\u00f3ria, parada respirat\u00f3ria, depress\u00e3o circulat\u00f3ria, parada card\u00edaca, hipotens\u00e3o e\/ou choque. As rea\u00e7\u00f5es adversas mais comuns incluem n\u00e1usea, constipa\u00e7\u00e3o, v\u00f4mito, dor de cabe\u00e7a, prurido, ins\u00f4nia, tontura, astenia e sonol\u00eancia.<\/p>\n<p>Esta n\u00e3o \u00e9 uma lista completa de poss\u00edveis eventos adversos associados \u00e0 ROXICODONE. Consulte Informa\u00e7\u00f5es completas de prescri\u00e7\u00e3o para obter uma lista completa.<\/p>\n<p>&nbsp;<\/p>\n<p>&nbsp;<\/p>\n<\/p><\/div><\/div><\/div><\/div><\/div><\/div><\/div>\n<div class=\"scroll-wrapper scrolling-table scrollbar-chrome\">\n<div class=\"scrolling-table scrollbar-chrome scroll-content\">\n<table>\n<tbody>\n<tr>\n<td><strong>Descri\u00e7\u00e3o<\/strong><\/td>\n<td>Comprimidos azuis marcados<\/td>\n<\/tr>\n<tr>\n<td><strong>Nome gen\u00e9rico<\/strong><\/td>\n<td>Comprimidos de cloridrato de oxicodona USP<\/td>\n<\/tr>\n<tr>\n<td><strong>For\u00e7a de dosagem<\/strong><\/td>\n<td>30 mg<\/td>\n<\/tr>\n<tr>\n<td><strong>C\u00f3digo de identifica\u00e7\u00e3o<\/strong><\/td>\n<td>Comprimido azul marcado (identificado 54 199) [Gravado 54 199 em um lado]<\/td>\n<\/tr>\n<\/tbody>\n<\/table>\n<p><strong>p\u00edlulas de roxicodona, comprar p\u00edlulas de roxicodona, lista de p\u00edlulas de roxicodona azuis redondas, p\u00edlulas que se parecem com roxicodona, mudan\u00e7a de p\u00edlulas de roxicodona, p\u00edlulas de roxicodona 30, p\u00edlulas de libera\u00e7\u00e3o de roxicodona, como ser um traficante de drogas vendendo p\u00edlulas de roxicodona, comprimidos que cont\u00eam roxicodona, comprimidos de xarope de code\u00edna roxicodona, como quanto s\u00e3o as p\u00edlulas de roxicodona 30mg no m\u00e9xico, o que est\u00e1 nas p\u00edlulas falsas de k 9 roxicodona?, 30mg p\u00edlulas azuis de roxicodona,roxicodona, oxicodona 5 mg, p\u00edlula rosa, p\u00edlula m 30, p\u00edlula azul m 30, p\u00edlula k 56, roxycodone, t 194 p\u00edlula, percocet 30 mg, pre\u00e7os de molly, voc\u00ea pode tomar, roxy 30, oxicodona, p\u00edlula u17, dosagem de oxicodona<\/strong><\/p>\n<\/p><\/div><\/div><\/div><\/div>\n<div class=\"product-next-previous\">\n<div class=\"product-prev\"><\/div><\/div>\n","protected":false},"excerpt":{"rendered":"<p>Compre comprimidos de 30 mg de Roxicodona no Reino Unido e na Europa na nossa farm\u00e1cia online medicinasinc.com\/pt com envio r\u00e1pido para todo o mundo! O melhor lugar para obter OxyContin \u00e9 aqui!<\/p>\n","protected":false},"featured_media":5321,"comment_status":"open","ping_status":"closed","template":"","meta":[],"product_brand":[],"product_cat":[1117],"product_tag":[1880,1881,1883,1885,1879,1891,1886,1887,1889,1888,1898,1903,1648,1670,1750,1892,1894,1902,1896,1893,1890,1884,1895,1897,1899,1900,1901,1882],"class_list":{"0":"post-5310","1":"product","2":"type-product","3":"status-publish","4":"has-post-thumbnail","6":"product_cat-compre-pilulas-para-dor-sono-e-sexo","7":"product_tag-breaking-time-release-pills-roxicodone","8":"product_tag-buy-roxicodone-pills","9":"product_tag-codeine-syrup-pills-roxicodone","10":"product_tag-como-ser-um-traficante-de-drogas-vendendo-plulas-roxicodona","11":"product_tag-30mg-roxicodona-azul-plulas","12":"product_tag-dosagem-de-oxicodona","13":"product_tag-k-56-plula","14":"product_tag-lista-de-plulas-redondo-azul-roxicodona","15":"product_tag-m-30-plula","16":"product_tag-m-30-plula-azul","17":"product_tag-roxicodona-plulas-mudana","18":"product_tag-o-que-est-no-falso-k-9-roxicodona-plulas","19":"product_tag-oxicodona","20":"product_tag-oxicodona-5-mg","21":"product_tag-percocet-30-mg","22":"product_tag-pills-that-contain-roxicodone","23":"product_tag-plula-de-rosa","24":"product_tag-u17-plula","25":"product_tag-plulas-de-roxicodona","26":"product_tag-plulas-que-parecem-roxicodona","27":"product_tag-preos-de-molly","28":"product_tag-quanto-so-roxicodona-30mg-plulas-no-mxico","29":"product_tag-roxicodona","30":"product_tag-roxicodone-pills-30","31":"product_tag-roxy-30","32":"product_tag-roxycodone","33":"product_tag-t-194-plula","34":"product_tag-voc-pode-pegar","36":"first","37":"instock","38":"shipping-taxable","39":"purchasable","40":"product-type-variable","41":"has-default-attributes"},"yoast_head":"<!-- This site is optimized with the Yoast SEO plugin v27.3 - https:\/\/yoast.com\/product\/yoast-seo-wordpress\/ -->\n<title>Compre Roxicodona 30 mg - Best Best Global Meds<\/title>\n<meta name=\"description\" content=\"Compre Roxicodona 30 mg comprimidos Reino Unido, Europa na nossa loja online medicinasinc.com\/pt com entrega r\u00e1pida em todo o mundo! O melhor OxyContin para pedir voc\u00ea encontra aqui!\" \/>\n<meta name=\"robots\" content=\"index, follow, max-snippet:-1, max-image-preview:large, max-video-preview:-1\" \/>\n<link rel=\"canonical\" href=\"https:\/\/medicinasinc.com\/pt\/product\/comprar-roxicodona-30-mg\/\" \/>\n<meta property=\"og:locale\" content=\"pt_PT\" \/>\n<meta property=\"og:type\" content=\"article\" \/>\n<meta property=\"og:title\" content=\"Compre Roxicodona 30 mg - Best Best Global Meds\" \/>\n<meta property=\"og:description\" content=\"Compre Roxicodona 30 mg comprimidos Reino Unido, Europa na nossa loja online medicinasinc.com\/pt com entrega r\u00e1pida em todo o mundo! O melhor OxyContin para pedir voc\u00ea encontra aqui!\" \/>\n<meta property=\"og:url\" content=\"https:\/\/medicinasinc.com\/pt\/product\/comprar-roxicodona-30-mg\/\" \/>\n<meta property=\"og:site_name\" content=\"Medicinas Inc\" \/>\n<meta property=\"article:modified_time\" content=\"2022-07-05T23:18:57+00:00\" \/>\n<meta property=\"og:image\" content=\"https:\/\/medicinasinc.com\/pt\/wp-content\/uploads\/sites\/20\/2022\/02\/Roxicodone-30-mg.png\" \/>\n\t<meta property=\"og:image:width\" content=\"400\" \/>\n\t<meta property=\"og:image:height\" content=\"300\" \/>\n\t<meta property=\"og:image:type\" content=\"image\/png\" \/>\n<meta name=\"twitter:card\" content=\"summary_large_image\" \/>\n<meta name=\"twitter:label1\" content=\"Tempo estimado de leitura\" \/>\n\t<meta name=\"twitter:data1\" content=\"7 minutos\" \/>\n<script type=\"application\/ld+json\" class=\"yoast-schema-graph\">{\"@context\":\"https:\\\/\\\/schema.org\",\"@graph\":[{\"@type\":\"WebPage\",\"@id\":\"https:\\\/\\\/medicinasinc.com\\\/pt\\\/product\\\/comprar-roxicodona-30-mg\\\/\",\"url\":\"https:\\\/\\\/medicinasinc.com\\\/pt\\\/product\\\/comprar-roxicodona-30-mg\\\/\",\"name\":\"Compre Roxicodona 30 mg - Best Best Global Meds\",\"isPartOf\":{\"@id\":\"https:\\\/\\\/medicinasinc.com\\\/pt\\\/#website\"},\"primaryImageOfPage\":{\"@id\":\"https:\\\/\\\/medicinasinc.com\\\/pt\\\/product\\\/comprar-roxicodona-30-mg\\\/#primaryimage\"},\"image\":{\"@id\":\"https:\\\/\\\/medicinasinc.com\\\/pt\\\/product\\\/comprar-roxicodona-30-mg\\\/#primaryimage\"},\"thumbnailUrl\":\"https:\\\/\\\/medicinasinc.com\\\/pt\\\/wp-content\\\/uploads\\\/sites\\\/20\\\/2022\\\/02\\\/Roxicodone-30-mg.png\",\"datePublished\":\"2022-02-21T18:38:01+00:00\",\"dateModified\":\"2022-07-05T23:18:57+00:00\",\"description\":\"Compre Roxicodona 30 mg comprimidos Reino Unido, Europa na nossa loja online medicinasinc.com\\\/pt com entrega r\u00e1pida em todo o mundo! O melhor OxyContin para pedir voc\u00ea encontra aqui!\",\"breadcrumb\":{\"@id\":\"https:\\\/\\\/medicinasinc.com\\\/pt\\\/product\\\/comprar-roxicodona-30-mg\\\/#breadcrumb\"},\"inLanguage\":\"pt-PT\",\"potentialAction\":[{\"@type\":\"ReadAction\",\"target\":[\"https:\\\/\\\/medicinasinc.com\\\/pt\\\/product\\\/comprar-roxicodona-30-mg\\\/\"]}]},{\"@type\":\"ImageObject\",\"inLanguage\":\"pt-PT\",\"@id\":\"https:\\\/\\\/medicinasinc.com\\\/pt\\\/product\\\/comprar-roxicodona-30-mg\\\/#primaryimage\",\"url\":\"https:\\\/\\\/medicinasinc.com\\\/pt\\\/wp-content\\\/uploads\\\/sites\\\/20\\\/2022\\\/02\\\/Roxicodone-30-mg.png\",\"contentUrl\":\"https:\\\/\\\/medicinasinc.com\\\/pt\\\/wp-content\\\/uploads\\\/sites\\\/20\\\/2022\\\/02\\\/Roxicodone-30-mg.png\",\"width\":400,\"height\":300},{\"@type\":\"BreadcrumbList\",\"@id\":\"https:\\\/\\\/medicinasinc.com\\\/pt\\\/product\\\/comprar-roxicodona-30-mg\\\/#breadcrumb\",\"itemListElement\":[{\"@type\":\"ListItem\",\"position\":1,\"name\":\"Comprar\",\"item\":\"https:\\\/\\\/medicinasinc.com\\\/pt\\\/comprar\\\/\"},{\"@type\":\"ListItem\",\"position\":2,\"name\":\"Compre Roxicodona 30 mg\"}]},{\"@type\":\"WebSite\",\"@id\":\"https:\\\/\\\/medicinasinc.com\\\/pt\\\/#website\",\"url\":\"https:\\\/\\\/medicinasinc.com\\\/pt\\\/\",\"name\":\"Medicinas Inc\",\"description\":\"Health Medical Clinic\",\"potentialAction\":[{\"@type\":\"SearchAction\",\"target\":{\"@type\":\"EntryPoint\",\"urlTemplate\":\"https:\\\/\\\/medicinasinc.com\\\/pt\\\/?s={search_term_string}\"},\"query-input\":{\"@type\":\"PropertyValueSpecification\",\"valueRequired\":true,\"valueName\":\"search_term_string\"}}],\"inLanguage\":\"pt-PT\"}]}<\/script>\n<!-- \/ Yoast SEO plugin. -->","yoast_head_json":{"title":"Compre Roxicodona 30 mg - Best Best Global Meds","description":"Compre Roxicodona 30 mg comprimidos Reino Unido, Europa na nossa loja online medicinasinc.com\/pt com entrega r\u00e1pida em todo o mundo! O melhor OxyContin para pedir voc\u00ea encontra aqui!","robots":{"index":"index","follow":"follow","max-snippet":"max-snippet:-1","max-image-preview":"max-image-preview:large","max-video-preview":"max-video-preview:-1"},"canonical":"https:\/\/medicinasinc.com\/pt\/product\/comprar-roxicodona-30-mg\/","og_locale":"pt_PT","og_type":"article","og_title":"Compre Roxicodona 30 mg - Best Best Global Meds","og_description":"Compre Roxicodona 30 mg comprimidos Reino Unido, Europa na nossa loja online medicinasinc.com\/pt com entrega r\u00e1pida em todo o mundo! O melhor OxyContin para pedir voc\u00ea encontra aqui!","og_url":"https:\/\/medicinasinc.com\/pt\/product\/comprar-roxicodona-30-mg\/","og_site_name":"Medicinas Inc","article_modified_time":"2022-07-05T23:18:57+00:00","og_image":[{"width":400,"height":300,"url":"https:\/\/medicinasinc.com\/pt\/wp-content\/uploads\/sites\/20\/2022\/02\/Roxicodone-30-mg.png","type":"image\/png"}],"twitter_card":"summary_large_image","twitter_misc":{"Tempo estimado de leitura":"7 minutos"},"schema":{"@context":"https:\/\/schema.org","@graph":[{"@type":"WebPage","@id":"https:\/\/medicinasinc.com\/pt\/product\/comprar-roxicodona-30-mg\/","url":"https:\/\/medicinasinc.com\/pt\/product\/comprar-roxicodona-30-mg\/","name":"Compre Roxicodona 30 mg - Best Best Global Meds","isPartOf":{"@id":"https:\/\/medicinasinc.com\/pt\/#website"},"primaryImageOfPage":{"@id":"https:\/\/medicinasinc.com\/pt\/product\/comprar-roxicodona-30-mg\/#primaryimage"},"image":{"@id":"https:\/\/medicinasinc.com\/pt\/product\/comprar-roxicodona-30-mg\/#primaryimage"},"thumbnailUrl":"https:\/\/medicinasinc.com\/pt\/wp-content\/uploads\/sites\/20\/2022\/02\/Roxicodone-30-mg.png","datePublished":"2022-02-21T18:38:01+00:00","dateModified":"2022-07-05T23:18:57+00:00","description":"Compre Roxicodona 30 mg comprimidos Reino Unido, Europa na nossa loja online medicinasinc.com\/pt com entrega r\u00e1pida em todo o mundo! O melhor OxyContin para pedir voc\u00ea encontra aqui!","breadcrumb":{"@id":"https:\/\/medicinasinc.com\/pt\/product\/comprar-roxicodona-30-mg\/#breadcrumb"},"inLanguage":"pt-PT","potentialAction":[{"@type":"ReadAction","target":["https:\/\/medicinasinc.com\/pt\/product\/comprar-roxicodona-30-mg\/"]}]},{"@type":"ImageObject","inLanguage":"pt-PT","@id":"https:\/\/medicinasinc.com\/pt\/product\/comprar-roxicodona-30-mg\/#primaryimage","url":"https:\/\/medicinasinc.com\/pt\/wp-content\/uploads\/sites\/20\/2022\/02\/Roxicodone-30-mg.png","contentUrl":"https:\/\/medicinasinc.com\/pt\/wp-content\/uploads\/sites\/20\/2022\/02\/Roxicodone-30-mg.png","width":400,"height":300},{"@type":"BreadcrumbList","@id":"https:\/\/medicinasinc.com\/pt\/product\/comprar-roxicodona-30-mg\/#breadcrumb","itemListElement":[{"@type":"ListItem","position":1,"name":"Comprar","item":"https:\/\/medicinasinc.com\/pt\/comprar\/"},{"@type":"ListItem","position":2,"name":"Compre Roxicodona 30 mg"}]},{"@type":"WebSite","@id":"https:\/\/medicinasinc.com\/pt\/#website","url":"https:\/\/medicinasinc.com\/pt\/","name":"Medicinas Inc","description":"Health Medical Clinic","potentialAction":[{"@type":"SearchAction","target":{"@type":"EntryPoint","urlTemplate":"https:\/\/medicinasinc.com\/pt\/?s={search_term_string}"},"query-input":{"@type":"PropertyValueSpecification","valueRequired":true,"valueName":"search_term_string"}}],"inLanguage":"pt-PT"}]}},"_links":{"self":[{"href":"https:\/\/medicinasinc.com\/pt\/wp-json\/wp\/v2\/product\/5310","targetHints":{"allow":["GET"]}}],"collection":[{"href":"https:\/\/medicinasinc.com\/pt\/wp-json\/wp\/v2\/product"}],"about":[{"href":"https:\/\/medicinasinc.com\/pt\/wp-json\/wp\/v2\/types\/product"}],"replies":[{"embeddable":true,"href":"https:\/\/medicinasinc.com\/pt\/wp-json\/wp\/v2\/comments?post=5310"}],"wp:featuredmedia":[{"embeddable":true,"href":"https:\/\/medicinasinc.com\/pt\/wp-json\/wp\/v2\/media\/5321"}],"wp:attachment":[{"href":"https:\/\/medicinasinc.com\/pt\/wp-json\/wp\/v2\/media?parent=5310"}],"wp:term":[{"taxonomy":"product_brand","embeddable":true,"href":"https:\/\/medicinasinc.com\/pt\/wp-json\/wp\/v2\/product_brand?post=5310"},{"taxonomy":"product_cat","embeddable":true,"href":"https:\/\/medicinasinc.com\/pt\/wp-json\/wp\/v2\/product_cat?post=5310"},{"taxonomy":"product_tag","embeddable":true,"href":"https:\/\/medicinasinc.com\/pt\/wp-json\/wp\/v2\/product_tag?post=5310"}],"curies":[{"name":"wp","href":"https:\/\/api.w.org\/{rel}","templated":true}]}}