{"id":5309,"date":"2022-02-21T18:36:34","date_gmt":"2022-02-21T18:36:34","guid":{"rendered":"https:\/\/medicinasinc.com\/pt\/?post_type=product&#038;p=5309"},"modified":"2022-07-05T23:19:11","modified_gmt":"2022-07-05T23:19:11","slug":"comprar-restoril-30-mg-temazepam-pilulas","status":"publish","type":"product","link":"https:\/\/medicinasinc.com\/pt\/product\/comprar-restoril-30-mg-temazepam-pilulas\/","title":{"rendered":"Compre Restoril 30 mg comprimidos de Temazepam"},"content":{"rendered":"<div class=\"product-next-previous\">\n<div>\n<p>Farm\u00e1cia online para comprar Restoril Temezepam comprimidos (30Mg)<br \/> Restoril: O que \u00e9 e como \u00e9 usado?<\/p>\n<p> Restoril \u00e9 um medicamento de prescri\u00e7\u00e3o que \u00e9 usado para tratar problemas de ins\u00f4nia. Restoril pode ser tomado sozinho ou em combina\u00e7\u00e3o com outros medicamentos.<\/p>\n<p>Restoril \u00e9 um medicamento sedativo\/hipn\u00f3tico.<\/p>\n<p>Restoril n\u00e3o \u00e9 conhecido por ser seguro ou eficaz em crian\u00e7as.<\/p>\n<p>Quais s\u00e3o os prov\u00e1veis \u200b\u200briscos associados ao Restoril?<\/p>\n<p>O Restoril pode ter efeitos adversos importantes, incluindo os seguintes:<\/p>\n<p>Confus\u00e3o, agita\u00e7\u00e3o, agressividade, alucina\u00e7\u00f5es, ansiedade, problemas de mem\u00f3ria, e humor triste s\u00e3o todos sintomas de esquizofrenia.<\/p>\n<p>&nbsp;<\/p>\n<p>Temazepam, como muitos outros benzodiazep\u00ednicos semelhantes e relacionados, funciona como um modulador de GABA e \u00e9 capaz de induzir uma s\u00e9rie de efeitos, incluindo sonol\u00eancia, hipnose, relaxamento muscular esquel\u00e9tico, atividade anticonvulsivante e a\u00e7\u00e3o ansiol\u00edtica 6,7,13,14.<\/p>\n<p>Embora a s\u00edntese qu\u00edmica do temazepam tenha sido descoberta em 1965 9, seu amplo uso moderno s\u00f3 come\u00e7ou o uso genu\u00edno do medicamento como tratamento de ins\u00f4nia foi reconhecido e licenciado posteriormente. Antes de o temazepam se tornar um medicamento comumente prescrito para civis, ele era \u2013 e continua sendo \u2013 usado pelos militares dos EUA como um medicamento sedativo-hipn\u00f3tico a ser tomado por soldados, pilotos e outros para obter o descanso necess\u00e1rio para a recupera\u00e7\u00e3o m\u00e9dica ou manobras e opera\u00e7\u00f5es programadas 10. Independentemente disso, o temazepam cresceu e se tornou um dos medicamentos mais prescritos em todo o mundo, com milh\u00f5es de prescri\u00e7\u00f5es escritas a cada ano. Infelizmente, devido ao seu uso generalizado e \u00e0 natureza inerente de seus efeitos farmacol\u00f3gicos, o temazepam \u2013 como muitos outros benzodiazep\u00ednicos \u2013 tem um potencial significativo de abuso e \u00e9 capaz de fazer com que os usu\u00e1rios desenvolvam toler\u00e2ncia a drogas, depend\u00eancia f\u00edsica e depend\u00eancia.<\/p>\n<p>GroupsApproved, InvestigationalStructureSmall Molecules<\/p>\n<div class=\"structure\"><a class=\"moldbi-vector-thumbnail\" href=\"https:\/\/go.drugbank.com\/structures\/DB00231\/image.svg\"><img decoding=\"async\" src=\"https:\/\/go.drugbank.com\/structures\/DB00231\/thumb.svg\" alt=\"Thumb\" \/><\/a><\/div>\n<dl class=\"right-dl col- xl-6 col-lg-12\"><\/dl>\n<\/p><\/div>\n<div class=\"product-prev\"><strong>temazepam (restoril), temazepam restaurador, temazepam restaurador, efeitos colaterais temazepam (restoril), temazepam (restoril, compre restoril temazepam online, compre temazepam (restoril), gen\u00e9rico restaril temazepam, temazepam restaril compre, restaril (temazepam) 30mg para venda, \u00e9 temazepam o mesmo que restauraril, temazepam (restoril) davis, temazepam (restoril) p\u00edlula bottl e, onde voc\u00ea pode comprar temazepam (restoril), temazepam (restoril) cvs, temazepam (restoril) comprar, temazepam igual ao restoril, temazepam (restoril)\u00a0<img decoding=\"async\" class=\"emoji\" role=\"img\" src=\"https:\/ \/s.w.org\/images\/core\/emoji\/13.1.0\/svg\/2714.svg\" alt=\"\u2714\" \/>\u00a0<img decoding=\"async\" class=\"emoji\" role=\"img\" src=\"https:\/\/s.w.org\/images \/core\/emoji\/13.1.0\/svg\/2714.svg\" alt=\"\u2714\" \/>\u00a0<img decoding=\"async\" class=\"emoji\" role=\"img\" src=\"https:\/\/s.w.org\/images\/core\/emoji\/ 13.1.0\/svg\/2714.svg\" alt=\"\u2714\" \/>, restaril temazepam 30mg, alternativa segura ao restaril (temazepam), pre\u00e7o temazepam (restoril), temazepam (restoril) otc, temazepam restaril efeitos colaterais, temazepam (marca nome restauraril), restauraril (temazepam)<\/strong><\/div><\/div>\n<div class=\"product-next-previous\">\n<div class=\"product-prev\"><\/div><\/div>\n","protected":false},"excerpt":{"rendered":"<p>Compre Restoril 30mg Temezepam comprimidos podem ser comprados online.<\/p>\n<p>Nome da marca:\u00a0<strong>Restoril<\/strong><br \/> Gen\u00e9rico:\u00a0<strong>Temazepam<\/strong><br \/> For\u00e7a Dispon\u00edvel: 30mg<br \/> Embalagem: Blister<br \/> Fabricado por: Novartis<\/p>\n<p>&nbsp;<\/p>\n","protected":false},"featured_media":5319,"comment_status":"open","ping_status":"closed","template":"","meta":[],"product_brand":[],"product_cat":[1117],"product_tag":[1863,1852,1851,1872,1870,1878,1871,1857,1861,1860,1858,1859,1856,1862,1855,1865,1866,1864,1867,1868,1869,1874,1873,1854,1877,1853,1876,1875],"class_list":{"0":"post-5309","1":"product","2":"type-product","3":"status-publish","4":"has-post-thumbnail","6":"product_cat-compre-pilulas-para-dor-sono-e-sexo","7":"product_tag-alternativa-segura-para-restoril-temazepam","8":"product_tag-comprar-temazepan-restoril","9":"product_tag-comprar-restoril-temazepam-online","10":"product_tag-efeitos-colaterais-temazepam-restoril","11":"product_tag-temazepam-restoril-frasco-de-comprimidos","12":"product_tag-onde-comprar-temazepam-restoril","13":"product_tag-preo-restoril-temazepam","14":"product_tag-restaril-15-mg","15":"product_tag-restaril-temazepan","16":"product_tag-restauraril-tablet-online","17":"product_tag-restoril-15-mg-online","18":"product_tag-restoril-30-mg-price","19":"product_tag-restoril-temazepam-30mg-para-venda","20":"product_tag-restaril-temazepan-30mg","21":"product_tag-substituto-de-venda-livre-para-temazepam","22":"product_tag-temazepam-restoril","23":"product_tag-temazepam-restoril--e2-e2","24":"product_tag-temazepam-nome-marca-restoril","25":"product_tag-temazepam-restoril-cvs","26":"product_tag-temazepam-restoril-davis","27":"product_tag-temazepam-restoril-otc","28":"product_tag-temazepam-30-mg-side-effects","29":"product_tag-temazepam-30-mg","30":"product_tag--temazepam-o-mesmo-que-restoril","31":"product_tag-temazepam-perda-de-peso","32":"product_tag-genrico-restoril-temazepam","33":"product_tag-temazepam-mesmo-que-restoril","34":"product_tag-temazepam-restoril-comprar","36":"first","37":"instock","38":"shipping-taxable","39":"purchasable","40":"product-type-variable","41":"has-default-attributes"},"yoast_head":"<!-- This site is optimized with the Yoast SEO plugin v27.3 - https:\/\/yoast.com\/product\/yoast-seo-wordpress\/ -->\n<title>Compre Restoril 30 mg comprimidos de Temazepam - Best Best Global Meds<\/title>\n<meta name=\"description\" content=\"P\u00edlula com impress\u00e3o RESTORIL 30 mg M FOR SLEEP \u00e9 Azul \/ Marrom, em forma de c\u00e1psula e foi identificada como Restoril 30 mg. Compre RESTORIL 30 mg M PARA DORMIR.\" \/>\n<meta name=\"robots\" content=\"index, follow, max-snippet:-1, max-image-preview:large, max-video-preview:-1\" \/>\n<link rel=\"canonical\" href=\"https:\/\/medicinasinc.com\/pt\/product\/comprar-restoril-30-mg-temazepam-pilulas\/\" \/>\n<meta property=\"og:locale\" content=\"pt_PT\" \/>\n<meta property=\"og:type\" content=\"article\" \/>\n<meta property=\"og:title\" content=\"Compre Restoril 30 mg comprimidos de Temazepam - Best Best Global Meds\" \/>\n<meta property=\"og:description\" content=\"P\u00edlula com impress\u00e3o RESTORIL 30 mg M FOR SLEEP \u00e9 Azul \/ Marrom, em forma de c\u00e1psula e foi identificada como Restoril 30 mg. Compre RESTORIL 30 mg M PARA DORMIR.\" \/>\n<meta property=\"og:url\" content=\"https:\/\/medicinasinc.com\/pt\/product\/comprar-restoril-30-mg-temazepam-pilulas\/\" \/>\n<meta property=\"og:site_name\" content=\"Medicinas Inc\" \/>\n<meta property=\"article:modified_time\" content=\"2022-07-05T23:19:11+00:00\" \/>\n<meta property=\"og:image\" content=\"https:\/\/medicinasinc.com\/pt\/wp-content\/uploads\/sites\/20\/2022\/02\/Buy-Restoril-30-mg-Temazepam-pills.jpg\" \/>\n\t<meta property=\"og:image:width\" content=\"2064\" \/>\n\t<meta property=\"og:image:height\" content=\"1073\" \/>\n\t<meta property=\"og:image:type\" content=\"image\/jpeg\" \/>\n<meta name=\"twitter:card\" content=\"summary_large_image\" \/>\n<meta name=\"twitter:label1\" content=\"Tempo estimado de leitura\" \/>\n\t<meta name=\"twitter:data1\" content=\"3 minutos\" \/>\n<script type=\"application\/ld+json\" class=\"yoast-schema-graph\">{\"@context\":\"https:\\\/\\\/schema.org\",\"@graph\":[{\"@type\":\"WebPage\",\"@id\":\"https:\\\/\\\/medicinasinc.com\\\/pt\\\/product\\\/comprar-restoril-30-mg-temazepam-pilulas\\\/\",\"url\":\"https:\\\/\\\/medicinasinc.com\\\/pt\\\/product\\\/comprar-restoril-30-mg-temazepam-pilulas\\\/\",\"name\":\"Compre Restoril 30 mg comprimidos de Temazepam - Best Best Global Meds\",\"isPartOf\":{\"@id\":\"https:\\\/\\\/medicinasinc.com\\\/pt\\\/#website\"},\"primaryImageOfPage\":{\"@id\":\"https:\\\/\\\/medicinasinc.com\\\/pt\\\/product\\\/comprar-restoril-30-mg-temazepam-pilulas\\\/#primaryimage\"},\"image\":{\"@id\":\"https:\\\/\\\/medicinasinc.com\\\/pt\\\/product\\\/comprar-restoril-30-mg-temazepam-pilulas\\\/#primaryimage\"},\"thumbnailUrl\":\"https:\\\/\\\/medicinasinc.com\\\/pt\\\/wp-content\\\/uploads\\\/sites\\\/20\\\/2022\\\/02\\\/Buy-Restoril-30-mg-Temazepam-pills.jpg\",\"datePublished\":\"2022-02-21T18:36:34+00:00\",\"dateModified\":\"2022-07-05T23:19:11+00:00\",\"description\":\"P\u00edlula com impress\u00e3o RESTORIL 30 mg M FOR SLEEP \u00e9 Azul \\\/ Marrom, em forma de c\u00e1psula e foi identificada como Restoril 30 mg. Compre RESTORIL 30 mg M PARA DORMIR.\",\"breadcrumb\":{\"@id\":\"https:\\\/\\\/medicinasinc.com\\\/pt\\\/product\\\/comprar-restoril-30-mg-temazepam-pilulas\\\/#breadcrumb\"},\"inLanguage\":\"pt-PT\",\"potentialAction\":[{\"@type\":\"ReadAction\",\"target\":[\"https:\\\/\\\/medicinasinc.com\\\/pt\\\/product\\\/comprar-restoril-30-mg-temazepam-pilulas\\\/\"]}]},{\"@type\":\"ImageObject\",\"inLanguage\":\"pt-PT\",\"@id\":\"https:\\\/\\\/medicinasinc.com\\\/pt\\\/product\\\/comprar-restoril-30-mg-temazepam-pilulas\\\/#primaryimage\",\"url\":\"https:\\\/\\\/medicinasinc.com\\\/pt\\\/wp-content\\\/uploads\\\/sites\\\/20\\\/2022\\\/02\\\/Buy-Restoril-30-mg-Temazepam-pills.jpg\",\"contentUrl\":\"https:\\\/\\\/medicinasinc.com\\\/pt\\\/wp-content\\\/uploads\\\/sites\\\/20\\\/2022\\\/02\\\/Buy-Restoril-30-mg-Temazepam-pills.jpg\",\"width\":2064,\"height\":1073},{\"@type\":\"BreadcrumbList\",\"@id\":\"https:\\\/\\\/medicinasinc.com\\\/pt\\\/product\\\/comprar-restoril-30-mg-temazepam-pilulas\\\/#breadcrumb\",\"itemListElement\":[{\"@type\":\"ListItem\",\"position\":1,\"name\":\"Comprar\",\"item\":\"https:\\\/\\\/medicinasinc.com\\\/pt\\\/comprar\\\/\"},{\"@type\":\"ListItem\",\"position\":2,\"name\":\"Compre Restoril 30 mg comprimidos de Temazepam\"}]},{\"@type\":\"WebSite\",\"@id\":\"https:\\\/\\\/medicinasinc.com\\\/pt\\\/#website\",\"url\":\"https:\\\/\\\/medicinasinc.com\\\/pt\\\/\",\"name\":\"Medicinas Inc\",\"description\":\"Health Medical Clinic\",\"potentialAction\":[{\"@type\":\"SearchAction\",\"target\":{\"@type\":\"EntryPoint\",\"urlTemplate\":\"https:\\\/\\\/medicinasinc.com\\\/pt\\\/?s={search_term_string}\"},\"query-input\":{\"@type\":\"PropertyValueSpecification\",\"valueRequired\":true,\"valueName\":\"search_term_string\"}}],\"inLanguage\":\"pt-PT\"}]}<\/script>\n<!-- \/ Yoast SEO plugin. -->","yoast_head_json":{"title":"Compre Restoril 30 mg comprimidos de Temazepam - Best Best Global Meds","description":"P\u00edlula com impress\u00e3o RESTORIL 30 mg M FOR SLEEP \u00e9 Azul \/ Marrom, em forma de c\u00e1psula e foi identificada como Restoril 30 mg. Compre RESTORIL 30 mg M PARA DORMIR.","robots":{"index":"index","follow":"follow","max-snippet":"max-snippet:-1","max-image-preview":"max-image-preview:large","max-video-preview":"max-video-preview:-1"},"canonical":"https:\/\/medicinasinc.com\/pt\/product\/comprar-restoril-30-mg-temazepam-pilulas\/","og_locale":"pt_PT","og_type":"article","og_title":"Compre Restoril 30 mg comprimidos de Temazepam - Best Best Global Meds","og_description":"P\u00edlula com impress\u00e3o RESTORIL 30 mg M FOR SLEEP \u00e9 Azul \/ Marrom, em forma de c\u00e1psula e foi identificada como Restoril 30 mg. Compre RESTORIL 30 mg M PARA DORMIR.","og_url":"https:\/\/medicinasinc.com\/pt\/product\/comprar-restoril-30-mg-temazepam-pilulas\/","og_site_name":"Medicinas Inc","article_modified_time":"2022-07-05T23:19:11+00:00","og_image":[{"width":2064,"height":1073,"url":"https:\/\/medicinasinc.com\/pt\/wp-content\/uploads\/sites\/20\/2022\/02\/Buy-Restoril-30-mg-Temazepam-pills.jpg","type":"image\/jpeg"}],"twitter_card":"summary_large_image","twitter_misc":{"Tempo estimado de leitura":"3 minutos"},"schema":{"@context":"https:\/\/schema.org","@graph":[{"@type":"WebPage","@id":"https:\/\/medicinasinc.com\/pt\/product\/comprar-restoril-30-mg-temazepam-pilulas\/","url":"https:\/\/medicinasinc.com\/pt\/product\/comprar-restoril-30-mg-temazepam-pilulas\/","name":"Compre Restoril 30 mg comprimidos de Temazepam - Best Best Global Meds","isPartOf":{"@id":"https:\/\/medicinasinc.com\/pt\/#website"},"primaryImageOfPage":{"@id":"https:\/\/medicinasinc.com\/pt\/product\/comprar-restoril-30-mg-temazepam-pilulas\/#primaryimage"},"image":{"@id":"https:\/\/medicinasinc.com\/pt\/product\/comprar-restoril-30-mg-temazepam-pilulas\/#primaryimage"},"thumbnailUrl":"https:\/\/medicinasinc.com\/pt\/wp-content\/uploads\/sites\/20\/2022\/02\/Buy-Restoril-30-mg-Temazepam-pills.jpg","datePublished":"2022-02-21T18:36:34+00:00","dateModified":"2022-07-05T23:19:11+00:00","description":"P\u00edlula com impress\u00e3o RESTORIL 30 mg M FOR SLEEP \u00e9 Azul \/ Marrom, em forma de c\u00e1psula e foi identificada como Restoril 30 mg. Compre RESTORIL 30 mg M PARA DORMIR.","breadcrumb":{"@id":"https:\/\/medicinasinc.com\/pt\/product\/comprar-restoril-30-mg-temazepam-pilulas\/#breadcrumb"},"inLanguage":"pt-PT","potentialAction":[{"@type":"ReadAction","target":["https:\/\/medicinasinc.com\/pt\/product\/comprar-restoril-30-mg-temazepam-pilulas\/"]}]},{"@type":"ImageObject","inLanguage":"pt-PT","@id":"https:\/\/medicinasinc.com\/pt\/product\/comprar-restoril-30-mg-temazepam-pilulas\/#primaryimage","url":"https:\/\/medicinasinc.com\/pt\/wp-content\/uploads\/sites\/20\/2022\/02\/Buy-Restoril-30-mg-Temazepam-pills.jpg","contentUrl":"https:\/\/medicinasinc.com\/pt\/wp-content\/uploads\/sites\/20\/2022\/02\/Buy-Restoril-30-mg-Temazepam-pills.jpg","width":2064,"height":1073},{"@type":"BreadcrumbList","@id":"https:\/\/medicinasinc.com\/pt\/product\/comprar-restoril-30-mg-temazepam-pilulas\/#breadcrumb","itemListElement":[{"@type":"ListItem","position":1,"name":"Comprar","item":"https:\/\/medicinasinc.com\/pt\/comprar\/"},{"@type":"ListItem","position":2,"name":"Compre Restoril 30 mg comprimidos de Temazepam"}]},{"@type":"WebSite","@id":"https:\/\/medicinasinc.com\/pt\/#website","url":"https:\/\/medicinasinc.com\/pt\/","name":"Medicinas Inc","description":"Health Medical Clinic","potentialAction":[{"@type":"SearchAction","target":{"@type":"EntryPoint","urlTemplate":"https:\/\/medicinasinc.com\/pt\/?s={search_term_string}"},"query-input":{"@type":"PropertyValueSpecification","valueRequired":true,"valueName":"search_term_string"}}],"inLanguage":"pt-PT"}]}},"_links":{"self":[{"href":"https:\/\/medicinasinc.com\/pt\/wp-json\/wp\/v2\/product\/5309","targetHints":{"allow":["GET"]}}],"collection":[{"href":"https:\/\/medicinasinc.com\/pt\/wp-json\/wp\/v2\/product"}],"about":[{"href":"https:\/\/medicinasinc.com\/pt\/wp-json\/wp\/v2\/types\/product"}],"replies":[{"embeddable":true,"href":"https:\/\/medicinasinc.com\/pt\/wp-json\/wp\/v2\/comments?post=5309"}],"wp:featuredmedia":[{"embeddable":true,"href":"https:\/\/medicinasinc.com\/pt\/wp-json\/wp\/v2\/media\/5319"}],"wp:attachment":[{"href":"https:\/\/medicinasinc.com\/pt\/wp-json\/wp\/v2\/media?parent=5309"}],"wp:term":[{"taxonomy":"product_brand","embeddable":true,"href":"https:\/\/medicinasinc.com\/pt\/wp-json\/wp\/v2\/product_brand?post=5309"},{"taxonomy":"product_cat","embeddable":true,"href":"https:\/\/medicinasinc.com\/pt\/wp-json\/wp\/v2\/product_cat?post=5309"},{"taxonomy":"product_tag","embeddable":true,"href":"https:\/\/medicinasinc.com\/pt\/wp-json\/wp\/v2\/product_tag?post=5309"}],"curies":[{"name":"wp","href":"https:\/\/api.w.org\/{rel}","templated":true}]}}