{"id":5296,"date":"2022-02-21T18:20:49","date_gmt":"2022-02-21T18:20:49","guid":{"rendered":"https:\/\/medicinasinc.com\/pt\/?post_type=product&#038;p=5296"},"modified":"2022-07-05T23:19:24","modified_gmt":"2022-07-05T23:19:24","slug":"comprar-fenida-10mg-pilulas","status":"publish","type":"product","link":"https:\/\/medicinasinc.com\/pt\/product\/comprar-fenida-10mg-pilulas\/","title":{"rendered":"Compre Phenida 10mg Comprimidos"},"content":{"rendered":"<p>Phenida (metilfenidato hcl) 10mg comprimidos podem ser comprados na internet.<\/p>\n<p>Temos a melhor farm\u00e1cia on-line onde voc\u00ea pode comprar Phenida, ent\u00e3o compre agora.<\/p>\n<p>PHENIDA \u00e9 uma droga que ajuda as pessoas com ADD\/ADHD. Aqui \u00e9 onde voc\u00ea pode encontrar mais informa\u00e7\u00f5es sobre TDAH e outros fenidas.<\/p>\n<p>TDAH:<\/p>\n<p>Se voc\u00ea tem TDAH, talvez n\u00e3o consiga manter sua aten\u00e7\u00e3o, seja muito ativo, ou n\u00e3o ser capaz de controlar seu comportamento. A idade e o desenvolvimento de uma pessoa n\u00e3o podem fazer com que esses problemas sejam TDAH se estiverem fora da faixa normal para a idade ou desenvolvimento dessa pessoa.<\/p>\n<p>Medicamentos para TDA e TDAH? Este site vende fenida (metilfenidato hcl) 10mg.<\/p>\n<p>O transtorno de d\u00e9ficit de aten\u00e7\u00e3o e hiperatividade (TDAH) \u00e9 um dos transtornos mais comuns da inf\u00e2ncia e pode durar at\u00e9 a adolesc\u00eancia e tamb\u00e9m na idade adulta. Entre os sintomas est\u00e3o problemas para manter o foco e prestar aten\u00e7\u00e3o, problemas para controlar o comportamento e hiperatividade (excesso de atividade).<\/p>\n<p>Para comprar comprimidos de TDA (Transtorno de D\u00e9ficit de Aten\u00e7\u00e3o) on-line sem receita m\u00e9dica, voc\u00ea pode acessar o site .<\/p>\n<p>A seguir est\u00e3o os diferentes tipos de metilfenidato: metilfenidato HCL, metilfenidato HCL, metilfenidato HCL ER, metilfenidato HCL, metilfenidato HCL, metilfenidato HCL, metilfenidato HCL 20mg, metilfenidato HCL 10mg e metilfenidato HCL cd. Quando voc\u00ea compra comprimidos de metilfenidato hcl, o que s\u00e3o eles? metilfenidato hcl er 20 mg, metilfenidato hcl 18 mg, metilfenidato hcl er cd, metilfenidato hcl er 10 mg, formas de dosagem de metilfenidato hcl e metilfenidato hcl vs metilfenidato hcl s\u00e3o algumas das perguntas que as pessoas me fazem.<\/p>\n","protected":false},"excerpt":{"rendered":"<div class=\"woocommerce-product-details__short-description\">\n<p>Phenida 10mg comprimidos podem ser comprados online. p\u00edlulas para dormir sem receita, farm\u00e1cia on-line no Reino Unido, p\u00edlulas de ester\u00f3ides para venda, p\u00edlulas para dormir fortes, medica\u00e7\u00e3o para al\u00edvio da dor.<\/p>\n<\/p><\/div>\n","protected":false},"featured_media":5307,"comment_status":"open","ping_status":"closed","template":"","meta":[],"product_brand":[],"product_cat":[1117],"product_tag":[1794,1842,1797,1800,1801,1798,1802,1803,1799,1808,1809,1827,1841,1840,1831,1832,1833,1837,1805,1839,1843,1844,1838,1845,1836,1804,1806,1807,1796,1810,1815,1816,1817,1818,1823,1824,1825,1826,1811,1812,1813,1814,1819,1820,1821,1822,1828,1848,1847,1846,1849,1830,1835,1834,1829,1795,1850],"class_list":{"0":"post-5296","1":"product","2":"type-product","3":"status-publish","4":"has-post-thumbnail","6":"product_cat-compre-pilulas-para-dor-sono-e-sexo","7":"product_tag-accepts-paypal","8":"product_tag-phenida-reviews","9":"product_tag-bulgria-fnida","10":"product_tag-buy-phenida-online","11":"product_tag-buy-phenidano-prescription","12":"product_tag-comprar-fenida","13":"product_tag-comprar-fenida-10mg","14":"product_tag-comprefenida-carto-de-crdito","15":"product_tag-comprar-fenida-metilfenidato-hcl-10mg-online","16":"product_tag--fenida-mesmo-que-ritalina","17":"product_tag--fenida-mesmo-asadder","18":"product_tag-efeitos-colaterais-do-metilfenidato-hcl","19":"product_tag-phenida-online-trusted-pharmacy-bitcoin","20":"product_tag-phenida-online-trusted-pharmacy","21":"product_tag-fenida","22":"product_tag-fenida-metilfenidato-hcl-10mg","23":"product_tag-fenida-metilfenidato-hcl-10mg-para-venda-online","24":"product_tag-fenida-bulgria","25":"product_tag-genrico-fenida","26":"product_tag-fenida-online","27":"product_tag-fenida-ritalina","28":"product_tag-fenida-ritalina-zafa","29":"product_tag-fenida-sem-receita","30":"product_tag-fenida-zafa","31":"product_tag-garrafa-de-fenida","32":"product_tag-genrico-ritalina-fenida","33":"product_tag-is-focalin-also-called-phenida","34":"product_tag-is-phenida-same-adderal","35":"product_tag-best-fenida-metilfenidato-hcl-10mg-online","36":"product_tag-methylphenidate-hcl","37":"product_tag-methylphenidate-hcl-5mg","38":"product_tag-methylphenidate-hcl-cd","39":"product_tag-methylphenidate-hcl-dosage-forms","40":"product_tag-methylphenidate-hcl-er","41":"product_tag-methylphenidate-hcl-er-36-mg","42":"product_tag-methylphenidate-hcl-er-54-mg","43":"product_tag-methylphenidate-hcl-er-cd","44":"product_tag-methylphenidate-hcl-er-tablets","45":"product_tag-metilfenidato-hcl-10mg","46":"product_tag-metilfenidato-hcl-18mg","47":"product_tag-metilfenidato-hcl-20-mg","48":"product_tag-metilfenidato-hcl-20mg","49":"product_tag-metilfenidato-hcl-er-10-mg","50":"product_tag-metilfenidato-hcl-er-18-mg","51":"product_tag-metilfenidato-hcl-er-20-mg","52":"product_tag-metilfenidato-hcl-er-27-mg","53":"product_tag-metilfenidato-vs-metilfenidato-hcl","54":"product_tag-o-que--fenida","55":"product_tag-o-que--metilfenidato-hcl","56":"product_tag-o-que-fenida-significado","57":"product_tag-onde-comprar-fenida","58":"product_tag-ordemfenida","59":"product_tag-phenida-methylphenidate-hcl-10mg-review","60":"product_tag-fenida-metilfenidato-hcl-10mg-preo","61":"product_tag-sem-receita","62":"product_tag-tdah","63":"product_tag-zafa-fenida","65":"first","66":"instock","67":"shipping-taxable","68":"purchasable","69":"product-type-variable","70":"has-default-attributes"},"yoast_head":"<!-- This site is optimized with the Yoast SEO plugin v27.3 - https:\/\/yoast.com\/product\/yoast-seo-wordpress\/ -->\n<title>Compre Phenida 10mg Comprimidos - Melhores Melhores Medicamentos Globais<\/title>\n<meta name=\"description\" content=\"Compre Phenida 10mg comprimidos online. p\u00edlulas para dormir de balc\u00e3o, p\u00edlulas de encomenda on-line, p\u00edlulas de ester\u00f3ides para venda, p\u00edlulas para dormir fortes, medica\u00e7\u00e3o para al\u00edvio da dor, farm\u00e1cia on-line no Reino Unido.\" \/>\n<meta name=\"robots\" content=\"index, follow, max-snippet:-1, max-image-preview:large, max-video-preview:-1\" \/>\n<link rel=\"canonical\" href=\"https:\/\/medicinasinc.com\/pt\/product\/comprar-fenida-10mg-pilulas\/\" \/>\n<meta property=\"og:locale\" content=\"pt_PT\" \/>\n<meta property=\"og:type\" content=\"article\" \/>\n<meta property=\"og:title\" content=\"Compre Phenida 10mg Comprimidos - Melhores Melhores Medicamentos Globais\" \/>\n<meta property=\"og:description\" content=\"Compre Phenida 10mg comprimidos online. p\u00edlulas para dormir de balc\u00e3o, p\u00edlulas de encomenda on-line, p\u00edlulas de ester\u00f3ides para venda, p\u00edlulas para dormir fortes, medica\u00e7\u00e3o para al\u00edvio da dor, farm\u00e1cia on-line no Reino Unido.\" \/>\n<meta property=\"og:url\" content=\"https:\/\/medicinasinc.com\/pt\/product\/comprar-fenida-10mg-pilulas\/\" \/>\n<meta property=\"og:site_name\" content=\"Medicinas Inc\" \/>\n<meta property=\"article:modified_time\" content=\"2022-07-05T23:19:24+00:00\" \/>\n<meta property=\"og:image\" content=\"https:\/\/medicinasinc.com\/pt\/wp-content\/uploads\/sites\/20\/2022\/02\/buy-phenida-10mg-pills-online.jpg\" \/>\n\t<meta property=\"og:image:width\" content=\"600\" \/>\n\t<meta property=\"og:image:height\" content=\"600\" \/>\n\t<meta property=\"og:image:type\" content=\"image\/jpeg\" \/>\n<meta name=\"twitter:card\" content=\"summary_large_image\" \/>\n<meta name=\"twitter:label1\" content=\"Tempo estimado de leitura\" \/>\n\t<meta name=\"twitter:data1\" content=\"2 minutos\" \/>\n<script type=\"application\/ld+json\" class=\"yoast-schema-graph\">{\"@context\":\"https:\\\/\\\/schema.org\",\"@graph\":[{\"@type\":\"WebPage\",\"@id\":\"https:\\\/\\\/medicinasinc.com\\\/pt\\\/product\\\/comprar-fenida-10mg-pilulas\\\/\",\"url\":\"https:\\\/\\\/medicinasinc.com\\\/pt\\\/product\\\/comprar-fenida-10mg-pilulas\\\/\",\"name\":\"Compre Phenida 10mg Comprimidos - Melhores Melhores Medicamentos Globais\",\"isPartOf\":{\"@id\":\"https:\\\/\\\/medicinasinc.com\\\/pt\\\/#website\"},\"primaryImageOfPage\":{\"@id\":\"https:\\\/\\\/medicinasinc.com\\\/pt\\\/product\\\/comprar-fenida-10mg-pilulas\\\/#primaryimage\"},\"image\":{\"@id\":\"https:\\\/\\\/medicinasinc.com\\\/pt\\\/product\\\/comprar-fenida-10mg-pilulas\\\/#primaryimage\"},\"thumbnailUrl\":\"https:\\\/\\\/medicinasinc.com\\\/pt\\\/wp-content\\\/uploads\\\/sites\\\/20\\\/2022\\\/02\\\/buy-phenida-10mg-pills-online.jpg\",\"datePublished\":\"2022-02-21T18:20:49+00:00\",\"dateModified\":\"2022-07-05T23:19:24+00:00\",\"description\":\"Compre Phenida 10mg comprimidos online. p\u00edlulas para dormir de balc\u00e3o, p\u00edlulas de encomenda on-line, p\u00edlulas de ester\u00f3ides para venda, p\u00edlulas para dormir fortes, medica\u00e7\u00e3o para al\u00edvio da dor, farm\u00e1cia on-line no Reino Unido.\",\"breadcrumb\":{\"@id\":\"https:\\\/\\\/medicinasinc.com\\\/pt\\\/product\\\/comprar-fenida-10mg-pilulas\\\/#breadcrumb\"},\"inLanguage\":\"pt-PT\",\"potentialAction\":[{\"@type\":\"ReadAction\",\"target\":[\"https:\\\/\\\/medicinasinc.com\\\/pt\\\/product\\\/comprar-fenida-10mg-pilulas\\\/\"]}]},{\"@type\":\"ImageObject\",\"inLanguage\":\"pt-PT\",\"@id\":\"https:\\\/\\\/medicinasinc.com\\\/pt\\\/product\\\/comprar-fenida-10mg-pilulas\\\/#primaryimage\",\"url\":\"https:\\\/\\\/medicinasinc.com\\\/pt\\\/wp-content\\\/uploads\\\/sites\\\/20\\\/2022\\\/02\\\/buy-phenida-10mg-pills-online.jpg\",\"contentUrl\":\"https:\\\/\\\/medicinasinc.com\\\/pt\\\/wp-content\\\/uploads\\\/sites\\\/20\\\/2022\\\/02\\\/buy-phenida-10mg-pills-online.jpg\",\"width\":600,\"height\":600},{\"@type\":\"BreadcrumbList\",\"@id\":\"https:\\\/\\\/medicinasinc.com\\\/pt\\\/product\\\/comprar-fenida-10mg-pilulas\\\/#breadcrumb\",\"itemListElement\":[{\"@type\":\"ListItem\",\"position\":1,\"name\":\"Comprar\",\"item\":\"https:\\\/\\\/medicinasinc.com\\\/pt\\\/comprar\\\/\"},{\"@type\":\"ListItem\",\"position\":2,\"name\":\"Compre Phenida 10mg Comprimidos\"}]},{\"@type\":\"WebSite\",\"@id\":\"https:\\\/\\\/medicinasinc.com\\\/pt\\\/#website\",\"url\":\"https:\\\/\\\/medicinasinc.com\\\/pt\\\/\",\"name\":\"Medicinas Inc\",\"description\":\"Health Medical Clinic\",\"potentialAction\":[{\"@type\":\"SearchAction\",\"target\":{\"@type\":\"EntryPoint\",\"urlTemplate\":\"https:\\\/\\\/medicinasinc.com\\\/pt\\\/?s={search_term_string}\"},\"query-input\":{\"@type\":\"PropertyValueSpecification\",\"valueRequired\":true,\"valueName\":\"search_term_string\"}}],\"inLanguage\":\"pt-PT\"}]}<\/script>\n<!-- \/ Yoast SEO plugin. -->","yoast_head_json":{"title":"Compre Phenida 10mg Comprimidos - Melhores Melhores Medicamentos Globais","description":"Compre Phenida 10mg comprimidos online. p\u00edlulas para dormir de balc\u00e3o, p\u00edlulas de encomenda on-line, p\u00edlulas de ester\u00f3ides para venda, p\u00edlulas para dormir fortes, medica\u00e7\u00e3o para al\u00edvio da dor, farm\u00e1cia on-line no Reino Unido.","robots":{"index":"index","follow":"follow","max-snippet":"max-snippet:-1","max-image-preview":"max-image-preview:large","max-video-preview":"max-video-preview:-1"},"canonical":"https:\/\/medicinasinc.com\/pt\/product\/comprar-fenida-10mg-pilulas\/","og_locale":"pt_PT","og_type":"article","og_title":"Compre Phenida 10mg Comprimidos - Melhores Melhores Medicamentos Globais","og_description":"Compre Phenida 10mg comprimidos online. p\u00edlulas para dormir de balc\u00e3o, p\u00edlulas de encomenda on-line, p\u00edlulas de ester\u00f3ides para venda, p\u00edlulas para dormir fortes, medica\u00e7\u00e3o para al\u00edvio da dor, farm\u00e1cia on-line no Reino Unido.","og_url":"https:\/\/medicinasinc.com\/pt\/product\/comprar-fenida-10mg-pilulas\/","og_site_name":"Medicinas Inc","article_modified_time":"2022-07-05T23:19:24+00:00","og_image":[{"width":600,"height":600,"url":"https:\/\/medicinasinc.com\/pt\/wp-content\/uploads\/sites\/20\/2022\/02\/buy-phenida-10mg-pills-online.jpg","type":"image\/jpeg"}],"twitter_card":"summary_large_image","twitter_misc":{"Tempo estimado de leitura":"2 minutos"},"schema":{"@context":"https:\/\/schema.org","@graph":[{"@type":"WebPage","@id":"https:\/\/medicinasinc.com\/pt\/product\/comprar-fenida-10mg-pilulas\/","url":"https:\/\/medicinasinc.com\/pt\/product\/comprar-fenida-10mg-pilulas\/","name":"Compre Phenida 10mg Comprimidos - Melhores Melhores Medicamentos Globais","isPartOf":{"@id":"https:\/\/medicinasinc.com\/pt\/#website"},"primaryImageOfPage":{"@id":"https:\/\/medicinasinc.com\/pt\/product\/comprar-fenida-10mg-pilulas\/#primaryimage"},"image":{"@id":"https:\/\/medicinasinc.com\/pt\/product\/comprar-fenida-10mg-pilulas\/#primaryimage"},"thumbnailUrl":"https:\/\/medicinasinc.com\/pt\/wp-content\/uploads\/sites\/20\/2022\/02\/buy-phenida-10mg-pills-online.jpg","datePublished":"2022-02-21T18:20:49+00:00","dateModified":"2022-07-05T23:19:24+00:00","description":"Compre Phenida 10mg comprimidos online. p\u00edlulas para dormir de balc\u00e3o, p\u00edlulas de encomenda on-line, p\u00edlulas de ester\u00f3ides para venda, p\u00edlulas para dormir fortes, medica\u00e7\u00e3o para al\u00edvio da dor, farm\u00e1cia on-line no Reino Unido.","breadcrumb":{"@id":"https:\/\/medicinasinc.com\/pt\/product\/comprar-fenida-10mg-pilulas\/#breadcrumb"},"inLanguage":"pt-PT","potentialAction":[{"@type":"ReadAction","target":["https:\/\/medicinasinc.com\/pt\/product\/comprar-fenida-10mg-pilulas\/"]}]},{"@type":"ImageObject","inLanguage":"pt-PT","@id":"https:\/\/medicinasinc.com\/pt\/product\/comprar-fenida-10mg-pilulas\/#primaryimage","url":"https:\/\/medicinasinc.com\/pt\/wp-content\/uploads\/sites\/20\/2022\/02\/buy-phenida-10mg-pills-online.jpg","contentUrl":"https:\/\/medicinasinc.com\/pt\/wp-content\/uploads\/sites\/20\/2022\/02\/buy-phenida-10mg-pills-online.jpg","width":600,"height":600},{"@type":"BreadcrumbList","@id":"https:\/\/medicinasinc.com\/pt\/product\/comprar-fenida-10mg-pilulas\/#breadcrumb","itemListElement":[{"@type":"ListItem","position":1,"name":"Comprar","item":"https:\/\/medicinasinc.com\/pt\/comprar\/"},{"@type":"ListItem","position":2,"name":"Compre Phenida 10mg Comprimidos"}]},{"@type":"WebSite","@id":"https:\/\/medicinasinc.com\/pt\/#website","url":"https:\/\/medicinasinc.com\/pt\/","name":"Medicinas Inc","description":"Health Medical Clinic","potentialAction":[{"@type":"SearchAction","target":{"@type":"EntryPoint","urlTemplate":"https:\/\/medicinasinc.com\/pt\/?s={search_term_string}"},"query-input":{"@type":"PropertyValueSpecification","valueRequired":true,"valueName":"search_term_string"}}],"inLanguage":"pt-PT"}]}},"_links":{"self":[{"href":"https:\/\/medicinasinc.com\/pt\/wp-json\/wp\/v2\/product\/5296","targetHints":{"allow":["GET"]}}],"collection":[{"href":"https:\/\/medicinasinc.com\/pt\/wp-json\/wp\/v2\/product"}],"about":[{"href":"https:\/\/medicinasinc.com\/pt\/wp-json\/wp\/v2\/types\/product"}],"replies":[{"embeddable":true,"href":"https:\/\/medicinasinc.com\/pt\/wp-json\/wp\/v2\/comments?post=5296"}],"wp:featuredmedia":[{"embeddable":true,"href":"https:\/\/medicinasinc.com\/pt\/wp-json\/wp\/v2\/media\/5307"}],"wp:attachment":[{"href":"https:\/\/medicinasinc.com\/pt\/wp-json\/wp\/v2\/media?parent=5296"}],"wp:term":[{"taxonomy":"product_brand","embeddable":true,"href":"https:\/\/medicinasinc.com\/pt\/wp-json\/wp\/v2\/product_brand?post=5296"},{"taxonomy":"product_cat","embeddable":true,"href":"https:\/\/medicinasinc.com\/pt\/wp-json\/wp\/v2\/product_cat?post=5296"},{"taxonomy":"product_tag","embeddable":true,"href":"https:\/\/medicinasinc.com\/pt\/wp-json\/wp\/v2\/product_tag?post=5296"}],"curies":[{"name":"wp","href":"https:\/\/api.w.org\/{rel}","templated":true}]}}