{"id":5295,"date":"2022-02-21T18:18:17","date_gmt":"2022-02-21T18:18:17","guid":{"rendered":"https:\/\/medicinasinc.com\/pt\/?post_type=product&#038;p=5295"},"modified":"2022-07-05T23:19:43","modified_gmt":"2022-07-05T23:19:43","slug":"comprar-percocet-10mg-pilulas","status":"publish","type":"product","link":"https:\/\/medicinasinc.com\/pt\/product\/comprar-percocet-10mg-pilulas\/","title":{"rendered":"Compre Percocet 10mg comprimidos"},"content":{"rendered":"<h1 style=\"text-align: center\">Compre p\u00edlulas Percocet 10mg online.<\/h1>\n<div class=\"Section\" style=\"text-align: center\">\n<h1>DESCRI\u00c7\u00c3O<\/h1>\n<p class=\"First\"><span class=\"Bold\">Cloridrato de oxicodona e acetaminofeno est\u00e3o dispon\u00edveis em comprimidos para administra\u00e7\u00e3o oral.<\/span><\/p>\n<p>Cada comprimido para administra\u00e7\u00e3o oral cont\u00e9m cloridrato de oxicodona e paracetamol nas seguintes dosagens :<\/p>\n<p>Cloridrato de oxicodona, USP\u00a0\u00a0\u00a0\u00a0\u00a0\u00a0\u00a0\u00a0\u00a0\u00a0\u00a0\u00a0 2,5 mg*<br \/> (*2,5 mg de cloridrato de oxicodona \u00e9 equivalente a 2,2409 mg de oxicodona.)<br \/> Acetaminofeno, USP\u00a0\u00a0\u00a0\u00a0\u00a0\u00a0\u00a0\u00a0\u00a0\u00a0\u00a0\u00a0\u00a0\u00a0\u00a0 \u00a0\u00a0\u00a0\u00a0\u00a0\u00a0\u00a0\u00a0\u00a0\u00a0\u00a0\u00a0 325 mg<\/p>\n<p> Cloridrato de oxicodona, USP\u00a0\u00a0\u00a0\u00a0\u00a0\u00a0\u00a0\u00a0\u00a0\u00a0\u00a0\u00a0 5 mg*<br \/> (*5 mg de cloridrato de oxicodona \u00e9 equivalente a 4,4815 mg de oxicodona.)<br \/> Acetaminofeno, USP\u00a0\u00a0\u00a0\u00a0\u00a0\u00a0\u00a0\u00a0\u00a0\u00a0\u00a0\u00a0\u00a0\u00a0\u00a0 \u00a0\u00a0\u00a0\u00a0\u00a0\u00a0\u00a0\u00a0\u00a0\u00a0\u00a0\u00a0 325 mg<\/p>\n<p>Cloridrato de oxicodona,* (*7,5 mg de cloridrato de oxicodona \u00e9 equivalente a 6,7228 mg de oxicodona.)<br \/> Acetaminofeno, USP\u00a0\u00a0\u00a0\u00a0\u00a0\u00a0\u00a0\u00a0\u00a0\u00a0\u00a0\u00a0\u00a0\u00a0\u00a0 \u00a0\u00a0\u00a0\u00a0\u00a0\u00a0\u00a0\u00a0\u00a0\u00a0\u00a0\u00a0 325 mg<\/p>\n<p>Oxicodona H cloridrato, USP\u00a0\u00a0\u00a0\u00a0\u00a0\u00a0\u00a0\u00a0\u00a0\u00a0\u00a0\u00a0 10 mg*<br \/> (*10 mg de cloridrato de oxicodona \u00e9 equivalente a 8,9637 mg de oxicodona.)<br \/> Acetaminofeno, USP\u00a0\u00a0\u00a0\u00a0\u00a0\u00a0\u00a0\u00a0\u00a0\u00a0\u00a0\u00a0\u00a0\u00a0\u00a0 \u00a0\u00a0\u00a0\u00a0\u00a0\u00a0\u00a0\u00a0\u00a0\u00a0\u00a0\u00a0 325 mg<\/p>\n<p>Todas as dosagens de\u00a0<strong>PERCOCET<\/p>\n<p> strong&gt;\u00a0tamb\u00e9m cont\u00eam os seguintes ingredientes inativos: di\u00f3xido de sil\u00edcio coloidal, croscarmelose s\u00f3dica, celulose microcristalina, povidona, amido de milho pr\u00e9-gelatinizado e \u00e1cido este\u00e1rico. Tamb\u00e9m pode conter crospovidona. Al\u00e9m disso, a dosagem de 2,5 mg\/325 mg cont\u00e9m Laca de Alum\u00ednio FD&amp;C Vermelho No. 40 e a dosagem de 5 mg\/325 mg cont\u00e9m Laca de Alum\u00ednio FD&amp;C Azul No. 1. A for\u00e7a de 7,5 mg\/325 mg cont\u00e9m FD&amp;C Yellow No. 6 Aluminum Lake. A dosagem de 10 mg\/325 mg cont\u00e9m D&amp;C Yellow No. 10 Aluminum Lake. A dosagem de 7,5 mg\/325 mg e a dosagem de 10 mg\/325 mg tamb\u00e9m podem conter amido de milho. Os comprimidos de Cloridrato de Oxicodona e Acetaminofeno cont\u00eam oxicodona, 14-hidroxidihidrocodeinona, um analg\u00e9sico opi\u00f3ide semissint\u00e9tico que ocorre como um branco a p\u00f3 cristalino fino esbranqui\u00e7ado. A f\u00f3rmula molecular do cloridrato de oxicodona \u00e9 C<span class=\"Sub\">18<\/span>H<span class=\"Sub\">21<\/span>NO<span class=\"Sub\">4<\/span>\u00a0\u2219 HCl e o peso molecular \u00e9 351,82. \u00c9 derivado do alcal\u00f3ide do \u00f3pio, teba\u00edna, e pode ser representado pela seguinte f\u00f3rmula estrutural:<\/p>\n<div class=\"Figure\"><img decoding=\"async\" src=\"https:\/\/www.endo.com\/Image%20Library \/Endo\/EndoPharma\/Products\/Prescribe_Information\/pert-oxy-and-apap-tab-usp-1.jpg\" alt=\"estrutura qu\u00edmica do cloridrato de oxicodona\" \/><\/div>\n<p>Os comprimidos de cloridrato de oxicodona e acetaminofeno cont\u00eam acetaminofeno, A 4&#8242;-hidroxiacetanilida, \u00e9 um analg\u00e9sico e antipir\u00e9tico n\u00e3o opi\u00e1ceo, n\u00e3o salicilato que se apresenta como um p\u00f3 cristalino branco, inodoro. A f\u00f3rmula molecular do paracetamol \u00e9 C<span class=\"Sub\">8<\/span>H<span class=\"Sub\">9<\/span>NO<span class=\"Sub\">2<\/span>\u00a0e o peso molecular \u00e9 151,16. Pode ser representado pela seguinte f\u00f3rmula estrutural:<\/p>\n<div class=\"Figure\"><img decoding=\"async\" src=\"https:\/\/www.endo.com\/Image%20Library\/Endo\/EndoPharma\/Products\/Prescribe_Information\/pert -oxy-and-apap-tab-usp-2.jpg\" alt=\"F\u00f3rmula Estrutural do Acetaminofeno\" \/>&nbsp;<\/p>\n<p class=\"MultiMediaCaption\">F\u00f3rmula Estrutural do Acetaminofeno<\/p>\n<\/p><\/div><\/div>\n<div class=\"Section\" style=\"text-align: center\">\n<p>Cada comprimido, para administra\u00e7\u00e3o oral, cont\u00e9m cloridrato de oxicodona e acetaminofeno nas seguintes dosagens:<\/p>\n<p>Cloridrato de oxicodona, USP\u00a02,5 mg*<br \/> Acetaminofeno, USP 325 mg<br \/> *2,5 mg oxicodona HCl \u00e9 equivalente a 2,2409 mg de oxicodona.<\/p>\n<p>Cloridrato de oxicodona, USP\u00a05 mg*<br \/> Acetaminofeno, USP 325 mg<br \/> *5 mg de oxicodona HCl \u00e9 equivalente a 4,4815 mg de oxicodona.<\/p>\n<p>Cloridrato de oxicodona, USP\u00a07,5 mg*<br \/> Acetaminofeno, USP 325 mg<br \/> *7,5 mg oxicodona HCl \u00e9 equivalente a 6,7228 mg de oxicodona.<\/p>\n<p>Cloridrato de oxicodona, USP\u00a010 mg*<br \/> Acetami nophen, USP 325 mg<br \/> *10 mg de oxicodona HCl \u00e9 equivalente a 8,9637 mg de oxicodona.<\/p>\n<p>Todas as dosagens de PERCOCET tamb\u00e9m cont\u00eam os seguintes ingredientes inativos: Di\u00f3xido de sil\u00edcio coloidal, croscarmelose s\u00f3dica, crospovidona, celulose microcristalina, povidona, amido de milho pr\u00e9-gelatinizado e \u00e1cido este\u00e1rico. Al\u00e9m disso, a dosagem de 2,5 mg\/325 mg cont\u00e9m Laca de Alum\u00ednio FD&amp;C Red No. 40, e a dosagem de 5 mg\/325 mg cont\u00e9m Laca de Alum\u00ednio FD&amp;C Blue No. 1. A dosagem de 7,5 mg\/325 mg cont\u00e9m FD&amp;C Yellow No. 6 Aluminum Lake. A dosagem de 10 mg\/325 mg cont\u00e9m D&amp;C Yellow No. 10 Aluminum Lake. As dosagens de 7,5 mg\/325 mg e 10 mg\/325 mg tamb\u00e9m podem conter amido de milho.<\/p>\n<p>Oxicodona, 14-hidroxidihidrocodeinona, \u00e9 um analg\u00e9sico opi\u00f3ide semissint\u00e9tico que ocorre como um p\u00f3 cristalino branco, inodoro, com uma solu\u00e7\u00e3o salina , gosto amargo. A f\u00f3rmula molecular do cloridrato de oxicodona \u00e9 C<sub>18<\/sub>H<sub>21<\/sub>NO<sub>4<\/sub>\u2022HCl e o peso molecular \u00e9 351,82. \u00c9 derivado do alcal\u00f3ide do \u00f3pio teba\u00edna e pode ser representado pela seguinte f\u00f3rmula estrutural:<\/p>\n<p>&nbsp;<\/p>\n<table class=\"blackpic\" width=\"256\" cellspacing=\"0\">\n<tbody>\n<tr>\n<td><img loading=\"lazy\" decoding=\"async\" title=\"Oxicodona - ilustra\u00e7\u00e3o de f\u00f3rmula estrutural\" src=\"https:\/\/images.rxlist.com\/images\/rxlist\/oxyapap1.gif\" alt=\"Oxicodona - ilustra\u00e7\u00e3o de f\u00f3rmula estrutural\" width=\"256\" height=\"154\" \/><\/td>\n<\/tr>\n<\/tbody>\n<\/table>\n<p>&nbsp;<\/p>\n<p>Paracetamol, 4&#8242;-hidroxiacetanilida, \u00e9 um\u00a0n\u00e3o -opi\u00e1ceo,\u00a0analg\u00e9sico n\u00e3o salicilato e\u00a0antipir\u00e9tico\u00a0que ocorre como um p\u00f3 cristalino branco, inodoro, possuindo um sabor levemente amargo. A f\u00f3rmula molecular do paracetamol \u00e9 C<sub>8<\/sub>H<sub>9<\/sub>NO<sub>2<\/sub>\u00a0e o peso molecular \u00e9 151,17. Ele pode ser representado pela seguinte f\u00f3rmula estrutural:<\/p>\n<p>&nbsp;<\/p>\n<table class=\"blackpic\" width=\"232\" cellspacing=\"0\">\n<tbody>\n<tr>\n<td> <img decoding=\"async\" title=\"acetaminofeno - ilustra\u00e7\u00e3o de f\u00f3rmula estrutural\" src=\"https:\/\/images.rxlist.com\/images\/rxlist\/oxyapap2.gif\" alt=\"acetaminofeno - ilustra\u00e7\u00e3o de f\u00f3rmula estrutural\" width=\"232\" height=\"106 \" \/><\/td>\n<\/tr>\n<\/tbody>\n<\/table><\/div>\n<p style=\"text-align: center\">Compre Percocet 10mg comprimidos online. Outras\u00a0p\u00edlulas\u00a0como oxicodona tamb\u00e9m est\u00e3o dispon\u00edveis. P\u00edlulas para dormir de venda livre a pre\u00e7os muito baratos.<\/p>\n<p style=\"text-align: center\"><strong>quanto tempo percocet permanece em seu sistema, quanto tempo percocet permanece em seu sistema , como \u00e9 um percocet, qual \u00e9 a sensa\u00e7\u00e3o do percocet, quanto tempo o percocet permanece na urina, o que \u00e9 um percocet, qual \u00e9 a apar\u00eancia do percocet, para que \u00e9 usado o percocet, como obter o percocet prescrito, por quanto tempo o percocet permanecer na urina, o que est\u00e1 no percocet, quanto tempo dura o percocet, como \u00e9 o percocet 10, quanto tempo dura a retirada do percocet, qual a cor do percocet, por que o percocet faz voc\u00ea co\u00e7ar, o que o percocet faz com voc\u00ea, o que como \u00e9 um percocet alto, como s\u00e3o as p\u00edlulas de percocet, quanto \u00e9 percocet, como \u00e9 um percocet 30, por quanto posso vender percocet 5 325, quantos percocet para overdose, o que \u00e9 mais forte norco ou percocet, coceira do percocet como parar, quanto custa o percocet sem seguro, quanto tempo dura o percocet alto, quanto tempo um percocet permanece em seu sistema, o que \u00e9 mais forte oxicodona ou percocet, o que \u00e9 mais forte vicodin ou percocet, onde obter percocet, como o percocet faz voc\u00ea se sentir<\/strong><\/p>\n","protected":false},"excerpt":{"rendered":"<div class=\"woocommerce-product-details__short-description\">\n<p>Compre Percocet 10mg p\u00edlulas online. P\u00edlulas para dormir fortes, medica\u00e7\u00e3o para al\u00edvio da dor, farm\u00e1cia online no Reino Unido, , analg\u00e9sicos para venda, medica\u00e7\u00e3o para al\u00edvio da dor, compra de rem\u00e9dios online, comprar analg\u00e9sicos online, comprar analg\u00e9sicos online.<\/p>\n<\/p><\/div>\n","protected":false},"featured_media":5305,"comment_status":"open","ping_status":"closed","template":"","meta":[],"product_brand":[],"product_cat":[1117],"product_tag":[1721,1722,1737,1723,1733,1790,1789,1788,1724,1761,1732,1726,1763,1780,1730,1731,1773,1734,1735,1791,1691,1736,1792,1793,1738,1740,1739,1742,1743,1744,1749,1750,1751,1752,1755,1756,1757,1758,1769,1762,1759,1760,1774,1729,1765,1767,1768,1770,1771,1775,1777,1778,1741,1745,1746,1747,1748,1753,1754,1766,1727,1783,1781,1782,1725,1728,1772,1779,1764,1784,1785,1786,1776,1787],"class_list":{"0":"post-5295","1":"product","2":"type-product","3":"status-publish","4":"has-post-thumbnail","6":"product_cat-compre-pilulas-para-dor-sono-e-sexo","7":"product_tag-30-mg-percocete","8":"product_tag-5mg-percocete","9":"product_tag-analgsicos--venda-percocet","10":"product_tag-blue-percocet","11":"product_tag-coceira-percocet","12":"product_tag-o-que-percocet-sente-como","13":"product_tag-o-que-um-percocet-se-parece","14":"product_tag-o-que-percocet-plulas-parece-se","15":"product_tag-compre-percocet-online","16":"product_tag-dosagem-de-percocet","17":"product_tag--oxicodona-o-mesmo-que-percocet","18":"product_tag-efeitos-de-percocet","19":"product_tag-efeitos-percocet","20":"product_tag-fotos-de-plulas-percocet","21":"product_tag-how-long-does-percocet-stay-in-your-system","22":"product_tag-how-long-does-percocet-stay-in-your-urine","23":"product_tag-percocet-plulas-imagens","24":"product_tag-molly-percocet","25":"product_tag-molly-percocet-song","26":"product_tag-o-que--percocet","27":"product_tag-oxicodona-vs-percocet","28":"product_tag-oxycontin-vs-percocet","29":"product_tag-para-que-serve-o-percocet","30":"product_tag-amarelo-percoce","31":"product_tag-percocet-10","32":"product_tag-percocet-10-yellow","33":"product_tag-percocet-10-images","34":"product_tag-percocet-10-325-efectos","35":"product_tag-percocet-10-325-efectos-white","36":"product_tag-percocet-10-325-espanol","37":"product_tag-percocet-30","38":"product_tag-percocet-30-mg","39":"product_tag-percocet-325","40":"product_tag-percocet-5","41":"product_tag-percocet-5-325-precio","42":"product_tag-percocet-512","43":"product_tag-percocet-7-5","44":"product_tag-percocet-7-5-325-efectos","45":"product_tag-plulas-de-percocet","46":"product_tag-percocet-drug","47":"product_tag-percocet-and-lcool","48":"product_tag-percocet-e-xanax","49":"product_tag-efeitos-colaterais-de-percocet","50":"product_tag-genrico-percocet","51":"product_tag-percocet-high","52":"product_tag-percocet-molly","53":"product_tag-percocet-online","54":"product_tag-percocet-pill","55":"product_tag-percocet-pills","56":"product_tag-percocet-song","57":"product_tag-percocet-vs-tramadol","58":"product_tag-percocet-vs-vicodin","59":"product_tag-percocet-10-325","60":"product_tag-percocet-10mg","61":"product_tag-percocet-15","62":"product_tag-percocet-15-mg","63":"product_tag-percocet-20-mg","64":"product_tag-percocet-5-mg","65":"product_tag-percocet-5-325","66":"product_tag-percocet-em-espanhol","67":"product_tag-falso-percocete","68":"product_tag-rosa-percocete","69":"product_tag-pills-that-look-like-percocet","70":"product_tag-pills-that-look-like-percocet-5mg","71":"product_tag-plulas-baratas-de-percocet","72":"product_tag-plulas-de-percocet-false","73":"product_tag-percocet-plulas-para-venda","74":"product_tag-percocet-retirada","75":"product_tag-sensaoo-de-percocete","76":"product_tag-side-effects-of-percocet","77":"product_tag-street-value-of-percocet","78":"product_tag-tramadol-vs-percocet","79":"product_tag-percocet-street-value","80":"product_tag-vicodin-vs-percocet","82":"first","83":"instock","84":"shipping-taxable","85":"purchasable","86":"product-type-variable","87":"has-default-attributes"},"yoast_head":"<!-- This site is optimized with the Yoast SEO plugin v27.3 - https:\/\/yoast.com\/product\/yoast-seo-wordpress\/ -->\n<title>Compre Percocet 10mg comprimidos - Best Best Global Meds<\/title>\n<meta name=\"description\" content=\"Compre Percocet 10mg comprimidos online. P\u00edlulas para dormir fortes, medica\u00e7\u00e3o para al\u00edvio da dor, farm\u00e1cia online uk, , analg\u00e9sicos para venda, medica\u00e7\u00e3o para al\u00edvio da dor, compra de medicamentos online, comprar analg\u00e9sicos online, comprar analg\u00e9sicos online.\" \/>\n<meta name=\"robots\" content=\"index, follow, max-snippet:-1, max-image-preview:large, max-video-preview:-1\" \/>\n<link rel=\"canonical\" href=\"https:\/\/medicinasinc.com\/pt\/product\/comprar-percocet-10mg-pilulas\/\" \/>\n<meta property=\"og:locale\" content=\"pt_PT\" \/>\n<meta property=\"og:type\" content=\"article\" \/>\n<meta property=\"og:title\" content=\"Compre Percocet 10mg comprimidos - Best Best Global Meds\" \/>\n<meta property=\"og:description\" content=\"Compre Percocet 10mg comprimidos online. P\u00edlulas para dormir fortes, medica\u00e7\u00e3o para al\u00edvio da dor, farm\u00e1cia online uk, , analg\u00e9sicos para venda, medica\u00e7\u00e3o para al\u00edvio da dor, compra de medicamentos online, comprar analg\u00e9sicos online, comprar analg\u00e9sicos online.\" \/>\n<meta property=\"og:url\" content=\"https:\/\/medicinasinc.com\/pt\/product\/comprar-percocet-10mg-pilulas\/\" \/>\n<meta property=\"og:site_name\" content=\"Medicinas Inc\" \/>\n<meta property=\"article:modified_time\" content=\"2022-07-05T23:19:43+00:00\" \/>\n<meta property=\"og:image\" content=\"https:\/\/medicinasinc.com\/pt\/wp-content\/uploads\/sites\/20\/2022\/02\/Buy-Percocet-10mg-pills.jpg\" \/>\n\t<meta property=\"og:image:width\" content=\"600\" \/>\n\t<meta property=\"og:image:height\" content=\"400\" \/>\n\t<meta property=\"og:image:type\" content=\"image\/jpeg\" \/>\n<meta name=\"twitter:card\" content=\"summary_large_image\" \/>\n<meta name=\"twitter:label1\" content=\"Tempo estimado de leitura\" \/>\n\t<meta name=\"twitter:data1\" content=\"5 minutos\" \/>\n<script type=\"application\/ld+json\" class=\"yoast-schema-graph\">{\"@context\":\"https:\\\/\\\/schema.org\",\"@graph\":[{\"@type\":\"WebPage\",\"@id\":\"https:\\\/\\\/medicinasinc.com\\\/pt\\\/product\\\/comprar-percocet-10mg-pilulas\\\/\",\"url\":\"https:\\\/\\\/medicinasinc.com\\\/pt\\\/product\\\/comprar-percocet-10mg-pilulas\\\/\",\"name\":\"Compre Percocet 10mg comprimidos - Best Best Global Meds\",\"isPartOf\":{\"@id\":\"https:\\\/\\\/medicinasinc.com\\\/pt\\\/#website\"},\"primaryImageOfPage\":{\"@id\":\"https:\\\/\\\/medicinasinc.com\\\/pt\\\/product\\\/comprar-percocet-10mg-pilulas\\\/#primaryimage\"},\"image\":{\"@id\":\"https:\\\/\\\/medicinasinc.com\\\/pt\\\/product\\\/comprar-percocet-10mg-pilulas\\\/#primaryimage\"},\"thumbnailUrl\":\"https:\\\/\\\/medicinasinc.com\\\/pt\\\/wp-content\\\/uploads\\\/sites\\\/20\\\/2022\\\/02\\\/Buy-Percocet-10mg-pills.jpg\",\"datePublished\":\"2022-02-21T18:18:17+00:00\",\"dateModified\":\"2022-07-05T23:19:43+00:00\",\"description\":\"Compre Percocet 10mg comprimidos online. P\u00edlulas para dormir fortes, medica\u00e7\u00e3o para al\u00edvio da dor, farm\u00e1cia online uk, , analg\u00e9sicos para venda, medica\u00e7\u00e3o para al\u00edvio da dor, compra de medicamentos online, comprar analg\u00e9sicos online, comprar analg\u00e9sicos online.\",\"breadcrumb\":{\"@id\":\"https:\\\/\\\/medicinasinc.com\\\/pt\\\/product\\\/comprar-percocet-10mg-pilulas\\\/#breadcrumb\"},\"inLanguage\":\"pt-PT\",\"potentialAction\":[{\"@type\":\"ReadAction\",\"target\":[\"https:\\\/\\\/medicinasinc.com\\\/pt\\\/product\\\/comprar-percocet-10mg-pilulas\\\/\"]}]},{\"@type\":\"ImageObject\",\"inLanguage\":\"pt-PT\",\"@id\":\"https:\\\/\\\/medicinasinc.com\\\/pt\\\/product\\\/comprar-percocet-10mg-pilulas\\\/#primaryimage\",\"url\":\"https:\\\/\\\/medicinasinc.com\\\/pt\\\/wp-content\\\/uploads\\\/sites\\\/20\\\/2022\\\/02\\\/Buy-Percocet-10mg-pills.jpg\",\"contentUrl\":\"https:\\\/\\\/medicinasinc.com\\\/pt\\\/wp-content\\\/uploads\\\/sites\\\/20\\\/2022\\\/02\\\/Buy-Percocet-10mg-pills.jpg\",\"width\":600,\"height\":400},{\"@type\":\"BreadcrumbList\",\"@id\":\"https:\\\/\\\/medicinasinc.com\\\/pt\\\/product\\\/comprar-percocet-10mg-pilulas\\\/#breadcrumb\",\"itemListElement\":[{\"@type\":\"ListItem\",\"position\":1,\"name\":\"Comprar\",\"item\":\"https:\\\/\\\/medicinasinc.com\\\/pt\\\/comprar\\\/\"},{\"@type\":\"ListItem\",\"position\":2,\"name\":\"Compre Percocet 10mg comprimidos\"}]},{\"@type\":\"WebSite\",\"@id\":\"https:\\\/\\\/medicinasinc.com\\\/pt\\\/#website\",\"url\":\"https:\\\/\\\/medicinasinc.com\\\/pt\\\/\",\"name\":\"Medicinas Inc\",\"description\":\"Health Medical Clinic\",\"potentialAction\":[{\"@type\":\"SearchAction\",\"target\":{\"@type\":\"EntryPoint\",\"urlTemplate\":\"https:\\\/\\\/medicinasinc.com\\\/pt\\\/?s={search_term_string}\"},\"query-input\":{\"@type\":\"PropertyValueSpecification\",\"valueRequired\":true,\"valueName\":\"search_term_string\"}}],\"inLanguage\":\"pt-PT\"}]}<\/script>\n<!-- \/ Yoast SEO plugin. -->","yoast_head_json":{"title":"Compre Percocet 10mg comprimidos - Best Best Global Meds","description":"Compre Percocet 10mg comprimidos online. P\u00edlulas para dormir fortes, medica\u00e7\u00e3o para al\u00edvio da dor, farm\u00e1cia online uk, , analg\u00e9sicos para venda, medica\u00e7\u00e3o para al\u00edvio da dor, compra de medicamentos online, comprar analg\u00e9sicos online, comprar analg\u00e9sicos online.","robots":{"index":"index","follow":"follow","max-snippet":"max-snippet:-1","max-image-preview":"max-image-preview:large","max-video-preview":"max-video-preview:-1"},"canonical":"https:\/\/medicinasinc.com\/pt\/product\/comprar-percocet-10mg-pilulas\/","og_locale":"pt_PT","og_type":"article","og_title":"Compre Percocet 10mg comprimidos - Best Best Global Meds","og_description":"Compre Percocet 10mg comprimidos online. P\u00edlulas para dormir fortes, medica\u00e7\u00e3o para al\u00edvio da dor, farm\u00e1cia online uk, , analg\u00e9sicos para venda, medica\u00e7\u00e3o para al\u00edvio da dor, compra de medicamentos online, comprar analg\u00e9sicos online, comprar analg\u00e9sicos online.","og_url":"https:\/\/medicinasinc.com\/pt\/product\/comprar-percocet-10mg-pilulas\/","og_site_name":"Medicinas Inc","article_modified_time":"2022-07-05T23:19:43+00:00","og_image":[{"width":600,"height":400,"url":"https:\/\/medicinasinc.com\/pt\/wp-content\/uploads\/sites\/20\/2022\/02\/Buy-Percocet-10mg-pills.jpg","type":"image\/jpeg"}],"twitter_card":"summary_large_image","twitter_misc":{"Tempo estimado de leitura":"5 minutos"},"schema":{"@context":"https:\/\/schema.org","@graph":[{"@type":"WebPage","@id":"https:\/\/medicinasinc.com\/pt\/product\/comprar-percocet-10mg-pilulas\/","url":"https:\/\/medicinasinc.com\/pt\/product\/comprar-percocet-10mg-pilulas\/","name":"Compre Percocet 10mg comprimidos - Best Best Global Meds","isPartOf":{"@id":"https:\/\/medicinasinc.com\/pt\/#website"},"primaryImageOfPage":{"@id":"https:\/\/medicinasinc.com\/pt\/product\/comprar-percocet-10mg-pilulas\/#primaryimage"},"image":{"@id":"https:\/\/medicinasinc.com\/pt\/product\/comprar-percocet-10mg-pilulas\/#primaryimage"},"thumbnailUrl":"https:\/\/medicinasinc.com\/pt\/wp-content\/uploads\/sites\/20\/2022\/02\/Buy-Percocet-10mg-pills.jpg","datePublished":"2022-02-21T18:18:17+00:00","dateModified":"2022-07-05T23:19:43+00:00","description":"Compre Percocet 10mg comprimidos online. P\u00edlulas para dormir fortes, medica\u00e7\u00e3o para al\u00edvio da dor, farm\u00e1cia online uk, , analg\u00e9sicos para venda, medica\u00e7\u00e3o para al\u00edvio da dor, compra de medicamentos online, comprar analg\u00e9sicos online, comprar analg\u00e9sicos online.","breadcrumb":{"@id":"https:\/\/medicinasinc.com\/pt\/product\/comprar-percocet-10mg-pilulas\/#breadcrumb"},"inLanguage":"pt-PT","potentialAction":[{"@type":"ReadAction","target":["https:\/\/medicinasinc.com\/pt\/product\/comprar-percocet-10mg-pilulas\/"]}]},{"@type":"ImageObject","inLanguage":"pt-PT","@id":"https:\/\/medicinasinc.com\/pt\/product\/comprar-percocet-10mg-pilulas\/#primaryimage","url":"https:\/\/medicinasinc.com\/pt\/wp-content\/uploads\/sites\/20\/2022\/02\/Buy-Percocet-10mg-pills.jpg","contentUrl":"https:\/\/medicinasinc.com\/pt\/wp-content\/uploads\/sites\/20\/2022\/02\/Buy-Percocet-10mg-pills.jpg","width":600,"height":400},{"@type":"BreadcrumbList","@id":"https:\/\/medicinasinc.com\/pt\/product\/comprar-percocet-10mg-pilulas\/#breadcrumb","itemListElement":[{"@type":"ListItem","position":1,"name":"Comprar","item":"https:\/\/medicinasinc.com\/pt\/comprar\/"},{"@type":"ListItem","position":2,"name":"Compre Percocet 10mg comprimidos"}]},{"@type":"WebSite","@id":"https:\/\/medicinasinc.com\/pt\/#website","url":"https:\/\/medicinasinc.com\/pt\/","name":"Medicinas Inc","description":"Health Medical Clinic","potentialAction":[{"@type":"SearchAction","target":{"@type":"EntryPoint","urlTemplate":"https:\/\/medicinasinc.com\/pt\/?s={search_term_string}"},"query-input":{"@type":"PropertyValueSpecification","valueRequired":true,"valueName":"search_term_string"}}],"inLanguage":"pt-PT"}]}},"_links":{"self":[{"href":"https:\/\/medicinasinc.com\/pt\/wp-json\/wp\/v2\/product\/5295","targetHints":{"allow":["GET"]}}],"collection":[{"href":"https:\/\/medicinasinc.com\/pt\/wp-json\/wp\/v2\/product"}],"about":[{"href":"https:\/\/medicinasinc.com\/pt\/wp-json\/wp\/v2\/types\/product"}],"replies":[{"embeddable":true,"href":"https:\/\/medicinasinc.com\/pt\/wp-json\/wp\/v2\/comments?post=5295"}],"wp:featuredmedia":[{"embeddable":true,"href":"https:\/\/medicinasinc.com\/pt\/wp-json\/wp\/v2\/media\/5305"}],"wp:attachment":[{"href":"https:\/\/medicinasinc.com\/pt\/wp-json\/wp\/v2\/media?parent=5295"}],"wp:term":[{"taxonomy":"product_brand","embeddable":true,"href":"https:\/\/medicinasinc.com\/pt\/wp-json\/wp\/v2\/product_brand?post=5295"},{"taxonomy":"product_cat","embeddable":true,"href":"https:\/\/medicinasinc.com\/pt\/wp-json\/wp\/v2\/product_cat?post=5295"},{"taxonomy":"product_tag","embeddable":true,"href":"https:\/\/medicinasinc.com\/pt\/wp-json\/wp\/v2\/product_tag?post=5295"}],"curies":[{"name":"wp","href":"https:\/\/api.w.org\/{rel}","templated":true}]}}