{"id":5294,"date":"2022-02-21T18:18:05","date_gmt":"2022-02-21T18:18:05","guid":{"rendered":"https:\/\/medicinasinc.com\/pt\/?post_type=product&#038;p=5294"},"modified":"2022-07-05T23:20:00","modified_gmt":"2022-07-05T23:20:00","slug":"comprar-oxicodona-80-mg","status":"publish","type":"product","link":"https:\/\/medicinasinc.com\/pt\/product\/comprar-oxicodona-80-mg\/","title":{"rendered":"Compre Oxicodona 80 mg"},"content":{"rendered":"<div class=\"woocommerce-tabs wc-tabs-wrapper\">\n<div id=\"tab-description\" class=\"woocommerce-Tabs-panel woocommerce-Tabs-panel--description panel entry-content wc-tab\" style=\"text-align: center\" role=\"tabpanel\" aria-labelledby=\"tab-title-description\">\n<p>Farm\u00e1cia online para comprar comprimidos de oxycontin 80mg.<\/p>\n<p>Compra online de comprimidos de Oxicodona 80mg. Al\u00e9m disso, est\u00e3o dispon\u00edveis comprimidos de 40mg de oxicodona. Compre apenas os medicamentos da mais alta qualidade.<\/p>\n<p>RESUMO A oxicodona \u00e9 um analg\u00e9sico opi\u00f3ide usado para tratar dores moderadas a graves.<br \/> NOMES DA MARCA<br \/> Endocet e Endodan s\u00e3o ambos anti- medicamentos para diarreia. Maio de 2009, reformulado Xolox, Xtampza, Nalocet, Oxaydo, Oxy.IR, Oxycontin, Oxyneo, Percocet, Prolate, Rivacocet, Roxicet, Roxicodone, Targin, Targiniq<br \/> NOME EM GERAL<br \/> N\u00daMERO DE ACESSO A DROGAS DB00497 &#8211; Oxicodona <br \/> ANTECEDENTES<br \/> A oxicodona \u00e9 um analg\u00e9sico opi\u00f3ide semissint\u00e9tico que foi desenvolvido em 1917 na Alemanha a partir da teba\u00edna.<br \/> 3<br \/> \u00c9 agora aprovado como um produto de libera\u00e7\u00e3o imediata para dor moderada a grave e como um produto de libera\u00e7\u00e3o prolongada para dor cr\u00f4nica moderada a grave que requer analg\u00e9sicos opi\u00f3ides cont\u00ednuos por um longo per\u00edodo de tempo.<br \/> A FDA aprovou o primeiro medicamento contendo oxicodona, Percodan, em 12 de abril de 1950.<br \/> TIPOS DE PEQUENAS MOL\u00c9CULAS<br \/> GRUPOS<br \/> Aprovados, Ilegais e Investigativos<\/p>\n<\/p><\/div><\/div>\n","protected":false},"excerpt":{"rendered":"<p>Compra online de comprimidos de Oxicodona 80mg.<\/p>\n<p>Compra online de comprimidos de Oxicodona 80mg. Oxicodona 80mg \u00e0 venda no Reino Unido e na Europa. Al\u00e9m disso, est\u00e3o dispon\u00edveis comprimidos de 80mg de oxicodona. Compre apenas os medicamentos da mais alta qualidade conosco.<\/p>\n<p>Compra online de comprimidos de Oxicodona 80mg. Al\u00e9m disso, est\u00e3o dispon\u00edveis comprimidos de 80mg de oxicodona. Compre apenas os medicamentos da mais alta qualidade conosco.<\/p>\n","protected":false},"featured_media":5303,"comment_status":"open","ping_status":"closed","template":"","meta":[],"product_brand":[],"product_cat":[1117],"product_tag":[1638,1639,1640,1644,1681,1647,1682,1683,1679,1698,1675,1713,1714,1676,1699,1678,1685,1684,1645,1677,1717,1718,1719,1720,1702,1650,1651,1652,1653,1654,1657,1660,1661,1662,1663,1664,1665,1666,1667,1668,1669,1670,1673,1674,1680,1690,1691,1692,1693,1694,1649,1696,1697,1056,1701,1646,1704,1706,1658,1659,1672,1688,1689,1700,1703,1705,1708,1655,1686,1707,1656,1687,1643,1709,1710,1711,1712,1716,1715,1671],"class_list":{"0":"post-5294","1":"product","2":"type-product","3":"status-publish","4":"has-post-thumbnail","6":"product_cat-compre-pilulas-para-dor-sono-e-sexo","7":"product_tag-15-mg-oxicodona","8":"product_tag-20-mg-oxicodona","9":"product_tag-20mg-oxicodona","10":"product_tag--oxicodona-um-opiide","11":"product_tag-alto-teor-de-oxicodona","12":"product_tag-analgsicos-opiides","13":"product_tag-cloridrato-de-oxicodona","14":"product_tag-oxicodona-cloridrato-5-mg","15":"product_tag-oxicodona-hcl-5-mg-comprimido","16":"product_tag-dosagem-de-oxicontin","17":"product_tag-doses-de-oxicodona","18":"product_tag-roxy-droga","19":"product_tag-efeitos-colaterais-da-oxicodona","20":"product_tag-efeitos-de-oxicodona","21":"product_tag-efeitos-de-oxicontin","22":"product_tag-oxicodona-hcl","23":"product_tag-ingredientes-de-oxicodona","24":"product_tag-liberao-imediata-de-oxicodona","25":"product_tag-liquid-oxycodone","26":"product_tag-meia-vida-de-oxicodona","27":"product_tag-o-que-o-oxicodona-faz","28":"product_tag-o-que--oxi","29":"product_tag-o-que--oximorfona","30":"product_tag-o-que--roxicodona","31":"product_tag-oxycontin-overdose","32":"product_tag-oxi","33":"product_tag-oxi-10","34":"product_tag-oxi-5-mg","35":"product_tag-oxi-droga","36":"product_tag-oxi-drogas","37":"product_tag-oxicodina","38":"product_tag-oxicodona-10","39":"product_tag-oxicodona-10mg","40":"product_tag-oxicodona-10mg-rosa","41":"product_tag-oxicodona-15-mg","42":"product_tag-oxicodona-15mg","43":"product_tag-oxicodona-20-mg","44":"product_tag-oxicodona-20mg","45":"product_tag-oxicodona-30mg","46":"product_tag-oxicodona-5","47":"product_tag-oxicodona-5-325","48":"product_tag-oxicodona-5-mg","49":"product_tag-oxicodona-e-ibuprofeno","50":"product_tag-oxicodona-e-tilenol","51":"product_tag-oxicodona-hcl-5mg","52":"product_tag-oxicodona-vs-oxicontin","53":"product_tag-oxicodona-vs-percocet","54":"product_tag-oxicodona-acetaminofeno","55":"product_tag-oxicodona-acetaminofeno-5-325","56":"product_tag-oxicodona-apap","57":"product_tag-oxicodone","58":"product_tag-oxicontin","59":"product_tag-oxicontin-30-mg","60":"product_tag-oxycontin-80-mg","61":"product_tag-oxicontin-ir","62":"product_tag-liquid-oxycontin","63":"product_tag-oxicoton","64":"product_tag-oxis","65":"product_tag-oxycodon","66":"product_tag-oxycodone","67":"product_tag-oxycodone-and-alcohol","68":"product_tag-oxycodone-side-effects","69":"product_tag-oxycodone-uses","70":"product_tag-oxycontin-genrico","71":"product_tag-oxycontin-vs-oxycodone","72":"product_tag-oxycotton","73":"product_tag-p-c3-excede-20","74":"product_tag-oxi-plula","75":"product_tag-plula-de-oxicodona","76":"product_tag-plulas-de-ocitocina","77":"product_tag-oxi-plulas","78":"product_tag-plulas-de-oxicodona","79":"product_tag-quanto-tempo-dura-em-oxicodona","80":"product_tag-medicamentos-prescritos-para-dor","81":"product_tag-roxicodona-vs-oxicodona","82":"product_tag-roxy-10","83":"product_tag-roxy-30s","84":"product_tag-tipos-de-analgsicos","85":"product_tag-tipos-de-opioides","86":"product_tag-vcio-em-oxicodona","88":"first","89":"instock","90":"shipping-taxable","91":"purchasable","92":"product-type-variable","93":"has-default-attributes"},"yoast_head":"<!-- This site is optimized with the Yoast SEO plugin v27.3 - https:\/\/yoast.com\/product\/yoast-seo-wordpress\/ -->\n<title>Compre Oxicodona 80 mg - Best Best Global Meds<\/title>\n<meta name=\"description\" content=\"Compre comprimidos de Oxicodona 80mg online. Compre Oxicodona 80mg para venda no Reino Unido, Europa. Comprimidos de oxicodona 80mg tamb\u00e9m est\u00e3o dispon\u00edveis. Compre as p\u00edlulas de melhor qualidade de n\u00f3s.\" \/>\n<meta name=\"robots\" content=\"index, follow, max-snippet:-1, max-image-preview:large, max-video-preview:-1\" \/>\n<link rel=\"canonical\" href=\"https:\/\/medicinasinc.com\/pt\/product\/comprar-oxicodona-80-mg\/\" \/>\n<meta property=\"og:locale\" content=\"pt_PT\" \/>\n<meta property=\"og:type\" content=\"article\" \/>\n<meta property=\"og:title\" content=\"Compre Oxicodona 80 mg - Best Best Global Meds\" \/>\n<meta property=\"og:description\" content=\"Compre comprimidos de Oxicodona 80mg online. Compre Oxicodona 80mg para venda no Reino Unido, Europa. Comprimidos de oxicodona 80mg tamb\u00e9m est\u00e3o dispon\u00edveis. Compre as p\u00edlulas de melhor qualidade de n\u00f3s.\" \/>\n<meta property=\"og:url\" content=\"https:\/\/medicinasinc.com\/pt\/product\/comprar-oxicodona-80-mg\/\" \/>\n<meta property=\"og:site_name\" content=\"Medicinas Inc\" \/>\n<meta property=\"article:modified_time\" content=\"2022-07-05T23:20:00+00:00\" \/>\n<meta property=\"og:image\" content=\"https:\/\/medicinasinc.com\/pt\/wp-content\/uploads\/sites\/20\/2022\/02\/Buy-Oxycodone-80mg.jpg\" \/>\n\t<meta property=\"og:image:width\" content=\"600\" \/>\n\t<meta property=\"og:image:height\" content=\"514\" \/>\n\t<meta property=\"og:image:type\" content=\"image\/jpeg\" \/>\n<meta name=\"twitter:card\" content=\"summary_large_image\" \/>\n<meta name=\"twitter:label1\" content=\"Tempo estimado de leitura\" \/>\n\t<meta name=\"twitter:data1\" content=\"1 minuto\" \/>\n<script type=\"application\/ld+json\" class=\"yoast-schema-graph\">{\"@context\":\"https:\\\/\\\/schema.org\",\"@graph\":[{\"@type\":\"WebPage\",\"@id\":\"https:\\\/\\\/medicinasinc.com\\\/pt\\\/product\\\/comprar-oxicodona-80-mg\\\/\",\"url\":\"https:\\\/\\\/medicinasinc.com\\\/pt\\\/product\\\/comprar-oxicodona-80-mg\\\/\",\"name\":\"Compre Oxicodona 80 mg - Best Best Global Meds\",\"isPartOf\":{\"@id\":\"https:\\\/\\\/medicinasinc.com\\\/pt\\\/#website\"},\"primaryImageOfPage\":{\"@id\":\"https:\\\/\\\/medicinasinc.com\\\/pt\\\/product\\\/comprar-oxicodona-80-mg\\\/#primaryimage\"},\"image\":{\"@id\":\"https:\\\/\\\/medicinasinc.com\\\/pt\\\/product\\\/comprar-oxicodona-80-mg\\\/#primaryimage\"},\"thumbnailUrl\":\"https:\\\/\\\/medicinasinc.com\\\/pt\\\/wp-content\\\/uploads\\\/sites\\\/20\\\/2022\\\/02\\\/Buy-Oxycodone-80mg.jpg\",\"datePublished\":\"2022-02-21T18:18:05+00:00\",\"dateModified\":\"2022-07-05T23:20:00+00:00\",\"description\":\"Compre comprimidos de Oxicodona 80mg online. Compre Oxicodona 80mg para venda no Reino Unido, Europa. Comprimidos de oxicodona 80mg tamb\u00e9m est\u00e3o dispon\u00edveis. Compre as p\u00edlulas de melhor qualidade de n\u00f3s.\",\"breadcrumb\":{\"@id\":\"https:\\\/\\\/medicinasinc.com\\\/pt\\\/product\\\/comprar-oxicodona-80-mg\\\/#breadcrumb\"},\"inLanguage\":\"pt-PT\",\"potentialAction\":[{\"@type\":\"ReadAction\",\"target\":[\"https:\\\/\\\/medicinasinc.com\\\/pt\\\/product\\\/comprar-oxicodona-80-mg\\\/\"]}]},{\"@type\":\"ImageObject\",\"inLanguage\":\"pt-PT\",\"@id\":\"https:\\\/\\\/medicinasinc.com\\\/pt\\\/product\\\/comprar-oxicodona-80-mg\\\/#primaryimage\",\"url\":\"https:\\\/\\\/medicinasinc.com\\\/pt\\\/wp-content\\\/uploads\\\/sites\\\/20\\\/2022\\\/02\\\/Buy-Oxycodone-80mg.jpg\",\"contentUrl\":\"https:\\\/\\\/medicinasinc.com\\\/pt\\\/wp-content\\\/uploads\\\/sites\\\/20\\\/2022\\\/02\\\/Buy-Oxycodone-80mg.jpg\",\"width\":600,\"height\":514},{\"@type\":\"BreadcrumbList\",\"@id\":\"https:\\\/\\\/medicinasinc.com\\\/pt\\\/product\\\/comprar-oxicodona-80-mg\\\/#breadcrumb\",\"itemListElement\":[{\"@type\":\"ListItem\",\"position\":1,\"name\":\"Comprar\",\"item\":\"https:\\\/\\\/medicinasinc.com\\\/pt\\\/comprar\\\/\"},{\"@type\":\"ListItem\",\"position\":2,\"name\":\"Compre Oxicodona 80 mg\"}]},{\"@type\":\"WebSite\",\"@id\":\"https:\\\/\\\/medicinasinc.com\\\/pt\\\/#website\",\"url\":\"https:\\\/\\\/medicinasinc.com\\\/pt\\\/\",\"name\":\"Medicinas Inc\",\"description\":\"Health Medical Clinic\",\"potentialAction\":[{\"@type\":\"SearchAction\",\"target\":{\"@type\":\"EntryPoint\",\"urlTemplate\":\"https:\\\/\\\/medicinasinc.com\\\/pt\\\/?s={search_term_string}\"},\"query-input\":{\"@type\":\"PropertyValueSpecification\",\"valueRequired\":true,\"valueName\":\"search_term_string\"}}],\"inLanguage\":\"pt-PT\"}]}<\/script>\n<!-- \/ Yoast SEO plugin. -->","yoast_head_json":{"title":"Compre Oxicodona 80 mg - Best Best Global Meds","description":"Compre comprimidos de Oxicodona 80mg online. Compre Oxicodona 80mg para venda no Reino Unido, Europa. Comprimidos de oxicodona 80mg tamb\u00e9m est\u00e3o dispon\u00edveis. Compre as p\u00edlulas de melhor qualidade de n\u00f3s.","robots":{"index":"index","follow":"follow","max-snippet":"max-snippet:-1","max-image-preview":"max-image-preview:large","max-video-preview":"max-video-preview:-1"},"canonical":"https:\/\/medicinasinc.com\/pt\/product\/comprar-oxicodona-80-mg\/","og_locale":"pt_PT","og_type":"article","og_title":"Compre Oxicodona 80 mg - Best Best Global Meds","og_description":"Compre comprimidos de Oxicodona 80mg online. Compre Oxicodona 80mg para venda no Reino Unido, Europa. Comprimidos de oxicodona 80mg tamb\u00e9m est\u00e3o dispon\u00edveis. Compre as p\u00edlulas de melhor qualidade de n\u00f3s.","og_url":"https:\/\/medicinasinc.com\/pt\/product\/comprar-oxicodona-80-mg\/","og_site_name":"Medicinas Inc","article_modified_time":"2022-07-05T23:20:00+00:00","og_image":[{"width":600,"height":514,"url":"https:\/\/medicinasinc.com\/pt\/wp-content\/uploads\/sites\/20\/2022\/02\/Buy-Oxycodone-80mg.jpg","type":"image\/jpeg"}],"twitter_card":"summary_large_image","twitter_misc":{"Tempo estimado de leitura":"1 minuto"},"schema":{"@context":"https:\/\/schema.org","@graph":[{"@type":"WebPage","@id":"https:\/\/medicinasinc.com\/pt\/product\/comprar-oxicodona-80-mg\/","url":"https:\/\/medicinasinc.com\/pt\/product\/comprar-oxicodona-80-mg\/","name":"Compre Oxicodona 80 mg - Best Best Global Meds","isPartOf":{"@id":"https:\/\/medicinasinc.com\/pt\/#website"},"primaryImageOfPage":{"@id":"https:\/\/medicinasinc.com\/pt\/product\/comprar-oxicodona-80-mg\/#primaryimage"},"image":{"@id":"https:\/\/medicinasinc.com\/pt\/product\/comprar-oxicodona-80-mg\/#primaryimage"},"thumbnailUrl":"https:\/\/medicinasinc.com\/pt\/wp-content\/uploads\/sites\/20\/2022\/02\/Buy-Oxycodone-80mg.jpg","datePublished":"2022-02-21T18:18:05+00:00","dateModified":"2022-07-05T23:20:00+00:00","description":"Compre comprimidos de Oxicodona 80mg online. Compre Oxicodona 80mg para venda no Reino Unido, Europa. Comprimidos de oxicodona 80mg tamb\u00e9m est\u00e3o dispon\u00edveis. Compre as p\u00edlulas de melhor qualidade de n\u00f3s.","breadcrumb":{"@id":"https:\/\/medicinasinc.com\/pt\/product\/comprar-oxicodona-80-mg\/#breadcrumb"},"inLanguage":"pt-PT","potentialAction":[{"@type":"ReadAction","target":["https:\/\/medicinasinc.com\/pt\/product\/comprar-oxicodona-80-mg\/"]}]},{"@type":"ImageObject","inLanguage":"pt-PT","@id":"https:\/\/medicinasinc.com\/pt\/product\/comprar-oxicodona-80-mg\/#primaryimage","url":"https:\/\/medicinasinc.com\/pt\/wp-content\/uploads\/sites\/20\/2022\/02\/Buy-Oxycodone-80mg.jpg","contentUrl":"https:\/\/medicinasinc.com\/pt\/wp-content\/uploads\/sites\/20\/2022\/02\/Buy-Oxycodone-80mg.jpg","width":600,"height":514},{"@type":"BreadcrumbList","@id":"https:\/\/medicinasinc.com\/pt\/product\/comprar-oxicodona-80-mg\/#breadcrumb","itemListElement":[{"@type":"ListItem","position":1,"name":"Comprar","item":"https:\/\/medicinasinc.com\/pt\/comprar\/"},{"@type":"ListItem","position":2,"name":"Compre Oxicodona 80 mg"}]},{"@type":"WebSite","@id":"https:\/\/medicinasinc.com\/pt\/#website","url":"https:\/\/medicinasinc.com\/pt\/","name":"Medicinas Inc","description":"Health Medical Clinic","potentialAction":[{"@type":"SearchAction","target":{"@type":"EntryPoint","urlTemplate":"https:\/\/medicinasinc.com\/pt\/?s={search_term_string}"},"query-input":{"@type":"PropertyValueSpecification","valueRequired":true,"valueName":"search_term_string"}}],"inLanguage":"pt-PT"}]}},"_links":{"self":[{"href":"https:\/\/medicinasinc.com\/pt\/wp-json\/wp\/v2\/product\/5294","targetHints":{"allow":["GET"]}}],"collection":[{"href":"https:\/\/medicinasinc.com\/pt\/wp-json\/wp\/v2\/product"}],"about":[{"href":"https:\/\/medicinasinc.com\/pt\/wp-json\/wp\/v2\/types\/product"}],"replies":[{"embeddable":true,"href":"https:\/\/medicinasinc.com\/pt\/wp-json\/wp\/v2\/comments?post=5294"}],"wp:featuredmedia":[{"embeddable":true,"href":"https:\/\/medicinasinc.com\/pt\/wp-json\/wp\/v2\/media\/5303"}],"wp:attachment":[{"href":"https:\/\/medicinasinc.com\/pt\/wp-json\/wp\/v2\/media?parent=5294"}],"wp:term":[{"taxonomy":"product_brand","embeddable":true,"href":"https:\/\/medicinasinc.com\/pt\/wp-json\/wp\/v2\/product_brand?post=5294"},{"taxonomy":"product_cat","embeddable":true,"href":"https:\/\/medicinasinc.com\/pt\/wp-json\/wp\/v2\/product_cat?post=5294"},{"taxonomy":"product_tag","embeddable":true,"href":"https:\/\/medicinasinc.com\/pt\/wp-json\/wp\/v2\/product_tag?post=5294"}],"curies":[{"name":"wp","href":"https:\/\/api.w.org\/{rel}","templated":true}]}}