{"id":5293,"date":"2022-02-21T18:15:16","date_gmt":"2022-02-21T18:15:16","guid":{"rendered":"https:\/\/medicinasinc.com\/pt\/?post_type=product&#038;p=5293"},"modified":"2022-07-05T23:20:15","modified_gmt":"2022-07-05T23:20:15","slug":"comprar-oxicodona-40mg-pilulas","status":"publish","type":"product","link":"https:\/\/medicinasinc.com\/pt\/product\/comprar-oxicodona-40mg-pilulas\/","title":{"rendered":"Compre comprimidos de OxyCodone 40mg"},"content":{"rendered":"<p>Compra online de comprimidos de Oxicodona 40mg.<\/p>\n<p>Compra online de comprimidos de Oxicodona 40mg. Al\u00e9m disso, vendemos code\u00edna. Em todo o mundo, analg\u00e9sicos e outros medicamentos s\u00e3o utilizados.<\/p>\n<p>Farm\u00e1cia online para comprar comprimidos de OxyCodone 40mg.<\/p>\n<p>Compre Oxycodone Online | Compre Oxycodone 40mg sem receita m\u00e9dica<\/p>\n<p>Voc\u00ea pode obter entrega expressa usando um cart\u00e3o de cr\u00e9dito.<\/p>\n<p>Este medicamento \u00e9 usado para ajudar no al\u00edvio de dores intensas e persistentes (como devido a c\u00e2ncer).<\/p>\n<p>A oxicodona \u00e9 um analg\u00e9sico opi\u00f3ide. Funciona alterando a forma como seu corpo percebe e responde \u00e0 dor no c\u00e9rebro.<\/p>\n<p>As doses mais altas deste medicamento (mais de 40 mg por comprimido) devem ser usadas apenas se voc\u00ea estiver tomando doses moderadas a altas de analg\u00e9sicos opi\u00f3ides regularmente. Esses pontos fortes podem resultar em overdose (e talvez morte) se tomados por algu\u00e9m que n\u00e3o esteja usando opi\u00f3ides de forma consistente.<\/p>\n<p>Evite usar oxicodona de libera\u00e7\u00e3o prolongada para tratar a dor m\u00ednima ou que se resolver\u00e1 dentro de um poucos dias. Este medicamento n\u00e3o se destina ao uso &#8220;conforme necess\u00e1rio&#8221;.<\/p>\n","protected":false},"excerpt":{"rendered":"<div class=\"woocommerce-product-details__short-description\">\n<p>Farm\u00e1cia online para comprar comprimidos de OxyCodone 40mg. Compre Oxicodona Online | Compre Oxycodone 40mg sem receita m\u00e9dica Voc\u00ea pode obter entrega expressa atrav\u00e9s de transfer\u00eancia banc\u00e1ria.<\/p>\n<p>Compre Oxycodone 40mg Pills Online no Reino Unido e na Europa, Encomende Baratos Oxycodone Pills Online com&#8230; Voc\u00ea pode comprar comprimidos de oxicodona on-line sem receita m\u00e9dica (sem RX).<\/p>\n<\/p><\/div>\n","protected":false},"featured_media":5301,"comment_status":"open","ping_status":"closed","template":"","meta":[],"product_brand":[],"product_cat":[1117],"product_tag":[1638,1639,1640,1644,1681,1647,1682,1683,1679,1642,1641,1698,1675,1713,1714,1676,1699,1678,1685,1684,1645,1677,1717,1718,1719,1720,1702,1650,1651,1652,1653,1654,1657,1648,1660,1661,1662,1663,1664,1665,1666,1667,1668,1669,1670,1673,1674,1680,1690,1691,1692,1693,1694,1649,1695,1696,1697,1056,1701,1646,1704,1706,1658,1659,1672,1688,1689,1700,1703,1705,1708,1655,1686,1707,1656,1687,1643,1709,1710,1711,1712,1716,1715,1671],"class_list":{"0":"post-5293","1":"product","2":"type-product","3":"status-publish","4":"has-post-thumbnail","6":"product_cat-compre-pilulas-para-dor-sono-e-sexo","7":"product_tag-15-mg-oxicodona","8":"product_tag-20-mg-oxicodona","9":"product_tag-20mg-oxicodona","10":"product_tag--oxicodona-um-opiide","11":"product_tag-alto-teor-de-oxicodona","12":"product_tag-analgsicos-opiides","13":"product_tag-cloridrato-de-oxicodona","14":"product_tag-oxicodona-cloridrato-5-mg","15":"product_tag-oxicodona-hcl-5-mg-comprimido","16":"product_tag-dihidroxicodeinona","17":"product_tag-dihydrohydroxycodeinone","18":"product_tag-dosagem-de-oxicontin","19":"product_tag-doses-de-oxicodona","20":"product_tag-roxy-droga","21":"product_tag-efeitos-colaterais-da-oxicodona","22":"product_tag-efeitos-de-oxicodona","23":"product_tag-efeitos-de-oxicontin","24":"product_tag-oxicodona-hcl","25":"product_tag-ingredientes-de-oxicodona","26":"product_tag-liberao-imediata-de-oxicodona","27":"product_tag-liquid-oxycodone","28":"product_tag-meia-vida-de-oxicodona","29":"product_tag-o-que-o-oxicodona-faz","30":"product_tag-o-que--oxi","31":"product_tag-o-que--oximorfona","32":"product_tag-o-que--roxicodona","33":"product_tag-oxycontin-overdose","34":"product_tag-oxi","35":"product_tag-oxi-10","36":"product_tag-oxi-5-mg","37":"product_tag-oxi-droga","38":"product_tag-oxi-drogas","39":"product_tag-oxicodina","40":"product_tag-oxicodona","41":"product_tag-oxicodona-10","42":"product_tag-oxicodona-10mg","43":"product_tag-oxicodona-10mg-rosa","44":"product_tag-oxicodona-15-mg","45":"product_tag-oxicodona-15mg","46":"product_tag-oxicodona-20-mg","47":"product_tag-oxicodona-20mg","48":"product_tag-oxicodona-30mg","49":"product_tag-oxicodona-5","50":"product_tag-oxicodona-5-325","51":"product_tag-oxicodona-5-mg","52":"product_tag-oxicodona-e-ibuprofeno","53":"product_tag-oxicodona-e-tilenol","54":"product_tag-oxicodona-hcl-5mg","55":"product_tag-oxicodona-vs-oxicontin","56":"product_tag-oxicodona-vs-percocet","57":"product_tag-oxicodona-acetaminofeno","58":"product_tag-oxicodona-acetaminofeno-5-325","59":"product_tag-oxicodona-apap","60":"product_tag-oxicodone","61":"product_tag-oxicodono","62":"product_tag-oxicontin","63":"product_tag-oxicontin-30-mg","64":"product_tag-oxycontin-80-mg","65":"product_tag-oxicontin-ir","66":"product_tag-liquid-oxycontin","67":"product_tag-oxicoton","68":"product_tag-oxis","69":"product_tag-oxycodon","70":"product_tag-oxycodone","71":"product_tag-oxycodone-and-alcohol","72":"product_tag-oxycodone-side-effects","73":"product_tag-oxycodone-uses","74":"product_tag-oxycontin-genrico","75":"product_tag-oxycontin-vs-oxycodone","76":"product_tag-oxycotton","77":"product_tag-p-c3-excede-20","78":"product_tag-oxi-plula","79":"product_tag-plula-de-oxicodona","80":"product_tag-plulas-de-ocitocina","81":"product_tag-oxi-plulas","82":"product_tag-plulas-de-oxicodona","83":"product_tag-quanto-tempo-dura-em-oxicodona","84":"product_tag-medicamentos-prescritos-para-dor","85":"product_tag-roxicodona-vs-oxicodona","86":"product_tag-roxy-10","87":"product_tag-roxy-30s","88":"product_tag-tipos-de-analgsicos","89":"product_tag-tipos-de-opioides","90":"product_tag-vcio-em-oxicodona","92":"first","93":"instock","94":"shipping-taxable","95":"purchasable","96":"product-type-variable","97":"has-default-attributes"},"yoast_head":"<!-- This site is optimized with the Yoast SEO plugin v27.3 - https:\/\/yoast.com\/product\/yoast-seo-wordpress\/ -->\n<title>Compre comprimidos de OxyCodone 40 mg - Best Best Global Meds<\/title>\n<meta name=\"description\" content=\"Compre comprimidos de oxicodona\u00a040 mg \u00e0 venda no Reino Unido, Europa on-line,\u00a0encomende\u00a0comprimidos\u00a0baratos de oxicodona 40 mg on-line\u00a0com ... Voc\u00ea pode\u00a0comprar comprimidos on-line de oxicodona\u00a0sem receita m\u00e9dica (sem RX).\" \/>\n<meta name=\"robots\" content=\"index, follow, max-snippet:-1, max-image-preview:large, max-video-preview:-1\" \/>\n<link rel=\"canonical\" href=\"https:\/\/medicinasinc.com\/pt\/product\/comprar-oxicodona-40mg-pilulas\/\" \/>\n<meta property=\"og:locale\" content=\"pt_PT\" \/>\n<meta property=\"og:type\" content=\"article\" \/>\n<meta property=\"og:title\" content=\"Compre comprimidos de OxyCodone 40 mg - Best Best Global Meds\" \/>\n<meta property=\"og:description\" content=\"Compre comprimidos de oxicodona\u00a040 mg \u00e0 venda no Reino Unido, Europa on-line,\u00a0encomende\u00a0comprimidos\u00a0baratos de oxicodona 40 mg on-line\u00a0com ... Voc\u00ea pode\u00a0comprar comprimidos on-line de oxicodona\u00a0sem receita m\u00e9dica (sem RX).\" \/>\n<meta property=\"og:url\" content=\"https:\/\/medicinasinc.com\/pt\/product\/comprar-oxicodona-40mg-pilulas\/\" \/>\n<meta property=\"og:site_name\" content=\"Medicinas Inc\" \/>\n<meta property=\"article:modified_time\" content=\"2022-07-05T23:20:15+00:00\" \/>\n<meta property=\"og:image\" content=\"https:\/\/medicinasinc.com\/pt\/wp-content\/uploads\/sites\/20\/2022\/02\/Buy-OxyCodone-40mg.jpg\" \/>\n\t<meta property=\"og:image:width\" content=\"600\" \/>\n\t<meta property=\"og:image:height\" content=\"400\" \/>\n\t<meta property=\"og:image:type\" content=\"image\/jpeg\" \/>\n<meta name=\"twitter:card\" content=\"summary_large_image\" \/>\n<meta name=\"twitter:label1\" content=\"Tempo estimado de leitura\" \/>\n\t<meta name=\"twitter:data1\" content=\"1 minuto\" \/>\n<script type=\"application\/ld+json\" class=\"yoast-schema-graph\">{\"@context\":\"https:\\\/\\\/schema.org\",\"@graph\":[{\"@type\":\"WebPage\",\"@id\":\"https:\\\/\\\/medicinasinc.com\\\/pt\\\/product\\\/comprar-oxicodona-40mg-pilulas\\\/\",\"url\":\"https:\\\/\\\/medicinasinc.com\\\/pt\\\/product\\\/comprar-oxicodona-40mg-pilulas\\\/\",\"name\":\"Compre comprimidos de OxyCodone 40 mg - Best Best Global Meds\",\"isPartOf\":{\"@id\":\"https:\\\/\\\/medicinasinc.com\\\/pt\\\/#website\"},\"primaryImageOfPage\":{\"@id\":\"https:\\\/\\\/medicinasinc.com\\\/pt\\\/product\\\/comprar-oxicodona-40mg-pilulas\\\/#primaryimage\"},\"image\":{\"@id\":\"https:\\\/\\\/medicinasinc.com\\\/pt\\\/product\\\/comprar-oxicodona-40mg-pilulas\\\/#primaryimage\"},\"thumbnailUrl\":\"https:\\\/\\\/medicinasinc.com\\\/pt\\\/wp-content\\\/uploads\\\/sites\\\/20\\\/2022\\\/02\\\/Buy-OxyCodone-40mg.jpg\",\"datePublished\":\"2022-02-21T18:15:16+00:00\",\"dateModified\":\"2022-07-05T23:20:15+00:00\",\"description\":\"Compre comprimidos de oxicodona\u00a040 mg \u00e0 venda no Reino Unido, Europa on-line,\u00a0encomende\u00a0comprimidos\u00a0baratos de oxicodona 40 mg on-line\u00a0com ... Voc\u00ea pode\u00a0comprar comprimidos on-line de oxicodona\u00a0sem receita m\u00e9dica (sem RX).\",\"breadcrumb\":{\"@id\":\"https:\\\/\\\/medicinasinc.com\\\/pt\\\/product\\\/comprar-oxicodona-40mg-pilulas\\\/#breadcrumb\"},\"inLanguage\":\"pt-PT\",\"potentialAction\":[{\"@type\":\"ReadAction\",\"target\":[\"https:\\\/\\\/medicinasinc.com\\\/pt\\\/product\\\/comprar-oxicodona-40mg-pilulas\\\/\"]}]},{\"@type\":\"ImageObject\",\"inLanguage\":\"pt-PT\",\"@id\":\"https:\\\/\\\/medicinasinc.com\\\/pt\\\/product\\\/comprar-oxicodona-40mg-pilulas\\\/#primaryimage\",\"url\":\"https:\\\/\\\/medicinasinc.com\\\/pt\\\/wp-content\\\/uploads\\\/sites\\\/20\\\/2022\\\/02\\\/Buy-OxyCodone-40mg.jpg\",\"contentUrl\":\"https:\\\/\\\/medicinasinc.com\\\/pt\\\/wp-content\\\/uploads\\\/sites\\\/20\\\/2022\\\/02\\\/Buy-OxyCodone-40mg.jpg\",\"width\":600,\"height\":400},{\"@type\":\"BreadcrumbList\",\"@id\":\"https:\\\/\\\/medicinasinc.com\\\/pt\\\/product\\\/comprar-oxicodona-40mg-pilulas\\\/#breadcrumb\",\"itemListElement\":[{\"@type\":\"ListItem\",\"position\":1,\"name\":\"Comprar\",\"item\":\"https:\\\/\\\/medicinasinc.com\\\/pt\\\/comprar\\\/\"},{\"@type\":\"ListItem\",\"position\":2,\"name\":\"Compre comprimidos de OxyCodone 40mg\"}]},{\"@type\":\"WebSite\",\"@id\":\"https:\\\/\\\/medicinasinc.com\\\/pt\\\/#website\",\"url\":\"https:\\\/\\\/medicinasinc.com\\\/pt\\\/\",\"name\":\"Medicinas Inc\",\"description\":\"Health Medical Clinic\",\"potentialAction\":[{\"@type\":\"SearchAction\",\"target\":{\"@type\":\"EntryPoint\",\"urlTemplate\":\"https:\\\/\\\/medicinasinc.com\\\/pt\\\/?s={search_term_string}\"},\"query-input\":{\"@type\":\"PropertyValueSpecification\",\"valueRequired\":true,\"valueName\":\"search_term_string\"}}],\"inLanguage\":\"pt-PT\"}]}<\/script>\n<!-- \/ Yoast SEO plugin. -->","yoast_head_json":{"title":"Compre comprimidos de OxyCodone 40 mg - Best Best Global Meds","description":"Compre comprimidos de oxicodona\u00a040 mg \u00e0 venda no Reino Unido, Europa on-line,\u00a0encomende\u00a0comprimidos\u00a0baratos de oxicodona 40 mg on-line\u00a0com ... Voc\u00ea pode\u00a0comprar comprimidos on-line de oxicodona\u00a0sem receita m\u00e9dica (sem RX).","robots":{"index":"index","follow":"follow","max-snippet":"max-snippet:-1","max-image-preview":"max-image-preview:large","max-video-preview":"max-video-preview:-1"},"canonical":"https:\/\/medicinasinc.com\/pt\/product\/comprar-oxicodona-40mg-pilulas\/","og_locale":"pt_PT","og_type":"article","og_title":"Compre comprimidos de OxyCodone 40 mg - Best Best Global Meds","og_description":"Compre comprimidos de oxicodona\u00a040 mg \u00e0 venda no Reino Unido, Europa on-line,\u00a0encomende\u00a0comprimidos\u00a0baratos de oxicodona 40 mg on-line\u00a0com ... Voc\u00ea pode\u00a0comprar comprimidos on-line de oxicodona\u00a0sem receita m\u00e9dica (sem RX).","og_url":"https:\/\/medicinasinc.com\/pt\/product\/comprar-oxicodona-40mg-pilulas\/","og_site_name":"Medicinas Inc","article_modified_time":"2022-07-05T23:20:15+00:00","og_image":[{"width":600,"height":400,"url":"https:\/\/medicinasinc.com\/pt\/wp-content\/uploads\/sites\/20\/2022\/02\/Buy-OxyCodone-40mg.jpg","type":"image\/jpeg"}],"twitter_card":"summary_large_image","twitter_misc":{"Tempo estimado de leitura":"1 minuto"},"schema":{"@context":"https:\/\/schema.org","@graph":[{"@type":"WebPage","@id":"https:\/\/medicinasinc.com\/pt\/product\/comprar-oxicodona-40mg-pilulas\/","url":"https:\/\/medicinasinc.com\/pt\/product\/comprar-oxicodona-40mg-pilulas\/","name":"Compre comprimidos de OxyCodone 40 mg - Best Best Global Meds","isPartOf":{"@id":"https:\/\/medicinasinc.com\/pt\/#website"},"primaryImageOfPage":{"@id":"https:\/\/medicinasinc.com\/pt\/product\/comprar-oxicodona-40mg-pilulas\/#primaryimage"},"image":{"@id":"https:\/\/medicinasinc.com\/pt\/product\/comprar-oxicodona-40mg-pilulas\/#primaryimage"},"thumbnailUrl":"https:\/\/medicinasinc.com\/pt\/wp-content\/uploads\/sites\/20\/2022\/02\/Buy-OxyCodone-40mg.jpg","datePublished":"2022-02-21T18:15:16+00:00","dateModified":"2022-07-05T23:20:15+00:00","description":"Compre comprimidos de oxicodona\u00a040 mg \u00e0 venda no Reino Unido, Europa on-line,\u00a0encomende\u00a0comprimidos\u00a0baratos de oxicodona 40 mg on-line\u00a0com ... Voc\u00ea pode\u00a0comprar comprimidos on-line de oxicodona\u00a0sem receita m\u00e9dica (sem RX).","breadcrumb":{"@id":"https:\/\/medicinasinc.com\/pt\/product\/comprar-oxicodona-40mg-pilulas\/#breadcrumb"},"inLanguage":"pt-PT","potentialAction":[{"@type":"ReadAction","target":["https:\/\/medicinasinc.com\/pt\/product\/comprar-oxicodona-40mg-pilulas\/"]}]},{"@type":"ImageObject","inLanguage":"pt-PT","@id":"https:\/\/medicinasinc.com\/pt\/product\/comprar-oxicodona-40mg-pilulas\/#primaryimage","url":"https:\/\/medicinasinc.com\/pt\/wp-content\/uploads\/sites\/20\/2022\/02\/Buy-OxyCodone-40mg.jpg","contentUrl":"https:\/\/medicinasinc.com\/pt\/wp-content\/uploads\/sites\/20\/2022\/02\/Buy-OxyCodone-40mg.jpg","width":600,"height":400},{"@type":"BreadcrumbList","@id":"https:\/\/medicinasinc.com\/pt\/product\/comprar-oxicodona-40mg-pilulas\/#breadcrumb","itemListElement":[{"@type":"ListItem","position":1,"name":"Comprar","item":"https:\/\/medicinasinc.com\/pt\/comprar\/"},{"@type":"ListItem","position":2,"name":"Compre comprimidos de OxyCodone 40mg"}]},{"@type":"WebSite","@id":"https:\/\/medicinasinc.com\/pt\/#website","url":"https:\/\/medicinasinc.com\/pt\/","name":"Medicinas Inc","description":"Health Medical Clinic","potentialAction":[{"@type":"SearchAction","target":{"@type":"EntryPoint","urlTemplate":"https:\/\/medicinasinc.com\/pt\/?s={search_term_string}"},"query-input":{"@type":"PropertyValueSpecification","valueRequired":true,"valueName":"search_term_string"}}],"inLanguage":"pt-PT"}]}},"_links":{"self":[{"href":"https:\/\/medicinasinc.com\/pt\/wp-json\/wp\/v2\/product\/5293","targetHints":{"allow":["GET"]}}],"collection":[{"href":"https:\/\/medicinasinc.com\/pt\/wp-json\/wp\/v2\/product"}],"about":[{"href":"https:\/\/medicinasinc.com\/pt\/wp-json\/wp\/v2\/types\/product"}],"replies":[{"embeddable":true,"href":"https:\/\/medicinasinc.com\/pt\/wp-json\/wp\/v2\/comments?post=5293"}],"wp:featuredmedia":[{"embeddable":true,"href":"https:\/\/medicinasinc.com\/pt\/wp-json\/wp\/v2\/media\/5301"}],"wp:attachment":[{"href":"https:\/\/medicinasinc.com\/pt\/wp-json\/wp\/v2\/media?parent=5293"}],"wp:term":[{"taxonomy":"product_brand","embeddable":true,"href":"https:\/\/medicinasinc.com\/pt\/wp-json\/wp\/v2\/product_brand?post=5293"},{"taxonomy":"product_cat","embeddable":true,"href":"https:\/\/medicinasinc.com\/pt\/wp-json\/wp\/v2\/product_cat?post=5293"},{"taxonomy":"product_tag","embeddable":true,"href":"https:\/\/medicinasinc.com\/pt\/wp-json\/wp\/v2\/product_tag?post=5293"}],"curies":[{"name":"wp","href":"https:\/\/api.w.org\/{rel}","templated":true}]}}