{"id":5265,"date":"2022-02-20T22:55:20","date_gmt":"2022-02-20T22:55:20","guid":{"rendered":"https:\/\/medicinasinc.com\/pt\/?post_type=product&#038;p=5265"},"modified":"2022-07-05T23:20:28","modified_gmt":"2022-07-05T23:20:28","slug":"comprar-mogadon-nitrazepam-5mg-pilulas","status":"publish","type":"product","link":"https:\/\/medicinasinc.com\/pt\/product\/comprar-mogadon-nitrazepam-5mg-pilulas\/","title":{"rendered":"Compre comprimidos de Mogadon Nitrazepam 5mg"},"content":{"rendered":"<p>A compra online de comprimidos de Mogadon Nitrazepam 5mg<br \/> Mogadon custa $ 0,31 por comprimido conosco no PocketPills. Mogadon pode ser mais barato se o seu seguro cobrir. Para obter o custo total do Mogadon, voc\u00ea precisa incluir adicionalmente as despesas de dispensa\u00e7\u00e3o e envio.<\/p>\n<p>Quanto \u00e9 a taxa de dispensa\u00e7\u00e3o de Mogadon?<\/p>\n<p>O custo de dispensar Mogadon conosco \u00e9 simplesmente $ 7 . A Pocketpills se esfor\u00e7a para fornecer os pre\u00e7os mais baixos da Mogadon no Canad\u00e1.<br \/> Lembre-se de que fornecemos FRETE GR\u00c1TIS em todos os pedidos globalmente.<\/p>\n<div>\n<div>\n<div>\n<div class=\"margin- t-l\">\n<div class=\"drugcontent-wrapper\">\n<div class=\"h4\">\n<ul>\n<li>Lembre-se, oferecemos frete gr\u00e1tis no Canad\u00e1.<\/li>\n<\/ul><\/div><\/div><\/div><\/div><\/div><\/div>\n<div class=\"product-next-previous\">\n<div class=\"product-prev\"><\/div><\/div>\n","protected":false},"excerpt":{"rendered":"<p>Comprimidos de Mogadon Nitrazepam 5mg \u00e0 venda no Reino Unido e na Europa. dificuldade em adormecer, despertares repetidos durante a noite e despertar no in\u00edcio da manh\u00e3. Al\u00e9m disso, \u00e9 utilizado para monitorar convuls\u00f5es miocl\u00f4nicas.<\/p>\n<p>Mogadon Buy Online &#8211; Comprimidos da mais alta qualidade Compre Nitrazepam online sem receita m\u00e9dica, Encomende e receba seu Mogadon internacionalmente atrav\u00e9s de entrega r\u00e1pida.<\/p>\n<p>compra de nitrazepam xr 30 mg<\/p>\n<p>compre nitrazepam entrega noturna compre nitrazepam sem receita m\u00e9dica online compre nitrazepam na costa rica, Europa, Dubai, China, Uni\u00e3o Europ\u00e9ia e em todo o mundo. Comprimidos de nitrazepam gen\u00e9rico<\/p>\n","protected":false},"featured_media":5995,"comment_status":"open","ping_status":"closed","template":"","meta":[],"product_brand":[],"product_cat":[1117],"product_tag":[1629,1630,1631,1632,1634,1635,1636,1633,1637],"class_list":{"0":"post-5265","1":"product","2":"type-product","3":"status-publish","4":"has-post-thumbnail","6":"product_cat-compre-pilulas-para-dor-sono-e-sexo","7":"product_tag-comprar-nitrazepam-10mg-comprar-mogadon-online-nitrazepam-5mg-para-venda-comprar-mogadon-10mg","8":"product_tag-comprar-barato-mogadon-nitrazepam","9":"product_tag-mogadon-nitrazepam","10":"product_tag-mogadon-nitrazepam-como-sair","11":"product_tag-nitrazepam-mogadon","12":"product_tag-reddit-mogadon-nitrazepam","13":"product_tag-reddit-mogadon-nitrazepam-retirada","14":"product_tag-mogadon-nitrazepam-retirada","15":"product_tag-reddit-nitrazepam-mogadon-retirada","17":"first","18":"instock","19":"shipping-taxable","20":"purchasable","21":"product-type-variable","22":"has-default-attributes"},"yoast_head":"<!-- This site is optimized with the Yoast SEO plugin v27.3 - https:\/\/yoast.com\/product\/yoast-seo-wordpress\/ -->\n<title>Compre comprimidos de Mogadon Nitrazepam 5mg - Best Global Meds<\/title>\n<meta name=\"description\" content=\"Compre Mogadon Nitrazepam 5mg comprimidos para venda no Reino Unido, Europa online. dificuldade para cochilar, despertares sucessivos ao longo da noite e despertar de manh\u00e3 cedo. Al\u00e9m disso, \u00e9 usado para supervisionar convuls\u00f5es miocl\u00f4nicas.\" \/>\n<meta name=\"robots\" content=\"index, follow, max-snippet:-1, max-image-preview:large, max-video-preview:-1\" \/>\n<link rel=\"canonical\" href=\"https:\/\/medicinasinc.com\/pt\/product\/comprar-mogadon-nitrazepam-5mg-pilulas\/\" \/>\n<meta property=\"og:locale\" content=\"pt_PT\" \/>\n<meta property=\"og:type\" content=\"article\" \/>\n<meta property=\"og:title\" content=\"Compre comprimidos de Mogadon Nitrazepam 5mg - Best Global Meds\" \/>\n<meta property=\"og:description\" content=\"Compre Mogadon Nitrazepam 5mg comprimidos para venda no Reino Unido, Europa online. dificuldade para cochilar, despertares sucessivos ao longo da noite e despertar de manh\u00e3 cedo. Al\u00e9m disso, \u00e9 usado para supervisionar convuls\u00f5es miocl\u00f4nicas.\" \/>\n<meta property=\"og:url\" content=\"https:\/\/medicinasinc.com\/pt\/product\/comprar-mogadon-nitrazepam-5mg-pilulas\/\" \/>\n<meta property=\"og:site_name\" content=\"Medicinas Inc\" \/>\n<meta property=\"article:modified_time\" content=\"2022-07-05T23:20:28+00:00\" \/>\n<meta property=\"og:image\" content=\"https:\/\/medicinasinc.com\/pt\/wp-content\/uploads\/sites\/20\/2022\/02\/Buy-Mogadon-Nitrazepam-5mg-pills.jpg\" \/>\n\t<meta property=\"og:image:width\" content=\"640\" \/>\n\t<meta property=\"og:image:height\" content=\"480\" \/>\n\t<meta property=\"og:image:type\" content=\"image\/jpeg\" \/>\n<meta name=\"twitter:card\" content=\"summary_large_image\" \/>\n<meta name=\"twitter:label1\" content=\"Tempo estimado de leitura\" \/>\n\t<meta name=\"twitter:data1\" content=\"1 minuto\" \/>\n<script type=\"application\/ld+json\" class=\"yoast-schema-graph\">{\"@context\":\"https:\\\/\\\/schema.org\",\"@graph\":[{\"@type\":\"WebPage\",\"@id\":\"https:\\\/\\\/medicinasinc.com\\\/pt\\\/product\\\/comprar-mogadon-nitrazepam-5mg-pilulas\\\/\",\"url\":\"https:\\\/\\\/medicinasinc.com\\\/pt\\\/product\\\/comprar-mogadon-nitrazepam-5mg-pilulas\\\/\",\"name\":\"Compre comprimidos de Mogadon Nitrazepam 5mg - Best Global Meds\",\"isPartOf\":{\"@id\":\"https:\\\/\\\/medicinasinc.com\\\/pt\\\/#website\"},\"primaryImageOfPage\":{\"@id\":\"https:\\\/\\\/medicinasinc.com\\\/pt\\\/product\\\/comprar-mogadon-nitrazepam-5mg-pilulas\\\/#primaryimage\"},\"image\":{\"@id\":\"https:\\\/\\\/medicinasinc.com\\\/pt\\\/product\\\/comprar-mogadon-nitrazepam-5mg-pilulas\\\/#primaryimage\"},\"thumbnailUrl\":\"https:\\\/\\\/medicinasinc.com\\\/pt\\\/wp-content\\\/uploads\\\/sites\\\/20\\\/2022\\\/02\\\/Buy-Mogadon-Nitrazepam-5mg-pills.jpg\",\"datePublished\":\"2022-02-20T22:55:20+00:00\",\"dateModified\":\"2022-07-05T23:20:28+00:00\",\"description\":\"Compre Mogadon Nitrazepam 5mg comprimidos para venda no Reino Unido, Europa online. dificuldade para cochilar, despertares sucessivos ao longo da noite e despertar de manh\u00e3 cedo. Al\u00e9m disso, \u00e9 usado para supervisionar convuls\u00f5es miocl\u00f4nicas.\",\"breadcrumb\":{\"@id\":\"https:\\\/\\\/medicinasinc.com\\\/pt\\\/product\\\/comprar-mogadon-nitrazepam-5mg-pilulas\\\/#breadcrumb\"},\"inLanguage\":\"pt-PT\",\"potentialAction\":[{\"@type\":\"ReadAction\",\"target\":[\"https:\\\/\\\/medicinasinc.com\\\/pt\\\/product\\\/comprar-mogadon-nitrazepam-5mg-pilulas\\\/\"]}]},{\"@type\":\"ImageObject\",\"inLanguage\":\"pt-PT\",\"@id\":\"https:\\\/\\\/medicinasinc.com\\\/pt\\\/product\\\/comprar-mogadon-nitrazepam-5mg-pilulas\\\/#primaryimage\",\"url\":\"https:\\\/\\\/medicinasinc.com\\\/pt\\\/wp-content\\\/uploads\\\/sites\\\/20\\\/2022\\\/02\\\/Buy-Mogadon-Nitrazepam-5mg-pills.jpg\",\"contentUrl\":\"https:\\\/\\\/medicinasinc.com\\\/pt\\\/wp-content\\\/uploads\\\/sites\\\/20\\\/2022\\\/02\\\/Buy-Mogadon-Nitrazepam-5mg-pills.jpg\",\"width\":640,\"height\":480,\"caption\":\"Buy Mogadon Nitrazepam 5mg pills\"},{\"@type\":\"BreadcrumbList\",\"@id\":\"https:\\\/\\\/medicinasinc.com\\\/pt\\\/product\\\/comprar-mogadon-nitrazepam-5mg-pilulas\\\/#breadcrumb\",\"itemListElement\":[{\"@type\":\"ListItem\",\"position\":1,\"name\":\"Comprar\",\"item\":\"https:\\\/\\\/medicinasinc.com\\\/pt\\\/comprar\\\/\"},{\"@type\":\"ListItem\",\"position\":2,\"name\":\"Compre comprimidos de Mogadon Nitrazepam 5mg\"}]},{\"@type\":\"WebSite\",\"@id\":\"https:\\\/\\\/medicinasinc.com\\\/pt\\\/#website\",\"url\":\"https:\\\/\\\/medicinasinc.com\\\/pt\\\/\",\"name\":\"Medicinas Inc\",\"description\":\"Health Medical Clinic\",\"potentialAction\":[{\"@type\":\"SearchAction\",\"target\":{\"@type\":\"EntryPoint\",\"urlTemplate\":\"https:\\\/\\\/medicinasinc.com\\\/pt\\\/?s={search_term_string}\"},\"query-input\":{\"@type\":\"PropertyValueSpecification\",\"valueRequired\":true,\"valueName\":\"search_term_string\"}}],\"inLanguage\":\"pt-PT\"}]}<\/script>\n<!-- \/ Yoast SEO plugin. -->","yoast_head_json":{"title":"Compre comprimidos de Mogadon Nitrazepam 5mg - Best Global Meds","description":"Compre Mogadon Nitrazepam 5mg comprimidos para venda no Reino Unido, Europa online. dificuldade para cochilar, despertares sucessivos ao longo da noite e despertar de manh\u00e3 cedo. Al\u00e9m disso, \u00e9 usado para supervisionar convuls\u00f5es miocl\u00f4nicas.","robots":{"index":"index","follow":"follow","max-snippet":"max-snippet:-1","max-image-preview":"max-image-preview:large","max-video-preview":"max-video-preview:-1"},"canonical":"https:\/\/medicinasinc.com\/pt\/product\/comprar-mogadon-nitrazepam-5mg-pilulas\/","og_locale":"pt_PT","og_type":"article","og_title":"Compre comprimidos de Mogadon Nitrazepam 5mg - Best Global Meds","og_description":"Compre Mogadon Nitrazepam 5mg comprimidos para venda no Reino Unido, Europa online. dificuldade para cochilar, despertares sucessivos ao longo da noite e despertar de manh\u00e3 cedo. Al\u00e9m disso, \u00e9 usado para supervisionar convuls\u00f5es miocl\u00f4nicas.","og_url":"https:\/\/medicinasinc.com\/pt\/product\/comprar-mogadon-nitrazepam-5mg-pilulas\/","og_site_name":"Medicinas Inc","article_modified_time":"2022-07-05T23:20:28+00:00","og_image":[{"width":640,"height":480,"url":"https:\/\/medicinasinc.com\/pt\/wp-content\/uploads\/sites\/20\/2022\/02\/Buy-Mogadon-Nitrazepam-5mg-pills.jpg","type":"image\/jpeg"}],"twitter_card":"summary_large_image","twitter_misc":{"Tempo estimado de leitura":"1 minuto"},"schema":{"@context":"https:\/\/schema.org","@graph":[{"@type":"WebPage","@id":"https:\/\/medicinasinc.com\/pt\/product\/comprar-mogadon-nitrazepam-5mg-pilulas\/","url":"https:\/\/medicinasinc.com\/pt\/product\/comprar-mogadon-nitrazepam-5mg-pilulas\/","name":"Compre comprimidos de Mogadon Nitrazepam 5mg - Best Global Meds","isPartOf":{"@id":"https:\/\/medicinasinc.com\/pt\/#website"},"primaryImageOfPage":{"@id":"https:\/\/medicinasinc.com\/pt\/product\/comprar-mogadon-nitrazepam-5mg-pilulas\/#primaryimage"},"image":{"@id":"https:\/\/medicinasinc.com\/pt\/product\/comprar-mogadon-nitrazepam-5mg-pilulas\/#primaryimage"},"thumbnailUrl":"https:\/\/medicinasinc.com\/pt\/wp-content\/uploads\/sites\/20\/2022\/02\/Buy-Mogadon-Nitrazepam-5mg-pills.jpg","datePublished":"2022-02-20T22:55:20+00:00","dateModified":"2022-07-05T23:20:28+00:00","description":"Compre Mogadon Nitrazepam 5mg comprimidos para venda no Reino Unido, Europa online. dificuldade para cochilar, despertares sucessivos ao longo da noite e despertar de manh\u00e3 cedo. Al\u00e9m disso, \u00e9 usado para supervisionar convuls\u00f5es miocl\u00f4nicas.","breadcrumb":{"@id":"https:\/\/medicinasinc.com\/pt\/product\/comprar-mogadon-nitrazepam-5mg-pilulas\/#breadcrumb"},"inLanguage":"pt-PT","potentialAction":[{"@type":"ReadAction","target":["https:\/\/medicinasinc.com\/pt\/product\/comprar-mogadon-nitrazepam-5mg-pilulas\/"]}]},{"@type":"ImageObject","inLanguage":"pt-PT","@id":"https:\/\/medicinasinc.com\/pt\/product\/comprar-mogadon-nitrazepam-5mg-pilulas\/#primaryimage","url":"https:\/\/medicinasinc.com\/pt\/wp-content\/uploads\/sites\/20\/2022\/02\/Buy-Mogadon-Nitrazepam-5mg-pills.jpg","contentUrl":"https:\/\/medicinasinc.com\/pt\/wp-content\/uploads\/sites\/20\/2022\/02\/Buy-Mogadon-Nitrazepam-5mg-pills.jpg","width":640,"height":480,"caption":"Buy Mogadon Nitrazepam 5mg pills"},{"@type":"BreadcrumbList","@id":"https:\/\/medicinasinc.com\/pt\/product\/comprar-mogadon-nitrazepam-5mg-pilulas\/#breadcrumb","itemListElement":[{"@type":"ListItem","position":1,"name":"Comprar","item":"https:\/\/medicinasinc.com\/pt\/comprar\/"},{"@type":"ListItem","position":2,"name":"Compre comprimidos de Mogadon Nitrazepam 5mg"}]},{"@type":"WebSite","@id":"https:\/\/medicinasinc.com\/pt\/#website","url":"https:\/\/medicinasinc.com\/pt\/","name":"Medicinas Inc","description":"Health Medical Clinic","potentialAction":[{"@type":"SearchAction","target":{"@type":"EntryPoint","urlTemplate":"https:\/\/medicinasinc.com\/pt\/?s={search_term_string}"},"query-input":{"@type":"PropertyValueSpecification","valueRequired":true,"valueName":"search_term_string"}}],"inLanguage":"pt-PT"}]}},"_links":{"self":[{"href":"https:\/\/medicinasinc.com\/pt\/wp-json\/wp\/v2\/product\/5265","targetHints":{"allow":["GET"]}}],"collection":[{"href":"https:\/\/medicinasinc.com\/pt\/wp-json\/wp\/v2\/product"}],"about":[{"href":"https:\/\/medicinasinc.com\/pt\/wp-json\/wp\/v2\/types\/product"}],"replies":[{"embeddable":true,"href":"https:\/\/medicinasinc.com\/pt\/wp-json\/wp\/v2\/comments?post=5265"}],"wp:featuredmedia":[{"embeddable":true,"href":"https:\/\/medicinasinc.com\/pt\/wp-json\/wp\/v2\/media\/5995"}],"wp:attachment":[{"href":"https:\/\/medicinasinc.com\/pt\/wp-json\/wp\/v2\/media?parent=5265"}],"wp:term":[{"taxonomy":"product_brand","embeddable":true,"href":"https:\/\/medicinasinc.com\/pt\/wp-json\/wp\/v2\/product_brand?post=5265"},{"taxonomy":"product_cat","embeddable":true,"href":"https:\/\/medicinasinc.com\/pt\/wp-json\/wp\/v2\/product_cat?post=5265"},{"taxonomy":"product_tag","embeddable":true,"href":"https:\/\/medicinasinc.com\/pt\/wp-json\/wp\/v2\/product_tag?post=5265"}],"curies":[{"name":"wp","href":"https:\/\/api.w.org\/{rel}","templated":true}]}}