{"id":5264,"date":"2022-02-20T22:53:05","date_gmt":"2022-02-20T22:53:05","guid":{"rendered":"https:\/\/medicinasinc.com\/pt\/?post_type=product&#038;p=5264"},"modified":"2022-07-05T23:20:47","modified_gmt":"2022-07-05T23:20:47","slug":"comprar-motrin-ibuprofeno-600mg-pilulas","status":"publish","type":"product","link":"https:\/\/medicinasinc.com\/pt\/product\/comprar-motrin-ibuprofeno-600mg-pilulas\/","title":{"rendered":"Compre Motrin Ibuprofeno 600mg comprimidos"},"content":{"rendered":"<p>Motrin \u2013 comprimidos de 600mg de ibuprofeno podem ser comprados online.<br \/> Os comprimidos de 600mg de ibuprofeno podem ser comprados online.<\/p>\n<p>O ibuprofeno 600mg est\u00e1 dispon\u00edvel em comprimido. \u00c9 um membro da classe de medicamentos conhecidos como AINEs \u2013 Anti-inflamat\u00f3rios N\u00e3o Esteroides. \u00c9 usado para tratar osteoartrite, artrite reumat\u00f3ide, artrite espinhal, articula\u00e7\u00f5es inchadas, ombro congelado, bursite, tendinite, tenossinovite, desconforto na regi\u00e3o lombar e entorses e distens\u00f5es.<\/p>\n<p>Os comprimidos de ibuprofeno 600mg devem ser mantidos fora do alcance das crian\u00e7as. vis\u00e3o e alcance. Deve ser armazenado em sua embalagem original e mantido a uma temperatura n\u00e3o superior a 25 graus Celsius.<\/p>\n","protected":false},"excerpt":{"rendered":"<div class=\"woocommerce-product-details__short-description\">\n<p>Motrin \u2013 p\u00edlulas de ibuprofeno 600mg podem ser compradas online. Compre Ibuprofeno Online a custos extremamente baixos. Pedidos por atacado qualificam-se para frete gr\u00e1tis. Se voc\u00ea procura comprar medicamentos prescritos on-line sem receita m\u00e9dica, sua pesquisa est\u00e1 conclu\u00edda.<\/p>\n<p>O ibuprofeno 600mg est\u00e1 dispon\u00edvel em forma de comprimido. \u00c9 um membro da classe de medicamentos conhecidos como AINEs &#8211; Medicamentos anti-inflamat\u00f3rios n\u00e3o ester\u00f3ides.<\/p>\n<p>Ibuprofeno 600 mg comprimidos, ibuprofeno 600 mg de prescri\u00e7\u00e3o, ibuprofeno 600 mg sem receita, ibuprofeno 600 mg dosagem para adultos, ibuprofeno 600 mg custo por comprimido, ibuprofeno 600 mg botas, motrin 600 mg, 600 mg de ibuprofeno sem receita uk<\/p>\n<\/p><\/div>\n","protected":false},"featured_media":5282,"comment_status":"open","ping_status":"closed","template":"","meta":[],"product_brand":[],"product_cat":[1117],"product_tag":[1571,1572,1573,1574,1575,1584,1583,1589,1577,1578,1580,1581,1585,1621,1599,1601,1607,1604,1603,1605,1606,1608,1609,1587,1582,1588,1593,1594,1595,1586,1590,1592,1591,1600,1602,1597,1596,1598,1612,1611,1613,1614,1579,1610,1622,1616,1617,1615,1576,1618,1620,1619,1623,1624,1625,1626,1627,1628],"class_list":{"0":"post-5264","1":"product","2":"type-product","3":"status-publish","4":"has-post-thumbnail","6":"product_cat-compre-pilulas-para-dor-sono-e-sexo","7":"product_tag-600-mg-ibuprofeno-de-venda-livre-uk","8":"product_tag-advil-motrin-ibuprofen","9":"product_tag-are-ibuprofen-and-motrin-the-same","10":"product_tag-are-ibuprofen-and-motrin-the-same-thing","11":"product_tag-are-motrin-and-ibuprofen-the-same","12":"product_tag-botas-de-ibuprofeno-600-mg","13":"product_tag-ibuprofeno-200mg-comprimidos","14":"product_tag-ibuprofeno-600mg-comprimidos","15":"product_tag-diferena-entre-ibuprofeno-e-motrin","16":"product_tag-diferena-entre-motrin-e-ibuprofeno","17":"product_tag-does-motrin-have-ibuprofen","18":"product_tag-does-motrin-have-ibuprofen-in-it","19":"product_tag-ibuprofeno-600-mg-dosagem-para-adultos","20":"product_tag-dosagem-de-motrin-ibuprofeno","21":"product_tag--ibuprofeno-e-motrin-o-mesmo","22":"product_tag-is-ibuprofeno-motrin","23":"product_tag--motrin-like-ibuprofeno","24":"product_tag--motrin-e-ibuprofeno-a-mesma-coisa","25":"product_tag--motrin-e-ibuprofeno-o-mesmo","26":"product_tag--motrin-ibuprofeno","27":"product_tag--motrin-ibuprofeno-ou-acetaminofeno","28":"product_tag--motrin-mesmo-que-ibuprofeno","29":"product_tag--motrin-o-mesmo-que-ibuprofeno","30":"product_tag-ibuprofeno-600-mg-prescrio-fora","31":"product_tag-how-much-ibuprofen-in-motrin","32":"product_tag-ibuprofen-600-mg-price-per-pill","33":"product_tag-ibuprofen-motrin","34":"product_tag-ibuprofen-motrin-600-mg","35":"product_tag-ibuprofen-motrin-800-mg","36":"product_tag-ibuprofeno-600-mg-de-venda-livre","37":"product_tag-ibuprofeno-advil-motrin","38":"product_tag-ibuprofeno-is-motrin","39":"product_tag-ibuprofeno-e-motrin","40":"product_tag--ibuprofeno-e-motrin-a-mesma-coisa","41":"product_tag--ibuprofeno-o-mesmo-que-motrin","42":"product_tag-ibuprofeno-mesmo-como-motrin","43":"product_tag-ibuprofeno-motrin-800mg","44":"product_tag-ibuprofeno-vs-motrin","45":"product_tag-motrin-600-mg-vs-ibuprofeno","46":"product_tag-motrin-600-mg","47":"product_tag-motrin-800-vs-ibuprofeno","48":"product_tag-motrin-and-ibuprofen","49":"product_tag-no-motrin-contm-ibuprofeno","50":"product_tag--motrin-a-mesma-coisa-que-ibuprofeno","51":"product_tag-motrin-is-ibuprofeno","52":"product_tag-motrin-e-ibuprofeno-a-mesma-coisa","53":"product_tag-motrin-e-ibuprofeno-juntos","54":"product_tag-motrin-e-ibuprofeno-o-mesmo","55":"product_tag-so-motrin-e-ibuprofeno-a-mesma-coisa","56":"product_tag-motrin-ib","57":"product_tag-motrin-ibuprofen-200-mg","58":"product_tag-motrin-ibuprofeno","59":"product_tag-motrin-o-mesmo-que-ibuprofeno","60":"product_tag-motrin-versus-ibuprofeno","61":"product_tag-motrin-vs-advil-vs-ibuprofeno","62":"product_tag-motrin-vs-ibuprofeno","63":"product_tag-qual--a-diferena-entre-ibuprofeno-e-motrin","64":"product_tag-qual--a-diferena-entre-motrin-e-ibuprofeno","66":"first","67":"instock","68":"shipping-taxable","69":"purchasable","70":"product-type-variable","71":"has-default-attributes"},"yoast_head":"<!-- This site is optimized with the Yoast SEO plugin v27.3 - https:\/\/yoast.com\/product\/yoast-seo-wordpress\/ -->\n<title>Compre Motrin Ibuprofeno 600 mg comprimidos - Best Best Global Meds<\/title>\n<meta name=\"description\" content=\"Compre Motrin Ibuprofeno 600 mg comprimidos online. Compre Ibuprofeno 600mg Online a pre\u00e7os muito baratos. Frete gr\u00e1tis em pedidos no atacado. Se voc\u00ea est\u00e1 procurando comprar medicamentos on-line sem receita m\u00e9dica, sua busca acabou.\" \/>\n<meta name=\"robots\" content=\"index, follow, max-snippet:-1, max-image-preview:large, max-video-preview:-1\" \/>\n<link rel=\"canonical\" href=\"https:\/\/medicinasinc.com\/pt\/product\/comprar-motrin-ibuprofeno-600mg-pilulas\/\" \/>\n<meta property=\"og:locale\" content=\"pt_PT\" \/>\n<meta property=\"og:type\" content=\"article\" \/>\n<meta property=\"og:title\" content=\"Compre Motrin Ibuprofeno 600 mg comprimidos - Best Best Global Meds\" \/>\n<meta property=\"og:description\" content=\"Compre Motrin Ibuprofeno 600 mg comprimidos online. Compre Ibuprofeno 600mg Online a pre\u00e7os muito baratos. Frete gr\u00e1tis em pedidos no atacado. Se voc\u00ea est\u00e1 procurando comprar medicamentos on-line sem receita m\u00e9dica, sua busca acabou.\" \/>\n<meta property=\"og:url\" content=\"https:\/\/medicinasinc.com\/pt\/product\/comprar-motrin-ibuprofeno-600mg-pilulas\/\" \/>\n<meta property=\"og:site_name\" content=\"Medicinas Inc\" \/>\n<meta property=\"article:modified_time\" content=\"2022-07-05T23:20:47+00:00\" \/>\n<meta property=\"og:image\" content=\"https:\/\/medicinasinc.com\/pt\/wp-content\/uploads\/sites\/20\/2022\/02\/Buy-Motrin-Ibuprofen-600mg.jpg\" \/>\n\t<meta property=\"og:image:width\" content=\"1200\" \/>\n\t<meta property=\"og:image:height\" content=\"1200\" \/>\n\t<meta property=\"og:image:type\" content=\"image\/jpeg\" \/>\n<meta name=\"twitter:card\" content=\"summary_large_image\" \/>\n<meta name=\"twitter:label1\" content=\"Tempo estimado de leitura\" \/>\n\t<meta name=\"twitter:data1\" content=\"1 minuto\" \/>\n<script type=\"application\/ld+json\" class=\"yoast-schema-graph\">{\"@context\":\"https:\\\/\\\/schema.org\",\"@graph\":[{\"@type\":\"WebPage\",\"@id\":\"https:\\\/\\\/medicinasinc.com\\\/pt\\\/product\\\/comprar-motrin-ibuprofeno-600mg-pilulas\\\/\",\"url\":\"https:\\\/\\\/medicinasinc.com\\\/pt\\\/product\\\/comprar-motrin-ibuprofeno-600mg-pilulas\\\/\",\"name\":\"Compre Motrin Ibuprofeno 600 mg comprimidos - Best Best Global Meds\",\"isPartOf\":{\"@id\":\"https:\\\/\\\/medicinasinc.com\\\/pt\\\/#website\"},\"primaryImageOfPage\":{\"@id\":\"https:\\\/\\\/medicinasinc.com\\\/pt\\\/product\\\/comprar-motrin-ibuprofeno-600mg-pilulas\\\/#primaryimage\"},\"image\":{\"@id\":\"https:\\\/\\\/medicinasinc.com\\\/pt\\\/product\\\/comprar-motrin-ibuprofeno-600mg-pilulas\\\/#primaryimage\"},\"thumbnailUrl\":\"https:\\\/\\\/medicinasinc.com\\\/pt\\\/wp-content\\\/uploads\\\/sites\\\/20\\\/2022\\\/02\\\/Buy-Motrin-Ibuprofen-600mg.jpg\",\"datePublished\":\"2022-02-20T22:53:05+00:00\",\"dateModified\":\"2022-07-05T23:20:47+00:00\",\"description\":\"Compre Motrin Ibuprofeno 600 mg comprimidos online. Compre Ibuprofeno 600mg Online a pre\u00e7os muito baratos. Frete gr\u00e1tis em pedidos no atacado. Se voc\u00ea est\u00e1 procurando comprar medicamentos on-line sem receita m\u00e9dica, sua busca acabou.\",\"breadcrumb\":{\"@id\":\"https:\\\/\\\/medicinasinc.com\\\/pt\\\/product\\\/comprar-motrin-ibuprofeno-600mg-pilulas\\\/#breadcrumb\"},\"inLanguage\":\"pt-PT\",\"potentialAction\":[{\"@type\":\"ReadAction\",\"target\":[\"https:\\\/\\\/medicinasinc.com\\\/pt\\\/product\\\/comprar-motrin-ibuprofeno-600mg-pilulas\\\/\"]}]},{\"@type\":\"ImageObject\",\"inLanguage\":\"pt-PT\",\"@id\":\"https:\\\/\\\/medicinasinc.com\\\/pt\\\/product\\\/comprar-motrin-ibuprofeno-600mg-pilulas\\\/#primaryimage\",\"url\":\"https:\\\/\\\/medicinasinc.com\\\/pt\\\/wp-content\\\/uploads\\\/sites\\\/20\\\/2022\\\/02\\\/Buy-Motrin-Ibuprofen-600mg.jpg\",\"contentUrl\":\"https:\\\/\\\/medicinasinc.com\\\/pt\\\/wp-content\\\/uploads\\\/sites\\\/20\\\/2022\\\/02\\\/Buy-Motrin-Ibuprofen-600mg.jpg\",\"width\":1200,\"height\":1200},{\"@type\":\"BreadcrumbList\",\"@id\":\"https:\\\/\\\/medicinasinc.com\\\/pt\\\/product\\\/comprar-motrin-ibuprofeno-600mg-pilulas\\\/#breadcrumb\",\"itemListElement\":[{\"@type\":\"ListItem\",\"position\":1,\"name\":\"Comprar\",\"item\":\"https:\\\/\\\/medicinasinc.com\\\/pt\\\/comprar\\\/\"},{\"@type\":\"ListItem\",\"position\":2,\"name\":\"Compre Motrin Ibuprofeno 600mg comprimidos\"}]},{\"@type\":\"WebSite\",\"@id\":\"https:\\\/\\\/medicinasinc.com\\\/pt\\\/#website\",\"url\":\"https:\\\/\\\/medicinasinc.com\\\/pt\\\/\",\"name\":\"Medicinas Inc\",\"description\":\"Health Medical Clinic\",\"potentialAction\":[{\"@type\":\"SearchAction\",\"target\":{\"@type\":\"EntryPoint\",\"urlTemplate\":\"https:\\\/\\\/medicinasinc.com\\\/pt\\\/?s={search_term_string}\"},\"query-input\":{\"@type\":\"PropertyValueSpecification\",\"valueRequired\":true,\"valueName\":\"search_term_string\"}}],\"inLanguage\":\"pt-PT\"}]}<\/script>\n<!-- \/ Yoast SEO plugin. -->","yoast_head_json":{"title":"Compre Motrin Ibuprofeno 600 mg comprimidos - Best Best Global Meds","description":"Compre Motrin Ibuprofeno 600 mg comprimidos online. Compre Ibuprofeno 600mg Online a pre\u00e7os muito baratos. Frete gr\u00e1tis em pedidos no atacado. Se voc\u00ea est\u00e1 procurando comprar medicamentos on-line sem receita m\u00e9dica, sua busca acabou.","robots":{"index":"index","follow":"follow","max-snippet":"max-snippet:-1","max-image-preview":"max-image-preview:large","max-video-preview":"max-video-preview:-1"},"canonical":"https:\/\/medicinasinc.com\/pt\/product\/comprar-motrin-ibuprofeno-600mg-pilulas\/","og_locale":"pt_PT","og_type":"article","og_title":"Compre Motrin Ibuprofeno 600 mg comprimidos - Best Best Global Meds","og_description":"Compre Motrin Ibuprofeno 600 mg comprimidos online. Compre Ibuprofeno 600mg Online a pre\u00e7os muito baratos. Frete gr\u00e1tis em pedidos no atacado. Se voc\u00ea est\u00e1 procurando comprar medicamentos on-line sem receita m\u00e9dica, sua busca acabou.","og_url":"https:\/\/medicinasinc.com\/pt\/product\/comprar-motrin-ibuprofeno-600mg-pilulas\/","og_site_name":"Medicinas Inc","article_modified_time":"2022-07-05T23:20:47+00:00","og_image":[{"width":1200,"height":1200,"url":"https:\/\/medicinasinc.com\/pt\/wp-content\/uploads\/sites\/20\/2022\/02\/Buy-Motrin-Ibuprofen-600mg.jpg","type":"image\/jpeg"}],"twitter_card":"summary_large_image","twitter_misc":{"Tempo estimado de leitura":"1 minuto"},"schema":{"@context":"https:\/\/schema.org","@graph":[{"@type":"WebPage","@id":"https:\/\/medicinasinc.com\/pt\/product\/comprar-motrin-ibuprofeno-600mg-pilulas\/","url":"https:\/\/medicinasinc.com\/pt\/product\/comprar-motrin-ibuprofeno-600mg-pilulas\/","name":"Compre Motrin Ibuprofeno 600 mg comprimidos - Best Best Global Meds","isPartOf":{"@id":"https:\/\/medicinasinc.com\/pt\/#website"},"primaryImageOfPage":{"@id":"https:\/\/medicinasinc.com\/pt\/product\/comprar-motrin-ibuprofeno-600mg-pilulas\/#primaryimage"},"image":{"@id":"https:\/\/medicinasinc.com\/pt\/product\/comprar-motrin-ibuprofeno-600mg-pilulas\/#primaryimage"},"thumbnailUrl":"https:\/\/medicinasinc.com\/pt\/wp-content\/uploads\/sites\/20\/2022\/02\/Buy-Motrin-Ibuprofen-600mg.jpg","datePublished":"2022-02-20T22:53:05+00:00","dateModified":"2022-07-05T23:20:47+00:00","description":"Compre Motrin Ibuprofeno 600 mg comprimidos online. Compre Ibuprofeno 600mg Online a pre\u00e7os muito baratos. Frete gr\u00e1tis em pedidos no atacado. Se voc\u00ea est\u00e1 procurando comprar medicamentos on-line sem receita m\u00e9dica, sua busca acabou.","breadcrumb":{"@id":"https:\/\/medicinasinc.com\/pt\/product\/comprar-motrin-ibuprofeno-600mg-pilulas\/#breadcrumb"},"inLanguage":"pt-PT","potentialAction":[{"@type":"ReadAction","target":["https:\/\/medicinasinc.com\/pt\/product\/comprar-motrin-ibuprofeno-600mg-pilulas\/"]}]},{"@type":"ImageObject","inLanguage":"pt-PT","@id":"https:\/\/medicinasinc.com\/pt\/product\/comprar-motrin-ibuprofeno-600mg-pilulas\/#primaryimage","url":"https:\/\/medicinasinc.com\/pt\/wp-content\/uploads\/sites\/20\/2022\/02\/Buy-Motrin-Ibuprofen-600mg.jpg","contentUrl":"https:\/\/medicinasinc.com\/pt\/wp-content\/uploads\/sites\/20\/2022\/02\/Buy-Motrin-Ibuprofen-600mg.jpg","width":1200,"height":1200},{"@type":"BreadcrumbList","@id":"https:\/\/medicinasinc.com\/pt\/product\/comprar-motrin-ibuprofeno-600mg-pilulas\/#breadcrumb","itemListElement":[{"@type":"ListItem","position":1,"name":"Comprar","item":"https:\/\/medicinasinc.com\/pt\/comprar\/"},{"@type":"ListItem","position":2,"name":"Compre Motrin Ibuprofeno 600mg comprimidos"}]},{"@type":"WebSite","@id":"https:\/\/medicinasinc.com\/pt\/#website","url":"https:\/\/medicinasinc.com\/pt\/","name":"Medicinas Inc","description":"Health Medical Clinic","potentialAction":[{"@type":"SearchAction","target":{"@type":"EntryPoint","urlTemplate":"https:\/\/medicinasinc.com\/pt\/?s={search_term_string}"},"query-input":{"@type":"PropertyValueSpecification","valueRequired":true,"valueName":"search_term_string"}}],"inLanguage":"pt-PT"}]}},"_links":{"self":[{"href":"https:\/\/medicinasinc.com\/pt\/wp-json\/wp\/v2\/product\/5264","targetHints":{"allow":["GET"]}}],"collection":[{"href":"https:\/\/medicinasinc.com\/pt\/wp-json\/wp\/v2\/product"}],"about":[{"href":"https:\/\/medicinasinc.com\/pt\/wp-json\/wp\/v2\/types\/product"}],"replies":[{"embeddable":true,"href":"https:\/\/medicinasinc.com\/pt\/wp-json\/wp\/v2\/comments?post=5264"}],"wp:featuredmedia":[{"embeddable":true,"href":"https:\/\/medicinasinc.com\/pt\/wp-json\/wp\/v2\/media\/5282"}],"wp:attachment":[{"href":"https:\/\/medicinasinc.com\/pt\/wp-json\/wp\/v2\/media?parent=5264"}],"wp:term":[{"taxonomy":"product_brand","embeddable":true,"href":"https:\/\/medicinasinc.com\/pt\/wp-json\/wp\/v2\/product_brand?post=5264"},{"taxonomy":"product_cat","embeddable":true,"href":"https:\/\/medicinasinc.com\/pt\/wp-json\/wp\/v2\/product_cat?post=5264"},{"taxonomy":"product_tag","embeddable":true,"href":"https:\/\/medicinasinc.com\/pt\/wp-json\/wp\/v2\/product_tag?post=5264"}],"curies":[{"name":"wp","href":"https:\/\/api.w.org\/{rel}","templated":true}]}}