{"id":5262,"date":"2022-02-20T22:49:49","date_gmt":"2022-02-20T22:49:49","guid":{"rendered":"https:\/\/medicinasinc.com\/pt\/?post_type=product&#038;p=5262"},"modified":"2022-07-05T23:21:14","modified_gmt":"2022-07-05T23:21:14","slug":"comprar-onax-2mg-alprazolam","status":"publish","type":"product","link":"https:\/\/medicinasinc.com\/pt\/product\/comprar-onax-2mg-alprazolam\/","title":{"rendered":"Compre Onax 2mg Alprazolam"},"content":{"rendered":"<p>Compre onax 2mg comprimidos de Alprazolam online | Compre Onax online | Compre barras Onax<\/p>\n<p>O que \u00e9 Onax? Onax Compra Online<\/p>\n<p>As barras Onax 2mg (Alprazolam) s\u00e3o bem conhecidas por seu efeito sedativo. \u00c9 usado para tratar a priva\u00e7\u00e3o do sono a qualquer hora do dia ou da noite. Xanax XR \u00e9 um benzodiazep\u00ednico usado para tratar ansiedade, transtorno do p\u00e2nico e depress\u00e3o. Se voc\u00ea est\u00e1 comprando barras Onax 2mg de n\u00f3s, certifique-se de que voc\u00ea realmente precisa delas e que Onax \u00e9 sugerido por um m\u00e9dico. PandaPharmacy.com n\u00e3o \u00e9 respons\u00e1vel por quaisquer danos ou efeitos adversos causados \u200b\u200bpor Xanax 3mg.<\/p>\n<p>O abuso do medicamento pode resultar em um grau limitado de depend\u00eancia f\u00edsica ou psicol\u00f3gica em compara\u00e7\u00e3o com os medicamentos do esquema 3. Voc\u00ea pode obter barras Onax 2mg online conosco, independentemente do m\u00e9todo de pagamento. Tamb\u00e9m aceitamos PayPal. Al\u00e9m do PayPal, ordens de pagamento podem ser usadas para comprar barras Onax 2mg. Por favor, tenha em mente que esta droga \u00e9 extremamente prejudicial e pode levar ao v\u00edcio. Nosso Onax seria de grau superior. Por favor, leia nosso &#8220;&#8221; para obter a maioria das solu\u00e7\u00f5es para as perguntas que surgiram em sua cabe\u00e7a.<\/p>\n<p>O que \u00e9 Onax? Onax Compra Online<\/p>\n<p>As barras Onax 2mg (Alprazolam) s\u00e3o bem conhecidas por suas propriedades sedativas. \u00c9 usado para tratar a priva\u00e7\u00e3o do sono a qualquer hora do dia ou da noite. Xanax XR \u00e9 um benzodiazep\u00ednico usado para tratar ansiedade, transtorno do p\u00e2nico e depress\u00e3o. Se voc\u00ea est\u00e1 comprando Onax 2mg barras de n\u00f3s, certifique-se de que voc\u00ea realmente precisa deles e que Onax \u00e9 aprovado pelo seu m\u00e9dico. A PandaPharmacy.com n\u00e3o se responsabiliza por quaisquer danos ou efeitos adversos causados \u200b\u200bpelo Xanax 3mg.<\/p>\n<p>O abuso do medicamento pode resultar em um grau limitado de depend\u00eancia f\u00edsica ou psicol\u00f3gica em compara\u00e7\u00e3o com os medicamentos do esquema 3.<\/p>\n<p>Voc\u00ea pode obter barras Onax 2mg online conosco, independentemente do m\u00e9todo de pagamento. Tamb\u00e9m aceitamos PayPal. Al\u00e9m do PayPal, ordens de pagamento podem ser usadas para comprar barras Onax 2mg. Por favor, tenha em mente que esta droga \u00e9 extremamente prejudicial e pode levar ao v\u00edcio. Nosso Onax seria de grau superior. Por favor, leia nosso &#8221; para obter respostas para a maioria dos problemas que surgiram em seus pensamentos. Encomende<\/p>\n","protected":false},"excerpt":{"rendered":"<p>Compra online de comprimidos Onax 2mg Alprazolam. O alprazolam \u00e9 usado para tratar a ansiedade, o frenesi e o mal-estar associado \u00e0 mis\u00e9ria. Compra online de comprimidos Onax 2mg Alprazolam&#8221;. Alprazolam 2mg Onax<\/p>\n<p>Onax 2mg barras\/comprimidos para comprar<\/p>\n<p>Onax (Alprazolam) \u00e9 usado para tratar ansiedade, ataques de p\u00e2nico, ins\u00f4nia (dificuldade para dormir) e ansiedade associada \u00e0 depress\u00e3o.<\/p>\n<p>Voc\u00ea pode comprar Onax 2mg online conosco; nossas p\u00edlulas Onax 2mg s\u00e3o da mais alta qualidade. Onax 2mg \u00e9 o nome oficial do medicamento. Esses comprimidos ser\u00e3o enviados de forma discreta.<\/p>\n<p>Compre Onax 2mg barras (Alprazolam), que \u00e9 conhecido por seu efeito sedativo. \u00c9 usado para combater a priva\u00e7\u00e3o do sono a qualquer hora do dia ou da noite.<\/p>\n","protected":false},"featured_media":5278,"comment_status":"open","ping_status":"closed","template":"","meta":[],"product_brand":[],"product_cat":[1117],"product_tag":[1520,1557,1534,1538,1537,1535,1539,1553,1549,1521,1522,1523,1524,1541,1548,1531,1525,1526,1527,1528,1529,1532,1530,1533,1536,1540,1542,1543,1544,1545,1547,1550,1552,1551,1558,1559,1546,1554,1560,1555,1556,1561,1562],"class_list":{"0":"post-5262","1":"product","2":"type-product","3":"status-publish","4":"has-post-thumbnail","6":"product_cat-compre-pilulas-para-dor-sono-e-sexo","7":"product_tag-so-onax-barras-bom","8":"product_tag-barra-branca-plula-onax","9":"product_tag-onax-2mg-bar","10":"product_tag-onax-bars-3mg","11":"product_tag-barras-de-onax","12":"product_tag-onax-2mg-barras","13":"product_tag-onax-barras-para-venda","14":"product_tag-onax-xanax-barras","15":"product_tag-onax-vlack-kitchenaid-mixer","16":"product_tag-buy-onax","17":"product_tag-buy-onax-2mg","18":"product_tag-compre-onax-online","19":"product_tag-dj-onax","20":"product_tag-dor-de-cabea-onax","21":"product_tag-esttuas-onax","22":"product_tag-identificador-de-onax-2-plula","23":"product_tag-long-white-pill-onax","24":"product_tag-oceano-farmacuticos-onax","25":"product_tag-onax","26":"product_tag-onax-2","27":"product_tag-onax-2-bars","28":"product_tag-onax-2-plula-branca","29":"product_tag-onax-2-plula-id","30":"product_tag-onax-2mg","31":"product_tag-solues-onax-ag-it","32":"product_tag-onax-dr-germantown","33":"product_tag-onax-llc","34":"product_tag-onax-orv-park-mojave-ca-fotos","35":"product_tag-onax-pc-ames","36":"product_tag-onax-pex","37":"product_tag-onax-punta-cana","38":"product_tag-onax-vs-xanax","39":"product_tag-onax-xanax","40":"product_tag-onax-white-plula","41":"product_tag-plula-branca-onax","42":"product_tag-white-pill-onax-2","43":"product_tag-p-c3-sobre-onax","44":"product_tag-p-c3-excede-onax-2","45":"product_tag-branco-retngulo-plula-onax-2","46":"product_tag-reddit-onax","47":"product_tag-reddit-onax-for-your-nose","48":"product_tag-xanax-2mg-onax","49":"product_tag-xanax-bars-onax","51":"first","52":"instock","53":"shipping-taxable","54":"purchasable","55":"product-type-variable","56":"has-default-attributes"},"yoast_head":"<!-- This site is optimized with the Yoast SEO plugin v27.3 - https:\/\/yoast.com\/product\/yoast-seo-wordpress\/ -->\n<title>Compre comprimidos Onax 2mg Alprazolam - Best Best Global Meds<\/title>\n<meta name=\"description\" content=\"comprar barras\/comprimidos onax 2mg:\u00a0Onax\u00a0(Alprazolam) trata ansiedade, transtorno do p\u00e2nico, ins\u00f4nia (dificuldades para dormir) e ansiedade causada pela depress\u00e3o.\" \/>\n<meta name=\"robots\" content=\"index, follow, max-snippet:-1, max-image-preview:large, max-video-preview:-1\" \/>\n<link rel=\"canonical\" href=\"https:\/\/medicinasinc.com\/pt\/product\/comprar-onax-2mg-alprazolam\/\" \/>\n<meta property=\"og:locale\" content=\"pt_PT\" \/>\n<meta property=\"og:type\" content=\"article\" \/>\n<meta property=\"og:title\" content=\"Compre comprimidos Onax 2mg Alprazolam - Best Best Global Meds\" \/>\n<meta property=\"og:description\" content=\"comprar barras\/comprimidos onax 2mg:\u00a0Onax\u00a0(Alprazolam) trata ansiedade, transtorno do p\u00e2nico, ins\u00f4nia (dificuldades para dormir) e ansiedade causada pela depress\u00e3o.\" \/>\n<meta property=\"og:url\" content=\"https:\/\/medicinasinc.com\/pt\/product\/comprar-onax-2mg-alprazolam\/\" \/>\n<meta property=\"og:site_name\" content=\"Medicinas Inc\" \/>\n<meta property=\"article:modified_time\" content=\"2022-07-05T23:21:14+00:00\" \/>\n<meta property=\"og:image\" content=\"https:\/\/medicinasinc.com\/pt\/wp-content\/uploads\/sites\/20\/2022\/02\/Buy-Onax-2mg.jpg\" \/>\n\t<meta property=\"og:image:width\" content=\"400\" \/>\n\t<meta property=\"og:image:height\" content=\"300\" \/>\n\t<meta property=\"og:image:type\" content=\"image\/jpeg\" \/>\n<meta name=\"twitter:card\" content=\"summary_large_image\" \/>\n<meta name=\"twitter:label1\" content=\"Tempo estimado de leitura\" \/>\n\t<meta name=\"twitter:data1\" content=\"2 minutos\" \/>\n<script type=\"application\/ld+json\" class=\"yoast-schema-graph\">{\"@context\":\"https:\\\/\\\/schema.org\",\"@graph\":[{\"@type\":\"WebPage\",\"@id\":\"https:\\\/\\\/medicinasinc.com\\\/pt\\\/product\\\/comprar-onax-2mg-alprazolam\\\/\",\"url\":\"https:\\\/\\\/medicinasinc.com\\\/pt\\\/product\\\/comprar-onax-2mg-alprazolam\\\/\",\"name\":\"Compre comprimidos Onax 2mg Alprazolam - Best Best Global Meds\",\"isPartOf\":{\"@id\":\"https:\\\/\\\/medicinasinc.com\\\/pt\\\/#website\"},\"primaryImageOfPage\":{\"@id\":\"https:\\\/\\\/medicinasinc.com\\\/pt\\\/product\\\/comprar-onax-2mg-alprazolam\\\/#primaryimage\"},\"image\":{\"@id\":\"https:\\\/\\\/medicinasinc.com\\\/pt\\\/product\\\/comprar-onax-2mg-alprazolam\\\/#primaryimage\"},\"thumbnailUrl\":\"https:\\\/\\\/medicinasinc.com\\\/pt\\\/wp-content\\\/uploads\\\/sites\\\/20\\\/2022\\\/02\\\/Buy-Onax-2mg.jpg\",\"datePublished\":\"2022-02-20T22:49:49+00:00\",\"dateModified\":\"2022-07-05T23:21:14+00:00\",\"description\":\"comprar barras\\\/comprimidos onax 2mg:\u00a0Onax\u00a0(Alprazolam) trata ansiedade, transtorno do p\u00e2nico, ins\u00f4nia (dificuldades para dormir) e ansiedade causada pela depress\u00e3o.\",\"breadcrumb\":{\"@id\":\"https:\\\/\\\/medicinasinc.com\\\/pt\\\/product\\\/comprar-onax-2mg-alprazolam\\\/#breadcrumb\"},\"inLanguage\":\"pt-PT\",\"potentialAction\":[{\"@type\":\"ReadAction\",\"target\":[\"https:\\\/\\\/medicinasinc.com\\\/pt\\\/product\\\/comprar-onax-2mg-alprazolam\\\/\"]}]},{\"@type\":\"ImageObject\",\"inLanguage\":\"pt-PT\",\"@id\":\"https:\\\/\\\/medicinasinc.com\\\/pt\\\/product\\\/comprar-onax-2mg-alprazolam\\\/#primaryimage\",\"url\":\"https:\\\/\\\/medicinasinc.com\\\/pt\\\/wp-content\\\/uploads\\\/sites\\\/20\\\/2022\\\/02\\\/Buy-Onax-2mg.jpg\",\"contentUrl\":\"https:\\\/\\\/medicinasinc.com\\\/pt\\\/wp-content\\\/uploads\\\/sites\\\/20\\\/2022\\\/02\\\/Buy-Onax-2mg.jpg\",\"width\":400,\"height\":300},{\"@type\":\"BreadcrumbList\",\"@id\":\"https:\\\/\\\/medicinasinc.com\\\/pt\\\/product\\\/comprar-onax-2mg-alprazolam\\\/#breadcrumb\",\"itemListElement\":[{\"@type\":\"ListItem\",\"position\":1,\"name\":\"Comprar\",\"item\":\"https:\\\/\\\/medicinasinc.com\\\/pt\\\/comprar\\\/\"},{\"@type\":\"ListItem\",\"position\":2,\"name\":\"Compre Onax 2mg Alprazolam\"}]},{\"@type\":\"WebSite\",\"@id\":\"https:\\\/\\\/medicinasinc.com\\\/pt\\\/#website\",\"url\":\"https:\\\/\\\/medicinasinc.com\\\/pt\\\/\",\"name\":\"Medicinas Inc\",\"description\":\"Health Medical Clinic\",\"potentialAction\":[{\"@type\":\"SearchAction\",\"target\":{\"@type\":\"EntryPoint\",\"urlTemplate\":\"https:\\\/\\\/medicinasinc.com\\\/pt\\\/?s={search_term_string}\"},\"query-input\":{\"@type\":\"PropertyValueSpecification\",\"valueRequired\":true,\"valueName\":\"search_term_string\"}}],\"inLanguage\":\"pt-PT\"}]}<\/script>\n<!-- \/ Yoast SEO plugin. -->","yoast_head_json":{"title":"Compre comprimidos Onax 2mg Alprazolam - Best Best Global Meds","description":"comprar barras\/comprimidos onax 2mg:\u00a0Onax\u00a0(Alprazolam) trata ansiedade, transtorno do p\u00e2nico, ins\u00f4nia (dificuldades para dormir) e ansiedade causada pela depress\u00e3o.","robots":{"index":"index","follow":"follow","max-snippet":"max-snippet:-1","max-image-preview":"max-image-preview:large","max-video-preview":"max-video-preview:-1"},"canonical":"https:\/\/medicinasinc.com\/pt\/product\/comprar-onax-2mg-alprazolam\/","og_locale":"pt_PT","og_type":"article","og_title":"Compre comprimidos Onax 2mg Alprazolam - Best Best Global Meds","og_description":"comprar barras\/comprimidos onax 2mg:\u00a0Onax\u00a0(Alprazolam) trata ansiedade, transtorno do p\u00e2nico, ins\u00f4nia (dificuldades para dormir) e ansiedade causada pela depress\u00e3o.","og_url":"https:\/\/medicinasinc.com\/pt\/product\/comprar-onax-2mg-alprazolam\/","og_site_name":"Medicinas Inc","article_modified_time":"2022-07-05T23:21:14+00:00","og_image":[{"width":400,"height":300,"url":"https:\/\/medicinasinc.com\/pt\/wp-content\/uploads\/sites\/20\/2022\/02\/Buy-Onax-2mg.jpg","type":"image\/jpeg"}],"twitter_card":"summary_large_image","twitter_misc":{"Tempo estimado de leitura":"2 minutos"},"schema":{"@context":"https:\/\/schema.org","@graph":[{"@type":"WebPage","@id":"https:\/\/medicinasinc.com\/pt\/product\/comprar-onax-2mg-alprazolam\/","url":"https:\/\/medicinasinc.com\/pt\/product\/comprar-onax-2mg-alprazolam\/","name":"Compre comprimidos Onax 2mg Alprazolam - Best Best Global Meds","isPartOf":{"@id":"https:\/\/medicinasinc.com\/pt\/#website"},"primaryImageOfPage":{"@id":"https:\/\/medicinasinc.com\/pt\/product\/comprar-onax-2mg-alprazolam\/#primaryimage"},"image":{"@id":"https:\/\/medicinasinc.com\/pt\/product\/comprar-onax-2mg-alprazolam\/#primaryimage"},"thumbnailUrl":"https:\/\/medicinasinc.com\/pt\/wp-content\/uploads\/sites\/20\/2022\/02\/Buy-Onax-2mg.jpg","datePublished":"2022-02-20T22:49:49+00:00","dateModified":"2022-07-05T23:21:14+00:00","description":"comprar barras\/comprimidos onax 2mg:\u00a0Onax\u00a0(Alprazolam) trata ansiedade, transtorno do p\u00e2nico, ins\u00f4nia (dificuldades para dormir) e ansiedade causada pela depress\u00e3o.","breadcrumb":{"@id":"https:\/\/medicinasinc.com\/pt\/product\/comprar-onax-2mg-alprazolam\/#breadcrumb"},"inLanguage":"pt-PT","potentialAction":[{"@type":"ReadAction","target":["https:\/\/medicinasinc.com\/pt\/product\/comprar-onax-2mg-alprazolam\/"]}]},{"@type":"ImageObject","inLanguage":"pt-PT","@id":"https:\/\/medicinasinc.com\/pt\/product\/comprar-onax-2mg-alprazolam\/#primaryimage","url":"https:\/\/medicinasinc.com\/pt\/wp-content\/uploads\/sites\/20\/2022\/02\/Buy-Onax-2mg.jpg","contentUrl":"https:\/\/medicinasinc.com\/pt\/wp-content\/uploads\/sites\/20\/2022\/02\/Buy-Onax-2mg.jpg","width":400,"height":300},{"@type":"BreadcrumbList","@id":"https:\/\/medicinasinc.com\/pt\/product\/comprar-onax-2mg-alprazolam\/#breadcrumb","itemListElement":[{"@type":"ListItem","position":1,"name":"Comprar","item":"https:\/\/medicinasinc.com\/pt\/comprar\/"},{"@type":"ListItem","position":2,"name":"Compre Onax 2mg Alprazolam"}]},{"@type":"WebSite","@id":"https:\/\/medicinasinc.com\/pt\/#website","url":"https:\/\/medicinasinc.com\/pt\/","name":"Medicinas Inc","description":"Health Medical Clinic","potentialAction":[{"@type":"SearchAction","target":{"@type":"EntryPoint","urlTemplate":"https:\/\/medicinasinc.com\/pt\/?s={search_term_string}"},"query-input":{"@type":"PropertyValueSpecification","valueRequired":true,"valueName":"search_term_string"}}],"inLanguage":"pt-PT"}]}},"_links":{"self":[{"href":"https:\/\/medicinasinc.com\/pt\/wp-json\/wp\/v2\/product\/5262","targetHints":{"allow":["GET"]}}],"collection":[{"href":"https:\/\/medicinasinc.com\/pt\/wp-json\/wp\/v2\/product"}],"about":[{"href":"https:\/\/medicinasinc.com\/pt\/wp-json\/wp\/v2\/types\/product"}],"replies":[{"embeddable":true,"href":"https:\/\/medicinasinc.com\/pt\/wp-json\/wp\/v2\/comments?post=5262"}],"wp:featuredmedia":[{"embeddable":true,"href":"https:\/\/medicinasinc.com\/pt\/wp-json\/wp\/v2\/media\/5278"}],"wp:attachment":[{"href":"https:\/\/medicinasinc.com\/pt\/wp-json\/wp\/v2\/media?parent=5262"}],"wp:term":[{"taxonomy":"product_brand","embeddable":true,"href":"https:\/\/medicinasinc.com\/pt\/wp-json\/wp\/v2\/product_brand?post=5262"},{"taxonomy":"product_cat","embeddable":true,"href":"https:\/\/medicinasinc.com\/pt\/wp-json\/wp\/v2\/product_cat?post=5262"},{"taxonomy":"product_tag","embeddable":true,"href":"https:\/\/medicinasinc.com\/pt\/wp-json\/wp\/v2\/product_tag?post=5262"}],"curies":[{"name":"wp","href":"https:\/\/api.w.org\/{rel}","templated":true}]}}