{"id":5239,"date":"2022-02-20T22:28:45","date_gmt":"2022-02-20T22:28:45","guid":{"rendered":"https:\/\/medicinasinc.com\/pt\/?post_type=product&#038;p=5239"},"modified":"2022-07-05T23:21:30","modified_gmt":"2022-07-05T23:21:30","slug":"comprar-magnus-mr-morfina-30mg-online","status":"publish","type":"product","link":"https:\/\/medicinasinc.com\/pt\/product\/comprar-magnus-mr-morfina-30mg-online\/","title":{"rendered":"Compre Magnus MR Morfina 30mg online"},"content":{"rendered":"<div id=\"productDescription\" class=\"productGeneral largeText\">\n<p>Magnus MR Morphine 30mg compra online<br \/> Magnus MR (Morphine Sulfate) 30mg Capsule Compre Magnus MR (Morphine Sulfate) 30mg Capsule Safely Online<\/b> p&gt; <\/p>\n<p>C\u00e1psula Magnus MR (sulfato de morfina) 30mg \u2013 Pedido sem receita m\u00e9dica \u2013 entrega durante a noite<\/p>\n<p>Magnus MR (sulfato de morfina) 30mg \u00c0 venda nos Estados Unidos da Am\u00e9rica \u2013 Farm\u00e1cia confi\u00e1vel para dor<\/p>\n<p>Magnus MR para venda (sulfato de morfina) 30mg online com os pre\u00e7os mais baixos na EUROPA &amp; AM\u00c9RICA<\/p>\n<p>Onde e como comprar com seguran\u00e7a Magnus MR (sulfato de morfina) 30mg online hoje<\/p>\n<p>1. Rhotard Morphine SR 30mg Comprimidos Morphgesic SR 30mg Comprimidos para venda<\/p>\n<p>2. Composi\u00e7\u00e3o em termos qualitativos e quantitativos<br \/> Morphgesic SR 30mg Comprimidos\/Rhotard Morphine SR 30mg Comprimidos<br \/> Cada comprimido cont\u00e9m 30 mg de sulfato de morfina.<br \/> Excipientes com efeito bem definido:<br \/> Glicose (63.000 mg por comprimido).<\/p>\n<p>3. Formula\u00e7\u00e3o farmacol\u00f3gica<br \/> Comprimidos de liberta\u00e7\u00e3o controlada<br \/> Cada comprimido de 30 mg \u00e9 um comprimido revestido por pel\u00edcula redonda biconvexa de cor violeta.<\/p>\n<p>4. Especifica\u00e7\u00f5es cl\u00ednicas<br \/> 4.1 Indica\u00e7\u00f5es de uso<br \/> Os comprimidos Rhotard Morphine SR \/ Morphgesic SR destinam-se a adultos para o tratamento de dor intensa por um per\u00edodo prolongado.<\/p>\n<p>4.2 Posologia e t\u00e9cnica de administra\u00e7\u00e3o <br \/> Posologia Popula\u00e7\u00e3o infantil<br \/> N\u00e3o \u00e9 recomendado o uso de Rhotard Morphine SR \/ Morphgesic SR em crian\u00e7as.<\/p>\n<p>Adultos: A dosagem \u00e9 determinada pela intensidade da dor e pela hist\u00f3ria pr\u00e9via do paciente de uso analg\u00e9sico. Normalmente, os comprimidos devem ser tomados duas vezes ao dia em intervalos de 12 horas. Para pacientes com dor intensa, \u00e9 indicada uma dose inicial de um ou dois comprimidos de 10 mg (10 mg) duas vezes ao dia. Recomenda-se que, \u00e0 medida que a gravidade da dor aumenta, a dosagem de morfina seja aumentada para obter o al\u00edvio desejado. A dosagem pode ser ajustada combinando comprimidos de diferentes dosagens (10, 30, 60 e 100 mg) ou utilizando apenas comprimidos de maior dosagem.<br \/> Sugere-se que os pacientes que foram trocados de outra prepara\u00e7\u00e3o oral de morfina com biodisponibilidade compar\u00e1vel \u00e0 morfina l\u00edquida oral recebem a mesma dose total de morfina em um per\u00edodo de 24 horas. Esta dose inteira deve ser dividida ao meio e administrada de manh\u00e3 e \u00e0 noite. A titula\u00e7\u00e3o da dose e o exame cl\u00ednico podem ser necess\u00e1rios.<br \/> Se um paciente recebeu morfina parenteral antes de ser trocado para comprimidos Rhotard Morphine SR\/Morphgesic SR, uma dose maior de morfina pode ser necess\u00e1ria. Ajustes de dosagem individuais ser\u00e3o necess\u00e1rios para compensar qualquer perda de efic\u00e1cia analg\u00e9sica devido \u00e0 administra\u00e7\u00e3o oral.<br \/> N\u00e3o \u00e9 recomendado administrar comprimidos Rhotard Morphine SR\/Morphgesic SR nas primeiras 24 horas ap\u00f3s a cirurgia para aliviar a dor p\u00f3s-operat\u00f3ria. Ap\u00f3s este per\u00edodo inicial, a dosagem deve ser determinada pelo m\u00e9dico.<br \/> Morfina parenteral suplementar pode ser necess\u00e1ria em alguns pacientes, o que \u00e9 totalmente apropriado. No entanto, deve-se ter cautela em rela\u00e7\u00e3o \u00e0 dosagem total de morfina, bem como aos efeitos retardados da morfina na formula\u00e7\u00e3o Rhotard Morphine SR\/Morphgesic SR.<br \/> Os comprimidos Rhotard Morphine SR\/Morphgesic SR devem ser usados \u200b\u200bcom cautela no p\u00f3s-operat\u00f3rio (como em todos os prepara\u00e7\u00f5es de morfina), mas especialmente ap\u00f3s cirurgia abdominal.<br \/> A motilidade no est\u00f4mago deve ser retomada e deve ser mantida.<\/p>\n<p>T\u00e9cnica de administra\u00e7\u00e3o<br \/> Os comprimidos orais Rhotard Morphine SR \/ Morphgesic SR n\u00e3o devem ser mastigado.<\/p>\n<p>5.1 Propriedades farmacodin\u00e2micas<br \/> Grupo de agentes farmacoterap\u00eauticos: Opi\u00f3ides<br \/> N02A \u00e9 o c\u00f3digo ATC.<\/p>\n<p>Mecanismo de efic\u00e1cia<br \/> MAGNUS MR SULFATE ER 30 O MG funciona como um agonista nos receptores opi\u00e1ceos do sistema nervoso central, principalmente os receptores Mu e, em menor grau, os receptores Kappa. Analgesia supraespinhal, depress\u00e3o respirat\u00f3ria e euforia s\u00e3o consideradas mediadas por receptores Mu, enquanto analgesia espinhal, miose e seda\u00e7\u00e3o s\u00e3o mediadas por receptores Kappa.<\/p>\n<p>Sistema Nervoso Central: Os principais efeitos terap\u00eauticos da morfina s\u00e3o analgesia e sonol\u00eancia (isto \u00e9, sonol\u00eancia e ansi\u00f3lise). MAGNUS MR SULFATE ER 30 MG exerce um efeito sedativo nos centros respirat\u00f3rios do tronco cerebral. A morfina atua diretamente no centro da tosse na medula, suprimindo o reflexo da tosse. Efeitos antit\u00fassicos s\u00e3o poss\u00edveis em doses menores do que as necess\u00e1rias para analgesia. A morfina induz miose na escurid\u00e3o completa. Embora pupilas pontuais sejam indicativas de overdose de opi\u00f3ides, elas n\u00e3o s\u00e3o diagn\u00f3sticas (por exemplo, les\u00f5es pontinas de origem hemorr\u00e1gica ou isqu\u00eamica podem produzir achados semelhantes). A hip\u00f3xia pode se manifestar como midr\u00edase acentuada em vez de miose no contexto de overdose de morfina.<\/p>\n<p>MAGNUS MR SULFATE ER 30 MG e analg\u00e9sicos semelhantes t\u00eam o potencial de causar depend\u00eancia f\u00edsica e psicol\u00f3gica e devem ser usados \u200b\u200bcom cautela. Al\u00e9m disso, a toler\u00e2ncia pode se desenvolver.<\/p>\n<p>M\u00fasculos lisos do trato gastrointestinal e outros m\u00fasculos lisos<br \/> MAGNUS MR SULFATE ER 30 MG inibe a motilidade aumentando o t\u00f4nus \u200b\u200bdo m\u00fasculo liso no est\u00f4mago e antro duodenal. A digest\u00e3o dos alimentos \u00e9 retardada no intestino delgado e as contra\u00e7\u00f5es propulsivas s\u00e3o reduzidas. A constipa\u00e7\u00e3o \u00e9 causada por uma diminui\u00e7\u00e3o nas ondas perist\u00e1lticas de propuls\u00e3o no c\u00f3lon e um aumento no t\u00f4nus \u200b\u200bat\u00e9 o ponto de espasmo. A morfina, em geral, aumenta o t\u00f4nus \u200b\u200bda musculatura lisa, particularmente nos esf\u00edncteres do sistema gastrointestinal e biliar. A morfina pode causar espasmos no esf\u00edncter de Oddi, aumentando a press\u00e3o intrabiliar.<\/p>\n<p>MAGNUS MR SULFATE ER 30 MG pode causar libera\u00e7\u00e3o de histamina com ou sem vasodilata\u00e7\u00e3o perif\u00e9rica concomitante. Prurido, rubor, olhos vermelhos, sudorese e\/ou hipotens\u00e3o ortost\u00e1tica s\u00e3o todos sinais de libera\u00e7\u00e3o de histamina e\/ou vasodilata\u00e7\u00e3o perif\u00e9rica. eixos pituit\u00e1rio-adrenal ou -gonadal. V\u00e1rias altera\u00e7\u00f5es podem ser observadas, incluindo aumento da prolactina s\u00e9rica e diminui\u00e7\u00e3o do cortisol plasm\u00e1tico e da testosterona na presen\u00e7a de n\u00edveis anormalmente baixos ou normais de ACTH, LH ou FSH. Certas mulheres na pr\u00e9-menopausa podem ter estrog\u00eanio insuficiente. Essas altera\u00e7\u00f5es hormonais podem produzir sinais cl\u00ednicos.<\/p>\n<p>Consequ\u00eancias farmacol\u00f3gicas adicionais<br \/> Pesquisas in vitro e em animais revelam que os opi\u00f3ides naturais, como a morfina, t\u00eam uma variedade de efeitos nos componentes do sistema imunol\u00f3gico; no entanto, a relev\u00e2ncia cl\u00ednica desses achados \u00e9 incerta.<\/p>\n<p>Os modos de administra\u00e7\u00e3o oral, subcut\u00e2nea, intramuscular, intravenosa, intraespinal e retal est\u00e3o dispon\u00edveis. As dosagens parenterais podem ser administradas como inje\u00e7\u00f5es intermitentes ou como infus\u00f5es cont\u00ednuas ou intermitentes, dependendo das necessidades analg\u00e9sicas do paciente.<\/p>\n<p>USOS<br \/> Este medicamento \u00e9 usado para auxiliar no al\u00edvio da dor intensa e persistente (como como devido ao c\u00e2ncer). A morfina \u00e9 classificada como um analg\u00e9sico opi\u00f3ide (narc\u00f3tico). Funciona alterando a forma como seu corpo percebe e responde \u00e0 dor no c\u00e9rebro.<\/p>\n<p>As doses mais altas deste medicamento (100 mg ou mais por comprimido) devem ser usadas apenas se voc\u00ea estiver tomando doses moderadas a altas de analg\u00e9sicos opi\u00f3ides regularmente. Esses pontos fortes podem resultar em overdose (e talvez morte) se tomados por algu\u00e9m que n\u00e3o esteja usando opi\u00f3ides de forma consistente.<\/p>\n<p>Evite usar morfina de libera\u00e7\u00e3o prolongada para tratar a dor moderada ou que se resolver\u00e1 dentro de um poucos dias. Este medicamento n\u00e3o se destina ao uso &#8220;conforme necess\u00e1rio&#8221;.<\/p>\n<p>MAGNUS MR SULFATE ER 30 MG COMPRIMIDO INSTRU\u00c7\u00d5ES DE USO<\/p>\n<p>Antes de come\u00e7ar a usar morfina, e cada vez que voc\u00ea receber uma recarga, leia o Guia de Medica\u00e7\u00e3o emitido pelo seu farmac\u00eautico. Consulte o seu m\u00e9dico ou farmac\u00eautico se tiver alguma d\u00favida.<\/p>\n<p>Tome este medicamento regularmente, n\u00e3o conforme necess\u00e1rio para dor intensa (interruptiva), conforme recomendado pelo seu m\u00e9dico. Tome este medicamento com ou sem refei\u00e7\u00f5es, geralmente a cada 8 a 12 horas, conforme indicado pelo seu m\u00e9dico. Certas marcas devem ser tomadas apenas uma vez a cada 12 horas. Se sentir n\u00e1useas, pode ser ben\u00e9fico tomar este medicamento com as refei\u00e7\u00f5es. Consulte o seu m\u00e9dico ou farmac\u00eautico para outras estrat\u00e9gias para aliviar a n\u00e1usea (como deitar por 1 a 2 horas com o m\u00ednimo de movimento da cabe\u00e7a poss\u00edvel). Consulte o seu m\u00e9dico se a n\u00e1usea persistir.<\/p>\n<p>Consumir os comprimidos inteiros. O comprimido n\u00e3o deve ser partido, esmagado, mastigado ou dissolvido. Isso pode resultar na libera\u00e7\u00e3o total da droga, aumentando o risco de overdose de morfina.<\/p>\n<p>A dosagem \u00e9 determinada pelo seu hist\u00f3rico m\u00e9dico e rea\u00e7\u00e3o ao tratamento. N\u00e3o aumente a dose ou tome este medicamento com mais frequ\u00eancia ou por um per\u00edodo de tempo mais longo do que o sugerido, pois o risco de sofrer efeitos colaterais pode aumentar. Quando instru\u00eddo, interrompa o medicamento adequadamente.<\/p>\n<p>Se voc\u00ea interromper abruptamente o uso deste medicamento, poder\u00e1 apresentar sintomas de abstin\u00eancia (como inquieta\u00e7\u00e3o, olhos lacrimejantes, coriza, n\u00e1usea, sudorese, dores musculares). Para ajudar a evitar a abstin\u00eancia, o seu m\u00e9dico pode diminuir gradualmente a sua dose. Os sintomas de abstin\u00eancia s\u00e3o mais prov\u00e1veis \u200b\u200bde ocorrer se voc\u00ea tiver tomado morfina por um longo per\u00edodo de tempo ou em doses pesadas. Informe o seu m\u00e9dico ou farmac\u00eautico imediatamente se tiver sintomas de abstin\u00eancia.<\/p>\n<p>Quando este medicamento \u00e9 usado por um longo per\u00edodo de tempo, pode perder sua efic\u00e1cia. Consulte o seu m\u00e9dico se este medicamento deixar de funcionar corretamente.<\/p>\n<p>Embora este medicamento beneficie um grande n\u00famero de pessoas, ocasionalmente pode resultar em depend\u00eancia. Esse risco pode ser aumentado se voc\u00ea tiver um transtorno por uso de subst\u00e2ncias (como uso excessivo de drogas\/\u00e1lcool ou depend\u00eancia). Para minimizar o perigo de depend\u00eancia, use esta droga exatamente como indicado. Consulte seu m\u00e9dico ou farmac\u00eautico para obter informa\u00e7\u00f5es adicionais.<\/p>\n<\/p><\/div>\n<div class=\"product-next-previous\">\n<div class=\"product-prev\"><\/div><\/div>\n","protected":false},"excerpt":{"rendered":"<div class=\"woocommerce-product-details__short-description\">\n<p>Magnus MR Morphine 30mg est\u00e1 dispon\u00edvel para compra online. A morfina funciona como um analg\u00e9sico opi\u00f3ide, agindo como um agonista em receptores opi\u00f3ides satur\u00e1veis \u200b\u200bno SNC e outros \u00f3rg\u00e3os.<\/p>\n<p>Os comprimidos de 30mg de Magnus MR (sulfato de morfina) est\u00e3o dispon\u00edveis sem receita m\u00e9dica on-line (sem RX). Morfina 30mg \u00e0 venda no Reino Unido e Europa<\/p>\n<\/p><\/div>\n","protected":false},"featured_media":5258,"comment_status":"closed","ping_status":"closed","template":"","meta":[],"product_brand":[],"product_cat":[1117],"product_tag":[1514,1515,1516,1517,1518,1519],"class_list":{"0":"post-5239","1":"product","2":"type-product","3":"status-publish","4":"has-post-thumbnail","6":"product_cat-compre-pilulas-para-dor-sono-e-sexo","7":"product_tag-comprar-magnus-mr-30mg-morfina-sulfato","8":"product_tag-magnus-mr-morfina-sulfato-30mg","9":"product_tag-magnus-mr-morfina-sulfato-preo-de-rua","10":"product_tag-magnus-mr-morfina-sulfato-preo-de-rua-para-garrafa","11":"product_tag-magnus-mr-30-mg-morfina-sulfato","12":"product_tag-magnus-mr-morfina-30mg","14":"first","15":"instock","16":"shipping-taxable","17":"purchasable","18":"product-type-variable"},"yoast_head":"<!-- This site is optimized with the Yoast SEO plugin v27.3 - https:\/\/yoast.com\/product\/yoast-seo-wordpress\/ -->\n<title>Compre Magnus MR Morphine 30mg - Best Best Global Meds<\/title>\n<meta name=\"description\" content=\"Voc\u00ea pode\u00a0comprar Magnus MR\u00a0(sulfato de\u00a0morfina)\u00a030mg\u00a0c\u00e1psulas\u00a0on-line\u00a0sem receita m\u00e9dica (sem RX). Morfina 30mg para venda Reino Unido, Europa\" \/>\n<meta name=\"robots\" content=\"index, follow, max-snippet:-1, max-image-preview:large, max-video-preview:-1\" \/>\n<link rel=\"canonical\" href=\"https:\/\/medicinasinc.com\/pt\/product\/comprar-magnus-mr-morfina-30mg-online\/\" \/>\n<meta property=\"og:locale\" content=\"pt_PT\" \/>\n<meta property=\"og:type\" content=\"article\" \/>\n<meta property=\"og:title\" content=\"Compre Magnus MR Morphine 30mg - Best Best Global Meds\" \/>\n<meta property=\"og:description\" content=\"Voc\u00ea pode\u00a0comprar Magnus MR\u00a0(sulfato de\u00a0morfina)\u00a030mg\u00a0c\u00e1psulas\u00a0on-line\u00a0sem receita m\u00e9dica (sem RX). Morfina 30mg para venda Reino Unido, Europa\" \/>\n<meta property=\"og:url\" content=\"https:\/\/medicinasinc.com\/pt\/product\/comprar-magnus-mr-morfina-30mg-online\/\" \/>\n<meta property=\"og:site_name\" content=\"Medicinas Inc\" \/>\n<meta property=\"article:modified_time\" content=\"2022-07-05T23:21:30+00:00\" \/>\n<meta property=\"og:image\" content=\"https:\/\/medicinasinc.com\/pt\/wp-content\/uploads\/sites\/20\/2022\/02\/Buy-Magnus-MR-Morphine-30mg.jpg\" \/>\n\t<meta property=\"og:image:width\" content=\"600\" \/>\n\t<meta property=\"og:image:height\" content=\"600\" \/>\n\t<meta property=\"og:image:type\" content=\"image\/jpeg\" \/>\n<meta name=\"twitter:card\" content=\"summary_large_image\" \/>\n<meta name=\"twitter:label1\" content=\"Tempo estimado de leitura\" \/>\n\t<meta name=\"twitter:data1\" content=\"7 minutos\" \/>\n<script type=\"application\/ld+json\" class=\"yoast-schema-graph\">{\"@context\":\"https:\\\/\\\/schema.org\",\"@graph\":[{\"@type\":\"WebPage\",\"@id\":\"https:\\\/\\\/medicinasinc.com\\\/pt\\\/product\\\/comprar-magnus-mr-morfina-30mg-online\\\/\",\"url\":\"https:\\\/\\\/medicinasinc.com\\\/pt\\\/product\\\/comprar-magnus-mr-morfina-30mg-online\\\/\",\"name\":\"Compre Magnus MR Morphine 30mg - Best Best Global Meds\",\"isPartOf\":{\"@id\":\"https:\\\/\\\/medicinasinc.com\\\/pt\\\/#website\"},\"primaryImageOfPage\":{\"@id\":\"https:\\\/\\\/medicinasinc.com\\\/pt\\\/product\\\/comprar-magnus-mr-morfina-30mg-online\\\/#primaryimage\"},\"image\":{\"@id\":\"https:\\\/\\\/medicinasinc.com\\\/pt\\\/product\\\/comprar-magnus-mr-morfina-30mg-online\\\/#primaryimage\"},\"thumbnailUrl\":\"https:\\\/\\\/medicinasinc.com\\\/pt\\\/wp-content\\\/uploads\\\/sites\\\/20\\\/2022\\\/02\\\/Buy-Magnus-MR-Morphine-30mg.jpg\",\"datePublished\":\"2022-02-20T22:28:45+00:00\",\"dateModified\":\"2022-07-05T23:21:30+00:00\",\"description\":\"Voc\u00ea pode\u00a0comprar Magnus MR\u00a0(sulfato de\u00a0morfina)\u00a030mg\u00a0c\u00e1psulas\u00a0on-line\u00a0sem receita m\u00e9dica (sem RX). Morfina 30mg para venda Reino Unido, Europa\",\"breadcrumb\":{\"@id\":\"https:\\\/\\\/medicinasinc.com\\\/pt\\\/product\\\/comprar-magnus-mr-morfina-30mg-online\\\/#breadcrumb\"},\"inLanguage\":\"pt-PT\",\"potentialAction\":[{\"@type\":\"ReadAction\",\"target\":[\"https:\\\/\\\/medicinasinc.com\\\/pt\\\/product\\\/comprar-magnus-mr-morfina-30mg-online\\\/\"]}]},{\"@type\":\"ImageObject\",\"inLanguage\":\"pt-PT\",\"@id\":\"https:\\\/\\\/medicinasinc.com\\\/pt\\\/product\\\/comprar-magnus-mr-morfina-30mg-online\\\/#primaryimage\",\"url\":\"https:\\\/\\\/medicinasinc.com\\\/pt\\\/wp-content\\\/uploads\\\/sites\\\/20\\\/2022\\\/02\\\/Buy-Magnus-MR-Morphine-30mg.jpg\",\"contentUrl\":\"https:\\\/\\\/medicinasinc.com\\\/pt\\\/wp-content\\\/uploads\\\/sites\\\/20\\\/2022\\\/02\\\/Buy-Magnus-MR-Morphine-30mg.jpg\",\"width\":600,\"height\":600},{\"@type\":\"BreadcrumbList\",\"@id\":\"https:\\\/\\\/medicinasinc.com\\\/pt\\\/product\\\/comprar-magnus-mr-morfina-30mg-online\\\/#breadcrumb\",\"itemListElement\":[{\"@type\":\"ListItem\",\"position\":1,\"name\":\"Comprar\",\"item\":\"https:\\\/\\\/medicinasinc.com\\\/pt\\\/comprar\\\/\"},{\"@type\":\"ListItem\",\"position\":2,\"name\":\"Compre Magnus MR Morfina 30mg online\"}]},{\"@type\":\"WebSite\",\"@id\":\"https:\\\/\\\/medicinasinc.com\\\/pt\\\/#website\",\"url\":\"https:\\\/\\\/medicinasinc.com\\\/pt\\\/\",\"name\":\"Medicinas Inc\",\"description\":\"Health Medical Clinic\",\"potentialAction\":[{\"@type\":\"SearchAction\",\"target\":{\"@type\":\"EntryPoint\",\"urlTemplate\":\"https:\\\/\\\/medicinasinc.com\\\/pt\\\/?s={search_term_string}\"},\"query-input\":{\"@type\":\"PropertyValueSpecification\",\"valueRequired\":true,\"valueName\":\"search_term_string\"}}],\"inLanguage\":\"pt-PT\"}]}<\/script>\n<!-- \/ Yoast SEO plugin. -->","yoast_head_json":{"title":"Compre Magnus MR Morphine 30mg - Best Best Global Meds","description":"Voc\u00ea pode\u00a0comprar Magnus MR\u00a0(sulfato de\u00a0morfina)\u00a030mg\u00a0c\u00e1psulas\u00a0on-line\u00a0sem receita m\u00e9dica (sem RX). Morfina 30mg para venda Reino Unido, Europa","robots":{"index":"index","follow":"follow","max-snippet":"max-snippet:-1","max-image-preview":"max-image-preview:large","max-video-preview":"max-video-preview:-1"},"canonical":"https:\/\/medicinasinc.com\/pt\/product\/comprar-magnus-mr-morfina-30mg-online\/","og_locale":"pt_PT","og_type":"article","og_title":"Compre Magnus MR Morphine 30mg - Best Best Global Meds","og_description":"Voc\u00ea pode\u00a0comprar Magnus MR\u00a0(sulfato de\u00a0morfina)\u00a030mg\u00a0c\u00e1psulas\u00a0on-line\u00a0sem receita m\u00e9dica (sem RX). Morfina 30mg para venda Reino Unido, Europa","og_url":"https:\/\/medicinasinc.com\/pt\/product\/comprar-magnus-mr-morfina-30mg-online\/","og_site_name":"Medicinas Inc","article_modified_time":"2022-07-05T23:21:30+00:00","og_image":[{"width":600,"height":600,"url":"https:\/\/medicinasinc.com\/pt\/wp-content\/uploads\/sites\/20\/2022\/02\/Buy-Magnus-MR-Morphine-30mg.jpg","type":"image\/jpeg"}],"twitter_card":"summary_large_image","twitter_misc":{"Tempo estimado de leitura":"7 minutos"},"schema":{"@context":"https:\/\/schema.org","@graph":[{"@type":"WebPage","@id":"https:\/\/medicinasinc.com\/pt\/product\/comprar-magnus-mr-morfina-30mg-online\/","url":"https:\/\/medicinasinc.com\/pt\/product\/comprar-magnus-mr-morfina-30mg-online\/","name":"Compre Magnus MR Morphine 30mg - Best Best Global Meds","isPartOf":{"@id":"https:\/\/medicinasinc.com\/pt\/#website"},"primaryImageOfPage":{"@id":"https:\/\/medicinasinc.com\/pt\/product\/comprar-magnus-mr-morfina-30mg-online\/#primaryimage"},"image":{"@id":"https:\/\/medicinasinc.com\/pt\/product\/comprar-magnus-mr-morfina-30mg-online\/#primaryimage"},"thumbnailUrl":"https:\/\/medicinasinc.com\/pt\/wp-content\/uploads\/sites\/20\/2022\/02\/Buy-Magnus-MR-Morphine-30mg.jpg","datePublished":"2022-02-20T22:28:45+00:00","dateModified":"2022-07-05T23:21:30+00:00","description":"Voc\u00ea pode\u00a0comprar Magnus MR\u00a0(sulfato de\u00a0morfina)\u00a030mg\u00a0c\u00e1psulas\u00a0on-line\u00a0sem receita m\u00e9dica (sem RX). Morfina 30mg para venda Reino Unido, Europa","breadcrumb":{"@id":"https:\/\/medicinasinc.com\/pt\/product\/comprar-magnus-mr-morfina-30mg-online\/#breadcrumb"},"inLanguage":"pt-PT","potentialAction":[{"@type":"ReadAction","target":["https:\/\/medicinasinc.com\/pt\/product\/comprar-magnus-mr-morfina-30mg-online\/"]}]},{"@type":"ImageObject","inLanguage":"pt-PT","@id":"https:\/\/medicinasinc.com\/pt\/product\/comprar-magnus-mr-morfina-30mg-online\/#primaryimage","url":"https:\/\/medicinasinc.com\/pt\/wp-content\/uploads\/sites\/20\/2022\/02\/Buy-Magnus-MR-Morphine-30mg.jpg","contentUrl":"https:\/\/medicinasinc.com\/pt\/wp-content\/uploads\/sites\/20\/2022\/02\/Buy-Magnus-MR-Morphine-30mg.jpg","width":600,"height":600},{"@type":"BreadcrumbList","@id":"https:\/\/medicinasinc.com\/pt\/product\/comprar-magnus-mr-morfina-30mg-online\/#breadcrumb","itemListElement":[{"@type":"ListItem","position":1,"name":"Comprar","item":"https:\/\/medicinasinc.com\/pt\/comprar\/"},{"@type":"ListItem","position":2,"name":"Compre Magnus MR Morfina 30mg online"}]},{"@type":"WebSite","@id":"https:\/\/medicinasinc.com\/pt\/#website","url":"https:\/\/medicinasinc.com\/pt\/","name":"Medicinas Inc","description":"Health Medical Clinic","potentialAction":[{"@type":"SearchAction","target":{"@type":"EntryPoint","urlTemplate":"https:\/\/medicinasinc.com\/pt\/?s={search_term_string}"},"query-input":{"@type":"PropertyValueSpecification","valueRequired":true,"valueName":"search_term_string"}}],"inLanguage":"pt-PT"}]}},"_links":{"self":[{"href":"https:\/\/medicinasinc.com\/pt\/wp-json\/wp\/v2\/product\/5239","targetHints":{"allow":["GET"]}}],"collection":[{"href":"https:\/\/medicinasinc.com\/pt\/wp-json\/wp\/v2\/product"}],"about":[{"href":"https:\/\/medicinasinc.com\/pt\/wp-json\/wp\/v2\/types\/product"}],"replies":[{"embeddable":true,"href":"https:\/\/medicinasinc.com\/pt\/wp-json\/wp\/v2\/comments?post=5239"}],"wp:featuredmedia":[{"embeddable":true,"href":"https:\/\/medicinasinc.com\/pt\/wp-json\/wp\/v2\/media\/5258"}],"wp:attachment":[{"href":"https:\/\/medicinasinc.com\/pt\/wp-json\/wp\/v2\/media?parent=5239"}],"wp:term":[{"taxonomy":"product_brand","embeddable":true,"href":"https:\/\/medicinasinc.com\/pt\/wp-json\/wp\/v2\/product_brand?post=5239"},{"taxonomy":"product_cat","embeddable":true,"href":"https:\/\/medicinasinc.com\/pt\/wp-json\/wp\/v2\/product_cat?post=5239"},{"taxonomy":"product_tag","embeddable":true,"href":"https:\/\/medicinasinc.com\/pt\/wp-json\/wp\/v2\/product_tag?post=5239"}],"curies":[{"name":"wp","href":"https:\/\/api.w.org\/{rel}","templated":true}]}}