{"id":5238,"date":"2022-02-20T22:26:29","date_gmt":"2022-02-20T22:26:29","guid":{"rendered":"https:\/\/medicinasinc.com\/pt\/?post_type=product&#038;p=5238"},"modified":"2022-07-05T23:21:47","modified_gmt":"2022-07-05T23:21:47","slug":"comprar-lortab-10-325mg","status":"publish","type":"product","link":"https:\/\/medicinasinc.com\/pt\/product\/comprar-lortab-10-325mg\/","title":{"rendered":"Compre Lortab 10\/325mg"},"content":{"rendered":"<p>Os comprimidos de Lortab 10\/325mg podem ser comprados online.<br \/> Lortab &#8211; O que \u00e9?<br \/> Riscos do Lortab<\/p>\n<p>Este medicamento combinado \u00e9 usado para tratar dores que variam de leve a grave. \u00c9 composto por um analg\u00e9sico opi\u00f3ide (hidrocodona) e um analg\u00e9sico n\u00e3o opi\u00f3ide (acetaminofeno). A hidrocodona altera a maneira como seu corpo percebe e responde \u00e0 dor, agindo no c\u00e9rebro. O acetaminofeno tamb\u00e9m pode ajudar na redu\u00e7\u00e3o da febre.<\/p>\n<p>Este produto n\u00e3o \u00e9 recomendado para crian\u00e7as menores de seis anos devido ao aumento do risco de efeitos adversos graves (como respira\u00e7\u00e3o superficial\/lenta).<\/p>\n","protected":false},"excerpt":{"rendered":"<div class=\"woocommerce-product-details__short-description\">\n<p>Compre os comprimidos Lortab 10\/325mg on-line. compra online de analg\u00e9sicos, compra online de analg\u00e9sicos, compra online de analg\u00e9sicos fortes<\/p>\n<p>Lortab 10\/325mg comprimidos \u00e0 venda no Reino Unido e na Europa. compre analg\u00e9sicos on-line, compre analg\u00e9sicos on-line, sem receita m\u00e9dica, oxicodona on-line, analg\u00e9sicos, analg\u00e9sicos, p\u00edlulas de TDAH, p\u00edlulas de ester\u00f3ides, p\u00edlulas anti-ansiedade, p\u00edlulas anti-depress\u00e3o, p\u00edlulas para perda de peso.<\/p>\n<p>Compre lortab comprimidos de acetaminofeno 5mg 7,5mg 10mg com impress\u00e3o m367 legalmente de uma farm\u00e1cia on-line respeit\u00e1vel que oferece entrega durante a noite.<\/p>\n<\/p><\/div>\n","protected":false},"featured_media":5256,"comment_status":"open","ping_status":"closed","template":"","meta":[],"product_brand":[],"product_cat":[1117],"product_tag":[1487,1470,1471,1489,1500,1490,1502,1501,1497,1498,1499,1472,1475,1320,1476,1478,1479,1480,1481,1482,1483,1484,1485,1513,1488,1493,1494,1495,1496,1503,1504,1505,1507,1491,1492,1508,1509,1511,1510,1474,1473,1506,1477,1486,1512],"class_list":{"0":"post-5238","1":"product","2":"type-product","3":"status-publish","4":"has-post-thumbnail","6":"product_cat-compre-pilulas-para-dor-sono-e-sexo","7":"product_tag-lortab-adio","8":"product_tag-buying-lortab-online","9":"product_tag-diferena-entre-lortab-e-percocet","10":"product_tag-dosagem-de-lortab","11":"product_tag-efeitos-colaterais-do-lortab","12":"product_tag-lortab-elixir","13":"product_tag-lortab-dez","14":"product_tag-fora-de-lortab","15":"product_tag-lortab-pic","16":"product_tag-lortab-picture","17":"product_tag-lortab-fotos","18":"product_tag-generic-lortab","19":"product_tag-hidrocodona-lortab","20":"product_tag-lortab","21":"product_tag-lortab-10","22":"product_tag-lortab-10-mg","23":"product_tag-lortab-10-pictures","24":"product_tag-lortab-5","25":"product_tag-lortab-5-mg","26":"product_tag-lortab-5-325","27":"product_tag-lortab-7-5","28":"product_tag-lortab-7-5-325","29":"product_tag-lortab-7-5-mg","30":"product_tag-yellow-lortab-10","31":"product_tag-lortab-classification","32":"product_tag-lortab-ingredient","33":"product_tag-lortab-ingredients","34":"product_tag-lortab-m367","35":"product_tag-lortab-on-line","36":"product_tag-lortab-vs-norco","37":"product_tag-lortab-vs-oxicodona","38":"product_tag-lortab-vs-vicodin","39":"product_tag-m366-lortab","40":"product_tag-lortab-nome-genrico","41":"product_tag-lortab-nomes-genricos","42":"product_tag-norco-lortab","43":"product_tag-norco-vs-lortab","44":"product_tag-o-que--um-lortab","45":"product_tag-o-que--lortab","46":"product_tag-quanto-tempo-lortab-fica-em-sua-urina","47":"product_tag-quanto-tempo-lortab-fica-no-seu-sistema","48":"product_tag-lortab-retirada","49":"product_tag-lortab-10-325-street-value","50":"product_tag-vcios-em-lortab","51":"product_tag-what-is-lortab","53":"first","54":"instock","55":"shipping-taxable","56":"purchasable","57":"product-type-variable","58":"has-default-attributes"},"yoast_head":"<!-- This site is optimized with the Yoast SEO plugin v27.3 - https:\/\/yoast.com\/product\/yoast-seo-wordpress\/ -->\n<title>Compre Lortab 10\/325mg - Melhores Melhores Medicamentos Globais<\/title>\n<meta name=\"description\" content=\"Compre Lortab 10\/325mg comprimidos para venda no Reino Unido, Europa. Compre analg\u00e9sicos on-line, compre analg\u00e9sicos on-line, lista de analg\u00e9sicos fortes, sem receita m\u00e9dica, oxicodona on-line, analg\u00e9sicos, analg\u00e9sicos, p\u00edlulas ADD\/ADHD, p\u00edlulas de ester\u00f3ides, p\u00edlulas anti-ansiedade, p\u00edlulas antidepress\u00e3o, p\u00edlulas para perda de peso.\" \/>\n<meta name=\"robots\" content=\"index, follow, max-snippet:-1, max-image-preview:large, max-video-preview:-1\" \/>\n<link rel=\"canonical\" href=\"https:\/\/medicinasinc.com\/pt\/product\/comprar-lortab-10-325mg\/\" \/>\n<meta property=\"og:locale\" content=\"pt_PT\" \/>\n<meta property=\"og:type\" content=\"article\" \/>\n<meta property=\"og:title\" content=\"Compre Lortab 10\/325mg - Melhores Melhores Medicamentos Globais\" \/>\n<meta property=\"og:description\" content=\"Compre Lortab 10\/325mg comprimidos para venda no Reino Unido, Europa. Compre analg\u00e9sicos on-line, compre analg\u00e9sicos on-line, lista de analg\u00e9sicos fortes, sem receita m\u00e9dica, oxicodona on-line, analg\u00e9sicos, analg\u00e9sicos, p\u00edlulas ADD\/ADHD, p\u00edlulas de ester\u00f3ides, p\u00edlulas anti-ansiedade, p\u00edlulas antidepress\u00e3o, p\u00edlulas para perda de peso.\" \/>\n<meta property=\"og:url\" content=\"https:\/\/medicinasinc.com\/pt\/product\/comprar-lortab-10-325mg\/\" \/>\n<meta property=\"og:site_name\" content=\"Medicinas Inc\" \/>\n<meta property=\"article:modified_time\" content=\"2022-07-05T23:21:47+00:00\" \/>\n<meta property=\"og:image\" content=\"https:\/\/medicinasinc.com\/pt\/wp-content\/uploads\/sites\/20\/2022\/02\/buy-lortab-10-325mg-pills-online.jpg\" \/>\n\t<meta property=\"og:image:width\" content=\"600\" \/>\n\t<meta property=\"og:image:height\" content=\"600\" \/>\n\t<meta property=\"og:image:type\" content=\"image\/jpeg\" \/>\n<meta name=\"twitter:card\" content=\"summary_large_image\" \/>\n<meta name=\"twitter:label1\" content=\"Tempo estimado de leitura\" \/>\n\t<meta name=\"twitter:data1\" content=\"1 minuto\" \/>\n<script type=\"application\/ld+json\" class=\"yoast-schema-graph\">{\"@context\":\"https:\\\/\\\/schema.org\",\"@graph\":[{\"@type\":\"WebPage\",\"@id\":\"https:\\\/\\\/medicinasinc.com\\\/pt\\\/product\\\/comprar-lortab-10-325mg\\\/\",\"url\":\"https:\\\/\\\/medicinasinc.com\\\/pt\\\/product\\\/comprar-lortab-10-325mg\\\/\",\"name\":\"Compre Lortab 10\\\/325mg - Melhores Melhores Medicamentos Globais\",\"isPartOf\":{\"@id\":\"https:\\\/\\\/medicinasinc.com\\\/pt\\\/#website\"},\"primaryImageOfPage\":{\"@id\":\"https:\\\/\\\/medicinasinc.com\\\/pt\\\/product\\\/comprar-lortab-10-325mg\\\/#primaryimage\"},\"image\":{\"@id\":\"https:\\\/\\\/medicinasinc.com\\\/pt\\\/product\\\/comprar-lortab-10-325mg\\\/#primaryimage\"},\"thumbnailUrl\":\"https:\\\/\\\/medicinasinc.com\\\/pt\\\/wp-content\\\/uploads\\\/sites\\\/20\\\/2022\\\/02\\\/buy-lortab-10-325mg-pills-online.jpg\",\"datePublished\":\"2022-02-20T22:26:29+00:00\",\"dateModified\":\"2022-07-05T23:21:47+00:00\",\"description\":\"Compre Lortab 10\\\/325mg comprimidos para venda no Reino Unido, Europa. Compre analg\u00e9sicos on-line, compre analg\u00e9sicos on-line, lista de analg\u00e9sicos fortes, sem receita m\u00e9dica, oxicodona on-line, analg\u00e9sicos, analg\u00e9sicos, p\u00edlulas ADD\\\/ADHD, p\u00edlulas de ester\u00f3ides, p\u00edlulas anti-ansiedade, p\u00edlulas antidepress\u00e3o, p\u00edlulas para perda de peso.\",\"breadcrumb\":{\"@id\":\"https:\\\/\\\/medicinasinc.com\\\/pt\\\/product\\\/comprar-lortab-10-325mg\\\/#breadcrumb\"},\"inLanguage\":\"pt-PT\",\"potentialAction\":[{\"@type\":\"ReadAction\",\"target\":[\"https:\\\/\\\/medicinasinc.com\\\/pt\\\/product\\\/comprar-lortab-10-325mg\\\/\"]}]},{\"@type\":\"ImageObject\",\"inLanguage\":\"pt-PT\",\"@id\":\"https:\\\/\\\/medicinasinc.com\\\/pt\\\/product\\\/comprar-lortab-10-325mg\\\/#primaryimage\",\"url\":\"https:\\\/\\\/medicinasinc.com\\\/pt\\\/wp-content\\\/uploads\\\/sites\\\/20\\\/2022\\\/02\\\/buy-lortab-10-325mg-pills-online.jpg\",\"contentUrl\":\"https:\\\/\\\/medicinasinc.com\\\/pt\\\/wp-content\\\/uploads\\\/sites\\\/20\\\/2022\\\/02\\\/buy-lortab-10-325mg-pills-online.jpg\",\"width\":600,\"height\":600},{\"@type\":\"BreadcrumbList\",\"@id\":\"https:\\\/\\\/medicinasinc.com\\\/pt\\\/product\\\/comprar-lortab-10-325mg\\\/#breadcrumb\",\"itemListElement\":[{\"@type\":\"ListItem\",\"position\":1,\"name\":\"Comprar\",\"item\":\"https:\\\/\\\/medicinasinc.com\\\/pt\\\/comprar\\\/\"},{\"@type\":\"ListItem\",\"position\":2,\"name\":\"Compre Lortab 10\\\/325mg\"}]},{\"@type\":\"WebSite\",\"@id\":\"https:\\\/\\\/medicinasinc.com\\\/pt\\\/#website\",\"url\":\"https:\\\/\\\/medicinasinc.com\\\/pt\\\/\",\"name\":\"Medicinas Inc\",\"description\":\"Health Medical Clinic\",\"potentialAction\":[{\"@type\":\"SearchAction\",\"target\":{\"@type\":\"EntryPoint\",\"urlTemplate\":\"https:\\\/\\\/medicinasinc.com\\\/pt\\\/?s={search_term_string}\"},\"query-input\":{\"@type\":\"PropertyValueSpecification\",\"valueRequired\":true,\"valueName\":\"search_term_string\"}}],\"inLanguage\":\"pt-PT\"}]}<\/script>\n<!-- \/ Yoast SEO plugin. -->","yoast_head_json":{"title":"Compre Lortab 10\/325mg - Melhores Melhores Medicamentos Globais","description":"Compre Lortab 10\/325mg comprimidos para venda no Reino Unido, Europa. Compre analg\u00e9sicos on-line, compre analg\u00e9sicos on-line, lista de analg\u00e9sicos fortes, sem receita m\u00e9dica, oxicodona on-line, analg\u00e9sicos, analg\u00e9sicos, p\u00edlulas ADD\/ADHD, p\u00edlulas de ester\u00f3ides, p\u00edlulas anti-ansiedade, p\u00edlulas antidepress\u00e3o, p\u00edlulas para perda de peso.","robots":{"index":"index","follow":"follow","max-snippet":"max-snippet:-1","max-image-preview":"max-image-preview:large","max-video-preview":"max-video-preview:-1"},"canonical":"https:\/\/medicinasinc.com\/pt\/product\/comprar-lortab-10-325mg\/","og_locale":"pt_PT","og_type":"article","og_title":"Compre Lortab 10\/325mg - Melhores Melhores Medicamentos Globais","og_description":"Compre Lortab 10\/325mg comprimidos para venda no Reino Unido, Europa. Compre analg\u00e9sicos on-line, compre analg\u00e9sicos on-line, lista de analg\u00e9sicos fortes, sem receita m\u00e9dica, oxicodona on-line, analg\u00e9sicos, analg\u00e9sicos, p\u00edlulas ADD\/ADHD, p\u00edlulas de ester\u00f3ides, p\u00edlulas anti-ansiedade, p\u00edlulas antidepress\u00e3o, p\u00edlulas para perda de peso.","og_url":"https:\/\/medicinasinc.com\/pt\/product\/comprar-lortab-10-325mg\/","og_site_name":"Medicinas Inc","article_modified_time":"2022-07-05T23:21:47+00:00","og_image":[{"width":600,"height":600,"url":"https:\/\/medicinasinc.com\/pt\/wp-content\/uploads\/sites\/20\/2022\/02\/buy-lortab-10-325mg-pills-online.jpg","type":"image\/jpeg"}],"twitter_card":"summary_large_image","twitter_misc":{"Tempo estimado de leitura":"1 minuto"},"schema":{"@context":"https:\/\/schema.org","@graph":[{"@type":"WebPage","@id":"https:\/\/medicinasinc.com\/pt\/product\/comprar-lortab-10-325mg\/","url":"https:\/\/medicinasinc.com\/pt\/product\/comprar-lortab-10-325mg\/","name":"Compre Lortab 10\/325mg - Melhores Melhores Medicamentos Globais","isPartOf":{"@id":"https:\/\/medicinasinc.com\/pt\/#website"},"primaryImageOfPage":{"@id":"https:\/\/medicinasinc.com\/pt\/product\/comprar-lortab-10-325mg\/#primaryimage"},"image":{"@id":"https:\/\/medicinasinc.com\/pt\/product\/comprar-lortab-10-325mg\/#primaryimage"},"thumbnailUrl":"https:\/\/medicinasinc.com\/pt\/wp-content\/uploads\/sites\/20\/2022\/02\/buy-lortab-10-325mg-pills-online.jpg","datePublished":"2022-02-20T22:26:29+00:00","dateModified":"2022-07-05T23:21:47+00:00","description":"Compre Lortab 10\/325mg comprimidos para venda no Reino Unido, Europa. Compre analg\u00e9sicos on-line, compre analg\u00e9sicos on-line, lista de analg\u00e9sicos fortes, sem receita m\u00e9dica, oxicodona on-line, analg\u00e9sicos, analg\u00e9sicos, p\u00edlulas ADD\/ADHD, p\u00edlulas de ester\u00f3ides, p\u00edlulas anti-ansiedade, p\u00edlulas antidepress\u00e3o, p\u00edlulas para perda de peso.","breadcrumb":{"@id":"https:\/\/medicinasinc.com\/pt\/product\/comprar-lortab-10-325mg\/#breadcrumb"},"inLanguage":"pt-PT","potentialAction":[{"@type":"ReadAction","target":["https:\/\/medicinasinc.com\/pt\/product\/comprar-lortab-10-325mg\/"]}]},{"@type":"ImageObject","inLanguage":"pt-PT","@id":"https:\/\/medicinasinc.com\/pt\/product\/comprar-lortab-10-325mg\/#primaryimage","url":"https:\/\/medicinasinc.com\/pt\/wp-content\/uploads\/sites\/20\/2022\/02\/buy-lortab-10-325mg-pills-online.jpg","contentUrl":"https:\/\/medicinasinc.com\/pt\/wp-content\/uploads\/sites\/20\/2022\/02\/buy-lortab-10-325mg-pills-online.jpg","width":600,"height":600},{"@type":"BreadcrumbList","@id":"https:\/\/medicinasinc.com\/pt\/product\/comprar-lortab-10-325mg\/#breadcrumb","itemListElement":[{"@type":"ListItem","position":1,"name":"Comprar","item":"https:\/\/medicinasinc.com\/pt\/comprar\/"},{"@type":"ListItem","position":2,"name":"Compre Lortab 10\/325mg"}]},{"@type":"WebSite","@id":"https:\/\/medicinasinc.com\/pt\/#website","url":"https:\/\/medicinasinc.com\/pt\/","name":"Medicinas Inc","description":"Health Medical Clinic","potentialAction":[{"@type":"SearchAction","target":{"@type":"EntryPoint","urlTemplate":"https:\/\/medicinasinc.com\/pt\/?s={search_term_string}"},"query-input":{"@type":"PropertyValueSpecification","valueRequired":true,"valueName":"search_term_string"}}],"inLanguage":"pt-PT"}]}},"_links":{"self":[{"href":"https:\/\/medicinasinc.com\/pt\/wp-json\/wp\/v2\/product\/5238","targetHints":{"allow":["GET"]}}],"collection":[{"href":"https:\/\/medicinasinc.com\/pt\/wp-json\/wp\/v2\/product"}],"about":[{"href":"https:\/\/medicinasinc.com\/pt\/wp-json\/wp\/v2\/types\/product"}],"replies":[{"embeddable":true,"href":"https:\/\/medicinasinc.com\/pt\/wp-json\/wp\/v2\/comments?post=5238"}],"wp:featuredmedia":[{"embeddable":true,"href":"https:\/\/medicinasinc.com\/pt\/wp-json\/wp\/v2\/media\/5256"}],"wp:attachment":[{"href":"https:\/\/medicinasinc.com\/pt\/wp-json\/wp\/v2\/media?parent=5238"}],"wp:term":[{"taxonomy":"product_brand","embeddable":true,"href":"https:\/\/medicinasinc.com\/pt\/wp-json\/wp\/v2\/product_brand?post=5238"},{"taxonomy":"product_cat","embeddable":true,"href":"https:\/\/medicinasinc.com\/pt\/wp-json\/wp\/v2\/product_cat?post=5238"},{"taxonomy":"product_tag","embeddable":true,"href":"https:\/\/medicinasinc.com\/pt\/wp-json\/wp\/v2\/product_tag?post=5238"}],"curies":[{"name":"wp","href":"https:\/\/api.w.org\/{rel}","templated":true}]}}