{"id":5237,"date":"2022-02-20T22:24:46","date_gmt":"2022-02-20T22:24:46","guid":{"rendered":"https:\/\/medicinasinc.com\/pt\/?post_type=product&#038;p=5237"},"modified":"2022-07-05T23:22:03","modified_gmt":"2022-07-05T23:22:03","slug":"comprar-lioresal-baclofen-25mg-pilulas","status":"publish","type":"product","link":"https:\/\/medicinasinc.com\/pt\/product\/comprar-lioresal-baclofen-25mg-pilulas\/","title":{"rendered":"Compre comprimidos Lioresal Baclofen 25mg"},"content":{"rendered":"<p>Lioresal Baclofen 25mg comprimidos podem ser adquiridos online.<\/p>\n<p>INDICA\u00c7\u00d5ES<\/p>\n<p>Lioresal (Baclofen) \u00e9 um antiespasm\u00f3dico e relaxante muscular.<\/p>\n<p>Baclofen \u00e9 usado para tratar espasmos musculares, desconforto e rigidez associados \u00e0 esclerose m\u00faltipla.<\/p>\n<p>Baclofeno pode ser usado para condi\u00e7\u00f5es adicionais n\u00e3o inclu\u00eddas neste guia de medica\u00e7\u00e3o.<\/p>\n<p>INSTRU\u00c7\u00d5ES<\/p>\n<p>Tome exatamente conforme indicado pelo seu m\u00e9dico. N\u00e3o consuma mais ou menos do que a quantidade sugerida ou por mais tempo do que o recomendado. Siga as instru\u00e7\u00f5es especificadas no r\u00f3tulo do medicamento.<\/p>\n<p>O seu m\u00e9dico pode ocasionalmente ajustar sua dose para garantir que voc\u00ea receba os melhores resultados poss\u00edveis.<br \/> Consulte seu m\u00e9dico se suas queixas musculares persistirem ap\u00f3s duas semanas de tratamento com este medicamento. N\u00e3o interrompa este medicamento sem antes consultar o seu m\u00e9dico. Quando voc\u00ea para de tomar baclofeno ap\u00f3s um per\u00edodo prolongado de uso, voc\u00ea pode ter sintomas de abstin\u00eancia, como convuls\u00f5es ou alucina\u00e7\u00f5es. Voc\u00ea pode precisar usar o medicamento cada vez menos at\u00e9 interromp\u00ea-lo completamente.<\/p>\n<p>DOSAGEM<\/p>\n<p>Tome o medicamento exatamente como prescrito pelo seu m\u00e9dico.<\/p>\n<p>Pacientes adultos com espasticidade da medula espinhal: Ap\u00f3s as primeiras 24 horas, a dose di\u00e1ria para pacientes adultos deve ser aumentada gradualmente em incrementos de 10-30% e apenas uma vez a cada 24 horas, at\u00e9 que o impacto terap\u00eautico desejado seja obtido.<\/p>\n<p>Adultos com Espasticidade Cerebral: Ap\u00f3s as primeiras 24 horas, a dose di\u00e1ria deve ser aumentada gradualmente em 5-15% a cada 24 horas, at\u00e9 que o impacto terap\u00eautico desejado seja obtido.<\/p>\n<p>Ap\u00f3s as primeiras 24 horas, a dose di\u00e1ria deve ser aumentada gradualmente em 5-15 por cento a cada 24 horas, at\u00e9 que o efeito terap\u00eautico desejado seja obtido. Se um aumento na dose di\u00e1ria n\u00e3o produzir uma resposta cl\u00ednica significativa, verifique o bom funcionamento da bomba e a permeabilidade do cateter. Durante a fase de triagem e o per\u00edodo de titula\u00e7\u00e3o da dose imediatamente ap\u00f3s o implante, os pacientes devem ser monitorados regularmente em um ambiente bem equipado e com equipe. O equipamento de ressuscita\u00e7\u00e3o deve estar prontamente dispon\u00edvel no caso de efeitos adversos potencialmente fatais ou inaceit\u00e1veis.<\/p>\n<p>ARMAZENAMENTO<\/p>\n<p>A refrigera\u00e7\u00e3o n\u00e3o \u00e9 necess\u00e1ria.<\/p>\n<p>Armazene abaixo de 86\u00b0F ( 30\u00b0C).<\/p>\n<p>Evite o congelamento.<\/p>\n<p>Evite a esteriliza\u00e7\u00e3o por calor.<\/p>\n<p>INFORMA\u00c7\u00d5ES ADICIONAIS:<\/p>\n<p>Baclofen \u00e9 o componente ativo.<\/p>\n<p>Lioresal \u00e9 um analg\u00e9sico. Diminui significativamente a frequ\u00eancia e a intensidade dos espasmos musculares causados \u200b\u200bpor doen\u00e7as neurol\u00f3gicas, como a esclerose m\u00faltipla.<\/p>\n<p>INFORMA\u00c7\u00d5ES IMPORTANTES DE SEGURAN\u00c7A<\/p>\n<p>Se voc\u00ea \u00e9 al\u00e9rgico ao baclofeno, deve evitar us\u00e1-lo.<\/p>\n<p>Informe seu m\u00e9dico se voc\u00ea tiver alguma das seguintes condi\u00e7\u00f5es adicionais para garantir que voc\u00ea possa tomar baclofeno com seguran\u00e7a:<\/p>\n<p>doen\u00e7a dos rins<\/p>\n<p>uma doen\u00e7a convulsiva, como epilepsia; ou<\/p>\n<p>um hist\u00f3rico pessoal ou familiar de acidente vascular cerebral ou co\u00e1gulos sangu\u00edneos.<\/p>\n<p>O uso de baclofeno pode aumentar o risco de desenvolver um cisto ovariano. Consulte o seu m\u00e9dico sobre o seu risco espec\u00edfico. Classifica\u00e7\u00e3o C da gravidez da FDA. N\u00e3o se sabe se o baclofeno \u00e9 t\u00f3xico para o feto. Informe o seu m\u00e9dico se estiver gr\u00e1vida ou quiser engravidar enquanto estiver a tomar este medicamento. Desconhece-se se o baclofeno entra no leite materno ou se \u00e9 prejudicial para os lactentes. A amamenta\u00e7\u00e3o deve ser evitada ao tomar baclofeno. Nunca administre este medicamento a um jovem com idade inferior a 12 anos. Idosos podem ser mais suscet\u00edveis aos efeitos deste medicamento.<\/p>\n<p>Informa\u00e7\u00f5es de seguran\u00e7a que s\u00e3o cr\u00edticas<\/p>\n<p>Este medicamento tem o potencial de afetar seu pensamento e rea\u00e7\u00f5es. Tome cuidado se voc\u00ea dirigir ou fizer qualquer outra coisa que exija alerta. O consumo de \u00e1lcool pode exacerbar certos efeitos adversos do baclofeno. Evite usar baclofeno durante os momentos em que o t\u00f4nus \u200b\u200bmuscular \u00e9 necess\u00e1rio para o equil\u00edbrio e a mobilidade adequados durante atividades espec\u00edficas. Em algumas circunst\u00e2ncias, estar em um estado de baixo t\u00f4nus \u200b\u200bmuscular pode comprometer sua seguran\u00e7a f\u00edsica.<\/p>\n<div class=\"product-next-previous\">\n<div class=\"product-prev\">\n<p><strong>EFEITOS COLATERAIS<\/strong><\/p>\n<p>Obtenha ajuda m\u00e9dica de emerg\u00eancia se tiver algum destes sinais de rea\u00e7\u00e3o al\u00e9rgica: urtic\u00e1ria; respira\u00e7\u00e3o dif\u00edcil; incha\u00e7o do rosto, l\u00e1bios, l\u00edngua ou garganta. Ligue para o seu m\u00e9dico imediatamente se tiver um efeito colateral grave, como:<\/p>\n<p>convuls\u00f5es;<\/p>\n<p>confus\u00e3o, alucina\u00e7\u00f5es; ou<\/p>\n<p>um batimento card\u00edaco irregular.<\/p>\n<p>Os efeitos colaterais menos graves podem incluir:<\/p>\n<p>sonol\u00eancia, tontura, fraqueza, sensa\u00e7\u00e3o de cansa\u00e7o;<\/p>\n<p>dor de cabe\u00e7a ;<\/p>\n<p>problemas de sono (ins\u00f4nia);<\/p>\n<p>n\u00e1useas, constipa\u00e7\u00e3o; ou<\/p>\n<p>urinar com mais frequ\u00eancia do que o habitual.<\/p>\n<p>Esta n\u00e3o \u00e9 uma lista completa de efeitos colaterais e outros podem ocorrer.<\/p>\n<p>Chame seu m\u00e9dico para aconselhamento m\u00e9dico sobre o lado efeitos.<\/p>\n<\/p><\/div><\/div>\n<div class=\"product-next-previous\">\n<div class=\"product-prev\"><\/div><\/div>\n","protected":false},"excerpt":{"rendered":"<p>Compre os comprimidos Lioresal Baclofen 25mg \u00e0 venda na Europa e no Reino Unido online. Os comprimidos de Baclofen de f\u00f3rmula tridimensional Lioresal devem ser ingeridos inteiros, com alimentos. A dose inicial \u00e9 de 5 mg tr\u00eas vezes ao dia.<\/p>\n<p>Lioresal 25 mg Tablet (10 Tab) pode ser adquirido online. BACLOFEN 25MG \u00e9 o nome gen\u00e9rico. Lioresal\u00a0&#8230; Baclofeno 25 mg est\u00e1 contido em cada comprimido Lioresal 25 mg n\u00e3o revestido.<\/p>\n<p>uso de baclofeno nas p\u00edlulas de baclofeno do Reino Unido o que s\u00e3o? medicamento lioresal 25 mg baclofeno lioresal 10 mg comprimido<\/p>\n<p>comprimido de baclofeno 10 mg<\/p>\n","protected":false},"featured_media":5254,"comment_status":"open","ping_status":"closed","template":"","meta":[],"product_brand":[],"product_cat":[1117],"product_tag":[1462,1440,1445,1446,1447,1448,1449,1453,1454,1455,1441,1442,1443,1464,1463,1465,1451,1452,1450,1456,1467,1468,1444,1457,1460,1458,1459,1461,1466,1469,1439],"class_list":{"0":"post-5237","1":"product","2":"type-product","3":"status-publish","4":"has-post-thumbnail","6":"product_cat-compre-pilulas-para-dor-sono-e-sexo","7":"product_tag-efeitos-colaterais-lioresal-25","8":"product_tag-baclofen-lioresal","9":"product_tag-baclofen-lioresal-side-effects","10":"product_tag-baclofen-10-mg-generic-for-lioresal-do-you-need-to-eat-before","11":"product_tag-baclofen-gablofen-lioresal","12":"product_tag-baclofen-lioresal-10-mg","13":"product_tag-baclofen-lioresal-comprar-mxico","14":"product_tag-baclofen-lioresal-why-am-i-so-tired","15":"product_tag-baclofen-vs-lioresal","16":"product_tag-baclofen","17":"product_tag-baclofeno-lioresal-20mg","18":"product_tag-baclofeno-lioresal-1-a-2-meses","19":"product_tag-baclofen-lioresal-10-mg-oral-ta","20":"product_tag-lioresal-baclofen-10-mg","21":"product_tag-lioresal-baclofeno","22":"product_tag-lioresal-baclofen-25-mg","23":"product_tag-baclofeno-lioresal-oral-intracal","24":"product_tag-baclofeno-lioresal-tizandina-zanaflex","25":"product_tag-classe-de-drogas-baclofeno-lioresal","26":"product_tag-dantroleno-dantrium","27":"product_tag-lioresal-dosagem","28":"product_tag-efeitos-colaterais-lioresal","29":"product_tag-baclofeno-lioresal-ismulo","30":"product_tag-lioresal-10-mg-baclofeno","31":"product_tag-lioresal-10-mg-comprimidos-usos","32":"product_tag-lioresal-10-mg-dosagem","33":"product_tag-efeitos-colaterais-lioresal-10-mg","34":"product_tag-lioresal-25-mg-baclofeno","35":"product_tag-lioresal-baclofen-fornecer","36":"product_tag-tizanidina","37":"product_tag-um-usar-no-marcado-para-baclofeno-lioresal--para-tratar","39":"first","40":"instock","41":"shipping-taxable","42":"purchasable","43":"product-type-variable","44":"has-default-attributes"},"yoast_head":"<!-- This site is optimized with the Yoast SEO plugin v27.3 - https:\/\/yoast.com\/product\/yoast-seo-wordpress\/ -->\n<title>Compre comprimidos Lioresal Baclofen 25mg - Best Global Meds<\/title>\n<meta name=\"description\" content=\"Compre Lioresal Baclofen 25mg comprimidos para venda Europa, Reino Unido online. Os comprimidos de Baclofen 3d formula Lioresal devem ser tomados por via oral, com alimentos. A dosagem inicial \u00e9 de 5 mg 3 vezes ao dia.\" \/>\n<meta name=\"robots\" content=\"index, follow, max-snippet:-1, max-image-preview:large, max-video-preview:-1\" \/>\n<link rel=\"canonical\" href=\"https:\/\/medicinasinc.com\/pt\/product\/comprar-lioresal-baclofen-25mg-pilulas\/\" \/>\n<meta property=\"og:locale\" content=\"pt_PT\" \/>\n<meta property=\"og:type\" content=\"article\" \/>\n<meta property=\"og:title\" content=\"Compre comprimidos Lioresal Baclofen 25mg - Best Global Meds\" \/>\n<meta property=\"og:description\" content=\"Compre Lioresal Baclofen 25mg comprimidos para venda Europa, Reino Unido online. Os comprimidos de Baclofen 3d formula Lioresal devem ser tomados por via oral, com alimentos. A dosagem inicial \u00e9 de 5 mg 3 vezes ao dia.\" \/>\n<meta property=\"og:url\" content=\"https:\/\/medicinasinc.com\/pt\/product\/comprar-lioresal-baclofen-25mg-pilulas\/\" \/>\n<meta property=\"og:site_name\" content=\"Medicinas Inc\" \/>\n<meta property=\"article:modified_time\" content=\"2022-07-05T23:22:03+00:00\" \/>\n<meta property=\"og:image\" content=\"https:\/\/medicinasinc.com\/pt\/wp-content\/uploads\/sites\/20\/2022\/02\/Buy-Lioresal-Baclofen-25mg.jpg\" \/>\n\t<meta property=\"og:image:width\" content=\"1280\" \/>\n\t<meta property=\"og:image:height\" content=\"720\" \/>\n\t<meta property=\"og:image:type\" content=\"image\/jpeg\" \/>\n<meta name=\"twitter:card\" content=\"summary_large_image\" \/>\n<meta name=\"twitter:label1\" content=\"Tempo estimado de leitura\" \/>\n\t<meta name=\"twitter:data1\" content=\"3 minutos\" \/>\n<script type=\"application\/ld+json\" class=\"yoast-schema-graph\">{\"@context\":\"https:\\\/\\\/schema.org\",\"@graph\":[{\"@type\":\"WebPage\",\"@id\":\"https:\\\/\\\/medicinasinc.com\\\/pt\\\/product\\\/comprar-lioresal-baclofen-25mg-pilulas\\\/\",\"url\":\"https:\\\/\\\/medicinasinc.com\\\/pt\\\/product\\\/comprar-lioresal-baclofen-25mg-pilulas\\\/\",\"name\":\"Compre comprimidos Lioresal Baclofen 25mg - Best Global Meds\",\"isPartOf\":{\"@id\":\"https:\\\/\\\/medicinasinc.com\\\/pt\\\/#website\"},\"primaryImageOfPage\":{\"@id\":\"https:\\\/\\\/medicinasinc.com\\\/pt\\\/product\\\/comprar-lioresal-baclofen-25mg-pilulas\\\/#primaryimage\"},\"image\":{\"@id\":\"https:\\\/\\\/medicinasinc.com\\\/pt\\\/product\\\/comprar-lioresal-baclofen-25mg-pilulas\\\/#primaryimage\"},\"thumbnailUrl\":\"https:\\\/\\\/medicinasinc.com\\\/pt\\\/wp-content\\\/uploads\\\/sites\\\/20\\\/2022\\\/02\\\/Buy-Lioresal-Baclofen-25mg.jpg\",\"datePublished\":\"2022-02-20T22:24:46+00:00\",\"dateModified\":\"2022-07-05T23:22:03+00:00\",\"description\":\"Compre Lioresal Baclofen 25mg comprimidos para venda Europa, Reino Unido online. Os comprimidos de Baclofen 3d formula Lioresal devem ser tomados por via oral, com alimentos. A dosagem inicial \u00e9 de 5 mg 3 vezes ao dia.\",\"breadcrumb\":{\"@id\":\"https:\\\/\\\/medicinasinc.com\\\/pt\\\/product\\\/comprar-lioresal-baclofen-25mg-pilulas\\\/#breadcrumb\"},\"inLanguage\":\"pt-PT\",\"potentialAction\":[{\"@type\":\"ReadAction\",\"target\":[\"https:\\\/\\\/medicinasinc.com\\\/pt\\\/product\\\/comprar-lioresal-baclofen-25mg-pilulas\\\/\"]}]},{\"@type\":\"ImageObject\",\"inLanguage\":\"pt-PT\",\"@id\":\"https:\\\/\\\/medicinasinc.com\\\/pt\\\/product\\\/comprar-lioresal-baclofen-25mg-pilulas\\\/#primaryimage\",\"url\":\"https:\\\/\\\/medicinasinc.com\\\/pt\\\/wp-content\\\/uploads\\\/sites\\\/20\\\/2022\\\/02\\\/Buy-Lioresal-Baclofen-25mg.jpg\",\"contentUrl\":\"https:\\\/\\\/medicinasinc.com\\\/pt\\\/wp-content\\\/uploads\\\/sites\\\/20\\\/2022\\\/02\\\/Buy-Lioresal-Baclofen-25mg.jpg\",\"width\":1280,\"height\":720},{\"@type\":\"BreadcrumbList\",\"@id\":\"https:\\\/\\\/medicinasinc.com\\\/pt\\\/product\\\/comprar-lioresal-baclofen-25mg-pilulas\\\/#breadcrumb\",\"itemListElement\":[{\"@type\":\"ListItem\",\"position\":1,\"name\":\"Comprar\",\"item\":\"https:\\\/\\\/medicinasinc.com\\\/pt\\\/comprar\\\/\"},{\"@type\":\"ListItem\",\"position\":2,\"name\":\"Compre comprimidos Lioresal Baclofen 25mg\"}]},{\"@type\":\"WebSite\",\"@id\":\"https:\\\/\\\/medicinasinc.com\\\/pt\\\/#website\",\"url\":\"https:\\\/\\\/medicinasinc.com\\\/pt\\\/\",\"name\":\"Medicinas Inc\",\"description\":\"Health Medical Clinic\",\"potentialAction\":[{\"@type\":\"SearchAction\",\"target\":{\"@type\":\"EntryPoint\",\"urlTemplate\":\"https:\\\/\\\/medicinasinc.com\\\/pt\\\/?s={search_term_string}\"},\"query-input\":{\"@type\":\"PropertyValueSpecification\",\"valueRequired\":true,\"valueName\":\"search_term_string\"}}],\"inLanguage\":\"pt-PT\"}]}<\/script>\n<!-- \/ Yoast SEO plugin. -->","yoast_head_json":{"title":"Compre comprimidos Lioresal Baclofen 25mg - Best Global Meds","description":"Compre Lioresal Baclofen 25mg comprimidos para venda Europa, Reino Unido online. Os comprimidos de Baclofen 3d formula Lioresal devem ser tomados por via oral, com alimentos. A dosagem inicial \u00e9 de 5 mg 3 vezes ao dia.","robots":{"index":"index","follow":"follow","max-snippet":"max-snippet:-1","max-image-preview":"max-image-preview:large","max-video-preview":"max-video-preview:-1"},"canonical":"https:\/\/medicinasinc.com\/pt\/product\/comprar-lioresal-baclofen-25mg-pilulas\/","og_locale":"pt_PT","og_type":"article","og_title":"Compre comprimidos Lioresal Baclofen 25mg - Best Global Meds","og_description":"Compre Lioresal Baclofen 25mg comprimidos para venda Europa, Reino Unido online. Os comprimidos de Baclofen 3d formula Lioresal devem ser tomados por via oral, com alimentos. A dosagem inicial \u00e9 de 5 mg 3 vezes ao dia.","og_url":"https:\/\/medicinasinc.com\/pt\/product\/comprar-lioresal-baclofen-25mg-pilulas\/","og_site_name":"Medicinas Inc","article_modified_time":"2022-07-05T23:22:03+00:00","og_image":[{"width":1280,"height":720,"url":"https:\/\/medicinasinc.com\/pt\/wp-content\/uploads\/sites\/20\/2022\/02\/Buy-Lioresal-Baclofen-25mg.jpg","type":"image\/jpeg"}],"twitter_card":"summary_large_image","twitter_misc":{"Tempo estimado de leitura":"3 minutos"},"schema":{"@context":"https:\/\/schema.org","@graph":[{"@type":"WebPage","@id":"https:\/\/medicinasinc.com\/pt\/product\/comprar-lioresal-baclofen-25mg-pilulas\/","url":"https:\/\/medicinasinc.com\/pt\/product\/comprar-lioresal-baclofen-25mg-pilulas\/","name":"Compre comprimidos Lioresal Baclofen 25mg - Best Global Meds","isPartOf":{"@id":"https:\/\/medicinasinc.com\/pt\/#website"},"primaryImageOfPage":{"@id":"https:\/\/medicinasinc.com\/pt\/product\/comprar-lioresal-baclofen-25mg-pilulas\/#primaryimage"},"image":{"@id":"https:\/\/medicinasinc.com\/pt\/product\/comprar-lioresal-baclofen-25mg-pilulas\/#primaryimage"},"thumbnailUrl":"https:\/\/medicinasinc.com\/pt\/wp-content\/uploads\/sites\/20\/2022\/02\/Buy-Lioresal-Baclofen-25mg.jpg","datePublished":"2022-02-20T22:24:46+00:00","dateModified":"2022-07-05T23:22:03+00:00","description":"Compre Lioresal Baclofen 25mg comprimidos para venda Europa, Reino Unido online. Os comprimidos de Baclofen 3d formula Lioresal devem ser tomados por via oral, com alimentos. A dosagem inicial \u00e9 de 5 mg 3 vezes ao dia.","breadcrumb":{"@id":"https:\/\/medicinasinc.com\/pt\/product\/comprar-lioresal-baclofen-25mg-pilulas\/#breadcrumb"},"inLanguage":"pt-PT","potentialAction":[{"@type":"ReadAction","target":["https:\/\/medicinasinc.com\/pt\/product\/comprar-lioresal-baclofen-25mg-pilulas\/"]}]},{"@type":"ImageObject","inLanguage":"pt-PT","@id":"https:\/\/medicinasinc.com\/pt\/product\/comprar-lioresal-baclofen-25mg-pilulas\/#primaryimage","url":"https:\/\/medicinasinc.com\/pt\/wp-content\/uploads\/sites\/20\/2022\/02\/Buy-Lioresal-Baclofen-25mg.jpg","contentUrl":"https:\/\/medicinasinc.com\/pt\/wp-content\/uploads\/sites\/20\/2022\/02\/Buy-Lioresal-Baclofen-25mg.jpg","width":1280,"height":720},{"@type":"BreadcrumbList","@id":"https:\/\/medicinasinc.com\/pt\/product\/comprar-lioresal-baclofen-25mg-pilulas\/#breadcrumb","itemListElement":[{"@type":"ListItem","position":1,"name":"Comprar","item":"https:\/\/medicinasinc.com\/pt\/comprar\/"},{"@type":"ListItem","position":2,"name":"Compre comprimidos Lioresal Baclofen 25mg"}]},{"@type":"WebSite","@id":"https:\/\/medicinasinc.com\/pt\/#website","url":"https:\/\/medicinasinc.com\/pt\/","name":"Medicinas Inc","description":"Health Medical Clinic","potentialAction":[{"@type":"SearchAction","target":{"@type":"EntryPoint","urlTemplate":"https:\/\/medicinasinc.com\/pt\/?s={search_term_string}"},"query-input":{"@type":"PropertyValueSpecification","valueRequired":true,"valueName":"search_term_string"}}],"inLanguage":"pt-PT"}]}},"_links":{"self":[{"href":"https:\/\/medicinasinc.com\/pt\/wp-json\/wp\/v2\/product\/5237","targetHints":{"allow":["GET"]}}],"collection":[{"href":"https:\/\/medicinasinc.com\/pt\/wp-json\/wp\/v2\/product"}],"about":[{"href":"https:\/\/medicinasinc.com\/pt\/wp-json\/wp\/v2\/types\/product"}],"replies":[{"embeddable":true,"href":"https:\/\/medicinasinc.com\/pt\/wp-json\/wp\/v2\/comments?post=5237"}],"wp:featuredmedia":[{"embeddable":true,"href":"https:\/\/medicinasinc.com\/pt\/wp-json\/wp\/v2\/media\/5254"}],"wp:attachment":[{"href":"https:\/\/medicinasinc.com\/pt\/wp-json\/wp\/v2\/media?parent=5237"}],"wp:term":[{"taxonomy":"product_brand","embeddable":true,"href":"https:\/\/medicinasinc.com\/pt\/wp-json\/wp\/v2\/product_brand?post=5237"},{"taxonomy":"product_cat","embeddable":true,"href":"https:\/\/medicinasinc.com\/pt\/wp-json\/wp\/v2\/product_cat?post=5237"},{"taxonomy":"product_tag","embeddable":true,"href":"https:\/\/medicinasinc.com\/pt\/wp-json\/wp\/v2\/product_tag?post=5237"}],"curies":[{"name":"wp","href":"https:\/\/api.w.org\/{rel}","templated":true}]}}