{"id":5236,"date":"2022-02-20T22:23:28","date_gmt":"2022-02-20T22:23:28","guid":{"rendered":"https:\/\/medicinasinc.com\/pt\/?post_type=product&#038;p=5236"},"modified":"2022-07-05T23:22:17","modified_gmt":"2022-07-05T23:22:17","slug":"comprar-lexotanil-bromazepam-3mg-pilulas-online","status":"publish","type":"product","link":"https:\/\/medicinasinc.com\/pt\/product\/comprar-lexotanil-bromazepam-3mg-pilulas-online\/","title":{"rendered":"Compre comprimidos de Lexotanil Bromazepam 3mg online"},"content":{"rendered":"<p>Lexotanil Bromazepam 3mg comprimidos para comprar online<br \/> Lexotanil Bromazepam 3mg comprimidos online | lexotanil bromazepam<br \/> Qual \u00e9 a finalidade do bromazepam lexotanil 3 mg?<br \/> Bromazepam (nome comercial Lexotan\u00ae) \u00e9 um benzodiazep\u00ednico. \u00c9 usado principalmente para auxiliar no tratamento de sintomas de ansiedade. Al\u00e9m disso, pode ser utilizado para aliviar os sintomas de p\u00e2nico e ansiedade social. \u00c9 fabricado em forma de comprimido.<\/p>\n<p>Qual \u200b\u200b\u00e9 a dose t\u00edpica de bromazepam?<\/p>\n<p>O bromazepam \u00e9 normalmente prescrito em adultos para ansiedade em uma dose de 3-18mg por dia, geralmente distribu\u00edda ao longo o dia. Em adultos mais velhos, a dose deve ser reduzida pela metade, ou seja, metade da dose para adultos.<\/p>\n<p>Como e quando Lexotan lexotanil 3 mg deve ser tomado?<\/p>\n<p>Sentado ou em p\u00e9, engula os comprimidos com pelo menos meio copo de \u00e1gua. Isso garante que ele chegue ao est\u00f4mago e n\u00e3o fique alojado na garganta. O bromazepam \u00e9 seguro para tomar antes, com ou depois de comer.<\/p>\n<p>Quanto tempo o bromazepam leva para fazer efeito?<br \/> O bromazepam geralmente come\u00e7a a funcionar ap\u00f3s cerca de uma hora. O efeito pode ent\u00e3o se intensificar ao longo de v\u00e1rios dias ou semanas.<br \/> Por quanto tempo eu tenho que continuar tomando lexotanil 3 mg?<br \/> Isso varia dependendo da finalidade para a qual voc\u00ea est\u00e1 tomando. LEXOTANIL, muitas vezes escrito Lexotan<\/p>\n<p>Posso parar abruptamente de tomar bromazepam?<\/p>\n<p>Se voc\u00ea tomar bromazepam diariamente por mais de 4 a 6 semanas, voc\u00ea pode desenvolver um v\u00edcio. , mas isso n\u00e3o \u00e9 uma preocupa\u00e7\u00e3o se voc\u00ea estiver tomando para epilepsia. Se voc\u00ea estiver tomando regularmente, pode ser prudente diminuir gradualmente a dose ao longo de alguns dias ou semanas. Voc\u00ea deve discutir isso em detalhes com seu m\u00e9dico, enfermeiro ou farmac\u00eautico. Se voc\u00ea tom\u00e1-lo &#8220;conforme necess\u00e1rio&#8221; a cada poucos dias, poder\u00e1 interromper quando n\u00e3o precisar mais. 3 lexotanil<\/p>\n<p>O que eu fa\u00e7o se eu esquecer uma dose de LEXOTAN?<br \/> Tome a dose que falta assim que se lembrar, a menos que seja menos de 4 horas antes da pr\u00f3xima dose.<br \/> Se voc\u00ea se lembrar de ter feito isso, simplesmente tome a pr\u00f3xima dose como de costume. N\u00e3o tente recuperar o atraso tomando duas doses ao mesmo tempo, pois isso pode resultar em aumento dos efeitos adversos.<br \/> Posso consumir \u00e1lcool enquanto estiver tomando bromazepam? Adquira BROMAZEPAM LEXOTANIL, tamb\u00e9m conhecido como Lexotan 3 MG.<br \/> Se voc\u00ea beber \u00e1lcool enquanto estiver tomando LEXOTANIL, poder\u00e1 sentir um aumento da sonol\u00eancia. Isso \u00e9 especialmente cr\u00edtico se voc\u00ea estiver dirigindo ou usando m\u00e1quinas, e voc\u00ea deve obter aconselhamento sobre isso.<\/p>\n<p>Que tipo de efeitos adversos eu provavelmente sentirei se eu tomar bromazepam? Adquira BROMAZEPAM LEXOTANIL, tamb\u00e9m conhecido como Lexotan 3 MG.<\/p>\n<p>V\u00e1rios indiv\u00edduos obt\u00eam: Apenas algumas pessoas obt\u00eam: Apenas algumas poucas pessoas obt\u00eam:<br \/> Tonturas<br \/> Sonol\u00eancia<br \/> O no dia seguinte, voc\u00ea pode se sentir inst\u00e1vel em seus p\u00e9s.<br \/> Dor de cabe\u00e7a<br \/> Confus\u00e3o<br \/> Ins\u00f4nia (esquecer as coisas)<br \/> N\u00e3o se assuste com a seguinte lista de efeitos adversos. Alguns indiv\u00edduos n\u00e3o experimentam nenhum efeito adverso, enquanto outros podem experimentar alguns que n\u00e3o est\u00e3o inclu\u00eddos aqui. Se voc\u00ea acredita que pode estar tendo um efeito colateral de sua medica\u00e7\u00e3o, consulte seu m\u00e9dico, enfermeiro ou farmac\u00eautico.<\/p>\n<p>\u00c9 seguro para mim dirigir ou andar de bicicleta enquanto estiver tomando LEXOTANIL?<\/p>\n<p> O bromazepam pode prejudicar sua capacidade de dirigir e induzir tonturas e vertigens leves.<\/p>\n<p>Tome cuidado ao dirigir ou operar m\u00e1quinas at\u00e9 saber como o bromazepam o afeta. Voc\u00ea deve ter cuidado, pois isso pode fazer com que seu tempo de rea\u00e7\u00e3o diminua.<\/p>\n","protected":false},"excerpt":{"rendered":"<p>Os comprimidos de lexotanil bromazepam 3mg podem ser adquiridos online. Bromazepam (Lexotanil) \u00e9 um membro da classe de medicamentos benzodiazep\u00ednicos, que inclui antidepressivos, agentes antip\u00e2nicos e relaxantes musculares.<\/p>\n<p>Bromazepam \u00e9 um benzodiazep\u00ednico de a\u00e7\u00e3o curta com in\u00edcio lento que \u00e9 frequentemente usado&amp;# 8230; Comprimido, 3 mg, Oral, Alti-bromazepam 3mg Comprimidos, Melhores Medicamentos Globais<\/p>\n<p>Compre Bromazepam Online Sem Prescri\u00e7\u00e3o | Compre Lexotan 6mg on-line sem receita m\u00e9dica<\/p>\n<p>Bromazepam (Lexotanil) \u00e9 um benzodiazep\u00ednico.<\/p>\n","protected":false},"featured_media":5252,"comment_status":"open","ping_status":"closed","template":"","meta":[],"product_brand":[],"product_cat":[1117],"product_tag":[1419,1420,1421,1422,1423,1424,1425,1428,1426,1427,1438,1429,1430,1431,1432,1433,1434,1435,1436,1437],"class_list":{"0":"post-5236","1":"product","2":"type-product","3":"status-publish","4":"has-post-thumbnail","6":"product_cat-compre-pilulas-para-dor-sono-e-sexo","7":"product_tag-3-mg","8":"product_tag-3mg","9":"product_tag-3mg-klonopina","10":"product_tag-bromazepam","11":"product_tag-bromazepam-lexotanil","12":"product_tag-bromazepam-lexotanil-6mg-for-sale","13":"product_tag-bromazepam-lexotanil-para-venda","14":"product_tag-can-you-overdose-on-lexapro","15":"product_tag-comprar-lexotanil-bromazepam","16":"product_tag-comprar-lexotanil-bromazepam-do-canad","17":"product_tag-abas-plulas-drogas","18":"product_tag-is-lexapro-a-benzodiazepinas","19":"product_tag-lexapro-generic-name","20":"product_tag-lexatin","21":"product_tag-lexomil","22":"product_tag-lexotan","23":"product_tag-lexotan-3mg","24":"product_tag-lexotanil","25":"product_tag-lexotanil-bromazepam","26":"product_tag-lexotanil-bromazepan-3mg","28":"first","29":"instock","30":"shipping-taxable","31":"purchasable","32":"product-type-variable","33":"has-default-attributes"},"yoast_head":"<!-- This site is optimized with the Yoast SEO plugin v27.3 - https:\/\/yoast.com\/product\/yoast-seo-wordpress\/ -->\n<title>Compre comprimidos de Lexotanil Bromazepam 3mg online - Best Best Global Meds<\/title>\n<meta name=\"description\" content=\"Compre Lexotanil Bromazepam 3mg comprimidos para venda online uk, europa. Bromazepam (Lexotanil) est\u00e1 no grupo de medicamentos conhecidos como benzodiazep\u00ednicos, uma classe de antidepressivos, agentes antip\u00e2nicos e relaxantes musculares.\" \/>\n<meta name=\"robots\" content=\"index, follow, max-snippet:-1, max-image-preview:large, max-video-preview:-1\" \/>\n<link rel=\"canonical\" href=\"https:\/\/medicinasinc.com\/pt\/product\/comprar-lexotanil-bromazepam-3mg-pilulas-online\/\" \/>\n<meta property=\"og:locale\" content=\"pt_PT\" \/>\n<meta property=\"og:type\" content=\"article\" \/>\n<meta property=\"og:title\" content=\"Compre comprimidos de Lexotanil Bromazepam 3mg online - Best Best Global Meds\" \/>\n<meta property=\"og:description\" content=\"Compre Lexotanil Bromazepam 3mg comprimidos para venda online uk, europa. Bromazepam (Lexotanil) est\u00e1 no grupo de medicamentos conhecidos como benzodiazep\u00ednicos, uma classe de antidepressivos, agentes antip\u00e2nicos e relaxantes musculares.\" \/>\n<meta property=\"og:url\" content=\"https:\/\/medicinasinc.com\/pt\/product\/comprar-lexotanil-bromazepam-3mg-pilulas-online\/\" \/>\n<meta property=\"og:site_name\" content=\"Medicinas Inc\" \/>\n<meta property=\"article:modified_time\" content=\"2022-07-05T23:22:17+00:00\" \/>\n<meta property=\"og:image\" content=\"https:\/\/medicinasinc.com\/pt\/wp-content\/uploads\/sites\/20\/2022\/02\/Buy-Lexotan-Bromazepam-3mg.jpg\" \/>\n\t<meta property=\"og:image:width\" content=\"600\" \/>\n\t<meta property=\"og:image:height\" content=\"600\" \/>\n\t<meta property=\"og:image:type\" content=\"image\/jpeg\" \/>\n<meta name=\"twitter:card\" content=\"summary_large_image\" \/>\n<meta name=\"twitter:label1\" content=\"Tempo estimado de leitura\" \/>\n\t<meta name=\"twitter:data1\" content=\"3 minutos\" \/>\n<script type=\"application\/ld+json\" class=\"yoast-schema-graph\">{\"@context\":\"https:\\\/\\\/schema.org\",\"@graph\":[{\"@type\":\"WebPage\",\"@id\":\"https:\\\/\\\/medicinasinc.com\\\/pt\\\/product\\\/comprar-lexotanil-bromazepam-3mg-pilulas-online\\\/\",\"url\":\"https:\\\/\\\/medicinasinc.com\\\/pt\\\/product\\\/comprar-lexotanil-bromazepam-3mg-pilulas-online\\\/\",\"name\":\"Compre comprimidos de Lexotanil Bromazepam 3mg online - Best Best Global Meds\",\"isPartOf\":{\"@id\":\"https:\\\/\\\/medicinasinc.com\\\/pt\\\/#website\"},\"primaryImageOfPage\":{\"@id\":\"https:\\\/\\\/medicinasinc.com\\\/pt\\\/product\\\/comprar-lexotanil-bromazepam-3mg-pilulas-online\\\/#primaryimage\"},\"image\":{\"@id\":\"https:\\\/\\\/medicinasinc.com\\\/pt\\\/product\\\/comprar-lexotanil-bromazepam-3mg-pilulas-online\\\/#primaryimage\"},\"thumbnailUrl\":\"https:\\\/\\\/medicinasinc.com\\\/pt\\\/wp-content\\\/uploads\\\/sites\\\/20\\\/2022\\\/02\\\/Buy-Lexotan-Bromazepam-3mg.jpg\",\"datePublished\":\"2022-02-20T22:23:28+00:00\",\"dateModified\":\"2022-07-05T23:22:17+00:00\",\"description\":\"Compre Lexotanil Bromazepam 3mg comprimidos para venda online uk, europa. Bromazepam (Lexotanil) est\u00e1 no grupo de medicamentos conhecidos como benzodiazep\u00ednicos, uma classe de antidepressivos, agentes antip\u00e2nicos e relaxantes musculares.\",\"breadcrumb\":{\"@id\":\"https:\\\/\\\/medicinasinc.com\\\/pt\\\/product\\\/comprar-lexotanil-bromazepam-3mg-pilulas-online\\\/#breadcrumb\"},\"inLanguage\":\"pt-PT\",\"potentialAction\":[{\"@type\":\"ReadAction\",\"target\":[\"https:\\\/\\\/medicinasinc.com\\\/pt\\\/product\\\/comprar-lexotanil-bromazepam-3mg-pilulas-online\\\/\"]}]},{\"@type\":\"ImageObject\",\"inLanguage\":\"pt-PT\",\"@id\":\"https:\\\/\\\/medicinasinc.com\\\/pt\\\/product\\\/comprar-lexotanil-bromazepam-3mg-pilulas-online\\\/#primaryimage\",\"url\":\"https:\\\/\\\/medicinasinc.com\\\/pt\\\/wp-content\\\/uploads\\\/sites\\\/20\\\/2022\\\/02\\\/Buy-Lexotan-Bromazepam-3mg.jpg\",\"contentUrl\":\"https:\\\/\\\/medicinasinc.com\\\/pt\\\/wp-content\\\/uploads\\\/sites\\\/20\\\/2022\\\/02\\\/Buy-Lexotan-Bromazepam-3mg.jpg\",\"width\":600,\"height\":600},{\"@type\":\"BreadcrumbList\",\"@id\":\"https:\\\/\\\/medicinasinc.com\\\/pt\\\/product\\\/comprar-lexotanil-bromazepam-3mg-pilulas-online\\\/#breadcrumb\",\"itemListElement\":[{\"@type\":\"ListItem\",\"position\":1,\"name\":\"Comprar\",\"item\":\"https:\\\/\\\/medicinasinc.com\\\/pt\\\/comprar\\\/\"},{\"@type\":\"ListItem\",\"position\":2,\"name\":\"Compre comprimidos de Lexotanil Bromazepam 3mg online\"}]},{\"@type\":\"WebSite\",\"@id\":\"https:\\\/\\\/medicinasinc.com\\\/pt\\\/#website\",\"url\":\"https:\\\/\\\/medicinasinc.com\\\/pt\\\/\",\"name\":\"Medicinas Inc\",\"description\":\"Health Medical Clinic\",\"potentialAction\":[{\"@type\":\"SearchAction\",\"target\":{\"@type\":\"EntryPoint\",\"urlTemplate\":\"https:\\\/\\\/medicinasinc.com\\\/pt\\\/?s={search_term_string}\"},\"query-input\":{\"@type\":\"PropertyValueSpecification\",\"valueRequired\":true,\"valueName\":\"search_term_string\"}}],\"inLanguage\":\"pt-PT\"}]}<\/script>\n<!-- \/ Yoast SEO plugin. -->","yoast_head_json":{"title":"Compre comprimidos de Lexotanil Bromazepam 3mg online - Best Best Global Meds","description":"Compre Lexotanil Bromazepam 3mg comprimidos para venda online uk, europa. Bromazepam (Lexotanil) est\u00e1 no grupo de medicamentos conhecidos como benzodiazep\u00ednicos, uma classe de antidepressivos, agentes antip\u00e2nicos e relaxantes musculares.","robots":{"index":"index","follow":"follow","max-snippet":"max-snippet:-1","max-image-preview":"max-image-preview:large","max-video-preview":"max-video-preview:-1"},"canonical":"https:\/\/medicinasinc.com\/pt\/product\/comprar-lexotanil-bromazepam-3mg-pilulas-online\/","og_locale":"pt_PT","og_type":"article","og_title":"Compre comprimidos de Lexotanil Bromazepam 3mg online - Best Best Global Meds","og_description":"Compre Lexotanil Bromazepam 3mg comprimidos para venda online uk, europa. Bromazepam (Lexotanil) est\u00e1 no grupo de medicamentos conhecidos como benzodiazep\u00ednicos, uma classe de antidepressivos, agentes antip\u00e2nicos e relaxantes musculares.","og_url":"https:\/\/medicinasinc.com\/pt\/product\/comprar-lexotanil-bromazepam-3mg-pilulas-online\/","og_site_name":"Medicinas Inc","article_modified_time":"2022-07-05T23:22:17+00:00","og_image":[{"width":600,"height":600,"url":"https:\/\/medicinasinc.com\/pt\/wp-content\/uploads\/sites\/20\/2022\/02\/Buy-Lexotan-Bromazepam-3mg.jpg","type":"image\/jpeg"}],"twitter_card":"summary_large_image","twitter_misc":{"Tempo estimado de leitura":"3 minutos"},"schema":{"@context":"https:\/\/schema.org","@graph":[{"@type":"WebPage","@id":"https:\/\/medicinasinc.com\/pt\/product\/comprar-lexotanil-bromazepam-3mg-pilulas-online\/","url":"https:\/\/medicinasinc.com\/pt\/product\/comprar-lexotanil-bromazepam-3mg-pilulas-online\/","name":"Compre comprimidos de Lexotanil Bromazepam 3mg online - Best Best Global Meds","isPartOf":{"@id":"https:\/\/medicinasinc.com\/pt\/#website"},"primaryImageOfPage":{"@id":"https:\/\/medicinasinc.com\/pt\/product\/comprar-lexotanil-bromazepam-3mg-pilulas-online\/#primaryimage"},"image":{"@id":"https:\/\/medicinasinc.com\/pt\/product\/comprar-lexotanil-bromazepam-3mg-pilulas-online\/#primaryimage"},"thumbnailUrl":"https:\/\/medicinasinc.com\/pt\/wp-content\/uploads\/sites\/20\/2022\/02\/Buy-Lexotan-Bromazepam-3mg.jpg","datePublished":"2022-02-20T22:23:28+00:00","dateModified":"2022-07-05T23:22:17+00:00","description":"Compre Lexotanil Bromazepam 3mg comprimidos para venda online uk, europa. Bromazepam (Lexotanil) est\u00e1 no grupo de medicamentos conhecidos como benzodiazep\u00ednicos, uma classe de antidepressivos, agentes antip\u00e2nicos e relaxantes musculares.","breadcrumb":{"@id":"https:\/\/medicinasinc.com\/pt\/product\/comprar-lexotanil-bromazepam-3mg-pilulas-online\/#breadcrumb"},"inLanguage":"pt-PT","potentialAction":[{"@type":"ReadAction","target":["https:\/\/medicinasinc.com\/pt\/product\/comprar-lexotanil-bromazepam-3mg-pilulas-online\/"]}]},{"@type":"ImageObject","inLanguage":"pt-PT","@id":"https:\/\/medicinasinc.com\/pt\/product\/comprar-lexotanil-bromazepam-3mg-pilulas-online\/#primaryimage","url":"https:\/\/medicinasinc.com\/pt\/wp-content\/uploads\/sites\/20\/2022\/02\/Buy-Lexotan-Bromazepam-3mg.jpg","contentUrl":"https:\/\/medicinasinc.com\/pt\/wp-content\/uploads\/sites\/20\/2022\/02\/Buy-Lexotan-Bromazepam-3mg.jpg","width":600,"height":600},{"@type":"BreadcrumbList","@id":"https:\/\/medicinasinc.com\/pt\/product\/comprar-lexotanil-bromazepam-3mg-pilulas-online\/#breadcrumb","itemListElement":[{"@type":"ListItem","position":1,"name":"Comprar","item":"https:\/\/medicinasinc.com\/pt\/comprar\/"},{"@type":"ListItem","position":2,"name":"Compre comprimidos de Lexotanil Bromazepam 3mg online"}]},{"@type":"WebSite","@id":"https:\/\/medicinasinc.com\/pt\/#website","url":"https:\/\/medicinasinc.com\/pt\/","name":"Medicinas Inc","description":"Health Medical Clinic","potentialAction":[{"@type":"SearchAction","target":{"@type":"EntryPoint","urlTemplate":"https:\/\/medicinasinc.com\/pt\/?s={search_term_string}"},"query-input":{"@type":"PropertyValueSpecification","valueRequired":true,"valueName":"search_term_string"}}],"inLanguage":"pt-PT"}]}},"_links":{"self":[{"href":"https:\/\/medicinasinc.com\/pt\/wp-json\/wp\/v2\/product\/5236","targetHints":{"allow":["GET"]}}],"collection":[{"href":"https:\/\/medicinasinc.com\/pt\/wp-json\/wp\/v2\/product"}],"about":[{"href":"https:\/\/medicinasinc.com\/pt\/wp-json\/wp\/v2\/types\/product"}],"replies":[{"embeddable":true,"href":"https:\/\/medicinasinc.com\/pt\/wp-json\/wp\/v2\/comments?post=5236"}],"wp:featuredmedia":[{"embeddable":true,"href":"https:\/\/medicinasinc.com\/pt\/wp-json\/wp\/v2\/media\/5252"}],"wp:attachment":[{"href":"https:\/\/medicinasinc.com\/pt\/wp-json\/wp\/v2\/media?parent=5236"}],"wp:term":[{"taxonomy":"product_brand","embeddable":true,"href":"https:\/\/medicinasinc.com\/pt\/wp-json\/wp\/v2\/product_brand?post=5236"},{"taxonomy":"product_cat","embeddable":true,"href":"https:\/\/medicinasinc.com\/pt\/wp-json\/wp\/v2\/product_cat?post=5236"},{"taxonomy":"product_tag","embeddable":true,"href":"https:\/\/medicinasinc.com\/pt\/wp-json\/wp\/v2\/product_tag?post=5236"}],"curies":[{"name":"wp","href":"https:\/\/api.w.org\/{rel}","templated":true}]}}