{"id":5209,"date":"2022-02-20T21:59:55","date_gmt":"2022-02-20T21:59:55","guid":{"rendered":"https:\/\/medicinasinc.com\/pt\/?post_type=product&#038;p=5209"},"modified":"2022-07-05T23:22:33","modified_gmt":"2022-07-05T23:22:33","slug":"comprar-klonopin-2-mg","status":"publish","type":"product","link":"https:\/\/medicinasinc.com\/pt\/product\/comprar-klonopin-2-mg\/","title":{"rendered":"Compre Klonopin 2 mg"},"content":{"rendered":"<p>Online, voc\u00ea pode comprar comprimidos de 2 mg de Klonopin a um pre\u00e7o baixo.<\/p>\n<p>Klonopin \u00e9 um verdadeiro elixir que o ajudar\u00e1 a lidar com seus problemas. Tamb\u00e9m far\u00e1 voc\u00ea se sentir melhor.<\/p>\n<p>Klonopin \u00e9 um sedativo e anticonvulsivante benzodiazep\u00ednico, e pode ajudar as pessoas a relaxar e parar de ter convuls\u00f5es. \u00c9 usado principalmente para tratar transtornos de ansiedade, como transtorno do p\u00e2nico.<\/p>\n<p>D\u00ea uma olhada no Klonopin agora.<\/p>\n<p>Klonopin \u00e9 o \u00fanico benzodiazep\u00ednico que o FDA aprovou para tratar o transtorno do p\u00e2nico . Muitas pessoas usam Klonopin para tratar ansiedade, agita\u00e7\u00e3o, mania aguda (em combina\u00e7\u00e3o com outras drogas) e para parar rapidamente as convuls\u00f5es. Uso: \u00c9 usado como um medicamento anticonvulsivante de longo prazo, como uma p\u00edlula para dormir, para tratar a dor do nervo.<\/p>\n<p>Eles podem ficar calmos, talvez altos e um pouco cansados \u200b\u200b\u200b\u200bdepois de tomar Klonopin. Os efeitos colaterais variam de pessoa para pessoa e s\u00e3o baseados em quanto voc\u00ea toma. Na maioria dos casos, Klonopin \u00e9 administrado duas vezes ao dia, por cerca de 0,25 mg a 2 mg. Pessoas com epilepsia podem tomar at\u00e9 20 mg por dia.<\/p>\n<p>\u00c9 assim que Klonopin funciona: afeta o neurotransmissor GABA, que \u00e9 um ant\u00eddoto. Como o Klonopin faz tantas coisas ao mesmo tempo, ele desacelera o c\u00e9rebro, reduzindo a capacidade dos nervos de enviar impulsos. Como resultado de menos atividade, as pessoas ficam menos ansiosas e a chance de ter uma convuls\u00e3o tamb\u00e9m diminui.<\/p>\n<p>Na medicina, Klonopin \u00e9 usado para tratar convuls\u00f5es e ataques de p\u00e2nico. Tamb\u00e9m pode ser usado como um hipn\u00f3tico para tratar transtornos de ansiedade, transtorno do p\u00e2nico e dor. Tomar benzodiazepina ajudar\u00e1 a parar a convuls\u00e3o e a normalizar a atividade cerebral. Isso tamb\u00e9m pode ajudar com a dor, especialmente a dor neurop\u00e1tica, porque dificulta o envio de sinais de dor pelos neur\u00f4nios, o que os torna menos sens\u00edveis.<\/p>\n<p>Coisas para conversar com o m\u00e9dico antes de tomar Klonopin<\/p>\n<p>Voc\u00ea deve informar o seu m\u00e9dico se:<\/p>\n<p>Pelo menos uma destas condi\u00e7\u00f5es:<\/p>\n<p>\u2022 problemas com o f\u00edgado<\/p>\n<p>\u2022 abuso de \u00e1lcool ou drogas, atuais ou no passado;<\/p>\n<p>Pessoas que t\u00eam asma, bronquite, enfisema ou outras doen\u00e7as respirat\u00f3rias;<\/p>\n<p>\u2022 tristeza ou pensamentos suicidas.<\/p>\n<p>A muitas pessoas que t\u00eam as doen\u00e7as acima n\u00e3o podem tomar Klonopin, ou precisar\u00e3o tomar uma dose menor do medicamento e ser examinadas pelo m\u00e9dico.<\/p>\n<p>Se voc\u00ea tem mais de 60 anos, as chances de tendo efeitos colaterais do medicamento s\u00e3o muito altos. Por causa disso, sua dose de Klonopin deve ser alterada com base em sua sa\u00fade.<\/p>\n<p>Como usar:<\/p>\n<p>Klonopin deve ser tomado apenas da maneira que um m\u00e9dico lhe indicar. Contacte o seu m\u00e9dico ou farmac\u00eautico para obter conselhos sobre como us\u00e1-lo. Quando voc\u00ea toma a p\u00edlula, voc\u00ea deve beber a coisa toda. N\u00e3o tome mais do que o seu m\u00e9dico lhe disse. Antes de terminar de tomar o produto, converse com seu m\u00e9dico.<\/p>\n<p>D\u00ea uma olhada no que acontece quando voc\u00ea toma muito rem\u00e9dio.<\/p>\n<p>No caso de uma overdose, chame um m\u00e9dico certo longe.<\/p>\n<p>Sinais de overdose:<\/p>\n<p>sonol\u00eancia, tontura, confus\u00e3o, batimentos card\u00edacos lentos, sintomas semelhantes ao \u00e1lcool e perda de consci\u00eancia s\u00e3o todos sinais de alcoolismo.<\/p>\n<p>Se algu\u00e9m tomar muito do medicamento, a lavagem g\u00e1strica e o tratamento dos efeitos colaterais s\u00e3o feitos.<\/p>\n<p>Quando voc\u00ea dirige, usa m\u00e1quinas ou faz outro trabalho que pode ser perigoso, tenha cuidado.<\/p>\n<p> p&gt; <\/p>\n<p>No caso de sonol\u00eancia ou tontura, voc\u00ea n\u00e3o deve fazer esse tipo de coisa.<\/p>\n<p>O \u00e1lcool n\u00e3o deve ser misturado com Klonopin. O \u00e1lcool torna o Klonopin mais propenso a causar efeitos colaterais graves. Como resultado, h\u00e1 uma chance maior de ter convuls\u00f5es tamb\u00e9m.<\/p>\n<p>Klonopin tem o que?<\/p>\n<p>alergia: falta de ar, incha\u00e7o dos l\u00e1bios, rosto, l\u00edngua ou erup\u00e7\u00e3o cut\u00e2nea <\/p>\n<p>Tamb\u00e9m h\u00e1 uma chance de que outros efeitos colaterais menos graves apare\u00e7am.<\/p>\n<p>Continue tomando o medicamento e informe o seu m\u00e9dico se tiver:<\/p>\n<p>sonol\u00eancia ; tonturas ou movimentos desajeitados; depress\u00e3o; tontura, n\u00e1usea, diarr\u00e9ia ou constipa\u00e7\u00e3o; dificuldade em urinar, pesadelos, dores de cabe\u00e7a, boca seca, diminui\u00e7\u00e3o do desejo sexual e mudan\u00e7as de comportamento s\u00e3o todos sinais de depress\u00e3o.<\/p>\n<p>Dosagem e como \u00e9 feito<\/p>\n<p>A terapia com Klonopin come\u00e7a com pequenas doses e aumenta-as gradualmente para obter os melhores resultados. Como cada pessoa tem uma condi\u00e7\u00e3o e uma rea\u00e7\u00e3o corporal diferentes ao tomar um medicamento, a dosagem \u00e9 adaptada \u00e0s suas necessidades. A dose mais comum de Klonopin \u00e9 de 0,5 mg tr\u00eas vezes ao dia. Se o efeito terap\u00eautico n\u00e3o for alcan\u00e7ado, a dose pode ser aumentada a cada tr\u00eas dias da terapia at\u00e9 que seja.<\/p>\n<p>Quando o medicamento \u00e9 tomado em altas doses, especialmente por um longo per\u00edodo de tempo, pode causar problemas de articula\u00e7\u00e3o, diplopia, nistagmo, rea\u00e7\u00f5es paradoxais (como despertar s\u00fabito) e amn\u00e9sia anter\u00f3grada. Algumas vezes uma pessoa tem uma rea\u00e7\u00e3o de hipersensibilidade, fraqueza muscular ou depress\u00e3o. Pessoas com alguns tipos de epilepsia podem ter mais convuls\u00f5es se receberem tratamento por um longo per\u00edodo.<\/p>\n","protected":false},"excerpt":{"rendered":"<p>Compre comprimidos de 2 mg de Klonopin \u00e0 venda no Reino Unido, na Europa e no resto do mundo. Klonopin (Clonazepam) pode ajudar pessoas com convuls\u00f5es, transtorno do p\u00e2nico e ansiedade. Os benzodiazep\u00ednicos s\u00e3o medicamentos que fazem voc\u00ea se sentir calmo.<\/p>\n<p>O clonazepam klonopin 2mg pode ser comprado online pelo melhor pre\u00e7o e no melhor lugar. Best Global Meds \u00e9 uma conhecida farm\u00e1cia online que vende apenas medicamentos legais. Ao fazer o pedido online, voc\u00ea economiza tempo e dinheiro.<\/p>\n<p>Reino Unido, Europa: Quero Klonopin \u00e0 venda. Existem lugares na Europa onde voc\u00ea pode comprar clonazepam online e comprar comprimidos de 2mg de klonopin.<\/p>\n","protected":false},"featured_media":5228,"comment_status":"open","ping_status":"closed","template":"","meta":[],"product_brand":[],"product_cat":[1117],"product_tag":[1370,1371,1373,1375,1389,1414,1384,1385,1387,1386,1413,1404,1379,1380,1381,1388,1390,1391,1400,1372,1394,1395,1393,1410,1398,1376,1399,1396,1397,1403,1405,1406,1407,1408,1409,1412,1401,1377,1416,1415,1402,1417,1383,1382,1378,1411,1392,1374,1418],"class_list":{"0":"post-5209","1":"product","2":"type-product","3":"status-publish","4":"has-post-thumbnail","6":"product_cat-compre-pilulas-para-dor-sono-e-sexo","7":"product_tag-1mg-klonopina","8":"product_tag-ativan-vs-klonopin","9":"product_tag-blue-klonopin-2mg","10":"product_tag-clonazepam-klonopin-orange-pill-1-2","11":"product_tag-klonopin-10-mg","12":"product_tag-como-se-parece-com-o-klonopin","13":"product_tag--1mg-de-klonopin-uma-dose-baixa","14":"product_tag--klonopin-a-benzo","15":"product_tag--klonopin-a-narctico","16":"product_tag--klonopin-a-substncia-controlada","17":"product_tag-efeitos-colaterais-de-klonopin","18":"product_tag-efeitos-colaterais-do-klonopin","19":"product_tag-how-long-does-klonopin-last","20":"product_tag-how-long-does-klonopin-stay-in-your-system","21":"product_tag-how-long-does-klonopin-stay-in-your-urine","22":"product_tag-klonopin","23":"product_tag-klonopin-1mg","24":"product_tag-klonopin-2mg","25":"product_tag-klonopin-high","26":"product_tag-blue-klonopin","27":"product_tag-klonopin-dosage","28":"product_tag-klonopin-doses","29":"product_tag-klonopin-and-lcool","30":"product_tag-klonopin-perda-de-peso","31":"product_tag-klonopin-genrico","32":"product_tag-generic-klonopin","33":"product_tag-klonopin-half-life","34":"product_tag-klonopin-para-ansiedade","35":"product_tag-klonopin-para-dormir","36":"product_tag-klonopin-pill","37":"product_tag-klonopin-usa","38":"product_tag-klonopin-vs-ativan","39":"product_tag-klonopin-vs-valium","40":"product_tag-klonopin-vs-xanax","41":"product_tag-klonopin-vs-xanax-reddit","42":"product_tag-klonopin-withdrawal-symptoms","43":"product_tag-klonopin-medicao","44":"product_tag-meia-vida-de-klonopin","45":"product_tag-o-que--klonopin","46":"product_tag-o-que--uma-alta-dose-de-klonopin","47":"product_tag-klonopin-overdose","48":"product_tag-para-que-serve-o-klonopin","49":"product_tag-quantas-horas-entre-as-doses-de-klonopin","50":"product_tag-quanto-tempo-o-klonopin-leva-para-o-trabalho","51":"product_tag-quanto-tempo-demora-para-klonopin-to-kick-in","52":"product_tag-klonopin-retirada","53":"product_tag-klonopin-vcio","54":"product_tag-pode-se-tomar-klonopin-para-vida","55":"product_tag-xanax-vs-klonopin","57":"first","58":"instock","59":"shipping-taxable","60":"purchasable","61":"product-type-variable","62":"has-default-attributes"},"yoast_head":"<!-- This site is optimized with the Yoast SEO plugin v27.3 - https:\/\/yoast.com\/product\/yoast-seo-wordpress\/ -->\n<title>Compre Klonopin 2 mg - Venda Online Klonopin - Melhores Melhores Medicamentos Globais<\/title>\n<meta name=\"description\" content=\"Compre Klonopin 2 mg para venda Reino Unido, Europa p\u00edlulas online. Klonopin (Clonazepam) trata convuls\u00f5es, transtorno do p\u00e2nico e ansiedade. Este medicamento \u00e9 um benzodiazep\u00ednico.\" \/>\n<meta name=\"robots\" content=\"index, follow, max-snippet:-1, max-image-preview:large, max-video-preview:-1\" \/>\n<link rel=\"canonical\" href=\"https:\/\/medicinasinc.com\/pt\/product\/comprar-klonopin-2-mg\/\" \/>\n<meta property=\"og:locale\" content=\"pt_PT\" \/>\n<meta property=\"og:type\" content=\"article\" \/>\n<meta property=\"og:title\" content=\"Compre Klonopin 2 mg - Venda Online Klonopin - Melhores Melhores Medicamentos Globais\" \/>\n<meta property=\"og:description\" content=\"Compre Klonopin 2 mg para venda Reino Unido, Europa p\u00edlulas online. Klonopin (Clonazepam) trata convuls\u00f5es, transtorno do p\u00e2nico e ansiedade. Este medicamento \u00e9 um benzodiazep\u00ednico.\" \/>\n<meta property=\"og:url\" content=\"https:\/\/medicinasinc.com\/pt\/product\/comprar-klonopin-2-mg\/\" \/>\n<meta property=\"og:site_name\" content=\"Medicinas Inc\" \/>\n<meta property=\"article:modified_time\" content=\"2022-07-05T23:22:33+00:00\" \/>\n<meta property=\"og:image\" content=\"https:\/\/medicinasinc.com\/pt\/wp-content\/uploads\/sites\/20\/2022\/02\/Buy-Klonopin-2-mg.jpeg\" \/>\n\t<meta property=\"og:image:width\" content=\"236\" \/>\n\t<meta property=\"og:image:height\" content=\"296\" \/>\n\t<meta property=\"og:image:type\" content=\"image\/jpeg\" \/>\n<meta name=\"twitter:card\" content=\"summary_large_image\" \/>\n<meta name=\"twitter:label1\" content=\"Tempo estimado de leitura\" \/>\n\t<meta name=\"twitter:data1\" content=\"4 minutos\" \/>\n<script type=\"application\/ld+json\" class=\"yoast-schema-graph\">{\"@context\":\"https:\\\/\\\/schema.org\",\"@graph\":[{\"@type\":\"WebPage\",\"@id\":\"https:\\\/\\\/medicinasinc.com\\\/pt\\\/product\\\/comprar-klonopin-2-mg\\\/\",\"url\":\"https:\\\/\\\/medicinasinc.com\\\/pt\\\/product\\\/comprar-klonopin-2-mg\\\/\",\"name\":\"Compre Klonopin 2 mg - Venda Online Klonopin - Melhores Melhores Medicamentos Globais\",\"isPartOf\":{\"@id\":\"https:\\\/\\\/medicinasinc.com\\\/pt\\\/#website\"},\"primaryImageOfPage\":{\"@id\":\"https:\\\/\\\/medicinasinc.com\\\/pt\\\/product\\\/comprar-klonopin-2-mg\\\/#primaryimage\"},\"image\":{\"@id\":\"https:\\\/\\\/medicinasinc.com\\\/pt\\\/product\\\/comprar-klonopin-2-mg\\\/#primaryimage\"},\"thumbnailUrl\":\"https:\\\/\\\/medicinasinc.com\\\/pt\\\/wp-content\\\/uploads\\\/sites\\\/20\\\/2022\\\/02\\\/Buy-Klonopin-2-mg.jpeg\",\"datePublished\":\"2022-02-20T21:59:55+00:00\",\"dateModified\":\"2022-07-05T23:22:33+00:00\",\"description\":\"Compre Klonopin 2 mg para venda Reino Unido, Europa p\u00edlulas online. Klonopin (Clonazepam) trata convuls\u00f5es, transtorno do p\u00e2nico e ansiedade. Este medicamento \u00e9 um benzodiazep\u00ednico.\",\"breadcrumb\":{\"@id\":\"https:\\\/\\\/medicinasinc.com\\\/pt\\\/product\\\/comprar-klonopin-2-mg\\\/#breadcrumb\"},\"inLanguage\":\"pt-PT\",\"potentialAction\":[{\"@type\":\"ReadAction\",\"target\":[\"https:\\\/\\\/medicinasinc.com\\\/pt\\\/product\\\/comprar-klonopin-2-mg\\\/\"]}]},{\"@type\":\"ImageObject\",\"inLanguage\":\"pt-PT\",\"@id\":\"https:\\\/\\\/medicinasinc.com\\\/pt\\\/product\\\/comprar-klonopin-2-mg\\\/#primaryimage\",\"url\":\"https:\\\/\\\/medicinasinc.com\\\/pt\\\/wp-content\\\/uploads\\\/sites\\\/20\\\/2022\\\/02\\\/Buy-Klonopin-2-mg.jpeg\",\"contentUrl\":\"https:\\\/\\\/medicinasinc.com\\\/pt\\\/wp-content\\\/uploads\\\/sites\\\/20\\\/2022\\\/02\\\/Buy-Klonopin-2-mg.jpeg\",\"width\":236,\"height\":296},{\"@type\":\"BreadcrumbList\",\"@id\":\"https:\\\/\\\/medicinasinc.com\\\/pt\\\/product\\\/comprar-klonopin-2-mg\\\/#breadcrumb\",\"itemListElement\":[{\"@type\":\"ListItem\",\"position\":1,\"name\":\"Comprar\",\"item\":\"https:\\\/\\\/medicinasinc.com\\\/pt\\\/comprar\\\/\"},{\"@type\":\"ListItem\",\"position\":2,\"name\":\"Compre Klonopin 2 mg\"}]},{\"@type\":\"WebSite\",\"@id\":\"https:\\\/\\\/medicinasinc.com\\\/pt\\\/#website\",\"url\":\"https:\\\/\\\/medicinasinc.com\\\/pt\\\/\",\"name\":\"Medicinas Inc\",\"description\":\"Health Medical Clinic\",\"potentialAction\":[{\"@type\":\"SearchAction\",\"target\":{\"@type\":\"EntryPoint\",\"urlTemplate\":\"https:\\\/\\\/medicinasinc.com\\\/pt\\\/?s={search_term_string}\"},\"query-input\":{\"@type\":\"PropertyValueSpecification\",\"valueRequired\":true,\"valueName\":\"search_term_string\"}}],\"inLanguage\":\"pt-PT\"}]}<\/script>\n<!-- \/ Yoast SEO plugin. -->","yoast_head_json":{"title":"Compre Klonopin 2 mg - Venda Online Klonopin - Melhores Melhores Medicamentos Globais","description":"Compre Klonopin 2 mg para venda Reino Unido, Europa p\u00edlulas online. Klonopin (Clonazepam) trata convuls\u00f5es, transtorno do p\u00e2nico e ansiedade. Este medicamento \u00e9 um benzodiazep\u00ednico.","robots":{"index":"index","follow":"follow","max-snippet":"max-snippet:-1","max-image-preview":"max-image-preview:large","max-video-preview":"max-video-preview:-1"},"canonical":"https:\/\/medicinasinc.com\/pt\/product\/comprar-klonopin-2-mg\/","og_locale":"pt_PT","og_type":"article","og_title":"Compre Klonopin 2 mg - Venda Online Klonopin - Melhores Melhores Medicamentos Globais","og_description":"Compre Klonopin 2 mg para venda Reino Unido, Europa p\u00edlulas online. Klonopin (Clonazepam) trata convuls\u00f5es, transtorno do p\u00e2nico e ansiedade. Este medicamento \u00e9 um benzodiazep\u00ednico.","og_url":"https:\/\/medicinasinc.com\/pt\/product\/comprar-klonopin-2-mg\/","og_site_name":"Medicinas Inc","article_modified_time":"2022-07-05T23:22:33+00:00","og_image":[{"width":236,"height":296,"url":"https:\/\/medicinasinc.com\/pt\/wp-content\/uploads\/sites\/20\/2022\/02\/Buy-Klonopin-2-mg.jpeg","type":"image\/jpeg"}],"twitter_card":"summary_large_image","twitter_misc":{"Tempo estimado de leitura":"4 minutos"},"schema":{"@context":"https:\/\/schema.org","@graph":[{"@type":"WebPage","@id":"https:\/\/medicinasinc.com\/pt\/product\/comprar-klonopin-2-mg\/","url":"https:\/\/medicinasinc.com\/pt\/product\/comprar-klonopin-2-mg\/","name":"Compre Klonopin 2 mg - Venda Online Klonopin - Melhores Melhores Medicamentos Globais","isPartOf":{"@id":"https:\/\/medicinasinc.com\/pt\/#website"},"primaryImageOfPage":{"@id":"https:\/\/medicinasinc.com\/pt\/product\/comprar-klonopin-2-mg\/#primaryimage"},"image":{"@id":"https:\/\/medicinasinc.com\/pt\/product\/comprar-klonopin-2-mg\/#primaryimage"},"thumbnailUrl":"https:\/\/medicinasinc.com\/pt\/wp-content\/uploads\/sites\/20\/2022\/02\/Buy-Klonopin-2-mg.jpeg","datePublished":"2022-02-20T21:59:55+00:00","dateModified":"2022-07-05T23:22:33+00:00","description":"Compre Klonopin 2 mg para venda Reino Unido, Europa p\u00edlulas online. Klonopin (Clonazepam) trata convuls\u00f5es, transtorno do p\u00e2nico e ansiedade. Este medicamento \u00e9 um benzodiazep\u00ednico.","breadcrumb":{"@id":"https:\/\/medicinasinc.com\/pt\/product\/comprar-klonopin-2-mg\/#breadcrumb"},"inLanguage":"pt-PT","potentialAction":[{"@type":"ReadAction","target":["https:\/\/medicinasinc.com\/pt\/product\/comprar-klonopin-2-mg\/"]}]},{"@type":"ImageObject","inLanguage":"pt-PT","@id":"https:\/\/medicinasinc.com\/pt\/product\/comprar-klonopin-2-mg\/#primaryimage","url":"https:\/\/medicinasinc.com\/pt\/wp-content\/uploads\/sites\/20\/2022\/02\/Buy-Klonopin-2-mg.jpeg","contentUrl":"https:\/\/medicinasinc.com\/pt\/wp-content\/uploads\/sites\/20\/2022\/02\/Buy-Klonopin-2-mg.jpeg","width":236,"height":296},{"@type":"BreadcrumbList","@id":"https:\/\/medicinasinc.com\/pt\/product\/comprar-klonopin-2-mg\/#breadcrumb","itemListElement":[{"@type":"ListItem","position":1,"name":"Comprar","item":"https:\/\/medicinasinc.com\/pt\/comprar\/"},{"@type":"ListItem","position":2,"name":"Compre Klonopin 2 mg"}]},{"@type":"WebSite","@id":"https:\/\/medicinasinc.com\/pt\/#website","url":"https:\/\/medicinasinc.com\/pt\/","name":"Medicinas Inc","description":"Health Medical Clinic","potentialAction":[{"@type":"SearchAction","target":{"@type":"EntryPoint","urlTemplate":"https:\/\/medicinasinc.com\/pt\/?s={search_term_string}"},"query-input":{"@type":"PropertyValueSpecification","valueRequired":true,"valueName":"search_term_string"}}],"inLanguage":"pt-PT"}]}},"_links":{"self":[{"href":"https:\/\/medicinasinc.com\/pt\/wp-json\/wp\/v2\/product\/5209","targetHints":{"allow":["GET"]}}],"collection":[{"href":"https:\/\/medicinasinc.com\/pt\/wp-json\/wp\/v2\/product"}],"about":[{"href":"https:\/\/medicinasinc.com\/pt\/wp-json\/wp\/v2\/types\/product"}],"replies":[{"embeddable":true,"href":"https:\/\/medicinasinc.com\/pt\/wp-json\/wp\/v2\/comments?post=5209"}],"wp:featuredmedia":[{"embeddable":true,"href":"https:\/\/medicinasinc.com\/pt\/wp-json\/wp\/v2\/media\/5228"}],"wp:attachment":[{"href":"https:\/\/medicinasinc.com\/pt\/wp-json\/wp\/v2\/media?parent=5209"}],"wp:term":[{"taxonomy":"product_brand","embeddable":true,"href":"https:\/\/medicinasinc.com\/pt\/wp-json\/wp\/v2\/product_brand?post=5209"},{"taxonomy":"product_cat","embeddable":true,"href":"https:\/\/medicinasinc.com\/pt\/wp-json\/wp\/v2\/product_cat?post=5209"},{"taxonomy":"product_tag","embeddable":true,"href":"https:\/\/medicinasinc.com\/pt\/wp-json\/wp\/v2\/product_tag?post=5209"}],"curies":[{"name":"wp","href":"https:\/\/api.w.org\/{rel}","templated":true}]}}